{"id":16170,"date":"2026-03-31T15:29:41","date_gmt":"2026-03-31T14:29:41","guid":{"rendered":"https:\/\/lda.be\/?post_type=product&#038;p=16170"},"modified":"2026-03-31T15:51:03","modified_gmt":"2026-03-31T14:51:03","slug":"serie-apvs08-vanne-a-deux-voies-avec-fluides-separes","status":"publish","type":"product","link":"https:\/\/lda.be\/fr\/produit\/serie-apvs08-vanne-a-deux-voies-avec-fluides-separes\/","title":{"rendered":"S\u00e9rie APVS08 : vanne \u00e0 deux voies avec fluides s\u00e9par\u00e9s"},"content":{"rendered":"<p>La s\u00e9rie APVS08 de Spartan Scientific est une vanne \u00e0 2 voies \u00e0 commande pneumatique avec s\u00e9paration des fluides. Il s&#8217;agit d&#8217;une vanne \u00e0 membrane destin\u00e9e au contr\u00f4le des produits chimiques liquides.<\/p>\n<p>La vanne est disponible en version \u00e0 simple effet, \u00e0 fermeture de s\u00e9curit\u00e9, normalement ferm\u00e9e, normalement ouverte ou \u00e0 double effet. Sa conception permet de gagner de la place et contribue \u00e0 r\u00e9duire l&#8217;accumulation de r\u00e9sidus. Le corps est en CPVC. La membrane est disponible en FKM, NBR, EPDM ou PTFE. Cela permet une utilisation avec diff\u00e9rents produits chimiques. L&#8217;ouverture est de 16 mm et pr\u00e9sente un coefficient de d\u00e9bit Cv de 4,70.<\/p>\n<p>La vanne fonctionne sous vide jusqu&#8217;\u00e0 une pression de service de 8,3 bars et a \u00e9t\u00e9 test\u00e9e selon la norme ANSI FCI 70-2 Classe VI. La commande peut s&#8217;effectuer \u00e0 l&#8217;aide d&#8217;une vanne pilote magn\u00e9tique \u00e0 3 voies Spartan Scientific, avec option de commande manuelle et connecteur \u00e9clair\u00e9.<\/p>\n<p>Le mod\u00e8le normalement ferm\u00e9 est \u00e9quip\u00e9 d&#8217;un indicateur de position. Un piston magn\u00e9tique permet la d\u00e9tection de fin de course.<\/p>\n","protected":false},"excerpt":{"rendered":"<p>La s\u00e9rie APVS08 de Spartan Scientific est une vanne \u00e0 2 voies \u00e0 commande pneumatique avec s\u00e9paration des fluides. Il s&#8217;agit d&#8217;une vanne \u00e0 membrane destin\u00e9e au contr\u00f4le des produits chimiques liquides. La vanne est disponible en version \u00e0 simple effet, \u00e0 fermeture de s\u00e9curit\u00e9, normalement ferm\u00e9e, normalement ouverte ou \u00e0 double effet. Sa conception [&hellip;]<\/p>\n","protected":false},"featured_media":16168,"comment_status":"closed","ping_status":"closed","template":"","meta":[],"product_brand":[1911],"product_cat":[1561],"product_tag":[],"class_list":{"0":"post-16170","1":"product","2":"type-product","3":"status-publish","4":"has-post-thumbnail","6":"product_brand-spartan","7":"product_cat-vannes-a-liquide","9":"first","10":"instock","11":"shipping-taxable","12":"product-type-simple"},"yoast_head":"<!-- This site is optimized with the Yoast SEO plugin v27.3 - https:\/\/yoast.com\/product\/yoast-seo-wordpress\/ -->\n<title>S\u00e9rie APVS08 : vanne \u00e0 deux voies avec fluides s\u00e9par\u00e9s - LDA Belgique<\/title>\n<meta name=\"description\" content=\"Spartan APVS08 : vanne \u00e0 pilotage pneumatique 2 voies pour liquides agressifs. Orifice 16 mm, 0\u20138,3 bar, 4,70 Cv, IP65.\" \/>\n<meta name=\"robots\" content=\"index, follow, max-snippet:-1, max-image-preview:large, max-video-preview:-1\" \/>\n<link rel=\"canonical\" href=\"https:\/\/lda.be\/fr\/produit\/serie-apvs08-vanne-a-deux-voies-avec-fluides-separes\/\" \/>\n<meta property=\"og:locale\" content=\"fr_FR\" \/>\n<meta property=\"og:type\" content=\"article\" \/>\n<meta property=\"og:title\" content=\"S\u00e9rie APVS08 : vanne \u00e0 deux voies avec fluides s\u00e9par\u00e9s - LDA Belgique\" \/>\n<meta property=\"og:description\" content=\"Spartan APVS08 : vanne \u00e0 pilotage pneumatique 2 voies pour liquides agressifs. Orifice 16 mm, 0\u20138,3 bar, 4,70 Cv, IP65.\" \/>\n<meta property=\"og:url\" content=\"https:\/\/lda.be\/fr\/produit\/serie-apvs08-vanne-a-deux-voies-avec-fluides-separes\/\" \/>\n<meta property=\"og:site_name\" content=\"LDA Belgique\" \/>\n<meta property=\"article:modified_time\" content=\"2026-03-31T14:51:03+00:00\" \/>\n<meta property=\"og:image\" content=\"https:\/\/lda.be\/wp-content\/uploads\/2026\/03\/Series-APVS08.webp\" \/>\n\t<meta property=\"og:image:width\" content=\"1080\" \/>\n\t<meta property=\"og:image:height\" content=\"1080\" \/>\n\t<meta property=\"og:image:type\" content=\"image\/webp\" \/>\n<meta name=\"twitter:card\" content=\"summary_large_image\" \/>\n<meta name=\"twitter:label1\" content=\"Dur\u00e9e de lecture estim\u00e9e\" \/>\n\t<meta name=\"twitter:data1\" content=\"1 minute\" \/>\n<script type=\"application\/ld+json\" class=\"yoast-schema-graph\">{\"@context\":\"https:\\\/\\\/schema.org\",\"@graph\":[{\"@type\":\"WebPage\",\"@id\":\"https:\\\/\\\/lda.be\\\/fr\\\/produit\\\/serie-apvs08-vanne-a-deux-voies-avec-fluides-separes\\\/\",\"url\":\"https:\\\/\\\/lda.be\\\/fr\\\/produit\\\/serie-apvs08-vanne-a-deux-voies-avec-fluides-separes\\\/\",\"name\":\"S\u00e9rie APVS08 : vanne \u00e0 deux voies avec fluides s\u00e9par\u00e9s - LDA Belgique\",\"isPartOf\":{\"@id\":\"https:\\\/\\\/lda.be\\\/fr\\\/#website\"},\"primaryImageOfPage\":{\"@id\":\"https:\\\/\\\/lda.be\\\/fr\\\/produit\\\/serie-apvs08-vanne-a-deux-voies-avec-fluides-separes\\\/#primaryimage\"},\"image\":{\"@id\":\"https:\\\/\\\/lda.be\\\/fr\\\/produit\\\/serie-apvs08-vanne-a-deux-voies-avec-fluides-separes\\\/#primaryimage\"},\"thumbnailUrl\":\"https:\\\/\\\/lda.be\\\/wp-content\\\/uploads\\\/2026\\\/03\\\/Series-APVS08.webp\",\"datePublished\":\"2026-03-31T14:29:41+00:00\",\"dateModified\":\"2026-03-31T14:51:03+00:00\",\"description\":\"Spartan APVS08 : vanne \u00e0 pilotage pneumatique 2 voies pour liquides agressifs. Orifice 16 mm, 0\u20138,3 bar, 4,70 Cv, IP65.\",\"breadcrumb\":{\"@id\":\"https:\\\/\\\/lda.be\\\/fr\\\/produit\\\/serie-apvs08-vanne-a-deux-voies-avec-fluides-separes\\\/#breadcrumb\"},\"inLanguage\":\"fr-FR\",\"potentialAction\":[{\"@type\":\"ReadAction\",\"target\":[\"https:\\\/\\\/lda.be\\\/fr\\\/produit\\\/serie-apvs08-vanne-a-deux-voies-avec-fluides-separes\\\/\"]}]},{\"@type\":\"ImageObject\",\"inLanguage\":\"fr-FR\",\"@id\":\"https:\\\/\\\/lda.be\\\/fr\\\/produit\\\/serie-apvs08-vanne-a-deux-voies-avec-fluides-separes\\\/#primaryimage\",\"url\":\"https:\\\/\\\/lda.be\\\/wp-content\\\/uploads\\\/2026\\\/03\\\/Series-APVS08.webp\",\"contentUrl\":\"https:\\\/\\\/lda.be\\\/wp-content\\\/uploads\\\/2026\\\/03\\\/Series-APVS08.webp\",\"width\":1080,\"height\":1080,\"caption\":\"Series APVS08\"},{\"@type\":\"BreadcrumbList\",\"@id\":\"https:\\\/\\\/lda.be\\\/fr\\\/produit\\\/serie-apvs08-vanne-a-deux-voies-avec-fluides-separes\\\/#breadcrumb\",\"itemListElement\":[{\"@type\":\"ListItem\",\"position\":1,\"name\":\"Accueil\",\"item\":\"https:\\\/\\\/lda.be\\\/fr\\\/\"},{\"@type\":\"ListItem\",\"position\":2,\"name\":\"Produits\",\"item\":\"https:\\\/\\\/lda.be\\\/fr\\\/produits\\\/\"},{\"@type\":\"ListItem\",\"position\":3,\"name\":\"S\u00e9rie APVS08 : vanne \u00e0 deux voies avec fluides s\u00e9par\u00e9s\"}]},{\"@type\":\"WebSite\",\"@id\":\"https:\\\/\\\/lda.be\\\/fr\\\/#website\",\"url\":\"https:\\\/\\\/lda.be\\\/fr\\\/\",\"name\":\"LDA Belgium\",\"description\":\"Solutions For Life\",\"publisher\":{\"@id\":\"https:\\\/\\\/lda.be\\\/fr\\\/#organization\"},\"potentialAction\":[{\"@type\":\"SearchAction\",\"target\":{\"@type\":\"EntryPoint\",\"urlTemplate\":\"https:\\\/\\\/lda.be\\\/fr\\\/?s={search_term_string}\"},\"query-input\":{\"@type\":\"PropertyValueSpecification\",\"valueRequired\":true,\"valueName\":\"search_term_string\"}}],\"inLanguage\":\"fr-FR\"},{\"@type\":\"Organization\",\"@id\":\"https:\\\/\\\/lda.be\\\/fr\\\/#organization\",\"name\":\"LDA Belgium\",\"url\":\"https:\\\/\\\/lda.be\\\/fr\\\/\",\"logo\":{\"@type\":\"ImageObject\",\"inLanguage\":\"fr-FR\",\"@id\":\"https:\\\/\\\/lda.be\\\/fr\\\/#\\\/schema\\\/logo\\\/image\\\/\",\"url\":\"https:\\\/\\\/lda.be\\\/wp-content\\\/uploads\\\/2022\\\/07\\\/Logo-LDA.webp\",\"contentUrl\":\"https:\\\/\\\/lda.be\\\/wp-content\\\/uploads\\\/2022\\\/07\\\/Logo-LDA.webp\",\"width\":311,\"height\":101,\"caption\":\"LDA Belgium\"},\"image\":{\"@id\":\"https:\\\/\\\/lda.be\\\/fr\\\/#\\\/schema\\\/logo\\\/image\\\/\"},\"sameAs\":[\"https:\\\/\\\/www.linkedin.com\\\/company\\\/lda-belgium-nv\"]}]}<\/script>\n<!-- \/ Yoast SEO plugin. -->","yoast_head_json":{"title":"S\u00e9rie APVS08 : vanne \u00e0 deux voies avec fluides s\u00e9par\u00e9s - LDA Belgique","description":"Spartan APVS08 : vanne \u00e0 pilotage pneumatique 2 voies pour liquides agressifs. Orifice 16 mm, 0\u20138,3 bar, 4,70 Cv, IP65.","robots":{"index":"index","follow":"follow","max-snippet":"max-snippet:-1","max-image-preview":"max-image-preview:large","max-video-preview":"max-video-preview:-1"},"canonical":"https:\/\/lda.be\/fr\/produit\/serie-apvs08-vanne-a-deux-voies-avec-fluides-separes\/","og_locale":"fr_FR","og_type":"article","og_title":"S\u00e9rie APVS08 : vanne \u00e0 deux voies avec fluides s\u00e9par\u00e9s - LDA Belgique","og_description":"Spartan APVS08 : vanne \u00e0 pilotage pneumatique 2 voies pour liquides agressifs. Orifice 16 mm, 0\u20138,3 bar, 4,70 Cv, IP65.","og_url":"https:\/\/lda.be\/fr\/produit\/serie-apvs08-vanne-a-deux-voies-avec-fluides-separes\/","og_site_name":"LDA Belgique","article_modified_time":"2026-03-31T14:51:03+00:00","og_image":[{"width":1080,"height":1080,"url":"https:\/\/lda.be\/wp-content\/uploads\/2026\/03\/Series-APVS08.webp","type":"image\/webp"}],"twitter_card":"summary_large_image","twitter_misc":{"Dur\u00e9e de lecture estim\u00e9e":"1 minute"},"schema":{"@context":"https:\/\/schema.org","@graph":[{"@type":"WebPage","@id":"https:\/\/lda.be\/fr\/produit\/serie-apvs08-vanne-a-deux-voies-avec-fluides-separes\/","url":"https:\/\/lda.be\/fr\/produit\/serie-apvs08-vanne-a-deux-voies-avec-fluides-separes\/","name":"S\u00e9rie APVS08 : vanne \u00e0 deux voies avec fluides s\u00e9par\u00e9s - LDA Belgique","isPartOf":{"@id":"https:\/\/lda.be\/fr\/#website"},"primaryImageOfPage":{"@id":"https:\/\/lda.be\/fr\/produit\/serie-apvs08-vanne-a-deux-voies-avec-fluides-separes\/#primaryimage"},"image":{"@id":"https:\/\/lda.be\/fr\/produit\/serie-apvs08-vanne-a-deux-voies-avec-fluides-separes\/#primaryimage"},"thumbnailUrl":"https:\/\/lda.be\/wp-content\/uploads\/2026\/03\/Series-APVS08.webp","datePublished":"2026-03-31T14:29:41+00:00","dateModified":"2026-03-31T14:51:03+00:00","description":"Spartan APVS08 : vanne \u00e0 pilotage pneumatique 2 voies pour liquides agressifs. Orifice 16 mm, 0\u20138,3 bar, 4,70 Cv, IP65.","breadcrumb":{"@id":"https:\/\/lda.be\/fr\/produit\/serie-apvs08-vanne-a-deux-voies-avec-fluides-separes\/#breadcrumb"},"inLanguage":"fr-FR","potentialAction":[{"@type":"ReadAction","target":["https:\/\/lda.be\/fr\/produit\/serie-apvs08-vanne-a-deux-voies-avec-fluides-separes\/"]}]},{"@type":"ImageObject","inLanguage":"fr-FR","@id":"https:\/\/lda.be\/fr\/produit\/serie-apvs08-vanne-a-deux-voies-avec-fluides-separes\/#primaryimage","url":"https:\/\/lda.be\/wp-content\/uploads\/2026\/03\/Series-APVS08.webp","contentUrl":"https:\/\/lda.be\/wp-content\/uploads\/2026\/03\/Series-APVS08.webp","width":1080,"height":1080,"caption":"Series APVS08"},{"@type":"BreadcrumbList","@id":"https:\/\/lda.be\/fr\/produit\/serie-apvs08-vanne-a-deux-voies-avec-fluides-separes\/#breadcrumb","itemListElement":[{"@type":"ListItem","position":1,"name":"Accueil","item":"https:\/\/lda.be\/fr\/"},{"@type":"ListItem","position":2,"name":"Produits","item":"https:\/\/lda.be\/fr\/produits\/"},{"@type":"ListItem","position":3,"name":"S\u00e9rie APVS08 : vanne \u00e0 deux voies avec fluides s\u00e9par\u00e9s"}]},{"@type":"WebSite","@id":"https:\/\/lda.be\/fr\/#website","url":"https:\/\/lda.be\/fr\/","name":"LDA Belgium","description":"Solutions For Life","publisher":{"@id":"https:\/\/lda.be\/fr\/#organization"},"potentialAction":[{"@type":"SearchAction","target":{"@type":"EntryPoint","urlTemplate":"https:\/\/lda.be\/fr\/?s={search_term_string}"},"query-input":{"@type":"PropertyValueSpecification","valueRequired":true,"valueName":"search_term_string"}}],"inLanguage":"fr-FR"},{"@type":"Organization","@id":"https:\/\/lda.be\/fr\/#organization","name":"LDA Belgium","url":"https:\/\/lda.be\/fr\/","logo":{"@type":"ImageObject","inLanguage":"fr-FR","@id":"https:\/\/lda.be\/fr\/#\/schema\/logo\/image\/","url":"https:\/\/lda.be\/wp-content\/uploads\/2022\/07\/Logo-LDA.webp","contentUrl":"https:\/\/lda.be\/wp-content\/uploads\/2022\/07\/Logo-LDA.webp","width":311,"height":101,"caption":"LDA Belgium"},"image":{"@id":"https:\/\/lda.be\/fr\/#\/schema\/logo\/image\/"},"sameAs":["https:\/\/www.linkedin.com\/company\/lda-belgium-nv"]}]}},"_links":{"self":[{"href":"https:\/\/lda.be\/fr\/wp-json\/wp\/v2\/product\/16170","targetHints":{"allow":["GET"]}}],"collection":[{"href":"https:\/\/lda.be\/fr\/wp-json\/wp\/v2\/product"}],"about":[{"href":"https:\/\/lda.be\/fr\/wp-json\/wp\/v2\/types\/product"}],"replies":[{"embeddable":true,"href":"https:\/\/lda.be\/fr\/wp-json\/wp\/v2\/comments?post=16170"}],"wp:featuredmedia":[{"embeddable":true,"href":"https:\/\/lda.be\/fr\/wp-json\/wp\/v2\/media\/16168"}],"wp:attachment":[{"href":"https:\/\/lda.be\/fr\/wp-json\/wp\/v2\/media?parent=16170"}],"wp:term":[{"taxonomy":"product_brand","embeddable":true,"href":"https:\/\/lda.be\/fr\/wp-json\/wp\/v2\/product_brand?post=16170"},{"taxonomy":"product_cat","embeddable":true,"href":"https:\/\/lda.be\/fr\/wp-json\/wp\/v2\/product_cat?post=16170"},{"taxonomy":"product_tag","embeddable":true,"href":"https:\/\/lda.be\/fr\/wp-json\/wp\/v2\/product_tag?post=16170"}],"curies":[{"name":"wp","href":"https:\/\/api.w.org\/{rel}","templated":true}]}}