{"id":16224,"date":"2026-04-07T13:54:18","date_gmt":"2026-04-07T12:54:18","guid":{"rendered":"https:\/\/lda.be\/?post_type=product&#038;p=16224"},"modified":"2026-04-07T13:59:09","modified_gmt":"2026-04-07T12:59:09","slug":"serie-apvs15-vanne-a-deux-voies-a-fluides-separes","status":"publish","type":"product","link":"https:\/\/lda.be\/fr\/produit\/serie-apvs15-vanne-a-deux-voies-a-fluides-separes\/","title":{"rendered":"S\u00e9rie APVS15 vanne \u00e0 deux voies \u00e0 fluides s\u00e9par\u00e9s"},"content":{"rendered":"<p>Cette vanne est une vanne \u00e0 membrane \u00e0 simple effet normalement ferm\u00e9e ou \u00e0 double effet, con\u00e7ue pour \u00eatre utilis\u00e9e dans la r\u00e9gulation de produits chimiques liquides de haute puret\u00e9, agressifs et corrosifs. Elle pr\u00e9sente une conception compacte et un volume mort minimal. Son corps est en CPVC et ses joints sont en \u00e9lastom\u00e8res (FKM, EPDM et NBR). La vanne est disponible avec des diam\u00e8tres d&#8217;orifice de 16 mm et 20 mm, qui ont respectivement des coefficients Cv de 4,70 et 10,9. Le coefficient Cv est nettement sup\u00e9rieur \u00e0 celui d&#8217;autres vannes similaires. La plage de pression du fluide de cette vanne s&#8217;\u00e9tend de 0,7 bar \u00e0 7 bar.<\/p>\n","protected":false},"excerpt":{"rendered":"<p>Cette vanne est une vanne \u00e0 membrane \u00e0 simple effet normalement ferm\u00e9e ou \u00e0 double effet, con\u00e7ue pour \u00eatre utilis\u00e9e dans la r\u00e9gulation de produits chimiques liquides de haute puret\u00e9, agressifs et corrosifs. Elle pr\u00e9sente une conception compacte et un volume mort minimal. Son corps est en CPVC et ses joints sont en \u00e9lastom\u00e8res (FKM, [&hellip;]<\/p>\n","protected":false},"featured_media":16219,"comment_status":"closed","ping_status":"closed","template":"","meta":[],"product_brand":[1911],"product_cat":[1561],"product_tag":[],"class_list":{"0":"post-16224","1":"product","2":"type-product","3":"status-publish","4":"has-post-thumbnail","6":"product_brand-spartan","7":"product_cat-vannes-a-liquide","9":"first","10":"instock","11":"shipping-taxable","12":"product-type-simple"},"yoast_head":"<!-- This site is optimized with the Yoast SEO plugin v27.3 - https:\/\/yoast.com\/product\/yoast-seo-wordpress\/ -->\n<title>S\u00e9rie APVS15 vanne \u00e0 deux voies \u00e0 fluides s\u00e9par\u00e9s - LDA Belgique<\/title>\n<meta name=\"description\" content=\"Spartan APVS15 : vanne \u00e0 pilotage pneumatique 2 voies pour liquides agressifs. Orifice 16\u201320 mm, 0,7\u20137 bar, 4,70\u201310,9 Cv, IP65.\" \/>\n<meta name=\"robots\" content=\"index, follow, max-snippet:-1, max-image-preview:large, max-video-preview:-1\" \/>\n<link rel=\"canonical\" href=\"https:\/\/lda.be\/fr\/produit\/serie-apvs15-vanne-a-deux-voies-a-fluides-separes\/\" \/>\n<meta property=\"og:locale\" content=\"fr_FR\" \/>\n<meta property=\"og:type\" content=\"article\" \/>\n<meta property=\"og:title\" content=\"S\u00e9rie APVS15 vanne \u00e0 deux voies \u00e0 fluides s\u00e9par\u00e9s - LDA Belgique\" \/>\n<meta property=\"og:description\" content=\"Spartan APVS15 : vanne \u00e0 pilotage pneumatique 2 voies pour liquides agressifs. Orifice 16\u201320 mm, 0,7\u20137 bar, 4,70\u201310,9 Cv, IP65.\" \/>\n<meta property=\"og:url\" content=\"https:\/\/lda.be\/fr\/produit\/serie-apvs15-vanne-a-deux-voies-a-fluides-separes\/\" \/>\n<meta property=\"og:site_name\" content=\"LDA Belgique\" \/>\n<meta property=\"article:modified_time\" content=\"2026-04-07T12:59:09+00:00\" \/>\n<meta property=\"og:image\" content=\"https:\/\/lda.be\/wp-content\/uploads\/2026\/04\/APVS015-ventiel-met-gescheiden-media.webp\" \/>\n\t<meta property=\"og:image:width\" content=\"1080\" \/>\n\t<meta property=\"og:image:height\" content=\"1080\" \/>\n\t<meta property=\"og:image:type\" content=\"image\/webp\" \/>\n<meta name=\"twitter:card\" content=\"summary_large_image\" \/>\n<meta name=\"twitter:label1\" content=\"Dur\u00e9e de lecture estim\u00e9e\" \/>\n\t<meta name=\"twitter:data1\" content=\"1 minute\" \/>\n<script type=\"application\/ld+json\" class=\"yoast-schema-graph\">{\"@context\":\"https:\\\/\\\/schema.org\",\"@graph\":[{\"@type\":\"WebPage\",\"@id\":\"https:\\\/\\\/lda.be\\\/fr\\\/produit\\\/serie-apvs15-vanne-a-deux-voies-a-fluides-separes\\\/\",\"url\":\"https:\\\/\\\/lda.be\\\/fr\\\/produit\\\/serie-apvs15-vanne-a-deux-voies-a-fluides-separes\\\/\",\"name\":\"S\u00e9rie APVS15 vanne \u00e0 deux voies \u00e0 fluides s\u00e9par\u00e9s - LDA Belgique\",\"isPartOf\":{\"@id\":\"https:\\\/\\\/lda.be\\\/fr\\\/#website\"},\"primaryImageOfPage\":{\"@id\":\"https:\\\/\\\/lda.be\\\/fr\\\/produit\\\/serie-apvs15-vanne-a-deux-voies-a-fluides-separes\\\/#primaryimage\"},\"image\":{\"@id\":\"https:\\\/\\\/lda.be\\\/fr\\\/produit\\\/serie-apvs15-vanne-a-deux-voies-a-fluides-separes\\\/#primaryimage\"},\"thumbnailUrl\":\"https:\\\/\\\/lda.be\\\/wp-content\\\/uploads\\\/2026\\\/04\\\/APVS015-ventiel-met-gescheiden-media.webp\",\"datePublished\":\"2026-04-07T12:54:18+00:00\",\"dateModified\":\"2026-04-07T12:59:09+00:00\",\"description\":\"Spartan APVS15 : vanne \u00e0 pilotage pneumatique 2 voies pour liquides agressifs. Orifice 16\u201320 mm, 0,7\u20137 bar, 4,70\u201310,9 Cv, IP65.\",\"breadcrumb\":{\"@id\":\"https:\\\/\\\/lda.be\\\/fr\\\/produit\\\/serie-apvs15-vanne-a-deux-voies-a-fluides-separes\\\/#breadcrumb\"},\"inLanguage\":\"fr-FR\",\"potentialAction\":[{\"@type\":\"ReadAction\",\"target\":[\"https:\\\/\\\/lda.be\\\/fr\\\/produit\\\/serie-apvs15-vanne-a-deux-voies-a-fluides-separes\\\/\"]}]},{\"@type\":\"ImageObject\",\"inLanguage\":\"fr-FR\",\"@id\":\"https:\\\/\\\/lda.be\\\/fr\\\/produit\\\/serie-apvs15-vanne-a-deux-voies-a-fluides-separes\\\/#primaryimage\",\"url\":\"https:\\\/\\\/lda.be\\\/wp-content\\\/uploads\\\/2026\\\/04\\\/APVS015-ventiel-met-gescheiden-media.webp\",\"contentUrl\":\"https:\\\/\\\/lda.be\\\/wp-content\\\/uploads\\\/2026\\\/04\\\/APVS015-ventiel-met-gescheiden-media.webp\",\"width\":1080,\"height\":1080,\"caption\":\"APVS015 ventiel met gescheiden media\"},{\"@type\":\"BreadcrumbList\",\"@id\":\"https:\\\/\\\/lda.be\\\/fr\\\/produit\\\/serie-apvs15-vanne-a-deux-voies-a-fluides-separes\\\/#breadcrumb\",\"itemListElement\":[{\"@type\":\"ListItem\",\"position\":1,\"name\":\"Accueil\",\"item\":\"https:\\\/\\\/lda.be\\\/fr\\\/\"},{\"@type\":\"ListItem\",\"position\":2,\"name\":\"Produits\",\"item\":\"https:\\\/\\\/lda.be\\\/fr\\\/produits\\\/\"},{\"@type\":\"ListItem\",\"position\":3,\"name\":\"S\u00e9rie APVS15 vanne \u00e0 deux voies \u00e0 fluides s\u00e9par\u00e9s\"}]},{\"@type\":\"WebSite\",\"@id\":\"https:\\\/\\\/lda.be\\\/fr\\\/#website\",\"url\":\"https:\\\/\\\/lda.be\\\/fr\\\/\",\"name\":\"LDA Belgium\",\"description\":\"Solutions For Life\",\"publisher\":{\"@id\":\"https:\\\/\\\/lda.be\\\/fr\\\/#organization\"},\"potentialAction\":[{\"@type\":\"SearchAction\",\"target\":{\"@type\":\"EntryPoint\",\"urlTemplate\":\"https:\\\/\\\/lda.be\\\/fr\\\/?s={search_term_string}\"},\"query-input\":{\"@type\":\"PropertyValueSpecification\",\"valueRequired\":true,\"valueName\":\"search_term_string\"}}],\"inLanguage\":\"fr-FR\"},{\"@type\":\"Organization\",\"@id\":\"https:\\\/\\\/lda.be\\\/fr\\\/#organization\",\"name\":\"LDA Belgium\",\"url\":\"https:\\\/\\\/lda.be\\\/fr\\\/\",\"logo\":{\"@type\":\"ImageObject\",\"inLanguage\":\"fr-FR\",\"@id\":\"https:\\\/\\\/lda.be\\\/fr\\\/#\\\/schema\\\/logo\\\/image\\\/\",\"url\":\"https:\\\/\\\/lda.be\\\/wp-content\\\/uploads\\\/2022\\\/07\\\/Logo-LDA.webp\",\"contentUrl\":\"https:\\\/\\\/lda.be\\\/wp-content\\\/uploads\\\/2022\\\/07\\\/Logo-LDA.webp\",\"width\":311,\"height\":101,\"caption\":\"LDA Belgium\"},\"image\":{\"@id\":\"https:\\\/\\\/lda.be\\\/fr\\\/#\\\/schema\\\/logo\\\/image\\\/\"},\"sameAs\":[\"https:\\\/\\\/www.linkedin.com\\\/company\\\/lda-belgium-nv\"]}]}<\/script>\n<!-- \/ Yoast SEO plugin. -->","yoast_head_json":{"title":"S\u00e9rie APVS15 vanne \u00e0 deux voies \u00e0 fluides s\u00e9par\u00e9s - LDA Belgique","description":"Spartan APVS15 : vanne \u00e0 pilotage pneumatique 2 voies pour liquides agressifs. Orifice 16\u201320 mm, 0,7\u20137 bar, 4,70\u201310,9 Cv, IP65.","robots":{"index":"index","follow":"follow","max-snippet":"max-snippet:-1","max-image-preview":"max-image-preview:large","max-video-preview":"max-video-preview:-1"},"canonical":"https:\/\/lda.be\/fr\/produit\/serie-apvs15-vanne-a-deux-voies-a-fluides-separes\/","og_locale":"fr_FR","og_type":"article","og_title":"S\u00e9rie APVS15 vanne \u00e0 deux voies \u00e0 fluides s\u00e9par\u00e9s - LDA Belgique","og_description":"Spartan APVS15 : vanne \u00e0 pilotage pneumatique 2 voies pour liquides agressifs. Orifice 16\u201320 mm, 0,7\u20137 bar, 4,70\u201310,9 Cv, IP65.","og_url":"https:\/\/lda.be\/fr\/produit\/serie-apvs15-vanne-a-deux-voies-a-fluides-separes\/","og_site_name":"LDA Belgique","article_modified_time":"2026-04-07T12:59:09+00:00","og_image":[{"width":1080,"height":1080,"url":"https:\/\/lda.be\/wp-content\/uploads\/2026\/04\/APVS015-ventiel-met-gescheiden-media.webp","type":"image\/webp"}],"twitter_card":"summary_large_image","twitter_misc":{"Dur\u00e9e de lecture estim\u00e9e":"1 minute"},"schema":{"@context":"https:\/\/schema.org","@graph":[{"@type":"WebPage","@id":"https:\/\/lda.be\/fr\/produit\/serie-apvs15-vanne-a-deux-voies-a-fluides-separes\/","url":"https:\/\/lda.be\/fr\/produit\/serie-apvs15-vanne-a-deux-voies-a-fluides-separes\/","name":"S\u00e9rie APVS15 vanne \u00e0 deux voies \u00e0 fluides s\u00e9par\u00e9s - LDA Belgique","isPartOf":{"@id":"https:\/\/lda.be\/fr\/#website"},"primaryImageOfPage":{"@id":"https:\/\/lda.be\/fr\/produit\/serie-apvs15-vanne-a-deux-voies-a-fluides-separes\/#primaryimage"},"image":{"@id":"https:\/\/lda.be\/fr\/produit\/serie-apvs15-vanne-a-deux-voies-a-fluides-separes\/#primaryimage"},"thumbnailUrl":"https:\/\/lda.be\/wp-content\/uploads\/2026\/04\/APVS015-ventiel-met-gescheiden-media.webp","datePublished":"2026-04-07T12:54:18+00:00","dateModified":"2026-04-07T12:59:09+00:00","description":"Spartan APVS15 : vanne \u00e0 pilotage pneumatique 2 voies pour liquides agressifs. Orifice 16\u201320 mm, 0,7\u20137 bar, 4,70\u201310,9 Cv, IP65.","breadcrumb":{"@id":"https:\/\/lda.be\/fr\/produit\/serie-apvs15-vanne-a-deux-voies-a-fluides-separes\/#breadcrumb"},"inLanguage":"fr-FR","potentialAction":[{"@type":"ReadAction","target":["https:\/\/lda.be\/fr\/produit\/serie-apvs15-vanne-a-deux-voies-a-fluides-separes\/"]}]},{"@type":"ImageObject","inLanguage":"fr-FR","@id":"https:\/\/lda.be\/fr\/produit\/serie-apvs15-vanne-a-deux-voies-a-fluides-separes\/#primaryimage","url":"https:\/\/lda.be\/wp-content\/uploads\/2026\/04\/APVS015-ventiel-met-gescheiden-media.webp","contentUrl":"https:\/\/lda.be\/wp-content\/uploads\/2026\/04\/APVS015-ventiel-met-gescheiden-media.webp","width":1080,"height":1080,"caption":"APVS015 ventiel met gescheiden media"},{"@type":"BreadcrumbList","@id":"https:\/\/lda.be\/fr\/produit\/serie-apvs15-vanne-a-deux-voies-a-fluides-separes\/#breadcrumb","itemListElement":[{"@type":"ListItem","position":1,"name":"Accueil","item":"https:\/\/lda.be\/fr\/"},{"@type":"ListItem","position":2,"name":"Produits","item":"https:\/\/lda.be\/fr\/produits\/"},{"@type":"ListItem","position":3,"name":"S\u00e9rie APVS15 vanne \u00e0 deux voies \u00e0 fluides s\u00e9par\u00e9s"}]},{"@type":"WebSite","@id":"https:\/\/lda.be\/fr\/#website","url":"https:\/\/lda.be\/fr\/","name":"LDA Belgium","description":"Solutions For Life","publisher":{"@id":"https:\/\/lda.be\/fr\/#organization"},"potentialAction":[{"@type":"SearchAction","target":{"@type":"EntryPoint","urlTemplate":"https:\/\/lda.be\/fr\/?s={search_term_string}"},"query-input":{"@type":"PropertyValueSpecification","valueRequired":true,"valueName":"search_term_string"}}],"inLanguage":"fr-FR"},{"@type":"Organization","@id":"https:\/\/lda.be\/fr\/#organization","name":"LDA Belgium","url":"https:\/\/lda.be\/fr\/","logo":{"@type":"ImageObject","inLanguage":"fr-FR","@id":"https:\/\/lda.be\/fr\/#\/schema\/logo\/image\/","url":"https:\/\/lda.be\/wp-content\/uploads\/2022\/07\/Logo-LDA.webp","contentUrl":"https:\/\/lda.be\/wp-content\/uploads\/2022\/07\/Logo-LDA.webp","width":311,"height":101,"caption":"LDA Belgium"},"image":{"@id":"https:\/\/lda.be\/fr\/#\/schema\/logo\/image\/"},"sameAs":["https:\/\/www.linkedin.com\/company\/lda-belgium-nv"]}]}},"_links":{"self":[{"href":"https:\/\/lda.be\/fr\/wp-json\/wp\/v2\/product\/16224","targetHints":{"allow":["GET"]}}],"collection":[{"href":"https:\/\/lda.be\/fr\/wp-json\/wp\/v2\/product"}],"about":[{"href":"https:\/\/lda.be\/fr\/wp-json\/wp\/v2\/types\/product"}],"replies":[{"embeddable":true,"href":"https:\/\/lda.be\/fr\/wp-json\/wp\/v2\/comments?post=16224"}],"wp:featuredmedia":[{"embeddable":true,"href":"https:\/\/lda.be\/fr\/wp-json\/wp\/v2\/media\/16219"}],"wp:attachment":[{"href":"https:\/\/lda.be\/fr\/wp-json\/wp\/v2\/media?parent=16224"}],"wp:term":[{"taxonomy":"product_brand","embeddable":true,"href":"https:\/\/lda.be\/fr\/wp-json\/wp\/v2\/product_brand?post=16224"},{"taxonomy":"product_cat","embeddable":true,"href":"https:\/\/lda.be\/fr\/wp-json\/wp\/v2\/product_cat?post=16224"},{"taxonomy":"product_tag","embeddable":true,"href":"https:\/\/lda.be\/fr\/wp-json\/wp\/v2\/product_tag?post=16224"}],"curies":[{"name":"wp","href":"https:\/\/api.w.org\/{rel}","templated":true}]}}