{"id":16246,"date":"2026-04-08T13:41:09","date_gmt":"2026-04-08T12:41:09","guid":{"rendered":"https:\/\/lda.be\/?post_type=product&#038;p=16246"},"modified":"2026-04-08T14:26:31","modified_gmt":"2026-04-08T13:26:31","slug":"serie-kr-electrovannes-cryogeniques-en-acier-inoxydable","status":"publish","type":"product","link":"https:\/\/lda.be\/fr\/produit\/serie-kr-electrovannes-cryogeniques-en-acier-inoxydable\/","title":{"rendered":"Serie KR \u00e9lectrovannes cryog\u00e9niques en acier inoxydable NO"},"content":{"rendered":"<p>Les vannes sol\u00e9no\u00efdes en acier inoxydable Magnatrol Type KR sont des vannes 2 voies normalement ouvertes \u00e0 passage int\u00e9gral, disponibles en tailles de 1\/2&#8243; \u00e0 3&#8243;. Ces vannes se ferment lors de l&#8217;alimentation et s&#8217;ouvrent lors de la coupure, sans n\u00e9cessiter de pression diff\u00e9rentielle pour s&#8217;ouvrir. La construction robuste est compos\u00e9e d&#8217;acier inoxydable 304 pour le corps et d&#8217;acier inoxydable 303 pour le piston et autres parties mouill\u00e9es, offrant une excellente r\u00e9sistance \u00e0 la corrosion et une grande durabilit\u00e9. Les vannes conviennent aux fluides corrosifs, eau d\u00e9min\u00e9ralis\u00e9e, condensats, ammoniac, huiles v\u00e9g\u00e9tales, carburants, fluides cryog\u00e9niques comme l&#8217;oxyg\u00e8ne liquide (-183\u00b0C), l&#8217;argon liquide (-186\u00b0C) et l&#8217;azote liquide (-196\u00b0C). Elles fonctionnent de vide \u00e0 la pression diff\u00e9rentielle maximale indiqu\u00e9e dans le tableau des sp\u00e9cifications. Les vannes doivent \u00eatre mont\u00e9es horizontalement avec le bo\u00eetier de sol\u00e9no\u00efde vertical et vers le haut. Les bobines sont encapsul\u00e9es classe H avec des fils de 457 mm de long.<\/p>\n","protected":false},"excerpt":{"rendered":"<p>Les vannes sol\u00e9no\u00efdes en acier inoxydable Magnatrol Type KR sont des vannes 2 voies normalement ouvertes \u00e0 passage int\u00e9gral, disponibles en tailles de 1\/2&#8243; \u00e0 3&#8243;. Ces vannes se ferment lors de l&#8217;alimentation et s&#8217;ouvrent lors de la coupure, sans n\u00e9cessiter de pression diff\u00e9rentielle pour s&#8217;ouvrir. La construction robuste est compos\u00e9e d&#8217;acier inoxydable 304 pour [&hellip;]<\/p>\n","protected":false},"featured_media":16244,"comment_status":"closed","ping_status":"closed","template":"","meta":[],"product_brand":[1913,1912],"product_cat":[896],"product_tag":[],"class_list":{"0":"post-16246","1":"product","2":"type-product","3":"status-publish","4":"has-post-thumbnail","6":"product_brand-cryogen-valve","7":"product_brand-magnatrol","8":"product_cat-vannes-et-composants-cryogeniques","10":"first","11":"instock","12":"shipping-taxable","13":"product-type-simple"},"yoast_head":"<!-- This site is optimized with the Yoast SEO plugin v27.3 - https:\/\/yoast.com\/product\/yoast-seo-wordpress\/ -->\n<title>Serie KR \u00e9lectrovannes cryog\u00e9niques en acier inoxydable NO - LDA Belgique<\/title>\n<meta name=\"description\" content=\"Magnatrol Type KR : vannes sol\u00e9no\u00efdes en acier inoxydable, normalement ouvertes, 1\/2&quot;\u20133&quot;, passage int\u00e9gral, 0,7\u201334,5 bar, jusqu&#039;\u00e0 +204\u00b0C. Adapt\u00e9es aux fluides corrosifs et cryog\u00e9niques.\" \/>\n<meta name=\"robots\" content=\"index, follow, max-snippet:-1, max-image-preview:large, max-video-preview:-1\" \/>\n<link rel=\"canonical\" href=\"https:\/\/lda.be\/fr\/produit\/serie-kr-electrovannes-cryogeniques-en-acier-inoxydable\/\" \/>\n<meta property=\"og:locale\" content=\"fr_FR\" \/>\n<meta property=\"og:type\" content=\"article\" \/>\n<meta property=\"og:title\" content=\"Serie KR \u00e9lectrovannes cryog\u00e9niques en acier inoxydable NO - LDA Belgique\" \/>\n<meta property=\"og:description\" content=\"Magnatrol Type KR : vannes sol\u00e9no\u00efdes en acier inoxydable, normalement ouvertes, 1\/2&quot;\u20133&quot;, passage int\u00e9gral, 0,7\u201334,5 bar, jusqu&#039;\u00e0 +204\u00b0C. Adapt\u00e9es aux fluides corrosifs et cryog\u00e9niques.\" \/>\n<meta property=\"og:url\" content=\"https:\/\/lda.be\/fr\/produit\/serie-kr-electrovannes-cryogeniques-en-acier-inoxydable\/\" \/>\n<meta property=\"og:site_name\" content=\"LDA Belgique\" \/>\n<meta property=\"article:modified_time\" content=\"2026-04-08T13:26:31+00:00\" \/>\n<meta property=\"og:image\" content=\"https:\/\/lda.be\/wp-content\/uploads\/2026\/04\/KR-stainles-ssteel-cryogenic-valve.webp\" \/>\n\t<meta property=\"og:image:width\" content=\"1080\" \/>\n\t<meta property=\"og:image:height\" content=\"1080\" \/>\n\t<meta property=\"og:image:type\" content=\"image\/webp\" \/>\n<meta name=\"twitter:card\" content=\"summary_large_image\" \/>\n<meta name=\"twitter:label1\" content=\"Dur\u00e9e de lecture estim\u00e9e\" \/>\n\t<meta name=\"twitter:data1\" content=\"1 minute\" \/>\n<script type=\"application\/ld+json\" class=\"yoast-schema-graph\">{\"@context\":\"https:\\\/\\\/schema.org\",\"@graph\":[{\"@type\":\"WebPage\",\"@id\":\"https:\\\/\\\/lda.be\\\/fr\\\/produit\\\/serie-kr-electrovannes-cryogeniques-en-acier-inoxydable\\\/\",\"url\":\"https:\\\/\\\/lda.be\\\/fr\\\/produit\\\/serie-kr-electrovannes-cryogeniques-en-acier-inoxydable\\\/\",\"name\":\"Serie KR \u00e9lectrovannes cryog\u00e9niques en acier inoxydable NO - LDA Belgique\",\"isPartOf\":{\"@id\":\"https:\\\/\\\/lda.be\\\/fr\\\/#website\"},\"primaryImageOfPage\":{\"@id\":\"https:\\\/\\\/lda.be\\\/fr\\\/produit\\\/serie-kr-electrovannes-cryogeniques-en-acier-inoxydable\\\/#primaryimage\"},\"image\":{\"@id\":\"https:\\\/\\\/lda.be\\\/fr\\\/produit\\\/serie-kr-electrovannes-cryogeniques-en-acier-inoxydable\\\/#primaryimage\"},\"thumbnailUrl\":\"https:\\\/\\\/lda.be\\\/wp-content\\\/uploads\\\/2026\\\/04\\\/KR-stainles-ssteel-cryogenic-valve.webp\",\"datePublished\":\"2026-04-08T12:41:09+00:00\",\"dateModified\":\"2026-04-08T13:26:31+00:00\",\"description\":\"Magnatrol Type KR : vannes sol\u00e9no\u00efdes en acier inoxydable, normalement ouvertes, 1\\\/2\\\"\u20133\\\", passage int\u00e9gral, 0,7\u201334,5 bar, jusqu'\u00e0 +204\u00b0C. Adapt\u00e9es aux fluides corrosifs et cryog\u00e9niques.\",\"breadcrumb\":{\"@id\":\"https:\\\/\\\/lda.be\\\/fr\\\/produit\\\/serie-kr-electrovannes-cryogeniques-en-acier-inoxydable\\\/#breadcrumb\"},\"inLanguage\":\"fr-FR\",\"potentialAction\":[{\"@type\":\"ReadAction\",\"target\":[\"https:\\\/\\\/lda.be\\\/fr\\\/produit\\\/serie-kr-electrovannes-cryogeniques-en-acier-inoxydable\\\/\"]}]},{\"@type\":\"ImageObject\",\"inLanguage\":\"fr-FR\",\"@id\":\"https:\\\/\\\/lda.be\\\/fr\\\/produit\\\/serie-kr-electrovannes-cryogeniques-en-acier-inoxydable\\\/#primaryimage\",\"url\":\"https:\\\/\\\/lda.be\\\/wp-content\\\/uploads\\\/2026\\\/04\\\/KR-stainles-ssteel-cryogenic-valve.webp\",\"contentUrl\":\"https:\\\/\\\/lda.be\\\/wp-content\\\/uploads\\\/2026\\\/04\\\/KR-stainles-ssteel-cryogenic-valve.webp\",\"width\":1080,\"height\":1080,\"caption\":\"KR stainles steel cryogenic valve\"},{\"@type\":\"BreadcrumbList\",\"@id\":\"https:\\\/\\\/lda.be\\\/fr\\\/produit\\\/serie-kr-electrovannes-cryogeniques-en-acier-inoxydable\\\/#breadcrumb\",\"itemListElement\":[{\"@type\":\"ListItem\",\"position\":1,\"name\":\"Accueil\",\"item\":\"https:\\\/\\\/lda.be\\\/fr\\\/\"},{\"@type\":\"ListItem\",\"position\":2,\"name\":\"Produits\",\"item\":\"https:\\\/\\\/lda.be\\\/fr\\\/produits\\\/\"},{\"@type\":\"ListItem\",\"position\":3,\"name\":\"Serie KR \u00e9lectrovannes cryog\u00e9niques en acier inoxydable NO\"}]},{\"@type\":\"WebSite\",\"@id\":\"https:\\\/\\\/lda.be\\\/fr\\\/#website\",\"url\":\"https:\\\/\\\/lda.be\\\/fr\\\/\",\"name\":\"LDA Belgium\",\"description\":\"Solutions For Life\",\"publisher\":{\"@id\":\"https:\\\/\\\/lda.be\\\/fr\\\/#organization\"},\"potentialAction\":[{\"@type\":\"SearchAction\",\"target\":{\"@type\":\"EntryPoint\",\"urlTemplate\":\"https:\\\/\\\/lda.be\\\/fr\\\/?s={search_term_string}\"},\"query-input\":{\"@type\":\"PropertyValueSpecification\",\"valueRequired\":true,\"valueName\":\"search_term_string\"}}],\"inLanguage\":\"fr-FR\"},{\"@type\":\"Organization\",\"@id\":\"https:\\\/\\\/lda.be\\\/fr\\\/#organization\",\"name\":\"LDA Belgium\",\"url\":\"https:\\\/\\\/lda.be\\\/fr\\\/\",\"logo\":{\"@type\":\"ImageObject\",\"inLanguage\":\"fr-FR\",\"@id\":\"https:\\\/\\\/lda.be\\\/fr\\\/#\\\/schema\\\/logo\\\/image\\\/\",\"url\":\"https:\\\/\\\/lda.be\\\/wp-content\\\/uploads\\\/2022\\\/07\\\/Logo-LDA.webp\",\"contentUrl\":\"https:\\\/\\\/lda.be\\\/wp-content\\\/uploads\\\/2022\\\/07\\\/Logo-LDA.webp\",\"width\":311,\"height\":101,\"caption\":\"LDA Belgium\"},\"image\":{\"@id\":\"https:\\\/\\\/lda.be\\\/fr\\\/#\\\/schema\\\/logo\\\/image\\\/\"},\"sameAs\":[\"https:\\\/\\\/www.linkedin.com\\\/company\\\/lda-belgium-nv\"]}]}<\/script>\n<!-- \/ Yoast SEO plugin. -->","yoast_head_json":{"title":"Serie KR \u00e9lectrovannes cryog\u00e9niques en acier inoxydable NO - LDA Belgique","description":"Magnatrol Type KR : vannes sol\u00e9no\u00efdes en acier inoxydable, normalement ouvertes, 1\/2\"\u20133\", passage int\u00e9gral, 0,7\u201334,5 bar, jusqu'\u00e0 +204\u00b0C. Adapt\u00e9es aux fluides corrosifs et cryog\u00e9niques.","robots":{"index":"index","follow":"follow","max-snippet":"max-snippet:-1","max-image-preview":"max-image-preview:large","max-video-preview":"max-video-preview:-1"},"canonical":"https:\/\/lda.be\/fr\/produit\/serie-kr-electrovannes-cryogeniques-en-acier-inoxydable\/","og_locale":"fr_FR","og_type":"article","og_title":"Serie KR \u00e9lectrovannes cryog\u00e9niques en acier inoxydable NO - LDA Belgique","og_description":"Magnatrol Type KR : vannes sol\u00e9no\u00efdes en acier inoxydable, normalement ouvertes, 1\/2\"\u20133\", passage int\u00e9gral, 0,7\u201334,5 bar, jusqu'\u00e0 +204\u00b0C. Adapt\u00e9es aux fluides corrosifs et cryog\u00e9niques.","og_url":"https:\/\/lda.be\/fr\/produit\/serie-kr-electrovannes-cryogeniques-en-acier-inoxydable\/","og_site_name":"LDA Belgique","article_modified_time":"2026-04-08T13:26:31+00:00","og_image":[{"width":1080,"height":1080,"url":"https:\/\/lda.be\/wp-content\/uploads\/2026\/04\/KR-stainles-ssteel-cryogenic-valve.webp","type":"image\/webp"}],"twitter_card":"summary_large_image","twitter_misc":{"Dur\u00e9e de lecture estim\u00e9e":"1 minute"},"schema":{"@context":"https:\/\/schema.org","@graph":[{"@type":"WebPage","@id":"https:\/\/lda.be\/fr\/produit\/serie-kr-electrovannes-cryogeniques-en-acier-inoxydable\/","url":"https:\/\/lda.be\/fr\/produit\/serie-kr-electrovannes-cryogeniques-en-acier-inoxydable\/","name":"Serie KR \u00e9lectrovannes cryog\u00e9niques en acier inoxydable NO - LDA Belgique","isPartOf":{"@id":"https:\/\/lda.be\/fr\/#website"},"primaryImageOfPage":{"@id":"https:\/\/lda.be\/fr\/produit\/serie-kr-electrovannes-cryogeniques-en-acier-inoxydable\/#primaryimage"},"image":{"@id":"https:\/\/lda.be\/fr\/produit\/serie-kr-electrovannes-cryogeniques-en-acier-inoxydable\/#primaryimage"},"thumbnailUrl":"https:\/\/lda.be\/wp-content\/uploads\/2026\/04\/KR-stainles-ssteel-cryogenic-valve.webp","datePublished":"2026-04-08T12:41:09+00:00","dateModified":"2026-04-08T13:26:31+00:00","description":"Magnatrol Type KR : vannes sol\u00e9no\u00efdes en acier inoxydable, normalement ouvertes, 1\/2\"\u20133\", passage int\u00e9gral, 0,7\u201334,5 bar, jusqu'\u00e0 +204\u00b0C. Adapt\u00e9es aux fluides corrosifs et cryog\u00e9niques.","breadcrumb":{"@id":"https:\/\/lda.be\/fr\/produit\/serie-kr-electrovannes-cryogeniques-en-acier-inoxydable\/#breadcrumb"},"inLanguage":"fr-FR","potentialAction":[{"@type":"ReadAction","target":["https:\/\/lda.be\/fr\/produit\/serie-kr-electrovannes-cryogeniques-en-acier-inoxydable\/"]}]},{"@type":"ImageObject","inLanguage":"fr-FR","@id":"https:\/\/lda.be\/fr\/produit\/serie-kr-electrovannes-cryogeniques-en-acier-inoxydable\/#primaryimage","url":"https:\/\/lda.be\/wp-content\/uploads\/2026\/04\/KR-stainles-ssteel-cryogenic-valve.webp","contentUrl":"https:\/\/lda.be\/wp-content\/uploads\/2026\/04\/KR-stainles-ssteel-cryogenic-valve.webp","width":1080,"height":1080,"caption":"KR stainles steel cryogenic valve"},{"@type":"BreadcrumbList","@id":"https:\/\/lda.be\/fr\/produit\/serie-kr-electrovannes-cryogeniques-en-acier-inoxydable\/#breadcrumb","itemListElement":[{"@type":"ListItem","position":1,"name":"Accueil","item":"https:\/\/lda.be\/fr\/"},{"@type":"ListItem","position":2,"name":"Produits","item":"https:\/\/lda.be\/fr\/produits\/"},{"@type":"ListItem","position":3,"name":"Serie KR \u00e9lectrovannes cryog\u00e9niques en acier inoxydable NO"}]},{"@type":"WebSite","@id":"https:\/\/lda.be\/fr\/#website","url":"https:\/\/lda.be\/fr\/","name":"LDA Belgium","description":"Solutions For Life","publisher":{"@id":"https:\/\/lda.be\/fr\/#organization"},"potentialAction":[{"@type":"SearchAction","target":{"@type":"EntryPoint","urlTemplate":"https:\/\/lda.be\/fr\/?s={search_term_string}"},"query-input":{"@type":"PropertyValueSpecification","valueRequired":true,"valueName":"search_term_string"}}],"inLanguage":"fr-FR"},{"@type":"Organization","@id":"https:\/\/lda.be\/fr\/#organization","name":"LDA Belgium","url":"https:\/\/lda.be\/fr\/","logo":{"@type":"ImageObject","inLanguage":"fr-FR","@id":"https:\/\/lda.be\/fr\/#\/schema\/logo\/image\/","url":"https:\/\/lda.be\/wp-content\/uploads\/2022\/07\/Logo-LDA.webp","contentUrl":"https:\/\/lda.be\/wp-content\/uploads\/2022\/07\/Logo-LDA.webp","width":311,"height":101,"caption":"LDA Belgium"},"image":{"@id":"https:\/\/lda.be\/fr\/#\/schema\/logo\/image\/"},"sameAs":["https:\/\/www.linkedin.com\/company\/lda-belgium-nv"]}]}},"_links":{"self":[{"href":"https:\/\/lda.be\/fr\/wp-json\/wp\/v2\/product\/16246","targetHints":{"allow":["GET"]}}],"collection":[{"href":"https:\/\/lda.be\/fr\/wp-json\/wp\/v2\/product"}],"about":[{"href":"https:\/\/lda.be\/fr\/wp-json\/wp\/v2\/types\/product"}],"replies":[{"embeddable":true,"href":"https:\/\/lda.be\/fr\/wp-json\/wp\/v2\/comments?post=16246"}],"wp:featuredmedia":[{"embeddable":true,"href":"https:\/\/lda.be\/fr\/wp-json\/wp\/v2\/media\/16244"}],"wp:attachment":[{"href":"https:\/\/lda.be\/fr\/wp-json\/wp\/v2\/media?parent=16246"}],"wp:term":[{"taxonomy":"product_brand","embeddable":true,"href":"https:\/\/lda.be\/fr\/wp-json\/wp\/v2\/product_brand?post=16246"},{"taxonomy":"product_cat","embeddable":true,"href":"https:\/\/lda.be\/fr\/wp-json\/wp\/v2\/product_cat?post=16246"},{"taxonomy":"product_tag","embeddable":true,"href":"https:\/\/lda.be\/fr\/wp-json\/wp\/v2\/product_tag?post=16246"}],"curies":[{"name":"wp","href":"https:\/\/api.w.org\/{rel}","templated":true}]}}