{"id":16257,"date":"2026-04-08T15:35:12","date_gmt":"2026-04-08T14:35:12","guid":{"rendered":"https:\/\/lda.be\/?post_type=product&#038;p=16257"},"modified":"2026-04-08T15:39:47","modified_gmt":"2026-04-08T14:39:47","slug":"serie-l-electrovannes-cryogeniques-en-bronze-a-fermeture-nc","status":"publish","type":"product","link":"https:\/\/lda.be\/fr\/produit\/serie-l-electrovannes-cryogeniques-en-bronze-a-fermeture-nc\/","title":{"rendered":"S\u00e9rie L \u00e9lectrovannes cryog\u00e9niques en bronze \u00e0 fermeture (NC)"},"content":{"rendered":"<p>Les \u00e9lectrovannes en bronze Magnatrol de type L sont des vannes \u00e0 2 voies normalement ferm\u00e9es avec passage libre, disponibles dans des diam\u00e8tres de 1\/2\u00ab \u00e0 3 \u00bb. Elles s&#8217;ouvrent lorsqu&#8217;elles sont sous tension et se ferment en cas de coupure de courant, sans qu&#8217;une diff\u00e9rence de pression ne soit n\u00e9cessaire pour leur ouverture.<\/p>\n<p>La construction se compose d&#8217;un corps en bronze moul\u00e9, d&#8217;un piston en bronze et de composants en acier inoxydable.<\/p>\n<p>Ces vannes sont adapt\u00e9es \u00e0 une utilisation avec des liquides et des gaz, ainsi qu&#8217;avec des fluides cryog\u00e9niques tels que l&#8217;oxyg\u00e8ne liquide (-183 \u00b0C), l&#8217;argon liquide (-186 \u00b0C) et l&#8217;azote liquide (-196 \u00b0C). Elles fonctionnent du vide jusqu&#8217;\u00e0 la diff\u00e9rence de pression indiqu\u00e9e dans le tableau des sp\u00e9cifications.<\/p>\n<p>Les vannes doivent \u00eatre mont\u00e9es horizontalement, le bo\u00eetier de l&#8217;\u00e9lectroaimant \u00e9tant orient\u00e9 verticalement vers le haut. Les bobines sont encapsul\u00e9es selon la classe d&#8217;isolation H et \u00e9quip\u00e9es de fils de raccordement de 457 mm de long.<\/p>\n","protected":false},"excerpt":{"rendered":"<p>Les \u00e9lectrovannes en bronze Magnatrol de type L sont des vannes \u00e0 2 voies normalement ferm\u00e9es avec passage libre, disponibles dans des diam\u00e8tres de 1\/2\u00ab \u00e0 3 \u00bb. Elles s&#8217;ouvrent lorsqu&#8217;elles sont sous tension et se ferment en cas de coupure de courant, sans qu&#8217;une diff\u00e9rence de pression ne soit n\u00e9cessaire pour leur ouverture. La [&hellip;]<\/p>\n","protected":false},"featured_media":16255,"comment_status":"closed","ping_status":"closed","template":"","meta":[],"product_brand":[1913,1912],"product_cat":[896],"product_tag":[],"class_list":{"0":"post-16257","1":"product","2":"type-product","3":"status-publish","4":"has-post-thumbnail","6":"product_brand-cryogen-valve","7":"product_brand-magnatrol","8":"product_cat-vannes-et-composants-cryogeniques","10":"first","11":"instock","12":"shipping-taxable","13":"product-type-simple"},"yoast_head":"<!-- This site is optimized with the Yoast SEO plugin v27.3 - https:\/\/yoast.com\/product\/yoast-seo-wordpress\/ -->\n<title>S\u00e9rie L \u00e9lectrovannes cryog\u00e9niques en bronze \u00e0 fermeture (NC) - LDA Belgique<\/title>\n<meta name=\"description\" content=\"Magnatrol Type L : vannes sol\u00e9no\u00efdes en bronze, normalement ferm\u00e9es, 1\/2&quot;\u20133&quot;, passage int\u00e9gral, 0,7\u201334,5 bar, jusqu&#039;\u00e0 +204\u00b0C. Adapt\u00e9es aux fluides cryog\u00e9niques et chauds.\" \/>\n<meta name=\"robots\" content=\"index, follow, max-snippet:-1, max-image-preview:large, max-video-preview:-1\" \/>\n<link rel=\"canonical\" href=\"https:\/\/lda.be\/fr\/produit\/serie-l-electrovannes-cryogeniques-en-bronze-a-fermeture-nc\/\" \/>\n<meta property=\"og:locale\" content=\"fr_FR\" \/>\n<meta property=\"og:type\" content=\"article\" \/>\n<meta property=\"og:title\" content=\"S\u00e9rie L \u00e9lectrovannes cryog\u00e9niques en bronze \u00e0 fermeture (NC) - LDA Belgique\" \/>\n<meta property=\"og:description\" content=\"Magnatrol Type L : vannes sol\u00e9no\u00efdes en bronze, normalement ferm\u00e9es, 1\/2&quot;\u20133&quot;, passage int\u00e9gral, 0,7\u201334,5 bar, jusqu&#039;\u00e0 +204\u00b0C. Adapt\u00e9es aux fluides cryog\u00e9niques et chauds.\" \/>\n<meta property=\"og:url\" content=\"https:\/\/lda.be\/fr\/produit\/serie-l-electrovannes-cryogeniques-en-bronze-a-fermeture-nc\/\" \/>\n<meta property=\"og:site_name\" content=\"LDA Belgique\" \/>\n<meta property=\"article:modified_time\" content=\"2026-04-08T14:39:47+00:00\" \/>\n<meta property=\"og:image\" content=\"https:\/\/lda.be\/wp-content\/uploads\/2026\/04\/L-serie-crogen-valve-normally-closed.webp\" \/>\n\t<meta property=\"og:image:width\" content=\"1080\" \/>\n\t<meta property=\"og:image:height\" content=\"1080\" \/>\n\t<meta property=\"og:image:type\" content=\"image\/webp\" \/>\n<meta name=\"twitter:card\" content=\"summary_large_image\" \/>\n<meta name=\"twitter:label1\" content=\"Dur\u00e9e de lecture estim\u00e9e\" \/>\n\t<meta name=\"twitter:data1\" content=\"1 minute\" \/>\n<script type=\"application\/ld+json\" class=\"yoast-schema-graph\">{\"@context\":\"https:\\\/\\\/schema.org\",\"@graph\":[{\"@type\":\"WebPage\",\"@id\":\"https:\\\/\\\/lda.be\\\/fr\\\/produit\\\/serie-l-electrovannes-cryogeniques-en-bronze-a-fermeture-nc\\\/\",\"url\":\"https:\\\/\\\/lda.be\\\/fr\\\/produit\\\/serie-l-electrovannes-cryogeniques-en-bronze-a-fermeture-nc\\\/\",\"name\":\"S\u00e9rie L \u00e9lectrovannes cryog\u00e9niques en bronze \u00e0 fermeture (NC) - LDA Belgique\",\"isPartOf\":{\"@id\":\"https:\\\/\\\/lda.be\\\/fr\\\/#website\"},\"primaryImageOfPage\":{\"@id\":\"https:\\\/\\\/lda.be\\\/fr\\\/produit\\\/serie-l-electrovannes-cryogeniques-en-bronze-a-fermeture-nc\\\/#primaryimage\"},\"image\":{\"@id\":\"https:\\\/\\\/lda.be\\\/fr\\\/produit\\\/serie-l-electrovannes-cryogeniques-en-bronze-a-fermeture-nc\\\/#primaryimage\"},\"thumbnailUrl\":\"https:\\\/\\\/lda.be\\\/wp-content\\\/uploads\\\/2026\\\/04\\\/L-serie-crogen-valve-normally-closed.webp\",\"datePublished\":\"2026-04-08T14:35:12+00:00\",\"dateModified\":\"2026-04-08T14:39:47+00:00\",\"description\":\"Magnatrol Type L : vannes sol\u00e9no\u00efdes en bronze, normalement ferm\u00e9es, 1\\\/2\\\"\u20133\\\", passage int\u00e9gral, 0,7\u201334,5 bar, jusqu'\u00e0 +204\u00b0C. Adapt\u00e9es aux fluides cryog\u00e9niques et chauds.\",\"breadcrumb\":{\"@id\":\"https:\\\/\\\/lda.be\\\/fr\\\/produit\\\/serie-l-electrovannes-cryogeniques-en-bronze-a-fermeture-nc\\\/#breadcrumb\"},\"inLanguage\":\"fr-FR\",\"potentialAction\":[{\"@type\":\"ReadAction\",\"target\":[\"https:\\\/\\\/lda.be\\\/fr\\\/produit\\\/serie-l-electrovannes-cryogeniques-en-bronze-a-fermeture-nc\\\/\"]}]},{\"@type\":\"ImageObject\",\"inLanguage\":\"fr-FR\",\"@id\":\"https:\\\/\\\/lda.be\\\/fr\\\/produit\\\/serie-l-electrovannes-cryogeniques-en-bronze-a-fermeture-nc\\\/#primaryimage\",\"url\":\"https:\\\/\\\/lda.be\\\/wp-content\\\/uploads\\\/2026\\\/04\\\/L-serie-crogen-valve-normally-closed.webp\",\"contentUrl\":\"https:\\\/\\\/lda.be\\\/wp-content\\\/uploads\\\/2026\\\/04\\\/L-serie-crogen-valve-normally-closed.webp\",\"width\":1080,\"height\":1080,\"caption\":\"L serie cryogeen ventiel normally closed\"},{\"@type\":\"BreadcrumbList\",\"@id\":\"https:\\\/\\\/lda.be\\\/fr\\\/produit\\\/serie-l-electrovannes-cryogeniques-en-bronze-a-fermeture-nc\\\/#breadcrumb\",\"itemListElement\":[{\"@type\":\"ListItem\",\"position\":1,\"name\":\"Accueil\",\"item\":\"https:\\\/\\\/lda.be\\\/fr\\\/\"},{\"@type\":\"ListItem\",\"position\":2,\"name\":\"Produits\",\"item\":\"https:\\\/\\\/lda.be\\\/fr\\\/produits\\\/\"},{\"@type\":\"ListItem\",\"position\":3,\"name\":\"S\u00e9rie L \u00e9lectrovannes cryog\u00e9niques en bronze \u00e0 fermeture (NC)\"}]},{\"@type\":\"WebSite\",\"@id\":\"https:\\\/\\\/lda.be\\\/fr\\\/#website\",\"url\":\"https:\\\/\\\/lda.be\\\/fr\\\/\",\"name\":\"LDA Belgium\",\"description\":\"Solutions For Life\",\"publisher\":{\"@id\":\"https:\\\/\\\/lda.be\\\/fr\\\/#organization\"},\"potentialAction\":[{\"@type\":\"SearchAction\",\"target\":{\"@type\":\"EntryPoint\",\"urlTemplate\":\"https:\\\/\\\/lda.be\\\/fr\\\/?s={search_term_string}\"},\"query-input\":{\"@type\":\"PropertyValueSpecification\",\"valueRequired\":true,\"valueName\":\"search_term_string\"}}],\"inLanguage\":\"fr-FR\"},{\"@type\":\"Organization\",\"@id\":\"https:\\\/\\\/lda.be\\\/fr\\\/#organization\",\"name\":\"LDA Belgium\",\"url\":\"https:\\\/\\\/lda.be\\\/fr\\\/\",\"logo\":{\"@type\":\"ImageObject\",\"inLanguage\":\"fr-FR\",\"@id\":\"https:\\\/\\\/lda.be\\\/fr\\\/#\\\/schema\\\/logo\\\/image\\\/\",\"url\":\"https:\\\/\\\/lda.be\\\/wp-content\\\/uploads\\\/2022\\\/07\\\/Logo-LDA.webp\",\"contentUrl\":\"https:\\\/\\\/lda.be\\\/wp-content\\\/uploads\\\/2022\\\/07\\\/Logo-LDA.webp\",\"width\":311,\"height\":101,\"caption\":\"LDA Belgium\"},\"image\":{\"@id\":\"https:\\\/\\\/lda.be\\\/fr\\\/#\\\/schema\\\/logo\\\/image\\\/\"},\"sameAs\":[\"https:\\\/\\\/www.linkedin.com\\\/company\\\/lda-belgium-nv\"]}]}<\/script>\n<!-- \/ Yoast SEO plugin. -->","yoast_head_json":{"title":"S\u00e9rie L \u00e9lectrovannes cryog\u00e9niques en bronze \u00e0 fermeture (NC) - LDA Belgique","description":"Magnatrol Type L : vannes sol\u00e9no\u00efdes en bronze, normalement ferm\u00e9es, 1\/2\"\u20133\", passage int\u00e9gral, 0,7\u201334,5 bar, jusqu'\u00e0 +204\u00b0C. Adapt\u00e9es aux fluides cryog\u00e9niques et chauds.","robots":{"index":"index","follow":"follow","max-snippet":"max-snippet:-1","max-image-preview":"max-image-preview:large","max-video-preview":"max-video-preview:-1"},"canonical":"https:\/\/lda.be\/fr\/produit\/serie-l-electrovannes-cryogeniques-en-bronze-a-fermeture-nc\/","og_locale":"fr_FR","og_type":"article","og_title":"S\u00e9rie L \u00e9lectrovannes cryog\u00e9niques en bronze \u00e0 fermeture (NC) - LDA Belgique","og_description":"Magnatrol Type L : vannes sol\u00e9no\u00efdes en bronze, normalement ferm\u00e9es, 1\/2\"\u20133\", passage int\u00e9gral, 0,7\u201334,5 bar, jusqu'\u00e0 +204\u00b0C. Adapt\u00e9es aux fluides cryog\u00e9niques et chauds.","og_url":"https:\/\/lda.be\/fr\/produit\/serie-l-electrovannes-cryogeniques-en-bronze-a-fermeture-nc\/","og_site_name":"LDA Belgique","article_modified_time":"2026-04-08T14:39:47+00:00","og_image":[{"width":1080,"height":1080,"url":"https:\/\/lda.be\/wp-content\/uploads\/2026\/04\/L-serie-crogen-valve-normally-closed.webp","type":"image\/webp"}],"twitter_card":"summary_large_image","twitter_misc":{"Dur\u00e9e de lecture estim\u00e9e":"1 minute"},"schema":{"@context":"https:\/\/schema.org","@graph":[{"@type":"WebPage","@id":"https:\/\/lda.be\/fr\/produit\/serie-l-electrovannes-cryogeniques-en-bronze-a-fermeture-nc\/","url":"https:\/\/lda.be\/fr\/produit\/serie-l-electrovannes-cryogeniques-en-bronze-a-fermeture-nc\/","name":"S\u00e9rie L \u00e9lectrovannes cryog\u00e9niques en bronze \u00e0 fermeture (NC) - LDA Belgique","isPartOf":{"@id":"https:\/\/lda.be\/fr\/#website"},"primaryImageOfPage":{"@id":"https:\/\/lda.be\/fr\/produit\/serie-l-electrovannes-cryogeniques-en-bronze-a-fermeture-nc\/#primaryimage"},"image":{"@id":"https:\/\/lda.be\/fr\/produit\/serie-l-electrovannes-cryogeniques-en-bronze-a-fermeture-nc\/#primaryimage"},"thumbnailUrl":"https:\/\/lda.be\/wp-content\/uploads\/2026\/04\/L-serie-crogen-valve-normally-closed.webp","datePublished":"2026-04-08T14:35:12+00:00","dateModified":"2026-04-08T14:39:47+00:00","description":"Magnatrol Type L : vannes sol\u00e9no\u00efdes en bronze, normalement ferm\u00e9es, 1\/2\"\u20133\", passage int\u00e9gral, 0,7\u201334,5 bar, jusqu'\u00e0 +204\u00b0C. Adapt\u00e9es aux fluides cryog\u00e9niques et chauds.","breadcrumb":{"@id":"https:\/\/lda.be\/fr\/produit\/serie-l-electrovannes-cryogeniques-en-bronze-a-fermeture-nc\/#breadcrumb"},"inLanguage":"fr-FR","potentialAction":[{"@type":"ReadAction","target":["https:\/\/lda.be\/fr\/produit\/serie-l-electrovannes-cryogeniques-en-bronze-a-fermeture-nc\/"]}]},{"@type":"ImageObject","inLanguage":"fr-FR","@id":"https:\/\/lda.be\/fr\/produit\/serie-l-electrovannes-cryogeniques-en-bronze-a-fermeture-nc\/#primaryimage","url":"https:\/\/lda.be\/wp-content\/uploads\/2026\/04\/L-serie-crogen-valve-normally-closed.webp","contentUrl":"https:\/\/lda.be\/wp-content\/uploads\/2026\/04\/L-serie-crogen-valve-normally-closed.webp","width":1080,"height":1080,"caption":"L serie cryogeen ventiel normally closed"},{"@type":"BreadcrumbList","@id":"https:\/\/lda.be\/fr\/produit\/serie-l-electrovannes-cryogeniques-en-bronze-a-fermeture-nc\/#breadcrumb","itemListElement":[{"@type":"ListItem","position":1,"name":"Accueil","item":"https:\/\/lda.be\/fr\/"},{"@type":"ListItem","position":2,"name":"Produits","item":"https:\/\/lda.be\/fr\/produits\/"},{"@type":"ListItem","position":3,"name":"S\u00e9rie L \u00e9lectrovannes cryog\u00e9niques en bronze \u00e0 fermeture (NC)"}]},{"@type":"WebSite","@id":"https:\/\/lda.be\/fr\/#website","url":"https:\/\/lda.be\/fr\/","name":"LDA Belgium","description":"Solutions For Life","publisher":{"@id":"https:\/\/lda.be\/fr\/#organization"},"potentialAction":[{"@type":"SearchAction","target":{"@type":"EntryPoint","urlTemplate":"https:\/\/lda.be\/fr\/?s={search_term_string}"},"query-input":{"@type":"PropertyValueSpecification","valueRequired":true,"valueName":"search_term_string"}}],"inLanguage":"fr-FR"},{"@type":"Organization","@id":"https:\/\/lda.be\/fr\/#organization","name":"LDA Belgium","url":"https:\/\/lda.be\/fr\/","logo":{"@type":"ImageObject","inLanguage":"fr-FR","@id":"https:\/\/lda.be\/fr\/#\/schema\/logo\/image\/","url":"https:\/\/lda.be\/wp-content\/uploads\/2022\/07\/Logo-LDA.webp","contentUrl":"https:\/\/lda.be\/wp-content\/uploads\/2022\/07\/Logo-LDA.webp","width":311,"height":101,"caption":"LDA Belgium"},"image":{"@id":"https:\/\/lda.be\/fr\/#\/schema\/logo\/image\/"},"sameAs":["https:\/\/www.linkedin.com\/company\/lda-belgium-nv"]}]}},"_links":{"self":[{"href":"https:\/\/lda.be\/fr\/wp-json\/wp\/v2\/product\/16257","targetHints":{"allow":["GET"]}}],"collection":[{"href":"https:\/\/lda.be\/fr\/wp-json\/wp\/v2\/product"}],"about":[{"href":"https:\/\/lda.be\/fr\/wp-json\/wp\/v2\/types\/product"}],"replies":[{"embeddable":true,"href":"https:\/\/lda.be\/fr\/wp-json\/wp\/v2\/comments?post=16257"}],"wp:featuredmedia":[{"embeddable":true,"href":"https:\/\/lda.be\/fr\/wp-json\/wp\/v2\/media\/16255"}],"wp:attachment":[{"href":"https:\/\/lda.be\/fr\/wp-json\/wp\/v2\/media?parent=16257"}],"wp:term":[{"taxonomy":"product_brand","embeddable":true,"href":"https:\/\/lda.be\/fr\/wp-json\/wp\/v2\/product_brand?post=16257"},{"taxonomy":"product_cat","embeddable":true,"href":"https:\/\/lda.be\/fr\/wp-json\/wp\/v2\/product_cat?post=16257"},{"taxonomy":"product_tag","embeddable":true,"href":"https:\/\/lda.be\/fr\/wp-json\/wp\/v2\/product_tag?post=16257"}],"curies":[{"name":"wp","href":"https:\/\/api.w.org\/{rel}","templated":true}]}}