{"id":16284,"date":"2026-04-09T14:59:55","date_gmt":"2026-04-09T13:59:55","guid":{"rendered":"https:\/\/lda.be\/?post_type=product&#038;p=16284"},"modified":"2026-04-09T15:03:34","modified_gmt":"2026-04-09T14:03:34","slug":"serie-nr-de-vannes-magnetiques-cryogeniques-no","status":"publish","type":"product","link":"https:\/\/lda.be\/fr\/produit\/serie-nr-de-vannes-magnetiques-cryogeniques-no\/","title":{"rendered":"S\u00e9rie NR de vannes magn\u00e9tiques cryog\u00e9niques NO"},"content":{"rendered":"<p>Les \u00e9lectrovannes Magnatrol de type NR sont des vannes normalement ouvertes, disponibles dans des diam\u00e8tres de 1\/2 pouce et 3\/4 pouce. Elles se ferment lorsqu&#8217;elles sont sous tension et s&#8217;ouvrent lorsque l&#8217;alimentation est coup\u00e9e. Comme elles fonctionnent sans diff\u00e9rence de pression, elles s&#8217;ouvrent de mani\u00e8re fiable m\u00eame \u00e0 basse pression ou en l&#8217;absence totale de pression.<\/p>\n<p>Fabriqu\u00e9es \u00e0 partir de composants en bronze et en acier inoxydable, ces vannes offrent une longue dur\u00e9e de vie et r\u00e9sistent aux dommages dans les environnements exigeants. Les diam\u00e8tres d&#8217;orifice vont de 2,4 mm \u00e0 12,7 mm, ce qui permet de couvrir un large \u00e9ventail d&#8217;applications.<\/p>\n<p>Utilisez ces vannes avec de l&#8217;eau, de l&#8217;huile, de l&#8217;air, du gaz et d&#8217;autres liquides et gaz propres, non r\u00e9actifs et exempts de s\u00e9diments. Elles fonctionnent du vide jusqu&#8217;\u00e0 la pression maximale indiqu\u00e9e dans les sp\u00e9cifications. Installez la vanne avec l&#8217;\u00e9lectroaimant en position verticale.<\/p>\n<p>Chaque bobine est \u00e9quip\u00e9e de fils de 45 cm. Pour les applications n\u00e9cessitant une fermeture exceptionnellement \u00e9tanche, telles que les huiles combustibles et l&#8217;oxyg\u00e8ne gazeux, une option de si\u00e8ge souple en Viton est disponible pour am\u00e9liorer les performances d&#8217;\u00e9tanch\u00e9it\u00e9. Durables et polyvalentes, les vannes Magnatrol de type NR offrent des performances fiables avec de nombreux types de fluides et dans diverses conditions de fonctionnement.<\/p>\n","protected":false},"excerpt":{"rendered":"<p>Les \u00e9lectrovannes Magnatrol de type NR sont des vannes normalement ouvertes, disponibles dans des diam\u00e8tres de 1\/2 pouce et 3\/4 pouce. Elles se ferment lorsqu&#8217;elles sont sous tension et s&#8217;ouvrent lorsque l&#8217;alimentation est coup\u00e9e. Comme elles fonctionnent sans diff\u00e9rence de pression, elles s&#8217;ouvrent de mani\u00e8re fiable m\u00eame \u00e0 basse pression ou en l&#8217;absence totale de [&hellip;]<\/p>\n","protected":false},"featured_media":16282,"comment_status":"closed","ping_status":"closed","template":"","meta":[],"product_brand":[1913,1912],"product_cat":[896],"product_tag":[],"class_list":{"0":"post-16284","1":"product","2":"type-product","3":"status-publish","4":"has-post-thumbnail","6":"product_brand-cryogen-valve","7":"product_brand-magnatrol","8":"product_cat-vannes-et-composants-cryogeniques","10":"first","11":"instock","12":"shipping-taxable","13":"product-type-simple"},"yoast_head":"<!-- This site is optimized with the Yoast SEO plugin v27.3 - https:\/\/yoast.com\/product\/yoast-seo-wordpress\/ -->\n<title>S\u00e9rie NR de vannes magn\u00e9tiques cryog\u00e9niques NO - LDA Belgique<\/title>\n<meta name=\"description\" content=\"Magnatrol Type NR : vannes sol\u00e9no\u00efdes en bronze \u00e0 action directe, normalement ouvertes, 1\/2&quot;\u20133\/4&quot;, 0,7\u201318,6 bar, jusqu&#039;\u00e0 +100\u00b0C. Adapt\u00e9es \u00e0 l&#039;eau, l&#039;huile, l&#039;air et le gaz.\" \/>\n<meta name=\"robots\" content=\"index, follow, max-snippet:-1, max-image-preview:large, max-video-preview:-1\" \/>\n<link rel=\"canonical\" href=\"https:\/\/lda.be\/fr\/produit\/serie-nr-de-vannes-magnetiques-cryogeniques-no\/\" \/>\n<meta property=\"og:locale\" content=\"fr_FR\" \/>\n<meta property=\"og:type\" content=\"article\" \/>\n<meta property=\"og:title\" content=\"S\u00e9rie NR de vannes magn\u00e9tiques cryog\u00e9niques NO - LDA Belgique\" \/>\n<meta property=\"og:description\" content=\"Magnatrol Type NR : vannes sol\u00e9no\u00efdes en bronze \u00e0 action directe, normalement ouvertes, 1\/2&quot;\u20133\/4&quot;, 0,7\u201318,6 bar, jusqu&#039;\u00e0 +100\u00b0C. Adapt\u00e9es \u00e0 l&#039;eau, l&#039;huile, l&#039;air et le gaz.\" \/>\n<meta property=\"og:url\" content=\"https:\/\/lda.be\/fr\/produit\/serie-nr-de-vannes-magnetiques-cryogeniques-no\/\" \/>\n<meta property=\"og:site_name\" content=\"LDA Belgique\" \/>\n<meta property=\"article:modified_time\" content=\"2026-04-09T14:03:34+00:00\" \/>\n<meta property=\"og:image\" content=\"https:\/\/lda.be\/wp-content\/uploads\/2026\/04\/NR-NC-cryogeen-magneetventiel.webp\" \/>\n\t<meta property=\"og:image:width\" content=\"1080\" \/>\n\t<meta property=\"og:image:height\" content=\"1080\" \/>\n\t<meta property=\"og:image:type\" content=\"image\/webp\" \/>\n<meta name=\"twitter:card\" content=\"summary_large_image\" \/>\n<meta name=\"twitter:label1\" content=\"Dur\u00e9e de lecture estim\u00e9e\" \/>\n\t<meta name=\"twitter:data1\" content=\"2 minutes\" \/>\n<script type=\"application\/ld+json\" class=\"yoast-schema-graph\">{\"@context\":\"https:\\\/\\\/schema.org\",\"@graph\":[{\"@type\":\"WebPage\",\"@id\":\"https:\\\/\\\/lda.be\\\/fr\\\/produit\\\/serie-nr-de-vannes-magnetiques-cryogeniques-no\\\/\",\"url\":\"https:\\\/\\\/lda.be\\\/fr\\\/produit\\\/serie-nr-de-vannes-magnetiques-cryogeniques-no\\\/\",\"name\":\"S\u00e9rie NR de vannes magn\u00e9tiques cryog\u00e9niques NO - LDA Belgique\",\"isPartOf\":{\"@id\":\"https:\\\/\\\/lda.be\\\/fr\\\/#website\"},\"primaryImageOfPage\":{\"@id\":\"https:\\\/\\\/lda.be\\\/fr\\\/produit\\\/serie-nr-de-vannes-magnetiques-cryogeniques-no\\\/#primaryimage\"},\"image\":{\"@id\":\"https:\\\/\\\/lda.be\\\/fr\\\/produit\\\/serie-nr-de-vannes-magnetiques-cryogeniques-no\\\/#primaryimage\"},\"thumbnailUrl\":\"https:\\\/\\\/lda.be\\\/wp-content\\\/uploads\\\/2026\\\/04\\\/NR-NC-cryogeen-magneetventiel.webp\",\"datePublished\":\"2026-04-09T13:59:55+00:00\",\"dateModified\":\"2026-04-09T14:03:34+00:00\",\"description\":\"Magnatrol Type NR : vannes sol\u00e9no\u00efdes en bronze \u00e0 action directe, normalement ouvertes, 1\\\/2\\\"\u20133\\\/4\\\", 0,7\u201318,6 bar, jusqu'\u00e0 +100\u00b0C. Adapt\u00e9es \u00e0 l'eau, l'huile, l'air et le gaz.\",\"breadcrumb\":{\"@id\":\"https:\\\/\\\/lda.be\\\/fr\\\/produit\\\/serie-nr-de-vannes-magnetiques-cryogeniques-no\\\/#breadcrumb\"},\"inLanguage\":\"fr-FR\",\"potentialAction\":[{\"@type\":\"ReadAction\",\"target\":[\"https:\\\/\\\/lda.be\\\/fr\\\/produit\\\/serie-nr-de-vannes-magnetiques-cryogeniques-no\\\/\"]}]},{\"@type\":\"ImageObject\",\"inLanguage\":\"fr-FR\",\"@id\":\"https:\\\/\\\/lda.be\\\/fr\\\/produit\\\/serie-nr-de-vannes-magnetiques-cryogeniques-no\\\/#primaryimage\",\"url\":\"https:\\\/\\\/lda.be\\\/wp-content\\\/uploads\\\/2026\\\/04\\\/NR-NC-cryogeen-magneetventiel.webp\",\"contentUrl\":\"https:\\\/\\\/lda.be\\\/wp-content\\\/uploads\\\/2026\\\/04\\\/NR-NC-cryogeen-magneetventiel.webp\",\"width\":1080,\"height\":1080,\"caption\":\"NR NC cryogeen magneetventiel\"},{\"@type\":\"BreadcrumbList\",\"@id\":\"https:\\\/\\\/lda.be\\\/fr\\\/produit\\\/serie-nr-de-vannes-magnetiques-cryogeniques-no\\\/#breadcrumb\",\"itemListElement\":[{\"@type\":\"ListItem\",\"position\":1,\"name\":\"Accueil\",\"item\":\"https:\\\/\\\/lda.be\\\/fr\\\/\"},{\"@type\":\"ListItem\",\"position\":2,\"name\":\"Produits\",\"item\":\"https:\\\/\\\/lda.be\\\/fr\\\/produits\\\/\"},{\"@type\":\"ListItem\",\"position\":3,\"name\":\"S\u00e9rie NR de vannes magn\u00e9tiques cryog\u00e9niques NO\"}]},{\"@type\":\"WebSite\",\"@id\":\"https:\\\/\\\/lda.be\\\/fr\\\/#website\",\"url\":\"https:\\\/\\\/lda.be\\\/fr\\\/\",\"name\":\"LDA Belgium\",\"description\":\"Solutions For Life\",\"publisher\":{\"@id\":\"https:\\\/\\\/lda.be\\\/fr\\\/#organization\"},\"potentialAction\":[{\"@type\":\"SearchAction\",\"target\":{\"@type\":\"EntryPoint\",\"urlTemplate\":\"https:\\\/\\\/lda.be\\\/fr\\\/?s={search_term_string}\"},\"query-input\":{\"@type\":\"PropertyValueSpecification\",\"valueRequired\":true,\"valueName\":\"search_term_string\"}}],\"inLanguage\":\"fr-FR\"},{\"@type\":\"Organization\",\"@id\":\"https:\\\/\\\/lda.be\\\/fr\\\/#organization\",\"name\":\"LDA Belgium\",\"url\":\"https:\\\/\\\/lda.be\\\/fr\\\/\",\"logo\":{\"@type\":\"ImageObject\",\"inLanguage\":\"fr-FR\",\"@id\":\"https:\\\/\\\/lda.be\\\/fr\\\/#\\\/schema\\\/logo\\\/image\\\/\",\"url\":\"https:\\\/\\\/lda.be\\\/wp-content\\\/uploads\\\/2022\\\/07\\\/Logo-LDA.webp\",\"contentUrl\":\"https:\\\/\\\/lda.be\\\/wp-content\\\/uploads\\\/2022\\\/07\\\/Logo-LDA.webp\",\"width\":311,\"height\":101,\"caption\":\"LDA Belgium\"},\"image\":{\"@id\":\"https:\\\/\\\/lda.be\\\/fr\\\/#\\\/schema\\\/logo\\\/image\\\/\"},\"sameAs\":[\"https:\\\/\\\/www.linkedin.com\\\/company\\\/lda-belgium-nv\"]}]}<\/script>\n<!-- \/ Yoast SEO plugin. -->","yoast_head_json":{"title":"S\u00e9rie NR de vannes magn\u00e9tiques cryog\u00e9niques NO - LDA Belgique","description":"Magnatrol Type NR : vannes sol\u00e9no\u00efdes en bronze \u00e0 action directe, normalement ouvertes, 1\/2\"\u20133\/4\", 0,7\u201318,6 bar, jusqu'\u00e0 +100\u00b0C. Adapt\u00e9es \u00e0 l'eau, l'huile, l'air et le gaz.","robots":{"index":"index","follow":"follow","max-snippet":"max-snippet:-1","max-image-preview":"max-image-preview:large","max-video-preview":"max-video-preview:-1"},"canonical":"https:\/\/lda.be\/fr\/produit\/serie-nr-de-vannes-magnetiques-cryogeniques-no\/","og_locale":"fr_FR","og_type":"article","og_title":"S\u00e9rie NR de vannes magn\u00e9tiques cryog\u00e9niques NO - LDA Belgique","og_description":"Magnatrol Type NR : vannes sol\u00e9no\u00efdes en bronze \u00e0 action directe, normalement ouvertes, 1\/2\"\u20133\/4\", 0,7\u201318,6 bar, jusqu'\u00e0 +100\u00b0C. Adapt\u00e9es \u00e0 l'eau, l'huile, l'air et le gaz.","og_url":"https:\/\/lda.be\/fr\/produit\/serie-nr-de-vannes-magnetiques-cryogeniques-no\/","og_site_name":"LDA Belgique","article_modified_time":"2026-04-09T14:03:34+00:00","og_image":[{"width":1080,"height":1080,"url":"https:\/\/lda.be\/wp-content\/uploads\/2026\/04\/NR-NC-cryogeen-magneetventiel.webp","type":"image\/webp"}],"twitter_card":"summary_large_image","twitter_misc":{"Dur\u00e9e de lecture estim\u00e9e":"2 minutes"},"schema":{"@context":"https:\/\/schema.org","@graph":[{"@type":"WebPage","@id":"https:\/\/lda.be\/fr\/produit\/serie-nr-de-vannes-magnetiques-cryogeniques-no\/","url":"https:\/\/lda.be\/fr\/produit\/serie-nr-de-vannes-magnetiques-cryogeniques-no\/","name":"S\u00e9rie NR de vannes magn\u00e9tiques cryog\u00e9niques NO - LDA Belgique","isPartOf":{"@id":"https:\/\/lda.be\/fr\/#website"},"primaryImageOfPage":{"@id":"https:\/\/lda.be\/fr\/produit\/serie-nr-de-vannes-magnetiques-cryogeniques-no\/#primaryimage"},"image":{"@id":"https:\/\/lda.be\/fr\/produit\/serie-nr-de-vannes-magnetiques-cryogeniques-no\/#primaryimage"},"thumbnailUrl":"https:\/\/lda.be\/wp-content\/uploads\/2026\/04\/NR-NC-cryogeen-magneetventiel.webp","datePublished":"2026-04-09T13:59:55+00:00","dateModified":"2026-04-09T14:03:34+00:00","description":"Magnatrol Type NR : vannes sol\u00e9no\u00efdes en bronze \u00e0 action directe, normalement ouvertes, 1\/2\"\u20133\/4\", 0,7\u201318,6 bar, jusqu'\u00e0 +100\u00b0C. Adapt\u00e9es \u00e0 l'eau, l'huile, l'air et le gaz.","breadcrumb":{"@id":"https:\/\/lda.be\/fr\/produit\/serie-nr-de-vannes-magnetiques-cryogeniques-no\/#breadcrumb"},"inLanguage":"fr-FR","potentialAction":[{"@type":"ReadAction","target":["https:\/\/lda.be\/fr\/produit\/serie-nr-de-vannes-magnetiques-cryogeniques-no\/"]}]},{"@type":"ImageObject","inLanguage":"fr-FR","@id":"https:\/\/lda.be\/fr\/produit\/serie-nr-de-vannes-magnetiques-cryogeniques-no\/#primaryimage","url":"https:\/\/lda.be\/wp-content\/uploads\/2026\/04\/NR-NC-cryogeen-magneetventiel.webp","contentUrl":"https:\/\/lda.be\/wp-content\/uploads\/2026\/04\/NR-NC-cryogeen-magneetventiel.webp","width":1080,"height":1080,"caption":"NR NC cryogeen magneetventiel"},{"@type":"BreadcrumbList","@id":"https:\/\/lda.be\/fr\/produit\/serie-nr-de-vannes-magnetiques-cryogeniques-no\/#breadcrumb","itemListElement":[{"@type":"ListItem","position":1,"name":"Accueil","item":"https:\/\/lda.be\/fr\/"},{"@type":"ListItem","position":2,"name":"Produits","item":"https:\/\/lda.be\/fr\/produits\/"},{"@type":"ListItem","position":3,"name":"S\u00e9rie NR de vannes magn\u00e9tiques cryog\u00e9niques NO"}]},{"@type":"WebSite","@id":"https:\/\/lda.be\/fr\/#website","url":"https:\/\/lda.be\/fr\/","name":"LDA Belgium","description":"Solutions For Life","publisher":{"@id":"https:\/\/lda.be\/fr\/#organization"},"potentialAction":[{"@type":"SearchAction","target":{"@type":"EntryPoint","urlTemplate":"https:\/\/lda.be\/fr\/?s={search_term_string}"},"query-input":{"@type":"PropertyValueSpecification","valueRequired":true,"valueName":"search_term_string"}}],"inLanguage":"fr-FR"},{"@type":"Organization","@id":"https:\/\/lda.be\/fr\/#organization","name":"LDA Belgium","url":"https:\/\/lda.be\/fr\/","logo":{"@type":"ImageObject","inLanguage":"fr-FR","@id":"https:\/\/lda.be\/fr\/#\/schema\/logo\/image\/","url":"https:\/\/lda.be\/wp-content\/uploads\/2022\/07\/Logo-LDA.webp","contentUrl":"https:\/\/lda.be\/wp-content\/uploads\/2022\/07\/Logo-LDA.webp","width":311,"height":101,"caption":"LDA Belgium"},"image":{"@id":"https:\/\/lda.be\/fr\/#\/schema\/logo\/image\/"},"sameAs":["https:\/\/www.linkedin.com\/company\/lda-belgium-nv"]}]}},"_links":{"self":[{"href":"https:\/\/lda.be\/fr\/wp-json\/wp\/v2\/product\/16284","targetHints":{"allow":["GET"]}}],"collection":[{"href":"https:\/\/lda.be\/fr\/wp-json\/wp\/v2\/product"}],"about":[{"href":"https:\/\/lda.be\/fr\/wp-json\/wp\/v2\/types\/product"}],"replies":[{"embeddable":true,"href":"https:\/\/lda.be\/fr\/wp-json\/wp\/v2\/comments?post=16284"}],"wp:featuredmedia":[{"embeddable":true,"href":"https:\/\/lda.be\/fr\/wp-json\/wp\/v2\/media\/16282"}],"wp:attachment":[{"href":"https:\/\/lda.be\/fr\/wp-json\/wp\/v2\/media?parent=16284"}],"wp:term":[{"taxonomy":"product_brand","embeddable":true,"href":"https:\/\/lda.be\/fr\/wp-json\/wp\/v2\/product_brand?post=16284"},{"taxonomy":"product_cat","embeddable":true,"href":"https:\/\/lda.be\/fr\/wp-json\/wp\/v2\/product_cat?post=16284"},{"taxonomy":"product_tag","embeddable":true,"href":"https:\/\/lda.be\/fr\/wp-json\/wp\/v2\/product_tag?post=16284"}],"curies":[{"name":"wp","href":"https:\/\/api.w.org\/{rel}","templated":true}]}}