{"id":16296,"date":"2026-04-13T13:04:57","date_gmt":"2026-04-13T12:04:57","guid":{"rendered":"https:\/\/lda.be\/?post_type=product&#038;p=16296"},"modified":"2026-04-15T14:04:14","modified_gmt":"2026-04-15T13:04:14","slug":"serie-35k-vanne-cryogenique","status":"publish","type":"product","link":"https:\/\/lda.be\/fr\/produit\/serie-35k-vanne-cryogenique\/","title":{"rendered":"S\u00e9rie 35K vanne cryog\u00e9nique G1\/4 &#8211; G2 0 &#8211; 40 bar"},"content":{"rendered":"<p>Cette <strong>vanne \u00e0 piston 2\/2 voies \u00e0 pilotage assist\u00e9<\/strong> est con\u00e7ue pour les <strong>milieux gazeux et liquides neutres<\/strong> et offre une <strong>plage de temp\u00e9rature \u00e9tendue de -60\u00b0C \u00e0 +80\u00b0C<\/strong>. La vanne est <strong>normalement ferm\u00e9e (NC)<\/strong> en standard et peut \u00eatre configur\u00e9e en option comme <strong>normalement ouverte (NO)<\/strong>. Gr\u00e2ce \u00e0 sa <strong>conception \u00e0 pilotage assist\u00e9<\/strong>, <strong>aucun diff\u00e9rentiel de pression<\/strong> n&#8217;est n\u00e9cessaire pour son fonctionnement. La vanne se ferme par <strong>ressort<\/strong> lors de la <strong>d\u00e9connexion<\/strong>. Les <strong>joints en PTFE<\/strong> et les mat\u00e9riaux de haute qualit\u00e9 comme le <strong>laiton et l&#8217;acier inoxydable<\/strong> garantissent une <strong>longue dur\u00e9e de vie<\/strong> et une <strong>\u00e9tanch\u00e9it\u00e9 fiable<\/strong>. La vanne est disponible avec des <strong>raccords \u00e0 manchon de G1\/4 \u00e0 G2<\/strong> et supporte une <strong>plage de pression allant jusqu&#8217;\u00e0 40 bar<\/strong>. Le <strong>bo\u00eetier IP65<\/strong> et la <strong>certification ATEX<\/strong> la rendent adapt\u00e9e aux environnements industriels exigeants.<\/p>\n","protected":false},"excerpt":{"rendered":"<p>Cette vanne \u00e0 piston 2\/2 voies \u00e0 pilotage assist\u00e9 est con\u00e7ue pour les milieux gazeux et liquides neutres et offre une plage de temp\u00e9rature \u00e9tendue de -60\u00b0C \u00e0 +80\u00b0C. La vanne est normalement ferm\u00e9e (NC) en standard et peut \u00eatre configur\u00e9e en option comme normalement ouverte (NO). Gr\u00e2ce \u00e0 sa conception \u00e0 pilotage assist\u00e9, aucun [&hellip;]<\/p>\n","protected":false},"featured_media":16293,"comment_status":"closed","ping_status":"closed","template":"","meta":[],"product_brand":[],"product_cat":[896],"product_tag":[],"class_list":{"0":"post-16296","1":"product","2":"type-product","3":"status-publish","4":"has-post-thumbnail","6":"product_cat-vannes-et-composants-cryogeniques","8":"first","9":"instock","10":"shipping-taxable","11":"product-type-simple"},"yoast_head":"<!-- This site is optimized with the Yoast SEO plugin v27.3 - https:\/\/yoast.com\/product\/yoast-seo-wordpress\/ -->\n<title>S\u00e9rie 35K vanne cryog\u00e9nique G1\/4 - G2 0 - 40 bar - LDA Belgique<\/title>\n<meta name=\"description\" content=\"Vanne \u00e0 piston 2\/2 voies \u00e0 pilotage assist\u00e9 pour milieux neutres. Plage de temp\u00e9rature -60\u00b0C \u00e0 +80\u00b0C, pression jusqu&#039;\u00e0 40 bar, \u00e9tanch\u00e9it\u00e9 PTFE, IP65, ATEX.\" \/>\n<meta name=\"robots\" content=\"index, follow, max-snippet:-1, max-image-preview:large, max-video-preview:-1\" \/>\n<link rel=\"canonical\" href=\"https:\/\/lda.be\/fr\/produit\/serie-35k-vanne-cryogenique\/\" \/>\n<meta property=\"og:locale\" content=\"fr_FR\" \/>\n<meta property=\"og:type\" content=\"article\" \/>\n<meta property=\"og:title\" content=\"S\u00e9rie 35K vanne cryog\u00e9nique G1\/4 - G2 0 - 40 bar - LDA Belgique\" \/>\n<meta property=\"og:description\" content=\"Vanne \u00e0 piston 2\/2 voies \u00e0 pilotage assist\u00e9 pour milieux neutres. Plage de temp\u00e9rature -60\u00b0C \u00e0 +80\u00b0C, pression jusqu&#039;\u00e0 40 bar, \u00e9tanch\u00e9it\u00e9 PTFE, IP65, ATEX.\" \/>\n<meta property=\"og:url\" content=\"https:\/\/lda.be\/fr\/produit\/serie-35k-vanne-cryogenique\/\" \/>\n<meta property=\"og:site_name\" content=\"LDA Belgique\" \/>\n<meta property=\"article:modified_time\" content=\"2026-04-15T13:04:14+00:00\" \/>\n<meta property=\"og:image\" content=\"https:\/\/lda.be\/wp-content\/uploads\/2026\/04\/35K-cryogeen-magneetventiel.webp\" \/>\n\t<meta property=\"og:image:width\" content=\"1080\" \/>\n\t<meta property=\"og:image:height\" content=\"1080\" \/>\n\t<meta property=\"og:image:type\" content=\"image\/webp\" \/>\n<meta name=\"twitter:card\" content=\"summary_large_image\" \/>\n<meta name=\"twitter:label1\" content=\"Dur\u00e9e de lecture estim\u00e9e\" \/>\n\t<meta name=\"twitter:data1\" content=\"1 minute\" \/>\n<script type=\"application\/ld+json\" class=\"yoast-schema-graph\">{\"@context\":\"https:\\\/\\\/schema.org\",\"@graph\":[{\"@type\":\"WebPage\",\"@id\":\"https:\\\/\\\/lda.be\\\/fr\\\/produit\\\/serie-35k-vanne-cryogenique\\\/\",\"url\":\"https:\\\/\\\/lda.be\\\/fr\\\/produit\\\/serie-35k-vanne-cryogenique\\\/\",\"name\":\"S\u00e9rie 35K vanne cryog\u00e9nique G1\\\/4 - G2 0 - 40 bar - LDA Belgique\",\"isPartOf\":{\"@id\":\"https:\\\/\\\/lda.be\\\/fr\\\/#website\"},\"primaryImageOfPage\":{\"@id\":\"https:\\\/\\\/lda.be\\\/fr\\\/produit\\\/serie-35k-vanne-cryogenique\\\/#primaryimage\"},\"image\":{\"@id\":\"https:\\\/\\\/lda.be\\\/fr\\\/produit\\\/serie-35k-vanne-cryogenique\\\/#primaryimage\"},\"thumbnailUrl\":\"https:\\\/\\\/lda.be\\\/wp-content\\\/uploads\\\/2026\\\/04\\\/35K-cryogeen-magneetventiel.webp\",\"datePublished\":\"2026-04-13T12:04:57+00:00\",\"dateModified\":\"2026-04-15T13:04:14+00:00\",\"description\":\"Vanne \u00e0 piston 2\\\/2 voies \u00e0 pilotage assist\u00e9 pour milieux neutres. Plage de temp\u00e9rature -60\u00b0C \u00e0 +80\u00b0C, pression jusqu'\u00e0 40 bar, \u00e9tanch\u00e9it\u00e9 PTFE, IP65, ATEX.\",\"breadcrumb\":{\"@id\":\"https:\\\/\\\/lda.be\\\/fr\\\/produit\\\/serie-35k-vanne-cryogenique\\\/#breadcrumb\"},\"inLanguage\":\"fr-FR\",\"potentialAction\":[{\"@type\":\"ReadAction\",\"target\":[\"https:\\\/\\\/lda.be\\\/fr\\\/produit\\\/serie-35k-vanne-cryogenique\\\/\"]}]},{\"@type\":\"ImageObject\",\"inLanguage\":\"fr-FR\",\"@id\":\"https:\\\/\\\/lda.be\\\/fr\\\/produit\\\/serie-35k-vanne-cryogenique\\\/#primaryimage\",\"url\":\"https:\\\/\\\/lda.be\\\/wp-content\\\/uploads\\\/2026\\\/04\\\/35K-cryogeen-magneetventiel.webp\",\"contentUrl\":\"https:\\\/\\\/lda.be\\\/wp-content\\\/uploads\\\/2026\\\/04\\\/35K-cryogeen-magneetventiel.webp\",\"width\":1080,\"height\":1080,\"caption\":\"35K cryogeen magneetventiel\"},{\"@type\":\"BreadcrumbList\",\"@id\":\"https:\\\/\\\/lda.be\\\/fr\\\/produit\\\/serie-35k-vanne-cryogenique\\\/#breadcrumb\",\"itemListElement\":[{\"@type\":\"ListItem\",\"position\":1,\"name\":\"Accueil\",\"item\":\"https:\\\/\\\/lda.be\\\/fr\\\/\"},{\"@type\":\"ListItem\",\"position\":2,\"name\":\"Produits\",\"item\":\"https:\\\/\\\/lda.be\\\/fr\\\/produits\\\/\"},{\"@type\":\"ListItem\",\"position\":3,\"name\":\"S\u00e9rie 35K vanne cryog\u00e9nique G1\\\/4 &#8211; G2 0 &#8211; 40 bar\"}]},{\"@type\":\"WebSite\",\"@id\":\"https:\\\/\\\/lda.be\\\/fr\\\/#website\",\"url\":\"https:\\\/\\\/lda.be\\\/fr\\\/\",\"name\":\"LDA Belgium\",\"description\":\"Solutions For Life\",\"publisher\":{\"@id\":\"https:\\\/\\\/lda.be\\\/fr\\\/#organization\"},\"potentialAction\":[{\"@type\":\"SearchAction\",\"target\":{\"@type\":\"EntryPoint\",\"urlTemplate\":\"https:\\\/\\\/lda.be\\\/fr\\\/?s={search_term_string}\"},\"query-input\":{\"@type\":\"PropertyValueSpecification\",\"valueRequired\":true,\"valueName\":\"search_term_string\"}}],\"inLanguage\":\"fr-FR\"},{\"@type\":\"Organization\",\"@id\":\"https:\\\/\\\/lda.be\\\/fr\\\/#organization\",\"name\":\"LDA Belgium\",\"url\":\"https:\\\/\\\/lda.be\\\/fr\\\/\",\"logo\":{\"@type\":\"ImageObject\",\"inLanguage\":\"fr-FR\",\"@id\":\"https:\\\/\\\/lda.be\\\/fr\\\/#\\\/schema\\\/logo\\\/image\\\/\",\"url\":\"https:\\\/\\\/lda.be\\\/wp-content\\\/uploads\\\/2022\\\/07\\\/Logo-LDA.webp\",\"contentUrl\":\"https:\\\/\\\/lda.be\\\/wp-content\\\/uploads\\\/2022\\\/07\\\/Logo-LDA.webp\",\"width\":311,\"height\":101,\"caption\":\"LDA Belgium\"},\"image\":{\"@id\":\"https:\\\/\\\/lda.be\\\/fr\\\/#\\\/schema\\\/logo\\\/image\\\/\"},\"sameAs\":[\"https:\\\/\\\/www.linkedin.com\\\/company\\\/lda-belgium-nv\"]}]}<\/script>\n<!-- \/ Yoast SEO plugin. -->","yoast_head_json":{"title":"S\u00e9rie 35K vanne cryog\u00e9nique G1\/4 - G2 0 - 40 bar - LDA Belgique","description":"Vanne \u00e0 piston 2\/2 voies \u00e0 pilotage assist\u00e9 pour milieux neutres. Plage de temp\u00e9rature -60\u00b0C \u00e0 +80\u00b0C, pression jusqu'\u00e0 40 bar, \u00e9tanch\u00e9it\u00e9 PTFE, IP65, ATEX.","robots":{"index":"index","follow":"follow","max-snippet":"max-snippet:-1","max-image-preview":"max-image-preview:large","max-video-preview":"max-video-preview:-1"},"canonical":"https:\/\/lda.be\/fr\/produit\/serie-35k-vanne-cryogenique\/","og_locale":"fr_FR","og_type":"article","og_title":"S\u00e9rie 35K vanne cryog\u00e9nique G1\/4 - G2 0 - 40 bar - LDA Belgique","og_description":"Vanne \u00e0 piston 2\/2 voies \u00e0 pilotage assist\u00e9 pour milieux neutres. Plage de temp\u00e9rature -60\u00b0C \u00e0 +80\u00b0C, pression jusqu'\u00e0 40 bar, \u00e9tanch\u00e9it\u00e9 PTFE, IP65, ATEX.","og_url":"https:\/\/lda.be\/fr\/produit\/serie-35k-vanne-cryogenique\/","og_site_name":"LDA Belgique","article_modified_time":"2026-04-15T13:04:14+00:00","og_image":[{"width":1080,"height":1080,"url":"https:\/\/lda.be\/wp-content\/uploads\/2026\/04\/35K-cryogeen-magneetventiel.webp","type":"image\/webp"}],"twitter_card":"summary_large_image","twitter_misc":{"Dur\u00e9e de lecture estim\u00e9e":"1 minute"},"schema":{"@context":"https:\/\/schema.org","@graph":[{"@type":"WebPage","@id":"https:\/\/lda.be\/fr\/produit\/serie-35k-vanne-cryogenique\/","url":"https:\/\/lda.be\/fr\/produit\/serie-35k-vanne-cryogenique\/","name":"S\u00e9rie 35K vanne cryog\u00e9nique G1\/4 - G2 0 - 40 bar - LDA Belgique","isPartOf":{"@id":"https:\/\/lda.be\/fr\/#website"},"primaryImageOfPage":{"@id":"https:\/\/lda.be\/fr\/produit\/serie-35k-vanne-cryogenique\/#primaryimage"},"image":{"@id":"https:\/\/lda.be\/fr\/produit\/serie-35k-vanne-cryogenique\/#primaryimage"},"thumbnailUrl":"https:\/\/lda.be\/wp-content\/uploads\/2026\/04\/35K-cryogeen-magneetventiel.webp","datePublished":"2026-04-13T12:04:57+00:00","dateModified":"2026-04-15T13:04:14+00:00","description":"Vanne \u00e0 piston 2\/2 voies \u00e0 pilotage assist\u00e9 pour milieux neutres. Plage de temp\u00e9rature -60\u00b0C \u00e0 +80\u00b0C, pression jusqu'\u00e0 40 bar, \u00e9tanch\u00e9it\u00e9 PTFE, IP65, ATEX.","breadcrumb":{"@id":"https:\/\/lda.be\/fr\/produit\/serie-35k-vanne-cryogenique\/#breadcrumb"},"inLanguage":"fr-FR","potentialAction":[{"@type":"ReadAction","target":["https:\/\/lda.be\/fr\/produit\/serie-35k-vanne-cryogenique\/"]}]},{"@type":"ImageObject","inLanguage":"fr-FR","@id":"https:\/\/lda.be\/fr\/produit\/serie-35k-vanne-cryogenique\/#primaryimage","url":"https:\/\/lda.be\/wp-content\/uploads\/2026\/04\/35K-cryogeen-magneetventiel.webp","contentUrl":"https:\/\/lda.be\/wp-content\/uploads\/2026\/04\/35K-cryogeen-magneetventiel.webp","width":1080,"height":1080,"caption":"35K cryogeen magneetventiel"},{"@type":"BreadcrumbList","@id":"https:\/\/lda.be\/fr\/produit\/serie-35k-vanne-cryogenique\/#breadcrumb","itemListElement":[{"@type":"ListItem","position":1,"name":"Accueil","item":"https:\/\/lda.be\/fr\/"},{"@type":"ListItem","position":2,"name":"Produits","item":"https:\/\/lda.be\/fr\/produits\/"},{"@type":"ListItem","position":3,"name":"S\u00e9rie 35K vanne cryog\u00e9nique G1\/4 &#8211; G2 0 &#8211; 40 bar"}]},{"@type":"WebSite","@id":"https:\/\/lda.be\/fr\/#website","url":"https:\/\/lda.be\/fr\/","name":"LDA Belgium","description":"Solutions For Life","publisher":{"@id":"https:\/\/lda.be\/fr\/#organization"},"potentialAction":[{"@type":"SearchAction","target":{"@type":"EntryPoint","urlTemplate":"https:\/\/lda.be\/fr\/?s={search_term_string}"},"query-input":{"@type":"PropertyValueSpecification","valueRequired":true,"valueName":"search_term_string"}}],"inLanguage":"fr-FR"},{"@type":"Organization","@id":"https:\/\/lda.be\/fr\/#organization","name":"LDA Belgium","url":"https:\/\/lda.be\/fr\/","logo":{"@type":"ImageObject","inLanguage":"fr-FR","@id":"https:\/\/lda.be\/fr\/#\/schema\/logo\/image\/","url":"https:\/\/lda.be\/wp-content\/uploads\/2022\/07\/Logo-LDA.webp","contentUrl":"https:\/\/lda.be\/wp-content\/uploads\/2022\/07\/Logo-LDA.webp","width":311,"height":101,"caption":"LDA Belgium"},"image":{"@id":"https:\/\/lda.be\/fr\/#\/schema\/logo\/image\/"},"sameAs":["https:\/\/www.linkedin.com\/company\/lda-belgium-nv"]}]}},"_links":{"self":[{"href":"https:\/\/lda.be\/fr\/wp-json\/wp\/v2\/product\/16296","targetHints":{"allow":["GET"]}}],"collection":[{"href":"https:\/\/lda.be\/fr\/wp-json\/wp\/v2\/product"}],"about":[{"href":"https:\/\/lda.be\/fr\/wp-json\/wp\/v2\/types\/product"}],"replies":[{"embeddable":true,"href":"https:\/\/lda.be\/fr\/wp-json\/wp\/v2\/comments?post=16296"}],"wp:featuredmedia":[{"embeddable":true,"href":"https:\/\/lda.be\/fr\/wp-json\/wp\/v2\/media\/16293"}],"wp:attachment":[{"href":"https:\/\/lda.be\/fr\/wp-json\/wp\/v2\/media?parent=16296"}],"wp:term":[{"taxonomy":"product_brand","embeddable":true,"href":"https:\/\/lda.be\/fr\/wp-json\/wp\/v2\/product_brand?post=16296"},{"taxonomy":"product_cat","embeddable":true,"href":"https:\/\/lda.be\/fr\/wp-json\/wp\/v2\/product_cat?post=16296"},{"taxonomy":"product_tag","embeddable":true,"href":"https:\/\/lda.be\/fr\/wp-json\/wp\/v2\/product_tag?post=16296"}],"curies":[{"name":"wp","href":"https:\/\/api.w.org\/{rel}","templated":true}]}}