{"id":16316,"date":"2026-04-13T15:24:03","date_gmt":"2026-04-13T14:24:03","guid":{"rendered":"https:\/\/lda.be\/?post_type=product&#038;p=16316"},"modified":"2026-04-15T13:50:48","modified_gmt":"2026-04-15T12:50:48","slug":"serie-k24-vanne-a-piston-2-2-voies","status":"publish","type":"product","link":"https:\/\/lda.be\/fr\/produit\/serie-k24-vanne-a-piston-2-2-voies\/","title":{"rendered":"S\u00e9rie K24 : vanne \u00e0 piston 2\/2 voies Bride DN65 \u2013 DN100, 0\u201340 bar"},"content":{"rendered":"<p>Le mod\u00e8le K24 est une vanne \u00e0 piston \u00e0 pilotage forc\u00e9 \u00e0 2\/2 voies destin\u00e9e aux gaz et liquides neutres, adapt\u00e9e \u00e0 des temp\u00e9ratures comprises entre -60 \u00b0C et +80 \u00b0C. Elle est de s\u00e9rie de type normalement ferm\u00e9e (NC), mais une version normalement ouverte (NO) est \u00e9galement disponible. La conception \u00e0 pilotage forc\u00e9 permet un fonctionnement sans diff\u00e9rence de pression et la fermeture s&#8217;effectue par la force du ressort lorsque la vanne est hors tension.<\/p>\n<p>La vanne est dot\u00e9e d&#8217;un corps en acier inoxydable (1.4581) avec joint en PTFE et est disponible avec des raccords \u00e0 bride de DN65 \u00e0 DN100 (EN 1092-1 Forme B1\/B2, ASME en option). Elle supporte des pressions allant jusqu&#8217;\u00e0 40 bars et est \u00e9quip\u00e9e d&#8217;un bo\u00eetier class\u00e9 IP65 et d&#8217;une homologation ATEX pour une utilisation en milieu industriel.<\/p>\n","protected":false},"excerpt":{"rendered":"<p>Le mod\u00e8le K24 est une vanne \u00e0 piston \u00e0 pilotage forc\u00e9 \u00e0 2\/2 voies destin\u00e9e aux gaz et liquides neutres, adapt\u00e9e \u00e0 des temp\u00e9ratures comprises entre -60 \u00b0C et +80 \u00b0C. Elle est de s\u00e9rie de type normalement ferm\u00e9e (NC), mais une version normalement ouverte (NO) est \u00e9galement disponible. La conception \u00e0 pilotage forc\u00e9 permet [&hellip;]<\/p>\n","protected":false},"featured_media":16313,"comment_status":"closed","ping_status":"closed","template":"","meta":[],"product_brand":[],"product_cat":[896],"product_tag":[],"class_list":{"0":"post-16316","1":"product","2":"type-product","3":"status-publish","4":"has-post-thumbnail","6":"product_cat-vannes-et-composants-cryogeniques","8":"first","9":"instock","10":"shipping-taxable","11":"product-type-simple"},"yoast_head":"<!-- This site is optimized with the Yoast SEO plugin v27.3 - https:\/\/yoast.com\/product\/yoast-seo-wordpress\/ -->\n<title>S\u00e9rie K24 : vanne \u00e0 piston 2\/2 voies Bride DN65 \u2013 DN100, 0\u201340 bar - LDA Belgique<\/title>\n<meta name=\"description\" content=\"Vanne \u00e0 piston 2\/2 voies Type K24 pour milieux neutres. Plage de temp\u00e9rature -60\u00b0C \u00e0 +80\u00b0C, pression jusqu\u2019\u00e0 40 bar, \u00e9tanch\u00e9it\u00e9 PTFE, IP65, ATEX.\" \/>\n<meta name=\"robots\" content=\"index, follow, max-snippet:-1, max-image-preview:large, max-video-preview:-1\" \/>\n<link rel=\"canonical\" href=\"https:\/\/lda.be\/fr\/produit\/serie-k24-vanne-a-piston-2-2-voies\/\" \/>\n<meta property=\"og:locale\" content=\"fr_FR\" \/>\n<meta property=\"og:type\" content=\"article\" \/>\n<meta property=\"og:title\" content=\"S\u00e9rie K24 : vanne \u00e0 piston 2\/2 voies Bride DN65 \u2013 DN100, 0\u201340 bar - LDA Belgique\" \/>\n<meta property=\"og:description\" content=\"Vanne \u00e0 piston 2\/2 voies Type K24 pour milieux neutres. Plage de temp\u00e9rature -60\u00b0C \u00e0 +80\u00b0C, pression jusqu\u2019\u00e0 40 bar, \u00e9tanch\u00e9it\u00e9 PTFE, IP65, ATEX.\" \/>\n<meta property=\"og:url\" content=\"https:\/\/lda.be\/fr\/produit\/serie-k24-vanne-a-piston-2-2-voies\/\" \/>\n<meta property=\"og:site_name\" content=\"LDA Belgique\" \/>\n<meta property=\"article:modified_time\" content=\"2026-04-15T12:50:48+00:00\" \/>\n<meta property=\"og:image\" content=\"https:\/\/lda.be\/wp-content\/uploads\/2026\/04\/K27-cryogeen-ventiel.webp\" \/>\n\t<meta property=\"og:image:width\" content=\"1080\" \/>\n\t<meta property=\"og:image:height\" content=\"1080\" \/>\n\t<meta property=\"og:image:type\" content=\"image\/webp\" \/>\n<meta name=\"twitter:card\" content=\"summary_large_image\" \/>\n<meta name=\"twitter:label1\" content=\"Dur\u00e9e de lecture estim\u00e9e\" \/>\n\t<meta name=\"twitter:data1\" content=\"1 minute\" \/>\n<script type=\"application\/ld+json\" class=\"yoast-schema-graph\">{\"@context\":\"https:\\\/\\\/schema.org\",\"@graph\":[{\"@type\":\"WebPage\",\"@id\":\"https:\\\/\\\/lda.be\\\/fr\\\/produit\\\/serie-k24-vanne-a-piston-2-2-voies\\\/\",\"url\":\"https:\\\/\\\/lda.be\\\/fr\\\/produit\\\/serie-k24-vanne-a-piston-2-2-voies\\\/\",\"name\":\"S\u00e9rie K24 : vanne \u00e0 piston 2\\\/2 voies Bride DN65 \u2013 DN100, 0\u201340 bar - LDA Belgique\",\"isPartOf\":{\"@id\":\"https:\\\/\\\/lda.be\\\/fr\\\/#website\"},\"primaryImageOfPage\":{\"@id\":\"https:\\\/\\\/lda.be\\\/fr\\\/produit\\\/serie-k24-vanne-a-piston-2-2-voies\\\/#primaryimage\"},\"image\":{\"@id\":\"https:\\\/\\\/lda.be\\\/fr\\\/produit\\\/serie-k24-vanne-a-piston-2-2-voies\\\/#primaryimage\"},\"thumbnailUrl\":\"https:\\\/\\\/lda.be\\\/wp-content\\\/uploads\\\/2026\\\/04\\\/K27-cryogeen-ventiel.webp\",\"datePublished\":\"2026-04-13T14:24:03+00:00\",\"dateModified\":\"2026-04-15T12:50:48+00:00\",\"description\":\"Vanne \u00e0 piston 2\\\/2 voies Type K24 pour milieux neutres. Plage de temp\u00e9rature -60\u00b0C \u00e0 +80\u00b0C, pression jusqu\u2019\u00e0 40 bar, \u00e9tanch\u00e9it\u00e9 PTFE, IP65, ATEX.\",\"breadcrumb\":{\"@id\":\"https:\\\/\\\/lda.be\\\/fr\\\/produit\\\/serie-k24-vanne-a-piston-2-2-voies\\\/#breadcrumb\"},\"inLanguage\":\"fr-FR\",\"potentialAction\":[{\"@type\":\"ReadAction\",\"target\":[\"https:\\\/\\\/lda.be\\\/fr\\\/produit\\\/serie-k24-vanne-a-piston-2-2-voies\\\/\"]}]},{\"@type\":\"ImageObject\",\"inLanguage\":\"fr-FR\",\"@id\":\"https:\\\/\\\/lda.be\\\/fr\\\/produit\\\/serie-k24-vanne-a-piston-2-2-voies\\\/#primaryimage\",\"url\":\"https:\\\/\\\/lda.be\\\/wp-content\\\/uploads\\\/2026\\\/04\\\/K27-cryogeen-ventiel.webp\",\"contentUrl\":\"https:\\\/\\\/lda.be\\\/wp-content\\\/uploads\\\/2026\\\/04\\\/K27-cryogeen-ventiel.webp\",\"width\":1080,\"height\":1080,\"caption\":\"K27 cryogeen ventiel\"},{\"@type\":\"BreadcrumbList\",\"@id\":\"https:\\\/\\\/lda.be\\\/fr\\\/produit\\\/serie-k24-vanne-a-piston-2-2-voies\\\/#breadcrumb\",\"itemListElement\":[{\"@type\":\"ListItem\",\"position\":1,\"name\":\"Accueil\",\"item\":\"https:\\\/\\\/lda.be\\\/fr\\\/\"},{\"@type\":\"ListItem\",\"position\":2,\"name\":\"Produits\",\"item\":\"https:\\\/\\\/lda.be\\\/fr\\\/produits\\\/\"},{\"@type\":\"ListItem\",\"position\":3,\"name\":\"S\u00e9rie K24 : vanne \u00e0 piston 2\\\/2 voies Bride DN65 \u2013 DN100, 0\u201340 bar\"}]},{\"@type\":\"WebSite\",\"@id\":\"https:\\\/\\\/lda.be\\\/fr\\\/#website\",\"url\":\"https:\\\/\\\/lda.be\\\/fr\\\/\",\"name\":\"LDA Belgium\",\"description\":\"Solutions For Life\",\"publisher\":{\"@id\":\"https:\\\/\\\/lda.be\\\/fr\\\/#organization\"},\"potentialAction\":[{\"@type\":\"SearchAction\",\"target\":{\"@type\":\"EntryPoint\",\"urlTemplate\":\"https:\\\/\\\/lda.be\\\/fr\\\/?s={search_term_string}\"},\"query-input\":{\"@type\":\"PropertyValueSpecification\",\"valueRequired\":true,\"valueName\":\"search_term_string\"}}],\"inLanguage\":\"fr-FR\"},{\"@type\":\"Organization\",\"@id\":\"https:\\\/\\\/lda.be\\\/fr\\\/#organization\",\"name\":\"LDA Belgium\",\"url\":\"https:\\\/\\\/lda.be\\\/fr\\\/\",\"logo\":{\"@type\":\"ImageObject\",\"inLanguage\":\"fr-FR\",\"@id\":\"https:\\\/\\\/lda.be\\\/fr\\\/#\\\/schema\\\/logo\\\/image\\\/\",\"url\":\"https:\\\/\\\/lda.be\\\/wp-content\\\/uploads\\\/2022\\\/07\\\/Logo-LDA.webp\",\"contentUrl\":\"https:\\\/\\\/lda.be\\\/wp-content\\\/uploads\\\/2022\\\/07\\\/Logo-LDA.webp\",\"width\":311,\"height\":101,\"caption\":\"LDA Belgium\"},\"image\":{\"@id\":\"https:\\\/\\\/lda.be\\\/fr\\\/#\\\/schema\\\/logo\\\/image\\\/\"},\"sameAs\":[\"https:\\\/\\\/www.linkedin.com\\\/company\\\/lda-belgium-nv\"]}]}<\/script>\n<!-- \/ Yoast SEO plugin. -->","yoast_head_json":{"title":"S\u00e9rie K24 : vanne \u00e0 piston 2\/2 voies Bride DN65 \u2013 DN100, 0\u201340 bar - LDA Belgique","description":"Vanne \u00e0 piston 2\/2 voies Type K24 pour milieux neutres. Plage de temp\u00e9rature -60\u00b0C \u00e0 +80\u00b0C, pression jusqu\u2019\u00e0 40 bar, \u00e9tanch\u00e9it\u00e9 PTFE, IP65, ATEX.","robots":{"index":"index","follow":"follow","max-snippet":"max-snippet:-1","max-image-preview":"max-image-preview:large","max-video-preview":"max-video-preview:-1"},"canonical":"https:\/\/lda.be\/fr\/produit\/serie-k24-vanne-a-piston-2-2-voies\/","og_locale":"fr_FR","og_type":"article","og_title":"S\u00e9rie K24 : vanne \u00e0 piston 2\/2 voies Bride DN65 \u2013 DN100, 0\u201340 bar - LDA Belgique","og_description":"Vanne \u00e0 piston 2\/2 voies Type K24 pour milieux neutres. Plage de temp\u00e9rature -60\u00b0C \u00e0 +80\u00b0C, pression jusqu\u2019\u00e0 40 bar, \u00e9tanch\u00e9it\u00e9 PTFE, IP65, ATEX.","og_url":"https:\/\/lda.be\/fr\/produit\/serie-k24-vanne-a-piston-2-2-voies\/","og_site_name":"LDA Belgique","article_modified_time":"2026-04-15T12:50:48+00:00","og_image":[{"width":1080,"height":1080,"url":"https:\/\/lda.be\/wp-content\/uploads\/2026\/04\/K27-cryogeen-ventiel.webp","type":"image\/webp"}],"twitter_card":"summary_large_image","twitter_misc":{"Dur\u00e9e de lecture estim\u00e9e":"1 minute"},"schema":{"@context":"https:\/\/schema.org","@graph":[{"@type":"WebPage","@id":"https:\/\/lda.be\/fr\/produit\/serie-k24-vanne-a-piston-2-2-voies\/","url":"https:\/\/lda.be\/fr\/produit\/serie-k24-vanne-a-piston-2-2-voies\/","name":"S\u00e9rie K24 : vanne \u00e0 piston 2\/2 voies Bride DN65 \u2013 DN100, 0\u201340 bar - LDA Belgique","isPartOf":{"@id":"https:\/\/lda.be\/fr\/#website"},"primaryImageOfPage":{"@id":"https:\/\/lda.be\/fr\/produit\/serie-k24-vanne-a-piston-2-2-voies\/#primaryimage"},"image":{"@id":"https:\/\/lda.be\/fr\/produit\/serie-k24-vanne-a-piston-2-2-voies\/#primaryimage"},"thumbnailUrl":"https:\/\/lda.be\/wp-content\/uploads\/2026\/04\/K27-cryogeen-ventiel.webp","datePublished":"2026-04-13T14:24:03+00:00","dateModified":"2026-04-15T12:50:48+00:00","description":"Vanne \u00e0 piston 2\/2 voies Type K24 pour milieux neutres. Plage de temp\u00e9rature -60\u00b0C \u00e0 +80\u00b0C, pression jusqu\u2019\u00e0 40 bar, \u00e9tanch\u00e9it\u00e9 PTFE, IP65, ATEX.","breadcrumb":{"@id":"https:\/\/lda.be\/fr\/produit\/serie-k24-vanne-a-piston-2-2-voies\/#breadcrumb"},"inLanguage":"fr-FR","potentialAction":[{"@type":"ReadAction","target":["https:\/\/lda.be\/fr\/produit\/serie-k24-vanne-a-piston-2-2-voies\/"]}]},{"@type":"ImageObject","inLanguage":"fr-FR","@id":"https:\/\/lda.be\/fr\/produit\/serie-k24-vanne-a-piston-2-2-voies\/#primaryimage","url":"https:\/\/lda.be\/wp-content\/uploads\/2026\/04\/K27-cryogeen-ventiel.webp","contentUrl":"https:\/\/lda.be\/wp-content\/uploads\/2026\/04\/K27-cryogeen-ventiel.webp","width":1080,"height":1080,"caption":"K27 cryogeen ventiel"},{"@type":"BreadcrumbList","@id":"https:\/\/lda.be\/fr\/produit\/serie-k24-vanne-a-piston-2-2-voies\/#breadcrumb","itemListElement":[{"@type":"ListItem","position":1,"name":"Accueil","item":"https:\/\/lda.be\/fr\/"},{"@type":"ListItem","position":2,"name":"Produits","item":"https:\/\/lda.be\/fr\/produits\/"},{"@type":"ListItem","position":3,"name":"S\u00e9rie K24 : vanne \u00e0 piston 2\/2 voies Bride DN65 \u2013 DN100, 0\u201340 bar"}]},{"@type":"WebSite","@id":"https:\/\/lda.be\/fr\/#website","url":"https:\/\/lda.be\/fr\/","name":"LDA Belgium","description":"Solutions For Life","publisher":{"@id":"https:\/\/lda.be\/fr\/#organization"},"potentialAction":[{"@type":"SearchAction","target":{"@type":"EntryPoint","urlTemplate":"https:\/\/lda.be\/fr\/?s={search_term_string}"},"query-input":{"@type":"PropertyValueSpecification","valueRequired":true,"valueName":"search_term_string"}}],"inLanguage":"fr-FR"},{"@type":"Organization","@id":"https:\/\/lda.be\/fr\/#organization","name":"LDA Belgium","url":"https:\/\/lda.be\/fr\/","logo":{"@type":"ImageObject","inLanguage":"fr-FR","@id":"https:\/\/lda.be\/fr\/#\/schema\/logo\/image\/","url":"https:\/\/lda.be\/wp-content\/uploads\/2022\/07\/Logo-LDA.webp","contentUrl":"https:\/\/lda.be\/wp-content\/uploads\/2022\/07\/Logo-LDA.webp","width":311,"height":101,"caption":"LDA Belgium"},"image":{"@id":"https:\/\/lda.be\/fr\/#\/schema\/logo\/image\/"},"sameAs":["https:\/\/www.linkedin.com\/company\/lda-belgium-nv"]}]}},"_links":{"self":[{"href":"https:\/\/lda.be\/fr\/wp-json\/wp\/v2\/product\/16316","targetHints":{"allow":["GET"]}}],"collection":[{"href":"https:\/\/lda.be\/fr\/wp-json\/wp\/v2\/product"}],"about":[{"href":"https:\/\/lda.be\/fr\/wp-json\/wp\/v2\/types\/product"}],"replies":[{"embeddable":true,"href":"https:\/\/lda.be\/fr\/wp-json\/wp\/v2\/comments?post=16316"}],"wp:featuredmedia":[{"embeddable":true,"href":"https:\/\/lda.be\/fr\/wp-json\/wp\/v2\/media\/16313"}],"wp:attachment":[{"href":"https:\/\/lda.be\/fr\/wp-json\/wp\/v2\/media?parent=16316"}],"wp:term":[{"taxonomy":"product_brand","embeddable":true,"href":"https:\/\/lda.be\/fr\/wp-json\/wp\/v2\/product_brand?post=16316"},{"taxonomy":"product_cat","embeddable":true,"href":"https:\/\/lda.be\/fr\/wp-json\/wp\/v2\/product_cat?post=16316"},{"taxonomy":"product_tag","embeddable":true,"href":"https:\/\/lda.be\/fr\/wp-json\/wp\/v2\/product_tag?post=16316"}],"curies":[{"name":"wp","href":"https:\/\/api.w.org\/{rel}","templated":true}]}}