{"id":16443,"date":"2026-04-15T13:08:46","date_gmt":"2026-04-15T12:08:46","guid":{"rendered":"https:\/\/lda.be\/?post_type=product&#038;p=16443"},"modified":"2026-04-15T13:19:43","modified_gmt":"2026-04-15T12:19:43","slug":"serie-91k-electrovanne-cryogenique-2-2-voies-0-16-bars-g1-4-g2","status":"publish","type":"product","link":"https:\/\/lda.be\/fr\/produit\/serie-91k-electrovanne-cryogenique-2-2-voies-0-16-bars-g1-4-g2\/","title":{"rendered":"S\u00e9rie 91K : \u00e9lectrovanne cryog\u00e9nique 2\/2 voies, 0-16 bars, G1\/4 &#8211; G2"},"content":{"rendered":"<p>La vanne \u00e0 piston de type 91K est une vanne \u00e0 pilotage par pression sp\u00e9cialement con\u00e7ue pour les liquides cryog\u00e9niques et les fluides neutres. Elle est adapt\u00e9e \u00e0 des temp\u00e9ratures extr\u00eames pouvant descendre jusqu&#8217;\u00e0 -196 \u00b0C, ce qui la rend id\u00e9ale pour les applications industrielles exigeantes.<\/p>\n<p>En cas de coupure de courant, la vanne se ferme automatiquement, garantissant ainsi un fonctionnement s\u00fbr. De plus, elle ne n\u00e9cessite pas de diff\u00e9rence de pression pour fonctionner correctement, ce qui offre une flexibilit\u00e9 suppl\u00e9mentaire dans diverses installations.<\/p>\n<p>Le corps est disponible en laiton (2.0402) ou en acier inoxydable (1.4581) et, gr\u00e2ce \u00e0 ses joints en PTFE, la vanne r\u00e9siste \u00e9galement aux fluides agressifs. Le syst\u00e8me est disponible avec des raccords \u00e0 souder allant de G1\/4 \u00e0 G2 et peut \u00eatre utilis\u00e9 \u00e0 des pressions allant jusqu&#8217;\u00e0 16 bars.<\/p>\n","protected":false},"excerpt":{"rendered":"<p>La vanne \u00e0 piston de type 91K est une vanne \u00e0 pilotage par pression sp\u00e9cialement con\u00e7ue pour les liquides cryog\u00e9niques et les fluides neutres. Elle est adapt\u00e9e \u00e0 des temp\u00e9ratures extr\u00eames pouvant descendre jusqu&#8217;\u00e0 -196 \u00b0C, ce qui la rend id\u00e9ale pour les applications industrielles exigeantes. En cas de coupure de courant, la vanne se [&hellip;]<\/p>\n","protected":false},"featured_media":16441,"comment_status":"closed","ping_status":"closed","template":"","meta":[],"product_brand":[],"product_cat":[896],"product_tag":[],"class_list":{"0":"post-16443","1":"product","2":"type-product","3":"status-publish","4":"has-post-thumbnail","6":"product_cat-vannes-et-composants-cryogeniques","8":"first","9":"instock","10":"shipping-taxable","11":"product-type-simple"},"yoast_head":"<!-- This site is optimized with the Yoast SEO plugin v27.3 - https:\/\/yoast.com\/product\/yoast-seo-wordpress\/ -->\n<title>S\u00e9rie 91K : \u00e9lectrovanne cryog\u00e9nique 2\/2 voies, 0-16 bars, G1\/4 - G2 - LDA Belgique<\/title>\n<meta name=\"description\" content=\"Vanne \u00e0 piston 2\/2 voies Type 91K pour fluides cryog\u00e9niques. Plage de temp\u00e9rature -196\u00b0C \u00e0 +80\u00b0C, pression jusqu\u2019\u00e0 16 bar, \u00e9tanch\u00e9it\u00e9 PTFE, IP65.\" \/>\n<meta name=\"robots\" content=\"index, follow, max-snippet:-1, max-image-preview:large, max-video-preview:-1\" \/>\n<link rel=\"canonical\" href=\"https:\/\/lda.be\/fr\/produit\/serie-91k-electrovanne-cryogenique-2-2-voies-0-16-bars-g1-4-g2\/\" \/>\n<meta property=\"og:locale\" content=\"fr_FR\" \/>\n<meta property=\"og:type\" content=\"article\" \/>\n<meta property=\"og:title\" content=\"S\u00e9rie 91K : \u00e9lectrovanne cryog\u00e9nique 2\/2 voies, 0-16 bars, G1\/4 - G2 - LDA Belgique\" \/>\n<meta property=\"og:description\" content=\"Vanne \u00e0 piston 2\/2 voies Type 91K pour fluides cryog\u00e9niques. Plage de temp\u00e9rature -196\u00b0C \u00e0 +80\u00b0C, pression jusqu\u2019\u00e0 16 bar, \u00e9tanch\u00e9it\u00e9 PTFE, IP65.\" \/>\n<meta property=\"og:url\" content=\"https:\/\/lda.be\/fr\/produit\/serie-91k-electrovanne-cryogenique-2-2-voies-0-16-bars-g1-4-g2\/\" \/>\n<meta property=\"og:site_name\" content=\"LDA Belgique\" \/>\n<meta property=\"article:modified_time\" content=\"2026-04-15T12:19:43+00:00\" \/>\n<meta property=\"og:image\" content=\"https:\/\/lda.be\/wp-content\/uploads\/2026\/04\/91K-cryogeen-magneetventiel.webp\" \/>\n\t<meta property=\"og:image:width\" content=\"1080\" \/>\n\t<meta property=\"og:image:height\" content=\"1080\" \/>\n\t<meta property=\"og:image:type\" content=\"image\/webp\" \/>\n<meta name=\"twitter:card\" content=\"summary_large_image\" \/>\n<meta name=\"twitter:label1\" content=\"Dur\u00e9e de lecture estim\u00e9e\" \/>\n\t<meta name=\"twitter:data1\" content=\"1 minute\" \/>\n<script type=\"application\/ld+json\" class=\"yoast-schema-graph\">{\"@context\":\"https:\\\/\\\/schema.org\",\"@graph\":[{\"@type\":\"WebPage\",\"@id\":\"https:\\\/\\\/lda.be\\\/fr\\\/produit\\\/serie-91k-electrovanne-cryogenique-2-2-voies-0-16-bars-g1-4-g2\\\/\",\"url\":\"https:\\\/\\\/lda.be\\\/fr\\\/produit\\\/serie-91k-electrovanne-cryogenique-2-2-voies-0-16-bars-g1-4-g2\\\/\",\"name\":\"S\u00e9rie 91K : \u00e9lectrovanne cryog\u00e9nique 2\\\/2 voies, 0-16 bars, G1\\\/4 - G2 - LDA Belgique\",\"isPartOf\":{\"@id\":\"https:\\\/\\\/lda.be\\\/fr\\\/#website\"},\"primaryImageOfPage\":{\"@id\":\"https:\\\/\\\/lda.be\\\/fr\\\/produit\\\/serie-91k-electrovanne-cryogenique-2-2-voies-0-16-bars-g1-4-g2\\\/#primaryimage\"},\"image\":{\"@id\":\"https:\\\/\\\/lda.be\\\/fr\\\/produit\\\/serie-91k-electrovanne-cryogenique-2-2-voies-0-16-bars-g1-4-g2\\\/#primaryimage\"},\"thumbnailUrl\":\"https:\\\/\\\/lda.be\\\/wp-content\\\/uploads\\\/2026\\\/04\\\/91K-cryogeen-magneetventiel.webp\",\"datePublished\":\"2026-04-15T12:08:46+00:00\",\"dateModified\":\"2026-04-15T12:19:43+00:00\",\"description\":\"Vanne \u00e0 piston 2\\\/2 voies Type 91K pour fluides cryog\u00e9niques. Plage de temp\u00e9rature -196\u00b0C \u00e0 +80\u00b0C, pression jusqu\u2019\u00e0 16 bar, \u00e9tanch\u00e9it\u00e9 PTFE, IP65.\",\"breadcrumb\":{\"@id\":\"https:\\\/\\\/lda.be\\\/fr\\\/produit\\\/serie-91k-electrovanne-cryogenique-2-2-voies-0-16-bars-g1-4-g2\\\/#breadcrumb\"},\"inLanguage\":\"fr-FR\",\"potentialAction\":[{\"@type\":\"ReadAction\",\"target\":[\"https:\\\/\\\/lda.be\\\/fr\\\/produit\\\/serie-91k-electrovanne-cryogenique-2-2-voies-0-16-bars-g1-4-g2\\\/\"]}]},{\"@type\":\"ImageObject\",\"inLanguage\":\"fr-FR\",\"@id\":\"https:\\\/\\\/lda.be\\\/fr\\\/produit\\\/serie-91k-electrovanne-cryogenique-2-2-voies-0-16-bars-g1-4-g2\\\/#primaryimage\",\"url\":\"https:\\\/\\\/lda.be\\\/wp-content\\\/uploads\\\/2026\\\/04\\\/91K-cryogeen-magneetventiel.webp\",\"contentUrl\":\"https:\\\/\\\/lda.be\\\/wp-content\\\/uploads\\\/2026\\\/04\\\/91K-cryogeen-magneetventiel.webp\",\"width\":1080,\"height\":1080,\"caption\":\"91K cryogeen magneetventiel\"},{\"@type\":\"BreadcrumbList\",\"@id\":\"https:\\\/\\\/lda.be\\\/fr\\\/produit\\\/serie-91k-electrovanne-cryogenique-2-2-voies-0-16-bars-g1-4-g2\\\/#breadcrumb\",\"itemListElement\":[{\"@type\":\"ListItem\",\"position\":1,\"name\":\"Accueil\",\"item\":\"https:\\\/\\\/lda.be\\\/fr\\\/\"},{\"@type\":\"ListItem\",\"position\":2,\"name\":\"Produits\",\"item\":\"https:\\\/\\\/lda.be\\\/fr\\\/produits\\\/\"},{\"@type\":\"ListItem\",\"position\":3,\"name\":\"S\u00e9rie 91K : \u00e9lectrovanne cryog\u00e9nique 2\\\/2 voies, 0-16 bars, G1\\\/4 &#8211; G2\"}]},{\"@type\":\"WebSite\",\"@id\":\"https:\\\/\\\/lda.be\\\/fr\\\/#website\",\"url\":\"https:\\\/\\\/lda.be\\\/fr\\\/\",\"name\":\"LDA Belgium\",\"description\":\"Solutions For Life\",\"publisher\":{\"@id\":\"https:\\\/\\\/lda.be\\\/fr\\\/#organization\"},\"potentialAction\":[{\"@type\":\"SearchAction\",\"target\":{\"@type\":\"EntryPoint\",\"urlTemplate\":\"https:\\\/\\\/lda.be\\\/fr\\\/?s={search_term_string}\"},\"query-input\":{\"@type\":\"PropertyValueSpecification\",\"valueRequired\":true,\"valueName\":\"search_term_string\"}}],\"inLanguage\":\"fr-FR\"},{\"@type\":\"Organization\",\"@id\":\"https:\\\/\\\/lda.be\\\/fr\\\/#organization\",\"name\":\"LDA Belgium\",\"url\":\"https:\\\/\\\/lda.be\\\/fr\\\/\",\"logo\":{\"@type\":\"ImageObject\",\"inLanguage\":\"fr-FR\",\"@id\":\"https:\\\/\\\/lda.be\\\/fr\\\/#\\\/schema\\\/logo\\\/image\\\/\",\"url\":\"https:\\\/\\\/lda.be\\\/wp-content\\\/uploads\\\/2022\\\/07\\\/Logo-LDA.webp\",\"contentUrl\":\"https:\\\/\\\/lda.be\\\/wp-content\\\/uploads\\\/2022\\\/07\\\/Logo-LDA.webp\",\"width\":311,\"height\":101,\"caption\":\"LDA Belgium\"},\"image\":{\"@id\":\"https:\\\/\\\/lda.be\\\/fr\\\/#\\\/schema\\\/logo\\\/image\\\/\"},\"sameAs\":[\"https:\\\/\\\/www.linkedin.com\\\/company\\\/lda-belgium-nv\"]}]}<\/script>\n<!-- \/ Yoast SEO plugin. -->","yoast_head_json":{"title":"S\u00e9rie 91K : \u00e9lectrovanne cryog\u00e9nique 2\/2 voies, 0-16 bars, G1\/4 - G2 - LDA Belgique","description":"Vanne \u00e0 piston 2\/2 voies Type 91K pour fluides cryog\u00e9niques. Plage de temp\u00e9rature -196\u00b0C \u00e0 +80\u00b0C, pression jusqu\u2019\u00e0 16 bar, \u00e9tanch\u00e9it\u00e9 PTFE, IP65.","robots":{"index":"index","follow":"follow","max-snippet":"max-snippet:-1","max-image-preview":"max-image-preview:large","max-video-preview":"max-video-preview:-1"},"canonical":"https:\/\/lda.be\/fr\/produit\/serie-91k-electrovanne-cryogenique-2-2-voies-0-16-bars-g1-4-g2\/","og_locale":"fr_FR","og_type":"article","og_title":"S\u00e9rie 91K : \u00e9lectrovanne cryog\u00e9nique 2\/2 voies, 0-16 bars, G1\/4 - G2 - LDA Belgique","og_description":"Vanne \u00e0 piston 2\/2 voies Type 91K pour fluides cryog\u00e9niques. Plage de temp\u00e9rature -196\u00b0C \u00e0 +80\u00b0C, pression jusqu\u2019\u00e0 16 bar, \u00e9tanch\u00e9it\u00e9 PTFE, IP65.","og_url":"https:\/\/lda.be\/fr\/produit\/serie-91k-electrovanne-cryogenique-2-2-voies-0-16-bars-g1-4-g2\/","og_site_name":"LDA Belgique","article_modified_time":"2026-04-15T12:19:43+00:00","og_image":[{"width":1080,"height":1080,"url":"https:\/\/lda.be\/wp-content\/uploads\/2026\/04\/91K-cryogeen-magneetventiel.webp","type":"image\/webp"}],"twitter_card":"summary_large_image","twitter_misc":{"Dur\u00e9e de lecture estim\u00e9e":"1 minute"},"schema":{"@context":"https:\/\/schema.org","@graph":[{"@type":"WebPage","@id":"https:\/\/lda.be\/fr\/produit\/serie-91k-electrovanne-cryogenique-2-2-voies-0-16-bars-g1-4-g2\/","url":"https:\/\/lda.be\/fr\/produit\/serie-91k-electrovanne-cryogenique-2-2-voies-0-16-bars-g1-4-g2\/","name":"S\u00e9rie 91K : \u00e9lectrovanne cryog\u00e9nique 2\/2 voies, 0-16 bars, G1\/4 - G2 - LDA Belgique","isPartOf":{"@id":"https:\/\/lda.be\/fr\/#website"},"primaryImageOfPage":{"@id":"https:\/\/lda.be\/fr\/produit\/serie-91k-electrovanne-cryogenique-2-2-voies-0-16-bars-g1-4-g2\/#primaryimage"},"image":{"@id":"https:\/\/lda.be\/fr\/produit\/serie-91k-electrovanne-cryogenique-2-2-voies-0-16-bars-g1-4-g2\/#primaryimage"},"thumbnailUrl":"https:\/\/lda.be\/wp-content\/uploads\/2026\/04\/91K-cryogeen-magneetventiel.webp","datePublished":"2026-04-15T12:08:46+00:00","dateModified":"2026-04-15T12:19:43+00:00","description":"Vanne \u00e0 piston 2\/2 voies Type 91K pour fluides cryog\u00e9niques. Plage de temp\u00e9rature -196\u00b0C \u00e0 +80\u00b0C, pression jusqu\u2019\u00e0 16 bar, \u00e9tanch\u00e9it\u00e9 PTFE, IP65.","breadcrumb":{"@id":"https:\/\/lda.be\/fr\/produit\/serie-91k-electrovanne-cryogenique-2-2-voies-0-16-bars-g1-4-g2\/#breadcrumb"},"inLanguage":"fr-FR","potentialAction":[{"@type":"ReadAction","target":["https:\/\/lda.be\/fr\/produit\/serie-91k-electrovanne-cryogenique-2-2-voies-0-16-bars-g1-4-g2\/"]}]},{"@type":"ImageObject","inLanguage":"fr-FR","@id":"https:\/\/lda.be\/fr\/produit\/serie-91k-electrovanne-cryogenique-2-2-voies-0-16-bars-g1-4-g2\/#primaryimage","url":"https:\/\/lda.be\/wp-content\/uploads\/2026\/04\/91K-cryogeen-magneetventiel.webp","contentUrl":"https:\/\/lda.be\/wp-content\/uploads\/2026\/04\/91K-cryogeen-magneetventiel.webp","width":1080,"height":1080,"caption":"91K cryogeen magneetventiel"},{"@type":"BreadcrumbList","@id":"https:\/\/lda.be\/fr\/produit\/serie-91k-electrovanne-cryogenique-2-2-voies-0-16-bars-g1-4-g2\/#breadcrumb","itemListElement":[{"@type":"ListItem","position":1,"name":"Accueil","item":"https:\/\/lda.be\/fr\/"},{"@type":"ListItem","position":2,"name":"Produits","item":"https:\/\/lda.be\/fr\/produits\/"},{"@type":"ListItem","position":3,"name":"S\u00e9rie 91K : \u00e9lectrovanne cryog\u00e9nique 2\/2 voies, 0-16 bars, G1\/4 &#8211; G2"}]},{"@type":"WebSite","@id":"https:\/\/lda.be\/fr\/#website","url":"https:\/\/lda.be\/fr\/","name":"LDA Belgium","description":"Solutions For Life","publisher":{"@id":"https:\/\/lda.be\/fr\/#organization"},"potentialAction":[{"@type":"SearchAction","target":{"@type":"EntryPoint","urlTemplate":"https:\/\/lda.be\/fr\/?s={search_term_string}"},"query-input":{"@type":"PropertyValueSpecification","valueRequired":true,"valueName":"search_term_string"}}],"inLanguage":"fr-FR"},{"@type":"Organization","@id":"https:\/\/lda.be\/fr\/#organization","name":"LDA Belgium","url":"https:\/\/lda.be\/fr\/","logo":{"@type":"ImageObject","inLanguage":"fr-FR","@id":"https:\/\/lda.be\/fr\/#\/schema\/logo\/image\/","url":"https:\/\/lda.be\/wp-content\/uploads\/2022\/07\/Logo-LDA.webp","contentUrl":"https:\/\/lda.be\/wp-content\/uploads\/2022\/07\/Logo-LDA.webp","width":311,"height":101,"caption":"LDA Belgium"},"image":{"@id":"https:\/\/lda.be\/fr\/#\/schema\/logo\/image\/"},"sameAs":["https:\/\/www.linkedin.com\/company\/lda-belgium-nv"]}]}},"_links":{"self":[{"href":"https:\/\/lda.be\/fr\/wp-json\/wp\/v2\/product\/16443","targetHints":{"allow":["GET"]}}],"collection":[{"href":"https:\/\/lda.be\/fr\/wp-json\/wp\/v2\/product"}],"about":[{"href":"https:\/\/lda.be\/fr\/wp-json\/wp\/v2\/types\/product"}],"replies":[{"embeddable":true,"href":"https:\/\/lda.be\/fr\/wp-json\/wp\/v2\/comments?post=16443"}],"wp:featuredmedia":[{"embeddable":true,"href":"https:\/\/lda.be\/fr\/wp-json\/wp\/v2\/media\/16441"}],"wp:attachment":[{"href":"https:\/\/lda.be\/fr\/wp-json\/wp\/v2\/media?parent=16443"}],"wp:term":[{"taxonomy":"product_brand","embeddable":true,"href":"https:\/\/lda.be\/fr\/wp-json\/wp\/v2\/product_brand?post=16443"},{"taxonomy":"product_cat","embeddable":true,"href":"https:\/\/lda.be\/fr\/wp-json\/wp\/v2\/product_cat?post=16443"},{"taxonomy":"product_tag","embeddable":true,"href":"https:\/\/lda.be\/fr\/wp-json\/wp\/v2\/product_tag?post=16443"}],"curies":[{"name":"wp","href":"https:\/\/api.w.org\/{rel}","templated":true}]}}