{"id":16531,"date":"2026-04-20T13:54:02","date_gmt":"2026-04-20T12:54:02","guid":{"rendered":"https:\/\/lda.be\/?post_type=product&#038;p=16531"},"modified":"2026-04-20T14:14:40","modified_gmt":"2026-04-20T13:14:40","slug":"serie-eh30-electrovanne-cryogenique-2-2-voies-1-4-npt-0-690-bar","status":"publish","type":"product","link":"https:\/\/lda.be\/fr\/produit\/serie-eh30-electrovanne-cryogenique-2-2-voies-1-4-npt-0-690-bar\/","title":{"rendered":"S\u00e9rie EH30 : \u00e9lectrovanne cryog\u00e9nique 2\/2 voies, 1\/4&#8243; NPT, 0\u2013690 bar"},"content":{"rendered":"<p>La <strong>s\u00e9rie EH30<\/strong> est une \u00e9lectrovanne 2\/2 voies \u00e0 action directe et \u00e0 passage r\u00e9duit, con\u00e7ue pour des pressions allant jusqu\u2019\u00e0 10 000 psi. Ce clapet est adapt\u00e9 aux applications cryog\u00e9niques et industrielles, compatible avec l\u2019air, l\u2019eau, le gaz naturel, l\u2019hydrog\u00e8ne, l\u2019azote et autres gaz ou liquides l\u00e9gers compatibles avec les mat\u00e9riaux de construction. Le corps en acier inoxydable 316 et les joints PTFE permettent une plage de temp\u00e9rature de -423\u00b0F \u00e0 +400\u00b0F. La vanne est montable dans toutes les orientations et ne n\u00e9cessite pas de pression minimale pour s\u2019ouvrir.<\/p>\n","protected":false},"excerpt":{"rendered":"<p>La s\u00e9rie EH30 est une \u00e9lectrovanne 2\/2 voies \u00e0 action directe et \u00e0 passage r\u00e9duit, con\u00e7ue pour des pressions allant jusqu\u2019\u00e0 10 000 psi. Ce clapet est adapt\u00e9 aux applications cryog\u00e9niques et industrielles, compatible avec l\u2019air, l\u2019eau, le gaz naturel, l\u2019hydrog\u00e8ne, l\u2019azote et autres gaz ou liquides l\u00e9gers compatibles avec les mat\u00e9riaux de construction. Le [&hellip;]<\/p>\n","protected":false},"featured_media":16529,"comment_status":"closed","ping_status":"closed","template":"","meta":[],"product_brand":[],"product_cat":[896],"product_tag":[],"class_list":{"0":"post-16531","1":"product","2":"type-product","3":"status-publish","4":"has-post-thumbnail","6":"product_cat-vannes-et-composants-cryogeniques","8":"first","9":"instock","10":"shipping-taxable","11":"product-type-simple"},"yoast_head":"<!-- This site is optimized with the Yoast SEO plugin v27.3 - https:\/\/yoast.com\/product\/yoast-seo-wordpress\/ -->\n<title>S\u00e9rie EH30 : \u00e9lectrovanne cryog\u00e9nique 2\/2 voies, 1\/4&quot; NPT, 0\u2013690 bar - LDA Belgique<\/title>\n<meta name=\"description\" content=\"\u00c9lectrovanne EH30 2\/2 voies \u00e0 action directe pour applications cryog\u00e9niques et industrielles. Pression jusqu\u2019\u00e0 10 000 psi, temp\u00e9rature -423\u00b0F \u00e0 +400\u00b0F, corps en acier inoxydable 316, \u00e9tanch\u00e9it\u00e9 PTFE, NEMA 4X.\" \/>\n<meta name=\"robots\" content=\"index, follow, max-snippet:-1, max-image-preview:large, max-video-preview:-1\" \/>\n<link rel=\"canonical\" href=\"https:\/\/lda.be\/fr\/produit\/serie-eh30-electrovanne-cryogenique-2-2-voies-1-4-npt-0-690-bar\/\" \/>\n<meta property=\"og:locale\" content=\"fr_FR\" \/>\n<meta property=\"og:type\" content=\"article\" \/>\n<meta property=\"og:title\" content=\"S\u00e9rie EH30 : \u00e9lectrovanne cryog\u00e9nique 2\/2 voies, 1\/4&quot; NPT, 0\u2013690 bar - LDA Belgique\" \/>\n<meta property=\"og:description\" content=\"\u00c9lectrovanne EH30 2\/2 voies \u00e0 action directe pour applications cryog\u00e9niques et industrielles. Pression jusqu\u2019\u00e0 10 000 psi, temp\u00e9rature -423\u00b0F \u00e0 +400\u00b0F, corps en acier inoxydable 316, \u00e9tanch\u00e9it\u00e9 PTFE, NEMA 4X.\" \/>\n<meta property=\"og:url\" content=\"https:\/\/lda.be\/fr\/produit\/serie-eh30-electrovanne-cryogenique-2-2-voies-1-4-npt-0-690-bar\/\" \/>\n<meta property=\"og:site_name\" content=\"LDA Belgique\" \/>\n<meta property=\"article:modified_time\" content=\"2026-04-20T13:14:40+00:00\" \/>\n<meta property=\"og:image\" content=\"https:\/\/lda.be\/wp-content\/uploads\/2026\/04\/EH30-cryogeen-magneetventiel.webp\" \/>\n\t<meta property=\"og:image:width\" content=\"1080\" \/>\n\t<meta property=\"og:image:height\" content=\"1080\" \/>\n\t<meta property=\"og:image:type\" content=\"image\/webp\" \/>\n<meta name=\"twitter:card\" content=\"summary_large_image\" \/>\n<meta name=\"twitter:label1\" content=\"Dur\u00e9e de lecture estim\u00e9e\" \/>\n\t<meta name=\"twitter:data1\" content=\"1 minute\" \/>\n<script type=\"application\/ld+json\" class=\"yoast-schema-graph\">{\"@context\":\"https:\\\/\\\/schema.org\",\"@graph\":[{\"@type\":\"WebPage\",\"@id\":\"https:\\\/\\\/lda.be\\\/fr\\\/produit\\\/serie-eh30-electrovanne-cryogenique-2-2-voies-1-4-npt-0-690-bar\\\/\",\"url\":\"https:\\\/\\\/lda.be\\\/fr\\\/produit\\\/serie-eh30-electrovanne-cryogenique-2-2-voies-1-4-npt-0-690-bar\\\/\",\"name\":\"S\u00e9rie EH30 : \u00e9lectrovanne cryog\u00e9nique 2\\\/2 voies, 1\\\/4\\\" NPT, 0\u2013690 bar - LDA Belgique\",\"isPartOf\":{\"@id\":\"https:\\\/\\\/lda.be\\\/fr\\\/#website\"},\"primaryImageOfPage\":{\"@id\":\"https:\\\/\\\/lda.be\\\/fr\\\/produit\\\/serie-eh30-electrovanne-cryogenique-2-2-voies-1-4-npt-0-690-bar\\\/#primaryimage\"},\"image\":{\"@id\":\"https:\\\/\\\/lda.be\\\/fr\\\/produit\\\/serie-eh30-electrovanne-cryogenique-2-2-voies-1-4-npt-0-690-bar\\\/#primaryimage\"},\"thumbnailUrl\":\"https:\\\/\\\/lda.be\\\/wp-content\\\/uploads\\\/2026\\\/04\\\/EH30-cryogeen-magneetventiel.webp\",\"datePublished\":\"2026-04-20T12:54:02+00:00\",\"dateModified\":\"2026-04-20T13:14:40+00:00\",\"description\":\"\u00c9lectrovanne EH30 2\\\/2 voies \u00e0 action directe pour applications cryog\u00e9niques et industrielles. Pression jusqu\u2019\u00e0 10 000 psi, temp\u00e9rature -423\u00b0F \u00e0 +400\u00b0F, corps en acier inoxydable 316, \u00e9tanch\u00e9it\u00e9 PTFE, NEMA 4X.\",\"breadcrumb\":{\"@id\":\"https:\\\/\\\/lda.be\\\/fr\\\/produit\\\/serie-eh30-electrovanne-cryogenique-2-2-voies-1-4-npt-0-690-bar\\\/#breadcrumb\"},\"inLanguage\":\"fr-FR\",\"potentialAction\":[{\"@type\":\"ReadAction\",\"target\":[\"https:\\\/\\\/lda.be\\\/fr\\\/produit\\\/serie-eh30-electrovanne-cryogenique-2-2-voies-1-4-npt-0-690-bar\\\/\"]}]},{\"@type\":\"ImageObject\",\"inLanguage\":\"fr-FR\",\"@id\":\"https:\\\/\\\/lda.be\\\/fr\\\/produit\\\/serie-eh30-electrovanne-cryogenique-2-2-voies-1-4-npt-0-690-bar\\\/#primaryimage\",\"url\":\"https:\\\/\\\/lda.be\\\/wp-content\\\/uploads\\\/2026\\\/04\\\/EH30-cryogeen-magneetventiel.webp\",\"contentUrl\":\"https:\\\/\\\/lda.be\\\/wp-content\\\/uploads\\\/2026\\\/04\\\/EH30-cryogeen-magneetventiel.webp\",\"width\":1080,\"height\":1080,\"caption\":\"EH30 cryogeen magneetventiel\"},{\"@type\":\"BreadcrumbList\",\"@id\":\"https:\\\/\\\/lda.be\\\/fr\\\/produit\\\/serie-eh30-electrovanne-cryogenique-2-2-voies-1-4-npt-0-690-bar\\\/#breadcrumb\",\"itemListElement\":[{\"@type\":\"ListItem\",\"position\":1,\"name\":\"Accueil\",\"item\":\"https:\\\/\\\/lda.be\\\/fr\\\/\"},{\"@type\":\"ListItem\",\"position\":2,\"name\":\"Produits\",\"item\":\"https:\\\/\\\/lda.be\\\/fr\\\/produits\\\/\"},{\"@type\":\"ListItem\",\"position\":3,\"name\":\"S\u00e9rie EH30 : \u00e9lectrovanne cryog\u00e9nique 2\\\/2 voies, 1\\\/4&#8243; NPT, 0\u2013690 bar\"}]},{\"@type\":\"WebSite\",\"@id\":\"https:\\\/\\\/lda.be\\\/fr\\\/#website\",\"url\":\"https:\\\/\\\/lda.be\\\/fr\\\/\",\"name\":\"LDA Belgium\",\"description\":\"Solutions For Life\",\"publisher\":{\"@id\":\"https:\\\/\\\/lda.be\\\/fr\\\/#organization\"},\"potentialAction\":[{\"@type\":\"SearchAction\",\"target\":{\"@type\":\"EntryPoint\",\"urlTemplate\":\"https:\\\/\\\/lda.be\\\/fr\\\/?s={search_term_string}\"},\"query-input\":{\"@type\":\"PropertyValueSpecification\",\"valueRequired\":true,\"valueName\":\"search_term_string\"}}],\"inLanguage\":\"fr-FR\"},{\"@type\":\"Organization\",\"@id\":\"https:\\\/\\\/lda.be\\\/fr\\\/#organization\",\"name\":\"LDA Belgium\",\"url\":\"https:\\\/\\\/lda.be\\\/fr\\\/\",\"logo\":{\"@type\":\"ImageObject\",\"inLanguage\":\"fr-FR\",\"@id\":\"https:\\\/\\\/lda.be\\\/fr\\\/#\\\/schema\\\/logo\\\/image\\\/\",\"url\":\"https:\\\/\\\/lda.be\\\/wp-content\\\/uploads\\\/2022\\\/07\\\/Logo-LDA.webp\",\"contentUrl\":\"https:\\\/\\\/lda.be\\\/wp-content\\\/uploads\\\/2022\\\/07\\\/Logo-LDA.webp\",\"width\":311,\"height\":101,\"caption\":\"LDA Belgium\"},\"image\":{\"@id\":\"https:\\\/\\\/lda.be\\\/fr\\\/#\\\/schema\\\/logo\\\/image\\\/\"},\"sameAs\":[\"https:\\\/\\\/www.linkedin.com\\\/company\\\/lda-belgium-nv\"]}]}<\/script>\n<!-- \/ Yoast SEO plugin. -->","yoast_head_json":{"title":"S\u00e9rie EH30 : \u00e9lectrovanne cryog\u00e9nique 2\/2 voies, 1\/4\" NPT, 0\u2013690 bar - LDA Belgique","description":"\u00c9lectrovanne EH30 2\/2 voies \u00e0 action directe pour applications cryog\u00e9niques et industrielles. Pression jusqu\u2019\u00e0 10 000 psi, temp\u00e9rature -423\u00b0F \u00e0 +400\u00b0F, corps en acier inoxydable 316, \u00e9tanch\u00e9it\u00e9 PTFE, NEMA 4X.","robots":{"index":"index","follow":"follow","max-snippet":"max-snippet:-1","max-image-preview":"max-image-preview:large","max-video-preview":"max-video-preview:-1"},"canonical":"https:\/\/lda.be\/fr\/produit\/serie-eh30-electrovanne-cryogenique-2-2-voies-1-4-npt-0-690-bar\/","og_locale":"fr_FR","og_type":"article","og_title":"S\u00e9rie EH30 : \u00e9lectrovanne cryog\u00e9nique 2\/2 voies, 1\/4\" NPT, 0\u2013690 bar - LDA Belgique","og_description":"\u00c9lectrovanne EH30 2\/2 voies \u00e0 action directe pour applications cryog\u00e9niques et industrielles. Pression jusqu\u2019\u00e0 10 000 psi, temp\u00e9rature -423\u00b0F \u00e0 +400\u00b0F, corps en acier inoxydable 316, \u00e9tanch\u00e9it\u00e9 PTFE, NEMA 4X.","og_url":"https:\/\/lda.be\/fr\/produit\/serie-eh30-electrovanne-cryogenique-2-2-voies-1-4-npt-0-690-bar\/","og_site_name":"LDA Belgique","article_modified_time":"2026-04-20T13:14:40+00:00","og_image":[{"width":1080,"height":1080,"url":"https:\/\/lda.be\/wp-content\/uploads\/2026\/04\/EH30-cryogeen-magneetventiel.webp","type":"image\/webp"}],"twitter_card":"summary_large_image","twitter_misc":{"Dur\u00e9e de lecture estim\u00e9e":"1 minute"},"schema":{"@context":"https:\/\/schema.org","@graph":[{"@type":"WebPage","@id":"https:\/\/lda.be\/fr\/produit\/serie-eh30-electrovanne-cryogenique-2-2-voies-1-4-npt-0-690-bar\/","url":"https:\/\/lda.be\/fr\/produit\/serie-eh30-electrovanne-cryogenique-2-2-voies-1-4-npt-0-690-bar\/","name":"S\u00e9rie EH30 : \u00e9lectrovanne cryog\u00e9nique 2\/2 voies, 1\/4\" NPT, 0\u2013690 bar - LDA Belgique","isPartOf":{"@id":"https:\/\/lda.be\/fr\/#website"},"primaryImageOfPage":{"@id":"https:\/\/lda.be\/fr\/produit\/serie-eh30-electrovanne-cryogenique-2-2-voies-1-4-npt-0-690-bar\/#primaryimage"},"image":{"@id":"https:\/\/lda.be\/fr\/produit\/serie-eh30-electrovanne-cryogenique-2-2-voies-1-4-npt-0-690-bar\/#primaryimage"},"thumbnailUrl":"https:\/\/lda.be\/wp-content\/uploads\/2026\/04\/EH30-cryogeen-magneetventiel.webp","datePublished":"2026-04-20T12:54:02+00:00","dateModified":"2026-04-20T13:14:40+00:00","description":"\u00c9lectrovanne EH30 2\/2 voies \u00e0 action directe pour applications cryog\u00e9niques et industrielles. Pression jusqu\u2019\u00e0 10 000 psi, temp\u00e9rature -423\u00b0F \u00e0 +400\u00b0F, corps en acier inoxydable 316, \u00e9tanch\u00e9it\u00e9 PTFE, NEMA 4X.","breadcrumb":{"@id":"https:\/\/lda.be\/fr\/produit\/serie-eh30-electrovanne-cryogenique-2-2-voies-1-4-npt-0-690-bar\/#breadcrumb"},"inLanguage":"fr-FR","potentialAction":[{"@type":"ReadAction","target":["https:\/\/lda.be\/fr\/produit\/serie-eh30-electrovanne-cryogenique-2-2-voies-1-4-npt-0-690-bar\/"]}]},{"@type":"ImageObject","inLanguage":"fr-FR","@id":"https:\/\/lda.be\/fr\/produit\/serie-eh30-electrovanne-cryogenique-2-2-voies-1-4-npt-0-690-bar\/#primaryimage","url":"https:\/\/lda.be\/wp-content\/uploads\/2026\/04\/EH30-cryogeen-magneetventiel.webp","contentUrl":"https:\/\/lda.be\/wp-content\/uploads\/2026\/04\/EH30-cryogeen-magneetventiel.webp","width":1080,"height":1080,"caption":"EH30 cryogeen magneetventiel"},{"@type":"BreadcrumbList","@id":"https:\/\/lda.be\/fr\/produit\/serie-eh30-electrovanne-cryogenique-2-2-voies-1-4-npt-0-690-bar\/#breadcrumb","itemListElement":[{"@type":"ListItem","position":1,"name":"Accueil","item":"https:\/\/lda.be\/fr\/"},{"@type":"ListItem","position":2,"name":"Produits","item":"https:\/\/lda.be\/fr\/produits\/"},{"@type":"ListItem","position":3,"name":"S\u00e9rie EH30 : \u00e9lectrovanne cryog\u00e9nique 2\/2 voies, 1\/4&#8243; NPT, 0\u2013690 bar"}]},{"@type":"WebSite","@id":"https:\/\/lda.be\/fr\/#website","url":"https:\/\/lda.be\/fr\/","name":"LDA Belgium","description":"Solutions For Life","publisher":{"@id":"https:\/\/lda.be\/fr\/#organization"},"potentialAction":[{"@type":"SearchAction","target":{"@type":"EntryPoint","urlTemplate":"https:\/\/lda.be\/fr\/?s={search_term_string}"},"query-input":{"@type":"PropertyValueSpecification","valueRequired":true,"valueName":"search_term_string"}}],"inLanguage":"fr-FR"},{"@type":"Organization","@id":"https:\/\/lda.be\/fr\/#organization","name":"LDA Belgium","url":"https:\/\/lda.be\/fr\/","logo":{"@type":"ImageObject","inLanguage":"fr-FR","@id":"https:\/\/lda.be\/fr\/#\/schema\/logo\/image\/","url":"https:\/\/lda.be\/wp-content\/uploads\/2022\/07\/Logo-LDA.webp","contentUrl":"https:\/\/lda.be\/wp-content\/uploads\/2022\/07\/Logo-LDA.webp","width":311,"height":101,"caption":"LDA Belgium"},"image":{"@id":"https:\/\/lda.be\/fr\/#\/schema\/logo\/image\/"},"sameAs":["https:\/\/www.linkedin.com\/company\/lda-belgium-nv"]}]}},"_links":{"self":[{"href":"https:\/\/lda.be\/fr\/wp-json\/wp\/v2\/product\/16531","targetHints":{"allow":["GET"]}}],"collection":[{"href":"https:\/\/lda.be\/fr\/wp-json\/wp\/v2\/product"}],"about":[{"href":"https:\/\/lda.be\/fr\/wp-json\/wp\/v2\/types\/product"}],"replies":[{"embeddable":true,"href":"https:\/\/lda.be\/fr\/wp-json\/wp\/v2\/comments?post=16531"}],"wp:featuredmedia":[{"embeddable":true,"href":"https:\/\/lda.be\/fr\/wp-json\/wp\/v2\/media\/16529"}],"wp:attachment":[{"href":"https:\/\/lda.be\/fr\/wp-json\/wp\/v2\/media?parent=16531"}],"wp:term":[{"taxonomy":"product_brand","embeddable":true,"href":"https:\/\/lda.be\/fr\/wp-json\/wp\/v2\/product_brand?post=16531"},{"taxonomy":"product_cat","embeddable":true,"href":"https:\/\/lda.be\/fr\/wp-json\/wp\/v2\/product_cat?post=16531"},{"taxonomy":"product_tag","embeddable":true,"href":"https:\/\/lda.be\/fr\/wp-json\/wp\/v2\/product_tag?post=16531"}],"curies":[{"name":"wp","href":"https:\/\/api.w.org\/{rel}","templated":true}]}}