{"id":16557,"date":"2026-04-21T14:31:07","date_gmt":"2026-04-21T13:31:07","guid":{"rendered":"https:\/\/lda.be\/?post_type=product&#038;p=16557"},"modified":"2026-04-21T15:13:25","modified_gmt":"2026-04-21T14:13:25","slug":"serie-er-de-vannes-magnetiques-rotatives-1-4-a-6-149-bars","status":"publish","type":"product","link":"https:\/\/lda.be\/fr\/produit\/serie-er-de-vannes-magnetiques-rotatives-1-4-a-6-149-bars\/","title":{"rendered":"S\u00e9rie ER de vannes magn\u00e9tiques rotatives, 1\/4&#8243; \u00e0 6&#8243; , 149 bars"},"content":{"rendered":"<p>La <strong>s\u00e9rie ER<\/strong> est une gamme de vannes sol\u00e9no\u00efdes \u00e0 style rotatif, con\u00e7ue pour des applications industrielles et cryog\u00e9niques. Ces vannes utilisent un sol\u00e9no\u00efde externe pour contr\u00f4ler le mouvement interne du piston, permettant l&#8217;utilisation de mat\u00e9riaux r\u00e9sistants \u00e0 la corrosion pour les composants internes. La s\u00e9rie ER est disponible en versions 2 ou 3 voies, avec diff\u00e9rentes options de commande telles que l&#8217;actionnement par sol\u00e9no\u00efde, le verrouillage m\u00e9canique ou le d\u00e9clenchement thermique. Les vannes conviennent \u00e0 une large gamme de milieux, y compris les gaz, liquides et fluides cryog\u00e9niques, avec une plage de temp\u00e9rature de <strong>-50\u00b0C \u00e0 +350\u00b0C<\/strong> (jusqu&#8217;\u00e0 <strong>+550\u00b0C<\/strong> avec l&#8217;option haute temp\u00e9rature).<\/p>\n","protected":false},"excerpt":{"rendered":"<p>La s\u00e9rie ER est une gamme de vannes sol\u00e9no\u00efdes \u00e0 style rotatif, con\u00e7ue pour des applications industrielles et cryog\u00e9niques. Ces vannes utilisent un sol\u00e9no\u00efde externe pour contr\u00f4ler le mouvement interne du piston, permettant l&#8217;utilisation de mat\u00e9riaux r\u00e9sistants \u00e0 la corrosion pour les composants internes. La s\u00e9rie ER est disponible en versions 2 ou 3 voies, [&hellip;]<\/p>\n","protected":false},"featured_media":16548,"comment_status":"closed","ping_status":"closed","template":"","meta":[],"product_brand":[],"product_cat":[896],"product_tag":[],"class_list":{"0":"post-16557","1":"product","2":"type-product","3":"status-publish","4":"has-post-thumbnail","6":"product_cat-vannes-et-composants-cryogeniques","8":"first","9":"instock","10":"shipping-taxable","11":"product-type-simple"},"yoast_head":"<!-- This site is optimized with the Yoast SEO plugin v27.3 - https:\/\/yoast.com\/product\/yoast-seo-wordpress\/ -->\n<title>S\u00e9rie ER de vannes magn\u00e9tiques rotatives, 1\/4&quot; \u00e0 6&quot; , 149 bars - LDA Belgique<\/title>\n<meta name=\"description\" content=\"Vannes sol\u00e9no\u00efdes s\u00e9rie ER \u00e0 style rotatif pour applications industrielles et cryog\u00e9niques. Plage de temp\u00e9rature -50\u00b0C \u00e0 +550\u00b0C, pression jusqu&#039;\u00e0 149 bar, corps en acier inoxydable 316, NEMA 7, ATEX.\" \/>\n<meta name=\"robots\" content=\"index, follow, max-snippet:-1, max-image-preview:large, max-video-preview:-1\" \/>\n<link rel=\"canonical\" href=\"https:\/\/lda.be\/fr\/produit\/serie-er-de-vannes-magnetiques-rotatives-1-4-a-6-149-bars\/\" \/>\n<meta property=\"og:locale\" content=\"fr_FR\" \/>\n<meta property=\"og:type\" content=\"article\" \/>\n<meta property=\"og:title\" content=\"S\u00e9rie ER de vannes magn\u00e9tiques rotatives, 1\/4&quot; \u00e0 6&quot; , 149 bars - LDA Belgique\" \/>\n<meta property=\"og:description\" content=\"Vannes sol\u00e9no\u00efdes s\u00e9rie ER \u00e0 style rotatif pour applications industrielles et cryog\u00e9niques. Plage de temp\u00e9rature -50\u00b0C \u00e0 +550\u00b0C, pression jusqu&#039;\u00e0 149 bar, corps en acier inoxydable 316, NEMA 7, ATEX.\" \/>\n<meta property=\"og:url\" content=\"https:\/\/lda.be\/fr\/produit\/serie-er-de-vannes-magnetiques-rotatives-1-4-a-6-149-bars\/\" \/>\n<meta property=\"og:site_name\" content=\"LDA Belgique\" \/>\n<meta property=\"article:modified_time\" content=\"2026-04-21T14:13:25+00:00\" \/>\n<meta property=\"og:image\" content=\"https:\/\/lda.be\/wp-content\/uploads\/2025\/05\/OpenGrap-image-LDA.webp\" \/>\n\t<meta property=\"og:image:width\" content=\"895\" \/>\n\t<meta property=\"og:image:height\" content=\"659\" \/>\n\t<meta property=\"og:image:type\" content=\"image\/webp\" \/>\n<meta name=\"twitter:card\" content=\"summary_large_image\" \/>\n<meta name=\"twitter:label1\" content=\"Dur\u00e9e de lecture estim\u00e9e\" \/>\n\t<meta name=\"twitter:data1\" content=\"1 minute\" \/>\n<script type=\"application\/ld+json\" class=\"yoast-schema-graph\">{\"@context\":\"https:\\\/\\\/schema.org\",\"@graph\":[{\"@type\":\"WebPage\",\"@id\":\"https:\\\/\\\/lda.be\\\/fr\\\/produit\\\/serie-er-de-vannes-magnetiques-rotatives-1-4-a-6-149-bars\\\/\",\"url\":\"https:\\\/\\\/lda.be\\\/fr\\\/produit\\\/serie-er-de-vannes-magnetiques-rotatives-1-4-a-6-149-bars\\\/\",\"name\":\"S\u00e9rie ER de vannes magn\u00e9tiques rotatives, 1\\\/4\\\" \u00e0 6\\\" , 149 bars - LDA Belgique\",\"isPartOf\":{\"@id\":\"https:\\\/\\\/lda.be\\\/fr\\\/#website\"},\"primaryImageOfPage\":{\"@id\":\"https:\\\/\\\/lda.be\\\/fr\\\/produit\\\/serie-er-de-vannes-magnetiques-rotatives-1-4-a-6-149-bars\\\/#primaryimage\"},\"image\":{\"@id\":\"https:\\\/\\\/lda.be\\\/fr\\\/produit\\\/serie-er-de-vannes-magnetiques-rotatives-1-4-a-6-149-bars\\\/#primaryimage\"},\"thumbnailUrl\":\"https:\\\/\\\/lda.be\\\/wp-content\\\/uploads\\\/2026\\\/04\\\/ER-serie-hoge-druk-crogeen-magneetventiel.webp\",\"datePublished\":\"2026-04-21T13:31:07+00:00\",\"dateModified\":\"2026-04-21T14:13:25+00:00\",\"description\":\"Vannes sol\u00e9no\u00efdes s\u00e9rie ER \u00e0 style rotatif pour applications industrielles et cryog\u00e9niques. Plage de temp\u00e9rature -50\u00b0C \u00e0 +550\u00b0C, pression jusqu'\u00e0 149 bar, corps en acier inoxydable 316, NEMA 7, ATEX.\",\"breadcrumb\":{\"@id\":\"https:\\\/\\\/lda.be\\\/fr\\\/produit\\\/serie-er-de-vannes-magnetiques-rotatives-1-4-a-6-149-bars\\\/#breadcrumb\"},\"inLanguage\":\"fr-FR\",\"potentialAction\":[{\"@type\":\"ReadAction\",\"target\":[\"https:\\\/\\\/lda.be\\\/fr\\\/produit\\\/serie-er-de-vannes-magnetiques-rotatives-1-4-a-6-149-bars\\\/\"]}]},{\"@type\":\"ImageObject\",\"inLanguage\":\"fr-FR\",\"@id\":\"https:\\\/\\\/lda.be\\\/fr\\\/produit\\\/serie-er-de-vannes-magnetiques-rotatives-1-4-a-6-149-bars\\\/#primaryimage\",\"url\":\"https:\\\/\\\/lda.be\\\/wp-content\\\/uploads\\\/2026\\\/04\\\/ER-serie-hoge-druk-crogeen-magneetventiel.webp\",\"contentUrl\":\"https:\\\/\\\/lda.be\\\/wp-content\\\/uploads\\\/2026\\\/04\\\/ER-serie-hoge-druk-crogeen-magneetventiel.webp\",\"width\":1080,\"height\":1080,\"caption\":\"ER serie hoge druk crogeen magneetventiel\"},{\"@type\":\"BreadcrumbList\",\"@id\":\"https:\\\/\\\/lda.be\\\/fr\\\/produit\\\/serie-er-de-vannes-magnetiques-rotatives-1-4-a-6-149-bars\\\/#breadcrumb\",\"itemListElement\":[{\"@type\":\"ListItem\",\"position\":1,\"name\":\"Accueil\",\"item\":\"https:\\\/\\\/lda.be\\\/fr\\\/\"},{\"@type\":\"ListItem\",\"position\":2,\"name\":\"Produits\",\"item\":\"https:\\\/\\\/lda.be\\\/fr\\\/produits\\\/\"},{\"@type\":\"ListItem\",\"position\":3,\"name\":\"S\u00e9rie ER de vannes magn\u00e9tiques rotatives, 1\\\/4&#8243; \u00e0 6&#8243; , 149 bars\"}]},{\"@type\":\"WebSite\",\"@id\":\"https:\\\/\\\/lda.be\\\/fr\\\/#website\",\"url\":\"https:\\\/\\\/lda.be\\\/fr\\\/\",\"name\":\"LDA Belgium\",\"description\":\"Solutions For Life\",\"publisher\":{\"@id\":\"https:\\\/\\\/lda.be\\\/fr\\\/#organization\"},\"potentialAction\":[{\"@type\":\"SearchAction\",\"target\":{\"@type\":\"EntryPoint\",\"urlTemplate\":\"https:\\\/\\\/lda.be\\\/fr\\\/?s={search_term_string}\"},\"query-input\":{\"@type\":\"PropertyValueSpecification\",\"valueRequired\":true,\"valueName\":\"search_term_string\"}}],\"inLanguage\":\"fr-FR\"},{\"@type\":\"Organization\",\"@id\":\"https:\\\/\\\/lda.be\\\/fr\\\/#organization\",\"name\":\"LDA Belgium\",\"url\":\"https:\\\/\\\/lda.be\\\/fr\\\/\",\"logo\":{\"@type\":\"ImageObject\",\"inLanguage\":\"fr-FR\",\"@id\":\"https:\\\/\\\/lda.be\\\/fr\\\/#\\\/schema\\\/logo\\\/image\\\/\",\"url\":\"https:\\\/\\\/lda.be\\\/wp-content\\\/uploads\\\/2022\\\/07\\\/Logo-LDA.webp\",\"contentUrl\":\"https:\\\/\\\/lda.be\\\/wp-content\\\/uploads\\\/2022\\\/07\\\/Logo-LDA.webp\",\"width\":311,\"height\":101,\"caption\":\"LDA Belgium\"},\"image\":{\"@id\":\"https:\\\/\\\/lda.be\\\/fr\\\/#\\\/schema\\\/logo\\\/image\\\/\"},\"sameAs\":[\"https:\\\/\\\/www.linkedin.com\\\/company\\\/lda-belgium-nv\"]}]}<\/script>\n<!-- \/ Yoast SEO plugin. -->","yoast_head_json":{"title":"S\u00e9rie ER de vannes magn\u00e9tiques rotatives, 1\/4\" \u00e0 6\" , 149 bars - LDA Belgique","description":"Vannes sol\u00e9no\u00efdes s\u00e9rie ER \u00e0 style rotatif pour applications industrielles et cryog\u00e9niques. Plage de temp\u00e9rature -50\u00b0C \u00e0 +550\u00b0C, pression jusqu'\u00e0 149 bar, corps en acier inoxydable 316, NEMA 7, ATEX.","robots":{"index":"index","follow":"follow","max-snippet":"max-snippet:-1","max-image-preview":"max-image-preview:large","max-video-preview":"max-video-preview:-1"},"canonical":"https:\/\/lda.be\/fr\/produit\/serie-er-de-vannes-magnetiques-rotatives-1-4-a-6-149-bars\/","og_locale":"fr_FR","og_type":"article","og_title":"S\u00e9rie ER de vannes magn\u00e9tiques rotatives, 1\/4\" \u00e0 6\" , 149 bars - LDA Belgique","og_description":"Vannes sol\u00e9no\u00efdes s\u00e9rie ER \u00e0 style rotatif pour applications industrielles et cryog\u00e9niques. Plage de temp\u00e9rature -50\u00b0C \u00e0 +550\u00b0C, pression jusqu'\u00e0 149 bar, corps en acier inoxydable 316, NEMA 7, ATEX.","og_url":"https:\/\/lda.be\/fr\/produit\/serie-er-de-vannes-magnetiques-rotatives-1-4-a-6-149-bars\/","og_site_name":"LDA Belgique","article_modified_time":"2026-04-21T14:13:25+00:00","og_image":[{"width":895,"height":659,"url":"https:\/\/lda.be\/wp-content\/uploads\/2025\/05\/OpenGrap-image-LDA.webp","type":"image\/webp"}],"twitter_card":"summary_large_image","twitter_misc":{"Dur\u00e9e de lecture estim\u00e9e":"1 minute"},"schema":{"@context":"https:\/\/schema.org","@graph":[{"@type":"WebPage","@id":"https:\/\/lda.be\/fr\/produit\/serie-er-de-vannes-magnetiques-rotatives-1-4-a-6-149-bars\/","url":"https:\/\/lda.be\/fr\/produit\/serie-er-de-vannes-magnetiques-rotatives-1-4-a-6-149-bars\/","name":"S\u00e9rie ER de vannes magn\u00e9tiques rotatives, 1\/4\" \u00e0 6\" , 149 bars - LDA Belgique","isPartOf":{"@id":"https:\/\/lda.be\/fr\/#website"},"primaryImageOfPage":{"@id":"https:\/\/lda.be\/fr\/produit\/serie-er-de-vannes-magnetiques-rotatives-1-4-a-6-149-bars\/#primaryimage"},"image":{"@id":"https:\/\/lda.be\/fr\/produit\/serie-er-de-vannes-magnetiques-rotatives-1-4-a-6-149-bars\/#primaryimage"},"thumbnailUrl":"https:\/\/lda.be\/wp-content\/uploads\/2026\/04\/ER-serie-hoge-druk-crogeen-magneetventiel.webp","datePublished":"2026-04-21T13:31:07+00:00","dateModified":"2026-04-21T14:13:25+00:00","description":"Vannes sol\u00e9no\u00efdes s\u00e9rie ER \u00e0 style rotatif pour applications industrielles et cryog\u00e9niques. Plage de temp\u00e9rature -50\u00b0C \u00e0 +550\u00b0C, pression jusqu'\u00e0 149 bar, corps en acier inoxydable 316, NEMA 7, ATEX.","breadcrumb":{"@id":"https:\/\/lda.be\/fr\/produit\/serie-er-de-vannes-magnetiques-rotatives-1-4-a-6-149-bars\/#breadcrumb"},"inLanguage":"fr-FR","potentialAction":[{"@type":"ReadAction","target":["https:\/\/lda.be\/fr\/produit\/serie-er-de-vannes-magnetiques-rotatives-1-4-a-6-149-bars\/"]}]},{"@type":"ImageObject","inLanguage":"fr-FR","@id":"https:\/\/lda.be\/fr\/produit\/serie-er-de-vannes-magnetiques-rotatives-1-4-a-6-149-bars\/#primaryimage","url":"https:\/\/lda.be\/wp-content\/uploads\/2026\/04\/ER-serie-hoge-druk-crogeen-magneetventiel.webp","contentUrl":"https:\/\/lda.be\/wp-content\/uploads\/2026\/04\/ER-serie-hoge-druk-crogeen-magneetventiel.webp","width":1080,"height":1080,"caption":"ER serie hoge druk crogeen magneetventiel"},{"@type":"BreadcrumbList","@id":"https:\/\/lda.be\/fr\/produit\/serie-er-de-vannes-magnetiques-rotatives-1-4-a-6-149-bars\/#breadcrumb","itemListElement":[{"@type":"ListItem","position":1,"name":"Accueil","item":"https:\/\/lda.be\/fr\/"},{"@type":"ListItem","position":2,"name":"Produits","item":"https:\/\/lda.be\/fr\/produits\/"},{"@type":"ListItem","position":3,"name":"S\u00e9rie ER de vannes magn\u00e9tiques rotatives, 1\/4&#8243; \u00e0 6&#8243; , 149 bars"}]},{"@type":"WebSite","@id":"https:\/\/lda.be\/fr\/#website","url":"https:\/\/lda.be\/fr\/","name":"LDA Belgium","description":"Solutions For Life","publisher":{"@id":"https:\/\/lda.be\/fr\/#organization"},"potentialAction":[{"@type":"SearchAction","target":{"@type":"EntryPoint","urlTemplate":"https:\/\/lda.be\/fr\/?s={search_term_string}"},"query-input":{"@type":"PropertyValueSpecification","valueRequired":true,"valueName":"search_term_string"}}],"inLanguage":"fr-FR"},{"@type":"Organization","@id":"https:\/\/lda.be\/fr\/#organization","name":"LDA Belgium","url":"https:\/\/lda.be\/fr\/","logo":{"@type":"ImageObject","inLanguage":"fr-FR","@id":"https:\/\/lda.be\/fr\/#\/schema\/logo\/image\/","url":"https:\/\/lda.be\/wp-content\/uploads\/2022\/07\/Logo-LDA.webp","contentUrl":"https:\/\/lda.be\/wp-content\/uploads\/2022\/07\/Logo-LDA.webp","width":311,"height":101,"caption":"LDA Belgium"},"image":{"@id":"https:\/\/lda.be\/fr\/#\/schema\/logo\/image\/"},"sameAs":["https:\/\/www.linkedin.com\/company\/lda-belgium-nv"]}]}},"_links":{"self":[{"href":"https:\/\/lda.be\/fr\/wp-json\/wp\/v2\/product\/16557","targetHints":{"allow":["GET"]}}],"collection":[{"href":"https:\/\/lda.be\/fr\/wp-json\/wp\/v2\/product"}],"about":[{"href":"https:\/\/lda.be\/fr\/wp-json\/wp\/v2\/types\/product"}],"replies":[{"embeddable":true,"href":"https:\/\/lda.be\/fr\/wp-json\/wp\/v2\/comments?post=16557"}],"wp:featuredmedia":[{"embeddable":true,"href":"https:\/\/lda.be\/fr\/wp-json\/wp\/v2\/media\/16548"}],"wp:attachment":[{"href":"https:\/\/lda.be\/fr\/wp-json\/wp\/v2\/media?parent=16557"}],"wp:term":[{"taxonomy":"product_brand","embeddable":true,"href":"https:\/\/lda.be\/fr\/wp-json\/wp\/v2\/product_brand?post=16557"},{"taxonomy":"product_cat","embeddable":true,"href":"https:\/\/lda.be\/fr\/wp-json\/wp\/v2\/product_cat?post=16557"},{"taxonomy":"product_tag","embeddable":true,"href":"https:\/\/lda.be\/fr\/wp-json\/wp\/v2\/product_tag?post=16557"}],"curies":[{"name":"wp","href":"https:\/\/api.w.org\/{rel}","templated":true}]}}