{"id":16579,"date":"2026-04-22T13:37:28","date_gmt":"2026-04-22T12:37:28","guid":{"rendered":"https:\/\/lda.be\/?post_type=product&#038;p=16579"},"modified":"2026-04-22T13:51:52","modified_gmt":"2026-04-22T12:51:52","slug":"serie-zs-electrovannes-standard-2-2-voies-nc-no-1-2-2","status":"publish","type":"product","link":"https:\/\/lda.be\/fr\/produit\/serie-zs-electrovannes-standard-2-2-voies-nc-no-1-2-2\/","title":{"rendered":"S\u00e9rie ZS : \u00e9lectrovannes standard 2\/2 voies NC\/NO 1\/2&#8243; &#8211; 2&#8243;"},"content":{"rendered":"<p>La s\u00e9rie ZS comprend des \u00e9lectrovannes standard 2\/2 voies \u00e0 commande pilote par membrane, adapt\u00e9es aux gaz neutres et aux liquides. Les vannes sont disponibles en version normalement ferm\u00e9e (NC) ou normalement ouverte (NO), avec des corps en laiton, en acier inoxydable 304 ou en acier inoxydable 316. La s\u00e9rie propose une large gamme de dimensions allant de 1\/8\u00ab \u00e0 2 \u00bb, avec des raccords filet\u00e9s ou \u00e0 bride. Les vannes sont \u00e9conomes en \u00e9nergie et adapt\u00e9es \u00e0 des plages de pression allant jusqu&#8217;\u00e0 10 bars (selon le mod\u00e8le et le fluide). Il s&#8217;agit de vannes magn\u00e9tiques standard pouvant \u00eatre utilis\u00e9es dans n&#8217;importe quelle application.<\/p>\n","protected":false},"excerpt":{"rendered":"<p>La s\u00e9rie ZS comprend des \u00e9lectrovannes standard 2\/2 voies \u00e0 commande pilote par membrane, adapt\u00e9es aux gaz neutres et aux liquides. Les vannes sont disponibles en version normalement ferm\u00e9e (NC) ou normalement ouverte (NO), avec des corps en laiton, en acier inoxydable 304 ou en acier inoxydable 316. La s\u00e9rie propose une large gamme de [&hellip;]<\/p>\n","protected":false},"featured_media":16568,"comment_status":"closed","ping_status":"closed","template":"","meta":[],"product_brand":[],"product_cat":[1561],"product_tag":[],"class_list":{"0":"post-16579","1":"product","2":"type-product","3":"status-publish","4":"has-post-thumbnail","6":"product_cat-vannes-a-liquide","8":"first","9":"instock","10":"shipping-taxable","11":"product-type-simple"},"yoast_head":"<!-- This site is optimized with the Yoast SEO plugin v27.3 - https:\/\/yoast.com\/product\/yoast-seo-wordpress\/ -->\n<title>S\u00e9rie ZS : \u00e9lectrovannes standard 2\/2 voies NC\/NO 1\/2&quot; - 2&quot; - LDA Belgique<\/title>\n<meta name=\"description\" content=\"\u00c9lectrovannes s\u00e9rie ZS 2\/2 voies pour milieux neutres et applications cryog\u00e9niques. Pression jusqu\u2019\u00e0 10 bar, temp\u00e9rature jusqu\u2019\u00e0 +130\u00b0C, corps en acier inoxydable 316, joints PTFE\/EPDM\/Viton.\" \/>\n<meta name=\"robots\" content=\"index, follow, max-snippet:-1, max-image-preview:large, max-video-preview:-1\" \/>\n<link rel=\"canonical\" href=\"https:\/\/lda.be\/fr\/produit\/serie-zs-electrovannes-standard-2-2-voies-nc-no-1-2-2\/\" \/>\n<meta property=\"og:locale\" content=\"fr_FR\" \/>\n<meta property=\"og:type\" content=\"article\" \/>\n<meta property=\"og:title\" content=\"S\u00e9rie ZS : \u00e9lectrovannes standard 2\/2 voies NC\/NO 1\/2&quot; - 2&quot; - LDA Belgique\" \/>\n<meta property=\"og:description\" content=\"\u00c9lectrovannes s\u00e9rie ZS 2\/2 voies pour milieux neutres et applications cryog\u00e9niques. Pression jusqu\u2019\u00e0 10 bar, temp\u00e9rature jusqu\u2019\u00e0 +130\u00b0C, corps en acier inoxydable 316, joints PTFE\/EPDM\/Viton.\" \/>\n<meta property=\"og:url\" content=\"https:\/\/lda.be\/fr\/produit\/serie-zs-electrovannes-standard-2-2-voies-nc-no-1-2-2\/\" \/>\n<meta property=\"og:site_name\" content=\"LDA Belgique\" \/>\n<meta property=\"article:modified_time\" content=\"2026-04-22T12:51:52+00:00\" \/>\n<meta property=\"og:image\" content=\"https:\/\/lda.be\/wp-content\/uploads\/2026\/04\/ZS-standaard-mgneet-ventiel-voor-lucht-en-water.webp\" \/>\n\t<meta property=\"og:image:width\" content=\"1080\" \/>\n\t<meta property=\"og:image:height\" content=\"1080\" \/>\n\t<meta property=\"og:image:type\" content=\"image\/webp\" \/>\n<meta name=\"twitter:card\" content=\"summary_large_image\" \/>\n<meta name=\"twitter:label1\" content=\"Dur\u00e9e de lecture estim\u00e9e\" \/>\n\t<meta name=\"twitter:data1\" content=\"1 minute\" \/>\n<script type=\"application\/ld+json\" class=\"yoast-schema-graph\">{\"@context\":\"https:\\\/\\\/schema.org\",\"@graph\":[{\"@type\":\"WebPage\",\"@id\":\"https:\\\/\\\/lda.be\\\/fr\\\/produit\\\/serie-zs-electrovannes-standard-2-2-voies-nc-no-1-2-2\\\/\",\"url\":\"https:\\\/\\\/lda.be\\\/fr\\\/produit\\\/serie-zs-electrovannes-standard-2-2-voies-nc-no-1-2-2\\\/\",\"name\":\"S\u00e9rie ZS : \u00e9lectrovannes standard 2\\\/2 voies NC\\\/NO 1\\\/2\\\" - 2\\\" - LDA Belgique\",\"isPartOf\":{\"@id\":\"https:\\\/\\\/lda.be\\\/fr\\\/#website\"},\"primaryImageOfPage\":{\"@id\":\"https:\\\/\\\/lda.be\\\/fr\\\/produit\\\/serie-zs-electrovannes-standard-2-2-voies-nc-no-1-2-2\\\/#primaryimage\"},\"image\":{\"@id\":\"https:\\\/\\\/lda.be\\\/fr\\\/produit\\\/serie-zs-electrovannes-standard-2-2-voies-nc-no-1-2-2\\\/#primaryimage\"},\"thumbnailUrl\":\"https:\\\/\\\/lda.be\\\/wp-content\\\/uploads\\\/2026\\\/04\\\/ZS-standaard-mgneet-ventiel-voor-lucht-en-water.webp\",\"datePublished\":\"2026-04-22T12:37:28+00:00\",\"dateModified\":\"2026-04-22T12:51:52+00:00\",\"description\":\"\u00c9lectrovannes s\u00e9rie ZS 2\\\/2 voies pour milieux neutres et applications cryog\u00e9niques. Pression jusqu\u2019\u00e0 10 bar, temp\u00e9rature jusqu\u2019\u00e0 +130\u00b0C, corps en acier inoxydable 316, joints PTFE\\\/EPDM\\\/Viton.\",\"breadcrumb\":{\"@id\":\"https:\\\/\\\/lda.be\\\/fr\\\/produit\\\/serie-zs-electrovannes-standard-2-2-voies-nc-no-1-2-2\\\/#breadcrumb\"},\"inLanguage\":\"fr-FR\",\"potentialAction\":[{\"@type\":\"ReadAction\",\"target\":[\"https:\\\/\\\/lda.be\\\/fr\\\/produit\\\/serie-zs-electrovannes-standard-2-2-voies-nc-no-1-2-2\\\/\"]}]},{\"@type\":\"ImageObject\",\"inLanguage\":\"fr-FR\",\"@id\":\"https:\\\/\\\/lda.be\\\/fr\\\/produit\\\/serie-zs-electrovannes-standard-2-2-voies-nc-no-1-2-2\\\/#primaryimage\",\"url\":\"https:\\\/\\\/lda.be\\\/wp-content\\\/uploads\\\/2026\\\/04\\\/ZS-standaard-mgneet-ventiel-voor-lucht-en-water.webp\",\"contentUrl\":\"https:\\\/\\\/lda.be\\\/wp-content\\\/uploads\\\/2026\\\/04\\\/ZS-standaard-mgneet-ventiel-voor-lucht-en-water.webp\",\"width\":1080,\"height\":1080,\"caption\":\"ZS standaard magneet ventiel voor lucht en water\"},{\"@type\":\"BreadcrumbList\",\"@id\":\"https:\\\/\\\/lda.be\\\/fr\\\/produit\\\/serie-zs-electrovannes-standard-2-2-voies-nc-no-1-2-2\\\/#breadcrumb\",\"itemListElement\":[{\"@type\":\"ListItem\",\"position\":1,\"name\":\"Accueil\",\"item\":\"https:\\\/\\\/lda.be\\\/fr\\\/\"},{\"@type\":\"ListItem\",\"position\":2,\"name\":\"Produits\",\"item\":\"https:\\\/\\\/lda.be\\\/fr\\\/produits\\\/\"},{\"@type\":\"ListItem\",\"position\":3,\"name\":\"S\u00e9rie ZS : \u00e9lectrovannes standard 2\\\/2 voies NC\\\/NO 1\\\/2&#8243; &#8211; 2&#8243;\"}]},{\"@type\":\"WebSite\",\"@id\":\"https:\\\/\\\/lda.be\\\/fr\\\/#website\",\"url\":\"https:\\\/\\\/lda.be\\\/fr\\\/\",\"name\":\"LDA Belgium\",\"description\":\"Solutions For Life\",\"publisher\":{\"@id\":\"https:\\\/\\\/lda.be\\\/fr\\\/#organization\"},\"potentialAction\":[{\"@type\":\"SearchAction\",\"target\":{\"@type\":\"EntryPoint\",\"urlTemplate\":\"https:\\\/\\\/lda.be\\\/fr\\\/?s={search_term_string}\"},\"query-input\":{\"@type\":\"PropertyValueSpecification\",\"valueRequired\":true,\"valueName\":\"search_term_string\"}}],\"inLanguage\":\"fr-FR\"},{\"@type\":\"Organization\",\"@id\":\"https:\\\/\\\/lda.be\\\/fr\\\/#organization\",\"name\":\"LDA Belgium\",\"url\":\"https:\\\/\\\/lda.be\\\/fr\\\/\",\"logo\":{\"@type\":\"ImageObject\",\"inLanguage\":\"fr-FR\",\"@id\":\"https:\\\/\\\/lda.be\\\/fr\\\/#\\\/schema\\\/logo\\\/image\\\/\",\"url\":\"https:\\\/\\\/lda.be\\\/wp-content\\\/uploads\\\/2022\\\/07\\\/Logo-LDA.webp\",\"contentUrl\":\"https:\\\/\\\/lda.be\\\/wp-content\\\/uploads\\\/2022\\\/07\\\/Logo-LDA.webp\",\"width\":311,\"height\":101,\"caption\":\"LDA Belgium\"},\"image\":{\"@id\":\"https:\\\/\\\/lda.be\\\/fr\\\/#\\\/schema\\\/logo\\\/image\\\/\"},\"sameAs\":[\"https:\\\/\\\/www.linkedin.com\\\/company\\\/lda-belgium-nv\"]}]}<\/script>\n<!-- \/ Yoast SEO plugin. -->","yoast_head_json":{"title":"S\u00e9rie ZS : \u00e9lectrovannes standard 2\/2 voies NC\/NO 1\/2\" - 2\" - LDA Belgique","description":"\u00c9lectrovannes s\u00e9rie ZS 2\/2 voies pour milieux neutres et applications cryog\u00e9niques. Pression jusqu\u2019\u00e0 10 bar, temp\u00e9rature jusqu\u2019\u00e0 +130\u00b0C, corps en acier inoxydable 316, joints PTFE\/EPDM\/Viton.","robots":{"index":"index","follow":"follow","max-snippet":"max-snippet:-1","max-image-preview":"max-image-preview:large","max-video-preview":"max-video-preview:-1"},"canonical":"https:\/\/lda.be\/fr\/produit\/serie-zs-electrovannes-standard-2-2-voies-nc-no-1-2-2\/","og_locale":"fr_FR","og_type":"article","og_title":"S\u00e9rie ZS : \u00e9lectrovannes standard 2\/2 voies NC\/NO 1\/2\" - 2\" - LDA Belgique","og_description":"\u00c9lectrovannes s\u00e9rie ZS 2\/2 voies pour milieux neutres et applications cryog\u00e9niques. Pression jusqu\u2019\u00e0 10 bar, temp\u00e9rature jusqu\u2019\u00e0 +130\u00b0C, corps en acier inoxydable 316, joints PTFE\/EPDM\/Viton.","og_url":"https:\/\/lda.be\/fr\/produit\/serie-zs-electrovannes-standard-2-2-voies-nc-no-1-2-2\/","og_site_name":"LDA Belgique","article_modified_time":"2026-04-22T12:51:52+00:00","og_image":[{"width":1080,"height":1080,"url":"https:\/\/lda.be\/wp-content\/uploads\/2026\/04\/ZS-standaard-mgneet-ventiel-voor-lucht-en-water.webp","type":"image\/webp"}],"twitter_card":"summary_large_image","twitter_misc":{"Dur\u00e9e de lecture estim\u00e9e":"1 minute"},"schema":{"@context":"https:\/\/schema.org","@graph":[{"@type":"WebPage","@id":"https:\/\/lda.be\/fr\/produit\/serie-zs-electrovannes-standard-2-2-voies-nc-no-1-2-2\/","url":"https:\/\/lda.be\/fr\/produit\/serie-zs-electrovannes-standard-2-2-voies-nc-no-1-2-2\/","name":"S\u00e9rie ZS : \u00e9lectrovannes standard 2\/2 voies NC\/NO 1\/2\" - 2\" - LDA Belgique","isPartOf":{"@id":"https:\/\/lda.be\/fr\/#website"},"primaryImageOfPage":{"@id":"https:\/\/lda.be\/fr\/produit\/serie-zs-electrovannes-standard-2-2-voies-nc-no-1-2-2\/#primaryimage"},"image":{"@id":"https:\/\/lda.be\/fr\/produit\/serie-zs-electrovannes-standard-2-2-voies-nc-no-1-2-2\/#primaryimage"},"thumbnailUrl":"https:\/\/lda.be\/wp-content\/uploads\/2026\/04\/ZS-standaard-mgneet-ventiel-voor-lucht-en-water.webp","datePublished":"2026-04-22T12:37:28+00:00","dateModified":"2026-04-22T12:51:52+00:00","description":"\u00c9lectrovannes s\u00e9rie ZS 2\/2 voies pour milieux neutres et applications cryog\u00e9niques. Pression jusqu\u2019\u00e0 10 bar, temp\u00e9rature jusqu\u2019\u00e0 +130\u00b0C, corps en acier inoxydable 316, joints PTFE\/EPDM\/Viton.","breadcrumb":{"@id":"https:\/\/lda.be\/fr\/produit\/serie-zs-electrovannes-standard-2-2-voies-nc-no-1-2-2\/#breadcrumb"},"inLanguage":"fr-FR","potentialAction":[{"@type":"ReadAction","target":["https:\/\/lda.be\/fr\/produit\/serie-zs-electrovannes-standard-2-2-voies-nc-no-1-2-2\/"]}]},{"@type":"ImageObject","inLanguage":"fr-FR","@id":"https:\/\/lda.be\/fr\/produit\/serie-zs-electrovannes-standard-2-2-voies-nc-no-1-2-2\/#primaryimage","url":"https:\/\/lda.be\/wp-content\/uploads\/2026\/04\/ZS-standaard-mgneet-ventiel-voor-lucht-en-water.webp","contentUrl":"https:\/\/lda.be\/wp-content\/uploads\/2026\/04\/ZS-standaard-mgneet-ventiel-voor-lucht-en-water.webp","width":1080,"height":1080,"caption":"ZS standaard magneet ventiel voor lucht en water"},{"@type":"BreadcrumbList","@id":"https:\/\/lda.be\/fr\/produit\/serie-zs-electrovannes-standard-2-2-voies-nc-no-1-2-2\/#breadcrumb","itemListElement":[{"@type":"ListItem","position":1,"name":"Accueil","item":"https:\/\/lda.be\/fr\/"},{"@type":"ListItem","position":2,"name":"Produits","item":"https:\/\/lda.be\/fr\/produits\/"},{"@type":"ListItem","position":3,"name":"S\u00e9rie ZS : \u00e9lectrovannes standard 2\/2 voies NC\/NO 1\/2&#8243; &#8211; 2&#8243;"}]},{"@type":"WebSite","@id":"https:\/\/lda.be\/fr\/#website","url":"https:\/\/lda.be\/fr\/","name":"LDA Belgium","description":"Solutions For Life","publisher":{"@id":"https:\/\/lda.be\/fr\/#organization"},"potentialAction":[{"@type":"SearchAction","target":{"@type":"EntryPoint","urlTemplate":"https:\/\/lda.be\/fr\/?s={search_term_string}"},"query-input":{"@type":"PropertyValueSpecification","valueRequired":true,"valueName":"search_term_string"}}],"inLanguage":"fr-FR"},{"@type":"Organization","@id":"https:\/\/lda.be\/fr\/#organization","name":"LDA Belgium","url":"https:\/\/lda.be\/fr\/","logo":{"@type":"ImageObject","inLanguage":"fr-FR","@id":"https:\/\/lda.be\/fr\/#\/schema\/logo\/image\/","url":"https:\/\/lda.be\/wp-content\/uploads\/2022\/07\/Logo-LDA.webp","contentUrl":"https:\/\/lda.be\/wp-content\/uploads\/2022\/07\/Logo-LDA.webp","width":311,"height":101,"caption":"LDA Belgium"},"image":{"@id":"https:\/\/lda.be\/fr\/#\/schema\/logo\/image\/"},"sameAs":["https:\/\/www.linkedin.com\/company\/lda-belgium-nv"]}]}},"_links":{"self":[{"href":"https:\/\/lda.be\/fr\/wp-json\/wp\/v2\/product\/16579","targetHints":{"allow":["GET"]}}],"collection":[{"href":"https:\/\/lda.be\/fr\/wp-json\/wp\/v2\/product"}],"about":[{"href":"https:\/\/lda.be\/fr\/wp-json\/wp\/v2\/types\/product"}],"replies":[{"embeddable":true,"href":"https:\/\/lda.be\/fr\/wp-json\/wp\/v2\/comments?post=16579"}],"wp:featuredmedia":[{"embeddable":true,"href":"https:\/\/lda.be\/fr\/wp-json\/wp\/v2\/media\/16568"}],"wp:attachment":[{"href":"https:\/\/lda.be\/fr\/wp-json\/wp\/v2\/media?parent=16579"}],"wp:term":[{"taxonomy":"product_brand","embeddable":true,"href":"https:\/\/lda.be\/fr\/wp-json\/wp\/v2\/product_brand?post=16579"},{"taxonomy":"product_cat","embeddable":true,"href":"https:\/\/lda.be\/fr\/wp-json\/wp\/v2\/product_cat?post=16579"},{"taxonomy":"product_tag","embeddable":true,"href":"https:\/\/lda.be\/fr\/wp-json\/wp\/v2\/product_tag?post=16579"}],"curies":[{"name":"wp","href":"https:\/\/api.w.org\/{rel}","templated":true}]}}