{"id":16637,"date":"2026-04-23T15:30:27","date_gmt":"2026-04-23T14:30:27","guid":{"rendered":"https:\/\/lda.be\/?post_type=product&#038;p=16637"},"modified":"2026-04-23T15:35:46","modified_gmt":"2026-04-23T14:35:46","slug":"serie-fy00-fluides-agressifs-vanne-en-y","status":"publish","type":"product","link":"https:\/\/lda.be\/fr\/produit\/serie-fy00-fluides-agressifs-vanne-en-y\/","title":{"rendered":"S\u00e9rie FY00 fluides agressifs vanne en Y"},"content":{"rendered":"<p>La s\u00e9rie FY00 comprend des filtres en Y pour la filtration des impuret\u00e9s dans les canalisations, con\u00e7us pour l&#8217;air, la vapeur, l&#8217;eau chaude\/froide, les liquides l\u00e9g\u00e8rement agressifs, les carburants, les gaz naturels, les solvants organiques, les acides et les lessives. Les filtres disposent d&#8217;un corps et couvercle en acier inoxydable AISI 316, d&#8217;un joint PTFE et d&#8217;un \u00e9l\u00e9ment filtrant en acier inoxydable AISI 304 (maille ou perfor\u00e9). Les filtres sont disponibles en tailles de \u00d814 mm \u00e0 \u00d880 mm, avec une pression maximale de 55 bar et un degr\u00e9 de filtration de 30 mesh. Leur position de montage universelle permet une installation dans n&#8217;importe quelle orientation.<\/p>\n","protected":false},"excerpt":{"rendered":"<p>La s\u00e9rie FY00 comprend des filtres en Y pour la filtration des impuret\u00e9s dans les canalisations, con\u00e7us pour l&#8217;air, la vapeur, l&#8217;eau chaude\/froide, les liquides l\u00e9g\u00e8rement agressifs, les carburants, les gaz naturels, les solvants organiques, les acides et les lessives. Les filtres disposent d&#8217;un corps et couvercle en acier inoxydable AISI 316, d&#8217;un joint PTFE [&hellip;]<\/p>\n","protected":false},"featured_media":16632,"comment_status":"closed","ping_status":"closed","template":"","meta":[],"product_brand":[],"product_cat":[900],"product_tag":[],"class_list":{"0":"post-16637","1":"product","2":"type-product","3":"status-publish","4":"has-post-thumbnail","6":"product_cat-electrovannes-pour-fluides-agressifs","8":"first","9":"instock","10":"shipping-taxable","11":"product-type-simple"},"yoast_head":"<!-- This site is optimized with the Yoast SEO plugin v27.3 - https:\/\/yoast.com\/product\/yoast-seo-wordpress\/ -->\n<title>S\u00e9rie FY00 fluides agressifs vanne en Y - LDA Belgique<\/title>\n<meta name=\"description\" content=\"Filtres s\u00e9rie FY00 en Y pour air, vapeur, eau et liquides agressifs. Filtration 30 mesh, pression jusqu&#039;\u00e0 55 bar, corps en acier inoxydable AISI 316, joint PTFE.\" \/>\n<meta name=\"robots\" content=\"index, follow, max-snippet:-1, max-image-preview:large, max-video-preview:-1\" \/>\n<link rel=\"canonical\" href=\"https:\/\/lda.be\/fr\/produit\/serie-fy00-fluides-agressifs-vanne-en-y\/\" \/>\n<meta property=\"og:locale\" content=\"fr_FR\" \/>\n<meta property=\"og:type\" content=\"article\" \/>\n<meta property=\"og:title\" content=\"S\u00e9rie FY00 fluides agressifs vanne en Y - LDA Belgique\" \/>\n<meta property=\"og:description\" content=\"Filtres s\u00e9rie FY00 en Y pour air, vapeur, eau et liquides agressifs. Filtration 30 mesh, pression jusqu&#039;\u00e0 55 bar, corps en acier inoxydable AISI 316, joint PTFE.\" \/>\n<meta property=\"og:url\" content=\"https:\/\/lda.be\/fr\/produit\/serie-fy00-fluides-agressifs-vanne-en-y\/\" \/>\n<meta property=\"og:site_name\" content=\"LDA Belgique\" \/>\n<meta property=\"article:modified_time\" content=\"2026-04-23T14:35:46+00:00\" \/>\n<meta property=\"og:image\" content=\"https:\/\/lda.be\/wp-content\/uploads\/2026\/04\/YS00-aggresive-fluid-valve.webp\" \/>\n\t<meta property=\"og:image:width\" content=\"1080\" \/>\n\t<meta property=\"og:image:height\" content=\"1080\" \/>\n\t<meta property=\"og:image:type\" content=\"image\/webp\" \/>\n<meta name=\"twitter:card\" content=\"summary_large_image\" \/>\n<meta name=\"twitter:label1\" content=\"Dur\u00e9e de lecture estim\u00e9e\" \/>\n\t<meta name=\"twitter:data1\" content=\"1 minute\" \/>\n<script type=\"application\/ld+json\" class=\"yoast-schema-graph\">{\"@context\":\"https:\\\/\\\/schema.org\",\"@graph\":[{\"@type\":\"WebPage\",\"@id\":\"https:\\\/\\\/lda.be\\\/fr\\\/produit\\\/serie-fy00-fluides-agressifs-vanne-en-y\\\/\",\"url\":\"https:\\\/\\\/lda.be\\\/fr\\\/produit\\\/serie-fy00-fluides-agressifs-vanne-en-y\\\/\",\"name\":\"S\u00e9rie FY00 fluides agressifs vanne en Y - LDA Belgique\",\"isPartOf\":{\"@id\":\"https:\\\/\\\/lda.be\\\/fr\\\/#website\"},\"primaryImageOfPage\":{\"@id\":\"https:\\\/\\\/lda.be\\\/fr\\\/produit\\\/serie-fy00-fluides-agressifs-vanne-en-y\\\/#primaryimage\"},\"image\":{\"@id\":\"https:\\\/\\\/lda.be\\\/fr\\\/produit\\\/serie-fy00-fluides-agressifs-vanne-en-y\\\/#primaryimage\"},\"thumbnailUrl\":\"https:\\\/\\\/lda.be\\\/wp-content\\\/uploads\\\/2026\\\/04\\\/YS00-aggresive-fluid-valve.webp\",\"datePublished\":\"2026-04-23T14:30:27+00:00\",\"dateModified\":\"2026-04-23T14:35:46+00:00\",\"description\":\"Filtres s\u00e9rie FY00 en Y pour air, vapeur, eau et liquides agressifs. Filtration 30 mesh, pression jusqu'\u00e0 55 bar, corps en acier inoxydable AISI 316, joint PTFE.\",\"breadcrumb\":{\"@id\":\"https:\\\/\\\/lda.be\\\/fr\\\/produit\\\/serie-fy00-fluides-agressifs-vanne-en-y\\\/#breadcrumb\"},\"inLanguage\":\"fr-FR\",\"potentialAction\":[{\"@type\":\"ReadAction\",\"target\":[\"https:\\\/\\\/lda.be\\\/fr\\\/produit\\\/serie-fy00-fluides-agressifs-vanne-en-y\\\/\"]}]},{\"@type\":\"ImageObject\",\"inLanguage\":\"fr-FR\",\"@id\":\"https:\\\/\\\/lda.be\\\/fr\\\/produit\\\/serie-fy00-fluides-agressifs-vanne-en-y\\\/#primaryimage\",\"url\":\"https:\\\/\\\/lda.be\\\/wp-content\\\/uploads\\\/2026\\\/04\\\/YS00-aggresive-fluid-valve.webp\",\"contentUrl\":\"https:\\\/\\\/lda.be\\\/wp-content\\\/uploads\\\/2026\\\/04\\\/YS00-aggresive-fluid-valve.webp\",\"width\":1080,\"height\":1080,\"caption\":\"YS00 aggresive fluid valve\"},{\"@type\":\"BreadcrumbList\",\"@id\":\"https:\\\/\\\/lda.be\\\/fr\\\/produit\\\/serie-fy00-fluides-agressifs-vanne-en-y\\\/#breadcrumb\",\"itemListElement\":[{\"@type\":\"ListItem\",\"position\":1,\"name\":\"Accueil\",\"item\":\"https:\\\/\\\/lda.be\\\/fr\\\/\"},{\"@type\":\"ListItem\",\"position\":2,\"name\":\"Produits\",\"item\":\"https:\\\/\\\/lda.be\\\/fr\\\/produits\\\/\"},{\"@type\":\"ListItem\",\"position\":3,\"name\":\"S\u00e9rie FY00 fluides agressifs vanne en Y\"}]},{\"@type\":\"WebSite\",\"@id\":\"https:\\\/\\\/lda.be\\\/fr\\\/#website\",\"url\":\"https:\\\/\\\/lda.be\\\/fr\\\/\",\"name\":\"LDA Belgium\",\"description\":\"Solutions For Life\",\"publisher\":{\"@id\":\"https:\\\/\\\/lda.be\\\/fr\\\/#organization\"},\"potentialAction\":[{\"@type\":\"SearchAction\",\"target\":{\"@type\":\"EntryPoint\",\"urlTemplate\":\"https:\\\/\\\/lda.be\\\/fr\\\/?s={search_term_string}\"},\"query-input\":{\"@type\":\"PropertyValueSpecification\",\"valueRequired\":true,\"valueName\":\"search_term_string\"}}],\"inLanguage\":\"fr-FR\"},{\"@type\":\"Organization\",\"@id\":\"https:\\\/\\\/lda.be\\\/fr\\\/#organization\",\"name\":\"LDA Belgium\",\"url\":\"https:\\\/\\\/lda.be\\\/fr\\\/\",\"logo\":{\"@type\":\"ImageObject\",\"inLanguage\":\"fr-FR\",\"@id\":\"https:\\\/\\\/lda.be\\\/fr\\\/#\\\/schema\\\/logo\\\/image\\\/\",\"url\":\"https:\\\/\\\/lda.be\\\/wp-content\\\/uploads\\\/2022\\\/07\\\/Logo-LDA.webp\",\"contentUrl\":\"https:\\\/\\\/lda.be\\\/wp-content\\\/uploads\\\/2022\\\/07\\\/Logo-LDA.webp\",\"width\":311,\"height\":101,\"caption\":\"LDA Belgium\"},\"image\":{\"@id\":\"https:\\\/\\\/lda.be\\\/fr\\\/#\\\/schema\\\/logo\\\/image\\\/\"},\"sameAs\":[\"https:\\\/\\\/www.linkedin.com\\\/company\\\/lda-belgium-nv\"]}]}<\/script>\n<!-- \/ Yoast SEO plugin. -->","yoast_head_json":{"title":"S\u00e9rie FY00 fluides agressifs vanne en Y - LDA Belgique","description":"Filtres s\u00e9rie FY00 en Y pour air, vapeur, eau et liquides agressifs. Filtration 30 mesh, pression jusqu'\u00e0 55 bar, corps en acier inoxydable AISI 316, joint PTFE.","robots":{"index":"index","follow":"follow","max-snippet":"max-snippet:-1","max-image-preview":"max-image-preview:large","max-video-preview":"max-video-preview:-1"},"canonical":"https:\/\/lda.be\/fr\/produit\/serie-fy00-fluides-agressifs-vanne-en-y\/","og_locale":"fr_FR","og_type":"article","og_title":"S\u00e9rie FY00 fluides agressifs vanne en Y - LDA Belgique","og_description":"Filtres s\u00e9rie FY00 en Y pour air, vapeur, eau et liquides agressifs. Filtration 30 mesh, pression jusqu'\u00e0 55 bar, corps en acier inoxydable AISI 316, joint PTFE.","og_url":"https:\/\/lda.be\/fr\/produit\/serie-fy00-fluides-agressifs-vanne-en-y\/","og_site_name":"LDA Belgique","article_modified_time":"2026-04-23T14:35:46+00:00","og_image":[{"width":1080,"height":1080,"url":"https:\/\/lda.be\/wp-content\/uploads\/2026\/04\/YS00-aggresive-fluid-valve.webp","type":"image\/webp"}],"twitter_card":"summary_large_image","twitter_misc":{"Dur\u00e9e de lecture estim\u00e9e":"1 minute"},"schema":{"@context":"https:\/\/schema.org","@graph":[{"@type":"WebPage","@id":"https:\/\/lda.be\/fr\/produit\/serie-fy00-fluides-agressifs-vanne-en-y\/","url":"https:\/\/lda.be\/fr\/produit\/serie-fy00-fluides-agressifs-vanne-en-y\/","name":"S\u00e9rie FY00 fluides agressifs vanne en Y - LDA Belgique","isPartOf":{"@id":"https:\/\/lda.be\/fr\/#website"},"primaryImageOfPage":{"@id":"https:\/\/lda.be\/fr\/produit\/serie-fy00-fluides-agressifs-vanne-en-y\/#primaryimage"},"image":{"@id":"https:\/\/lda.be\/fr\/produit\/serie-fy00-fluides-agressifs-vanne-en-y\/#primaryimage"},"thumbnailUrl":"https:\/\/lda.be\/wp-content\/uploads\/2026\/04\/YS00-aggresive-fluid-valve.webp","datePublished":"2026-04-23T14:30:27+00:00","dateModified":"2026-04-23T14:35:46+00:00","description":"Filtres s\u00e9rie FY00 en Y pour air, vapeur, eau et liquides agressifs. Filtration 30 mesh, pression jusqu'\u00e0 55 bar, corps en acier inoxydable AISI 316, joint PTFE.","breadcrumb":{"@id":"https:\/\/lda.be\/fr\/produit\/serie-fy00-fluides-agressifs-vanne-en-y\/#breadcrumb"},"inLanguage":"fr-FR","potentialAction":[{"@type":"ReadAction","target":["https:\/\/lda.be\/fr\/produit\/serie-fy00-fluides-agressifs-vanne-en-y\/"]}]},{"@type":"ImageObject","inLanguage":"fr-FR","@id":"https:\/\/lda.be\/fr\/produit\/serie-fy00-fluides-agressifs-vanne-en-y\/#primaryimage","url":"https:\/\/lda.be\/wp-content\/uploads\/2026\/04\/YS00-aggresive-fluid-valve.webp","contentUrl":"https:\/\/lda.be\/wp-content\/uploads\/2026\/04\/YS00-aggresive-fluid-valve.webp","width":1080,"height":1080,"caption":"YS00 aggresive fluid valve"},{"@type":"BreadcrumbList","@id":"https:\/\/lda.be\/fr\/produit\/serie-fy00-fluides-agressifs-vanne-en-y\/#breadcrumb","itemListElement":[{"@type":"ListItem","position":1,"name":"Accueil","item":"https:\/\/lda.be\/fr\/"},{"@type":"ListItem","position":2,"name":"Produits","item":"https:\/\/lda.be\/fr\/produits\/"},{"@type":"ListItem","position":3,"name":"S\u00e9rie FY00 fluides agressifs vanne en Y"}]},{"@type":"WebSite","@id":"https:\/\/lda.be\/fr\/#website","url":"https:\/\/lda.be\/fr\/","name":"LDA Belgium","description":"Solutions For Life","publisher":{"@id":"https:\/\/lda.be\/fr\/#organization"},"potentialAction":[{"@type":"SearchAction","target":{"@type":"EntryPoint","urlTemplate":"https:\/\/lda.be\/fr\/?s={search_term_string}"},"query-input":{"@type":"PropertyValueSpecification","valueRequired":true,"valueName":"search_term_string"}}],"inLanguage":"fr-FR"},{"@type":"Organization","@id":"https:\/\/lda.be\/fr\/#organization","name":"LDA Belgium","url":"https:\/\/lda.be\/fr\/","logo":{"@type":"ImageObject","inLanguage":"fr-FR","@id":"https:\/\/lda.be\/fr\/#\/schema\/logo\/image\/","url":"https:\/\/lda.be\/wp-content\/uploads\/2022\/07\/Logo-LDA.webp","contentUrl":"https:\/\/lda.be\/wp-content\/uploads\/2022\/07\/Logo-LDA.webp","width":311,"height":101,"caption":"LDA Belgium"},"image":{"@id":"https:\/\/lda.be\/fr\/#\/schema\/logo\/image\/"},"sameAs":["https:\/\/www.linkedin.com\/company\/lda-belgium-nv"]}]}},"_links":{"self":[{"href":"https:\/\/lda.be\/fr\/wp-json\/wp\/v2\/product\/16637","targetHints":{"allow":["GET"]}}],"collection":[{"href":"https:\/\/lda.be\/fr\/wp-json\/wp\/v2\/product"}],"about":[{"href":"https:\/\/lda.be\/fr\/wp-json\/wp\/v2\/types\/product"}],"replies":[{"embeddable":true,"href":"https:\/\/lda.be\/fr\/wp-json\/wp\/v2\/comments?post=16637"}],"wp:featuredmedia":[{"embeddable":true,"href":"https:\/\/lda.be\/fr\/wp-json\/wp\/v2\/media\/16632"}],"wp:attachment":[{"href":"https:\/\/lda.be\/fr\/wp-json\/wp\/v2\/media?parent=16637"}],"wp:term":[{"taxonomy":"product_brand","embeddable":true,"href":"https:\/\/lda.be\/fr\/wp-json\/wp\/v2\/product_brand?post=16637"},{"taxonomy":"product_cat","embeddable":true,"href":"https:\/\/lda.be\/fr\/wp-json\/wp\/v2\/product_cat?post=16637"},{"taxonomy":"product_tag","embeddable":true,"href":"https:\/\/lda.be\/fr\/wp-json\/wp\/v2\/product_tag?post=16637"}],"curies":[{"name":"wp","href":"https:\/\/api.w.org\/{rel}","templated":true}]}}