{"id":16649,"date":"2026-04-27T15:06:14","date_gmt":"2026-04-27T14:06:14","guid":{"rendered":"https:\/\/lda.be\/?post_type=product&#038;p=16649"},"modified":"2026-04-27T15:09:32","modified_gmt":"2026-04-27T14:09:32","slug":"serie-p150-vanne-a-siege-dangle-2-2-voies-nc-1-2-1","status":"publish","type":"product","link":"https:\/\/lda.be\/fr\/produit\/serie-p150-vanne-a-siege-dangle-2-2-voies-nc-1-2-1\/","title":{"rendered":"S\u00e9rie P150 vanne \u00e0 si\u00e8ge d&#8217;angle 2\/2 voies, NC 1\/2&#8243; &#8211; 1&#8243;"},"content":{"rendered":"<p>La s\u00e9rie P150 est une gamme de vannes \u00e0 si\u00e8ge angulaire \u00e0 2\/2 voies \u00e0 commande pneumatique, normalement ferm\u00e9es, destin\u00e9es \u00e0 des syst\u00e8mes tels que l&#8217;automatisation, le chauffage et l&#8217;alimentation en eau ou en eau chaude. Elles conviennent \u00e9galement aux applications \u00e0 vapeur jusqu&#8217;\u00e0 180 \u00b0C, ainsi qu&#8217;au traitement de fluides agressifs et de fluides de qualit\u00e9 alimentaire.<\/p>\n<p>Ces vannes sont dot\u00e9es d&#8217;un corps en acier inoxydable AISI 316 et de joints en PTFE\/FKM pour garantir une r\u00e9sistance \u00e0 la corrosion et une longue dur\u00e9e de vie dans des environnements exigeants. La conception \u00e0 si\u00e8ge angulaire est con\u00e7ue pour offrir un d\u00e9bit \u00e9lev\u00e9 tout en contribuant \u00e0 r\u00e9duire les coups de b\u00e9lier pendant le fonctionnement.<\/p>\n<p>Pour l&#8217;installation, les vannes offrent une flexibilit\u00e9 accrue gr\u00e2ce \u00e0 un actionneur pneumatique rotatif (\u00d850), permettant des ajustements de positionnement pour mieux s&#8217;adapter aux diff\u00e9rentes configurations de tuyauterie et aux contraintes d&#8217;espace.<\/p>\n","protected":false},"excerpt":{"rendered":"<p>La s\u00e9rie P150 est une gamme de vannes \u00e0 si\u00e8ge angulaire \u00e0 2\/2 voies \u00e0 commande pneumatique, normalement ferm\u00e9es, destin\u00e9es \u00e0 des syst\u00e8mes tels que l&#8217;automatisation, le chauffage et l&#8217;alimentation en eau ou en eau chaude. Elles conviennent \u00e9galement aux applications \u00e0 vapeur jusqu&#8217;\u00e0 180 \u00b0C, ainsi qu&#8217;au traitement de fluides agressifs et de fluides [&hellip;]<\/p>\n","protected":false},"featured_media":16647,"comment_status":"closed","ping_status":"closed","template":"","meta":[],"product_brand":[],"product_cat":[900],"product_tag":[],"class_list":{"0":"post-16649","1":"product","2":"type-product","3":"status-publish","4":"has-post-thumbnail","6":"product_cat-electrovannes-pour-fluides-agressifs","8":"first","9":"instock","10":"shipping-taxable","11":"product-type-simple"},"yoast_head":"<!-- This site is optimized with the Yoast SEO plugin v27.3 - https:\/\/yoast.com\/product\/yoast-seo-wordpress\/ -->\n<title>S\u00e9rie P150 vanne \u00e0 si\u00e8ge d&#039;angle 2\/2 voies, NC 1\/2&quot; - 1&quot; - LDA Belgique<\/title>\n<meta name=\"description\" content=\"Vannes s\u00e9rie P150 \u00e0 si\u00e8ge inclin\u00e9 pour vapeur, eau et fluides agressifs. Plage de temp\u00e9rature -40\u00b0C \u00e0 +180\u00b0C, pression jusqu&#039;\u00e0 40 bar, corps en acier inoxydable AISI 316, joints PTFE\/FKM.\" \/>\n<meta name=\"robots\" content=\"index, follow, max-snippet:-1, max-image-preview:large, max-video-preview:-1\" \/>\n<link rel=\"canonical\" href=\"https:\/\/lda.be\/fr\/produit\/serie-p150-vanne-a-siege-dangle-2-2-voies-nc-1-2-1\/\" \/>\n<meta property=\"og:locale\" content=\"fr_FR\" \/>\n<meta property=\"og:type\" content=\"article\" \/>\n<meta property=\"og:title\" content=\"S\u00e9rie P150 vanne \u00e0 si\u00e8ge d&#039;angle 2\/2 voies, NC 1\/2&quot; - 1&quot; - LDA Belgique\" \/>\n<meta property=\"og:description\" content=\"Vannes s\u00e9rie P150 \u00e0 si\u00e8ge inclin\u00e9 pour vapeur, eau et fluides agressifs. Plage de temp\u00e9rature -40\u00b0C \u00e0 +180\u00b0C, pression jusqu&#039;\u00e0 40 bar, corps en acier inoxydable AISI 316, joints PTFE\/FKM.\" \/>\n<meta property=\"og:url\" content=\"https:\/\/lda.be\/fr\/produit\/serie-p150-vanne-a-siege-dangle-2-2-voies-nc-1-2-1\/\" \/>\n<meta property=\"og:site_name\" content=\"LDA Belgique\" \/>\n<meta property=\"article:modified_time\" content=\"2026-04-27T14:09:32+00:00\" \/>\n<meta property=\"og:image\" content=\"https:\/\/lda.be\/wp-content\/uploads\/2026\/04\/P150-pneumatische-ventiel-voor-aggresieve-vloeistoffen-NC.webp\" \/>\n\t<meta property=\"og:image:width\" content=\"1080\" \/>\n\t<meta property=\"og:image:height\" content=\"1080\" \/>\n\t<meta property=\"og:image:type\" content=\"image\/webp\" \/>\n<meta name=\"twitter:card\" content=\"summary_large_image\" \/>\n<meta name=\"twitter:label1\" content=\"Dur\u00e9e de lecture estim\u00e9e\" \/>\n\t<meta name=\"twitter:data1\" content=\"1 minute\" \/>\n<script type=\"application\/ld+json\" class=\"yoast-schema-graph\">{\"@context\":\"https:\\\/\\\/schema.org\",\"@graph\":[{\"@type\":\"WebPage\",\"@id\":\"https:\\\/\\\/lda.be\\\/fr\\\/produit\\\/serie-p150-vanne-a-siege-dangle-2-2-voies-nc-1-2-1\\\/\",\"url\":\"https:\\\/\\\/lda.be\\\/fr\\\/produit\\\/serie-p150-vanne-a-siege-dangle-2-2-voies-nc-1-2-1\\\/\",\"name\":\"S\u00e9rie P150 vanne \u00e0 si\u00e8ge d'angle 2\\\/2 voies, NC 1\\\/2\\\" - 1\\\" - LDA Belgique\",\"isPartOf\":{\"@id\":\"https:\\\/\\\/lda.be\\\/fr\\\/#website\"},\"primaryImageOfPage\":{\"@id\":\"https:\\\/\\\/lda.be\\\/fr\\\/produit\\\/serie-p150-vanne-a-siege-dangle-2-2-voies-nc-1-2-1\\\/#primaryimage\"},\"image\":{\"@id\":\"https:\\\/\\\/lda.be\\\/fr\\\/produit\\\/serie-p150-vanne-a-siege-dangle-2-2-voies-nc-1-2-1\\\/#primaryimage\"},\"thumbnailUrl\":\"https:\\\/\\\/lda.be\\\/wp-content\\\/uploads\\\/2026\\\/04\\\/P150-pneumatische-ventiel-voor-aggresieve-vloeistoffen-NC.webp\",\"datePublished\":\"2026-04-27T14:06:14+00:00\",\"dateModified\":\"2026-04-27T14:09:32+00:00\",\"description\":\"Vannes s\u00e9rie P150 \u00e0 si\u00e8ge inclin\u00e9 pour vapeur, eau et fluides agressifs. Plage de temp\u00e9rature -40\u00b0C \u00e0 +180\u00b0C, pression jusqu'\u00e0 40 bar, corps en acier inoxydable AISI 316, joints PTFE\\\/FKM.\",\"breadcrumb\":{\"@id\":\"https:\\\/\\\/lda.be\\\/fr\\\/produit\\\/serie-p150-vanne-a-siege-dangle-2-2-voies-nc-1-2-1\\\/#breadcrumb\"},\"inLanguage\":\"fr-FR\",\"potentialAction\":[{\"@type\":\"ReadAction\",\"target\":[\"https:\\\/\\\/lda.be\\\/fr\\\/produit\\\/serie-p150-vanne-a-siege-dangle-2-2-voies-nc-1-2-1\\\/\"]}]},{\"@type\":\"ImageObject\",\"inLanguage\":\"fr-FR\",\"@id\":\"https:\\\/\\\/lda.be\\\/fr\\\/produit\\\/serie-p150-vanne-a-siege-dangle-2-2-voies-nc-1-2-1\\\/#primaryimage\",\"url\":\"https:\\\/\\\/lda.be\\\/wp-content\\\/uploads\\\/2026\\\/04\\\/P150-pneumatische-ventiel-voor-aggresieve-vloeistoffen-NC.webp\",\"contentUrl\":\"https:\\\/\\\/lda.be\\\/wp-content\\\/uploads\\\/2026\\\/04\\\/P150-pneumatische-ventiel-voor-aggresieve-vloeistoffen-NC.webp\",\"width\":1080,\"height\":1080,\"caption\":\"P150 pneumatische ventiel voor aggresieve vloeistoffen NC\"},{\"@type\":\"BreadcrumbList\",\"@id\":\"https:\\\/\\\/lda.be\\\/fr\\\/produit\\\/serie-p150-vanne-a-siege-dangle-2-2-voies-nc-1-2-1\\\/#breadcrumb\",\"itemListElement\":[{\"@type\":\"ListItem\",\"position\":1,\"name\":\"Accueil\",\"item\":\"https:\\\/\\\/lda.be\\\/fr\\\/\"},{\"@type\":\"ListItem\",\"position\":2,\"name\":\"Produits\",\"item\":\"https:\\\/\\\/lda.be\\\/fr\\\/produits\\\/\"},{\"@type\":\"ListItem\",\"position\":3,\"name\":\"S\u00e9rie P150 vanne \u00e0 si\u00e8ge d&#8217;angle 2\\\/2 voies, NC 1\\\/2&#8243; &#8211; 1&#8243;\"}]},{\"@type\":\"WebSite\",\"@id\":\"https:\\\/\\\/lda.be\\\/fr\\\/#website\",\"url\":\"https:\\\/\\\/lda.be\\\/fr\\\/\",\"name\":\"LDA Belgium\",\"description\":\"Solutions For Life\",\"publisher\":{\"@id\":\"https:\\\/\\\/lda.be\\\/fr\\\/#organization\"},\"potentialAction\":[{\"@type\":\"SearchAction\",\"target\":{\"@type\":\"EntryPoint\",\"urlTemplate\":\"https:\\\/\\\/lda.be\\\/fr\\\/?s={search_term_string}\"},\"query-input\":{\"@type\":\"PropertyValueSpecification\",\"valueRequired\":true,\"valueName\":\"search_term_string\"}}],\"inLanguage\":\"fr-FR\"},{\"@type\":\"Organization\",\"@id\":\"https:\\\/\\\/lda.be\\\/fr\\\/#organization\",\"name\":\"LDA Belgium\",\"url\":\"https:\\\/\\\/lda.be\\\/fr\\\/\",\"logo\":{\"@type\":\"ImageObject\",\"inLanguage\":\"fr-FR\",\"@id\":\"https:\\\/\\\/lda.be\\\/fr\\\/#\\\/schema\\\/logo\\\/image\\\/\",\"url\":\"https:\\\/\\\/lda.be\\\/wp-content\\\/uploads\\\/2022\\\/07\\\/Logo-LDA.webp\",\"contentUrl\":\"https:\\\/\\\/lda.be\\\/wp-content\\\/uploads\\\/2022\\\/07\\\/Logo-LDA.webp\",\"width\":311,\"height\":101,\"caption\":\"LDA Belgium\"},\"image\":{\"@id\":\"https:\\\/\\\/lda.be\\\/fr\\\/#\\\/schema\\\/logo\\\/image\\\/\"},\"sameAs\":[\"https:\\\/\\\/www.linkedin.com\\\/company\\\/lda-belgium-nv\"]}]}<\/script>\n<!-- \/ Yoast SEO plugin. -->","yoast_head_json":{"title":"S\u00e9rie P150 vanne \u00e0 si\u00e8ge d'angle 2\/2 voies, NC 1\/2\" - 1\" - LDA Belgique","description":"Vannes s\u00e9rie P150 \u00e0 si\u00e8ge inclin\u00e9 pour vapeur, eau et fluides agressifs. Plage de temp\u00e9rature -40\u00b0C \u00e0 +180\u00b0C, pression jusqu'\u00e0 40 bar, corps en acier inoxydable AISI 316, joints PTFE\/FKM.","robots":{"index":"index","follow":"follow","max-snippet":"max-snippet:-1","max-image-preview":"max-image-preview:large","max-video-preview":"max-video-preview:-1"},"canonical":"https:\/\/lda.be\/fr\/produit\/serie-p150-vanne-a-siege-dangle-2-2-voies-nc-1-2-1\/","og_locale":"fr_FR","og_type":"article","og_title":"S\u00e9rie P150 vanne \u00e0 si\u00e8ge d'angle 2\/2 voies, NC 1\/2\" - 1\" - LDA Belgique","og_description":"Vannes s\u00e9rie P150 \u00e0 si\u00e8ge inclin\u00e9 pour vapeur, eau et fluides agressifs. Plage de temp\u00e9rature -40\u00b0C \u00e0 +180\u00b0C, pression jusqu'\u00e0 40 bar, corps en acier inoxydable AISI 316, joints PTFE\/FKM.","og_url":"https:\/\/lda.be\/fr\/produit\/serie-p150-vanne-a-siege-dangle-2-2-voies-nc-1-2-1\/","og_site_name":"LDA Belgique","article_modified_time":"2026-04-27T14:09:32+00:00","og_image":[{"width":1080,"height":1080,"url":"https:\/\/lda.be\/wp-content\/uploads\/2026\/04\/P150-pneumatische-ventiel-voor-aggresieve-vloeistoffen-NC.webp","type":"image\/webp"}],"twitter_card":"summary_large_image","twitter_misc":{"Dur\u00e9e de lecture estim\u00e9e":"1 minute"},"schema":{"@context":"https:\/\/schema.org","@graph":[{"@type":"WebPage","@id":"https:\/\/lda.be\/fr\/produit\/serie-p150-vanne-a-siege-dangle-2-2-voies-nc-1-2-1\/","url":"https:\/\/lda.be\/fr\/produit\/serie-p150-vanne-a-siege-dangle-2-2-voies-nc-1-2-1\/","name":"S\u00e9rie P150 vanne \u00e0 si\u00e8ge d'angle 2\/2 voies, NC 1\/2\" - 1\" - LDA Belgique","isPartOf":{"@id":"https:\/\/lda.be\/fr\/#website"},"primaryImageOfPage":{"@id":"https:\/\/lda.be\/fr\/produit\/serie-p150-vanne-a-siege-dangle-2-2-voies-nc-1-2-1\/#primaryimage"},"image":{"@id":"https:\/\/lda.be\/fr\/produit\/serie-p150-vanne-a-siege-dangle-2-2-voies-nc-1-2-1\/#primaryimage"},"thumbnailUrl":"https:\/\/lda.be\/wp-content\/uploads\/2026\/04\/P150-pneumatische-ventiel-voor-aggresieve-vloeistoffen-NC.webp","datePublished":"2026-04-27T14:06:14+00:00","dateModified":"2026-04-27T14:09:32+00:00","description":"Vannes s\u00e9rie P150 \u00e0 si\u00e8ge inclin\u00e9 pour vapeur, eau et fluides agressifs. Plage de temp\u00e9rature -40\u00b0C \u00e0 +180\u00b0C, pression jusqu'\u00e0 40 bar, corps en acier inoxydable AISI 316, joints PTFE\/FKM.","breadcrumb":{"@id":"https:\/\/lda.be\/fr\/produit\/serie-p150-vanne-a-siege-dangle-2-2-voies-nc-1-2-1\/#breadcrumb"},"inLanguage":"fr-FR","potentialAction":[{"@type":"ReadAction","target":["https:\/\/lda.be\/fr\/produit\/serie-p150-vanne-a-siege-dangle-2-2-voies-nc-1-2-1\/"]}]},{"@type":"ImageObject","inLanguage":"fr-FR","@id":"https:\/\/lda.be\/fr\/produit\/serie-p150-vanne-a-siege-dangle-2-2-voies-nc-1-2-1\/#primaryimage","url":"https:\/\/lda.be\/wp-content\/uploads\/2026\/04\/P150-pneumatische-ventiel-voor-aggresieve-vloeistoffen-NC.webp","contentUrl":"https:\/\/lda.be\/wp-content\/uploads\/2026\/04\/P150-pneumatische-ventiel-voor-aggresieve-vloeistoffen-NC.webp","width":1080,"height":1080,"caption":"P150 pneumatische ventiel voor aggresieve vloeistoffen NC"},{"@type":"BreadcrumbList","@id":"https:\/\/lda.be\/fr\/produit\/serie-p150-vanne-a-siege-dangle-2-2-voies-nc-1-2-1\/#breadcrumb","itemListElement":[{"@type":"ListItem","position":1,"name":"Accueil","item":"https:\/\/lda.be\/fr\/"},{"@type":"ListItem","position":2,"name":"Produits","item":"https:\/\/lda.be\/fr\/produits\/"},{"@type":"ListItem","position":3,"name":"S\u00e9rie P150 vanne \u00e0 si\u00e8ge d&#8217;angle 2\/2 voies, NC 1\/2&#8243; &#8211; 1&#8243;"}]},{"@type":"WebSite","@id":"https:\/\/lda.be\/fr\/#website","url":"https:\/\/lda.be\/fr\/","name":"LDA Belgium","description":"Solutions For Life","publisher":{"@id":"https:\/\/lda.be\/fr\/#organization"},"potentialAction":[{"@type":"SearchAction","target":{"@type":"EntryPoint","urlTemplate":"https:\/\/lda.be\/fr\/?s={search_term_string}"},"query-input":{"@type":"PropertyValueSpecification","valueRequired":true,"valueName":"search_term_string"}}],"inLanguage":"fr-FR"},{"@type":"Organization","@id":"https:\/\/lda.be\/fr\/#organization","name":"LDA Belgium","url":"https:\/\/lda.be\/fr\/","logo":{"@type":"ImageObject","inLanguage":"fr-FR","@id":"https:\/\/lda.be\/fr\/#\/schema\/logo\/image\/","url":"https:\/\/lda.be\/wp-content\/uploads\/2022\/07\/Logo-LDA.webp","contentUrl":"https:\/\/lda.be\/wp-content\/uploads\/2022\/07\/Logo-LDA.webp","width":311,"height":101,"caption":"LDA Belgium"},"image":{"@id":"https:\/\/lda.be\/fr\/#\/schema\/logo\/image\/"},"sameAs":["https:\/\/www.linkedin.com\/company\/lda-belgium-nv"]}]}},"_links":{"self":[{"href":"https:\/\/lda.be\/fr\/wp-json\/wp\/v2\/product\/16649","targetHints":{"allow":["GET"]}}],"collection":[{"href":"https:\/\/lda.be\/fr\/wp-json\/wp\/v2\/product"}],"about":[{"href":"https:\/\/lda.be\/fr\/wp-json\/wp\/v2\/types\/product"}],"replies":[{"embeddable":true,"href":"https:\/\/lda.be\/fr\/wp-json\/wp\/v2\/comments?post=16649"}],"wp:featuredmedia":[{"embeddable":true,"href":"https:\/\/lda.be\/fr\/wp-json\/wp\/v2\/media\/16647"}],"wp:attachment":[{"href":"https:\/\/lda.be\/fr\/wp-json\/wp\/v2\/media?parent=16649"}],"wp:term":[{"taxonomy":"product_brand","embeddable":true,"href":"https:\/\/lda.be\/fr\/wp-json\/wp\/v2\/product_brand?post=16649"},{"taxonomy":"product_cat","embeddable":true,"href":"https:\/\/lda.be\/fr\/wp-json\/wp\/v2\/product_cat?post=16649"},{"taxonomy":"product_tag","embeddable":true,"href":"https:\/\/lda.be\/fr\/wp-json\/wp\/v2\/product_tag?post=16649"}],"curies":[{"name":"wp","href":"https:\/\/api.w.org\/{rel}","templated":true}]}}