{"id":16659,"date":"2026-04-29T12:53:51","date_gmt":"2026-04-29T11:53:51","guid":{"rendered":"https:\/\/lda.be\/?post_type=product&#038;p=16659"},"modified":"2026-04-29T12:59:20","modified_gmt":"2026-04-29T11:59:20","slug":"serie-p152-vannes-dangle-2-2-voies-1-2-1-0-8-bar","status":"publish","type":"product","link":"https:\/\/lda.be\/fr\/produit\/serie-p152-vannes-dangle-2-2-voies-1-2-1-0-8-bar\/","title":{"rendered":"S\u00e9rie P152 : vannes d&#8217;angle 2\/2 voies, 1\/2&#8243; &#8211; 1&#8243;, 0\u20138 bar"},"content":{"rendered":"<p>La s\u00e9rie P152 comprend des vannes \u00e0 si\u00e8ge inclin\u00e9 proportionnelles 2\/2 voies, actionn\u00e9es par air comprim\u00e9, con\u00e7ues pour un contr\u00f4le pr\u00e9cis du d\u00e9bit dans les applications d&#8217;automatisation, de chauffage, d&#8217;eau, d&#8217;eau chaude, de vapeur (jusqu&#8217;\u00e0 180\u00b0C) et de fluides agressifs ou alimentaires. Les vannes disposent d&#8217;un corps en acier inoxydable AISI 316 et de joints en PTFE\/FKM, assurant une r\u00e9sistance \u00e0 la corrosion et une longue dur\u00e9e de vie. La configuration \u00e0 si\u00e8ge inclin\u00e9 permet un d\u00e9bit \u00e9lev\u00e9 et minimise les coups de b\u00e9lier. L&#8217;actionneur pneumatique orientable (\u00d850) permet une installation flexible, et l&#8217;indicateur de position optique offre un retour visuel.<\/p>\n","protected":false},"excerpt":{"rendered":"<p>La s\u00e9rie P152 comprend des vannes \u00e0 si\u00e8ge inclin\u00e9 proportionnelles 2\/2 voies, actionn\u00e9es par air comprim\u00e9, con\u00e7ues pour un contr\u00f4le pr\u00e9cis du d\u00e9bit dans les applications d&#8217;automatisation, de chauffage, d&#8217;eau, d&#8217;eau chaude, de vapeur (jusqu&#8217;\u00e0 180\u00b0C) et de fluides agressifs ou alimentaires. Les vannes disposent d&#8217;un corps en acier inoxydable AISI 316 et de joints [&hellip;]<\/p>\n","protected":false},"featured_media":16657,"comment_status":"closed","ping_status":"closed","template":"","meta":[],"product_brand":[],"product_cat":[900],"product_tag":[],"class_list":{"0":"post-16659","1":"product","2":"type-product","3":"status-publish","4":"has-post-thumbnail","6":"product_cat-electrovannes-pour-fluides-agressifs","8":"first","9":"instock","10":"shipping-taxable","11":"product-type-simple"},"yoast_head":"<!-- This site is optimized with the Yoast SEO plugin v27.3 - https:\/\/yoast.com\/product\/yoast-seo-wordpress\/ -->\n<title>S\u00e9rie P152 : vannes d&#039;angle 2\/2 voies, 1\/2&quot; - 1&quot;, 0\u20138 bar - LDA Belgique<\/title>\n<meta name=\"description\" content=\"Vannes s\u00e9rie P152 \u00e0 si\u00e8ge inclin\u00e9 proportionnelles pour vapeur, eau et fluides agressifs. Plage de temp\u00e9rature -40\u00b0C \u00e0 +180\u00b0C, pression jusqu&#039;\u00e0 40 bar, corps en acier inoxydable AISI 316, joints PTFE\/FKM.\" \/>\n<meta name=\"robots\" content=\"index, follow, max-snippet:-1, max-image-preview:large, max-video-preview:-1\" \/>\n<link rel=\"canonical\" href=\"https:\/\/lda.be\/fr\/produit\/serie-p152-vannes-dangle-2-2-voies-1-2-1-0-8-bar\/\" \/>\n<meta property=\"og:locale\" content=\"fr_FR\" \/>\n<meta property=\"og:type\" content=\"article\" \/>\n<meta property=\"og:title\" content=\"S\u00e9rie P152 : vannes d&#039;angle 2\/2 voies, 1\/2&quot; - 1&quot;, 0\u20138 bar - LDA Belgique\" \/>\n<meta property=\"og:description\" content=\"Vannes s\u00e9rie P152 \u00e0 si\u00e8ge inclin\u00e9 proportionnelles pour vapeur, eau et fluides agressifs. Plage de temp\u00e9rature -40\u00b0C \u00e0 +180\u00b0C, pression jusqu&#039;\u00e0 40 bar, corps en acier inoxydable AISI 316, joints PTFE\/FKM.\" \/>\n<meta property=\"og:url\" content=\"https:\/\/lda.be\/fr\/produit\/serie-p152-vannes-dangle-2-2-voies-1-2-1-0-8-bar\/\" \/>\n<meta property=\"og:site_name\" content=\"LDA Belgique\" \/>\n<meta property=\"article:modified_time\" content=\"2026-04-29T11:59:20+00:00\" \/>\n<meta property=\"og:image\" content=\"https:\/\/lda.be\/wp-content\/uploads\/2026\/04\/P152-angle-seat-valve.webp\" \/>\n\t<meta property=\"og:image:width\" content=\"1080\" \/>\n\t<meta property=\"og:image:height\" content=\"1080\" \/>\n\t<meta property=\"og:image:type\" content=\"image\/webp\" \/>\n<meta name=\"twitter:card\" content=\"summary_large_image\" \/>\n<meta name=\"twitter:label1\" content=\"Dur\u00e9e de lecture estim\u00e9e\" \/>\n\t<meta name=\"twitter:data1\" content=\"1 minute\" \/>\n<script type=\"application\/ld+json\" class=\"yoast-schema-graph\">{\"@context\":\"https:\\\/\\\/schema.org\",\"@graph\":[{\"@type\":\"WebPage\",\"@id\":\"https:\\\/\\\/lda.be\\\/fr\\\/produit\\\/serie-p152-vannes-dangle-2-2-voies-1-2-1-0-8-bar\\\/\",\"url\":\"https:\\\/\\\/lda.be\\\/fr\\\/produit\\\/serie-p152-vannes-dangle-2-2-voies-1-2-1-0-8-bar\\\/\",\"name\":\"S\u00e9rie P152 : vannes d'angle 2\\\/2 voies, 1\\\/2\\\" - 1\\\", 0\u20138 bar - LDA Belgique\",\"isPartOf\":{\"@id\":\"https:\\\/\\\/lda.be\\\/fr\\\/#website\"},\"primaryImageOfPage\":{\"@id\":\"https:\\\/\\\/lda.be\\\/fr\\\/produit\\\/serie-p152-vannes-dangle-2-2-voies-1-2-1-0-8-bar\\\/#primaryimage\"},\"image\":{\"@id\":\"https:\\\/\\\/lda.be\\\/fr\\\/produit\\\/serie-p152-vannes-dangle-2-2-voies-1-2-1-0-8-bar\\\/#primaryimage\"},\"thumbnailUrl\":\"https:\\\/\\\/lda.be\\\/wp-content\\\/uploads\\\/2026\\\/04\\\/P152-angle-seat-valve.webp\",\"datePublished\":\"2026-04-29T11:53:51+00:00\",\"dateModified\":\"2026-04-29T11:59:20+00:00\",\"description\":\"Vannes s\u00e9rie P152 \u00e0 si\u00e8ge inclin\u00e9 proportionnelles pour vapeur, eau et fluides agressifs. Plage de temp\u00e9rature -40\u00b0C \u00e0 +180\u00b0C, pression jusqu'\u00e0 40 bar, corps en acier inoxydable AISI 316, joints PTFE\\\/FKM.\",\"breadcrumb\":{\"@id\":\"https:\\\/\\\/lda.be\\\/fr\\\/produit\\\/serie-p152-vannes-dangle-2-2-voies-1-2-1-0-8-bar\\\/#breadcrumb\"},\"inLanguage\":\"fr-FR\",\"potentialAction\":[{\"@type\":\"ReadAction\",\"target\":[\"https:\\\/\\\/lda.be\\\/fr\\\/produit\\\/serie-p152-vannes-dangle-2-2-voies-1-2-1-0-8-bar\\\/\"]}]},{\"@type\":\"ImageObject\",\"inLanguage\":\"fr-FR\",\"@id\":\"https:\\\/\\\/lda.be\\\/fr\\\/produit\\\/serie-p152-vannes-dangle-2-2-voies-1-2-1-0-8-bar\\\/#primaryimage\",\"url\":\"https:\\\/\\\/lda.be\\\/wp-content\\\/uploads\\\/2026\\\/04\\\/P152-angle-seat-valve.webp\",\"contentUrl\":\"https:\\\/\\\/lda.be\\\/wp-content\\\/uploads\\\/2026\\\/04\\\/P152-angle-seat-valve.webp\",\"width\":1080,\"height\":1080,\"caption\":\"P152 angle seat valve\"},{\"@type\":\"BreadcrumbList\",\"@id\":\"https:\\\/\\\/lda.be\\\/fr\\\/produit\\\/serie-p152-vannes-dangle-2-2-voies-1-2-1-0-8-bar\\\/#breadcrumb\",\"itemListElement\":[{\"@type\":\"ListItem\",\"position\":1,\"name\":\"Accueil\",\"item\":\"https:\\\/\\\/lda.be\\\/fr\\\/\"},{\"@type\":\"ListItem\",\"position\":2,\"name\":\"Produits\",\"item\":\"https:\\\/\\\/lda.be\\\/fr\\\/produits\\\/\"},{\"@type\":\"ListItem\",\"position\":3,\"name\":\"S\u00e9rie P152 : vannes d&#8217;angle 2\\\/2 voies, 1\\\/2&#8243; &#8211; 1&#8243;, 0\u20138 bar\"}]},{\"@type\":\"WebSite\",\"@id\":\"https:\\\/\\\/lda.be\\\/fr\\\/#website\",\"url\":\"https:\\\/\\\/lda.be\\\/fr\\\/\",\"name\":\"LDA Belgium\",\"description\":\"Solutions For Life\",\"publisher\":{\"@id\":\"https:\\\/\\\/lda.be\\\/fr\\\/#organization\"},\"potentialAction\":[{\"@type\":\"SearchAction\",\"target\":{\"@type\":\"EntryPoint\",\"urlTemplate\":\"https:\\\/\\\/lda.be\\\/fr\\\/?s={search_term_string}\"},\"query-input\":{\"@type\":\"PropertyValueSpecification\",\"valueRequired\":true,\"valueName\":\"search_term_string\"}}],\"inLanguage\":\"fr-FR\"},{\"@type\":\"Organization\",\"@id\":\"https:\\\/\\\/lda.be\\\/fr\\\/#organization\",\"name\":\"LDA Belgium\",\"url\":\"https:\\\/\\\/lda.be\\\/fr\\\/\",\"logo\":{\"@type\":\"ImageObject\",\"inLanguage\":\"fr-FR\",\"@id\":\"https:\\\/\\\/lda.be\\\/fr\\\/#\\\/schema\\\/logo\\\/image\\\/\",\"url\":\"https:\\\/\\\/lda.be\\\/wp-content\\\/uploads\\\/2022\\\/07\\\/Logo-LDA.webp\",\"contentUrl\":\"https:\\\/\\\/lda.be\\\/wp-content\\\/uploads\\\/2022\\\/07\\\/Logo-LDA.webp\",\"width\":311,\"height\":101,\"caption\":\"LDA Belgium\"},\"image\":{\"@id\":\"https:\\\/\\\/lda.be\\\/fr\\\/#\\\/schema\\\/logo\\\/image\\\/\"},\"sameAs\":[\"https:\\\/\\\/www.linkedin.com\\\/company\\\/lda-belgium-nv\"]}]}<\/script>\n<!-- \/ Yoast SEO plugin. -->","yoast_head_json":{"title":"S\u00e9rie P152 : vannes d'angle 2\/2 voies, 1\/2\" - 1\", 0\u20138 bar - LDA Belgique","description":"Vannes s\u00e9rie P152 \u00e0 si\u00e8ge inclin\u00e9 proportionnelles pour vapeur, eau et fluides agressifs. Plage de temp\u00e9rature -40\u00b0C \u00e0 +180\u00b0C, pression jusqu'\u00e0 40 bar, corps en acier inoxydable AISI 316, joints PTFE\/FKM.","robots":{"index":"index","follow":"follow","max-snippet":"max-snippet:-1","max-image-preview":"max-image-preview:large","max-video-preview":"max-video-preview:-1"},"canonical":"https:\/\/lda.be\/fr\/produit\/serie-p152-vannes-dangle-2-2-voies-1-2-1-0-8-bar\/","og_locale":"fr_FR","og_type":"article","og_title":"S\u00e9rie P152 : vannes d'angle 2\/2 voies, 1\/2\" - 1\", 0\u20138 bar - LDA Belgique","og_description":"Vannes s\u00e9rie P152 \u00e0 si\u00e8ge inclin\u00e9 proportionnelles pour vapeur, eau et fluides agressifs. Plage de temp\u00e9rature -40\u00b0C \u00e0 +180\u00b0C, pression jusqu'\u00e0 40 bar, corps en acier inoxydable AISI 316, joints PTFE\/FKM.","og_url":"https:\/\/lda.be\/fr\/produit\/serie-p152-vannes-dangle-2-2-voies-1-2-1-0-8-bar\/","og_site_name":"LDA Belgique","article_modified_time":"2026-04-29T11:59:20+00:00","og_image":[{"width":1080,"height":1080,"url":"https:\/\/lda.be\/wp-content\/uploads\/2026\/04\/P152-angle-seat-valve.webp","type":"image\/webp"}],"twitter_card":"summary_large_image","twitter_misc":{"Dur\u00e9e de lecture estim\u00e9e":"1 minute"},"schema":{"@context":"https:\/\/schema.org","@graph":[{"@type":"WebPage","@id":"https:\/\/lda.be\/fr\/produit\/serie-p152-vannes-dangle-2-2-voies-1-2-1-0-8-bar\/","url":"https:\/\/lda.be\/fr\/produit\/serie-p152-vannes-dangle-2-2-voies-1-2-1-0-8-bar\/","name":"S\u00e9rie P152 : vannes d'angle 2\/2 voies, 1\/2\" - 1\", 0\u20138 bar - LDA Belgique","isPartOf":{"@id":"https:\/\/lda.be\/fr\/#website"},"primaryImageOfPage":{"@id":"https:\/\/lda.be\/fr\/produit\/serie-p152-vannes-dangle-2-2-voies-1-2-1-0-8-bar\/#primaryimage"},"image":{"@id":"https:\/\/lda.be\/fr\/produit\/serie-p152-vannes-dangle-2-2-voies-1-2-1-0-8-bar\/#primaryimage"},"thumbnailUrl":"https:\/\/lda.be\/wp-content\/uploads\/2026\/04\/P152-angle-seat-valve.webp","datePublished":"2026-04-29T11:53:51+00:00","dateModified":"2026-04-29T11:59:20+00:00","description":"Vannes s\u00e9rie P152 \u00e0 si\u00e8ge inclin\u00e9 proportionnelles pour vapeur, eau et fluides agressifs. Plage de temp\u00e9rature -40\u00b0C \u00e0 +180\u00b0C, pression jusqu'\u00e0 40 bar, corps en acier inoxydable AISI 316, joints PTFE\/FKM.","breadcrumb":{"@id":"https:\/\/lda.be\/fr\/produit\/serie-p152-vannes-dangle-2-2-voies-1-2-1-0-8-bar\/#breadcrumb"},"inLanguage":"fr-FR","potentialAction":[{"@type":"ReadAction","target":["https:\/\/lda.be\/fr\/produit\/serie-p152-vannes-dangle-2-2-voies-1-2-1-0-8-bar\/"]}]},{"@type":"ImageObject","inLanguage":"fr-FR","@id":"https:\/\/lda.be\/fr\/produit\/serie-p152-vannes-dangle-2-2-voies-1-2-1-0-8-bar\/#primaryimage","url":"https:\/\/lda.be\/wp-content\/uploads\/2026\/04\/P152-angle-seat-valve.webp","contentUrl":"https:\/\/lda.be\/wp-content\/uploads\/2026\/04\/P152-angle-seat-valve.webp","width":1080,"height":1080,"caption":"P152 angle seat valve"},{"@type":"BreadcrumbList","@id":"https:\/\/lda.be\/fr\/produit\/serie-p152-vannes-dangle-2-2-voies-1-2-1-0-8-bar\/#breadcrumb","itemListElement":[{"@type":"ListItem","position":1,"name":"Accueil","item":"https:\/\/lda.be\/fr\/"},{"@type":"ListItem","position":2,"name":"Produits","item":"https:\/\/lda.be\/fr\/produits\/"},{"@type":"ListItem","position":3,"name":"S\u00e9rie P152 : vannes d&#8217;angle 2\/2 voies, 1\/2&#8243; &#8211; 1&#8243;, 0\u20138 bar"}]},{"@type":"WebSite","@id":"https:\/\/lda.be\/fr\/#website","url":"https:\/\/lda.be\/fr\/","name":"LDA Belgium","description":"Solutions For Life","publisher":{"@id":"https:\/\/lda.be\/fr\/#organization"},"potentialAction":[{"@type":"SearchAction","target":{"@type":"EntryPoint","urlTemplate":"https:\/\/lda.be\/fr\/?s={search_term_string}"},"query-input":{"@type":"PropertyValueSpecification","valueRequired":true,"valueName":"search_term_string"}}],"inLanguage":"fr-FR"},{"@type":"Organization","@id":"https:\/\/lda.be\/fr\/#organization","name":"LDA Belgium","url":"https:\/\/lda.be\/fr\/","logo":{"@type":"ImageObject","inLanguage":"fr-FR","@id":"https:\/\/lda.be\/fr\/#\/schema\/logo\/image\/","url":"https:\/\/lda.be\/wp-content\/uploads\/2022\/07\/Logo-LDA.webp","contentUrl":"https:\/\/lda.be\/wp-content\/uploads\/2022\/07\/Logo-LDA.webp","width":311,"height":101,"caption":"LDA Belgium"},"image":{"@id":"https:\/\/lda.be\/fr\/#\/schema\/logo\/image\/"},"sameAs":["https:\/\/www.linkedin.com\/company\/lda-belgium-nv"]}]}},"_links":{"self":[{"href":"https:\/\/lda.be\/fr\/wp-json\/wp\/v2\/product\/16659","targetHints":{"allow":["GET"]}}],"collection":[{"href":"https:\/\/lda.be\/fr\/wp-json\/wp\/v2\/product"}],"about":[{"href":"https:\/\/lda.be\/fr\/wp-json\/wp\/v2\/types\/product"}],"replies":[{"embeddable":true,"href":"https:\/\/lda.be\/fr\/wp-json\/wp\/v2\/comments?post=16659"}],"wp:featuredmedia":[{"embeddable":true,"href":"https:\/\/lda.be\/fr\/wp-json\/wp\/v2\/media\/16657"}],"wp:attachment":[{"href":"https:\/\/lda.be\/fr\/wp-json\/wp\/v2\/media?parent=16659"}],"wp:term":[{"taxonomy":"product_brand","embeddable":true,"href":"https:\/\/lda.be\/fr\/wp-json\/wp\/v2\/product_brand?post=16659"},{"taxonomy":"product_cat","embeddable":true,"href":"https:\/\/lda.be\/fr\/wp-json\/wp\/v2\/product_cat?post=16659"},{"taxonomy":"product_tag","embeddable":true,"href":"https:\/\/lda.be\/fr\/wp-json\/wp\/v2\/product_tag?post=16659"}],"curies":[{"name":"wp","href":"https:\/\/api.w.org\/{rel}","templated":true}]}}