{"id":16880,"date":"2026-05-04T10:05:40","date_gmt":"2026-05-04T09:05:40","guid":{"rendered":"https:\/\/lda.be\/?post_type=product&#038;p=16880"},"modified":"2026-05-04T13:35:11","modified_gmt":"2026-05-04T12:35:11","slug":"mac-dppc-eda9-commande-proportionnelle-numerique-de-pression-pour-les-applications-sur-verre","status":"publish","type":"product","link":"https:\/\/lda.be\/fr\/produit\/mac-dppc-eda9-commande-proportionnelle-numerique-de-pression-pour-les-applications-sur-verre\/","title":{"rendered":"MAC DPPC-EDA9 Commande proportionnelle num\u00e9rique de pression pour les applications sur verre"},"content":{"rendered":"<p>Commande proportionnelle num\u00e9rique de pression (DPPC) pour applications verri\u00e8res \u00e0 piston ascendant.<\/p>\n<p>La DPPC est une vanne proportionnelle trois voies \u00e0 commande \u00e9lectronique. Elle utilise un ensemble de vannes, chacune pr\u00e9sentant des caract\u00e9ristiques de d\u00e9bit uniques, afin d&#8217;atteindre la pression cible rapidement et pr\u00e9cis\u00e9ment. Bien que cette plateforme soit capable de contr\u00f4ler diverses fonctions, la DPPC avec MOD EAG9 est sp\u00e9cifiquement con\u00e7ue pour la commande de la remont\u00e9e du piston (avec ou sans le syst\u00e8me en boucle ferm\u00e9e Emhart Plunger Press Control)<\/p>\n<p>La DPPC Mod EAG9 a \u00e9t\u00e9 con\u00e7ue pour \u00eatre robuste. B\u00e9n\u00e9ficiant de l&#8217;expertise de MAC acquise au fil des d\u00e9cennies dans l&#8217;industrie verri\u00e8re, chacune de ses huit vannes est adapt\u00e9e \u00e0 l&#8217;environnement verrier. L&#8217;unit\u00e9 est dot\u00e9e d&#8217;une carte de circuit imprim\u00e9 propri\u00e9taire avec capteur de pression int\u00e9gr\u00e9, permettant ainsi un contr\u00f4le pr\u00e9cis de la pression de sortie et r\u00e9pondant aux exigences rigoureuses du proc\u00e9d\u00e9 NNPB du verre. De plus, cette nouvelle carte contient un circuit de diagnostic exclusif et permet l&#8217;ajout d&#8217;une communication Fieldbus dans les versions ult\u00e9rieures (par exemple, IO Link). La carte de circuit imprim\u00e9, ainsi que toutes les vannes \u00e0 action directe, sont log\u00e9es dans un bo\u00eetier \u00e9tanche pour conf\u00e9rer \u00e0 la vanne une r\u00e9sistance exceptionnelle aux conditions difficiles de la production verri\u00e8re. Tous les composants sont con\u00e7us pour r\u00e9sister aux hautes temp\u00e9ratures caract\u00e9ristiques de cette application.<\/p>\n","protected":false},"excerpt":{"rendered":"<p>Commande proportionnelle num\u00e9rique de pression (DPPC) pour applications verri\u00e8res \u00e0 piston ascendant. La DPPC est une vanne proportionnelle trois voies \u00e0 commande \u00e9lectronique. Elle utilise un ensemble de vannes, chacune pr\u00e9sentant des caract\u00e9ristiques de d\u00e9bit uniques, afin d&#8217;atteindre la pression cible rapidement et pr\u00e9cis\u00e9ment. Bien que cette plateforme soit capable de contr\u00f4ler diverses fonctions, la [&hellip;]<\/p>\n","protected":false},"featured_media":16862,"comment_status":"closed","ping_status":"closed","template":"","meta":[],"product_brand":[1257,1281],"product_cat":[1922,996,1118,1148],"product_tag":[],"class_list":{"0":"post-16880","1":"product","2":"type-product","3":"status-publish","4":"has-post-thumbnail","6":"product_brand-mac","7":"product_brand-ppc","8":"product_cat-dppc","9":"product_cat-pneumatique","10":"product_cat-vannes-pneumatique","11":"product_cat-regulateur-proportionnel-de-pression-ppc","13":"first","14":"instock","15":"shipping-taxable","16":"product-type-simple"},"yoast_head":"<!-- This site is optimized with the Yoast SEO plugin v27.3 - https:\/\/yoast.com\/product\/yoast-seo-wordpress\/ -->\n<title>MAC DPPC-EDA9 Commande proportionnelle num\u00e9rique de pression pour les applications sur verre - LDA Belgique<\/title>\n<meta name=\"robots\" content=\"index, follow, max-snippet:-1, max-image-preview:large, max-video-preview:-1\" \/>\n<link rel=\"canonical\" href=\"https:\/\/lda.be\/fr\/produit\/mac-dppc-eda9-commande-proportionnelle-numerique-de-pression-pour-les-applications-sur-verre\/\" \/>\n<meta property=\"og:locale\" content=\"fr_FR\" \/>\n<meta property=\"og:type\" content=\"article\" \/>\n<meta property=\"og:title\" content=\"MAC DPPC-EDA9 Commande proportionnelle num\u00e9rique de pression pour les applications sur verre - LDA Belgique\" \/>\n<meta property=\"og:description\" content=\"Commande proportionnelle num\u00e9rique de pression (DPPC) pour applications verri\u00e8res \u00e0 piston ascendant. La DPPC est une vanne proportionnelle trois voies \u00e0 commande \u00e9lectronique. Elle utilise un ensemble de vannes, chacune pr\u00e9sentant des caract\u00e9ristiques de d\u00e9bit uniques, afin d&#8217;atteindre la pression cible rapidement et pr\u00e9cis\u00e9ment. Bien que cette plateforme soit capable de contr\u00f4ler diverses fonctions, la [&hellip;]\" \/>\n<meta property=\"og:url\" content=\"https:\/\/lda.be\/fr\/produit\/mac-dppc-eda9-commande-proportionnelle-numerique-de-pression-pour-les-applications-sur-verre\/\" \/>\n<meta property=\"og:site_name\" content=\"LDA Belgique\" \/>\n<meta property=\"article:modified_time\" content=\"2026-05-04T12:35:11+00:00\" \/>\n<meta property=\"og:image\" content=\"https:\/\/lda.be\/wp-content\/uploads\/2026\/05\/DPPC-assy-\u25a01440.webp\" \/>\n\t<meta property=\"og:image:width\" content=\"1440\" \/>\n\t<meta property=\"og:image:height\" content=\"1440\" \/>\n\t<meta property=\"og:image:type\" content=\"image\/webp\" \/>\n<meta name=\"twitter:card\" content=\"summary_large_image\" \/>\n<meta name=\"twitter:label1\" content=\"Dur\u00e9e de lecture estim\u00e9e\" \/>\n\t<meta name=\"twitter:data1\" content=\"2 minutes\" \/>\n<script type=\"application\/ld+json\" class=\"yoast-schema-graph\">{\"@context\":\"https:\\\/\\\/schema.org\",\"@graph\":[{\"@type\":\"WebPage\",\"@id\":\"https:\\\/\\\/lda.be\\\/fr\\\/produit\\\/mac-dppc-eda9-commande-proportionnelle-numerique-de-pression-pour-les-applications-sur-verre\\\/\",\"url\":\"https:\\\/\\\/lda.be\\\/fr\\\/produit\\\/mac-dppc-eda9-commande-proportionnelle-numerique-de-pression-pour-les-applications-sur-verre\\\/\",\"name\":\"MAC DPPC-EDA9 Commande proportionnelle num\u00e9rique de pression pour les applications sur verre - LDA Belgique\",\"isPartOf\":{\"@id\":\"https:\\\/\\\/lda.be\\\/fr\\\/#website\"},\"primaryImageOfPage\":{\"@id\":\"https:\\\/\\\/lda.be\\\/fr\\\/produit\\\/mac-dppc-eda9-commande-proportionnelle-numerique-de-pression-pour-les-applications-sur-verre\\\/#primaryimage\"},\"image\":{\"@id\":\"https:\\\/\\\/lda.be\\\/fr\\\/produit\\\/mac-dppc-eda9-commande-proportionnelle-numerique-de-pression-pour-les-applications-sur-verre\\\/#primaryimage\"},\"thumbnailUrl\":\"https:\\\/\\\/lda.be\\\/wp-content\\\/uploads\\\/2026\\\/05\\\/DPPC-assy-\u25a01440.webp\",\"datePublished\":\"2026-05-04T09:05:40+00:00\",\"dateModified\":\"2026-05-04T12:35:11+00:00\",\"breadcrumb\":{\"@id\":\"https:\\\/\\\/lda.be\\\/fr\\\/produit\\\/mac-dppc-eda9-commande-proportionnelle-numerique-de-pression-pour-les-applications-sur-verre\\\/#breadcrumb\"},\"inLanguage\":\"fr-FR\",\"potentialAction\":[{\"@type\":\"ReadAction\",\"target\":[\"https:\\\/\\\/lda.be\\\/fr\\\/produit\\\/mac-dppc-eda9-commande-proportionnelle-numerique-de-pression-pour-les-applications-sur-verre\\\/\"]}]},{\"@type\":\"ImageObject\",\"inLanguage\":\"fr-FR\",\"@id\":\"https:\\\/\\\/lda.be\\\/fr\\\/produit\\\/mac-dppc-eda9-commande-proportionnelle-numerique-de-pression-pour-les-applications-sur-verre\\\/#primaryimage\",\"url\":\"https:\\\/\\\/lda.be\\\/wp-content\\\/uploads\\\/2026\\\/05\\\/DPPC-assy-\u25a01440.webp\",\"contentUrl\":\"https:\\\/\\\/lda.be\\\/wp-content\\\/uploads\\\/2026\\\/05\\\/DPPC-assy-\u25a01440.webp\",\"width\":1440,\"height\":1440},{\"@type\":\"BreadcrumbList\",\"@id\":\"https:\\\/\\\/lda.be\\\/fr\\\/produit\\\/mac-dppc-eda9-commande-proportionnelle-numerique-de-pression-pour-les-applications-sur-verre\\\/#breadcrumb\",\"itemListElement\":[{\"@type\":\"ListItem\",\"position\":1,\"name\":\"Accueil\",\"item\":\"https:\\\/\\\/lda.be\\\/fr\\\/\"},{\"@type\":\"ListItem\",\"position\":2,\"name\":\"Produits\",\"item\":\"https:\\\/\\\/lda.be\\\/fr\\\/produits\\\/\"},{\"@type\":\"ListItem\",\"position\":3,\"name\":\"MAC DPPC-EDA9 Commande proportionnelle num\u00e9rique de pression pour les applications sur verre\"}]},{\"@type\":\"WebSite\",\"@id\":\"https:\\\/\\\/lda.be\\\/fr\\\/#website\",\"url\":\"https:\\\/\\\/lda.be\\\/fr\\\/\",\"name\":\"LDA Belgium\",\"description\":\"Solutions For Life\",\"publisher\":{\"@id\":\"https:\\\/\\\/lda.be\\\/fr\\\/#organization\"},\"potentialAction\":[{\"@type\":\"SearchAction\",\"target\":{\"@type\":\"EntryPoint\",\"urlTemplate\":\"https:\\\/\\\/lda.be\\\/fr\\\/?s={search_term_string}\"},\"query-input\":{\"@type\":\"PropertyValueSpecification\",\"valueRequired\":true,\"valueName\":\"search_term_string\"}}],\"inLanguage\":\"fr-FR\"},{\"@type\":\"Organization\",\"@id\":\"https:\\\/\\\/lda.be\\\/fr\\\/#organization\",\"name\":\"LDA Belgium\",\"url\":\"https:\\\/\\\/lda.be\\\/fr\\\/\",\"logo\":{\"@type\":\"ImageObject\",\"inLanguage\":\"fr-FR\",\"@id\":\"https:\\\/\\\/lda.be\\\/fr\\\/#\\\/schema\\\/logo\\\/image\\\/\",\"url\":\"https:\\\/\\\/lda.be\\\/wp-content\\\/uploads\\\/2022\\\/07\\\/Logo-LDA.webp\",\"contentUrl\":\"https:\\\/\\\/lda.be\\\/wp-content\\\/uploads\\\/2022\\\/07\\\/Logo-LDA.webp\",\"width\":311,\"height\":101,\"caption\":\"LDA Belgium\"},\"image\":{\"@id\":\"https:\\\/\\\/lda.be\\\/fr\\\/#\\\/schema\\\/logo\\\/image\\\/\"},\"sameAs\":[\"https:\\\/\\\/www.linkedin.com\\\/company\\\/lda-belgium-nv\"]}]}<\/script>\n<!-- \/ Yoast SEO plugin. -->","yoast_head_json":{"title":"MAC DPPC-EDA9 Commande proportionnelle num\u00e9rique de pression pour les applications sur verre - LDA Belgique","robots":{"index":"index","follow":"follow","max-snippet":"max-snippet:-1","max-image-preview":"max-image-preview:large","max-video-preview":"max-video-preview:-1"},"canonical":"https:\/\/lda.be\/fr\/produit\/mac-dppc-eda9-commande-proportionnelle-numerique-de-pression-pour-les-applications-sur-verre\/","og_locale":"fr_FR","og_type":"article","og_title":"MAC DPPC-EDA9 Commande proportionnelle num\u00e9rique de pression pour les applications sur verre - LDA Belgique","og_description":"Commande proportionnelle num\u00e9rique de pression (DPPC) pour applications verri\u00e8res \u00e0 piston ascendant. La DPPC est une vanne proportionnelle trois voies \u00e0 commande \u00e9lectronique. Elle utilise un ensemble de vannes, chacune pr\u00e9sentant des caract\u00e9ristiques de d\u00e9bit uniques, afin d&#8217;atteindre la pression cible rapidement et pr\u00e9cis\u00e9ment. Bien que cette plateforme soit capable de contr\u00f4ler diverses fonctions, la [&hellip;]","og_url":"https:\/\/lda.be\/fr\/produit\/mac-dppc-eda9-commande-proportionnelle-numerique-de-pression-pour-les-applications-sur-verre\/","og_site_name":"LDA Belgique","article_modified_time":"2026-05-04T12:35:11+00:00","og_image":[{"width":1440,"height":1440,"url":"https:\/\/lda.be\/wp-content\/uploads\/2026\/05\/DPPC-assy-\u25a01440.webp","type":"image\/webp"}],"twitter_card":"summary_large_image","twitter_misc":{"Dur\u00e9e de lecture estim\u00e9e":"2 minutes"},"schema":{"@context":"https:\/\/schema.org","@graph":[{"@type":"WebPage","@id":"https:\/\/lda.be\/fr\/produit\/mac-dppc-eda9-commande-proportionnelle-numerique-de-pression-pour-les-applications-sur-verre\/","url":"https:\/\/lda.be\/fr\/produit\/mac-dppc-eda9-commande-proportionnelle-numerique-de-pression-pour-les-applications-sur-verre\/","name":"MAC DPPC-EDA9 Commande proportionnelle num\u00e9rique de pression pour les applications sur verre - LDA Belgique","isPartOf":{"@id":"https:\/\/lda.be\/fr\/#website"},"primaryImageOfPage":{"@id":"https:\/\/lda.be\/fr\/produit\/mac-dppc-eda9-commande-proportionnelle-numerique-de-pression-pour-les-applications-sur-verre\/#primaryimage"},"image":{"@id":"https:\/\/lda.be\/fr\/produit\/mac-dppc-eda9-commande-proportionnelle-numerique-de-pression-pour-les-applications-sur-verre\/#primaryimage"},"thumbnailUrl":"https:\/\/lda.be\/wp-content\/uploads\/2026\/05\/DPPC-assy-\u25a01440.webp","datePublished":"2026-05-04T09:05:40+00:00","dateModified":"2026-05-04T12:35:11+00:00","breadcrumb":{"@id":"https:\/\/lda.be\/fr\/produit\/mac-dppc-eda9-commande-proportionnelle-numerique-de-pression-pour-les-applications-sur-verre\/#breadcrumb"},"inLanguage":"fr-FR","potentialAction":[{"@type":"ReadAction","target":["https:\/\/lda.be\/fr\/produit\/mac-dppc-eda9-commande-proportionnelle-numerique-de-pression-pour-les-applications-sur-verre\/"]}]},{"@type":"ImageObject","inLanguage":"fr-FR","@id":"https:\/\/lda.be\/fr\/produit\/mac-dppc-eda9-commande-proportionnelle-numerique-de-pression-pour-les-applications-sur-verre\/#primaryimage","url":"https:\/\/lda.be\/wp-content\/uploads\/2026\/05\/DPPC-assy-\u25a01440.webp","contentUrl":"https:\/\/lda.be\/wp-content\/uploads\/2026\/05\/DPPC-assy-\u25a01440.webp","width":1440,"height":1440},{"@type":"BreadcrumbList","@id":"https:\/\/lda.be\/fr\/produit\/mac-dppc-eda9-commande-proportionnelle-numerique-de-pression-pour-les-applications-sur-verre\/#breadcrumb","itemListElement":[{"@type":"ListItem","position":1,"name":"Accueil","item":"https:\/\/lda.be\/fr\/"},{"@type":"ListItem","position":2,"name":"Produits","item":"https:\/\/lda.be\/fr\/produits\/"},{"@type":"ListItem","position":3,"name":"MAC DPPC-EDA9 Commande proportionnelle num\u00e9rique de pression pour les applications sur verre"}]},{"@type":"WebSite","@id":"https:\/\/lda.be\/fr\/#website","url":"https:\/\/lda.be\/fr\/","name":"LDA Belgium","description":"Solutions For Life","publisher":{"@id":"https:\/\/lda.be\/fr\/#organization"},"potentialAction":[{"@type":"SearchAction","target":{"@type":"EntryPoint","urlTemplate":"https:\/\/lda.be\/fr\/?s={search_term_string}"},"query-input":{"@type":"PropertyValueSpecification","valueRequired":true,"valueName":"search_term_string"}}],"inLanguage":"fr-FR"},{"@type":"Organization","@id":"https:\/\/lda.be\/fr\/#organization","name":"LDA Belgium","url":"https:\/\/lda.be\/fr\/","logo":{"@type":"ImageObject","inLanguage":"fr-FR","@id":"https:\/\/lda.be\/fr\/#\/schema\/logo\/image\/","url":"https:\/\/lda.be\/wp-content\/uploads\/2022\/07\/Logo-LDA.webp","contentUrl":"https:\/\/lda.be\/wp-content\/uploads\/2022\/07\/Logo-LDA.webp","width":311,"height":101,"caption":"LDA Belgium"},"image":{"@id":"https:\/\/lda.be\/fr\/#\/schema\/logo\/image\/"},"sameAs":["https:\/\/www.linkedin.com\/company\/lda-belgium-nv"]}]}},"_links":{"self":[{"href":"https:\/\/lda.be\/fr\/wp-json\/wp\/v2\/product\/16880","targetHints":{"allow":["GET"]}}],"collection":[{"href":"https:\/\/lda.be\/fr\/wp-json\/wp\/v2\/product"}],"about":[{"href":"https:\/\/lda.be\/fr\/wp-json\/wp\/v2\/types\/product"}],"replies":[{"embeddable":true,"href":"https:\/\/lda.be\/fr\/wp-json\/wp\/v2\/comments?post=16880"}],"wp:featuredmedia":[{"embeddable":true,"href":"https:\/\/lda.be\/fr\/wp-json\/wp\/v2\/media\/16862"}],"wp:attachment":[{"href":"https:\/\/lda.be\/fr\/wp-json\/wp\/v2\/media?parent=16880"}],"wp:term":[{"taxonomy":"product_brand","embeddable":true,"href":"https:\/\/lda.be\/fr\/wp-json\/wp\/v2\/product_brand?post=16880"},{"taxonomy":"product_cat","embeddable":true,"href":"https:\/\/lda.be\/fr\/wp-json\/wp\/v2\/product_cat?post=16880"},{"taxonomy":"product_tag","embeddable":true,"href":"https:\/\/lda.be\/fr\/wp-json\/wp\/v2\/product_tag?post=16880"}],"curies":[{"name":"wp","href":"https:\/\/api.w.org\/{rel}","templated":true}]}}