{"id":16884,"date":"2026-05-04T09:58:39","date_gmt":"2026-05-04T08:58:39","guid":{"rendered":"https:\/\/lda.be\/?post_type=product&#038;p=16884"},"modified":"2026-05-04T13:53:30","modified_gmt":"2026-05-04T12:53:30","slug":"mac-pfc-controle-de-debit-proportionnel-pour-applications-medicales","status":"publish","type":"product","link":"https:\/\/lda.be\/fr\/produit\/mac-pfc-controle-de-debit-proportionnel-pour-applications-medicales\/","title":{"rendered":"MAC PFC &#8211; Contr\u00f4le de d\u00e9bit proportionnel pour applications m\u00e9dicales"},"content":{"rendered":"<p>Gr\u00e2ce \u00e0 sa s\u00e9rie PFC (Proportional Flow Control), Mac Valves propose une r\u00e9gulation de d\u00e9bit proportionnelle de haute pr\u00e9cision qui utilise une technologie de moteur pas \u00e0 pas avanc\u00e9e.<br \/>\nL&#8217;unit\u00e9 est actionn\u00e9e par un moteur pas \u00e0 pas, garantissant une haute pr\u00e9cision, des temps de r\u00e9ponse pr\u00e9cis et une faible hyst\u00e9r\u00e9sis (un d\u00e9bit constant est assur\u00e9 \u00e0 travers le PFC lors de l&#8217;ouverture ou de la fermeture). Associ\u00e9e \u00e0 la puissance de la vanne Bullet Valve\u00ae pour liquides, l&#8217;unit\u00e9 offre une r\u00e9p\u00e9tabilit\u00e9, une pr\u00e9cision et une flexibilit\u00e9 de d\u00e9bit \u00e9lev\u00e9es, ainsi qu&#8217;une \u00e9tanch\u00e9it\u00e9 optimale.<br \/>\nLa s\u00e9rie PFC de MAC Valve est disponible en version boucle ferm\u00e9e ou ouverte et s&#8217;adapte \u00e0 diff\u00e9rentes combinaisons de dimensions et de d\u00e9bits.<\/p>\n","protected":false},"excerpt":{"rendered":"<p>Gr\u00e2ce \u00e0 sa s\u00e9rie PFC (Proportional Flow Control), Mac Valves propose une r\u00e9gulation de d\u00e9bit proportionnelle de haute pr\u00e9cision qui utilise une technologie de moteur pas \u00e0 pas avanc\u00e9e. L&#8217;unit\u00e9 est actionn\u00e9e par un moteur pas \u00e0 pas, garantissant une haute pr\u00e9cision, des temps de r\u00e9ponse pr\u00e9cis et une faible hyst\u00e9r\u00e9sis (un d\u00e9bit constant est [&hellip;]<\/p>\n","protected":false},"featured_media":16865,"comment_status":"closed","ping_status":"closed","template":"","meta":[],"product_brand":[1257,1281],"product_cat":[1919,996,1118,1148],"product_tag":[],"class_list":{"0":"post-16884","1":"product","2":"type-product","3":"status-publish","4":"has-post-thumbnail","6":"product_brand-mac","7":"product_brand-ppc","8":"product_cat-controle_de_debit_proportionnel","9":"product_cat-pneumatique","10":"product_cat-vannes-pneumatique","11":"product_cat-regulateur-proportionnel-de-pression-ppc","13":"first","14":"instock","15":"shipping-taxable","16":"product-type-simple"},"yoast_head":"<!-- This site is optimized with the Yoast SEO plugin v27.3 - https:\/\/yoast.com\/product\/yoast-seo-wordpress\/ -->\n<title>MAC PFC - Contr\u00f4le de d\u00e9bit proportionnel pour applications m\u00e9dicales - LDA Belgique<\/title>\n<meta name=\"robots\" content=\"index, follow, max-snippet:-1, max-image-preview:large, max-video-preview:-1\" \/>\n<link rel=\"canonical\" href=\"https:\/\/lda.be\/fr\/produit\/mac-pfc-controle-de-debit-proportionnel-pour-applications-medicales\/\" \/>\n<meta property=\"og:locale\" content=\"fr_FR\" \/>\n<meta property=\"og:type\" content=\"article\" \/>\n<meta property=\"og:title\" content=\"MAC PFC - Contr\u00f4le de d\u00e9bit proportionnel pour applications m\u00e9dicales - LDA Belgique\" \/>\n<meta property=\"og:description\" content=\"Gr\u00e2ce \u00e0 sa s\u00e9rie PFC (Proportional Flow Control), Mac Valves propose une r\u00e9gulation de d\u00e9bit proportionnelle de haute pr\u00e9cision qui utilise une technologie de moteur pas \u00e0 pas avanc\u00e9e. L&#8217;unit\u00e9 est actionn\u00e9e par un moteur pas \u00e0 pas, garantissant une haute pr\u00e9cision, des temps de r\u00e9ponse pr\u00e9cis et une faible hyst\u00e9r\u00e9sis (un d\u00e9bit constant est [&hellip;]\" \/>\n<meta property=\"og:url\" content=\"https:\/\/lda.be\/fr\/produit\/mac-pfc-controle-de-debit-proportionnel-pour-applications-medicales\/\" \/>\n<meta property=\"og:site_name\" content=\"LDA Belgique\" \/>\n<meta property=\"article:modified_time\" content=\"2026-05-04T12:53:30+00:00\" \/>\n<meta property=\"og:image\" content=\"https:\/\/lda.be\/wp-content\/uploads\/2026\/05\/PFC-assy-\u25a01440.webp\" \/>\n\t<meta property=\"og:image:width\" content=\"1440\" \/>\n\t<meta property=\"og:image:height\" content=\"1440\" \/>\n\t<meta property=\"og:image:type\" content=\"image\/webp\" \/>\n<meta name=\"twitter:card\" content=\"summary_large_image\" \/>\n<meta name=\"twitter:label1\" content=\"Dur\u00e9e de lecture estim\u00e9e\" \/>\n\t<meta name=\"twitter:data1\" content=\"1 minute\" \/>\n<script type=\"application\/ld+json\" class=\"yoast-schema-graph\">{\"@context\":\"https:\\\/\\\/schema.org\",\"@graph\":[{\"@type\":\"WebPage\",\"@id\":\"https:\\\/\\\/lda.be\\\/fr\\\/produit\\\/mac-pfc-controle-de-debit-proportionnel-pour-applications-medicales\\\/\",\"url\":\"https:\\\/\\\/lda.be\\\/fr\\\/produit\\\/mac-pfc-controle-de-debit-proportionnel-pour-applications-medicales\\\/\",\"name\":\"MAC PFC - Contr\u00f4le de d\u00e9bit proportionnel pour applications m\u00e9dicales - LDA Belgique\",\"isPartOf\":{\"@id\":\"https:\\\/\\\/lda.be\\\/fr\\\/#website\"},\"primaryImageOfPage\":{\"@id\":\"https:\\\/\\\/lda.be\\\/fr\\\/produit\\\/mac-pfc-controle-de-debit-proportionnel-pour-applications-medicales\\\/#primaryimage\"},\"image\":{\"@id\":\"https:\\\/\\\/lda.be\\\/fr\\\/produit\\\/mac-pfc-controle-de-debit-proportionnel-pour-applications-medicales\\\/#primaryimage\"},\"thumbnailUrl\":\"https:\\\/\\\/lda.be\\\/wp-content\\\/uploads\\\/2026\\\/05\\\/PFC-assy-\u25a01440.webp\",\"datePublished\":\"2026-05-04T08:58:39+00:00\",\"dateModified\":\"2026-05-04T12:53:30+00:00\",\"breadcrumb\":{\"@id\":\"https:\\\/\\\/lda.be\\\/fr\\\/produit\\\/mac-pfc-controle-de-debit-proportionnel-pour-applications-medicales\\\/#breadcrumb\"},\"inLanguage\":\"fr-FR\",\"potentialAction\":[{\"@type\":\"ReadAction\",\"target\":[\"https:\\\/\\\/lda.be\\\/fr\\\/produit\\\/mac-pfc-controle-de-debit-proportionnel-pour-applications-medicales\\\/\"]}]},{\"@type\":\"ImageObject\",\"inLanguage\":\"fr-FR\",\"@id\":\"https:\\\/\\\/lda.be\\\/fr\\\/produit\\\/mac-pfc-controle-de-debit-proportionnel-pour-applications-medicales\\\/#primaryimage\",\"url\":\"https:\\\/\\\/lda.be\\\/wp-content\\\/uploads\\\/2026\\\/05\\\/PFC-assy-\u25a01440.webp\",\"contentUrl\":\"https:\\\/\\\/lda.be\\\/wp-content\\\/uploads\\\/2026\\\/05\\\/PFC-assy-\u25a01440.webp\",\"width\":1440,\"height\":1440},{\"@type\":\"BreadcrumbList\",\"@id\":\"https:\\\/\\\/lda.be\\\/fr\\\/produit\\\/mac-pfc-controle-de-debit-proportionnel-pour-applications-medicales\\\/#breadcrumb\",\"itemListElement\":[{\"@type\":\"ListItem\",\"position\":1,\"name\":\"Accueil\",\"item\":\"https:\\\/\\\/lda.be\\\/fr\\\/\"},{\"@type\":\"ListItem\",\"position\":2,\"name\":\"Produits\",\"item\":\"https:\\\/\\\/lda.be\\\/fr\\\/produits\\\/\"},{\"@type\":\"ListItem\",\"position\":3,\"name\":\"MAC PFC &#8211; Contr\u00f4le de d\u00e9bit proportionnel pour applications m\u00e9dicales\"}]},{\"@type\":\"WebSite\",\"@id\":\"https:\\\/\\\/lda.be\\\/fr\\\/#website\",\"url\":\"https:\\\/\\\/lda.be\\\/fr\\\/\",\"name\":\"LDA Belgium\",\"description\":\"Solutions For Life\",\"publisher\":{\"@id\":\"https:\\\/\\\/lda.be\\\/fr\\\/#organization\"},\"potentialAction\":[{\"@type\":\"SearchAction\",\"target\":{\"@type\":\"EntryPoint\",\"urlTemplate\":\"https:\\\/\\\/lda.be\\\/fr\\\/?s={search_term_string}\"},\"query-input\":{\"@type\":\"PropertyValueSpecification\",\"valueRequired\":true,\"valueName\":\"search_term_string\"}}],\"inLanguage\":\"fr-FR\"},{\"@type\":\"Organization\",\"@id\":\"https:\\\/\\\/lda.be\\\/fr\\\/#organization\",\"name\":\"LDA Belgium\",\"url\":\"https:\\\/\\\/lda.be\\\/fr\\\/\",\"logo\":{\"@type\":\"ImageObject\",\"inLanguage\":\"fr-FR\",\"@id\":\"https:\\\/\\\/lda.be\\\/fr\\\/#\\\/schema\\\/logo\\\/image\\\/\",\"url\":\"https:\\\/\\\/lda.be\\\/wp-content\\\/uploads\\\/2022\\\/07\\\/Logo-LDA.webp\",\"contentUrl\":\"https:\\\/\\\/lda.be\\\/wp-content\\\/uploads\\\/2022\\\/07\\\/Logo-LDA.webp\",\"width\":311,\"height\":101,\"caption\":\"LDA Belgium\"},\"image\":{\"@id\":\"https:\\\/\\\/lda.be\\\/fr\\\/#\\\/schema\\\/logo\\\/image\\\/\"},\"sameAs\":[\"https:\\\/\\\/www.linkedin.com\\\/company\\\/lda-belgium-nv\"]}]}<\/script>\n<!-- \/ Yoast SEO plugin. -->","yoast_head_json":{"title":"MAC PFC - Contr\u00f4le de d\u00e9bit proportionnel pour applications m\u00e9dicales - LDA Belgique","robots":{"index":"index","follow":"follow","max-snippet":"max-snippet:-1","max-image-preview":"max-image-preview:large","max-video-preview":"max-video-preview:-1"},"canonical":"https:\/\/lda.be\/fr\/produit\/mac-pfc-controle-de-debit-proportionnel-pour-applications-medicales\/","og_locale":"fr_FR","og_type":"article","og_title":"MAC PFC - Contr\u00f4le de d\u00e9bit proportionnel pour applications m\u00e9dicales - LDA Belgique","og_description":"Gr\u00e2ce \u00e0 sa s\u00e9rie PFC (Proportional Flow Control), Mac Valves propose une r\u00e9gulation de d\u00e9bit proportionnelle de haute pr\u00e9cision qui utilise une technologie de moteur pas \u00e0 pas avanc\u00e9e. L&#8217;unit\u00e9 est actionn\u00e9e par un moteur pas \u00e0 pas, garantissant une haute pr\u00e9cision, des temps de r\u00e9ponse pr\u00e9cis et une faible hyst\u00e9r\u00e9sis (un d\u00e9bit constant est [&hellip;]","og_url":"https:\/\/lda.be\/fr\/produit\/mac-pfc-controle-de-debit-proportionnel-pour-applications-medicales\/","og_site_name":"LDA Belgique","article_modified_time":"2026-05-04T12:53:30+00:00","og_image":[{"width":1440,"height":1440,"url":"https:\/\/lda.be\/wp-content\/uploads\/2026\/05\/PFC-assy-\u25a01440.webp","type":"image\/webp"}],"twitter_card":"summary_large_image","twitter_misc":{"Dur\u00e9e de lecture estim\u00e9e":"1 minute"},"schema":{"@context":"https:\/\/schema.org","@graph":[{"@type":"WebPage","@id":"https:\/\/lda.be\/fr\/produit\/mac-pfc-controle-de-debit-proportionnel-pour-applications-medicales\/","url":"https:\/\/lda.be\/fr\/produit\/mac-pfc-controle-de-debit-proportionnel-pour-applications-medicales\/","name":"MAC PFC - Contr\u00f4le de d\u00e9bit proportionnel pour applications m\u00e9dicales - LDA Belgique","isPartOf":{"@id":"https:\/\/lda.be\/fr\/#website"},"primaryImageOfPage":{"@id":"https:\/\/lda.be\/fr\/produit\/mac-pfc-controle-de-debit-proportionnel-pour-applications-medicales\/#primaryimage"},"image":{"@id":"https:\/\/lda.be\/fr\/produit\/mac-pfc-controle-de-debit-proportionnel-pour-applications-medicales\/#primaryimage"},"thumbnailUrl":"https:\/\/lda.be\/wp-content\/uploads\/2026\/05\/PFC-assy-\u25a01440.webp","datePublished":"2026-05-04T08:58:39+00:00","dateModified":"2026-05-04T12:53:30+00:00","breadcrumb":{"@id":"https:\/\/lda.be\/fr\/produit\/mac-pfc-controle-de-debit-proportionnel-pour-applications-medicales\/#breadcrumb"},"inLanguage":"fr-FR","potentialAction":[{"@type":"ReadAction","target":["https:\/\/lda.be\/fr\/produit\/mac-pfc-controle-de-debit-proportionnel-pour-applications-medicales\/"]}]},{"@type":"ImageObject","inLanguage":"fr-FR","@id":"https:\/\/lda.be\/fr\/produit\/mac-pfc-controle-de-debit-proportionnel-pour-applications-medicales\/#primaryimage","url":"https:\/\/lda.be\/wp-content\/uploads\/2026\/05\/PFC-assy-\u25a01440.webp","contentUrl":"https:\/\/lda.be\/wp-content\/uploads\/2026\/05\/PFC-assy-\u25a01440.webp","width":1440,"height":1440},{"@type":"BreadcrumbList","@id":"https:\/\/lda.be\/fr\/produit\/mac-pfc-controle-de-debit-proportionnel-pour-applications-medicales\/#breadcrumb","itemListElement":[{"@type":"ListItem","position":1,"name":"Accueil","item":"https:\/\/lda.be\/fr\/"},{"@type":"ListItem","position":2,"name":"Produits","item":"https:\/\/lda.be\/fr\/produits\/"},{"@type":"ListItem","position":3,"name":"MAC PFC &#8211; Contr\u00f4le de d\u00e9bit proportionnel pour applications m\u00e9dicales"}]},{"@type":"WebSite","@id":"https:\/\/lda.be\/fr\/#website","url":"https:\/\/lda.be\/fr\/","name":"LDA Belgium","description":"Solutions For Life","publisher":{"@id":"https:\/\/lda.be\/fr\/#organization"},"potentialAction":[{"@type":"SearchAction","target":{"@type":"EntryPoint","urlTemplate":"https:\/\/lda.be\/fr\/?s={search_term_string}"},"query-input":{"@type":"PropertyValueSpecification","valueRequired":true,"valueName":"search_term_string"}}],"inLanguage":"fr-FR"},{"@type":"Organization","@id":"https:\/\/lda.be\/fr\/#organization","name":"LDA Belgium","url":"https:\/\/lda.be\/fr\/","logo":{"@type":"ImageObject","inLanguage":"fr-FR","@id":"https:\/\/lda.be\/fr\/#\/schema\/logo\/image\/","url":"https:\/\/lda.be\/wp-content\/uploads\/2022\/07\/Logo-LDA.webp","contentUrl":"https:\/\/lda.be\/wp-content\/uploads\/2022\/07\/Logo-LDA.webp","width":311,"height":101,"caption":"LDA Belgium"},"image":{"@id":"https:\/\/lda.be\/fr\/#\/schema\/logo\/image\/"},"sameAs":["https:\/\/www.linkedin.com\/company\/lda-belgium-nv"]}]}},"_links":{"self":[{"href":"https:\/\/lda.be\/fr\/wp-json\/wp\/v2\/product\/16884","targetHints":{"allow":["GET"]}}],"collection":[{"href":"https:\/\/lda.be\/fr\/wp-json\/wp\/v2\/product"}],"about":[{"href":"https:\/\/lda.be\/fr\/wp-json\/wp\/v2\/types\/product"}],"replies":[{"embeddable":true,"href":"https:\/\/lda.be\/fr\/wp-json\/wp\/v2\/comments?post=16884"}],"wp:featuredmedia":[{"embeddable":true,"href":"https:\/\/lda.be\/fr\/wp-json\/wp\/v2\/media\/16865"}],"wp:attachment":[{"href":"https:\/\/lda.be\/fr\/wp-json\/wp\/v2\/media?parent=16884"}],"wp:term":[{"taxonomy":"product_brand","embeddable":true,"href":"https:\/\/lda.be\/fr\/wp-json\/wp\/v2\/product_brand?post=16884"},{"taxonomy":"product_cat","embeddable":true,"href":"https:\/\/lda.be\/fr\/wp-json\/wp\/v2\/product_cat?post=16884"},{"taxonomy":"product_tag","embeddable":true,"href":"https:\/\/lda.be\/fr\/wp-json\/wp\/v2\/product_tag?post=16884"}],"curies":[{"name":"wp","href":"https:\/\/api.w.org\/{rel}","templated":true}]}}