{"id":16901,"date":"2026-05-04T14:47:20","date_gmt":"2026-05-04T13:47:20","guid":{"rendered":"https:\/\/lda.be\/?post_type=product&#038;p=16901"},"modified":"2026-05-04T15:27:09","modified_gmt":"2026-05-04T14:27:09","slug":"mac-ppc5c-regulateur-de-pression-proportionnel-1-8-70nl-min","status":"publish","type":"product","link":"https:\/\/lda.be\/fr\/produit\/mac-ppc5c-regulateur-de-pression-proportionnel-1-8-70nl-min\/","title":{"rendered":"MAC PPC5C R\u00e9gulateur de pression proportionnel 1\/8\u201d, 70Nl\/min"},"content":{"rendered":"<p>Votre application exige un contr\u00f4le de pression extr\u00eamement pr\u00e9cis\u00a0? Ne cherchez plus, nous avons la solution qu\u2019il vous faut\u00a0: les contr\u00f4leurs PPC de MAC.<\/p>\n<p>Le r\u00e9gulateur de pression proportionnel MAC (PPC) est un produit innovant qui convertit un signal \u00e9lectrique en une sortie pneumatique proportionnelle.<\/p>\n<p>Le fonctionnement des PPC MAC repose sur deux vannes MAC qui contr\u00f4lent la pression de sortie. Ces vannes sont actionn\u00e9es par le circuit de commande \u00e9lectronique en boucle ferm\u00e9e du PPC. Un ou deux transducteurs assurent un retour d&#8217;information. Le clapet \u00e9quilibr\u00e9, la rapidit\u00e9 de r\u00e9ponse et le d\u00e9bit \u00e9lev\u00e9 de ces deux vannes MAC conf\u00e8rent au PPC des performances exceptionnelles.<\/p>\n<p>Le PPC contr\u00f4le la pression de sortie en mesurant en permanence la pression en aval et en la comparant au signal de commande. Si une pression plus \u00e9lev\u00e9e est demand\u00e9e, le PPC r\u00e9agit rapidement en actionnant la vanne de remplissage MAC, augmentant ainsi la pression de sortie jusqu&#8217;\u00e0 ce qu&#8217;elle atteigne la valeur du signal de commande.<\/p>\n<p>\u00c0 l&#8217;inverse, si une pression plus basse est requise, le PPC actionne la vanne d&#8217;\u00e9chappement MAC, diminuant la pression de sortie jusqu&#8217;\u00e0 atteindre la pression souhait\u00e9e. L&#8217;ensemble de ces op\u00e9rations est tr\u00e8s rapide, permettant un maintien pr\u00e9cis et continu de la pression.<\/p>\n","protected":false},"excerpt":{"rendered":"<p>Votre application exige un contr\u00f4le de pression extr\u00eamement pr\u00e9cis\u00a0? Ne cherchez plus, nous avons la solution qu\u2019il vous faut\u00a0: les contr\u00f4leurs PPC de MAC. Le r\u00e9gulateur de pression proportionnel MAC (PPC) est un produit innovant qui convertit un signal \u00e9lectrique en une sortie pneumatique proportionnelle. Le fonctionnement des PPC MAC repose sur deux vannes MAC [&hellip;]<\/p>\n","protected":false},"featured_media":16847,"comment_status":"closed","ping_status":"closed","template":"","meta":[],"product_brand":[1257,1281],"product_cat":[1916,996,1118,1148],"product_tag":[],"class_list":{"0":"post-16901","1":"product","2":"type-product","3":"status-publish","4":"has-post-thumbnail","6":"product_brand-mac","7":"product_brand-ppc","8":"product_cat-regulateur_de_pression_proportionnel","9":"product_cat-pneumatique","10":"product_cat-vannes-pneumatique","11":"product_cat-regulateur-proportionnel-de-pression-ppc","13":"first","14":"instock","15":"shipping-taxable","16":"product-type-simple"},"yoast_head":"<!-- This site is optimized with the Yoast SEO plugin v27.3 - https:\/\/yoast.com\/product\/yoast-seo-wordpress\/ -->\n<title>MAC PPC5C R\u00e9gulateur de pression proportionnel 1\/8\u201d, 70Nl\/min - LDA Belgique<\/title>\n<meta name=\"robots\" content=\"index, follow, max-snippet:-1, max-image-preview:large, max-video-preview:-1\" \/>\n<link rel=\"canonical\" href=\"https:\/\/lda.be\/fr\/produit\/mac-ppc5c-regulateur-de-pression-proportionnel-1-8-70nl-min\/\" \/>\n<meta property=\"og:locale\" content=\"fr_FR\" \/>\n<meta property=\"og:type\" content=\"article\" \/>\n<meta property=\"og:title\" content=\"MAC PPC5C R\u00e9gulateur de pression proportionnel 1\/8\u201d, 70Nl\/min - LDA Belgique\" \/>\n<meta property=\"og:description\" content=\"Votre application exige un contr\u00f4le de pression extr\u00eamement pr\u00e9cis\u00a0? Ne cherchez plus, nous avons la solution qu\u2019il vous faut\u00a0: les contr\u00f4leurs PPC de MAC. Le r\u00e9gulateur de pression proportionnel MAC (PPC) est un produit innovant qui convertit un signal \u00e9lectrique en une sortie pneumatique proportionnelle. Le fonctionnement des PPC MAC repose sur deux vannes MAC [&hellip;]\" \/>\n<meta property=\"og:url\" content=\"https:\/\/lda.be\/fr\/produit\/mac-ppc5c-regulateur-de-pression-proportionnel-1-8-70nl-min\/\" \/>\n<meta property=\"og:site_name\" content=\"LDA Belgique\" \/>\n<meta property=\"article:modified_time\" content=\"2026-05-04T14:27:09+00:00\" \/>\n<meta property=\"og:image\" content=\"https:\/\/lda.be\/wp-content\/uploads\/2026\/05\/PPC5C-\u25a01440.webp\" \/>\n\t<meta property=\"og:image:width\" content=\"1440\" \/>\n\t<meta property=\"og:image:height\" content=\"1440\" \/>\n\t<meta property=\"og:image:type\" content=\"image\/webp\" \/>\n<meta name=\"twitter:card\" content=\"summary_large_image\" \/>\n<meta name=\"twitter:label1\" content=\"Dur\u00e9e de lecture estim\u00e9e\" \/>\n\t<meta name=\"twitter:data1\" content=\"2 minutes\" \/>\n<script type=\"application\/ld+json\" class=\"yoast-schema-graph\">{\"@context\":\"https:\\\/\\\/schema.org\",\"@graph\":[{\"@type\":\"WebPage\",\"@id\":\"https:\\\/\\\/lda.be\\\/fr\\\/produit\\\/mac-ppc5c-regulateur-de-pression-proportionnel-1-8-70nl-min\\\/\",\"url\":\"https:\\\/\\\/lda.be\\\/fr\\\/produit\\\/mac-ppc5c-regulateur-de-pression-proportionnel-1-8-70nl-min\\\/\",\"name\":\"MAC PPC5C R\u00e9gulateur de pression proportionnel 1\\\/8\u201d, 70Nl\\\/min - LDA Belgique\",\"isPartOf\":{\"@id\":\"https:\\\/\\\/lda.be\\\/fr\\\/#website\"},\"primaryImageOfPage\":{\"@id\":\"https:\\\/\\\/lda.be\\\/fr\\\/produit\\\/mac-ppc5c-regulateur-de-pression-proportionnel-1-8-70nl-min\\\/#primaryimage\"},\"image\":{\"@id\":\"https:\\\/\\\/lda.be\\\/fr\\\/produit\\\/mac-ppc5c-regulateur-de-pression-proportionnel-1-8-70nl-min\\\/#primaryimage\"},\"thumbnailUrl\":\"https:\\\/\\\/lda.be\\\/wp-content\\\/uploads\\\/2026\\\/05\\\/PPC5C-\u25a01440.webp\",\"datePublished\":\"2026-05-04T13:47:20+00:00\",\"dateModified\":\"2026-05-04T14:27:09+00:00\",\"breadcrumb\":{\"@id\":\"https:\\\/\\\/lda.be\\\/fr\\\/produit\\\/mac-ppc5c-regulateur-de-pression-proportionnel-1-8-70nl-min\\\/#breadcrumb\"},\"inLanguage\":\"fr-FR\",\"potentialAction\":[{\"@type\":\"ReadAction\",\"target\":[\"https:\\\/\\\/lda.be\\\/fr\\\/produit\\\/mac-ppc5c-regulateur-de-pression-proportionnel-1-8-70nl-min\\\/\"]}]},{\"@type\":\"ImageObject\",\"inLanguage\":\"fr-FR\",\"@id\":\"https:\\\/\\\/lda.be\\\/fr\\\/produit\\\/mac-ppc5c-regulateur-de-pression-proportionnel-1-8-70nl-min\\\/#primaryimage\",\"url\":\"https:\\\/\\\/lda.be\\\/wp-content\\\/uploads\\\/2026\\\/05\\\/PPC5C-\u25a01440.webp\",\"contentUrl\":\"https:\\\/\\\/lda.be\\\/wp-content\\\/uploads\\\/2026\\\/05\\\/PPC5C-\u25a01440.webp\",\"width\":1440,\"height\":1440},{\"@type\":\"BreadcrumbList\",\"@id\":\"https:\\\/\\\/lda.be\\\/fr\\\/produit\\\/mac-ppc5c-regulateur-de-pression-proportionnel-1-8-70nl-min\\\/#breadcrumb\",\"itemListElement\":[{\"@type\":\"ListItem\",\"position\":1,\"name\":\"Accueil\",\"item\":\"https:\\\/\\\/lda.be\\\/fr\\\/\"},{\"@type\":\"ListItem\",\"position\":2,\"name\":\"Produits\",\"item\":\"https:\\\/\\\/lda.be\\\/fr\\\/produits\\\/\"},{\"@type\":\"ListItem\",\"position\":3,\"name\":\"MAC PPC5C R\u00e9gulateur de pression proportionnel 1\\\/8\u201d, 70Nl\\\/min\"}]},{\"@type\":\"WebSite\",\"@id\":\"https:\\\/\\\/lda.be\\\/fr\\\/#website\",\"url\":\"https:\\\/\\\/lda.be\\\/fr\\\/\",\"name\":\"LDA Belgium\",\"description\":\"Solutions For Life\",\"publisher\":{\"@id\":\"https:\\\/\\\/lda.be\\\/fr\\\/#organization\"},\"potentialAction\":[{\"@type\":\"SearchAction\",\"target\":{\"@type\":\"EntryPoint\",\"urlTemplate\":\"https:\\\/\\\/lda.be\\\/fr\\\/?s={search_term_string}\"},\"query-input\":{\"@type\":\"PropertyValueSpecification\",\"valueRequired\":true,\"valueName\":\"search_term_string\"}}],\"inLanguage\":\"fr-FR\"},{\"@type\":\"Organization\",\"@id\":\"https:\\\/\\\/lda.be\\\/fr\\\/#organization\",\"name\":\"LDA Belgium\",\"url\":\"https:\\\/\\\/lda.be\\\/fr\\\/\",\"logo\":{\"@type\":\"ImageObject\",\"inLanguage\":\"fr-FR\",\"@id\":\"https:\\\/\\\/lda.be\\\/fr\\\/#\\\/schema\\\/logo\\\/image\\\/\",\"url\":\"https:\\\/\\\/lda.be\\\/wp-content\\\/uploads\\\/2022\\\/07\\\/Logo-LDA.webp\",\"contentUrl\":\"https:\\\/\\\/lda.be\\\/wp-content\\\/uploads\\\/2022\\\/07\\\/Logo-LDA.webp\",\"width\":311,\"height\":101,\"caption\":\"LDA Belgium\"},\"image\":{\"@id\":\"https:\\\/\\\/lda.be\\\/fr\\\/#\\\/schema\\\/logo\\\/image\\\/\"},\"sameAs\":[\"https:\\\/\\\/www.linkedin.com\\\/company\\\/lda-belgium-nv\"]}]}<\/script>\n<!-- \/ Yoast SEO plugin. -->","yoast_head_json":{"title":"MAC PPC5C R\u00e9gulateur de pression proportionnel 1\/8\u201d, 70Nl\/min - LDA Belgique","robots":{"index":"index","follow":"follow","max-snippet":"max-snippet:-1","max-image-preview":"max-image-preview:large","max-video-preview":"max-video-preview:-1"},"canonical":"https:\/\/lda.be\/fr\/produit\/mac-ppc5c-regulateur-de-pression-proportionnel-1-8-70nl-min\/","og_locale":"fr_FR","og_type":"article","og_title":"MAC PPC5C R\u00e9gulateur de pression proportionnel 1\/8\u201d, 70Nl\/min - LDA Belgique","og_description":"Votre application exige un contr\u00f4le de pression extr\u00eamement pr\u00e9cis\u00a0? Ne cherchez plus, nous avons la solution qu\u2019il vous faut\u00a0: les contr\u00f4leurs PPC de MAC. Le r\u00e9gulateur de pression proportionnel MAC (PPC) est un produit innovant qui convertit un signal \u00e9lectrique en une sortie pneumatique proportionnelle. Le fonctionnement des PPC MAC repose sur deux vannes MAC [&hellip;]","og_url":"https:\/\/lda.be\/fr\/produit\/mac-ppc5c-regulateur-de-pression-proportionnel-1-8-70nl-min\/","og_site_name":"LDA Belgique","article_modified_time":"2026-05-04T14:27:09+00:00","og_image":[{"width":1440,"height":1440,"url":"https:\/\/lda.be\/wp-content\/uploads\/2026\/05\/PPC5C-\u25a01440.webp","type":"image\/webp"}],"twitter_card":"summary_large_image","twitter_misc":{"Dur\u00e9e de lecture estim\u00e9e":"2 minutes"},"schema":{"@context":"https:\/\/schema.org","@graph":[{"@type":"WebPage","@id":"https:\/\/lda.be\/fr\/produit\/mac-ppc5c-regulateur-de-pression-proportionnel-1-8-70nl-min\/","url":"https:\/\/lda.be\/fr\/produit\/mac-ppc5c-regulateur-de-pression-proportionnel-1-8-70nl-min\/","name":"MAC PPC5C R\u00e9gulateur de pression proportionnel 1\/8\u201d, 70Nl\/min - LDA Belgique","isPartOf":{"@id":"https:\/\/lda.be\/fr\/#website"},"primaryImageOfPage":{"@id":"https:\/\/lda.be\/fr\/produit\/mac-ppc5c-regulateur-de-pression-proportionnel-1-8-70nl-min\/#primaryimage"},"image":{"@id":"https:\/\/lda.be\/fr\/produit\/mac-ppc5c-regulateur-de-pression-proportionnel-1-8-70nl-min\/#primaryimage"},"thumbnailUrl":"https:\/\/lda.be\/wp-content\/uploads\/2026\/05\/PPC5C-\u25a01440.webp","datePublished":"2026-05-04T13:47:20+00:00","dateModified":"2026-05-04T14:27:09+00:00","breadcrumb":{"@id":"https:\/\/lda.be\/fr\/produit\/mac-ppc5c-regulateur-de-pression-proportionnel-1-8-70nl-min\/#breadcrumb"},"inLanguage":"fr-FR","potentialAction":[{"@type":"ReadAction","target":["https:\/\/lda.be\/fr\/produit\/mac-ppc5c-regulateur-de-pression-proportionnel-1-8-70nl-min\/"]}]},{"@type":"ImageObject","inLanguage":"fr-FR","@id":"https:\/\/lda.be\/fr\/produit\/mac-ppc5c-regulateur-de-pression-proportionnel-1-8-70nl-min\/#primaryimage","url":"https:\/\/lda.be\/wp-content\/uploads\/2026\/05\/PPC5C-\u25a01440.webp","contentUrl":"https:\/\/lda.be\/wp-content\/uploads\/2026\/05\/PPC5C-\u25a01440.webp","width":1440,"height":1440},{"@type":"BreadcrumbList","@id":"https:\/\/lda.be\/fr\/produit\/mac-ppc5c-regulateur-de-pression-proportionnel-1-8-70nl-min\/#breadcrumb","itemListElement":[{"@type":"ListItem","position":1,"name":"Accueil","item":"https:\/\/lda.be\/fr\/"},{"@type":"ListItem","position":2,"name":"Produits","item":"https:\/\/lda.be\/fr\/produits\/"},{"@type":"ListItem","position":3,"name":"MAC PPC5C R\u00e9gulateur de pression proportionnel 1\/8\u201d, 70Nl\/min"}]},{"@type":"WebSite","@id":"https:\/\/lda.be\/fr\/#website","url":"https:\/\/lda.be\/fr\/","name":"LDA Belgium","description":"Solutions For Life","publisher":{"@id":"https:\/\/lda.be\/fr\/#organization"},"potentialAction":[{"@type":"SearchAction","target":{"@type":"EntryPoint","urlTemplate":"https:\/\/lda.be\/fr\/?s={search_term_string}"},"query-input":{"@type":"PropertyValueSpecification","valueRequired":true,"valueName":"search_term_string"}}],"inLanguage":"fr-FR"},{"@type":"Organization","@id":"https:\/\/lda.be\/fr\/#organization","name":"LDA Belgium","url":"https:\/\/lda.be\/fr\/","logo":{"@type":"ImageObject","inLanguage":"fr-FR","@id":"https:\/\/lda.be\/fr\/#\/schema\/logo\/image\/","url":"https:\/\/lda.be\/wp-content\/uploads\/2022\/07\/Logo-LDA.webp","contentUrl":"https:\/\/lda.be\/wp-content\/uploads\/2022\/07\/Logo-LDA.webp","width":311,"height":101,"caption":"LDA Belgium"},"image":{"@id":"https:\/\/lda.be\/fr\/#\/schema\/logo\/image\/"},"sameAs":["https:\/\/www.linkedin.com\/company\/lda-belgium-nv"]}]}},"_links":{"self":[{"href":"https:\/\/lda.be\/fr\/wp-json\/wp\/v2\/product\/16901","targetHints":{"allow":["GET"]}}],"collection":[{"href":"https:\/\/lda.be\/fr\/wp-json\/wp\/v2\/product"}],"about":[{"href":"https:\/\/lda.be\/fr\/wp-json\/wp\/v2\/types\/product"}],"replies":[{"embeddable":true,"href":"https:\/\/lda.be\/fr\/wp-json\/wp\/v2\/comments?post=16901"}],"wp:featuredmedia":[{"embeddable":true,"href":"https:\/\/lda.be\/fr\/wp-json\/wp\/v2\/media\/16847"}],"wp:attachment":[{"href":"https:\/\/lda.be\/fr\/wp-json\/wp\/v2\/media?parent=16901"}],"wp:term":[{"taxonomy":"product_brand","embeddable":true,"href":"https:\/\/lda.be\/fr\/wp-json\/wp\/v2\/product_brand?post=16901"},{"taxonomy":"product_cat","embeddable":true,"href":"https:\/\/lda.be\/fr\/wp-json\/wp\/v2\/product_cat?post=16901"},{"taxonomy":"product_tag","embeddable":true,"href":"https:\/\/lda.be\/fr\/wp-json\/wp\/v2\/product_tag?post=16901"}],"curies":[{"name":"wp","href":"https:\/\/api.w.org\/{rel}","templated":true}]}}