{"id":16929,"date":"2026-05-05T13:59:54","date_gmt":"2026-05-05T12:59:54","guid":{"rendered":"https:\/\/lda.be\/?post_type=product&#038;p=16929"},"modified":"2026-05-05T14:20:10","modified_gmt":"2026-05-05T13:20:10","slug":"apv-30-serie-vanne-a-bille-a-2-voies-pour-vapeur-1-2-2-52-520-bars","status":"publish","type":"product","link":"https:\/\/lda.be\/fr\/produit\/apv-30-serie-vanne-a-bille-a-2-voies-pour-vapeur-1-2-2-52-520-bars\/","title":{"rendered":"APV-30 S\u00e9rie vanne \u00e0 bille \u00e0 2 voies pour vapeur, 1\/2&#8243; &#8211; 2&#8243;, 52 &#8211; 520 bars"},"content":{"rendered":"<p>La s\u00e9rie APV-30 de Spartan Scientific comprend des vannes \u00e0 bille 2 voies actionn\u00e9es par air comprim\u00e9, disponibles en versions normalement ouverte (NO), normalement ferm\u00e9e (NC) et \u00e0 double effet. Ces vannes sont compactes et adapt\u00e9es \u00e0 une large gamme d&#8217;applications. Les vannes sont disponibles en tailles de DN15 \u00e0 DN50. Les joints en PTFE et les billes en laiton plaqu\u00e9 chrome ou en acier inoxydable 316 assurent une \u00e9tanch\u00e9it\u00e9 fiable et une longue dur\u00e9e de vie. Le corps est en laiton nickel\u00e9 ou en acier inoxydable 316.<\/p>\n","protected":false},"excerpt":{"rendered":"<p>La s\u00e9rie APV-30 de Spartan Scientific comprend des vannes \u00e0 bille 2 voies actionn\u00e9es par air comprim\u00e9, disponibles en versions normalement ouverte (NO), normalement ferm\u00e9e (NC) et \u00e0 double effet. Ces vannes sont compactes et adapt\u00e9es \u00e0 une large gamme d&#8217;applications. Les vannes sont disponibles en tailles de DN15 \u00e0 DN50. Les joints en PTFE [&hellip;]<\/p>\n","protected":false},"featured_media":16925,"comment_status":"closed","ping_status":"closed","template":"","meta":[],"product_brand":[],"product_cat":[906,908],"product_tag":[],"class_list":{"0":"post-16929","1":"product","2":"type-product","3":"status-publish","4":"has-post-thumbnail","6":"product_cat-vannes-haute-pression","7":"product_cat-vannes-pour-vapeur","9":"first","10":"instock","11":"shipping-taxable","12":"product-type-simple"},"yoast_head":"<!-- This site is optimized with the Yoast SEO plugin v27.5 - https:\/\/yoast.com\/product\/yoast-seo-wordpress\/ -->\n<title>APV-30 S\u00e9rie vanne \u00e0 bille \u00e0 2 voies pour vapeur, 1\/2&quot; - 2&quot;, 52 - 520 bars - LDA Belgique<\/title>\n<meta name=\"description\" content=\"Vannes s\u00e9rie APV-30 \u00e0 bille 2 voies actionn\u00e9es par air comprim\u00e9. Tailles DN15 \u00e0 DN50, pression jusqu\u2019\u00e0 520 bar, temp\u00e9rature jusqu\u2019\u00e0 +180\u00b0C, \u00e9tanch\u00e9it\u00e9 PTFE, laiton nickel\u00e9 ou acier inoxydable 316.\" \/>\n<meta name=\"robots\" content=\"index, follow, max-snippet:-1, max-image-preview:large, max-video-preview:-1\" \/>\n<link rel=\"canonical\" href=\"https:\/\/lda.be\/fr\/produit\/apv-30-serie-vanne-a-bille-a-2-voies-pour-vapeur-1-2-2-52-520-bars\/\" \/>\n<meta property=\"og:locale\" content=\"fr_FR\" \/>\n<meta property=\"og:type\" content=\"article\" \/>\n<meta property=\"og:title\" content=\"APV-30 S\u00e9rie vanne \u00e0 bille \u00e0 2 voies pour vapeur, 1\/2&quot; - 2&quot;, 52 - 520 bars - LDA Belgique\" \/>\n<meta property=\"og:description\" content=\"Vannes s\u00e9rie APV-30 \u00e0 bille 2 voies actionn\u00e9es par air comprim\u00e9. Tailles DN15 \u00e0 DN50, pression jusqu\u2019\u00e0 520 bar, temp\u00e9rature jusqu\u2019\u00e0 +180\u00b0C, \u00e9tanch\u00e9it\u00e9 PTFE, laiton nickel\u00e9 ou acier inoxydable 316.\" \/>\n<meta property=\"og:url\" content=\"https:\/\/lda.be\/fr\/produit\/apv-30-serie-vanne-a-bille-a-2-voies-pour-vapeur-1-2-2-52-520-bars\/\" \/>\n<meta property=\"og:site_name\" content=\"LDA Belgique\" \/>\n<meta property=\"article:modified_time\" content=\"2026-05-05T13:20:10+00:00\" \/>\n<meta property=\"og:image\" content=\"https:\/\/lda.be\/wp-content\/uploads\/2026\/05\/Series-APV-30-stoom-ventiel.webp\" \/>\n\t<meta property=\"og:image:width\" content=\"1080\" \/>\n\t<meta property=\"og:image:height\" content=\"1080\" \/>\n\t<meta property=\"og:image:type\" content=\"image\/webp\" \/>\n<meta name=\"twitter:card\" content=\"summary_large_image\" \/>\n<meta name=\"twitter:label1\" content=\"Dur\u00e9e de lecture estim\u00e9e\" \/>\n\t<meta name=\"twitter:data1\" content=\"1 minute\" \/>\n<script type=\"application\/ld+json\" class=\"yoast-schema-graph\">{\"@context\":\"https:\\\/\\\/schema.org\",\"@graph\":[{\"@type\":\"WebPage\",\"@id\":\"https:\\\/\\\/lda.be\\\/fr\\\/produit\\\/apv-30-serie-vanne-a-bille-a-2-voies-pour-vapeur-1-2-2-52-520-bars\\\/\",\"url\":\"https:\\\/\\\/lda.be\\\/fr\\\/produit\\\/apv-30-serie-vanne-a-bille-a-2-voies-pour-vapeur-1-2-2-52-520-bars\\\/\",\"name\":\"APV-30 S\u00e9rie vanne \u00e0 bille \u00e0 2 voies pour vapeur, 1\\\/2\\\" - 2\\\", 52 - 520 bars - LDA Belgique\",\"isPartOf\":{\"@id\":\"https:\\\/\\\/lda.be\\\/fr\\\/#website\"},\"primaryImageOfPage\":{\"@id\":\"https:\\\/\\\/lda.be\\\/fr\\\/produit\\\/apv-30-serie-vanne-a-bille-a-2-voies-pour-vapeur-1-2-2-52-520-bars\\\/#primaryimage\"},\"image\":{\"@id\":\"https:\\\/\\\/lda.be\\\/fr\\\/produit\\\/apv-30-serie-vanne-a-bille-a-2-voies-pour-vapeur-1-2-2-52-520-bars\\\/#primaryimage\"},\"thumbnailUrl\":\"https:\\\/\\\/lda.be\\\/wp-content\\\/uploads\\\/2026\\\/05\\\/Series-APV-30-stoom-ventiel.webp\",\"datePublished\":\"2026-05-05T12:59:54+00:00\",\"dateModified\":\"2026-05-05T13:20:10+00:00\",\"description\":\"Vannes s\u00e9rie APV-30 \u00e0 bille 2 voies actionn\u00e9es par air comprim\u00e9. Tailles DN15 \u00e0 DN50, pression jusqu\u2019\u00e0 520 bar, temp\u00e9rature jusqu\u2019\u00e0 +180\u00b0C, \u00e9tanch\u00e9it\u00e9 PTFE, laiton nickel\u00e9 ou acier inoxydable 316.\",\"breadcrumb\":{\"@id\":\"https:\\\/\\\/lda.be\\\/fr\\\/produit\\\/apv-30-serie-vanne-a-bille-a-2-voies-pour-vapeur-1-2-2-52-520-bars\\\/#breadcrumb\"},\"inLanguage\":\"fr-FR\",\"potentialAction\":[{\"@type\":\"ReadAction\",\"target\":[\"https:\\\/\\\/lda.be\\\/fr\\\/produit\\\/apv-30-serie-vanne-a-bille-a-2-voies-pour-vapeur-1-2-2-52-520-bars\\\/\"]}]},{\"@type\":\"ImageObject\",\"inLanguage\":\"fr-FR\",\"@id\":\"https:\\\/\\\/lda.be\\\/fr\\\/produit\\\/apv-30-serie-vanne-a-bille-a-2-voies-pour-vapeur-1-2-2-52-520-bars\\\/#primaryimage\",\"url\":\"https:\\\/\\\/lda.be\\\/wp-content\\\/uploads\\\/2026\\\/05\\\/Series-APV-30-stoom-ventiel.webp\",\"contentUrl\":\"https:\\\/\\\/lda.be\\\/wp-content\\\/uploads\\\/2026\\\/05\\\/Series-APV-30-stoom-ventiel.webp\",\"width\":1080,\"height\":1080,\"caption\":\"Series APV-30 stoom ventiel\"},{\"@type\":\"BreadcrumbList\",\"@id\":\"https:\\\/\\\/lda.be\\\/fr\\\/produit\\\/apv-30-serie-vanne-a-bille-a-2-voies-pour-vapeur-1-2-2-52-520-bars\\\/#breadcrumb\",\"itemListElement\":[{\"@type\":\"ListItem\",\"position\":1,\"name\":\"Accueil\",\"item\":\"https:\\\/\\\/lda.be\\\/fr\\\/\"},{\"@type\":\"ListItem\",\"position\":2,\"name\":\"Produits\",\"item\":\"https:\\\/\\\/lda.be\\\/fr\\\/produits\\\/\"},{\"@type\":\"ListItem\",\"position\":3,\"name\":\"APV-30 S\u00e9rie vanne \u00e0 bille \u00e0 2 voies pour vapeur, 1\\\/2&#8243; &#8211; 2&#8243;, 52 &#8211; 520 bars\"}]},{\"@type\":\"WebSite\",\"@id\":\"https:\\\/\\\/lda.be\\\/fr\\\/#website\",\"url\":\"https:\\\/\\\/lda.be\\\/fr\\\/\",\"name\":\"LDA Belgium\",\"description\":\"Solutions For Life\",\"publisher\":{\"@id\":\"https:\\\/\\\/lda.be\\\/fr\\\/#organization\"},\"potentialAction\":[{\"@type\":\"SearchAction\",\"target\":{\"@type\":\"EntryPoint\",\"urlTemplate\":\"https:\\\/\\\/lda.be\\\/fr\\\/?s={search_term_string}\"},\"query-input\":{\"@type\":\"PropertyValueSpecification\",\"valueRequired\":true,\"valueName\":\"search_term_string\"}}],\"inLanguage\":\"fr-FR\"},{\"@type\":\"Organization\",\"@id\":\"https:\\\/\\\/lda.be\\\/fr\\\/#organization\",\"name\":\"LDA Belgium\",\"url\":\"https:\\\/\\\/lda.be\\\/fr\\\/\",\"logo\":{\"@type\":\"ImageObject\",\"inLanguage\":\"fr-FR\",\"@id\":\"https:\\\/\\\/lda.be\\\/fr\\\/#\\\/schema\\\/logo\\\/image\\\/\",\"url\":\"https:\\\/\\\/lda.be\\\/wp-content\\\/uploads\\\/2022\\\/07\\\/Logo-LDA.webp\",\"contentUrl\":\"https:\\\/\\\/lda.be\\\/wp-content\\\/uploads\\\/2022\\\/07\\\/Logo-LDA.webp\",\"width\":311,\"height\":101,\"caption\":\"LDA Belgium\"},\"image\":{\"@id\":\"https:\\\/\\\/lda.be\\\/fr\\\/#\\\/schema\\\/logo\\\/image\\\/\"},\"sameAs\":[\"https:\\\/\\\/www.linkedin.com\\\/company\\\/lda-belgium-nv\"]}]}<\/script>\n<!-- \/ Yoast SEO plugin. -->","yoast_head_json":{"title":"APV-30 S\u00e9rie vanne \u00e0 bille \u00e0 2 voies pour vapeur, 1\/2\" - 2\", 52 - 520 bars - LDA Belgique","description":"Vannes s\u00e9rie APV-30 \u00e0 bille 2 voies actionn\u00e9es par air comprim\u00e9. Tailles DN15 \u00e0 DN50, pression jusqu\u2019\u00e0 520 bar, temp\u00e9rature jusqu\u2019\u00e0 +180\u00b0C, \u00e9tanch\u00e9it\u00e9 PTFE, laiton nickel\u00e9 ou acier inoxydable 316.","robots":{"index":"index","follow":"follow","max-snippet":"max-snippet:-1","max-image-preview":"max-image-preview:large","max-video-preview":"max-video-preview:-1"},"canonical":"https:\/\/lda.be\/fr\/produit\/apv-30-serie-vanne-a-bille-a-2-voies-pour-vapeur-1-2-2-52-520-bars\/","og_locale":"fr_FR","og_type":"article","og_title":"APV-30 S\u00e9rie vanne \u00e0 bille \u00e0 2 voies pour vapeur, 1\/2\" - 2\", 52 - 520 bars - LDA Belgique","og_description":"Vannes s\u00e9rie APV-30 \u00e0 bille 2 voies actionn\u00e9es par air comprim\u00e9. Tailles DN15 \u00e0 DN50, pression jusqu\u2019\u00e0 520 bar, temp\u00e9rature jusqu\u2019\u00e0 +180\u00b0C, \u00e9tanch\u00e9it\u00e9 PTFE, laiton nickel\u00e9 ou acier inoxydable 316.","og_url":"https:\/\/lda.be\/fr\/produit\/apv-30-serie-vanne-a-bille-a-2-voies-pour-vapeur-1-2-2-52-520-bars\/","og_site_name":"LDA Belgique","article_modified_time":"2026-05-05T13:20:10+00:00","og_image":[{"width":1080,"height":1080,"url":"https:\/\/lda.be\/wp-content\/uploads\/2026\/05\/Series-APV-30-stoom-ventiel.webp","type":"image\/webp"}],"twitter_card":"summary_large_image","twitter_misc":{"Dur\u00e9e de lecture estim\u00e9e":"1 minute"},"schema":{"@context":"https:\/\/schema.org","@graph":[{"@type":"WebPage","@id":"https:\/\/lda.be\/fr\/produit\/apv-30-serie-vanne-a-bille-a-2-voies-pour-vapeur-1-2-2-52-520-bars\/","url":"https:\/\/lda.be\/fr\/produit\/apv-30-serie-vanne-a-bille-a-2-voies-pour-vapeur-1-2-2-52-520-bars\/","name":"APV-30 S\u00e9rie vanne \u00e0 bille \u00e0 2 voies pour vapeur, 1\/2\" - 2\", 52 - 520 bars - LDA Belgique","isPartOf":{"@id":"https:\/\/lda.be\/fr\/#website"},"primaryImageOfPage":{"@id":"https:\/\/lda.be\/fr\/produit\/apv-30-serie-vanne-a-bille-a-2-voies-pour-vapeur-1-2-2-52-520-bars\/#primaryimage"},"image":{"@id":"https:\/\/lda.be\/fr\/produit\/apv-30-serie-vanne-a-bille-a-2-voies-pour-vapeur-1-2-2-52-520-bars\/#primaryimage"},"thumbnailUrl":"https:\/\/lda.be\/wp-content\/uploads\/2026\/05\/Series-APV-30-stoom-ventiel.webp","datePublished":"2026-05-05T12:59:54+00:00","dateModified":"2026-05-05T13:20:10+00:00","description":"Vannes s\u00e9rie APV-30 \u00e0 bille 2 voies actionn\u00e9es par air comprim\u00e9. Tailles DN15 \u00e0 DN50, pression jusqu\u2019\u00e0 520 bar, temp\u00e9rature jusqu\u2019\u00e0 +180\u00b0C, \u00e9tanch\u00e9it\u00e9 PTFE, laiton nickel\u00e9 ou acier inoxydable 316.","breadcrumb":{"@id":"https:\/\/lda.be\/fr\/produit\/apv-30-serie-vanne-a-bille-a-2-voies-pour-vapeur-1-2-2-52-520-bars\/#breadcrumb"},"inLanguage":"fr-FR","potentialAction":[{"@type":"ReadAction","target":["https:\/\/lda.be\/fr\/produit\/apv-30-serie-vanne-a-bille-a-2-voies-pour-vapeur-1-2-2-52-520-bars\/"]}]},{"@type":"ImageObject","inLanguage":"fr-FR","@id":"https:\/\/lda.be\/fr\/produit\/apv-30-serie-vanne-a-bille-a-2-voies-pour-vapeur-1-2-2-52-520-bars\/#primaryimage","url":"https:\/\/lda.be\/wp-content\/uploads\/2026\/05\/Series-APV-30-stoom-ventiel.webp","contentUrl":"https:\/\/lda.be\/wp-content\/uploads\/2026\/05\/Series-APV-30-stoom-ventiel.webp","width":1080,"height":1080,"caption":"Series APV-30 stoom ventiel"},{"@type":"BreadcrumbList","@id":"https:\/\/lda.be\/fr\/produit\/apv-30-serie-vanne-a-bille-a-2-voies-pour-vapeur-1-2-2-52-520-bars\/#breadcrumb","itemListElement":[{"@type":"ListItem","position":1,"name":"Accueil","item":"https:\/\/lda.be\/fr\/"},{"@type":"ListItem","position":2,"name":"Produits","item":"https:\/\/lda.be\/fr\/produits\/"},{"@type":"ListItem","position":3,"name":"APV-30 S\u00e9rie vanne \u00e0 bille \u00e0 2 voies pour vapeur, 1\/2&#8243; &#8211; 2&#8243;, 52 &#8211; 520 bars"}]},{"@type":"WebSite","@id":"https:\/\/lda.be\/fr\/#website","url":"https:\/\/lda.be\/fr\/","name":"LDA Belgium","description":"Solutions For Life","publisher":{"@id":"https:\/\/lda.be\/fr\/#organization"},"potentialAction":[{"@type":"SearchAction","target":{"@type":"EntryPoint","urlTemplate":"https:\/\/lda.be\/fr\/?s={search_term_string}"},"query-input":{"@type":"PropertyValueSpecification","valueRequired":true,"valueName":"search_term_string"}}],"inLanguage":"fr-FR"},{"@type":"Organization","@id":"https:\/\/lda.be\/fr\/#organization","name":"LDA Belgium","url":"https:\/\/lda.be\/fr\/","logo":{"@type":"ImageObject","inLanguage":"fr-FR","@id":"https:\/\/lda.be\/fr\/#\/schema\/logo\/image\/","url":"https:\/\/lda.be\/wp-content\/uploads\/2022\/07\/Logo-LDA.webp","contentUrl":"https:\/\/lda.be\/wp-content\/uploads\/2022\/07\/Logo-LDA.webp","width":311,"height":101,"caption":"LDA Belgium"},"image":{"@id":"https:\/\/lda.be\/fr\/#\/schema\/logo\/image\/"},"sameAs":["https:\/\/www.linkedin.com\/company\/lda-belgium-nv"]}]}},"_links":{"self":[{"href":"https:\/\/lda.be\/fr\/wp-json\/wp\/v2\/product\/16929","targetHints":{"allow":["GET"]}}],"collection":[{"href":"https:\/\/lda.be\/fr\/wp-json\/wp\/v2\/product"}],"about":[{"href":"https:\/\/lda.be\/fr\/wp-json\/wp\/v2\/types\/product"}],"replies":[{"embeddable":true,"href":"https:\/\/lda.be\/fr\/wp-json\/wp\/v2\/comments?post=16929"}],"wp:featuredmedia":[{"embeddable":true,"href":"https:\/\/lda.be\/fr\/wp-json\/wp\/v2\/media\/16925"}],"wp:attachment":[{"href":"https:\/\/lda.be\/fr\/wp-json\/wp\/v2\/media?parent=16929"}],"wp:term":[{"taxonomy":"product_brand","embeddable":true,"href":"https:\/\/lda.be\/fr\/wp-json\/wp\/v2\/product_brand?post=16929"},{"taxonomy":"product_cat","embeddable":true,"href":"https:\/\/lda.be\/fr\/wp-json\/wp\/v2\/product_cat?post=16929"},{"taxonomy":"product_tag","embeddable":true,"href":"https:\/\/lda.be\/fr\/wp-json\/wp\/v2\/product_tag?post=16929"}],"curies":[{"name":"wp","href":"https:\/\/api.w.org\/{rel}","templated":true}]}}