{"id":16942,"date":"2026-05-05T15:04:18","date_gmt":"2026-05-05T14:04:18","guid":{"rendered":"https:\/\/lda.be\/?post_type=product&#038;p=16942"},"modified":"2026-05-05T15:09:41","modified_gmt":"2026-05-05T14:09:41","slug":"serie-apv-23-vannes-de-vapeur-a-2-voies-dn15-dn50-0-15-bars","status":"publish","type":"product","link":"https:\/\/lda.be\/fr\/produit\/serie-apv-23-vannes-de-vapeur-a-2-voies-dn15-dn50-0-15-bars\/","title":{"rendered":"S\u00e9rie APV-23 : vannes de vapeur \u00e0 2 voies, DN15 &#8211; DN50, 0 &#8211; 15 bars"},"content":{"rendered":"<p>La s\u00e9rie APV-23 de Spartan Scientific comprend des vannes \u00e0 passage direct 2 voies actionn\u00e9es par air comprim\u00e9, sp\u00e9cialement con\u00e7ues pour le contr\u00f4le de l&#8217;air, de l&#8217;huile ou de la vapeur. Ces vannes utilisent un joint sp\u00e9cial Teflon Chevron\u00ae qui assure la s\u00e9paration entre le milieu et la section pilote. Dans la version \u00e0 action simple normalement ferm\u00e9e, la s\u00e9rie APV-23 utilise un actionneur pneumatique \u00e0 ressort connect\u00e9 \u00e0 un disque d&#8217;\u00e9tanch\u00e9it\u00e9. Lorsque la pression pilote est supprim\u00e9e, le si\u00e8ge revient \u00e0 l&#8217;orifice et le flux s&#8217;arr\u00eate. Les vannes sont \u00e9quip\u00e9es d&#8217;un indicateur ON-OFF sur l&#8217;actionneur pneumatique et conviennent aux liquides \u00e0 haute temp\u00e9rature compatibles avec les mat\u00e9riaux de construction. Le corps est standard en acier inoxydable s\u00e9rie 300.<\/p>\n","protected":false},"excerpt":{"rendered":"<p>La s\u00e9rie APV-23 de Spartan Scientific comprend des vannes \u00e0 passage direct 2 voies actionn\u00e9es par air comprim\u00e9, sp\u00e9cialement con\u00e7ues pour le contr\u00f4le de l&#8217;air, de l&#8217;huile ou de la vapeur. Ces vannes utilisent un joint sp\u00e9cial Teflon Chevron\u00ae qui assure la s\u00e9paration entre le milieu et la section pilote. Dans la version \u00e0 action [&hellip;]<\/p>\n","protected":false},"featured_media":16936,"comment_status":"closed","ping_status":"closed","template":"","meta":[],"product_brand":[],"product_cat":[906,908],"product_tag":[],"class_list":{"0":"post-16942","1":"product","2":"type-product","3":"status-publish","4":"has-post-thumbnail","6":"product_cat-vannes-haute-pression","7":"product_cat-vannes-pour-vapeur","9":"first","10":"instock","11":"shipping-taxable","12":"product-type-simple"},"yoast_head":"<!-- This site is optimized with the Yoast SEO plugin v27.5 - https:\/\/yoast.com\/product\/yoast-seo-wordpress\/ -->\n<title>S\u00e9rie APV-23 : vannes de vapeur \u00e0 2 voies, DN15 - DN50, 0 - 15 bars - LDA Belgique<\/title>\n<meta name=\"description\" content=\"Vannes s\u00e9rie APV-23 \u00e0 passage direct 2 voies pour vapeur, air et huile. Tailles DN15 \u00e0 DN50, pression jusqu\u2019\u00e0 15 bar, corps en acier inoxydable 300, \u00e9tanch\u00e9it\u00e9 PTFE.\" \/>\n<meta name=\"robots\" content=\"index, follow, max-snippet:-1, max-image-preview:large, max-video-preview:-1\" \/>\n<link rel=\"canonical\" href=\"https:\/\/lda.be\/fr\/produit\/serie-apv-23-vannes-de-vapeur-a-2-voies-dn15-dn50-0-15-bars\/\" \/>\n<meta property=\"og:locale\" content=\"fr_FR\" \/>\n<meta property=\"og:type\" content=\"article\" \/>\n<meta property=\"og:title\" content=\"S\u00e9rie APV-23 : vannes de vapeur \u00e0 2 voies, DN15 - DN50, 0 - 15 bars - LDA Belgique\" \/>\n<meta property=\"og:description\" content=\"Vannes s\u00e9rie APV-23 \u00e0 passage direct 2 voies pour vapeur, air et huile. Tailles DN15 \u00e0 DN50, pression jusqu\u2019\u00e0 15 bar, corps en acier inoxydable 300, \u00e9tanch\u00e9it\u00e9 PTFE.\" \/>\n<meta property=\"og:url\" content=\"https:\/\/lda.be\/fr\/produit\/serie-apv-23-vannes-de-vapeur-a-2-voies-dn15-dn50-0-15-bars\/\" \/>\n<meta property=\"og:site_name\" content=\"LDA Belgique\" \/>\n<meta property=\"article:modified_time\" content=\"2026-05-05T14:09:41+00:00\" \/>\n<meta property=\"og:image\" content=\"https:\/\/lda.be\/wp-content\/uploads\/2026\/05\/APV-23-steam-valve.webp\" \/>\n\t<meta property=\"og:image:width\" content=\"1080\" \/>\n\t<meta property=\"og:image:height\" content=\"1080\" \/>\n\t<meta property=\"og:image:type\" content=\"image\/webp\" \/>\n<meta name=\"twitter:card\" content=\"summary_large_image\" \/>\n<meta name=\"twitter:label1\" content=\"Dur\u00e9e de lecture estim\u00e9e\" \/>\n\t<meta name=\"twitter:data1\" content=\"1 minute\" \/>\n<script type=\"application\/ld+json\" class=\"yoast-schema-graph\">{\"@context\":\"https:\\\/\\\/schema.org\",\"@graph\":[{\"@type\":\"WebPage\",\"@id\":\"https:\\\/\\\/lda.be\\\/fr\\\/produit\\\/serie-apv-23-vannes-de-vapeur-a-2-voies-dn15-dn50-0-15-bars\\\/\",\"url\":\"https:\\\/\\\/lda.be\\\/fr\\\/produit\\\/serie-apv-23-vannes-de-vapeur-a-2-voies-dn15-dn50-0-15-bars\\\/\",\"name\":\"S\u00e9rie APV-23 : vannes de vapeur \u00e0 2 voies, DN15 - DN50, 0 - 15 bars - LDA Belgique\",\"isPartOf\":{\"@id\":\"https:\\\/\\\/lda.be\\\/fr\\\/#website\"},\"primaryImageOfPage\":{\"@id\":\"https:\\\/\\\/lda.be\\\/fr\\\/produit\\\/serie-apv-23-vannes-de-vapeur-a-2-voies-dn15-dn50-0-15-bars\\\/#primaryimage\"},\"image\":{\"@id\":\"https:\\\/\\\/lda.be\\\/fr\\\/produit\\\/serie-apv-23-vannes-de-vapeur-a-2-voies-dn15-dn50-0-15-bars\\\/#primaryimage\"},\"thumbnailUrl\":\"https:\\\/\\\/lda.be\\\/wp-content\\\/uploads\\\/2026\\\/05\\\/APV-23-steam-valve.webp\",\"datePublished\":\"2026-05-05T14:04:18+00:00\",\"dateModified\":\"2026-05-05T14:09:41+00:00\",\"description\":\"Vannes s\u00e9rie APV-23 \u00e0 passage direct 2 voies pour vapeur, air et huile. Tailles DN15 \u00e0 DN50, pression jusqu\u2019\u00e0 15 bar, corps en acier inoxydable 300, \u00e9tanch\u00e9it\u00e9 PTFE.\",\"breadcrumb\":{\"@id\":\"https:\\\/\\\/lda.be\\\/fr\\\/produit\\\/serie-apv-23-vannes-de-vapeur-a-2-voies-dn15-dn50-0-15-bars\\\/#breadcrumb\"},\"inLanguage\":\"fr-FR\",\"potentialAction\":[{\"@type\":\"ReadAction\",\"target\":[\"https:\\\/\\\/lda.be\\\/fr\\\/produit\\\/serie-apv-23-vannes-de-vapeur-a-2-voies-dn15-dn50-0-15-bars\\\/\"]}]},{\"@type\":\"ImageObject\",\"inLanguage\":\"fr-FR\",\"@id\":\"https:\\\/\\\/lda.be\\\/fr\\\/produit\\\/serie-apv-23-vannes-de-vapeur-a-2-voies-dn15-dn50-0-15-bars\\\/#primaryimage\",\"url\":\"https:\\\/\\\/lda.be\\\/wp-content\\\/uploads\\\/2026\\\/05\\\/APV-23-steam-valve.webp\",\"contentUrl\":\"https:\\\/\\\/lda.be\\\/wp-content\\\/uploads\\\/2026\\\/05\\\/APV-23-steam-valve.webp\",\"width\":1080,\"height\":1080,\"caption\":\"APV-23 steam valve\"},{\"@type\":\"BreadcrumbList\",\"@id\":\"https:\\\/\\\/lda.be\\\/fr\\\/produit\\\/serie-apv-23-vannes-de-vapeur-a-2-voies-dn15-dn50-0-15-bars\\\/#breadcrumb\",\"itemListElement\":[{\"@type\":\"ListItem\",\"position\":1,\"name\":\"Accueil\",\"item\":\"https:\\\/\\\/lda.be\\\/fr\\\/\"},{\"@type\":\"ListItem\",\"position\":2,\"name\":\"Produits\",\"item\":\"https:\\\/\\\/lda.be\\\/fr\\\/produits\\\/\"},{\"@type\":\"ListItem\",\"position\":3,\"name\":\"S\u00e9rie APV-23 : vannes de vapeur \u00e0 2 voies, DN15 &#8211; DN50, 0 &#8211; 15 bars\"}]},{\"@type\":\"WebSite\",\"@id\":\"https:\\\/\\\/lda.be\\\/fr\\\/#website\",\"url\":\"https:\\\/\\\/lda.be\\\/fr\\\/\",\"name\":\"LDA Belgium\",\"description\":\"Solutions For Life\",\"publisher\":{\"@id\":\"https:\\\/\\\/lda.be\\\/fr\\\/#organization\"},\"potentialAction\":[{\"@type\":\"SearchAction\",\"target\":{\"@type\":\"EntryPoint\",\"urlTemplate\":\"https:\\\/\\\/lda.be\\\/fr\\\/?s={search_term_string}\"},\"query-input\":{\"@type\":\"PropertyValueSpecification\",\"valueRequired\":true,\"valueName\":\"search_term_string\"}}],\"inLanguage\":\"fr-FR\"},{\"@type\":\"Organization\",\"@id\":\"https:\\\/\\\/lda.be\\\/fr\\\/#organization\",\"name\":\"LDA Belgium\",\"url\":\"https:\\\/\\\/lda.be\\\/fr\\\/\",\"logo\":{\"@type\":\"ImageObject\",\"inLanguage\":\"fr-FR\",\"@id\":\"https:\\\/\\\/lda.be\\\/fr\\\/#\\\/schema\\\/logo\\\/image\\\/\",\"url\":\"https:\\\/\\\/lda.be\\\/wp-content\\\/uploads\\\/2022\\\/07\\\/Logo-LDA.webp\",\"contentUrl\":\"https:\\\/\\\/lda.be\\\/wp-content\\\/uploads\\\/2022\\\/07\\\/Logo-LDA.webp\",\"width\":311,\"height\":101,\"caption\":\"LDA Belgium\"},\"image\":{\"@id\":\"https:\\\/\\\/lda.be\\\/fr\\\/#\\\/schema\\\/logo\\\/image\\\/\"},\"sameAs\":[\"https:\\\/\\\/www.linkedin.com\\\/company\\\/lda-belgium-nv\"]}]}<\/script>\n<!-- \/ Yoast SEO plugin. -->","yoast_head_json":{"title":"S\u00e9rie APV-23 : vannes de vapeur \u00e0 2 voies, DN15 - DN50, 0 - 15 bars - LDA Belgique","description":"Vannes s\u00e9rie APV-23 \u00e0 passage direct 2 voies pour vapeur, air et huile. Tailles DN15 \u00e0 DN50, pression jusqu\u2019\u00e0 15 bar, corps en acier inoxydable 300, \u00e9tanch\u00e9it\u00e9 PTFE.","robots":{"index":"index","follow":"follow","max-snippet":"max-snippet:-1","max-image-preview":"max-image-preview:large","max-video-preview":"max-video-preview:-1"},"canonical":"https:\/\/lda.be\/fr\/produit\/serie-apv-23-vannes-de-vapeur-a-2-voies-dn15-dn50-0-15-bars\/","og_locale":"fr_FR","og_type":"article","og_title":"S\u00e9rie APV-23 : vannes de vapeur \u00e0 2 voies, DN15 - DN50, 0 - 15 bars - LDA Belgique","og_description":"Vannes s\u00e9rie APV-23 \u00e0 passage direct 2 voies pour vapeur, air et huile. Tailles DN15 \u00e0 DN50, pression jusqu\u2019\u00e0 15 bar, corps en acier inoxydable 300, \u00e9tanch\u00e9it\u00e9 PTFE.","og_url":"https:\/\/lda.be\/fr\/produit\/serie-apv-23-vannes-de-vapeur-a-2-voies-dn15-dn50-0-15-bars\/","og_site_name":"LDA Belgique","article_modified_time":"2026-05-05T14:09:41+00:00","og_image":[{"width":1080,"height":1080,"url":"https:\/\/lda.be\/wp-content\/uploads\/2026\/05\/APV-23-steam-valve.webp","type":"image\/webp"}],"twitter_card":"summary_large_image","twitter_misc":{"Dur\u00e9e de lecture estim\u00e9e":"1 minute"},"schema":{"@context":"https:\/\/schema.org","@graph":[{"@type":"WebPage","@id":"https:\/\/lda.be\/fr\/produit\/serie-apv-23-vannes-de-vapeur-a-2-voies-dn15-dn50-0-15-bars\/","url":"https:\/\/lda.be\/fr\/produit\/serie-apv-23-vannes-de-vapeur-a-2-voies-dn15-dn50-0-15-bars\/","name":"S\u00e9rie APV-23 : vannes de vapeur \u00e0 2 voies, DN15 - DN50, 0 - 15 bars - LDA Belgique","isPartOf":{"@id":"https:\/\/lda.be\/fr\/#website"},"primaryImageOfPage":{"@id":"https:\/\/lda.be\/fr\/produit\/serie-apv-23-vannes-de-vapeur-a-2-voies-dn15-dn50-0-15-bars\/#primaryimage"},"image":{"@id":"https:\/\/lda.be\/fr\/produit\/serie-apv-23-vannes-de-vapeur-a-2-voies-dn15-dn50-0-15-bars\/#primaryimage"},"thumbnailUrl":"https:\/\/lda.be\/wp-content\/uploads\/2026\/05\/APV-23-steam-valve.webp","datePublished":"2026-05-05T14:04:18+00:00","dateModified":"2026-05-05T14:09:41+00:00","description":"Vannes s\u00e9rie APV-23 \u00e0 passage direct 2 voies pour vapeur, air et huile. Tailles DN15 \u00e0 DN50, pression jusqu\u2019\u00e0 15 bar, corps en acier inoxydable 300, \u00e9tanch\u00e9it\u00e9 PTFE.","breadcrumb":{"@id":"https:\/\/lda.be\/fr\/produit\/serie-apv-23-vannes-de-vapeur-a-2-voies-dn15-dn50-0-15-bars\/#breadcrumb"},"inLanguage":"fr-FR","potentialAction":[{"@type":"ReadAction","target":["https:\/\/lda.be\/fr\/produit\/serie-apv-23-vannes-de-vapeur-a-2-voies-dn15-dn50-0-15-bars\/"]}]},{"@type":"ImageObject","inLanguage":"fr-FR","@id":"https:\/\/lda.be\/fr\/produit\/serie-apv-23-vannes-de-vapeur-a-2-voies-dn15-dn50-0-15-bars\/#primaryimage","url":"https:\/\/lda.be\/wp-content\/uploads\/2026\/05\/APV-23-steam-valve.webp","contentUrl":"https:\/\/lda.be\/wp-content\/uploads\/2026\/05\/APV-23-steam-valve.webp","width":1080,"height":1080,"caption":"APV-23 steam valve"},{"@type":"BreadcrumbList","@id":"https:\/\/lda.be\/fr\/produit\/serie-apv-23-vannes-de-vapeur-a-2-voies-dn15-dn50-0-15-bars\/#breadcrumb","itemListElement":[{"@type":"ListItem","position":1,"name":"Accueil","item":"https:\/\/lda.be\/fr\/"},{"@type":"ListItem","position":2,"name":"Produits","item":"https:\/\/lda.be\/fr\/produits\/"},{"@type":"ListItem","position":3,"name":"S\u00e9rie APV-23 : vannes de vapeur \u00e0 2 voies, DN15 &#8211; DN50, 0 &#8211; 15 bars"}]},{"@type":"WebSite","@id":"https:\/\/lda.be\/fr\/#website","url":"https:\/\/lda.be\/fr\/","name":"LDA Belgium","description":"Solutions For Life","publisher":{"@id":"https:\/\/lda.be\/fr\/#organization"},"potentialAction":[{"@type":"SearchAction","target":{"@type":"EntryPoint","urlTemplate":"https:\/\/lda.be\/fr\/?s={search_term_string}"},"query-input":{"@type":"PropertyValueSpecification","valueRequired":true,"valueName":"search_term_string"}}],"inLanguage":"fr-FR"},{"@type":"Organization","@id":"https:\/\/lda.be\/fr\/#organization","name":"LDA Belgium","url":"https:\/\/lda.be\/fr\/","logo":{"@type":"ImageObject","inLanguage":"fr-FR","@id":"https:\/\/lda.be\/fr\/#\/schema\/logo\/image\/","url":"https:\/\/lda.be\/wp-content\/uploads\/2022\/07\/Logo-LDA.webp","contentUrl":"https:\/\/lda.be\/wp-content\/uploads\/2022\/07\/Logo-LDA.webp","width":311,"height":101,"caption":"LDA Belgium"},"image":{"@id":"https:\/\/lda.be\/fr\/#\/schema\/logo\/image\/"},"sameAs":["https:\/\/www.linkedin.com\/company\/lda-belgium-nv"]}]}},"_links":{"self":[{"href":"https:\/\/lda.be\/fr\/wp-json\/wp\/v2\/product\/16942","targetHints":{"allow":["GET"]}}],"collection":[{"href":"https:\/\/lda.be\/fr\/wp-json\/wp\/v2\/product"}],"about":[{"href":"https:\/\/lda.be\/fr\/wp-json\/wp\/v2\/types\/product"}],"replies":[{"embeddable":true,"href":"https:\/\/lda.be\/fr\/wp-json\/wp\/v2\/comments?post=16942"}],"wp:featuredmedia":[{"embeddable":true,"href":"https:\/\/lda.be\/fr\/wp-json\/wp\/v2\/media\/16936"}],"wp:attachment":[{"href":"https:\/\/lda.be\/fr\/wp-json\/wp\/v2\/media?parent=16942"}],"wp:term":[{"taxonomy":"product_brand","embeddable":true,"href":"https:\/\/lda.be\/fr\/wp-json\/wp\/v2\/product_brand?post=16942"},{"taxonomy":"product_cat","embeddable":true,"href":"https:\/\/lda.be\/fr\/wp-json\/wp\/v2\/product_cat?post=16942"},{"taxonomy":"product_tag","embeddable":true,"href":"https:\/\/lda.be\/fr\/wp-json\/wp\/v2\/product_tag?post=16942"}],"curies":[{"name":"wp","href":"https:\/\/api.w.org\/{rel}","templated":true}]}}