{"id":16956,"date":"2026-05-06T14:49:41","date_gmt":"2026-05-06T13:49:41","guid":{"rendered":"https:\/\/lda.be\/?post_type=product&#038;p=16956"},"modified":"2026-05-06T15:33:05","modified_gmt":"2026-05-06T14:33:05","slug":"22-4r-serie-vannes-a-bride-a-commande-pneumatique-dn15-dn100-0-40-bar","status":"publish","type":"product","link":"https:\/\/lda.be\/fr\/produit\/22-4r-serie-vannes-a-bride-a-commande-pneumatique-dn15-dn100-0-40-bar\/","title":{"rendered":"22-4R S\u00e9rie vannes \u00e0 bride \u00e0 commande pneumatique, DN15 &#8211; DN100, 0-40 bar"},"content":{"rendered":"<p>La s\u00e9rie 22-4R comprend des vannes de dosage proportionnelles 2\/2 voies, actionn\u00e9es par pression avec un positionneur \u00e9lectro-pneumatique pour des applications de dosage. Ces vannes sont id\u00e9ales pour le contr\u00f4le continu du d\u00e9bit de milieu, m\u00eame \u00e0 des temp\u00e9ratures \u00e9lev\u00e9es, et offrent une haute pr\u00e9cision de dosage et une haute pr\u00e9cision de contr\u00f4le. Les vannes conviennent aux milieux gazeux et liquides et disposent de trois options de r\u00e9glage de s\u00e9curit\u00e9 : ouvert, ferm\u00e9 ou maintien de position.<\/p>\n","protected":false},"excerpt":{"rendered":"<p>La s\u00e9rie 22-4R comprend des vannes de dosage proportionnelles 2\/2 voies, actionn\u00e9es par pression avec un positionneur \u00e9lectro-pneumatique pour des applications de dosage. Ces vannes sont id\u00e9ales pour le contr\u00f4le continu du d\u00e9bit de milieu, m\u00eame \u00e0 des temp\u00e9ratures \u00e9lev\u00e9es, et offrent une haute pr\u00e9cision de dosage et une haute pr\u00e9cision de contr\u00f4le. Les vannes [&hellip;]<\/p>\n","protected":false},"featured_media":16954,"comment_status":"closed","ping_status":"closed","template":"","meta":[],"product_brand":[],"product_cat":[894],"product_tag":[],"class_list":{"0":"post-16956","1":"product","2":"type-product","3":"status-publish","4":"has-post-thumbnail","6":"product_cat-vannes-de-commande-pour-lindustrie-process","8":"first","9":"instock","10":"shipping-taxable","11":"product-type-simple"},"yoast_head":"<!-- This site is optimized with the Yoast SEO plugin v27.5 - https:\/\/yoast.com\/product\/yoast-seo-wordpress\/ -->\n<title>22-4R S\u00e9rie vannes \u00e0 bride \u00e0 commande pneumatique, DN15 - DN100, 0-40 bar - LDA Belgique<\/title>\n<meta name=\"description\" content=\"22-4R series flanged valves with proportional actuator for gas and liquid. Pressure range 0-40 bar, temperature -40\u00b0C to +200\u00b0C.\" \/>\n<meta name=\"robots\" content=\"index, follow, max-snippet:-1, max-image-preview:large, max-video-preview:-1\" \/>\n<link rel=\"canonical\" href=\"https:\/\/lda.be\/fr\/produit\/22-4r-serie-vannes-a-bride-a-commande-pneumatique-dn15-dn100-0-40-bar\/\" \/>\n<meta property=\"og:locale\" content=\"fr_FR\" \/>\n<meta property=\"og:type\" content=\"article\" \/>\n<meta property=\"og:title\" content=\"22-4R S\u00e9rie vannes \u00e0 bride \u00e0 commande pneumatique, DN15 - DN100, 0-40 bar - LDA Belgique\" \/>\n<meta property=\"og:description\" content=\"22-4R series flanged valves with proportional actuator for gas and liquid. Pressure range 0-40 bar, temperature -40\u00b0C to +200\u00b0C.\" \/>\n<meta property=\"og:url\" content=\"https:\/\/lda.be\/fr\/produit\/22-4r-serie-vannes-a-bride-a-commande-pneumatique-dn15-dn100-0-40-bar\/\" \/>\n<meta property=\"og:site_name\" content=\"LDA Belgique\" \/>\n<meta property=\"article:modified_time\" content=\"2026-05-06T14:33:05+00:00\" \/>\n<meta property=\"og:image\" content=\"https:\/\/lda.be\/wp-content\/uploads\/2026\/05\/22-4R-flanged-valve.webp\" \/>\n\t<meta property=\"og:image:width\" content=\"1080\" \/>\n\t<meta property=\"og:image:height\" content=\"1080\" \/>\n\t<meta property=\"og:image:type\" content=\"image\/webp\" \/>\n<meta name=\"twitter:card\" content=\"summary_large_image\" \/>\n<meta name=\"twitter:label1\" content=\"Dur\u00e9e de lecture estim\u00e9e\" \/>\n\t<meta name=\"twitter:data1\" content=\"1 minute\" \/>\n<script type=\"application\/ld+json\" class=\"yoast-schema-graph\">{\"@context\":\"https:\\\/\\\/schema.org\",\"@graph\":[{\"@type\":\"WebPage\",\"@id\":\"https:\\\/\\\/lda.be\\\/fr\\\/produit\\\/22-4r-serie-vannes-a-bride-a-commande-pneumatique-dn15-dn100-0-40-bar\\\/\",\"url\":\"https:\\\/\\\/lda.be\\\/fr\\\/produit\\\/22-4r-serie-vannes-a-bride-a-commande-pneumatique-dn15-dn100-0-40-bar\\\/\",\"name\":\"22-4R S\u00e9rie vannes \u00e0 bride \u00e0 commande pneumatique, DN15 - DN100, 0-40 bar - LDA Belgique\",\"isPartOf\":{\"@id\":\"https:\\\/\\\/lda.be\\\/fr\\\/#website\"},\"primaryImageOfPage\":{\"@id\":\"https:\\\/\\\/lda.be\\\/fr\\\/produit\\\/22-4r-serie-vannes-a-bride-a-commande-pneumatique-dn15-dn100-0-40-bar\\\/#primaryimage\"},\"image\":{\"@id\":\"https:\\\/\\\/lda.be\\\/fr\\\/produit\\\/22-4r-serie-vannes-a-bride-a-commande-pneumatique-dn15-dn100-0-40-bar\\\/#primaryimage\"},\"thumbnailUrl\":\"https:\\\/\\\/lda.be\\\/wp-content\\\/uploads\\\/2026\\\/05\\\/22-4R-flanged-valve.webp\",\"datePublished\":\"2026-05-06T13:49:41+00:00\",\"dateModified\":\"2026-05-06T14:33:05+00:00\",\"description\":\"22-4R series flanged valves with proportional actuator for gas and liquid. Pressure range 0-40 bar, temperature -40\u00b0C to +200\u00b0C.\",\"breadcrumb\":{\"@id\":\"https:\\\/\\\/lda.be\\\/fr\\\/produit\\\/22-4r-serie-vannes-a-bride-a-commande-pneumatique-dn15-dn100-0-40-bar\\\/#breadcrumb\"},\"inLanguage\":\"fr-FR\",\"potentialAction\":[{\"@type\":\"ReadAction\",\"target\":[\"https:\\\/\\\/lda.be\\\/fr\\\/produit\\\/22-4r-serie-vannes-a-bride-a-commande-pneumatique-dn15-dn100-0-40-bar\\\/\"]}]},{\"@type\":\"ImageObject\",\"inLanguage\":\"fr-FR\",\"@id\":\"https:\\\/\\\/lda.be\\\/fr\\\/produit\\\/22-4r-serie-vannes-a-bride-a-commande-pneumatique-dn15-dn100-0-40-bar\\\/#primaryimage\",\"url\":\"https:\\\/\\\/lda.be\\\/wp-content\\\/uploads\\\/2026\\\/05\\\/22-4R-flanged-valve.webp\",\"contentUrl\":\"https:\\\/\\\/lda.be\\\/wp-content\\\/uploads\\\/2026\\\/05\\\/22-4R-flanged-valve.webp\",\"width\":1080,\"height\":1080,\"caption\":\"22-4R flanged stuurventielen\"},{\"@type\":\"BreadcrumbList\",\"@id\":\"https:\\\/\\\/lda.be\\\/fr\\\/produit\\\/22-4r-serie-vannes-a-bride-a-commande-pneumatique-dn15-dn100-0-40-bar\\\/#breadcrumb\",\"itemListElement\":[{\"@type\":\"ListItem\",\"position\":1,\"name\":\"Accueil\",\"item\":\"https:\\\/\\\/lda.be\\\/fr\\\/\"},{\"@type\":\"ListItem\",\"position\":2,\"name\":\"Produits\",\"item\":\"https:\\\/\\\/lda.be\\\/fr\\\/produits\\\/\"},{\"@type\":\"ListItem\",\"position\":3,\"name\":\"22-4R S\u00e9rie vannes \u00e0 bride \u00e0 commande pneumatique, DN15 &#8211; DN100, 0-40 bar\"}]},{\"@type\":\"WebSite\",\"@id\":\"https:\\\/\\\/lda.be\\\/fr\\\/#website\",\"url\":\"https:\\\/\\\/lda.be\\\/fr\\\/\",\"name\":\"LDA Belgium\",\"description\":\"Solutions For Life\",\"publisher\":{\"@id\":\"https:\\\/\\\/lda.be\\\/fr\\\/#organization\"},\"potentialAction\":[{\"@type\":\"SearchAction\",\"target\":{\"@type\":\"EntryPoint\",\"urlTemplate\":\"https:\\\/\\\/lda.be\\\/fr\\\/?s={search_term_string}\"},\"query-input\":{\"@type\":\"PropertyValueSpecification\",\"valueRequired\":true,\"valueName\":\"search_term_string\"}}],\"inLanguage\":\"fr-FR\"},{\"@type\":\"Organization\",\"@id\":\"https:\\\/\\\/lda.be\\\/fr\\\/#organization\",\"name\":\"LDA Belgium\",\"url\":\"https:\\\/\\\/lda.be\\\/fr\\\/\",\"logo\":{\"@type\":\"ImageObject\",\"inLanguage\":\"fr-FR\",\"@id\":\"https:\\\/\\\/lda.be\\\/fr\\\/#\\\/schema\\\/logo\\\/image\\\/\",\"url\":\"https:\\\/\\\/lda.be\\\/wp-content\\\/uploads\\\/2022\\\/07\\\/Logo-LDA.webp\",\"contentUrl\":\"https:\\\/\\\/lda.be\\\/wp-content\\\/uploads\\\/2022\\\/07\\\/Logo-LDA.webp\",\"width\":311,\"height\":101,\"caption\":\"LDA Belgium\"},\"image\":{\"@id\":\"https:\\\/\\\/lda.be\\\/fr\\\/#\\\/schema\\\/logo\\\/image\\\/\"},\"sameAs\":[\"https:\\\/\\\/www.linkedin.com\\\/company\\\/lda-belgium-nv\"]}]}<\/script>\n<!-- \/ Yoast SEO plugin. -->","yoast_head_json":{"title":"22-4R S\u00e9rie vannes \u00e0 bride \u00e0 commande pneumatique, DN15 - DN100, 0-40 bar - LDA Belgique","description":"22-4R series flanged valves with proportional actuator for gas and liquid. Pressure range 0-40 bar, temperature -40\u00b0C to +200\u00b0C.","robots":{"index":"index","follow":"follow","max-snippet":"max-snippet:-1","max-image-preview":"max-image-preview:large","max-video-preview":"max-video-preview:-1"},"canonical":"https:\/\/lda.be\/fr\/produit\/22-4r-serie-vannes-a-bride-a-commande-pneumatique-dn15-dn100-0-40-bar\/","og_locale":"fr_FR","og_type":"article","og_title":"22-4R S\u00e9rie vannes \u00e0 bride \u00e0 commande pneumatique, DN15 - DN100, 0-40 bar - LDA Belgique","og_description":"22-4R series flanged valves with proportional actuator for gas and liquid. Pressure range 0-40 bar, temperature -40\u00b0C to +200\u00b0C.","og_url":"https:\/\/lda.be\/fr\/produit\/22-4r-serie-vannes-a-bride-a-commande-pneumatique-dn15-dn100-0-40-bar\/","og_site_name":"LDA Belgique","article_modified_time":"2026-05-06T14:33:05+00:00","og_image":[{"width":1080,"height":1080,"url":"https:\/\/lda.be\/wp-content\/uploads\/2026\/05\/22-4R-flanged-valve.webp","type":"image\/webp"}],"twitter_card":"summary_large_image","twitter_misc":{"Dur\u00e9e de lecture estim\u00e9e":"1 minute"},"schema":{"@context":"https:\/\/schema.org","@graph":[{"@type":"WebPage","@id":"https:\/\/lda.be\/fr\/produit\/22-4r-serie-vannes-a-bride-a-commande-pneumatique-dn15-dn100-0-40-bar\/","url":"https:\/\/lda.be\/fr\/produit\/22-4r-serie-vannes-a-bride-a-commande-pneumatique-dn15-dn100-0-40-bar\/","name":"22-4R S\u00e9rie vannes \u00e0 bride \u00e0 commande pneumatique, DN15 - DN100, 0-40 bar - LDA Belgique","isPartOf":{"@id":"https:\/\/lda.be\/fr\/#website"},"primaryImageOfPage":{"@id":"https:\/\/lda.be\/fr\/produit\/22-4r-serie-vannes-a-bride-a-commande-pneumatique-dn15-dn100-0-40-bar\/#primaryimage"},"image":{"@id":"https:\/\/lda.be\/fr\/produit\/22-4r-serie-vannes-a-bride-a-commande-pneumatique-dn15-dn100-0-40-bar\/#primaryimage"},"thumbnailUrl":"https:\/\/lda.be\/wp-content\/uploads\/2026\/05\/22-4R-flanged-valve.webp","datePublished":"2026-05-06T13:49:41+00:00","dateModified":"2026-05-06T14:33:05+00:00","description":"22-4R series flanged valves with proportional actuator for gas and liquid. Pressure range 0-40 bar, temperature -40\u00b0C to +200\u00b0C.","breadcrumb":{"@id":"https:\/\/lda.be\/fr\/produit\/22-4r-serie-vannes-a-bride-a-commande-pneumatique-dn15-dn100-0-40-bar\/#breadcrumb"},"inLanguage":"fr-FR","potentialAction":[{"@type":"ReadAction","target":["https:\/\/lda.be\/fr\/produit\/22-4r-serie-vannes-a-bride-a-commande-pneumatique-dn15-dn100-0-40-bar\/"]}]},{"@type":"ImageObject","inLanguage":"fr-FR","@id":"https:\/\/lda.be\/fr\/produit\/22-4r-serie-vannes-a-bride-a-commande-pneumatique-dn15-dn100-0-40-bar\/#primaryimage","url":"https:\/\/lda.be\/wp-content\/uploads\/2026\/05\/22-4R-flanged-valve.webp","contentUrl":"https:\/\/lda.be\/wp-content\/uploads\/2026\/05\/22-4R-flanged-valve.webp","width":1080,"height":1080,"caption":"22-4R flanged stuurventielen"},{"@type":"BreadcrumbList","@id":"https:\/\/lda.be\/fr\/produit\/22-4r-serie-vannes-a-bride-a-commande-pneumatique-dn15-dn100-0-40-bar\/#breadcrumb","itemListElement":[{"@type":"ListItem","position":1,"name":"Accueil","item":"https:\/\/lda.be\/fr\/"},{"@type":"ListItem","position":2,"name":"Produits","item":"https:\/\/lda.be\/fr\/produits\/"},{"@type":"ListItem","position":3,"name":"22-4R S\u00e9rie vannes \u00e0 bride \u00e0 commande pneumatique, DN15 &#8211; DN100, 0-40 bar"}]},{"@type":"WebSite","@id":"https:\/\/lda.be\/fr\/#website","url":"https:\/\/lda.be\/fr\/","name":"LDA Belgium","description":"Solutions For Life","publisher":{"@id":"https:\/\/lda.be\/fr\/#organization"},"potentialAction":[{"@type":"SearchAction","target":{"@type":"EntryPoint","urlTemplate":"https:\/\/lda.be\/fr\/?s={search_term_string}"},"query-input":{"@type":"PropertyValueSpecification","valueRequired":true,"valueName":"search_term_string"}}],"inLanguage":"fr-FR"},{"@type":"Organization","@id":"https:\/\/lda.be\/fr\/#organization","name":"LDA Belgium","url":"https:\/\/lda.be\/fr\/","logo":{"@type":"ImageObject","inLanguage":"fr-FR","@id":"https:\/\/lda.be\/fr\/#\/schema\/logo\/image\/","url":"https:\/\/lda.be\/wp-content\/uploads\/2022\/07\/Logo-LDA.webp","contentUrl":"https:\/\/lda.be\/wp-content\/uploads\/2022\/07\/Logo-LDA.webp","width":311,"height":101,"caption":"LDA Belgium"},"image":{"@id":"https:\/\/lda.be\/fr\/#\/schema\/logo\/image\/"},"sameAs":["https:\/\/www.linkedin.com\/company\/lda-belgium-nv"]}]}},"_links":{"self":[{"href":"https:\/\/lda.be\/fr\/wp-json\/wp\/v2\/product\/16956","targetHints":{"allow":["GET"]}}],"collection":[{"href":"https:\/\/lda.be\/fr\/wp-json\/wp\/v2\/product"}],"about":[{"href":"https:\/\/lda.be\/fr\/wp-json\/wp\/v2\/types\/product"}],"replies":[{"embeddable":true,"href":"https:\/\/lda.be\/fr\/wp-json\/wp\/v2\/comments?post=16956"}],"wp:featuredmedia":[{"embeddable":true,"href":"https:\/\/lda.be\/fr\/wp-json\/wp\/v2\/media\/16954"}],"wp:attachment":[{"href":"https:\/\/lda.be\/fr\/wp-json\/wp\/v2\/media?parent=16956"}],"wp:term":[{"taxonomy":"product_brand","embeddable":true,"href":"https:\/\/lda.be\/fr\/wp-json\/wp\/v2\/product_brand?post=16956"},{"taxonomy":"product_cat","embeddable":true,"href":"https:\/\/lda.be\/fr\/wp-json\/wp\/v2\/product_cat?post=16956"},{"taxonomy":"product_tag","embeddable":true,"href":"https:\/\/lda.be\/fr\/wp-json\/wp\/v2\/product_tag?post=16956"}],"curies":[{"name":"wp","href":"https:\/\/api.w.org\/{rel}","templated":true}]}}