{"id":17116,"date":"2026-05-12T13:28:12","date_gmt":"2026-05-12T12:28:12","guid":{"rendered":"https:\/\/lda.be\/?post_type=product&#038;p=17116"},"modified":"2026-05-12T13:43:49","modified_gmt":"2026-05-12T12:43:49","slug":"catalogue-dautomatisation-industrielle","status":"publish","type":"product","link":"https:\/\/lda.be\/fr\/produit\/catalogue-dautomatisation-industrielle\/","title":{"rendered":"Catalogue d&#8217;automatisation industrielle"},"content":{"rendered":"<p>L&#8217;automatisation industrielle est une solution \u00e0 laquelle de plus en plus d&#8217;entreprises ont recours pour les t\u00e2ches r\u00e9p\u00e9titives qui ne n\u00e9cessitent plus de main-d&#8217;\u0153uvre. Elle s&#8217;adresse \u00e9galement aux entreprises qui souhaitent moderniser ou innover leurs processus en \u00e9quipant leurs machines de syst\u00e8mes de mise \u00e0 niveau. L&#8217;objectif est d&#8217;optimiser la production afin de r\u00e9duire les co\u00fbts et d&#8217;augmenter l&#8217;efficacit\u00e9, et ce, au moindre co\u00fbt. LDA se fera un plaisir de vous aider \u00e0 choisir la solution d&#8217;automatisation industrielle la mieux adapt\u00e9e. Gr\u00e2ce \u00e0 un large choix de composants, LDA propose des solutions \u00e9lectriques et pneumatiques. Pensez par exemple aux cobots ou aux robots qui d\u00e9placent automatiquement vos cartons. Chez LDA, nous proposons des syst\u00e8mes personnalis\u00e9s qui fonctionnent dans diff\u00e9rents secteurs, allant de la technologie de stockage en vrac et d&#8217;emballage aux machines de tri. Les syst\u00e8mes \u00e0 portique constituent un \u00e9l\u00e9ment important de l&#8217;automatisation industrielle. Ces robots lin\u00e9aires assurent des d\u00e9placements pr\u00e9cis et rapides de produits, de pi\u00e8ces ou d&#8217;outils au sein d&#8217;un processus de production. Les solutions \u00e0 portique sont souvent utilis\u00e9es pour les applications de pick-and-place, la palettisation, la manutention et le chargement automatique des machines. LDA accompagne les entreprises dans la conception et l&#8217;int\u00e9gration de syst\u00e8mes \u00e0 portique sur mesure, tant pour les nouvelles installations que pour la modernisation de machines existantes. En combinant des guidages lin\u00e9aires, des entra\u00eenements et des composants d&#8217;automatisation, nous vous proposons une solution performante et rentable qui s&#8217;adapte parfaitement \u00e0 votre processus.<\/p>\n","protected":false},"excerpt":{"rendered":"<p>L&#8217;automatisation industrielle est une solution \u00e0 laquelle de plus en plus d&#8217;entreprises ont recours pour les t\u00e2ches r\u00e9p\u00e9titives qui ne n\u00e9cessitent plus de main-d&#8217;\u0153uvre. Elle s&#8217;adresse \u00e9galement aux entreprises qui souhaitent moderniser ou innover leurs processus en \u00e9quipant leurs machines de syst\u00e8mes de mise \u00e0 niveau. L&#8217;objectif est d&#8217;optimiser la production afin de r\u00e9duire les [&hellip;]<\/p>\n","protected":false},"featured_media":17105,"comment_status":"closed","ping_status":"closed","template":"","meta":[],"product_brand":[],"product_cat":[960],"product_tag":[],"class_list":{"0":"post-17116","1":"product","2":"type-product","3":"status-publish","4":"has-post-thumbnail","6":"product_cat-catalogues-lda-pdf","8":"first","9":"instock","10":"shipping-taxable","11":"product-type-simple"},"yoast_head":"<!-- This site is optimized with the Yoast SEO plugin v27.5 - https:\/\/yoast.com\/product\/yoast-seo-wordpress\/ -->\n<title>Catalogue d&#039;automatisation industrielle - LDA Belgique<\/title>\n<meta name=\"description\" content=\"Le catalogue LDA consacr\u00e9 \u00e0 l&#039;automatisation industrielle pr\u00e9sente les composants que nous proposons en Belgique. Consultez notre catalogue pour d\u00e9couvrir des processus innovants\" \/>\n<meta name=\"robots\" content=\"index, follow, max-snippet:-1, max-image-preview:large, max-video-preview:-1\" \/>\n<link rel=\"canonical\" href=\"https:\/\/lda.be\/fr\/produit\/catalogue-dautomatisation-industrielle\/\" \/>\n<meta property=\"og:locale\" content=\"fr_FR\" \/>\n<meta property=\"og:type\" content=\"article\" \/>\n<meta property=\"og:title\" content=\"Catalogue d&#039;automatisation industrielle - LDA Belgique\" \/>\n<meta property=\"og:description\" content=\"Le catalogue LDA consacr\u00e9 \u00e0 l&#039;automatisation industrielle pr\u00e9sente les composants que nous proposons en Belgique. Consultez notre catalogue pour d\u00e9couvrir des processus innovants\" \/>\n<meta property=\"og:url\" content=\"https:\/\/lda.be\/fr\/produit\/catalogue-dautomatisation-industrielle\/\" \/>\n<meta property=\"og:site_name\" content=\"LDA Belgique\" \/>\n<meta property=\"article:modified_time\" content=\"2026-05-12T12:43:49+00:00\" \/>\n<meta property=\"og:image\" content=\"https:\/\/lda.be\/wp-content\/uploads\/2026\/05\/NL-industriele-automatisering-categorie.webp\" \/>\n\t<meta property=\"og:image:width\" content=\"720\" \/>\n\t<meta property=\"og:image:height\" content=\"720\" \/>\n\t<meta property=\"og:image:type\" content=\"image\/webp\" \/>\n<meta name=\"twitter:card\" content=\"summary_large_image\" \/>\n<meta name=\"twitter:label1\" content=\"Dur\u00e9e de lecture estim\u00e9e\" \/>\n\t<meta name=\"twitter:data1\" content=\"2 minutes\" \/>\n<script type=\"application\/ld+json\" class=\"yoast-schema-graph\">{\"@context\":\"https:\\\/\\\/schema.org\",\"@graph\":[{\"@type\":\"WebPage\",\"@id\":\"https:\\\/\\\/lda.be\\\/fr\\\/produit\\\/catalogue-dautomatisation-industrielle\\\/\",\"url\":\"https:\\\/\\\/lda.be\\\/fr\\\/produit\\\/catalogue-dautomatisation-industrielle\\\/\",\"name\":\"Catalogue d'automatisation industrielle - LDA Belgique\",\"isPartOf\":{\"@id\":\"https:\\\/\\\/lda.be\\\/fr\\\/#website\"},\"primaryImageOfPage\":{\"@id\":\"https:\\\/\\\/lda.be\\\/fr\\\/produit\\\/catalogue-dautomatisation-industrielle\\\/#primaryimage\"},\"image\":{\"@id\":\"https:\\\/\\\/lda.be\\\/fr\\\/produit\\\/catalogue-dautomatisation-industrielle\\\/#primaryimage\"},\"thumbnailUrl\":\"https:\\\/\\\/lda.be\\\/wp-content\\\/uploads\\\/2026\\\/05\\\/FR-automatisation-industrielle-catgeory-1.webp\",\"datePublished\":\"2026-05-12T12:28:12+00:00\",\"dateModified\":\"2026-05-12T12:43:49+00:00\",\"description\":\"Le catalogue LDA consacr\u00e9 \u00e0 l'automatisation industrielle pr\u00e9sente les composants que nous proposons en Belgique. Consultez notre catalogue pour d\u00e9couvrir des processus innovants\",\"breadcrumb\":{\"@id\":\"https:\\\/\\\/lda.be\\\/fr\\\/produit\\\/catalogue-dautomatisation-industrielle\\\/#breadcrumb\"},\"inLanguage\":\"fr-FR\",\"potentialAction\":[{\"@type\":\"ReadAction\",\"target\":[\"https:\\\/\\\/lda.be\\\/fr\\\/produit\\\/catalogue-dautomatisation-industrielle\\\/\"]}]},{\"@type\":\"ImageObject\",\"inLanguage\":\"fr-FR\",\"@id\":\"https:\\\/\\\/lda.be\\\/fr\\\/produit\\\/catalogue-dautomatisation-industrielle\\\/#primaryimage\",\"url\":\"https:\\\/\\\/lda.be\\\/wp-content\\\/uploads\\\/2026\\\/05\\\/FR-automatisation-industrielle-catgeory-1.webp\",\"contentUrl\":\"https:\\\/\\\/lda.be\\\/wp-content\\\/uploads\\\/2026\\\/05\\\/FR-automatisation-industrielle-catgeory-1.webp\",\"width\":720,\"height\":720,\"caption\":\"NL industri\u00eble automatisering categorie\"},{\"@type\":\"BreadcrumbList\",\"@id\":\"https:\\\/\\\/lda.be\\\/fr\\\/produit\\\/catalogue-dautomatisation-industrielle\\\/#breadcrumb\",\"itemListElement\":[{\"@type\":\"ListItem\",\"position\":1,\"name\":\"Accueil\",\"item\":\"https:\\\/\\\/lda.be\\\/fr\\\/\"},{\"@type\":\"ListItem\",\"position\":2,\"name\":\"Produits\",\"item\":\"https:\\\/\\\/lda.be\\\/fr\\\/produits\\\/\"},{\"@type\":\"ListItem\",\"position\":3,\"name\":\"Catalogue d&#8217;automatisation industrielle\"}]},{\"@type\":\"WebSite\",\"@id\":\"https:\\\/\\\/lda.be\\\/fr\\\/#website\",\"url\":\"https:\\\/\\\/lda.be\\\/fr\\\/\",\"name\":\"LDA Belgium\",\"description\":\"Solutions For Life\",\"publisher\":{\"@id\":\"https:\\\/\\\/lda.be\\\/fr\\\/#organization\"},\"potentialAction\":[{\"@type\":\"SearchAction\",\"target\":{\"@type\":\"EntryPoint\",\"urlTemplate\":\"https:\\\/\\\/lda.be\\\/fr\\\/?s={search_term_string}\"},\"query-input\":{\"@type\":\"PropertyValueSpecification\",\"valueRequired\":true,\"valueName\":\"search_term_string\"}}],\"inLanguage\":\"fr-FR\"},{\"@type\":\"Organization\",\"@id\":\"https:\\\/\\\/lda.be\\\/fr\\\/#organization\",\"name\":\"LDA Belgium\",\"url\":\"https:\\\/\\\/lda.be\\\/fr\\\/\",\"logo\":{\"@type\":\"ImageObject\",\"inLanguage\":\"fr-FR\",\"@id\":\"https:\\\/\\\/lda.be\\\/fr\\\/#\\\/schema\\\/logo\\\/image\\\/\",\"url\":\"https:\\\/\\\/lda.be\\\/wp-content\\\/uploads\\\/2022\\\/07\\\/Logo-LDA.webp\",\"contentUrl\":\"https:\\\/\\\/lda.be\\\/wp-content\\\/uploads\\\/2022\\\/07\\\/Logo-LDA.webp\",\"width\":311,\"height\":101,\"caption\":\"LDA Belgium\"},\"image\":{\"@id\":\"https:\\\/\\\/lda.be\\\/fr\\\/#\\\/schema\\\/logo\\\/image\\\/\"},\"sameAs\":[\"https:\\\/\\\/www.linkedin.com\\\/company\\\/lda-belgium-nv\"]}]}<\/script>\n<!-- \/ Yoast SEO plugin. -->","yoast_head_json":{"title":"Catalogue d'automatisation industrielle - LDA Belgique","description":"Le catalogue LDA consacr\u00e9 \u00e0 l'automatisation industrielle pr\u00e9sente les composants que nous proposons en Belgique. Consultez notre catalogue pour d\u00e9couvrir des processus innovants","robots":{"index":"index","follow":"follow","max-snippet":"max-snippet:-1","max-image-preview":"max-image-preview:large","max-video-preview":"max-video-preview:-1"},"canonical":"https:\/\/lda.be\/fr\/produit\/catalogue-dautomatisation-industrielle\/","og_locale":"fr_FR","og_type":"article","og_title":"Catalogue d'automatisation industrielle - LDA Belgique","og_description":"Le catalogue LDA consacr\u00e9 \u00e0 l'automatisation industrielle pr\u00e9sente les composants que nous proposons en Belgique. Consultez notre catalogue pour d\u00e9couvrir des processus innovants","og_url":"https:\/\/lda.be\/fr\/produit\/catalogue-dautomatisation-industrielle\/","og_site_name":"LDA Belgique","article_modified_time":"2026-05-12T12:43:49+00:00","og_image":[{"width":720,"height":720,"url":"https:\/\/lda.be\/wp-content\/uploads\/2026\/05\/NL-industriele-automatisering-categorie.webp","type":"image\/webp"}],"twitter_card":"summary_large_image","twitter_misc":{"Dur\u00e9e de lecture estim\u00e9e":"2 minutes"},"schema":{"@context":"https:\/\/schema.org","@graph":[{"@type":"WebPage","@id":"https:\/\/lda.be\/fr\/produit\/catalogue-dautomatisation-industrielle\/","url":"https:\/\/lda.be\/fr\/produit\/catalogue-dautomatisation-industrielle\/","name":"Catalogue d'automatisation industrielle - LDA Belgique","isPartOf":{"@id":"https:\/\/lda.be\/fr\/#website"},"primaryImageOfPage":{"@id":"https:\/\/lda.be\/fr\/produit\/catalogue-dautomatisation-industrielle\/#primaryimage"},"image":{"@id":"https:\/\/lda.be\/fr\/produit\/catalogue-dautomatisation-industrielle\/#primaryimage"},"thumbnailUrl":"https:\/\/lda.be\/wp-content\/uploads\/2026\/05\/FR-automatisation-industrielle-catgeory-1.webp","datePublished":"2026-05-12T12:28:12+00:00","dateModified":"2026-05-12T12:43:49+00:00","description":"Le catalogue LDA consacr\u00e9 \u00e0 l'automatisation industrielle pr\u00e9sente les composants que nous proposons en Belgique. Consultez notre catalogue pour d\u00e9couvrir des processus innovants","breadcrumb":{"@id":"https:\/\/lda.be\/fr\/produit\/catalogue-dautomatisation-industrielle\/#breadcrumb"},"inLanguage":"fr-FR","potentialAction":[{"@type":"ReadAction","target":["https:\/\/lda.be\/fr\/produit\/catalogue-dautomatisation-industrielle\/"]}]},{"@type":"ImageObject","inLanguage":"fr-FR","@id":"https:\/\/lda.be\/fr\/produit\/catalogue-dautomatisation-industrielle\/#primaryimage","url":"https:\/\/lda.be\/wp-content\/uploads\/2026\/05\/FR-automatisation-industrielle-catgeory-1.webp","contentUrl":"https:\/\/lda.be\/wp-content\/uploads\/2026\/05\/FR-automatisation-industrielle-catgeory-1.webp","width":720,"height":720,"caption":"NL industri\u00eble automatisering categorie"},{"@type":"BreadcrumbList","@id":"https:\/\/lda.be\/fr\/produit\/catalogue-dautomatisation-industrielle\/#breadcrumb","itemListElement":[{"@type":"ListItem","position":1,"name":"Accueil","item":"https:\/\/lda.be\/fr\/"},{"@type":"ListItem","position":2,"name":"Produits","item":"https:\/\/lda.be\/fr\/produits\/"},{"@type":"ListItem","position":3,"name":"Catalogue d&#8217;automatisation industrielle"}]},{"@type":"WebSite","@id":"https:\/\/lda.be\/fr\/#website","url":"https:\/\/lda.be\/fr\/","name":"LDA Belgium","description":"Solutions For Life","publisher":{"@id":"https:\/\/lda.be\/fr\/#organization"},"potentialAction":[{"@type":"SearchAction","target":{"@type":"EntryPoint","urlTemplate":"https:\/\/lda.be\/fr\/?s={search_term_string}"},"query-input":{"@type":"PropertyValueSpecification","valueRequired":true,"valueName":"search_term_string"}}],"inLanguage":"fr-FR"},{"@type":"Organization","@id":"https:\/\/lda.be\/fr\/#organization","name":"LDA Belgium","url":"https:\/\/lda.be\/fr\/","logo":{"@type":"ImageObject","inLanguage":"fr-FR","@id":"https:\/\/lda.be\/fr\/#\/schema\/logo\/image\/","url":"https:\/\/lda.be\/wp-content\/uploads\/2022\/07\/Logo-LDA.webp","contentUrl":"https:\/\/lda.be\/wp-content\/uploads\/2022\/07\/Logo-LDA.webp","width":311,"height":101,"caption":"LDA Belgium"},"image":{"@id":"https:\/\/lda.be\/fr\/#\/schema\/logo\/image\/"},"sameAs":["https:\/\/www.linkedin.com\/company\/lda-belgium-nv"]}]}},"_links":{"self":[{"href":"https:\/\/lda.be\/fr\/wp-json\/wp\/v2\/product\/17116","targetHints":{"allow":["GET"]}}],"collection":[{"href":"https:\/\/lda.be\/fr\/wp-json\/wp\/v2\/product"}],"about":[{"href":"https:\/\/lda.be\/fr\/wp-json\/wp\/v2\/types\/product"}],"replies":[{"embeddable":true,"href":"https:\/\/lda.be\/fr\/wp-json\/wp\/v2\/comments?post=17116"}],"wp:featuredmedia":[{"embeddable":true,"href":"https:\/\/lda.be\/fr\/wp-json\/wp\/v2\/media\/17105"}],"wp:attachment":[{"href":"https:\/\/lda.be\/fr\/wp-json\/wp\/v2\/media?parent=17116"}],"wp:term":[{"taxonomy":"product_brand","embeddable":true,"href":"https:\/\/lda.be\/fr\/wp-json\/wp\/v2\/product_brand?post=17116"},{"taxonomy":"product_cat","embeddable":true,"href":"https:\/\/lda.be\/fr\/wp-json\/wp\/v2\/product_cat?post=17116"},{"taxonomy":"product_tag","embeddable":true,"href":"https:\/\/lda.be\/fr\/wp-json\/wp\/v2\/product_tag?post=17116"}],"curies":[{"name":"wp","href":"https:\/\/api.w.org\/{rel}","templated":true}]}}