{"id":17129,"date":"2026-05-12T15:26:01","date_gmt":"2026-05-12T14:26:01","guid":{"rendered":"https:\/\/lda.be\/?post_type=product&#038;p=17129"},"modified":"2026-05-12T15:40:33","modified_gmt":"2026-05-12T14:40:33","slug":"serie-6222-vanne-haute-pression-a-2-ou-3-voies-1-8-3-8","status":"publish","type":"product","link":"https:\/\/lda.be\/fr\/produit\/serie-6222-vanne-haute-pression-a-2-ou-3-voies-1-8-3-8\/","title":{"rendered":"S\u00e9rie 6222 Vanne haute pression \u00e0 2 ou 3 voies, 1\/8&#8243; &#8211; 3\/8&#8243;"},"content":{"rendered":"<p>La s\u00e9rie 6222 de Spartan Scientific comprend des \u00e9lectrovannes \u00e0 action directe 2 et 3 voies, con\u00e7ues pour le contr\u00f4le de l&#8217;air, des produits caustiques, des gaz inertes, de l&#8217;huile et de l&#8217;eau. Ces vannes pr\u00e9sentent un design robuste avec un piston d&#8217;arr\u00eat et un ensemble de tube en acier inoxydable, ainsi que des si\u00e8ges sup\u00e9rieurs compens\u00e9s par ressort, install\u00e9s dans un corps en laiton forg\u00e9 \u00e0 faible teneur en plomb avec des ports standard 1\/8&#8243;, 1\/4&#8243; et 3\/8&#8243; NPT. Les vannes sont disponibles avec des tailles d&#8217;orifice de 0.8 mm \u00e0 6.0 mm et peuvent g\u00e9rer une large gamme de d\u00e9bits et de pressions.<\/p>\n","protected":false},"excerpt":{"rendered":"<p>La s\u00e9rie 6222 de Spartan Scientific comprend des \u00e9lectrovannes \u00e0 action directe 2 et 3 voies, con\u00e7ues pour le contr\u00f4le de l&#8217;air, des produits caustiques, des gaz inertes, de l&#8217;huile et de l&#8217;eau. Ces vannes pr\u00e9sentent un design robuste avec un piston d&#8217;arr\u00eat et un ensemble de tube en acier inoxydable, ainsi que des si\u00e8ges [&hellip;]<\/p>\n","protected":false},"featured_media":17127,"comment_status":"closed","ping_status":"closed","template":"","meta":[],"product_brand":[],"product_cat":[906],"product_tag":[],"class_list":{"0":"post-17129","1":"product","2":"type-product","3":"status-publish","4":"has-post-thumbnail","6":"product_cat-vannes-haute-pression","8":"first","9":"instock","10":"shipping-taxable","11":"product-type-simple"},"yoast_head":"<!-- This site is optimized with the Yoast SEO plugin v27.5 - https:\/\/yoast.com\/product\/yoast-seo-wordpress\/ -->\n<title>S\u00e9rie 6222 Vanne haute pression \u00e0 2 ou 3 voies, 1\/8&quot; - 3\/8&quot; - LDA Belgique<\/title>\n<meta name=\"description\" content=\"\u00c9lectrovannes s\u00e9rie 6222 \u00e0 action directe pour air, gaz, huile et eau. Raccordements 1\/8&quot; \u00e0 3\/8&quot; NPT, pression jusqu\u2019\u00e0 525 psi, temp\u00e9rature jusqu\u2019\u00e0 +90\u00b0C.\" \/>\n<meta name=\"robots\" content=\"index, follow, max-snippet:-1, max-image-preview:large, max-video-preview:-1\" \/>\n<link rel=\"canonical\" href=\"https:\/\/lda.be\/fr\/produit\/serie-6222-vanne-haute-pression-a-2-ou-3-voies-1-8-3-8\/\" \/>\n<meta property=\"og:locale\" content=\"fr_FR\" \/>\n<meta property=\"og:type\" content=\"article\" \/>\n<meta property=\"og:title\" content=\"S\u00e9rie 6222 Vanne haute pression \u00e0 2 ou 3 voies, 1\/8&quot; - 3\/8&quot; - LDA Belgique\" \/>\n<meta property=\"og:description\" content=\"\u00c9lectrovannes s\u00e9rie 6222 \u00e0 action directe pour air, gaz, huile et eau. Raccordements 1\/8&quot; \u00e0 3\/8&quot; NPT, pression jusqu\u2019\u00e0 525 psi, temp\u00e9rature jusqu\u2019\u00e0 +90\u00b0C.\" \/>\n<meta property=\"og:url\" content=\"https:\/\/lda.be\/fr\/produit\/serie-6222-vanne-haute-pression-a-2-ou-3-voies-1-8-3-8\/\" \/>\n<meta property=\"og:site_name\" content=\"LDA Belgique\" \/>\n<meta property=\"article:modified_time\" content=\"2026-05-12T14:40:33+00:00\" \/>\n<meta property=\"og:image\" content=\"https:\/\/lda.be\/wp-content\/uploads\/2026\/05\/Series-6222.webp\" \/>\n\t<meta property=\"og:image:width\" content=\"1080\" \/>\n\t<meta property=\"og:image:height\" content=\"1080\" \/>\n\t<meta property=\"og:image:type\" content=\"image\/webp\" \/>\n<meta name=\"twitter:card\" content=\"summary_large_image\" \/>\n<meta name=\"twitter:label1\" content=\"Dur\u00e9e de lecture estim\u00e9e\" \/>\n\t<meta name=\"twitter:data1\" content=\"1 minute\" \/>\n<script type=\"application\/ld+json\" class=\"yoast-schema-graph\">{\"@context\":\"https:\\\/\\\/schema.org\",\"@graph\":[{\"@type\":\"WebPage\",\"@id\":\"https:\\\/\\\/lda.be\\\/fr\\\/produit\\\/serie-6222-vanne-haute-pression-a-2-ou-3-voies-1-8-3-8\\\/\",\"url\":\"https:\\\/\\\/lda.be\\\/fr\\\/produit\\\/serie-6222-vanne-haute-pression-a-2-ou-3-voies-1-8-3-8\\\/\",\"name\":\"S\u00e9rie 6222 Vanne haute pression \u00e0 2 ou 3 voies, 1\\\/8\\\" - 3\\\/8\\\" - LDA Belgique\",\"isPartOf\":{\"@id\":\"https:\\\/\\\/lda.be\\\/fr\\\/#website\"},\"primaryImageOfPage\":{\"@id\":\"https:\\\/\\\/lda.be\\\/fr\\\/produit\\\/serie-6222-vanne-haute-pression-a-2-ou-3-voies-1-8-3-8\\\/#primaryimage\"},\"image\":{\"@id\":\"https:\\\/\\\/lda.be\\\/fr\\\/produit\\\/serie-6222-vanne-haute-pression-a-2-ou-3-voies-1-8-3-8\\\/#primaryimage\"},\"thumbnailUrl\":\"https:\\\/\\\/lda.be\\\/wp-content\\\/uploads\\\/2026\\\/05\\\/Series-6222.webp\",\"datePublished\":\"2026-05-12T14:26:01+00:00\",\"dateModified\":\"2026-05-12T14:40:33+00:00\",\"description\":\"\u00c9lectrovannes s\u00e9rie 6222 \u00e0 action directe pour air, gaz, huile et eau. Raccordements 1\\\/8\\\" \u00e0 3\\\/8\\\" NPT, pression jusqu\u2019\u00e0 525 psi, temp\u00e9rature jusqu\u2019\u00e0 +90\u00b0C.\",\"breadcrumb\":{\"@id\":\"https:\\\/\\\/lda.be\\\/fr\\\/produit\\\/serie-6222-vanne-haute-pression-a-2-ou-3-voies-1-8-3-8\\\/#breadcrumb\"},\"inLanguage\":\"fr-FR\",\"potentialAction\":[{\"@type\":\"ReadAction\",\"target\":[\"https:\\\/\\\/lda.be\\\/fr\\\/produit\\\/serie-6222-vanne-haute-pression-a-2-ou-3-voies-1-8-3-8\\\/\"]}]},{\"@type\":\"ImageObject\",\"inLanguage\":\"fr-FR\",\"@id\":\"https:\\\/\\\/lda.be\\\/fr\\\/produit\\\/serie-6222-vanne-haute-pression-a-2-ou-3-voies-1-8-3-8\\\/#primaryimage\",\"url\":\"https:\\\/\\\/lda.be\\\/wp-content\\\/uploads\\\/2026\\\/05\\\/Series-6222.webp\",\"contentUrl\":\"https:\\\/\\\/lda.be\\\/wp-content\\\/uploads\\\/2026\\\/05\\\/Series-6222.webp\",\"width\":1080,\"height\":1080,\"caption\":\"Hoge druk ventiel voor vloeistof\"},{\"@type\":\"BreadcrumbList\",\"@id\":\"https:\\\/\\\/lda.be\\\/fr\\\/produit\\\/serie-6222-vanne-haute-pression-a-2-ou-3-voies-1-8-3-8\\\/#breadcrumb\",\"itemListElement\":[{\"@type\":\"ListItem\",\"position\":1,\"name\":\"Accueil\",\"item\":\"https:\\\/\\\/lda.be\\\/fr\\\/\"},{\"@type\":\"ListItem\",\"position\":2,\"name\":\"Produits\",\"item\":\"https:\\\/\\\/lda.be\\\/fr\\\/produits\\\/\"},{\"@type\":\"ListItem\",\"position\":3,\"name\":\"S\u00e9rie 6222 Vanne haute pression \u00e0 2 ou 3 voies, 1\\\/8&#8243; &#8211; 3\\\/8&#8243;\"}]},{\"@type\":\"WebSite\",\"@id\":\"https:\\\/\\\/lda.be\\\/fr\\\/#website\",\"url\":\"https:\\\/\\\/lda.be\\\/fr\\\/\",\"name\":\"LDA Belgium\",\"description\":\"Solutions For Life\",\"publisher\":{\"@id\":\"https:\\\/\\\/lda.be\\\/fr\\\/#organization\"},\"potentialAction\":[{\"@type\":\"SearchAction\",\"target\":{\"@type\":\"EntryPoint\",\"urlTemplate\":\"https:\\\/\\\/lda.be\\\/fr\\\/?s={search_term_string}\"},\"query-input\":{\"@type\":\"PropertyValueSpecification\",\"valueRequired\":true,\"valueName\":\"search_term_string\"}}],\"inLanguage\":\"fr-FR\"},{\"@type\":\"Organization\",\"@id\":\"https:\\\/\\\/lda.be\\\/fr\\\/#organization\",\"name\":\"LDA Belgium\",\"url\":\"https:\\\/\\\/lda.be\\\/fr\\\/\",\"logo\":{\"@type\":\"ImageObject\",\"inLanguage\":\"fr-FR\",\"@id\":\"https:\\\/\\\/lda.be\\\/fr\\\/#\\\/schema\\\/logo\\\/image\\\/\",\"url\":\"https:\\\/\\\/lda.be\\\/wp-content\\\/uploads\\\/2022\\\/07\\\/Logo-LDA.webp\",\"contentUrl\":\"https:\\\/\\\/lda.be\\\/wp-content\\\/uploads\\\/2022\\\/07\\\/Logo-LDA.webp\",\"width\":311,\"height\":101,\"caption\":\"LDA Belgium\"},\"image\":{\"@id\":\"https:\\\/\\\/lda.be\\\/fr\\\/#\\\/schema\\\/logo\\\/image\\\/\"},\"sameAs\":[\"https:\\\/\\\/www.linkedin.com\\\/company\\\/lda-belgium-nv\"]}]}<\/script>\n<!-- \/ Yoast SEO plugin. -->","yoast_head_json":{"title":"S\u00e9rie 6222 Vanne haute pression \u00e0 2 ou 3 voies, 1\/8\" - 3\/8\" - LDA Belgique","description":"\u00c9lectrovannes s\u00e9rie 6222 \u00e0 action directe pour air, gaz, huile et eau. Raccordements 1\/8\" \u00e0 3\/8\" NPT, pression jusqu\u2019\u00e0 525 psi, temp\u00e9rature jusqu\u2019\u00e0 +90\u00b0C.","robots":{"index":"index","follow":"follow","max-snippet":"max-snippet:-1","max-image-preview":"max-image-preview:large","max-video-preview":"max-video-preview:-1"},"canonical":"https:\/\/lda.be\/fr\/produit\/serie-6222-vanne-haute-pression-a-2-ou-3-voies-1-8-3-8\/","og_locale":"fr_FR","og_type":"article","og_title":"S\u00e9rie 6222 Vanne haute pression \u00e0 2 ou 3 voies, 1\/8\" - 3\/8\" - LDA Belgique","og_description":"\u00c9lectrovannes s\u00e9rie 6222 \u00e0 action directe pour air, gaz, huile et eau. Raccordements 1\/8\" \u00e0 3\/8\" NPT, pression jusqu\u2019\u00e0 525 psi, temp\u00e9rature jusqu\u2019\u00e0 +90\u00b0C.","og_url":"https:\/\/lda.be\/fr\/produit\/serie-6222-vanne-haute-pression-a-2-ou-3-voies-1-8-3-8\/","og_site_name":"LDA Belgique","article_modified_time":"2026-05-12T14:40:33+00:00","og_image":[{"width":1080,"height":1080,"url":"https:\/\/lda.be\/wp-content\/uploads\/2026\/05\/Series-6222.webp","type":"image\/webp"}],"twitter_card":"summary_large_image","twitter_misc":{"Dur\u00e9e de lecture estim\u00e9e":"1 minute"},"schema":{"@context":"https:\/\/schema.org","@graph":[{"@type":"WebPage","@id":"https:\/\/lda.be\/fr\/produit\/serie-6222-vanne-haute-pression-a-2-ou-3-voies-1-8-3-8\/","url":"https:\/\/lda.be\/fr\/produit\/serie-6222-vanne-haute-pression-a-2-ou-3-voies-1-8-3-8\/","name":"S\u00e9rie 6222 Vanne haute pression \u00e0 2 ou 3 voies, 1\/8\" - 3\/8\" - LDA Belgique","isPartOf":{"@id":"https:\/\/lda.be\/fr\/#website"},"primaryImageOfPage":{"@id":"https:\/\/lda.be\/fr\/produit\/serie-6222-vanne-haute-pression-a-2-ou-3-voies-1-8-3-8\/#primaryimage"},"image":{"@id":"https:\/\/lda.be\/fr\/produit\/serie-6222-vanne-haute-pression-a-2-ou-3-voies-1-8-3-8\/#primaryimage"},"thumbnailUrl":"https:\/\/lda.be\/wp-content\/uploads\/2026\/05\/Series-6222.webp","datePublished":"2026-05-12T14:26:01+00:00","dateModified":"2026-05-12T14:40:33+00:00","description":"\u00c9lectrovannes s\u00e9rie 6222 \u00e0 action directe pour air, gaz, huile et eau. Raccordements 1\/8\" \u00e0 3\/8\" NPT, pression jusqu\u2019\u00e0 525 psi, temp\u00e9rature jusqu\u2019\u00e0 +90\u00b0C.","breadcrumb":{"@id":"https:\/\/lda.be\/fr\/produit\/serie-6222-vanne-haute-pression-a-2-ou-3-voies-1-8-3-8\/#breadcrumb"},"inLanguage":"fr-FR","potentialAction":[{"@type":"ReadAction","target":["https:\/\/lda.be\/fr\/produit\/serie-6222-vanne-haute-pression-a-2-ou-3-voies-1-8-3-8\/"]}]},{"@type":"ImageObject","inLanguage":"fr-FR","@id":"https:\/\/lda.be\/fr\/produit\/serie-6222-vanne-haute-pression-a-2-ou-3-voies-1-8-3-8\/#primaryimage","url":"https:\/\/lda.be\/wp-content\/uploads\/2026\/05\/Series-6222.webp","contentUrl":"https:\/\/lda.be\/wp-content\/uploads\/2026\/05\/Series-6222.webp","width":1080,"height":1080,"caption":"Hoge druk ventiel voor vloeistof"},{"@type":"BreadcrumbList","@id":"https:\/\/lda.be\/fr\/produit\/serie-6222-vanne-haute-pression-a-2-ou-3-voies-1-8-3-8\/#breadcrumb","itemListElement":[{"@type":"ListItem","position":1,"name":"Accueil","item":"https:\/\/lda.be\/fr\/"},{"@type":"ListItem","position":2,"name":"Produits","item":"https:\/\/lda.be\/fr\/produits\/"},{"@type":"ListItem","position":3,"name":"S\u00e9rie 6222 Vanne haute pression \u00e0 2 ou 3 voies, 1\/8&#8243; &#8211; 3\/8&#8243;"}]},{"@type":"WebSite","@id":"https:\/\/lda.be\/fr\/#website","url":"https:\/\/lda.be\/fr\/","name":"LDA Belgium","description":"Solutions For Life","publisher":{"@id":"https:\/\/lda.be\/fr\/#organization"},"potentialAction":[{"@type":"SearchAction","target":{"@type":"EntryPoint","urlTemplate":"https:\/\/lda.be\/fr\/?s={search_term_string}"},"query-input":{"@type":"PropertyValueSpecification","valueRequired":true,"valueName":"search_term_string"}}],"inLanguage":"fr-FR"},{"@type":"Organization","@id":"https:\/\/lda.be\/fr\/#organization","name":"LDA Belgium","url":"https:\/\/lda.be\/fr\/","logo":{"@type":"ImageObject","inLanguage":"fr-FR","@id":"https:\/\/lda.be\/fr\/#\/schema\/logo\/image\/","url":"https:\/\/lda.be\/wp-content\/uploads\/2022\/07\/Logo-LDA.webp","contentUrl":"https:\/\/lda.be\/wp-content\/uploads\/2022\/07\/Logo-LDA.webp","width":311,"height":101,"caption":"LDA Belgium"},"image":{"@id":"https:\/\/lda.be\/fr\/#\/schema\/logo\/image\/"},"sameAs":["https:\/\/www.linkedin.com\/company\/lda-belgium-nv"]}]}},"_links":{"self":[{"href":"https:\/\/lda.be\/fr\/wp-json\/wp\/v2\/product\/17129","targetHints":{"allow":["GET"]}}],"collection":[{"href":"https:\/\/lda.be\/fr\/wp-json\/wp\/v2\/product"}],"about":[{"href":"https:\/\/lda.be\/fr\/wp-json\/wp\/v2\/types\/product"}],"replies":[{"embeddable":true,"href":"https:\/\/lda.be\/fr\/wp-json\/wp\/v2\/comments?post=17129"}],"wp:featuredmedia":[{"embeddable":true,"href":"https:\/\/lda.be\/fr\/wp-json\/wp\/v2\/media\/17127"}],"wp:attachment":[{"href":"https:\/\/lda.be\/fr\/wp-json\/wp\/v2\/media?parent=17129"}],"wp:term":[{"taxonomy":"product_brand","embeddable":true,"href":"https:\/\/lda.be\/fr\/wp-json\/wp\/v2\/product_brand?post=17129"},{"taxonomy":"product_cat","embeddable":true,"href":"https:\/\/lda.be\/fr\/wp-json\/wp\/v2\/product_cat?post=17129"},{"taxonomy":"product_tag","embeddable":true,"href":"https:\/\/lda.be\/fr\/wp-json\/wp\/v2\/product_tag?post=17129"}],"curies":[{"name":"wp","href":"https:\/\/api.w.org\/{rel}","templated":true}]}}