{"id":17186,"date":"2026-05-13T13:54:01","date_gmt":"2026-05-13T12:54:01","guid":{"rendered":"https:\/\/lda.be\/?post_type=product&#038;p=17186"},"modified":"2026-05-13T14:21:21","modified_gmt":"2026-05-13T13:21:21","slug":"serie-35g5-vanne-haute-pression-1-4-1-2-07-152-bar","status":"publish","type":"product","link":"https:\/\/lda.be\/fr\/produit\/serie-35g5-vanne-haute-pression-1-4-1-2-07-152-bar\/","title":{"rendered":"S\u00e9rie 35G5 vanne haute pression, 1\/4&#8243; &#8211; 1\/2&#8243;, 0,7 &#8211; 15,2 bar"},"content":{"rendered":"<p>La s\u00e9rie 35G5 de Spartan Scientific comprend des vannes \u00e0 membrane \u00e0 2 voies et 2 positions avec commande pilote interne, destin\u00e9es \u00e0 diverses applications industrielles. Gr\u00e2ce \u00e0 leur passage int\u00e9gral dot\u00e9 d&#8217;un orifice de 1\/2&#8243; (12,5 mm), elles offrent un d\u00e9bit \u00e9lev\u00e9 dans un format compact.<\/p>\n<p>Les vannes sont \u00e9quip\u00e9es d&#8217;un corps et d&#8217;un chapeau en acier inoxydable 316, ce qui garantit une construction robuste et une large compatibilit\u00e9 avec diff\u00e9rents fluides. La s\u00e9rie est disponible en version normalement ferm\u00e9e (NC) et offre des performances allant jusqu&#8217;\u00e0 15,2 bars.<\/p>\n","protected":false},"excerpt":{"rendered":"<p>La s\u00e9rie 35G5 de Spartan Scientific comprend des vannes \u00e0 membrane \u00e0 2 voies et 2 positions avec commande pilote interne, destin\u00e9es \u00e0 diverses applications industrielles. Gr\u00e2ce \u00e0 leur passage int\u00e9gral dot\u00e9 d&#8217;un orifice de 1\/2&#8243; (12,5 mm), elles offrent un d\u00e9bit \u00e9lev\u00e9 dans un format compact. Les vannes sont \u00e9quip\u00e9es d&#8217;un corps et d&#8217;un [&hellip;]<\/p>\n","protected":false},"featured_media":17184,"comment_status":"closed","ping_status":"closed","template":"","meta":[],"product_brand":[],"product_cat":[906],"product_tag":[],"class_list":{"0":"post-17186","1":"product","2":"type-product","3":"status-publish","4":"has-post-thumbnail","6":"product_cat-vannes-haute-pression","8":"first","9":"instock","10":"shipping-taxable","11":"product-type-simple"},"yoast_head":"<!-- This site is optimized with the Yoast SEO plugin v27.5 - https:\/\/yoast.com\/product\/yoast-seo-wordpress\/ -->\n<title>S\u00e9rie 35G5 vanne haute pression, 1\/4&quot; - 1\/2&quot;, 0,7 - 15,2 bar - LDA Belgique<\/title>\n<meta name=\"description\" content=\"Vannes s\u00e9rie 35G5 \u00e0 membrane pour applications de traitement. Raccordements 1\/4&quot; \u00e0 1\/2&quot; NPT, pression 0,7-15,2 bar, temp\u00e9rature jusqu\u2019\u00e0 +60\u00b0C, corps en acier inoxydable 316.\" \/>\n<meta name=\"robots\" content=\"index, follow, max-snippet:-1, max-image-preview:large, max-video-preview:-1\" \/>\n<link rel=\"canonical\" href=\"https:\/\/lda.be\/fr\/produit\/serie-35g5-vanne-haute-pression-1-4-1-2-07-152-bar\/\" \/>\n<meta property=\"og:locale\" content=\"fr_FR\" \/>\n<meta property=\"og:type\" content=\"article\" \/>\n<meta property=\"og:title\" content=\"S\u00e9rie 35G5 vanne haute pression, 1\/4&quot; - 1\/2&quot;, 0,7 - 15,2 bar - LDA Belgique\" \/>\n<meta property=\"og:description\" content=\"Vannes s\u00e9rie 35G5 \u00e0 membrane pour applications de traitement. Raccordements 1\/4&quot; \u00e0 1\/2&quot; NPT, pression 0,7-15,2 bar, temp\u00e9rature jusqu\u2019\u00e0 +60\u00b0C, corps en acier inoxydable 316.\" \/>\n<meta property=\"og:url\" content=\"https:\/\/lda.be\/fr\/produit\/serie-35g5-vanne-haute-pression-1-4-1-2-07-152-bar\/\" \/>\n<meta property=\"og:site_name\" content=\"LDA Belgique\" \/>\n<meta property=\"article:modified_time\" content=\"2026-05-13T13:21:21+00:00\" \/>\n<meta property=\"og:image\" content=\"https:\/\/lda.be\/wp-content\/uploads\/2026\/05\/Serie-35G5-hoge-druk-ventiel.webp\" \/>\n\t<meta property=\"og:image:width\" content=\"1080\" \/>\n\t<meta property=\"og:image:height\" content=\"1080\" \/>\n\t<meta property=\"og:image:type\" content=\"image\/webp\" \/>\n<meta name=\"twitter:card\" content=\"summary_large_image\" \/>\n<meta name=\"twitter:label1\" content=\"Dur\u00e9e de lecture estim\u00e9e\" \/>\n\t<meta name=\"twitter:data1\" content=\"1 minute\" \/>\n<script type=\"application\/ld+json\" class=\"yoast-schema-graph\">{\"@context\":\"https:\\\/\\\/schema.org\",\"@graph\":[{\"@type\":\"WebPage\",\"@id\":\"https:\\\/\\\/lda.be\\\/fr\\\/produit\\\/serie-35g5-vanne-haute-pression-1-4-1-2-07-152-bar\\\/\",\"url\":\"https:\\\/\\\/lda.be\\\/fr\\\/produit\\\/serie-35g5-vanne-haute-pression-1-4-1-2-07-152-bar\\\/\",\"name\":\"S\u00e9rie 35G5 vanne haute pression, 1\\\/4\\\" - 1\\\/2\\\", 0,7 - 15,2 bar - LDA Belgique\",\"isPartOf\":{\"@id\":\"https:\\\/\\\/lda.be\\\/fr\\\/#website\"},\"primaryImageOfPage\":{\"@id\":\"https:\\\/\\\/lda.be\\\/fr\\\/produit\\\/serie-35g5-vanne-haute-pression-1-4-1-2-07-152-bar\\\/#primaryimage\"},\"image\":{\"@id\":\"https:\\\/\\\/lda.be\\\/fr\\\/produit\\\/serie-35g5-vanne-haute-pression-1-4-1-2-07-152-bar\\\/#primaryimage\"},\"thumbnailUrl\":\"https:\\\/\\\/lda.be\\\/wp-content\\\/uploads\\\/2026\\\/05\\\/Serie-35G5-hoge-druk-ventiel.webp\",\"datePublished\":\"2026-05-13T12:54:01+00:00\",\"dateModified\":\"2026-05-13T13:21:21+00:00\",\"description\":\"Vannes s\u00e9rie 35G5 \u00e0 membrane pour applications de traitement. Raccordements 1\\\/4\\\" \u00e0 1\\\/2\\\" NPT, pression 0,7-15,2 bar, temp\u00e9rature jusqu\u2019\u00e0 +60\u00b0C, corps en acier inoxydable 316.\",\"breadcrumb\":{\"@id\":\"https:\\\/\\\/lda.be\\\/fr\\\/produit\\\/serie-35g5-vanne-haute-pression-1-4-1-2-07-152-bar\\\/#breadcrumb\"},\"inLanguage\":\"fr-FR\",\"potentialAction\":[{\"@type\":\"ReadAction\",\"target\":[\"https:\\\/\\\/lda.be\\\/fr\\\/produit\\\/serie-35g5-vanne-haute-pression-1-4-1-2-07-152-bar\\\/\"]}]},{\"@type\":\"ImageObject\",\"inLanguage\":\"fr-FR\",\"@id\":\"https:\\\/\\\/lda.be\\\/fr\\\/produit\\\/serie-35g5-vanne-haute-pression-1-4-1-2-07-152-bar\\\/#primaryimage\",\"url\":\"https:\\\/\\\/lda.be\\\/wp-content\\\/uploads\\\/2026\\\/05\\\/Serie-35G5-hoge-druk-ventiel.webp\",\"contentUrl\":\"https:\\\/\\\/lda.be\\\/wp-content\\\/uploads\\\/2026\\\/05\\\/Serie-35G5-hoge-druk-ventiel.webp\",\"width\":1080,\"height\":1080,\"caption\":\"Serie 35G5 hoge druk ventiel\"},{\"@type\":\"BreadcrumbList\",\"@id\":\"https:\\\/\\\/lda.be\\\/fr\\\/produit\\\/serie-35g5-vanne-haute-pression-1-4-1-2-07-152-bar\\\/#breadcrumb\",\"itemListElement\":[{\"@type\":\"ListItem\",\"position\":1,\"name\":\"Accueil\",\"item\":\"https:\\\/\\\/lda.be\\\/fr\\\/\"},{\"@type\":\"ListItem\",\"position\":2,\"name\":\"Produits\",\"item\":\"https:\\\/\\\/lda.be\\\/fr\\\/produits\\\/\"},{\"@type\":\"ListItem\",\"position\":3,\"name\":\"S\u00e9rie 35G5 vanne haute pression, 1\\\/4&#8243; &#8211; 1\\\/2&#8243;, 0,7 &#8211; 15,2 bar\"}]},{\"@type\":\"WebSite\",\"@id\":\"https:\\\/\\\/lda.be\\\/fr\\\/#website\",\"url\":\"https:\\\/\\\/lda.be\\\/fr\\\/\",\"name\":\"LDA Belgium\",\"description\":\"Solutions For Life\",\"publisher\":{\"@id\":\"https:\\\/\\\/lda.be\\\/fr\\\/#organization\"},\"potentialAction\":[{\"@type\":\"SearchAction\",\"target\":{\"@type\":\"EntryPoint\",\"urlTemplate\":\"https:\\\/\\\/lda.be\\\/fr\\\/?s={search_term_string}\"},\"query-input\":{\"@type\":\"PropertyValueSpecification\",\"valueRequired\":true,\"valueName\":\"search_term_string\"}}],\"inLanguage\":\"fr-FR\"},{\"@type\":\"Organization\",\"@id\":\"https:\\\/\\\/lda.be\\\/fr\\\/#organization\",\"name\":\"LDA Belgium\",\"url\":\"https:\\\/\\\/lda.be\\\/fr\\\/\",\"logo\":{\"@type\":\"ImageObject\",\"inLanguage\":\"fr-FR\",\"@id\":\"https:\\\/\\\/lda.be\\\/fr\\\/#\\\/schema\\\/logo\\\/image\\\/\",\"url\":\"https:\\\/\\\/lda.be\\\/wp-content\\\/uploads\\\/2022\\\/07\\\/Logo-LDA.webp\",\"contentUrl\":\"https:\\\/\\\/lda.be\\\/wp-content\\\/uploads\\\/2022\\\/07\\\/Logo-LDA.webp\",\"width\":311,\"height\":101,\"caption\":\"LDA Belgium\"},\"image\":{\"@id\":\"https:\\\/\\\/lda.be\\\/fr\\\/#\\\/schema\\\/logo\\\/image\\\/\"},\"sameAs\":[\"https:\\\/\\\/www.linkedin.com\\\/company\\\/lda-belgium-nv\"]}]}<\/script>\n<!-- \/ Yoast SEO plugin. -->","yoast_head_json":{"title":"S\u00e9rie 35G5 vanne haute pression, 1\/4\" - 1\/2\", 0,7 - 15,2 bar - LDA Belgique","description":"Vannes s\u00e9rie 35G5 \u00e0 membrane pour applications de traitement. Raccordements 1\/4\" \u00e0 1\/2\" NPT, pression 0,7-15,2 bar, temp\u00e9rature jusqu\u2019\u00e0 +60\u00b0C, corps en acier inoxydable 316.","robots":{"index":"index","follow":"follow","max-snippet":"max-snippet:-1","max-image-preview":"max-image-preview:large","max-video-preview":"max-video-preview:-1"},"canonical":"https:\/\/lda.be\/fr\/produit\/serie-35g5-vanne-haute-pression-1-4-1-2-07-152-bar\/","og_locale":"fr_FR","og_type":"article","og_title":"S\u00e9rie 35G5 vanne haute pression, 1\/4\" - 1\/2\", 0,7 - 15,2 bar - LDA Belgique","og_description":"Vannes s\u00e9rie 35G5 \u00e0 membrane pour applications de traitement. Raccordements 1\/4\" \u00e0 1\/2\" NPT, pression 0,7-15,2 bar, temp\u00e9rature jusqu\u2019\u00e0 +60\u00b0C, corps en acier inoxydable 316.","og_url":"https:\/\/lda.be\/fr\/produit\/serie-35g5-vanne-haute-pression-1-4-1-2-07-152-bar\/","og_site_name":"LDA Belgique","article_modified_time":"2026-05-13T13:21:21+00:00","og_image":[{"width":1080,"height":1080,"url":"https:\/\/lda.be\/wp-content\/uploads\/2026\/05\/Serie-35G5-hoge-druk-ventiel.webp","type":"image\/webp"}],"twitter_card":"summary_large_image","twitter_misc":{"Dur\u00e9e de lecture estim\u00e9e":"1 minute"},"schema":{"@context":"https:\/\/schema.org","@graph":[{"@type":"WebPage","@id":"https:\/\/lda.be\/fr\/produit\/serie-35g5-vanne-haute-pression-1-4-1-2-07-152-bar\/","url":"https:\/\/lda.be\/fr\/produit\/serie-35g5-vanne-haute-pression-1-4-1-2-07-152-bar\/","name":"S\u00e9rie 35G5 vanne haute pression, 1\/4\" - 1\/2\", 0,7 - 15,2 bar - LDA Belgique","isPartOf":{"@id":"https:\/\/lda.be\/fr\/#website"},"primaryImageOfPage":{"@id":"https:\/\/lda.be\/fr\/produit\/serie-35g5-vanne-haute-pression-1-4-1-2-07-152-bar\/#primaryimage"},"image":{"@id":"https:\/\/lda.be\/fr\/produit\/serie-35g5-vanne-haute-pression-1-4-1-2-07-152-bar\/#primaryimage"},"thumbnailUrl":"https:\/\/lda.be\/wp-content\/uploads\/2026\/05\/Serie-35G5-hoge-druk-ventiel.webp","datePublished":"2026-05-13T12:54:01+00:00","dateModified":"2026-05-13T13:21:21+00:00","description":"Vannes s\u00e9rie 35G5 \u00e0 membrane pour applications de traitement. Raccordements 1\/4\" \u00e0 1\/2\" NPT, pression 0,7-15,2 bar, temp\u00e9rature jusqu\u2019\u00e0 +60\u00b0C, corps en acier inoxydable 316.","breadcrumb":{"@id":"https:\/\/lda.be\/fr\/produit\/serie-35g5-vanne-haute-pression-1-4-1-2-07-152-bar\/#breadcrumb"},"inLanguage":"fr-FR","potentialAction":[{"@type":"ReadAction","target":["https:\/\/lda.be\/fr\/produit\/serie-35g5-vanne-haute-pression-1-4-1-2-07-152-bar\/"]}]},{"@type":"ImageObject","inLanguage":"fr-FR","@id":"https:\/\/lda.be\/fr\/produit\/serie-35g5-vanne-haute-pression-1-4-1-2-07-152-bar\/#primaryimage","url":"https:\/\/lda.be\/wp-content\/uploads\/2026\/05\/Serie-35G5-hoge-druk-ventiel.webp","contentUrl":"https:\/\/lda.be\/wp-content\/uploads\/2026\/05\/Serie-35G5-hoge-druk-ventiel.webp","width":1080,"height":1080,"caption":"Serie 35G5 hoge druk ventiel"},{"@type":"BreadcrumbList","@id":"https:\/\/lda.be\/fr\/produit\/serie-35g5-vanne-haute-pression-1-4-1-2-07-152-bar\/#breadcrumb","itemListElement":[{"@type":"ListItem","position":1,"name":"Accueil","item":"https:\/\/lda.be\/fr\/"},{"@type":"ListItem","position":2,"name":"Produits","item":"https:\/\/lda.be\/fr\/produits\/"},{"@type":"ListItem","position":3,"name":"S\u00e9rie 35G5 vanne haute pression, 1\/4&#8243; &#8211; 1\/2&#8243;, 0,7 &#8211; 15,2 bar"}]},{"@type":"WebSite","@id":"https:\/\/lda.be\/fr\/#website","url":"https:\/\/lda.be\/fr\/","name":"LDA Belgium","description":"Solutions For Life","publisher":{"@id":"https:\/\/lda.be\/fr\/#organization"},"potentialAction":[{"@type":"SearchAction","target":{"@type":"EntryPoint","urlTemplate":"https:\/\/lda.be\/fr\/?s={search_term_string}"},"query-input":{"@type":"PropertyValueSpecification","valueRequired":true,"valueName":"search_term_string"}}],"inLanguage":"fr-FR"},{"@type":"Organization","@id":"https:\/\/lda.be\/fr\/#organization","name":"LDA Belgium","url":"https:\/\/lda.be\/fr\/","logo":{"@type":"ImageObject","inLanguage":"fr-FR","@id":"https:\/\/lda.be\/fr\/#\/schema\/logo\/image\/","url":"https:\/\/lda.be\/wp-content\/uploads\/2022\/07\/Logo-LDA.webp","contentUrl":"https:\/\/lda.be\/wp-content\/uploads\/2022\/07\/Logo-LDA.webp","width":311,"height":101,"caption":"LDA Belgium"},"image":{"@id":"https:\/\/lda.be\/fr\/#\/schema\/logo\/image\/"},"sameAs":["https:\/\/www.linkedin.com\/company\/lda-belgium-nv"]}]}},"_links":{"self":[{"href":"https:\/\/lda.be\/fr\/wp-json\/wp\/v2\/product\/17186","targetHints":{"allow":["GET"]}}],"collection":[{"href":"https:\/\/lda.be\/fr\/wp-json\/wp\/v2\/product"}],"about":[{"href":"https:\/\/lda.be\/fr\/wp-json\/wp\/v2\/types\/product"}],"replies":[{"embeddable":true,"href":"https:\/\/lda.be\/fr\/wp-json\/wp\/v2\/comments?post=17186"}],"wp:featuredmedia":[{"embeddable":true,"href":"https:\/\/lda.be\/fr\/wp-json\/wp\/v2\/media\/17184"}],"wp:attachment":[{"href":"https:\/\/lda.be\/fr\/wp-json\/wp\/v2\/media?parent=17186"}],"wp:term":[{"taxonomy":"product_brand","embeddable":true,"href":"https:\/\/lda.be\/fr\/wp-json\/wp\/v2\/product_brand?post=17186"},{"taxonomy":"product_cat","embeddable":true,"href":"https:\/\/lda.be\/fr\/wp-json\/wp\/v2\/product_cat?post=17186"},{"taxonomy":"product_tag","embeddable":true,"href":"https:\/\/lda.be\/fr\/wp-json\/wp\/v2\/product_tag?post=17186"}],"curies":[{"name":"wp","href":"https:\/\/api.w.org\/{rel}","templated":true}]}}