{"id":4484,"date":"2025-02-05T09:24:47","date_gmt":"2025-02-05T08:24:47","guid":{"rendered":"https:\/\/lda.be\/product\/stockage-en-vrac-et-technologie-demballage\/"},"modified":"2025-05-05T08:30:07","modified_gmt":"2025-05-05T07:30:07","slug":"stockage-en-vrac-et-technologie-demballage","status":"publish","type":"product","link":"https:\/\/lda.be\/fr\/produit\/stockage-en-vrac-et-technologie-demballage\/","title":{"rendered":"Stockage en vrac et technologie d&#8217;emballage"},"content":{"rendered":"<p>La brochure met en avant des solutions avanc\u00e9es dans les technologies de stockage en vrac et d&#8217;emballage, mettant l&#8217;accent sur l&#8217;am\u00e9lioration du flux de mat\u00e9riaux, le contr\u00f4le de la poussi\u00e8re, le contr\u00f4le des vibrations et les syst\u00e8mes de mouvement. L&#8217;une des technologies cl\u00e9s est le syst\u00e8me d&#8217;activation de mat\u00e9riaux AirSweep\u00ae, qui \u00e9limine l&#8217;accumulation de mat\u00e9riaux et garantit un flux de produits fluide gr\u00e2ce \u00e0 des impulsions d&#8217;air \u00e0 haute pression. Cette technologie est largement utilis\u00e9e dans des secteurs tels que la transformation des aliments, l&#8217;exploitation mini\u00e8re, la chimie et la pharmaceutique.<\/p>\n<p>Les vannes MAC sont propos\u00e9es comme des alternatives fiables \u00e0 la technologie traditionnelle des membranes pour des applications telles que le nettoyage des filtres \u00e0 poussi\u00e8re et le transport pneumatique. Elles offrent une plus grande long\u00e9vit\u00e9, des temps de r\u00e9ponse rapides et des \u00e9conomies d&#8217;air consid\u00e9rables. Les interrupteurs de vitesse DAZIC\u00ae garantissent la fiabilit\u00e9 et la s\u00e9curit\u00e9 du syst\u00e8me en d\u00e9tectant les variations de vitesse du convoyeur.<\/p>\n<p>T\u00e9l\u00e9chargez le catalogue maintenant et lisez plus sur les produits<\/p>\n","protected":false},"excerpt":{"rendered":"<p>La brochure met en avant des solutions avanc\u00e9es dans les technologies de stockage en vrac et d&#8217;emballage, mettant l&#8217;accent sur l&#8217;am\u00e9lioration du flux de mat\u00e9riaux, le contr\u00f4le de la poussi\u00e8re, le contr\u00f4le des vibrations et les syst\u00e8mes de mouvement. L&#8217;une des technologies cl\u00e9s est le syst\u00e8me d&#8217;activation de mat\u00e9riaux AirSweep\u00ae, qui \u00e9limine l&#8217;accumulation de mat\u00e9riaux [&hellip;]<\/p>\n","protected":false},"featured_media":7040,"comment_status":"closed","ping_status":"closed","template":"","meta":[],"product_brand":[1274],"product_cat":[960],"product_tag":[528],"class_list":{"0":"post-4484","1":"product","2":"type-product","3":"status-publish","4":"has-post-thumbnail","6":"product_brand-catalogi","7":"product_cat-catalogues-lda-pdf","8":"product_tag-catalogue","10":"first","11":"instock","12":"shipping-taxable","13":"product-type-simple"},"yoast_head":"<!-- This site is optimized with the Yoast SEO plugin v27.3 - https:\/\/yoast.com\/product\/yoast-seo-wordpress\/ -->\n<title>Stockage en vrac et technologie d&#039;emballage - LDA Belgique<\/title>\n<meta name=\"robots\" content=\"index, follow, max-snippet:-1, max-image-preview:large, max-video-preview:-1\" \/>\n<link rel=\"canonical\" href=\"https:\/\/lda.be\/fr\/produit\/stockage-en-vrac-et-technologie-demballage\/\" \/>\n<meta property=\"og:locale\" content=\"fr_FR\" \/>\n<meta property=\"og:type\" content=\"article\" \/>\n<meta property=\"og:title\" content=\"Stockage en vrac et technologie d&#039;emballage - LDA Belgique\" \/>\n<meta property=\"og:description\" content=\"La brochure met en avant des solutions avanc\u00e9es dans les technologies de stockage en vrac et d&#8217;emballage, mettant l&#8217;accent sur l&#8217;am\u00e9lioration du flux de mat\u00e9riaux, le contr\u00f4le de la poussi\u00e8re, le contr\u00f4le des vibrations et les syst\u00e8mes de mouvement. L&#8217;une des technologies cl\u00e9s est le syst\u00e8me d&#8217;activation de mat\u00e9riaux AirSweep\u00ae, qui \u00e9limine l&#8217;accumulation de mat\u00e9riaux [&hellip;]\" \/>\n<meta property=\"og:url\" content=\"https:\/\/lda.be\/fr\/produit\/stockage-en-vrac-et-technologie-demballage\/\" \/>\n<meta property=\"og:site_name\" content=\"LDA Belgique\" \/>\n<meta property=\"article:modified_time\" content=\"2025-05-05T07:30:07+00:00\" \/>\n<meta property=\"og:image\" content=\"https:\/\/lda.be\/wp-content\/uploads\/2025\/05\/fr-bulk-1.webp\" \/>\n\t<meta property=\"og:image:width\" content=\"720\" \/>\n\t<meta property=\"og:image:height\" content=\"720\" \/>\n\t<meta property=\"og:image:type\" content=\"image\/webp\" \/>\n<meta name=\"twitter:card\" content=\"summary_large_image\" \/>\n<meta name=\"twitter:label1\" content=\"Dur\u00e9e de lecture estim\u00e9e\" \/>\n\t<meta name=\"twitter:data1\" content=\"2 minutes\" \/>\n<script type=\"application\/ld+json\" class=\"yoast-schema-graph\">{\"@context\":\"https:\\\/\\\/schema.org\",\"@graph\":[{\"@type\":\"WebPage\",\"@id\":\"https:\\\/\\\/lda.be\\\/fr\\\/produit\\\/stockage-en-vrac-et-technologie-demballage\\\/\",\"url\":\"https:\\\/\\\/lda.be\\\/fr\\\/produit\\\/stockage-en-vrac-et-technologie-demballage\\\/\",\"name\":\"Stockage en vrac et technologie d'emballage - LDA Belgique\",\"isPartOf\":{\"@id\":\"https:\\\/\\\/lda.be\\\/fr\\\/#website\"},\"primaryImageOfPage\":{\"@id\":\"https:\\\/\\\/lda.be\\\/fr\\\/produit\\\/stockage-en-vrac-et-technologie-demballage\\\/#primaryimage\"},\"image\":{\"@id\":\"https:\\\/\\\/lda.be\\\/fr\\\/produit\\\/stockage-en-vrac-et-technologie-demballage\\\/#primaryimage\"},\"thumbnailUrl\":\"https:\\\/\\\/lda.be\\\/wp-content\\\/uploads\\\/2025\\\/05\\\/fr-bulk-1.webp\",\"datePublished\":\"2025-02-05T08:24:47+00:00\",\"dateModified\":\"2025-05-05T07:30:07+00:00\",\"breadcrumb\":{\"@id\":\"https:\\\/\\\/lda.be\\\/fr\\\/produit\\\/stockage-en-vrac-et-technologie-demballage\\\/#breadcrumb\"},\"inLanguage\":\"fr-FR\",\"potentialAction\":[{\"@type\":\"ReadAction\",\"target\":[\"https:\\\/\\\/lda.be\\\/fr\\\/produit\\\/stockage-en-vrac-et-technologie-demballage\\\/\"]}]},{\"@type\":\"ImageObject\",\"inLanguage\":\"fr-FR\",\"@id\":\"https:\\\/\\\/lda.be\\\/fr\\\/produit\\\/stockage-en-vrac-et-technologie-demballage\\\/#primaryimage\",\"url\":\"https:\\\/\\\/lda.be\\\/wp-content\\\/uploads\\\/2025\\\/05\\\/fr-bulk-1.webp\",\"contentUrl\":\"https:\\\/\\\/lda.be\\\/wp-content\\\/uploads\\\/2025\\\/05\\\/fr-bulk-1.webp\",\"width\":720,\"height\":720,\"caption\":\"La page d'accueil du catalogue de stockage en vrac\"},{\"@type\":\"BreadcrumbList\",\"@id\":\"https:\\\/\\\/lda.be\\\/fr\\\/produit\\\/stockage-en-vrac-et-technologie-demballage\\\/#breadcrumb\",\"itemListElement\":[{\"@type\":\"ListItem\",\"position\":1,\"name\":\"Accueil\",\"item\":\"https:\\\/\\\/lda.be\\\/fr\\\/\"},{\"@type\":\"ListItem\",\"position\":2,\"name\":\"Produits\",\"item\":\"https:\\\/\\\/lda.be\\\/fr\\\/produits\\\/\"},{\"@type\":\"ListItem\",\"position\":3,\"name\":\"Stockage en vrac et technologie d&#8217;emballage\"}]},{\"@type\":\"WebSite\",\"@id\":\"https:\\\/\\\/lda.be\\\/fr\\\/#website\",\"url\":\"https:\\\/\\\/lda.be\\\/fr\\\/\",\"name\":\"LDA Belgium\",\"description\":\"Solutions For Life\",\"publisher\":{\"@id\":\"https:\\\/\\\/lda.be\\\/fr\\\/#organization\"},\"potentialAction\":[{\"@type\":\"SearchAction\",\"target\":{\"@type\":\"EntryPoint\",\"urlTemplate\":\"https:\\\/\\\/lda.be\\\/fr\\\/?s={search_term_string}\"},\"query-input\":{\"@type\":\"PropertyValueSpecification\",\"valueRequired\":true,\"valueName\":\"search_term_string\"}}],\"inLanguage\":\"fr-FR\"},{\"@type\":\"Organization\",\"@id\":\"https:\\\/\\\/lda.be\\\/fr\\\/#organization\",\"name\":\"LDA Belgium\",\"url\":\"https:\\\/\\\/lda.be\\\/fr\\\/\",\"logo\":{\"@type\":\"ImageObject\",\"inLanguage\":\"fr-FR\",\"@id\":\"https:\\\/\\\/lda.be\\\/fr\\\/#\\\/schema\\\/logo\\\/image\\\/\",\"url\":\"https:\\\/\\\/lda.be\\\/wp-content\\\/uploads\\\/2022\\\/07\\\/Logo-LDA.webp\",\"contentUrl\":\"https:\\\/\\\/lda.be\\\/wp-content\\\/uploads\\\/2022\\\/07\\\/Logo-LDA.webp\",\"width\":311,\"height\":101,\"caption\":\"LDA Belgium\"},\"image\":{\"@id\":\"https:\\\/\\\/lda.be\\\/fr\\\/#\\\/schema\\\/logo\\\/image\\\/\"},\"sameAs\":[\"https:\\\/\\\/www.linkedin.com\\\/company\\\/lda-belgium-nv\"]}]}<\/script>\n<!-- \/ Yoast SEO plugin. -->","yoast_head_json":{"title":"Stockage en vrac et technologie d'emballage - LDA Belgique","robots":{"index":"index","follow":"follow","max-snippet":"max-snippet:-1","max-image-preview":"max-image-preview:large","max-video-preview":"max-video-preview:-1"},"canonical":"https:\/\/lda.be\/fr\/produit\/stockage-en-vrac-et-technologie-demballage\/","og_locale":"fr_FR","og_type":"article","og_title":"Stockage en vrac et technologie d'emballage - LDA Belgique","og_description":"La brochure met en avant des solutions avanc\u00e9es dans les technologies de stockage en vrac et d&#8217;emballage, mettant l&#8217;accent sur l&#8217;am\u00e9lioration du flux de mat\u00e9riaux, le contr\u00f4le de la poussi\u00e8re, le contr\u00f4le des vibrations et les syst\u00e8mes de mouvement. L&#8217;une des technologies cl\u00e9s est le syst\u00e8me d&#8217;activation de mat\u00e9riaux AirSweep\u00ae, qui \u00e9limine l&#8217;accumulation de mat\u00e9riaux [&hellip;]","og_url":"https:\/\/lda.be\/fr\/produit\/stockage-en-vrac-et-technologie-demballage\/","og_site_name":"LDA Belgique","article_modified_time":"2025-05-05T07:30:07+00:00","og_image":[{"width":720,"height":720,"url":"https:\/\/lda.be\/wp-content\/uploads\/2025\/05\/fr-bulk-1.webp","type":"image\/webp"}],"twitter_card":"summary_large_image","twitter_misc":{"Dur\u00e9e de lecture estim\u00e9e":"2 minutes"},"schema":{"@context":"https:\/\/schema.org","@graph":[{"@type":"WebPage","@id":"https:\/\/lda.be\/fr\/produit\/stockage-en-vrac-et-technologie-demballage\/","url":"https:\/\/lda.be\/fr\/produit\/stockage-en-vrac-et-technologie-demballage\/","name":"Stockage en vrac et technologie d'emballage - LDA Belgique","isPartOf":{"@id":"https:\/\/lda.be\/fr\/#website"},"primaryImageOfPage":{"@id":"https:\/\/lda.be\/fr\/produit\/stockage-en-vrac-et-technologie-demballage\/#primaryimage"},"image":{"@id":"https:\/\/lda.be\/fr\/produit\/stockage-en-vrac-et-technologie-demballage\/#primaryimage"},"thumbnailUrl":"https:\/\/lda.be\/wp-content\/uploads\/2025\/05\/fr-bulk-1.webp","datePublished":"2025-02-05T08:24:47+00:00","dateModified":"2025-05-05T07:30:07+00:00","breadcrumb":{"@id":"https:\/\/lda.be\/fr\/produit\/stockage-en-vrac-et-technologie-demballage\/#breadcrumb"},"inLanguage":"fr-FR","potentialAction":[{"@type":"ReadAction","target":["https:\/\/lda.be\/fr\/produit\/stockage-en-vrac-et-technologie-demballage\/"]}]},{"@type":"ImageObject","inLanguage":"fr-FR","@id":"https:\/\/lda.be\/fr\/produit\/stockage-en-vrac-et-technologie-demballage\/#primaryimage","url":"https:\/\/lda.be\/wp-content\/uploads\/2025\/05\/fr-bulk-1.webp","contentUrl":"https:\/\/lda.be\/wp-content\/uploads\/2025\/05\/fr-bulk-1.webp","width":720,"height":720,"caption":"La page d'accueil du catalogue de stockage en vrac"},{"@type":"BreadcrumbList","@id":"https:\/\/lda.be\/fr\/produit\/stockage-en-vrac-et-technologie-demballage\/#breadcrumb","itemListElement":[{"@type":"ListItem","position":1,"name":"Accueil","item":"https:\/\/lda.be\/fr\/"},{"@type":"ListItem","position":2,"name":"Produits","item":"https:\/\/lda.be\/fr\/produits\/"},{"@type":"ListItem","position":3,"name":"Stockage en vrac et technologie d&#8217;emballage"}]},{"@type":"WebSite","@id":"https:\/\/lda.be\/fr\/#website","url":"https:\/\/lda.be\/fr\/","name":"LDA Belgium","description":"Solutions For Life","publisher":{"@id":"https:\/\/lda.be\/fr\/#organization"},"potentialAction":[{"@type":"SearchAction","target":{"@type":"EntryPoint","urlTemplate":"https:\/\/lda.be\/fr\/?s={search_term_string}"},"query-input":{"@type":"PropertyValueSpecification","valueRequired":true,"valueName":"search_term_string"}}],"inLanguage":"fr-FR"},{"@type":"Organization","@id":"https:\/\/lda.be\/fr\/#organization","name":"LDA Belgium","url":"https:\/\/lda.be\/fr\/","logo":{"@type":"ImageObject","inLanguage":"fr-FR","@id":"https:\/\/lda.be\/fr\/#\/schema\/logo\/image\/","url":"https:\/\/lda.be\/wp-content\/uploads\/2022\/07\/Logo-LDA.webp","contentUrl":"https:\/\/lda.be\/wp-content\/uploads\/2022\/07\/Logo-LDA.webp","width":311,"height":101,"caption":"LDA Belgium"},"image":{"@id":"https:\/\/lda.be\/fr\/#\/schema\/logo\/image\/"},"sameAs":["https:\/\/www.linkedin.com\/company\/lda-belgium-nv"]}]}},"_links":{"self":[{"href":"https:\/\/lda.be\/fr\/wp-json\/wp\/v2\/product\/4484","targetHints":{"allow":["GET"]}}],"collection":[{"href":"https:\/\/lda.be\/fr\/wp-json\/wp\/v2\/product"}],"about":[{"href":"https:\/\/lda.be\/fr\/wp-json\/wp\/v2\/types\/product"}],"replies":[{"embeddable":true,"href":"https:\/\/lda.be\/fr\/wp-json\/wp\/v2\/comments?post=4484"}],"wp:featuredmedia":[{"embeddable":true,"href":"https:\/\/lda.be\/fr\/wp-json\/wp\/v2\/media\/7040"}],"wp:attachment":[{"href":"https:\/\/lda.be\/fr\/wp-json\/wp\/v2\/media?parent=4484"}],"wp:term":[{"taxonomy":"product_brand","embeddable":true,"href":"https:\/\/lda.be\/fr\/wp-json\/wp\/v2\/product_brand?post=4484"},{"taxonomy":"product_cat","embeddable":true,"href":"https:\/\/lda.be\/fr\/wp-json\/wp\/v2\/product_cat?post=4484"},{"taxonomy":"product_tag","embeddable":true,"href":"https:\/\/lda.be\/fr\/wp-json\/wp\/v2\/product_tag?post=4484"}],"curies":[{"name":"wp","href":"https:\/\/api.w.org\/{rel}","templated":true}]}}