{"id":6476,"date":"2025-03-15T17:18:00","date_gmt":"2025-03-15T16:18:00","guid":{"rendered":"https:\/\/lda.be\/?post_type=product&#038;p=6476"},"modified":"2025-06-30T09:33:45","modified_gmt":"2025-06-30T08:33:45","slug":"filtres-a-poussiere-industriels","status":"publish","type":"product","link":"https:\/\/lda.be\/fr\/produit\/filtres-a-poussiere-industriels\/","title":{"rendered":"Filtres \u00e0 poussi\u00e8re industriels catalogue"},"content":{"rendered":"<p>Chez LDA.be, vous trouverez des solutions d&#8217;extraction de poussi\u00e8re puissantes et durables avec nos syst\u00e8mes MAC, \u00e9quip\u00e9s de filtres \u00e0 poussi\u00e8re industriels avanc\u00e9s. Ces syst\u00e8mes sont con\u00e7us pour les entreprises qui traitent de grandes quantit\u00e9s de poussi\u00e8re et qui ont des exigences \u00e9lev\u00e9es en mati\u00e8re de s\u00e9curit\u00e9, de consommation d&#8217;\u00e9nergie et de facilit\u00e9 d&#8217;entretien. Les filtres \u00e0 poussi\u00e8re industriels garantissent que la poussi\u00e8re est captur\u00e9e et \u00e9limin\u00e9e de mani\u00e8re efficace. Les syst\u00e8mes sont faciles \u00e0 entretenir et disponibles en version ATEX pour les applications avec des substances explosives.<\/p>\n<p>T\u00e9l\u00e9chargez le catalogue et lisez plus !<\/p>\n","protected":false},"excerpt":{"rendered":"<p>Chez LDA.be, vous trouverez des solutions d&#8217;extraction de poussi\u00e8re puissantes et durables avec nos syst\u00e8mes MAC, \u00e9quip\u00e9s de filtres \u00e0 poussi\u00e8re industriels avanc\u00e9s. Ces syst\u00e8mes sont con\u00e7us pour les entreprises qui traitent de grandes quantit\u00e9s de poussi\u00e8re et qui ont des exigences \u00e9lev\u00e9es en mati\u00e8re de s\u00e9curit\u00e9, de consommation d&#8217;\u00e9nergie et de facilit\u00e9 d&#8217;entretien. Les [&hellip;]<\/p>\n","protected":false},"featured_media":9112,"comment_status":"closed","ping_status":"closed","template":"","meta":[],"product_brand":[1274,1256],"product_cat":[960],"product_tag":[],"class_list":{"0":"post-6476","1":"product","2":"type-product","3":"status-publish","4":"has-post-thumbnail","6":"product_brand-catalogi","7":"product_brand-lda","8":"product_cat-catalogues-lda-pdf","10":"first","11":"instock","12":"shipping-taxable","13":"product-type-simple"},"yoast_head":"<!-- This site is optimized with the Yoast SEO plugin v27.3 - https:\/\/yoast.com\/product\/yoast-seo-wordpress\/ -->\n<title>Filtres \u00e0 poussi\u00e8re industriels catalogue - LDA Belgique<\/title>\n<meta name=\"description\" content=\"D\u00e9couvrez nos LDA Filtres \u00e0 poussi\u00e8re industriels catalogue. \u00c9quip\u00e9s de filtres industriels avanc\u00e9s. Avec de vannes de d\u00e9lolmatage de MAC Valves\" \/>\n<meta name=\"robots\" content=\"index, follow, max-snippet:-1, max-image-preview:large, max-video-preview:-1\" \/>\n<link rel=\"canonical\" href=\"https:\/\/lda.be\/fr\/produit\/filtres-a-poussiere-industriels\/\" \/>\n<meta property=\"og:locale\" content=\"fr_FR\" \/>\n<meta property=\"og:type\" content=\"article\" \/>\n<meta property=\"og:title\" content=\"Filtres \u00e0 poussi\u00e8re industriels catalogue - LDA Belgique\" \/>\n<meta property=\"og:description\" content=\"D\u00e9couvrez nos LDA Filtres \u00e0 poussi\u00e8re industriels catalogue. \u00c9quip\u00e9s de filtres industriels avanc\u00e9s. Avec de vannes de d\u00e9lolmatage de MAC Valves\" \/>\n<meta property=\"og:url\" content=\"https:\/\/lda.be\/fr\/produit\/filtres-a-poussiere-industriels\/\" \/>\n<meta property=\"og:site_name\" content=\"LDA Belgique\" \/>\n<meta property=\"article:modified_time\" content=\"2025-06-30T08:33:45+00:00\" \/>\n<meta property=\"og:image\" content=\"https:\/\/lda.be\/wp-content\/uploads\/2025\/06\/FR-dust-collection-thumbnail.webp\" \/>\n\t<meta property=\"og:image:width\" content=\"800\" \/>\n\t<meta property=\"og:image:height\" content=\"800\" \/>\n\t<meta property=\"og:image:type\" content=\"image\/webp\" \/>\n<meta name=\"twitter:card\" content=\"summary_large_image\" \/>\n<meta name=\"twitter:label1\" content=\"Dur\u00e9e de lecture estim\u00e9e\" \/>\n\t<meta name=\"twitter:data1\" content=\"1 minute\" \/>\n<script type=\"application\/ld+json\" class=\"yoast-schema-graph\">{\"@context\":\"https:\\\/\\\/schema.org\",\"@graph\":[{\"@type\":\"WebPage\",\"@id\":\"https:\\\/\\\/lda.be\\\/fr\\\/produit\\\/filtres-a-poussiere-industriels\\\/\",\"url\":\"https:\\\/\\\/lda.be\\\/fr\\\/produit\\\/filtres-a-poussiere-industriels\\\/\",\"name\":\"Filtres \u00e0 poussi\u00e8re industriels catalogue - LDA Belgique\",\"isPartOf\":{\"@id\":\"https:\\\/\\\/lda.be\\\/fr\\\/#website\"},\"primaryImageOfPage\":{\"@id\":\"https:\\\/\\\/lda.be\\\/fr\\\/produit\\\/filtres-a-poussiere-industriels\\\/#primaryimage\"},\"image\":{\"@id\":\"https:\\\/\\\/lda.be\\\/fr\\\/produit\\\/filtres-a-poussiere-industriels\\\/#primaryimage\"},\"thumbnailUrl\":\"https:\\\/\\\/lda.be\\\/wp-content\\\/uploads\\\/2025\\\/06\\\/FR-dust-collection-thumbnail.webp\",\"datePublished\":\"2025-03-15T16:18:00+00:00\",\"dateModified\":\"2025-06-30T08:33:45+00:00\",\"description\":\"D\u00e9couvrez nos LDA Filtres \u00e0 poussi\u00e8re industriels catalogue. \u00c9quip\u00e9s de filtres industriels avanc\u00e9s. Avec de vannes de d\u00e9lolmatage de MAC Valves\",\"breadcrumb\":{\"@id\":\"https:\\\/\\\/lda.be\\\/fr\\\/produit\\\/filtres-a-poussiere-industriels\\\/#breadcrumb\"},\"inLanguage\":\"fr-FR\",\"potentialAction\":[{\"@type\":\"ReadAction\",\"target\":[\"https:\\\/\\\/lda.be\\\/fr\\\/produit\\\/filtres-a-poussiere-industriels\\\/\"]}]},{\"@type\":\"ImageObject\",\"inLanguage\":\"fr-FR\",\"@id\":\"https:\\\/\\\/lda.be\\\/fr\\\/produit\\\/filtres-a-poussiere-industriels\\\/#primaryimage\",\"url\":\"https:\\\/\\\/lda.be\\\/wp-content\\\/uploads\\\/2025\\\/06\\\/FR-dust-collection-thumbnail.webp\",\"contentUrl\":\"https:\\\/\\\/lda.be\\\/wp-content\\\/uploads\\\/2025\\\/06\\\/FR-dust-collection-thumbnail.webp\",\"width\":800,\"height\":800,\"caption\":\"Stoffilter catalogus voorpagina\"},{\"@type\":\"BreadcrumbList\",\"@id\":\"https:\\\/\\\/lda.be\\\/fr\\\/produit\\\/filtres-a-poussiere-industriels\\\/#breadcrumb\",\"itemListElement\":[{\"@type\":\"ListItem\",\"position\":1,\"name\":\"Accueil\",\"item\":\"https:\\\/\\\/lda.be\\\/fr\\\/\"},{\"@type\":\"ListItem\",\"position\":2,\"name\":\"Produits\",\"item\":\"https:\\\/\\\/lda.be\\\/fr\\\/produits\\\/\"},{\"@type\":\"ListItem\",\"position\":3,\"name\":\"Filtres \u00e0 poussi\u00e8re industriels catalogue\"}]},{\"@type\":\"WebSite\",\"@id\":\"https:\\\/\\\/lda.be\\\/fr\\\/#website\",\"url\":\"https:\\\/\\\/lda.be\\\/fr\\\/\",\"name\":\"LDA Belgium\",\"description\":\"Solutions For Life\",\"publisher\":{\"@id\":\"https:\\\/\\\/lda.be\\\/fr\\\/#organization\"},\"potentialAction\":[{\"@type\":\"SearchAction\",\"target\":{\"@type\":\"EntryPoint\",\"urlTemplate\":\"https:\\\/\\\/lda.be\\\/fr\\\/?s={search_term_string}\"},\"query-input\":{\"@type\":\"PropertyValueSpecification\",\"valueRequired\":true,\"valueName\":\"search_term_string\"}}],\"inLanguage\":\"fr-FR\"},{\"@type\":\"Organization\",\"@id\":\"https:\\\/\\\/lda.be\\\/fr\\\/#organization\",\"name\":\"LDA Belgium\",\"url\":\"https:\\\/\\\/lda.be\\\/fr\\\/\",\"logo\":{\"@type\":\"ImageObject\",\"inLanguage\":\"fr-FR\",\"@id\":\"https:\\\/\\\/lda.be\\\/fr\\\/#\\\/schema\\\/logo\\\/image\\\/\",\"url\":\"https:\\\/\\\/lda.be\\\/wp-content\\\/uploads\\\/2022\\\/07\\\/Logo-LDA.webp\",\"contentUrl\":\"https:\\\/\\\/lda.be\\\/wp-content\\\/uploads\\\/2022\\\/07\\\/Logo-LDA.webp\",\"width\":311,\"height\":101,\"caption\":\"LDA Belgium\"},\"image\":{\"@id\":\"https:\\\/\\\/lda.be\\\/fr\\\/#\\\/schema\\\/logo\\\/image\\\/\"},\"sameAs\":[\"https:\\\/\\\/www.linkedin.com\\\/company\\\/lda-belgium-nv\"]}]}<\/script>\n<!-- \/ Yoast SEO plugin. -->","yoast_head_json":{"title":"Filtres \u00e0 poussi\u00e8re industriels catalogue - LDA Belgique","description":"D\u00e9couvrez nos LDA Filtres \u00e0 poussi\u00e8re industriels catalogue. \u00c9quip\u00e9s de filtres industriels avanc\u00e9s. Avec de vannes de d\u00e9lolmatage de MAC Valves","robots":{"index":"index","follow":"follow","max-snippet":"max-snippet:-1","max-image-preview":"max-image-preview:large","max-video-preview":"max-video-preview:-1"},"canonical":"https:\/\/lda.be\/fr\/produit\/filtres-a-poussiere-industriels\/","og_locale":"fr_FR","og_type":"article","og_title":"Filtres \u00e0 poussi\u00e8re industriels catalogue - LDA Belgique","og_description":"D\u00e9couvrez nos LDA Filtres \u00e0 poussi\u00e8re industriels catalogue. \u00c9quip\u00e9s de filtres industriels avanc\u00e9s. Avec de vannes de d\u00e9lolmatage de MAC Valves","og_url":"https:\/\/lda.be\/fr\/produit\/filtres-a-poussiere-industriels\/","og_site_name":"LDA Belgique","article_modified_time":"2025-06-30T08:33:45+00:00","og_image":[{"width":800,"height":800,"url":"https:\/\/lda.be\/wp-content\/uploads\/2025\/06\/FR-dust-collection-thumbnail.webp","type":"image\/webp"}],"twitter_card":"summary_large_image","twitter_misc":{"Dur\u00e9e de lecture estim\u00e9e":"1 minute"},"schema":{"@context":"https:\/\/schema.org","@graph":[{"@type":"WebPage","@id":"https:\/\/lda.be\/fr\/produit\/filtres-a-poussiere-industriels\/","url":"https:\/\/lda.be\/fr\/produit\/filtres-a-poussiere-industriels\/","name":"Filtres \u00e0 poussi\u00e8re industriels catalogue - LDA Belgique","isPartOf":{"@id":"https:\/\/lda.be\/fr\/#website"},"primaryImageOfPage":{"@id":"https:\/\/lda.be\/fr\/produit\/filtres-a-poussiere-industriels\/#primaryimage"},"image":{"@id":"https:\/\/lda.be\/fr\/produit\/filtres-a-poussiere-industriels\/#primaryimage"},"thumbnailUrl":"https:\/\/lda.be\/wp-content\/uploads\/2025\/06\/FR-dust-collection-thumbnail.webp","datePublished":"2025-03-15T16:18:00+00:00","dateModified":"2025-06-30T08:33:45+00:00","description":"D\u00e9couvrez nos LDA Filtres \u00e0 poussi\u00e8re industriels catalogue. \u00c9quip\u00e9s de filtres industriels avanc\u00e9s. Avec de vannes de d\u00e9lolmatage de MAC Valves","breadcrumb":{"@id":"https:\/\/lda.be\/fr\/produit\/filtres-a-poussiere-industriels\/#breadcrumb"},"inLanguage":"fr-FR","potentialAction":[{"@type":"ReadAction","target":["https:\/\/lda.be\/fr\/produit\/filtres-a-poussiere-industriels\/"]}]},{"@type":"ImageObject","inLanguage":"fr-FR","@id":"https:\/\/lda.be\/fr\/produit\/filtres-a-poussiere-industriels\/#primaryimage","url":"https:\/\/lda.be\/wp-content\/uploads\/2025\/06\/FR-dust-collection-thumbnail.webp","contentUrl":"https:\/\/lda.be\/wp-content\/uploads\/2025\/06\/FR-dust-collection-thumbnail.webp","width":800,"height":800,"caption":"Stoffilter catalogus voorpagina"},{"@type":"BreadcrumbList","@id":"https:\/\/lda.be\/fr\/produit\/filtres-a-poussiere-industriels\/#breadcrumb","itemListElement":[{"@type":"ListItem","position":1,"name":"Accueil","item":"https:\/\/lda.be\/fr\/"},{"@type":"ListItem","position":2,"name":"Produits","item":"https:\/\/lda.be\/fr\/produits\/"},{"@type":"ListItem","position":3,"name":"Filtres \u00e0 poussi\u00e8re industriels catalogue"}]},{"@type":"WebSite","@id":"https:\/\/lda.be\/fr\/#website","url":"https:\/\/lda.be\/fr\/","name":"LDA Belgium","description":"Solutions For Life","publisher":{"@id":"https:\/\/lda.be\/fr\/#organization"},"potentialAction":[{"@type":"SearchAction","target":{"@type":"EntryPoint","urlTemplate":"https:\/\/lda.be\/fr\/?s={search_term_string}"},"query-input":{"@type":"PropertyValueSpecification","valueRequired":true,"valueName":"search_term_string"}}],"inLanguage":"fr-FR"},{"@type":"Organization","@id":"https:\/\/lda.be\/fr\/#organization","name":"LDA Belgium","url":"https:\/\/lda.be\/fr\/","logo":{"@type":"ImageObject","inLanguage":"fr-FR","@id":"https:\/\/lda.be\/fr\/#\/schema\/logo\/image\/","url":"https:\/\/lda.be\/wp-content\/uploads\/2022\/07\/Logo-LDA.webp","contentUrl":"https:\/\/lda.be\/wp-content\/uploads\/2022\/07\/Logo-LDA.webp","width":311,"height":101,"caption":"LDA Belgium"},"image":{"@id":"https:\/\/lda.be\/fr\/#\/schema\/logo\/image\/"},"sameAs":["https:\/\/www.linkedin.com\/company\/lda-belgium-nv"]}]}},"_links":{"self":[{"href":"https:\/\/lda.be\/fr\/wp-json\/wp\/v2\/product\/6476","targetHints":{"allow":["GET"]}}],"collection":[{"href":"https:\/\/lda.be\/fr\/wp-json\/wp\/v2\/product"}],"about":[{"href":"https:\/\/lda.be\/fr\/wp-json\/wp\/v2\/types\/product"}],"replies":[{"embeddable":true,"href":"https:\/\/lda.be\/fr\/wp-json\/wp\/v2\/comments?post=6476"}],"wp:featuredmedia":[{"embeddable":true,"href":"https:\/\/lda.be\/fr\/wp-json\/wp\/v2\/media\/9112"}],"wp:attachment":[{"href":"https:\/\/lda.be\/fr\/wp-json\/wp\/v2\/media?parent=6476"}],"wp:term":[{"taxonomy":"product_brand","embeddable":true,"href":"https:\/\/lda.be\/fr\/wp-json\/wp\/v2\/product_brand?post=6476"},{"taxonomy":"product_cat","embeddable":true,"href":"https:\/\/lda.be\/fr\/wp-json\/wp\/v2\/product_cat?post=6476"},{"taxonomy":"product_tag","embeddable":true,"href":"https:\/\/lda.be\/fr\/wp-json\/wp\/v2\/product_tag?post=6476"}],"curies":[{"name":"wp","href":"https:\/\/api.w.org\/{rel}","templated":true}]}}