{"id":6491,"date":"2025-03-15T17:12:39","date_gmt":"2025-03-15T16:12:39","guid":{"rendered":"https:\/\/lda.be\/?post_type=product&#038;p=6491"},"modified":"2025-09-01T14:50:09","modified_gmt":"2025-09-01T13:50:09","slug":"pinces-eot","status":"publish","type":"product","link":"https:\/\/lda.be\/fr\/produit\/pinces-eot\/","title":{"rendered":"Catalogue d&#8217;outils de fin de bras (EOAT)"},"content":{"rendered":"<p>Chez LDA, vous trouverez une gamme compl\u00e8te d&#8217;outillage End of Arm qui va des puissants pr\u00e9henseurs et actionneurs rotatifs aux pompes \u00e0 vide, ventouses et solutions modulaires pour toute application robotique. Ces produits sont con\u00e7us pour \u00eatre fiables dans les processus de fabrication automatis\u00e9s, que vous travailliez avec des robots l\u00e9gers de type pick-and-place ou des robots industriels lourds, LDA a une solution adapt\u00e9e.<br \/>\nDes micro-pinces pneumatiques aux pinces robustes \u00e0 trois griffes, en passant par les changeurs d&#8217;outils manuels. Ces composants augmentent l&#8217;efficacit\u00e9 de vos robots. La conception intelligente et modulaire rend l&#8217;int\u00e9gration facile et flexible.<br \/>\nT\u00e9l\u00e9chargez le catalogue et d\u00e9couvrez la gamme compl\u00e8te !<\/p>\n","protected":false},"excerpt":{"rendered":"<p>Chez LDA, vous trouverez une gamme compl\u00e8te d&#8217;outillage End of Arm qui va des puissants pr\u00e9henseurs et actionneurs rotatifs aux pompes \u00e0 vide, ventouses et solutions modulaires pour toute application robotique. Ces produits sont con\u00e7us pour \u00eatre fiables dans les processus de fabrication automatis\u00e9s, que vous travailliez avec des robots l\u00e9gers de type pick-and-place ou [&hellip;]<\/p>\n","protected":false},"featured_media":5854,"comment_status":"closed","ping_status":"closed","template":"","meta":[],"product_brand":[1274],"product_cat":[960],"product_tag":[],"class_list":{"0":"post-6491","1":"product","2":"type-product","3":"status-publish","4":"has-post-thumbnail","6":"product_brand-catalogi","7":"product_cat-catalogues-lda-pdf","9":"first","10":"instock","11":"shipping-taxable","12":"product-type-simple"},"yoast_head":"<!-- This site is optimized with the Yoast SEO plugin v27.5 - https:\/\/yoast.com\/product\/yoast-seo-wordpress\/ -->\n<title>Catalogue d&#039;outils de fin de bras (EOAT) - LDA Belgique<\/title>\n<meta name=\"description\" content=\"Chez LDA Belgique, vous trouverez une gamme compl\u00e8te d&#039;outils de fin de bras (EOAT) allant des pinces puissantes et des actionneurs rotatifs aux pompes \u00e0 vide, ventouses et solutions modulaires pour chaque application robotique.\" \/>\n<meta name=\"robots\" content=\"index, follow, max-snippet:-1, max-image-preview:large, max-video-preview:-1\" \/>\n<link rel=\"canonical\" href=\"https:\/\/lda.be\/fr\/produit\/pinces-eot\/\" \/>\n<meta property=\"og:locale\" content=\"fr_FR\" \/>\n<meta property=\"og:type\" content=\"article\" \/>\n<meta property=\"og:title\" content=\"Catalogue d&#039;outils de fin de bras (EOAT) - LDA Belgique\" \/>\n<meta property=\"og:description\" content=\"Chez LDA Belgique, vous trouverez une gamme compl\u00e8te d&#039;outils de fin de bras (EOAT) allant des pinces puissantes et des actionneurs rotatifs aux pompes \u00e0 vide, ventouses et solutions modulaires pour chaque application robotique.\" \/>\n<meta property=\"og:url\" content=\"https:\/\/lda.be\/fr\/produit\/pinces-eot\/\" \/>\n<meta property=\"og:site_name\" content=\"LDA Belgique\" \/>\n<meta property=\"article:modified_time\" content=\"2025-09-01T13:50:09+00:00\" \/>\n<meta property=\"og:image\" content=\"https:\/\/lda.be\/wp-content\/uploads\/2025\/03\/eoa-tooling_nl.webp\" \/>\n\t<meta property=\"og:image:width\" content=\"720\" \/>\n\t<meta property=\"og:image:height\" content=\"720\" \/>\n\t<meta property=\"og:image:type\" content=\"image\/webp\" \/>\n<meta name=\"twitter:card\" content=\"summary_large_image\" \/>\n<meta name=\"twitter:label1\" content=\"Dur\u00e9e de lecture estim\u00e9e\" \/>\n\t<meta name=\"twitter:data1\" content=\"1 minute\" \/>\n<script type=\"application\/ld+json\" class=\"yoast-schema-graph\">{\"@context\":\"https:\\\/\\\/schema.org\",\"@graph\":[{\"@type\":\"WebPage\",\"@id\":\"https:\\\/\\\/lda.be\\\/fr\\\/produit\\\/pinces-eot\\\/\",\"url\":\"https:\\\/\\\/lda.be\\\/fr\\\/produit\\\/pinces-eot\\\/\",\"name\":\"Catalogue d'outils de fin de bras (EOAT) - LDA Belgique\",\"isPartOf\":{\"@id\":\"https:\\\/\\\/lda.be\\\/fr\\\/#website\"},\"primaryImageOfPage\":{\"@id\":\"https:\\\/\\\/lda.be\\\/fr\\\/produit\\\/pinces-eot\\\/#primaryimage\"},\"image\":{\"@id\":\"https:\\\/\\\/lda.be\\\/fr\\\/produit\\\/pinces-eot\\\/#primaryimage\"},\"thumbnailUrl\":\"https:\\\/\\\/lda.be\\\/wp-content\\\/uploads\\\/2025\\\/09\\\/eoa-tooling_fr.webp\",\"datePublished\":\"2025-03-15T16:12:39+00:00\",\"dateModified\":\"2025-09-01T13:50:09+00:00\",\"description\":\"Chez LDA Belgique, vous trouverez une gamme compl\u00e8te d'outils de fin de bras (EOAT) allant des pinces puissantes et des actionneurs rotatifs aux pompes \u00e0 vide, ventouses et solutions modulaires pour chaque application robotique.\",\"breadcrumb\":{\"@id\":\"https:\\\/\\\/lda.be\\\/fr\\\/produit\\\/pinces-eot\\\/#breadcrumb\"},\"inLanguage\":\"fr-FR\",\"potentialAction\":[{\"@type\":\"ReadAction\",\"target\":[\"https:\\\/\\\/lda.be\\\/fr\\\/produit\\\/pinces-eot\\\/\"]}]},{\"@type\":\"ImageObject\",\"inLanguage\":\"fr-FR\",\"@id\":\"https:\\\/\\\/lda.be\\\/fr\\\/produit\\\/pinces-eot\\\/#primaryimage\",\"url\":\"https:\\\/\\\/lda.be\\\/wp-content\\\/uploads\\\/2025\\\/09\\\/eoa-tooling_fr.webp\",\"contentUrl\":\"https:\\\/\\\/lda.be\\\/wp-content\\\/uploads\\\/2025\\\/09\\\/eoa-tooling_fr.webp\",\"width\":720,\"height\":720,\"caption\":\"LDA front cover for end of arm tooling catalog\"},{\"@type\":\"BreadcrumbList\",\"@id\":\"https:\\\/\\\/lda.be\\\/fr\\\/produit\\\/pinces-eot\\\/#breadcrumb\",\"itemListElement\":[{\"@type\":\"ListItem\",\"position\":1,\"name\":\"Accueil\",\"item\":\"https:\\\/\\\/lda.be\\\/fr\\\/\"},{\"@type\":\"ListItem\",\"position\":2,\"name\":\"Produits\",\"item\":\"https:\\\/\\\/lda.be\\\/fr\\\/produits\\\/\"},{\"@type\":\"ListItem\",\"position\":3,\"name\":\"Catalogue d&#8217;outils de fin de bras (EOAT)\"}]},{\"@type\":\"WebSite\",\"@id\":\"https:\\\/\\\/lda.be\\\/fr\\\/#website\",\"url\":\"https:\\\/\\\/lda.be\\\/fr\\\/\",\"name\":\"LDA Belgium\",\"description\":\"Solutions For Life\",\"publisher\":{\"@id\":\"https:\\\/\\\/lda.be\\\/fr\\\/#organization\"},\"potentialAction\":[{\"@type\":\"SearchAction\",\"target\":{\"@type\":\"EntryPoint\",\"urlTemplate\":\"https:\\\/\\\/lda.be\\\/fr\\\/?s={search_term_string}\"},\"query-input\":{\"@type\":\"PropertyValueSpecification\",\"valueRequired\":true,\"valueName\":\"search_term_string\"}}],\"inLanguage\":\"fr-FR\"},{\"@type\":\"Organization\",\"@id\":\"https:\\\/\\\/lda.be\\\/fr\\\/#organization\",\"name\":\"LDA Belgium\",\"url\":\"https:\\\/\\\/lda.be\\\/fr\\\/\",\"logo\":{\"@type\":\"ImageObject\",\"inLanguage\":\"fr-FR\",\"@id\":\"https:\\\/\\\/lda.be\\\/fr\\\/#\\\/schema\\\/logo\\\/image\\\/\",\"url\":\"https:\\\/\\\/lda.be\\\/wp-content\\\/uploads\\\/2022\\\/07\\\/Logo-LDA.webp\",\"contentUrl\":\"https:\\\/\\\/lda.be\\\/wp-content\\\/uploads\\\/2022\\\/07\\\/Logo-LDA.webp\",\"width\":311,\"height\":101,\"caption\":\"LDA Belgium\"},\"image\":{\"@id\":\"https:\\\/\\\/lda.be\\\/fr\\\/#\\\/schema\\\/logo\\\/image\\\/\"},\"sameAs\":[\"https:\\\/\\\/www.linkedin.com\\\/company\\\/lda-belgium-nv\"]}]}<\/script>\n<!-- \/ Yoast SEO plugin. -->","yoast_head_json":{"title":"Catalogue d'outils de fin de bras (EOAT) - LDA Belgique","description":"Chez LDA Belgique, vous trouverez une gamme compl\u00e8te d'outils de fin de bras (EOAT) allant des pinces puissantes et des actionneurs rotatifs aux pompes \u00e0 vide, ventouses et solutions modulaires pour chaque application robotique.","robots":{"index":"index","follow":"follow","max-snippet":"max-snippet:-1","max-image-preview":"max-image-preview:large","max-video-preview":"max-video-preview:-1"},"canonical":"https:\/\/lda.be\/fr\/produit\/pinces-eot\/","og_locale":"fr_FR","og_type":"article","og_title":"Catalogue d'outils de fin de bras (EOAT) - LDA Belgique","og_description":"Chez LDA Belgique, vous trouverez une gamme compl\u00e8te d'outils de fin de bras (EOAT) allant des pinces puissantes et des actionneurs rotatifs aux pompes \u00e0 vide, ventouses et solutions modulaires pour chaque application robotique.","og_url":"https:\/\/lda.be\/fr\/produit\/pinces-eot\/","og_site_name":"LDA Belgique","article_modified_time":"2025-09-01T13:50:09+00:00","og_image":[{"width":720,"height":720,"url":"https:\/\/lda.be\/wp-content\/uploads\/2025\/03\/eoa-tooling_nl.webp","type":"image\/webp"}],"twitter_card":"summary_large_image","twitter_misc":{"Dur\u00e9e de lecture estim\u00e9e":"1 minute"},"schema":{"@context":"https:\/\/schema.org","@graph":[{"@type":"WebPage","@id":"https:\/\/lda.be\/fr\/produit\/pinces-eot\/","url":"https:\/\/lda.be\/fr\/produit\/pinces-eot\/","name":"Catalogue d'outils de fin de bras (EOAT) - LDA Belgique","isPartOf":{"@id":"https:\/\/lda.be\/fr\/#website"},"primaryImageOfPage":{"@id":"https:\/\/lda.be\/fr\/produit\/pinces-eot\/#primaryimage"},"image":{"@id":"https:\/\/lda.be\/fr\/produit\/pinces-eot\/#primaryimage"},"thumbnailUrl":"https:\/\/lda.be\/wp-content\/uploads\/2025\/09\/eoa-tooling_fr.webp","datePublished":"2025-03-15T16:12:39+00:00","dateModified":"2025-09-01T13:50:09+00:00","description":"Chez LDA Belgique, vous trouverez une gamme compl\u00e8te d'outils de fin de bras (EOAT) allant des pinces puissantes et des actionneurs rotatifs aux pompes \u00e0 vide, ventouses et solutions modulaires pour chaque application robotique.","breadcrumb":{"@id":"https:\/\/lda.be\/fr\/produit\/pinces-eot\/#breadcrumb"},"inLanguage":"fr-FR","potentialAction":[{"@type":"ReadAction","target":["https:\/\/lda.be\/fr\/produit\/pinces-eot\/"]}]},{"@type":"ImageObject","inLanguage":"fr-FR","@id":"https:\/\/lda.be\/fr\/produit\/pinces-eot\/#primaryimage","url":"https:\/\/lda.be\/wp-content\/uploads\/2025\/09\/eoa-tooling_fr.webp","contentUrl":"https:\/\/lda.be\/wp-content\/uploads\/2025\/09\/eoa-tooling_fr.webp","width":720,"height":720,"caption":"LDA front cover for end of arm tooling catalog"},{"@type":"BreadcrumbList","@id":"https:\/\/lda.be\/fr\/produit\/pinces-eot\/#breadcrumb","itemListElement":[{"@type":"ListItem","position":1,"name":"Accueil","item":"https:\/\/lda.be\/fr\/"},{"@type":"ListItem","position":2,"name":"Produits","item":"https:\/\/lda.be\/fr\/produits\/"},{"@type":"ListItem","position":3,"name":"Catalogue d&#8217;outils de fin de bras (EOAT)"}]},{"@type":"WebSite","@id":"https:\/\/lda.be\/fr\/#website","url":"https:\/\/lda.be\/fr\/","name":"LDA Belgium","description":"Solutions For Life","publisher":{"@id":"https:\/\/lda.be\/fr\/#organization"},"potentialAction":[{"@type":"SearchAction","target":{"@type":"EntryPoint","urlTemplate":"https:\/\/lda.be\/fr\/?s={search_term_string}"},"query-input":{"@type":"PropertyValueSpecification","valueRequired":true,"valueName":"search_term_string"}}],"inLanguage":"fr-FR"},{"@type":"Organization","@id":"https:\/\/lda.be\/fr\/#organization","name":"LDA Belgium","url":"https:\/\/lda.be\/fr\/","logo":{"@type":"ImageObject","inLanguage":"fr-FR","@id":"https:\/\/lda.be\/fr\/#\/schema\/logo\/image\/","url":"https:\/\/lda.be\/wp-content\/uploads\/2022\/07\/Logo-LDA.webp","contentUrl":"https:\/\/lda.be\/wp-content\/uploads\/2022\/07\/Logo-LDA.webp","width":311,"height":101,"caption":"LDA Belgium"},"image":{"@id":"https:\/\/lda.be\/fr\/#\/schema\/logo\/image\/"},"sameAs":["https:\/\/www.linkedin.com\/company\/lda-belgium-nv"]}]}},"_links":{"self":[{"href":"https:\/\/lda.be\/fr\/wp-json\/wp\/v2\/product\/6491","targetHints":{"allow":["GET"]}}],"collection":[{"href":"https:\/\/lda.be\/fr\/wp-json\/wp\/v2\/product"}],"about":[{"href":"https:\/\/lda.be\/fr\/wp-json\/wp\/v2\/types\/product"}],"replies":[{"embeddable":true,"href":"https:\/\/lda.be\/fr\/wp-json\/wp\/v2\/comments?post=6491"}],"wp:featuredmedia":[{"embeddable":true,"href":"https:\/\/lda.be\/fr\/wp-json\/wp\/v2\/media\/5854"}],"wp:attachment":[{"href":"https:\/\/lda.be\/fr\/wp-json\/wp\/v2\/media?parent=6491"}],"wp:term":[{"taxonomy":"product_brand","embeddable":true,"href":"https:\/\/lda.be\/fr\/wp-json\/wp\/v2\/product_brand?post=6491"},{"taxonomy":"product_cat","embeddable":true,"href":"https:\/\/lda.be\/fr\/wp-json\/wp\/v2\/product_cat?post=6491"},{"taxonomy":"product_tag","embeddable":true,"href":"https:\/\/lda.be\/fr\/wp-json\/wp\/v2\/product_tag?post=6491"}],"curies":[{"name":"wp","href":"https:\/\/api.w.org\/{rel}","templated":true}]}}