{"id":6565,"date":"2025-03-13T12:50:59","date_gmt":"2025-03-13T11:50:59","guid":{"rendered":"https:\/\/lda.be\/?post_type=product&#038;p=6565"},"modified":"2025-05-22T14:59:50","modified_gmt":"2025-05-22T13:59:50","slug":"atex-catalogue","status":"publish","type":"product","link":"https:\/\/lda.be\/fr\/produit\/atex-catalogue\/","title":{"rendered":"ATEX catalogue"},"content":{"rendered":"<p class=\"\" data-start=\"989\" data-end=\"1082\"><strong data-start=\"989\" data-end=\"1080\">Travailler en toute s\u00e9curit\u00e9 en atmosph\u00e8re explosive commence par une bonne information<\/strong><\/p>\n<p class=\"\" data-start=\"1084\" data-end=\"1449\">Les environnements explosifs exigent des choix r\u00e9fl\u00e9chis. Notre catalogue ATEX rassemble toutes les informations essentielles sur les produits conformes aux directives ATEX 2014\/34\/UE et 1999\/92\/CE. Vous y trouverez un aper\u00e7u clair des cat\u00e9gories d\u2019\u00e9quipements, des zones, des domaines d\u2019application et des exigences techniques auxquelles nos solutions r\u00e9pondent.<\/p>\n<p class=\"\" data-start=\"1451\" data-end=\"1791\">Que vous soyez charg\u00e9 de s\u00e9lectionner des \u00e9quipements, de r\u00e9aliser des \u00e9valuations des risques ou de veiller au respect des r\u00e9glementations, ce catalogue vous guide efficacement. Gr\u00e2ce \u00e0 des sch\u00e9mas clairs, des explications pratiques et un aper\u00e7u complet des produits disponibles, il constitue une base fiable pour toute application ATEX.<\/p>\n<p class=\"\" data-start=\"1793\" data-end=\"1930\"><strong data-start=\"1793\" data-end=\"1930\">T\u00e9l\u00e9chargez le catalogue et obtenez un aper\u00e7u imm\u00e9diat des solutions s\u00fbres et conformes pour les environnements \u00e0 risque d\u2019explosion.<\/strong><\/p>\n","protected":false},"excerpt":{"rendered":"<p>Travailler en toute s\u00e9curit\u00e9 en atmosph\u00e8re explosive commence par une bonne information Les environnements explosifs exigent des choix r\u00e9fl\u00e9chis. Notre catalogue ATEX rassemble toutes les informations essentielles sur les produits conformes aux directives ATEX 2014\/34\/UE et 1999\/92\/CE. Vous y trouverez un aper\u00e7u clair des cat\u00e9gories d\u2019\u00e9quipements, des zones, des domaines d\u2019application et des exigences techniques [&hellip;]<\/p>\n","protected":false},"featured_media":7661,"comment_status":"closed","ping_status":"closed","template":"","meta":[],"product_brand":[1274],"product_cat":[960],"product_tag":[],"class_list":{"0":"post-6565","1":"product","2":"type-product","3":"status-publish","4":"has-post-thumbnail","6":"product_brand-catalogi","7":"product_cat-catalogues-lda-pdf","9":"first","10":"instock","11":"shipping-taxable","12":"product-type-simple"},"yoast_head":"<!-- This site is optimized with the Yoast SEO plugin v27.3 - https:\/\/yoast.com\/product\/yoast-seo-wordpress\/ -->\n<title>ATEX catalogue - LDA Belgique<\/title>\n<meta name=\"description\" content=\"D\u00e9couvrez notre catalogue ATEX complet avec des informations d\u00e9taill\u00e9es sur les produits et solutions antid\u00e9flagrants pour votre industrie. Visitez-nous maintenant !\" \/>\n<meta name=\"robots\" content=\"index, follow, max-snippet:-1, max-image-preview:large, max-video-preview:-1\" \/>\n<link rel=\"canonical\" href=\"https:\/\/lda.be\/fr\/produit\/atex-catalogue\/\" \/>\n<meta property=\"og:locale\" content=\"fr_FR\" \/>\n<meta property=\"og:type\" content=\"article\" \/>\n<meta property=\"og:title\" content=\"ATEX catalogue - LDA Belgique\" \/>\n<meta property=\"og:description\" content=\"D\u00e9couvrez notre catalogue ATEX complet avec des informations d\u00e9taill\u00e9es sur les produits et solutions antid\u00e9flagrants pour votre industrie. Visitez-nous maintenant !\" \/>\n<meta property=\"og:url\" content=\"https:\/\/lda.be\/fr\/produit\/atex-catalogue\/\" \/>\n<meta property=\"og:site_name\" content=\"LDA Belgique\" \/>\n<meta property=\"article:modified_time\" content=\"2025-05-22T13:59:50+00:00\" \/>\n<meta property=\"og:image\" content=\"https:\/\/lda.be\/wp-content\/uploads\/2025\/05\/FR-ATEX-catalog-thumbnail-1.webp\" \/>\n\t<meta property=\"og:image:width\" content=\"720\" \/>\n\t<meta property=\"og:image:height\" content=\"720\" \/>\n\t<meta property=\"og:image:type\" content=\"image\/webp\" \/>\n<meta name=\"twitter:card\" content=\"summary_large_image\" \/>\n<meta name=\"twitter:label1\" content=\"Dur\u00e9e de lecture estim\u00e9e\" \/>\n\t<meta name=\"twitter:data1\" content=\"1 minute\" \/>\n<script type=\"application\/ld+json\" class=\"yoast-schema-graph\">{\"@context\":\"https:\\\/\\\/schema.org\",\"@graph\":[{\"@type\":\"WebPage\",\"@id\":\"https:\\\/\\\/lda.be\\\/fr\\\/produit\\\/atex-catalogue\\\/\",\"url\":\"https:\\\/\\\/lda.be\\\/fr\\\/produit\\\/atex-catalogue\\\/\",\"name\":\"ATEX catalogue - LDA Belgique\",\"isPartOf\":{\"@id\":\"https:\\\/\\\/lda.be\\\/fr\\\/#website\"},\"primaryImageOfPage\":{\"@id\":\"https:\\\/\\\/lda.be\\\/fr\\\/produit\\\/atex-catalogue\\\/#primaryimage\"},\"image\":{\"@id\":\"https:\\\/\\\/lda.be\\\/fr\\\/produit\\\/atex-catalogue\\\/#primaryimage\"},\"thumbnailUrl\":\"https:\\\/\\\/lda.be\\\/wp-content\\\/uploads\\\/2025\\\/05\\\/FR-ATEX-catalog-thumbnail-1.webp\",\"datePublished\":\"2025-03-13T11:50:59+00:00\",\"dateModified\":\"2025-05-22T13:59:50+00:00\",\"description\":\"D\u00e9couvrez notre catalogue ATEX complet avec des informations d\u00e9taill\u00e9es sur les produits et solutions antid\u00e9flagrants pour votre industrie. Visitez-nous maintenant !\",\"breadcrumb\":{\"@id\":\"https:\\\/\\\/lda.be\\\/fr\\\/produit\\\/atex-catalogue\\\/#breadcrumb\"},\"inLanguage\":\"fr-FR\",\"potentialAction\":[{\"@type\":\"ReadAction\",\"target\":[\"https:\\\/\\\/lda.be\\\/fr\\\/produit\\\/atex-catalogue\\\/\"]}]},{\"@type\":\"ImageObject\",\"inLanguage\":\"fr-FR\",\"@id\":\"https:\\\/\\\/lda.be\\\/fr\\\/produit\\\/atex-catalogue\\\/#primaryimage\",\"url\":\"https:\\\/\\\/lda.be\\\/wp-content\\\/uploads\\\/2025\\\/05\\\/FR-ATEX-catalog-thumbnail-1.webp\",\"contentUrl\":\"https:\\\/\\\/lda.be\\\/wp-content\\\/uploads\\\/2025\\\/05\\\/FR-ATEX-catalog-thumbnail-1.webp\",\"width\":720,\"height\":720,\"caption\":\"ATEX product catalogue\"},{\"@type\":\"BreadcrumbList\",\"@id\":\"https:\\\/\\\/lda.be\\\/fr\\\/produit\\\/atex-catalogue\\\/#breadcrumb\",\"itemListElement\":[{\"@type\":\"ListItem\",\"position\":1,\"name\":\"Accueil\",\"item\":\"https:\\\/\\\/lda.be\\\/fr\\\/\"},{\"@type\":\"ListItem\",\"position\":2,\"name\":\"Produits\",\"item\":\"https:\\\/\\\/lda.be\\\/fr\\\/produits\\\/\"},{\"@type\":\"ListItem\",\"position\":3,\"name\":\"ATEX catalogue\"}]},{\"@type\":\"WebSite\",\"@id\":\"https:\\\/\\\/lda.be\\\/fr\\\/#website\",\"url\":\"https:\\\/\\\/lda.be\\\/fr\\\/\",\"name\":\"LDA Belgium\",\"description\":\"Solutions For Life\",\"publisher\":{\"@id\":\"https:\\\/\\\/lda.be\\\/fr\\\/#organization\"},\"potentialAction\":[{\"@type\":\"SearchAction\",\"target\":{\"@type\":\"EntryPoint\",\"urlTemplate\":\"https:\\\/\\\/lda.be\\\/fr\\\/?s={search_term_string}\"},\"query-input\":{\"@type\":\"PropertyValueSpecification\",\"valueRequired\":true,\"valueName\":\"search_term_string\"}}],\"inLanguage\":\"fr-FR\"},{\"@type\":\"Organization\",\"@id\":\"https:\\\/\\\/lda.be\\\/fr\\\/#organization\",\"name\":\"LDA Belgium\",\"url\":\"https:\\\/\\\/lda.be\\\/fr\\\/\",\"logo\":{\"@type\":\"ImageObject\",\"inLanguage\":\"fr-FR\",\"@id\":\"https:\\\/\\\/lda.be\\\/fr\\\/#\\\/schema\\\/logo\\\/image\\\/\",\"url\":\"https:\\\/\\\/lda.be\\\/wp-content\\\/uploads\\\/2022\\\/07\\\/Logo-LDA.webp\",\"contentUrl\":\"https:\\\/\\\/lda.be\\\/wp-content\\\/uploads\\\/2022\\\/07\\\/Logo-LDA.webp\",\"width\":311,\"height\":101,\"caption\":\"LDA Belgium\"},\"image\":{\"@id\":\"https:\\\/\\\/lda.be\\\/fr\\\/#\\\/schema\\\/logo\\\/image\\\/\"},\"sameAs\":[\"https:\\\/\\\/www.linkedin.com\\\/company\\\/lda-belgium-nv\"]}]}<\/script>\n<!-- \/ Yoast SEO plugin. -->","yoast_head_json":{"title":"ATEX catalogue - LDA Belgique","description":"D\u00e9couvrez notre catalogue ATEX complet avec des informations d\u00e9taill\u00e9es sur les produits et solutions antid\u00e9flagrants pour votre industrie. Visitez-nous maintenant !","robots":{"index":"index","follow":"follow","max-snippet":"max-snippet:-1","max-image-preview":"max-image-preview:large","max-video-preview":"max-video-preview:-1"},"canonical":"https:\/\/lda.be\/fr\/produit\/atex-catalogue\/","og_locale":"fr_FR","og_type":"article","og_title":"ATEX catalogue - LDA Belgique","og_description":"D\u00e9couvrez notre catalogue ATEX complet avec des informations d\u00e9taill\u00e9es sur les produits et solutions antid\u00e9flagrants pour votre industrie. Visitez-nous maintenant !","og_url":"https:\/\/lda.be\/fr\/produit\/atex-catalogue\/","og_site_name":"LDA Belgique","article_modified_time":"2025-05-22T13:59:50+00:00","og_image":[{"width":720,"height":720,"url":"https:\/\/lda.be\/wp-content\/uploads\/2025\/05\/FR-ATEX-catalog-thumbnail-1.webp","type":"image\/webp"}],"twitter_card":"summary_large_image","twitter_misc":{"Dur\u00e9e de lecture estim\u00e9e":"1 minute"},"schema":{"@context":"https:\/\/schema.org","@graph":[{"@type":"WebPage","@id":"https:\/\/lda.be\/fr\/produit\/atex-catalogue\/","url":"https:\/\/lda.be\/fr\/produit\/atex-catalogue\/","name":"ATEX catalogue - LDA Belgique","isPartOf":{"@id":"https:\/\/lda.be\/fr\/#website"},"primaryImageOfPage":{"@id":"https:\/\/lda.be\/fr\/produit\/atex-catalogue\/#primaryimage"},"image":{"@id":"https:\/\/lda.be\/fr\/produit\/atex-catalogue\/#primaryimage"},"thumbnailUrl":"https:\/\/lda.be\/wp-content\/uploads\/2025\/05\/FR-ATEX-catalog-thumbnail-1.webp","datePublished":"2025-03-13T11:50:59+00:00","dateModified":"2025-05-22T13:59:50+00:00","description":"D\u00e9couvrez notre catalogue ATEX complet avec des informations d\u00e9taill\u00e9es sur les produits et solutions antid\u00e9flagrants pour votre industrie. Visitez-nous maintenant !","breadcrumb":{"@id":"https:\/\/lda.be\/fr\/produit\/atex-catalogue\/#breadcrumb"},"inLanguage":"fr-FR","potentialAction":[{"@type":"ReadAction","target":["https:\/\/lda.be\/fr\/produit\/atex-catalogue\/"]}]},{"@type":"ImageObject","inLanguage":"fr-FR","@id":"https:\/\/lda.be\/fr\/produit\/atex-catalogue\/#primaryimage","url":"https:\/\/lda.be\/wp-content\/uploads\/2025\/05\/FR-ATEX-catalog-thumbnail-1.webp","contentUrl":"https:\/\/lda.be\/wp-content\/uploads\/2025\/05\/FR-ATEX-catalog-thumbnail-1.webp","width":720,"height":720,"caption":"ATEX product catalogue"},{"@type":"BreadcrumbList","@id":"https:\/\/lda.be\/fr\/produit\/atex-catalogue\/#breadcrumb","itemListElement":[{"@type":"ListItem","position":1,"name":"Accueil","item":"https:\/\/lda.be\/fr\/"},{"@type":"ListItem","position":2,"name":"Produits","item":"https:\/\/lda.be\/fr\/produits\/"},{"@type":"ListItem","position":3,"name":"ATEX catalogue"}]},{"@type":"WebSite","@id":"https:\/\/lda.be\/fr\/#website","url":"https:\/\/lda.be\/fr\/","name":"LDA Belgium","description":"Solutions For Life","publisher":{"@id":"https:\/\/lda.be\/fr\/#organization"},"potentialAction":[{"@type":"SearchAction","target":{"@type":"EntryPoint","urlTemplate":"https:\/\/lda.be\/fr\/?s={search_term_string}"},"query-input":{"@type":"PropertyValueSpecification","valueRequired":true,"valueName":"search_term_string"}}],"inLanguage":"fr-FR"},{"@type":"Organization","@id":"https:\/\/lda.be\/fr\/#organization","name":"LDA Belgium","url":"https:\/\/lda.be\/fr\/","logo":{"@type":"ImageObject","inLanguage":"fr-FR","@id":"https:\/\/lda.be\/fr\/#\/schema\/logo\/image\/","url":"https:\/\/lda.be\/wp-content\/uploads\/2022\/07\/Logo-LDA.webp","contentUrl":"https:\/\/lda.be\/wp-content\/uploads\/2022\/07\/Logo-LDA.webp","width":311,"height":101,"caption":"LDA Belgium"},"image":{"@id":"https:\/\/lda.be\/fr\/#\/schema\/logo\/image\/"},"sameAs":["https:\/\/www.linkedin.com\/company\/lda-belgium-nv"]}]}},"_links":{"self":[{"href":"https:\/\/lda.be\/fr\/wp-json\/wp\/v2\/product\/6565","targetHints":{"allow":["GET"]}}],"collection":[{"href":"https:\/\/lda.be\/fr\/wp-json\/wp\/v2\/product"}],"about":[{"href":"https:\/\/lda.be\/fr\/wp-json\/wp\/v2\/types\/product"}],"replies":[{"embeddable":true,"href":"https:\/\/lda.be\/fr\/wp-json\/wp\/v2\/comments?post=6565"}],"wp:featuredmedia":[{"embeddable":true,"href":"https:\/\/lda.be\/fr\/wp-json\/wp\/v2\/media\/7661"}],"wp:attachment":[{"href":"https:\/\/lda.be\/fr\/wp-json\/wp\/v2\/media?parent=6565"}],"wp:term":[{"taxonomy":"product_brand","embeddable":true,"href":"https:\/\/lda.be\/fr\/wp-json\/wp\/v2\/product_brand?post=6565"},{"taxonomy":"product_cat","embeddable":true,"href":"https:\/\/lda.be\/fr\/wp-json\/wp\/v2\/product_cat?post=6565"},{"taxonomy":"product_tag","embeddable":true,"href":"https:\/\/lda.be\/fr\/wp-json\/wp\/v2\/product_tag?post=6565"}],"curies":[{"name":"wp","href":"https:\/\/api.w.org\/{rel}","templated":true}]}}