{"id":6615,"date":"2025-03-15T17:08:20","date_gmt":"2025-03-15T16:08:20","guid":{"rendered":"https:\/\/lda.be\/?post_type=product&#038;p=6615"},"modified":"2025-05-03T17:30:36","modified_gmt":"2025-05-03T16:30:36","slug":"catalogue-de-composants-electriques","status":"publish","type":"product","link":"https:\/\/lda.be\/fr\/produit\/catalogue-de-composants-electriques\/","title":{"rendered":"Catalogue de composants \u00e9lectriques"},"content":{"rendered":"<p>Lisez le catalogue sur les composants \u00e9lectriques industriels et d\u00e9couvrez comment LDA peut innover vos machines. Le catalogue de LDA vous offre de nombreux produits pour les machines \u00e9lectriques. D\u00e9couvrez diff\u00e9rentes marques avec leurs solutions \u00e9lectriques qui peuvent am\u00e9liorer vos syst\u00e8mes<\/p>\n<p>Le catalogue de LDA vous offre non seulement une large s\u00e9lection de composants \u00e9lectriques pour les machines, mais aussi des moyens innovants d&#8217;am\u00e9liorer et d&#8217;optimiser les syst\u00e8mes existants. Des moteurs \u00e9lectriques aux syst\u00e8mes de contr\u00f4le intelligents, nous proposons des produits qui vous aident \u00e0 cr\u00e9er des solutions industrielles flexibles, durables et efficaces.<\/p>\n<p>&nbsp;<\/p>\n<p>T\u00e9l\u00e9chargez le catalogue ci-dessous et informez-vous sur les produits que LDA peut vous offrir.<\/p>\n","protected":false},"excerpt":{"rendered":"<p>Lisez le catalogue sur les composants \u00e9lectriques industriels et d\u00e9couvrez comment LDA peut innover vos machines. Le catalogue de LDA vous offre de nombreux produits pour les machines \u00e9lectriques. D\u00e9couvrez diff\u00e9rentes marques avec leurs solutions \u00e9lectriques qui peuvent am\u00e9liorer vos syst\u00e8mes Le catalogue de LDA vous offre non seulement une large s\u00e9lection de composants \u00e9lectriques [&hellip;]<\/p>\n","protected":false},"featured_media":5833,"comment_status":"closed","ping_status":"closed","template":"","meta":[],"product_brand":[1274],"product_cat":[960],"product_tag":[],"class_list":{"0":"post-6615","1":"product","2":"type-product","3":"status-publish","4":"has-post-thumbnail","6":"product_brand-catalogi","7":"product_cat-catalogues-lda-pdf","9":"first","10":"instock","11":"shipping-taxable","12":"product-type-simple"},"yoast_head":"<!-- This site is optimized with the Yoast SEO plugin v27.3 - https:\/\/yoast.com\/product\/yoast-seo-wordpress\/ -->\n<title>Catalogue de composants \u00e9lectriques - LDA Belgique<\/title>\n<meta name=\"robots\" content=\"index, follow, max-snippet:-1, max-image-preview:large, max-video-preview:-1\" \/>\n<link rel=\"canonical\" href=\"https:\/\/lda.be\/fr\/produit\/catalogue-de-composants-electriques\/\" \/>\n<meta property=\"og:locale\" content=\"fr_FR\" \/>\n<meta property=\"og:type\" content=\"article\" \/>\n<meta property=\"og:title\" content=\"Catalogue de composants \u00e9lectriques - LDA Belgique\" \/>\n<meta property=\"og:description\" content=\"Lisez le catalogue sur les composants \u00e9lectriques industriels et d\u00e9couvrez comment LDA peut innover vos machines. Le catalogue de LDA vous offre de nombreux produits pour les machines \u00e9lectriques. D\u00e9couvrez diff\u00e9rentes marques avec leurs solutions \u00e9lectriques qui peuvent am\u00e9liorer vos syst\u00e8mes Le catalogue de LDA vous offre non seulement une large s\u00e9lection de composants \u00e9lectriques [&hellip;]\" \/>\n<meta property=\"og:url\" content=\"https:\/\/lda.be\/fr\/produit\/catalogue-de-composants-electriques\/\" \/>\n<meta property=\"og:site_name\" content=\"LDA Belgique\" \/>\n<meta property=\"article:modified_time\" content=\"2025-05-03T16:30:36+00:00\" \/>\n<meta property=\"og:image\" content=\"https:\/\/lda.be\/wp-content\/uploads\/2025\/05\/electric-components-FR.webp\" \/>\n\t<meta property=\"og:image:width\" content=\"720\" \/>\n\t<meta property=\"og:image:height\" content=\"720\" \/>\n\t<meta property=\"og:image:type\" content=\"image\/webp\" \/>\n<meta name=\"twitter:card\" content=\"summary_large_image\" \/>\n<meta name=\"twitter:label1\" content=\"Dur\u00e9e de lecture estim\u00e9e\" \/>\n\t<meta name=\"twitter:data1\" content=\"1 minute\" \/>\n<script type=\"application\/ld+json\" class=\"yoast-schema-graph\">{\"@context\":\"https:\\\/\\\/schema.org\",\"@graph\":[{\"@type\":\"WebPage\",\"@id\":\"https:\\\/\\\/lda.be\\\/fr\\\/produit\\\/catalogue-de-composants-electriques\\\/\",\"url\":\"https:\\\/\\\/lda.be\\\/fr\\\/produit\\\/catalogue-de-composants-electriques\\\/\",\"name\":\"Catalogue de composants \u00e9lectriques - LDA Belgique\",\"isPartOf\":{\"@id\":\"https:\\\/\\\/lda.be\\\/fr\\\/#website\"},\"primaryImageOfPage\":{\"@id\":\"https:\\\/\\\/lda.be\\\/fr\\\/produit\\\/catalogue-de-composants-electriques\\\/#primaryimage\"},\"image\":{\"@id\":\"https:\\\/\\\/lda.be\\\/fr\\\/produit\\\/catalogue-de-composants-electriques\\\/#primaryimage\"},\"thumbnailUrl\":\"https:\\\/\\\/lda.be\\\/wp-content\\\/uploads\\\/2025\\\/05\\\/electric-components-FR.webp\",\"datePublished\":\"2025-03-15T16:08:20+00:00\",\"dateModified\":\"2025-05-03T16:30:36+00:00\",\"breadcrumb\":{\"@id\":\"https:\\\/\\\/lda.be\\\/fr\\\/produit\\\/catalogue-de-composants-electriques\\\/#breadcrumb\"},\"inLanguage\":\"fr-FR\",\"potentialAction\":[{\"@type\":\"ReadAction\",\"target\":[\"https:\\\/\\\/lda.be\\\/fr\\\/produit\\\/catalogue-de-composants-electriques\\\/\"]}]},{\"@type\":\"ImageObject\",\"inLanguage\":\"fr-FR\",\"@id\":\"https:\\\/\\\/lda.be\\\/fr\\\/produit\\\/catalogue-de-composants-electriques\\\/#primaryimage\",\"url\":\"https:\\\/\\\/lda.be\\\/wp-content\\\/uploads\\\/2025\\\/05\\\/electric-components-FR.webp\",\"contentUrl\":\"https:\\\/\\\/lda.be\\\/wp-content\\\/uploads\\\/2025\\\/05\\\/electric-components-FR.webp\",\"width\":720,\"height\":720,\"caption\":\"LDA front cover for electric components catalog in dutch\"},{\"@type\":\"BreadcrumbList\",\"@id\":\"https:\\\/\\\/lda.be\\\/fr\\\/produit\\\/catalogue-de-composants-electriques\\\/#breadcrumb\",\"itemListElement\":[{\"@type\":\"ListItem\",\"position\":1,\"name\":\"Accueil\",\"item\":\"https:\\\/\\\/lda.be\\\/fr\\\/\"},{\"@type\":\"ListItem\",\"position\":2,\"name\":\"Produits\",\"item\":\"https:\\\/\\\/lda.be\\\/fr\\\/produits\\\/\"},{\"@type\":\"ListItem\",\"position\":3,\"name\":\"Catalogue de composants \u00e9lectriques\"}]},{\"@type\":\"WebSite\",\"@id\":\"https:\\\/\\\/lda.be\\\/fr\\\/#website\",\"url\":\"https:\\\/\\\/lda.be\\\/fr\\\/\",\"name\":\"LDA Belgium\",\"description\":\"Solutions For Life\",\"publisher\":{\"@id\":\"https:\\\/\\\/lda.be\\\/fr\\\/#organization\"},\"potentialAction\":[{\"@type\":\"SearchAction\",\"target\":{\"@type\":\"EntryPoint\",\"urlTemplate\":\"https:\\\/\\\/lda.be\\\/fr\\\/?s={search_term_string}\"},\"query-input\":{\"@type\":\"PropertyValueSpecification\",\"valueRequired\":true,\"valueName\":\"search_term_string\"}}],\"inLanguage\":\"fr-FR\"},{\"@type\":\"Organization\",\"@id\":\"https:\\\/\\\/lda.be\\\/fr\\\/#organization\",\"name\":\"LDA Belgium\",\"url\":\"https:\\\/\\\/lda.be\\\/fr\\\/\",\"logo\":{\"@type\":\"ImageObject\",\"inLanguage\":\"fr-FR\",\"@id\":\"https:\\\/\\\/lda.be\\\/fr\\\/#\\\/schema\\\/logo\\\/image\\\/\",\"url\":\"https:\\\/\\\/lda.be\\\/wp-content\\\/uploads\\\/2022\\\/07\\\/Logo-LDA.webp\",\"contentUrl\":\"https:\\\/\\\/lda.be\\\/wp-content\\\/uploads\\\/2022\\\/07\\\/Logo-LDA.webp\",\"width\":311,\"height\":101,\"caption\":\"LDA Belgium\"},\"image\":{\"@id\":\"https:\\\/\\\/lda.be\\\/fr\\\/#\\\/schema\\\/logo\\\/image\\\/\"},\"sameAs\":[\"https:\\\/\\\/www.linkedin.com\\\/company\\\/lda-belgium-nv\"]}]}<\/script>\n<!-- \/ Yoast SEO plugin. -->","yoast_head_json":{"title":"Catalogue de composants \u00e9lectriques - LDA Belgique","robots":{"index":"index","follow":"follow","max-snippet":"max-snippet:-1","max-image-preview":"max-image-preview:large","max-video-preview":"max-video-preview:-1"},"canonical":"https:\/\/lda.be\/fr\/produit\/catalogue-de-composants-electriques\/","og_locale":"fr_FR","og_type":"article","og_title":"Catalogue de composants \u00e9lectriques - LDA Belgique","og_description":"Lisez le catalogue sur les composants \u00e9lectriques industriels et d\u00e9couvrez comment LDA peut innover vos machines. Le catalogue de LDA vous offre de nombreux produits pour les machines \u00e9lectriques. D\u00e9couvrez diff\u00e9rentes marques avec leurs solutions \u00e9lectriques qui peuvent am\u00e9liorer vos syst\u00e8mes Le catalogue de LDA vous offre non seulement une large s\u00e9lection de composants \u00e9lectriques [&hellip;]","og_url":"https:\/\/lda.be\/fr\/produit\/catalogue-de-composants-electriques\/","og_site_name":"LDA Belgique","article_modified_time":"2025-05-03T16:30:36+00:00","og_image":[{"width":720,"height":720,"url":"https:\/\/lda.be\/wp-content\/uploads\/2025\/05\/electric-components-FR.webp","type":"image\/webp"}],"twitter_card":"summary_large_image","twitter_misc":{"Dur\u00e9e de lecture estim\u00e9e":"1 minute"},"schema":{"@context":"https:\/\/schema.org","@graph":[{"@type":"WebPage","@id":"https:\/\/lda.be\/fr\/produit\/catalogue-de-composants-electriques\/","url":"https:\/\/lda.be\/fr\/produit\/catalogue-de-composants-electriques\/","name":"Catalogue de composants \u00e9lectriques - LDA Belgique","isPartOf":{"@id":"https:\/\/lda.be\/fr\/#website"},"primaryImageOfPage":{"@id":"https:\/\/lda.be\/fr\/produit\/catalogue-de-composants-electriques\/#primaryimage"},"image":{"@id":"https:\/\/lda.be\/fr\/produit\/catalogue-de-composants-electriques\/#primaryimage"},"thumbnailUrl":"https:\/\/lda.be\/wp-content\/uploads\/2025\/05\/electric-components-FR.webp","datePublished":"2025-03-15T16:08:20+00:00","dateModified":"2025-05-03T16:30:36+00:00","breadcrumb":{"@id":"https:\/\/lda.be\/fr\/produit\/catalogue-de-composants-electriques\/#breadcrumb"},"inLanguage":"fr-FR","potentialAction":[{"@type":"ReadAction","target":["https:\/\/lda.be\/fr\/produit\/catalogue-de-composants-electriques\/"]}]},{"@type":"ImageObject","inLanguage":"fr-FR","@id":"https:\/\/lda.be\/fr\/produit\/catalogue-de-composants-electriques\/#primaryimage","url":"https:\/\/lda.be\/wp-content\/uploads\/2025\/05\/electric-components-FR.webp","contentUrl":"https:\/\/lda.be\/wp-content\/uploads\/2025\/05\/electric-components-FR.webp","width":720,"height":720,"caption":"LDA front cover for electric components catalog in dutch"},{"@type":"BreadcrumbList","@id":"https:\/\/lda.be\/fr\/produit\/catalogue-de-composants-electriques\/#breadcrumb","itemListElement":[{"@type":"ListItem","position":1,"name":"Accueil","item":"https:\/\/lda.be\/fr\/"},{"@type":"ListItem","position":2,"name":"Produits","item":"https:\/\/lda.be\/fr\/produits\/"},{"@type":"ListItem","position":3,"name":"Catalogue de composants \u00e9lectriques"}]},{"@type":"WebSite","@id":"https:\/\/lda.be\/fr\/#website","url":"https:\/\/lda.be\/fr\/","name":"LDA Belgium","description":"Solutions For Life","publisher":{"@id":"https:\/\/lda.be\/fr\/#organization"},"potentialAction":[{"@type":"SearchAction","target":{"@type":"EntryPoint","urlTemplate":"https:\/\/lda.be\/fr\/?s={search_term_string}"},"query-input":{"@type":"PropertyValueSpecification","valueRequired":true,"valueName":"search_term_string"}}],"inLanguage":"fr-FR"},{"@type":"Organization","@id":"https:\/\/lda.be\/fr\/#organization","name":"LDA Belgium","url":"https:\/\/lda.be\/fr\/","logo":{"@type":"ImageObject","inLanguage":"fr-FR","@id":"https:\/\/lda.be\/fr\/#\/schema\/logo\/image\/","url":"https:\/\/lda.be\/wp-content\/uploads\/2022\/07\/Logo-LDA.webp","contentUrl":"https:\/\/lda.be\/wp-content\/uploads\/2022\/07\/Logo-LDA.webp","width":311,"height":101,"caption":"LDA Belgium"},"image":{"@id":"https:\/\/lda.be\/fr\/#\/schema\/logo\/image\/"},"sameAs":["https:\/\/www.linkedin.com\/company\/lda-belgium-nv"]}]}},"_links":{"self":[{"href":"https:\/\/lda.be\/fr\/wp-json\/wp\/v2\/product\/6615","targetHints":{"allow":["GET"]}}],"collection":[{"href":"https:\/\/lda.be\/fr\/wp-json\/wp\/v2\/product"}],"about":[{"href":"https:\/\/lda.be\/fr\/wp-json\/wp\/v2\/types\/product"}],"replies":[{"embeddable":true,"href":"https:\/\/lda.be\/fr\/wp-json\/wp\/v2\/comments?post=6615"}],"wp:featuredmedia":[{"embeddable":true,"href":"https:\/\/lda.be\/fr\/wp-json\/wp\/v2\/media\/5833"}],"wp:attachment":[{"href":"https:\/\/lda.be\/fr\/wp-json\/wp\/v2\/media?parent=6615"}],"wp:term":[{"taxonomy":"product_brand","embeddable":true,"href":"https:\/\/lda.be\/fr\/wp-json\/wp\/v2\/product_brand?post=6615"},{"taxonomy":"product_cat","embeddable":true,"href":"https:\/\/lda.be\/fr\/wp-json\/wp\/v2\/product_cat?post=6615"},{"taxonomy":"product_tag","embeddable":true,"href":"https:\/\/lda.be\/fr\/wp-json\/wp\/v2\/product_tag?post=6615"}],"curies":[{"name":"wp","href":"https:\/\/api.w.org\/{rel}","templated":true}]}}