{"id":6644,"date":"2025-03-26T17:54:18","date_gmt":"2025-03-26T16:54:18","guid":{"rendered":"https:\/\/lda.be\/?post_type=product&#038;p=6644"},"modified":"2025-04-15T15:32:59","modified_gmt":"2025-04-15T14:32:59","slug":"amortisseurs-a-air-dashpot","status":"publish","type":"product","link":"https:\/\/lda.be\/fr\/produit\/amortisseurs-a-air-dashpot\/","title":{"rendered":"Amortisseurs \u00e0 air &#8220;Dashpot&#8221;"},"content":{"rendered":"<p>Lorsqu&#8217;il est n\u00e9cessaire de r\u00e9duire ou d&#8217;\u00e9liminer des mouvements nuisibles ou excessifs, les amortisseurs Airpot offrent un contr\u00f4le de mouvement tr\u00e8s pr\u00e9cis, incluant l&#8217;amortissement des vibrations, l&#8217;amortissement par ressort, l&#8217;amortissement par sol\u00e9no\u00efde et le contr\u00f4le de la vitesse de chute libre. La technologie de pr\u00e9cision du cylindre en verre et du piston en graphite d&#8217;Airpot produit des dispositifs pneumatiques de qualit\u00e9 instrumentale, con\u00e7us et optimis\u00e9s pour un contr\u00f4le pr\u00e9cis et reproductible de la force.<\/p>\n<p>Les Dashpot Airpot sont sp\u00e9cialement con\u00e7us pour offrir une pr\u00e9cision de dissipation d&#8217;\u00e9nergie in\u00e9gal\u00e9e en \u00e9liminant les frottements de leurs \u00e9l\u00e9ments actifs. Les mat\u00e9riaux utilis\u00e9s pr\u00e9sentent un pouvoir lubrifiant int\u00e9gr\u00e9, un rapport r\u00e9sistance\/poids \u00e9lev\u00e9, une excellente stabilit\u00e9 aux extr\u00eames de temp\u00e9rature et d&#8217;humidit\u00e9, des coefficients de dilatation thermique proches et des performances stables en raison du vieillissement ou de la non-utilisation.<\/p>\n<p>Il en r\u00e9sulte une gamme de dispositifs d&#8217;amortissement offrant une pr\u00e9cision sup\u00e9rieure et peu ou pas de frottement.<\/p>\n<p>La technologie de pr\u00e9cision du cylindre en verre et du piston en graphite d&#8217;Airpot produit des dispositifs pneumatiques de qualit\u00e9 instrumentale, con\u00e7us et optimis\u00e9s pour un contr\u00f4le pr\u00e9cis et reproductible de la force. Les amortisseurs de pr\u00e9cision Airpot \u00ab Accurate Force \u00bb utilisent l&#8217;air ambiant pour contr\u00f4ler avec pr\u00e9cision la force, la vitesse et l&#8217;impact. Ils sont id\u00e9aux pour la conception ou l&#8217;am\u00e9lioration d&#8217;une gamme de produits ou la construction d&#8217;\u00e9quipements sp\u00e9cialis\u00e9s pour la recherche, les tests de haut niveau ou l&#8217;assemblage de pr\u00e9cision.<\/p>\n<p>Les Dashpots Airpot sont disponibles en 6 diam\u00e8tres d&#8217;al\u00e9sage allant de 5,6 \u00e0 45 mm, avec un amortissement en pouss\u00e9e, en traction ou bidirectionnel, et des courses de 13 \u00e0 76 mm.<\/p>\n","protected":false},"excerpt":{"rendered":"<p>Lorsqu&#8217;il est n\u00e9cessaire de r\u00e9duire ou d&#8217;\u00e9liminer des mouvements nuisibles ou excessifs, les amortisseurs Airpot offrent un contr\u00f4le de mouvement tr\u00e8s pr\u00e9cis, incluant l&#8217;amortissement des vibrations, l&#8217;amortissement par ressort, l&#8217;amortissement par sol\u00e9no\u00efde et le contr\u00f4le de la vitesse de chute libre. La technologie de pr\u00e9cision du cylindre en verre et du piston en graphite d&#8217;Airpot [&hellip;]<\/p>\n","protected":false},"featured_media":6265,"comment_status":"closed","ping_status":"closed","template":"","meta":[],"product_brand":[1261],"product_cat":[1164],"product_tag":[],"class_list":{"0":"post-6644","1":"product","2":"type-product","3":"status-publish","4":"has-post-thumbnail","6":"product_brand-airpot","7":"product_cat-amortisseurs-a-air","9":"first","10":"instock","11":"shipping-taxable","12":"product-type-simple"},"yoast_head":"<!-- This site is optimized with the Yoast SEO plugin v27.5 - https:\/\/yoast.com\/product\/yoast-seo-wordpress\/ -->\n<title>Amortisseurs \u00e0 air &quot;Dashpot&quot; - LDA Belgique<\/title>\n<meta name=\"robots\" content=\"index, follow, max-snippet:-1, max-image-preview:large, max-video-preview:-1\" \/>\n<link rel=\"canonical\" href=\"https:\/\/lda.be\/fr\/produit\/amortisseurs-a-air-dashpot\/\" \/>\n<meta property=\"og:locale\" content=\"fr_FR\" \/>\n<meta property=\"og:type\" content=\"article\" \/>\n<meta property=\"og:title\" content=\"Amortisseurs \u00e0 air &quot;Dashpot&quot; - LDA Belgique\" \/>\n<meta property=\"og:description\" content=\"Lorsqu&#8217;il est n\u00e9cessaire de r\u00e9duire ou d&#8217;\u00e9liminer des mouvements nuisibles ou excessifs, les amortisseurs Airpot offrent un contr\u00f4le de mouvement tr\u00e8s pr\u00e9cis, incluant l&#8217;amortissement des vibrations, l&#8217;amortissement par ressort, l&#8217;amortissement par sol\u00e9no\u00efde et le contr\u00f4le de la vitesse de chute libre. La technologie de pr\u00e9cision du cylindre en verre et du piston en graphite d&#8217;Airpot [&hellip;]\" \/>\n<meta property=\"og:url\" content=\"https:\/\/lda.be\/fr\/produit\/amortisseurs-a-air-dashpot\/\" \/>\n<meta property=\"og:site_name\" content=\"LDA Belgique\" \/>\n<meta property=\"article:modified_time\" content=\"2025-04-15T14:32:59+00:00\" \/>\n<meta property=\"og:image\" content=\"https:\/\/lda.be\/wp-content\/uploads\/2025\/03\/dashpot.webp\" \/>\n\t<meta property=\"og:image:width\" content=\"720\" \/>\n\t<meta property=\"og:image:height\" content=\"720\" \/>\n\t<meta property=\"og:image:type\" content=\"image\/webp\" \/>\n<meta name=\"twitter:card\" content=\"summary_large_image\" \/>\n<meta name=\"twitter:label1\" content=\"Dur\u00e9e de lecture estim\u00e9e\" \/>\n\t<meta name=\"twitter:data1\" content=\"2 minutes\" \/>\n<script type=\"application\/ld+json\" class=\"yoast-schema-graph\">{\"@context\":\"https:\\\/\\\/schema.org\",\"@graph\":[{\"@type\":\"WebPage\",\"@id\":\"https:\\\/\\\/lda.be\\\/fr\\\/produit\\\/amortisseurs-a-air-dashpot\\\/\",\"url\":\"https:\\\/\\\/lda.be\\\/fr\\\/produit\\\/amortisseurs-a-air-dashpot\\\/\",\"name\":\"Amortisseurs \u00e0 air \\\"Dashpot\\\" - LDA Belgique\",\"isPartOf\":{\"@id\":\"https:\\\/\\\/lda.be\\\/fr\\\/#website\"},\"primaryImageOfPage\":{\"@id\":\"https:\\\/\\\/lda.be\\\/fr\\\/produit\\\/amortisseurs-a-air-dashpot\\\/#primaryimage\"},\"image\":{\"@id\":\"https:\\\/\\\/lda.be\\\/fr\\\/produit\\\/amortisseurs-a-air-dashpot\\\/#primaryimage\"},\"thumbnailUrl\":\"https:\\\/\\\/lda.be\\\/wp-content\\\/uploads\\\/2025\\\/03\\\/dashpot.webp\",\"datePublished\":\"2025-03-26T16:54:18+00:00\",\"dateModified\":\"2025-04-15T14:32:59+00:00\",\"breadcrumb\":{\"@id\":\"https:\\\/\\\/lda.be\\\/fr\\\/produit\\\/amortisseurs-a-air-dashpot\\\/#breadcrumb\"},\"inLanguage\":\"fr-FR\",\"potentialAction\":[{\"@type\":\"ReadAction\",\"target\":[\"https:\\\/\\\/lda.be\\\/fr\\\/produit\\\/amortisseurs-a-air-dashpot\\\/\"]}]},{\"@type\":\"ImageObject\",\"inLanguage\":\"fr-FR\",\"@id\":\"https:\\\/\\\/lda.be\\\/fr\\\/produit\\\/amortisseurs-a-air-dashpot\\\/#primaryimage\",\"url\":\"https:\\\/\\\/lda.be\\\/wp-content\\\/uploads\\\/2025\\\/03\\\/dashpot.webp\",\"contentUrl\":\"https:\\\/\\\/lda.be\\\/wp-content\\\/uploads\\\/2025\\\/03\\\/dashpot.webp\",\"width\":720,\"height\":720},{\"@type\":\"BreadcrumbList\",\"@id\":\"https:\\\/\\\/lda.be\\\/fr\\\/produit\\\/amortisseurs-a-air-dashpot\\\/#breadcrumb\",\"itemListElement\":[{\"@type\":\"ListItem\",\"position\":1,\"name\":\"Accueil\",\"item\":\"https:\\\/\\\/lda.be\\\/fr\\\/\"},{\"@type\":\"ListItem\",\"position\":2,\"name\":\"Produits\",\"item\":\"https:\\\/\\\/lda.be\\\/fr\\\/produits\\\/\"},{\"@type\":\"ListItem\",\"position\":3,\"name\":\"Amortisseurs \u00e0 air &#8220;Dashpot&#8221;\"}]},{\"@type\":\"WebSite\",\"@id\":\"https:\\\/\\\/lda.be\\\/fr\\\/#website\",\"url\":\"https:\\\/\\\/lda.be\\\/fr\\\/\",\"name\":\"LDA Belgium\",\"description\":\"Solutions For Life\",\"publisher\":{\"@id\":\"https:\\\/\\\/lda.be\\\/fr\\\/#organization\"},\"potentialAction\":[{\"@type\":\"SearchAction\",\"target\":{\"@type\":\"EntryPoint\",\"urlTemplate\":\"https:\\\/\\\/lda.be\\\/fr\\\/?s={search_term_string}\"},\"query-input\":{\"@type\":\"PropertyValueSpecification\",\"valueRequired\":true,\"valueName\":\"search_term_string\"}}],\"inLanguage\":\"fr-FR\"},{\"@type\":\"Organization\",\"@id\":\"https:\\\/\\\/lda.be\\\/fr\\\/#organization\",\"name\":\"LDA Belgium\",\"url\":\"https:\\\/\\\/lda.be\\\/fr\\\/\",\"logo\":{\"@type\":\"ImageObject\",\"inLanguage\":\"fr-FR\",\"@id\":\"https:\\\/\\\/lda.be\\\/fr\\\/#\\\/schema\\\/logo\\\/image\\\/\",\"url\":\"https:\\\/\\\/lda.be\\\/wp-content\\\/uploads\\\/2022\\\/07\\\/Logo-LDA.webp\",\"contentUrl\":\"https:\\\/\\\/lda.be\\\/wp-content\\\/uploads\\\/2022\\\/07\\\/Logo-LDA.webp\",\"width\":311,\"height\":101,\"caption\":\"LDA Belgium\"},\"image\":{\"@id\":\"https:\\\/\\\/lda.be\\\/fr\\\/#\\\/schema\\\/logo\\\/image\\\/\"},\"sameAs\":[\"https:\\\/\\\/www.linkedin.com\\\/company\\\/lda-belgium-nv\"]}]}<\/script>\n<!-- \/ Yoast SEO plugin. -->","yoast_head_json":{"title":"Amortisseurs \u00e0 air \"Dashpot\" - LDA Belgique","robots":{"index":"index","follow":"follow","max-snippet":"max-snippet:-1","max-image-preview":"max-image-preview:large","max-video-preview":"max-video-preview:-1"},"canonical":"https:\/\/lda.be\/fr\/produit\/amortisseurs-a-air-dashpot\/","og_locale":"fr_FR","og_type":"article","og_title":"Amortisseurs \u00e0 air \"Dashpot\" - LDA Belgique","og_description":"Lorsqu&#8217;il est n\u00e9cessaire de r\u00e9duire ou d&#8217;\u00e9liminer des mouvements nuisibles ou excessifs, les amortisseurs Airpot offrent un contr\u00f4le de mouvement tr\u00e8s pr\u00e9cis, incluant l&#8217;amortissement des vibrations, l&#8217;amortissement par ressort, l&#8217;amortissement par sol\u00e9no\u00efde et le contr\u00f4le de la vitesse de chute libre. La technologie de pr\u00e9cision du cylindre en verre et du piston en graphite d&#8217;Airpot [&hellip;]","og_url":"https:\/\/lda.be\/fr\/produit\/amortisseurs-a-air-dashpot\/","og_site_name":"LDA Belgique","article_modified_time":"2025-04-15T14:32:59+00:00","og_image":[{"width":720,"height":720,"url":"https:\/\/lda.be\/wp-content\/uploads\/2025\/03\/dashpot.webp","type":"image\/webp"}],"twitter_card":"summary_large_image","twitter_misc":{"Dur\u00e9e de lecture estim\u00e9e":"2 minutes"},"schema":{"@context":"https:\/\/schema.org","@graph":[{"@type":"WebPage","@id":"https:\/\/lda.be\/fr\/produit\/amortisseurs-a-air-dashpot\/","url":"https:\/\/lda.be\/fr\/produit\/amortisseurs-a-air-dashpot\/","name":"Amortisseurs \u00e0 air \"Dashpot\" - LDA Belgique","isPartOf":{"@id":"https:\/\/lda.be\/fr\/#website"},"primaryImageOfPage":{"@id":"https:\/\/lda.be\/fr\/produit\/amortisseurs-a-air-dashpot\/#primaryimage"},"image":{"@id":"https:\/\/lda.be\/fr\/produit\/amortisseurs-a-air-dashpot\/#primaryimage"},"thumbnailUrl":"https:\/\/lda.be\/wp-content\/uploads\/2025\/03\/dashpot.webp","datePublished":"2025-03-26T16:54:18+00:00","dateModified":"2025-04-15T14:32:59+00:00","breadcrumb":{"@id":"https:\/\/lda.be\/fr\/produit\/amortisseurs-a-air-dashpot\/#breadcrumb"},"inLanguage":"fr-FR","potentialAction":[{"@type":"ReadAction","target":["https:\/\/lda.be\/fr\/produit\/amortisseurs-a-air-dashpot\/"]}]},{"@type":"ImageObject","inLanguage":"fr-FR","@id":"https:\/\/lda.be\/fr\/produit\/amortisseurs-a-air-dashpot\/#primaryimage","url":"https:\/\/lda.be\/wp-content\/uploads\/2025\/03\/dashpot.webp","contentUrl":"https:\/\/lda.be\/wp-content\/uploads\/2025\/03\/dashpot.webp","width":720,"height":720},{"@type":"BreadcrumbList","@id":"https:\/\/lda.be\/fr\/produit\/amortisseurs-a-air-dashpot\/#breadcrumb","itemListElement":[{"@type":"ListItem","position":1,"name":"Accueil","item":"https:\/\/lda.be\/fr\/"},{"@type":"ListItem","position":2,"name":"Produits","item":"https:\/\/lda.be\/fr\/produits\/"},{"@type":"ListItem","position":3,"name":"Amortisseurs \u00e0 air &#8220;Dashpot&#8221;"}]},{"@type":"WebSite","@id":"https:\/\/lda.be\/fr\/#website","url":"https:\/\/lda.be\/fr\/","name":"LDA Belgium","description":"Solutions For Life","publisher":{"@id":"https:\/\/lda.be\/fr\/#organization"},"potentialAction":[{"@type":"SearchAction","target":{"@type":"EntryPoint","urlTemplate":"https:\/\/lda.be\/fr\/?s={search_term_string}"},"query-input":{"@type":"PropertyValueSpecification","valueRequired":true,"valueName":"search_term_string"}}],"inLanguage":"fr-FR"},{"@type":"Organization","@id":"https:\/\/lda.be\/fr\/#organization","name":"LDA Belgium","url":"https:\/\/lda.be\/fr\/","logo":{"@type":"ImageObject","inLanguage":"fr-FR","@id":"https:\/\/lda.be\/fr\/#\/schema\/logo\/image\/","url":"https:\/\/lda.be\/wp-content\/uploads\/2022\/07\/Logo-LDA.webp","contentUrl":"https:\/\/lda.be\/wp-content\/uploads\/2022\/07\/Logo-LDA.webp","width":311,"height":101,"caption":"LDA Belgium"},"image":{"@id":"https:\/\/lda.be\/fr\/#\/schema\/logo\/image\/"},"sameAs":["https:\/\/www.linkedin.com\/company\/lda-belgium-nv"]}]}},"_links":{"self":[{"href":"https:\/\/lda.be\/fr\/wp-json\/wp\/v2\/product\/6644","targetHints":{"allow":["GET"]}}],"collection":[{"href":"https:\/\/lda.be\/fr\/wp-json\/wp\/v2\/product"}],"about":[{"href":"https:\/\/lda.be\/fr\/wp-json\/wp\/v2\/types\/product"}],"replies":[{"embeddable":true,"href":"https:\/\/lda.be\/fr\/wp-json\/wp\/v2\/comments?post=6644"}],"wp:featuredmedia":[{"embeddable":true,"href":"https:\/\/lda.be\/fr\/wp-json\/wp\/v2\/media\/6265"}],"wp:attachment":[{"href":"https:\/\/lda.be\/fr\/wp-json\/wp\/v2\/media?parent=6644"}],"wp:term":[{"taxonomy":"product_brand","embeddable":true,"href":"https:\/\/lda.be\/fr\/wp-json\/wp\/v2\/product_brand?post=6644"},{"taxonomy":"product_cat","embeddable":true,"href":"https:\/\/lda.be\/fr\/wp-json\/wp\/v2\/product_cat?post=6644"},{"taxonomy":"product_tag","embeddable":true,"href":"https:\/\/lda.be\/fr\/wp-json\/wp\/v2\/product_tag?post=6644"}],"curies":[{"name":"wp","href":"https:\/\/api.w.org\/{rel}","templated":true}]}}