{"id":6708,"date":"2025-04-08T15:54:53","date_gmt":"2025-04-08T14:54:53","guid":{"rendered":"https:\/\/lda.be\/?post_type=product&#038;p=6708"},"modified":"2025-05-09T16:05:56","modified_gmt":"2025-05-09T15:05:56","slug":"calculer-ressort-a-gaz-catalogue","status":"publish","type":"product","link":"https:\/\/lda.be\/fr\/produit\/calculer-ressort-a-gaz-catalogue\/","title":{"rendered":"D\u00e9terminer un r\u00e9ssort \u00e0 gaz"},"content":{"rendered":"<p>Chez LDA, nous comprenons que le remplacement d&#8217;un ressort \u00e0 gaz est parfois n\u00e9cessaire pour assurer la performance de vos machines. Qu&#8217;il s&#8217;agisse de ressorts \u00e0 gaz us\u00e9s ou de l&#8217;am\u00e9lioration de l&#8217;efficacit\u00e9 de vos syst\u00e8mes, nous offrons la solution. Dans notre catalogue de calcul des ressorts \u00e0 gaz, vous trouverez des informations d\u00e9taill\u00e9es et des sp\u00e9cifications techniques pour vous aider \u00e0 choisir le bon ressort \u00e0 gaz pour votre application. Remplacez facilement votre ressort \u00e0 gaz : v\u00e9rifiez les sp\u00e9cifications, r\u00e9duisez la pression, retirez l&#8217;ancien ressort, installez le nouveau et testez son fonctionnement.<br \/>\nCalculer un ressort \u00e0 gaz en d\u00e9terminant la force requise, en mesurant la longueur correcte lorsqu&#8217;il est \u00e9tir\u00e9 et comprim\u00e9, en choisissant la force du ressort et les points de fixation. Pour obtenir de l&#8217;aide, consultez notre catalogue ou contactez nos experts.<br \/>\nConsultez le catalogue pour d\u00e9couvrir les ressorts \u00e0 gaz les mieux adapt\u00e9s \u00e0 vos besoins ou contactez nos experts pour obtenir des conseils personnalis\u00e9s. Nos sp\u00e9cialistes sont pr\u00eats \u00e0 vous aider \u00e0 s\u00e9lectionner, calculer et installer des ressorts \u00e0 gaz qui optimisent les performances de vos machines et r\u00e9duisent les co\u00fbts d&#8217;exploitation.<\/p>\n","protected":false},"excerpt":{"rendered":"<p>Chez LDA, nous comprenons que le remplacement d&#8217;un ressort \u00e0 gaz est parfois n\u00e9cessaire pour assurer la performance de vos machines. Qu&#8217;il s&#8217;agisse de ressorts \u00e0 gaz us\u00e9s ou de l&#8217;am\u00e9lioration de l&#8217;efficacit\u00e9 de vos syst\u00e8mes, nous offrons la solution. Dans notre catalogue de calcul des ressorts \u00e0 gaz, vous trouverez des informations d\u00e9taill\u00e9es et [&hellip;]<\/p>\n","protected":false},"featured_media":7283,"comment_status":"closed","ping_status":"closed","template":"","meta":[],"product_brand":[1274,1256],"product_cat":[960],"product_tag":[],"class_list":{"0":"post-6708","1":"product","2":"type-product","3":"status-publish","4":"has-post-thumbnail","6":"product_brand-catalogi","7":"product_brand-lda","8":"product_cat-catalogues-lda-pdf","10":"first","11":"instock","12":"shipping-taxable","13":"product-type-simple"},"yoast_head":"<!-- This site is optimized with the Yoast SEO plugin v27.5 - https:\/\/yoast.com\/product\/yoast-seo-wordpress\/ -->\n<title>D\u00e9terminer un r\u00e9ssort \u00e0 gaz - LDA Belgique<\/title>\n<meta name=\"robots\" content=\"index, follow, max-snippet:-1, max-image-preview:large, max-video-preview:-1\" \/>\n<link rel=\"canonical\" href=\"https:\/\/lda.be\/fr\/produit\/calculer-ressort-a-gaz-catalogue\/\" \/>\n<meta property=\"og:locale\" content=\"fr_FR\" \/>\n<meta property=\"og:type\" content=\"article\" \/>\n<meta property=\"og:title\" content=\"D\u00e9terminer un r\u00e9ssort \u00e0 gaz - LDA Belgique\" \/>\n<meta property=\"og:description\" content=\"Chez LDA, nous comprenons que le remplacement d&#8217;un ressort \u00e0 gaz est parfois n\u00e9cessaire pour assurer la performance de vos machines. Qu&#8217;il s&#8217;agisse de ressorts \u00e0 gaz us\u00e9s ou de l&#8217;am\u00e9lioration de l&#8217;efficacit\u00e9 de vos syst\u00e8mes, nous offrons la solution. Dans notre catalogue de calcul des ressorts \u00e0 gaz, vous trouverez des informations d\u00e9taill\u00e9es et [&hellip;]\" \/>\n<meta property=\"og:url\" content=\"https:\/\/lda.be\/fr\/produit\/calculer-ressort-a-gaz-catalogue\/\" \/>\n<meta property=\"og:site_name\" content=\"LDA Belgique\" \/>\n<meta property=\"article:modified_time\" content=\"2025-05-09T15:05:56+00:00\" \/>\n<meta property=\"og:image\" content=\"https:\/\/lda.be\/wp-content\/uploads\/2025\/05\/FR-Determiner-un-ressort-a-gaz.webp\" \/>\n\t<meta property=\"og:image:width\" content=\"720\" \/>\n\t<meta property=\"og:image:height\" content=\"720\" \/>\n\t<meta property=\"og:image:type\" content=\"image\/webp\" \/>\n<meta name=\"twitter:card\" content=\"summary_large_image\" \/>\n<meta name=\"twitter:label1\" content=\"Dur\u00e9e de lecture estim\u00e9e\" \/>\n\t<meta name=\"twitter:data1\" content=\"2 minutes\" \/>\n<script type=\"application\/ld+json\" class=\"yoast-schema-graph\">{\"@context\":\"https:\\\/\\\/schema.org\",\"@graph\":[{\"@type\":\"WebPage\",\"@id\":\"https:\\\/\\\/lda.be\\\/fr\\\/produit\\\/calculer-ressort-a-gaz-catalogue\\\/\",\"url\":\"https:\\\/\\\/lda.be\\\/fr\\\/produit\\\/calculer-ressort-a-gaz-catalogue\\\/\",\"name\":\"D\u00e9terminer un r\u00e9ssort \u00e0 gaz - LDA Belgique\",\"isPartOf\":{\"@id\":\"https:\\\/\\\/lda.be\\\/fr\\\/#website\"},\"primaryImageOfPage\":{\"@id\":\"https:\\\/\\\/lda.be\\\/fr\\\/produit\\\/calculer-ressort-a-gaz-catalogue\\\/#primaryimage\"},\"image\":{\"@id\":\"https:\\\/\\\/lda.be\\\/fr\\\/produit\\\/calculer-ressort-a-gaz-catalogue\\\/#primaryimage\"},\"thumbnailUrl\":\"https:\\\/\\\/lda.be\\\/wp-content\\\/uploads\\\/2025\\\/05\\\/FR-Determiner-un-ressort-a-gaz.webp\",\"datePublished\":\"2025-04-08T14:54:53+00:00\",\"dateModified\":\"2025-05-09T15:05:56+00:00\",\"breadcrumb\":{\"@id\":\"https:\\\/\\\/lda.be\\\/fr\\\/produit\\\/calculer-ressort-a-gaz-catalogue\\\/#breadcrumb\"},\"inLanguage\":\"fr-FR\",\"potentialAction\":[{\"@type\":\"ReadAction\",\"target\":[\"https:\\\/\\\/lda.be\\\/fr\\\/produit\\\/calculer-ressort-a-gaz-catalogue\\\/\"]}]},{\"@type\":\"ImageObject\",\"inLanguage\":\"fr-FR\",\"@id\":\"https:\\\/\\\/lda.be\\\/fr\\\/produit\\\/calculer-ressort-a-gaz-catalogue\\\/#primaryimage\",\"url\":\"https:\\\/\\\/lda.be\\\/wp-content\\\/uploads\\\/2025\\\/05\\\/FR-Determiner-un-ressort-a-gaz.webp\",\"contentUrl\":\"https:\\\/\\\/lda.be\\\/wp-content\\\/uploads\\\/2025\\\/05\\\/FR-Determiner-un-ressort-a-gaz.webp\",\"width\":720,\"height\":720},{\"@type\":\"BreadcrumbList\",\"@id\":\"https:\\\/\\\/lda.be\\\/fr\\\/produit\\\/calculer-ressort-a-gaz-catalogue\\\/#breadcrumb\",\"itemListElement\":[{\"@type\":\"ListItem\",\"position\":1,\"name\":\"Accueil\",\"item\":\"https:\\\/\\\/lda.be\\\/fr\\\/\"},{\"@type\":\"ListItem\",\"position\":2,\"name\":\"Produits\",\"item\":\"https:\\\/\\\/lda.be\\\/fr\\\/produits\\\/\"},{\"@type\":\"ListItem\",\"position\":3,\"name\":\"D\u00e9terminer un r\u00e9ssort \u00e0 gaz\"}]},{\"@type\":\"WebSite\",\"@id\":\"https:\\\/\\\/lda.be\\\/fr\\\/#website\",\"url\":\"https:\\\/\\\/lda.be\\\/fr\\\/\",\"name\":\"LDA Belgium\",\"description\":\"Solutions For Life\",\"publisher\":{\"@id\":\"https:\\\/\\\/lda.be\\\/fr\\\/#organization\"},\"potentialAction\":[{\"@type\":\"SearchAction\",\"target\":{\"@type\":\"EntryPoint\",\"urlTemplate\":\"https:\\\/\\\/lda.be\\\/fr\\\/?s={search_term_string}\"},\"query-input\":{\"@type\":\"PropertyValueSpecification\",\"valueRequired\":true,\"valueName\":\"search_term_string\"}}],\"inLanguage\":\"fr-FR\"},{\"@type\":\"Organization\",\"@id\":\"https:\\\/\\\/lda.be\\\/fr\\\/#organization\",\"name\":\"LDA Belgium\",\"url\":\"https:\\\/\\\/lda.be\\\/fr\\\/\",\"logo\":{\"@type\":\"ImageObject\",\"inLanguage\":\"fr-FR\",\"@id\":\"https:\\\/\\\/lda.be\\\/fr\\\/#\\\/schema\\\/logo\\\/image\\\/\",\"url\":\"https:\\\/\\\/lda.be\\\/wp-content\\\/uploads\\\/2022\\\/07\\\/Logo-LDA.webp\",\"contentUrl\":\"https:\\\/\\\/lda.be\\\/wp-content\\\/uploads\\\/2022\\\/07\\\/Logo-LDA.webp\",\"width\":311,\"height\":101,\"caption\":\"LDA Belgium\"},\"image\":{\"@id\":\"https:\\\/\\\/lda.be\\\/fr\\\/#\\\/schema\\\/logo\\\/image\\\/\"},\"sameAs\":[\"https:\\\/\\\/www.linkedin.com\\\/company\\\/lda-belgium-nv\"]}]}<\/script>\n<!-- \/ Yoast SEO plugin. -->","yoast_head_json":{"title":"D\u00e9terminer un r\u00e9ssort \u00e0 gaz - LDA Belgique","robots":{"index":"index","follow":"follow","max-snippet":"max-snippet:-1","max-image-preview":"max-image-preview:large","max-video-preview":"max-video-preview:-1"},"canonical":"https:\/\/lda.be\/fr\/produit\/calculer-ressort-a-gaz-catalogue\/","og_locale":"fr_FR","og_type":"article","og_title":"D\u00e9terminer un r\u00e9ssort \u00e0 gaz - LDA Belgique","og_description":"Chez LDA, nous comprenons que le remplacement d&#8217;un ressort \u00e0 gaz est parfois n\u00e9cessaire pour assurer la performance de vos machines. Qu&#8217;il s&#8217;agisse de ressorts \u00e0 gaz us\u00e9s ou de l&#8217;am\u00e9lioration de l&#8217;efficacit\u00e9 de vos syst\u00e8mes, nous offrons la solution. Dans notre catalogue de calcul des ressorts \u00e0 gaz, vous trouverez des informations d\u00e9taill\u00e9es et [&hellip;]","og_url":"https:\/\/lda.be\/fr\/produit\/calculer-ressort-a-gaz-catalogue\/","og_site_name":"LDA Belgique","article_modified_time":"2025-05-09T15:05:56+00:00","og_image":[{"width":720,"height":720,"url":"https:\/\/lda.be\/wp-content\/uploads\/2025\/05\/FR-Determiner-un-ressort-a-gaz.webp","type":"image\/webp"}],"twitter_card":"summary_large_image","twitter_misc":{"Dur\u00e9e de lecture estim\u00e9e":"2 minutes"},"schema":{"@context":"https:\/\/schema.org","@graph":[{"@type":"WebPage","@id":"https:\/\/lda.be\/fr\/produit\/calculer-ressort-a-gaz-catalogue\/","url":"https:\/\/lda.be\/fr\/produit\/calculer-ressort-a-gaz-catalogue\/","name":"D\u00e9terminer un r\u00e9ssort \u00e0 gaz - LDA Belgique","isPartOf":{"@id":"https:\/\/lda.be\/fr\/#website"},"primaryImageOfPage":{"@id":"https:\/\/lda.be\/fr\/produit\/calculer-ressort-a-gaz-catalogue\/#primaryimage"},"image":{"@id":"https:\/\/lda.be\/fr\/produit\/calculer-ressort-a-gaz-catalogue\/#primaryimage"},"thumbnailUrl":"https:\/\/lda.be\/wp-content\/uploads\/2025\/05\/FR-Determiner-un-ressort-a-gaz.webp","datePublished":"2025-04-08T14:54:53+00:00","dateModified":"2025-05-09T15:05:56+00:00","breadcrumb":{"@id":"https:\/\/lda.be\/fr\/produit\/calculer-ressort-a-gaz-catalogue\/#breadcrumb"},"inLanguage":"fr-FR","potentialAction":[{"@type":"ReadAction","target":["https:\/\/lda.be\/fr\/produit\/calculer-ressort-a-gaz-catalogue\/"]}]},{"@type":"ImageObject","inLanguage":"fr-FR","@id":"https:\/\/lda.be\/fr\/produit\/calculer-ressort-a-gaz-catalogue\/#primaryimage","url":"https:\/\/lda.be\/wp-content\/uploads\/2025\/05\/FR-Determiner-un-ressort-a-gaz.webp","contentUrl":"https:\/\/lda.be\/wp-content\/uploads\/2025\/05\/FR-Determiner-un-ressort-a-gaz.webp","width":720,"height":720},{"@type":"BreadcrumbList","@id":"https:\/\/lda.be\/fr\/produit\/calculer-ressort-a-gaz-catalogue\/#breadcrumb","itemListElement":[{"@type":"ListItem","position":1,"name":"Accueil","item":"https:\/\/lda.be\/fr\/"},{"@type":"ListItem","position":2,"name":"Produits","item":"https:\/\/lda.be\/fr\/produits\/"},{"@type":"ListItem","position":3,"name":"D\u00e9terminer un r\u00e9ssort \u00e0 gaz"}]},{"@type":"WebSite","@id":"https:\/\/lda.be\/fr\/#website","url":"https:\/\/lda.be\/fr\/","name":"LDA Belgium","description":"Solutions For Life","publisher":{"@id":"https:\/\/lda.be\/fr\/#organization"},"potentialAction":[{"@type":"SearchAction","target":{"@type":"EntryPoint","urlTemplate":"https:\/\/lda.be\/fr\/?s={search_term_string}"},"query-input":{"@type":"PropertyValueSpecification","valueRequired":true,"valueName":"search_term_string"}}],"inLanguage":"fr-FR"},{"@type":"Organization","@id":"https:\/\/lda.be\/fr\/#organization","name":"LDA Belgium","url":"https:\/\/lda.be\/fr\/","logo":{"@type":"ImageObject","inLanguage":"fr-FR","@id":"https:\/\/lda.be\/fr\/#\/schema\/logo\/image\/","url":"https:\/\/lda.be\/wp-content\/uploads\/2022\/07\/Logo-LDA.webp","contentUrl":"https:\/\/lda.be\/wp-content\/uploads\/2022\/07\/Logo-LDA.webp","width":311,"height":101,"caption":"LDA Belgium"},"image":{"@id":"https:\/\/lda.be\/fr\/#\/schema\/logo\/image\/"},"sameAs":["https:\/\/www.linkedin.com\/company\/lda-belgium-nv"]}]}},"_links":{"self":[{"href":"https:\/\/lda.be\/fr\/wp-json\/wp\/v2\/product\/6708","targetHints":{"allow":["GET"]}}],"collection":[{"href":"https:\/\/lda.be\/fr\/wp-json\/wp\/v2\/product"}],"about":[{"href":"https:\/\/lda.be\/fr\/wp-json\/wp\/v2\/types\/product"}],"replies":[{"embeddable":true,"href":"https:\/\/lda.be\/fr\/wp-json\/wp\/v2\/comments?post=6708"}],"wp:featuredmedia":[{"embeddable":true,"href":"https:\/\/lda.be\/fr\/wp-json\/wp\/v2\/media\/7283"}],"wp:attachment":[{"href":"https:\/\/lda.be\/fr\/wp-json\/wp\/v2\/media?parent=6708"}],"wp:term":[{"taxonomy":"product_brand","embeddable":true,"href":"https:\/\/lda.be\/fr\/wp-json\/wp\/v2\/product_brand?post=6708"},{"taxonomy":"product_cat","embeddable":true,"href":"https:\/\/lda.be\/fr\/wp-json\/wp\/v2\/product_cat?post=6708"},{"taxonomy":"product_tag","embeddable":true,"href":"https:\/\/lda.be\/fr\/wp-json\/wp\/v2\/product_tag?post=6708"}],"curies":[{"name":"wp","href":"https:\/\/api.w.org\/{rel}","templated":true}]}}