{"id":6731,"date":"2025-03-15T17:15:24","date_gmt":"2025-03-15T16:15:24","guid":{"rendered":"https:\/\/lda.be\/?post_type=product&#038;p=6731"},"modified":"2025-09-01T14:17:26","modified_gmt":"2025-09-01T13:17:26","slug":"guidage-lineaire-catalogue","status":"publish","type":"product","link":"https:\/\/lda.be\/fr\/produit\/guidage-lineaire-catalogue\/","title":{"rendered":"guidage lin\u00e9aire catalogue"},"content":{"rendered":"<p class=\"\" data-start=\"56\" data-end=\"330\">\u00c0 la recherche des meilleurs syst\u00e8mes de guidage lin\u00e9aire pour vos applications ?<br data-start=\"149\" data-end=\"152\" \/>Des palier n\u00e9cessitant un minimum d&#8217;entretien tout en offrant une efficacit\u00e9 maximale.<br data-start=\"238\" data-end=\"241\" \/>Augmentez la fiabilit\u00e9 de vos processus avec des solutions durables et auto-lubrifiantes.<\/p>\n<p class=\"\" data-start=\"332\" data-end=\"624\">Notre catalogue propose des solutions parfaites pour des environnements lourds, dynamiques et exigeants.<br data-start=\"436\" data-end=\"439\" \/>Les palier lin\u00e9aires Simplicity\u00ae, les axes lin\u00e9aires robustes et les syst\u00e8mes de montage \u00e0 bride, con\u00e7us pour des performances durables, un entretien minimal et une efficacit\u00e9 optimale.<\/p>\n<p class=\"\" data-start=\"626\" data-end=\"729\">Consultez le catalogue et d\u00e9couvrez la puissance de PBC Linear ! La marque pour vos syst\u00e8mes de palier.<\/p>\n<p class=\"\" data-start=\"731\" data-end=\"821\">Plongez dedans et d\u00e9couvrez comment nous rendons vos processus de travail plus efficaces !<\/p>\n","protected":false},"excerpt":{"rendered":"<p>\u00c0 la recherche des meilleurs syst\u00e8mes de guidage lin\u00e9aire pour vos applications ?Des palier n\u00e9cessitant un minimum d&#8217;entretien tout en offrant une efficacit\u00e9 maximale.Augmentez la fiabilit\u00e9 de vos processus avec des solutions durables et auto-lubrifiantes. Notre catalogue propose des solutions parfaites pour des environnements lourds, dynamiques et exigeants.Les palier lin\u00e9aires Simplicity\u00ae, les axes lin\u00e9aires robustes [&hellip;]<\/p>\n","protected":false},"featured_media":6721,"comment_status":"closed","ping_status":"closed","template":"","meta":[],"product_brand":[1274],"product_cat":[960],"product_tag":[],"class_list":{"0":"post-6731","1":"product","2":"type-product","3":"status-publish","4":"has-post-thumbnail","6":"product_brand-catalogi","7":"product_cat-catalogues-lda-pdf","9":"first","10":"instock","11":"shipping-taxable","12":"product-type-simple"},"yoast_head":"<!-- This site is optimized with the Yoast SEO plugin v27.5 - https:\/\/yoast.com\/product\/yoast-seo-wordpress\/ -->\n<title>guidage lin\u00e9aire catalogue - LDA Belgique<\/title>\n<meta name=\"description\" content=\"T\u00e9l\u00e9chargez le Guidage lin\u00e9aire catalogue ici et voir le product de PBC linear. La marque pour vos syst\u00e8mes de palier.\" \/>\n<meta name=\"robots\" content=\"index, follow, max-snippet:-1, max-image-preview:large, max-video-preview:-1\" \/>\n<link rel=\"canonical\" href=\"https:\/\/lda.be\/fr\/produit\/guidage-lineaire-catalogue\/\" \/>\n<meta property=\"og:locale\" content=\"fr_FR\" \/>\n<meta property=\"og:type\" content=\"article\" \/>\n<meta property=\"og:title\" content=\"guidage lin\u00e9aire catalogue - LDA Belgique\" \/>\n<meta property=\"og:description\" content=\"T\u00e9l\u00e9chargez le Guidage lin\u00e9aire catalogue ici et voir le product de PBC linear. La marque pour vos syst\u00e8mes de palier.\" \/>\n<meta property=\"og:url\" content=\"https:\/\/lda.be\/fr\/produit\/guidage-lineaire-catalogue\/\" \/>\n<meta property=\"og:site_name\" content=\"LDA Belgique\" \/>\n<meta property=\"article:modified_time\" content=\"2025-09-01T13:17:26+00:00\" \/>\n<meta property=\"og:image\" content=\"https:\/\/lda.be\/wp-content\/uploads\/2025\/04\/linear-NL.webp\" \/>\n\t<meta property=\"og:image:width\" content=\"720\" \/>\n\t<meta property=\"og:image:height\" content=\"720\" \/>\n\t<meta property=\"og:image:type\" content=\"image\/webp\" \/>\n<meta name=\"twitter:card\" content=\"summary_large_image\" \/>\n<meta name=\"twitter:label1\" content=\"Dur\u00e9e de lecture estim\u00e9e\" \/>\n\t<meta name=\"twitter:data1\" content=\"1 minute\" \/>\n<script type=\"application\/ld+json\" class=\"yoast-schema-graph\">{\"@context\":\"https:\\\/\\\/schema.org\",\"@graph\":[{\"@type\":\"WebPage\",\"@id\":\"https:\\\/\\\/lda.be\\\/fr\\\/produit\\\/guidage-lineaire-catalogue\\\/\",\"url\":\"https:\\\/\\\/lda.be\\\/fr\\\/produit\\\/guidage-lineaire-catalogue\\\/\",\"name\":\"guidage lin\u00e9aire catalogue - LDA Belgique\",\"isPartOf\":{\"@id\":\"https:\\\/\\\/lda.be\\\/fr\\\/#website\"},\"primaryImageOfPage\":{\"@id\":\"https:\\\/\\\/lda.be\\\/fr\\\/produit\\\/guidage-lineaire-catalogue\\\/#primaryimage\"},\"image\":{\"@id\":\"https:\\\/\\\/lda.be\\\/fr\\\/produit\\\/guidage-lineaire-catalogue\\\/#primaryimage\"},\"thumbnailUrl\":\"https:\\\/\\\/lda.be\\\/wp-content\\\/uploads\\\/2025\\\/04\\\/linear-NL.webp\",\"datePublished\":\"2025-03-15T16:15:24+00:00\",\"dateModified\":\"2025-09-01T13:17:26+00:00\",\"description\":\"T\u00e9l\u00e9chargez le Guidage lin\u00e9aire catalogue ici et voir le product de PBC linear. La marque pour vos syst\u00e8mes de palier.\",\"breadcrumb\":{\"@id\":\"https:\\\/\\\/lda.be\\\/fr\\\/produit\\\/guidage-lineaire-catalogue\\\/#breadcrumb\"},\"inLanguage\":\"fr-FR\",\"potentialAction\":[{\"@type\":\"ReadAction\",\"target\":[\"https:\\\/\\\/lda.be\\\/fr\\\/produit\\\/guidage-lineaire-catalogue\\\/\"]}]},{\"@type\":\"ImageObject\",\"inLanguage\":\"fr-FR\",\"@id\":\"https:\\\/\\\/lda.be\\\/fr\\\/produit\\\/guidage-lineaire-catalogue\\\/#primaryimage\",\"url\":\"https:\\\/\\\/lda.be\\\/wp-content\\\/uploads\\\/2025\\\/04\\\/linear-NL.webp\",\"contentUrl\":\"https:\\\/\\\/lda.be\\\/wp-content\\\/uploads\\\/2025\\\/04\\\/linear-NL.webp\",\"width\":720,\"height\":720,\"caption\":\"de voorpagina van de catalogus met titel linear glijlagers\"},{\"@type\":\"BreadcrumbList\",\"@id\":\"https:\\\/\\\/lda.be\\\/fr\\\/produit\\\/guidage-lineaire-catalogue\\\/#breadcrumb\",\"itemListElement\":[{\"@type\":\"ListItem\",\"position\":1,\"name\":\"Accueil\",\"item\":\"https:\\\/\\\/lda.be\\\/fr\\\/\"},{\"@type\":\"ListItem\",\"position\":2,\"name\":\"Produits\",\"item\":\"https:\\\/\\\/lda.be\\\/fr\\\/produits\\\/\"},{\"@type\":\"ListItem\",\"position\":3,\"name\":\"guidage lin\u00e9aire catalogue\"}]},{\"@type\":\"WebSite\",\"@id\":\"https:\\\/\\\/lda.be\\\/fr\\\/#website\",\"url\":\"https:\\\/\\\/lda.be\\\/fr\\\/\",\"name\":\"LDA Belgium\",\"description\":\"Solutions For Life\",\"publisher\":{\"@id\":\"https:\\\/\\\/lda.be\\\/fr\\\/#organization\"},\"potentialAction\":[{\"@type\":\"SearchAction\",\"target\":{\"@type\":\"EntryPoint\",\"urlTemplate\":\"https:\\\/\\\/lda.be\\\/fr\\\/?s={search_term_string}\"},\"query-input\":{\"@type\":\"PropertyValueSpecification\",\"valueRequired\":true,\"valueName\":\"search_term_string\"}}],\"inLanguage\":\"fr-FR\"},{\"@type\":\"Organization\",\"@id\":\"https:\\\/\\\/lda.be\\\/fr\\\/#organization\",\"name\":\"LDA Belgium\",\"url\":\"https:\\\/\\\/lda.be\\\/fr\\\/\",\"logo\":{\"@type\":\"ImageObject\",\"inLanguage\":\"fr-FR\",\"@id\":\"https:\\\/\\\/lda.be\\\/fr\\\/#\\\/schema\\\/logo\\\/image\\\/\",\"url\":\"https:\\\/\\\/lda.be\\\/wp-content\\\/uploads\\\/2022\\\/07\\\/Logo-LDA.webp\",\"contentUrl\":\"https:\\\/\\\/lda.be\\\/wp-content\\\/uploads\\\/2022\\\/07\\\/Logo-LDA.webp\",\"width\":311,\"height\":101,\"caption\":\"LDA Belgium\"},\"image\":{\"@id\":\"https:\\\/\\\/lda.be\\\/fr\\\/#\\\/schema\\\/logo\\\/image\\\/\"},\"sameAs\":[\"https:\\\/\\\/www.linkedin.com\\\/company\\\/lda-belgium-nv\"]}]}<\/script>\n<!-- \/ Yoast SEO plugin. -->","yoast_head_json":{"title":"guidage lin\u00e9aire catalogue - LDA Belgique","description":"T\u00e9l\u00e9chargez le Guidage lin\u00e9aire catalogue ici et voir le product de PBC linear. La marque pour vos syst\u00e8mes de palier.","robots":{"index":"index","follow":"follow","max-snippet":"max-snippet:-1","max-image-preview":"max-image-preview:large","max-video-preview":"max-video-preview:-1"},"canonical":"https:\/\/lda.be\/fr\/produit\/guidage-lineaire-catalogue\/","og_locale":"fr_FR","og_type":"article","og_title":"guidage lin\u00e9aire catalogue - LDA Belgique","og_description":"T\u00e9l\u00e9chargez le Guidage lin\u00e9aire catalogue ici et voir le product de PBC linear. La marque pour vos syst\u00e8mes de palier.","og_url":"https:\/\/lda.be\/fr\/produit\/guidage-lineaire-catalogue\/","og_site_name":"LDA Belgique","article_modified_time":"2025-09-01T13:17:26+00:00","og_image":[{"width":720,"height":720,"url":"https:\/\/lda.be\/wp-content\/uploads\/2025\/04\/linear-NL.webp","type":"image\/webp"}],"twitter_card":"summary_large_image","twitter_misc":{"Dur\u00e9e de lecture estim\u00e9e":"1 minute"},"schema":{"@context":"https:\/\/schema.org","@graph":[{"@type":"WebPage","@id":"https:\/\/lda.be\/fr\/produit\/guidage-lineaire-catalogue\/","url":"https:\/\/lda.be\/fr\/produit\/guidage-lineaire-catalogue\/","name":"guidage lin\u00e9aire catalogue - LDA Belgique","isPartOf":{"@id":"https:\/\/lda.be\/fr\/#website"},"primaryImageOfPage":{"@id":"https:\/\/lda.be\/fr\/produit\/guidage-lineaire-catalogue\/#primaryimage"},"image":{"@id":"https:\/\/lda.be\/fr\/produit\/guidage-lineaire-catalogue\/#primaryimage"},"thumbnailUrl":"https:\/\/lda.be\/wp-content\/uploads\/2025\/04\/linear-NL.webp","datePublished":"2025-03-15T16:15:24+00:00","dateModified":"2025-09-01T13:17:26+00:00","description":"T\u00e9l\u00e9chargez le Guidage lin\u00e9aire catalogue ici et voir le product de PBC linear. La marque pour vos syst\u00e8mes de palier.","breadcrumb":{"@id":"https:\/\/lda.be\/fr\/produit\/guidage-lineaire-catalogue\/#breadcrumb"},"inLanguage":"fr-FR","potentialAction":[{"@type":"ReadAction","target":["https:\/\/lda.be\/fr\/produit\/guidage-lineaire-catalogue\/"]}]},{"@type":"ImageObject","inLanguage":"fr-FR","@id":"https:\/\/lda.be\/fr\/produit\/guidage-lineaire-catalogue\/#primaryimage","url":"https:\/\/lda.be\/wp-content\/uploads\/2025\/04\/linear-NL.webp","contentUrl":"https:\/\/lda.be\/wp-content\/uploads\/2025\/04\/linear-NL.webp","width":720,"height":720,"caption":"de voorpagina van de catalogus met titel linear glijlagers"},{"@type":"BreadcrumbList","@id":"https:\/\/lda.be\/fr\/produit\/guidage-lineaire-catalogue\/#breadcrumb","itemListElement":[{"@type":"ListItem","position":1,"name":"Accueil","item":"https:\/\/lda.be\/fr\/"},{"@type":"ListItem","position":2,"name":"Produits","item":"https:\/\/lda.be\/fr\/produits\/"},{"@type":"ListItem","position":3,"name":"guidage lin\u00e9aire catalogue"}]},{"@type":"WebSite","@id":"https:\/\/lda.be\/fr\/#website","url":"https:\/\/lda.be\/fr\/","name":"LDA Belgium","description":"Solutions For Life","publisher":{"@id":"https:\/\/lda.be\/fr\/#organization"},"potentialAction":[{"@type":"SearchAction","target":{"@type":"EntryPoint","urlTemplate":"https:\/\/lda.be\/fr\/?s={search_term_string}"},"query-input":{"@type":"PropertyValueSpecification","valueRequired":true,"valueName":"search_term_string"}}],"inLanguage":"fr-FR"},{"@type":"Organization","@id":"https:\/\/lda.be\/fr\/#organization","name":"LDA Belgium","url":"https:\/\/lda.be\/fr\/","logo":{"@type":"ImageObject","inLanguage":"fr-FR","@id":"https:\/\/lda.be\/fr\/#\/schema\/logo\/image\/","url":"https:\/\/lda.be\/wp-content\/uploads\/2022\/07\/Logo-LDA.webp","contentUrl":"https:\/\/lda.be\/wp-content\/uploads\/2022\/07\/Logo-LDA.webp","width":311,"height":101,"caption":"LDA Belgium"},"image":{"@id":"https:\/\/lda.be\/fr\/#\/schema\/logo\/image\/"},"sameAs":["https:\/\/www.linkedin.com\/company\/lda-belgium-nv"]}]}},"_links":{"self":[{"href":"https:\/\/lda.be\/fr\/wp-json\/wp\/v2\/product\/6731","targetHints":{"allow":["GET"]}}],"collection":[{"href":"https:\/\/lda.be\/fr\/wp-json\/wp\/v2\/product"}],"about":[{"href":"https:\/\/lda.be\/fr\/wp-json\/wp\/v2\/types\/product"}],"replies":[{"embeddable":true,"href":"https:\/\/lda.be\/fr\/wp-json\/wp\/v2\/comments?post=6731"}],"wp:featuredmedia":[{"embeddable":true,"href":"https:\/\/lda.be\/fr\/wp-json\/wp\/v2\/media\/6721"}],"wp:attachment":[{"href":"https:\/\/lda.be\/fr\/wp-json\/wp\/v2\/media?parent=6731"}],"wp:term":[{"taxonomy":"product_brand","embeddable":true,"href":"https:\/\/lda.be\/fr\/wp-json\/wp\/v2\/product_brand?post=6731"},{"taxonomy":"product_cat","embeddable":true,"href":"https:\/\/lda.be\/fr\/wp-json\/wp\/v2\/product_cat?post=6731"},{"taxonomy":"product_tag","embeddable":true,"href":"https:\/\/lda.be\/fr\/wp-json\/wp\/v2\/product_tag?post=6731"}],"curies":[{"name":"wp","href":"https:\/\/api.w.org\/{rel}","templated":true}]}}