{"id":6765,"date":"2025-03-29T18:28:39","date_gmt":"2025-03-29T17:28:39","guid":{"rendered":"https:\/\/lda.be\/?post_type=product&#038;p=6765"},"modified":"2025-04-15T15:38:58","modified_gmt":"2025-04-15T14:38:58","slug":"amortisseurs-jarret-viscoelastique","status":"publish","type":"product","link":"https:\/\/lda.be\/fr\/produit\/amortisseurs-jarret-viscoelastique\/","title":{"rendered":"JARRET &#8211; Butoir industriel pour applications lourdes"},"content":{"rendered":"<p>Le butoir industriel Jarret utilise des caract\u00e9ristiques de compression et de cisaillement uniques des \u00e9lastom\u00e8res de silicone sp\u00e9cialement formul\u00e9s.<\/p>\n<p>Ces caract\u00e9ristiques combinent les fonctions d\u2019absorption d\u2019\u00e9nergie et de ressort de retour dans un seul butoir industriel, sans la n\u00e9cessit\u00e9 d\u2019un m\u00e9canisme de retour de course de ressort m\u00e9canique ou \u00e0 gaz suppl\u00e9mentaire. Cette conception de butoir industriel simple est robuste et simple mais durable et efficace pour fournir des capacit\u00e9s d\u2019arr\u00eat critiques dans une multitude d\u2019applications.<\/p>\n<p>&nbsp;<\/p>\n<p>Sp\u00e9cifications g\u00e9n\u00e9rales\u00a0:<\/p>\n<ul>\n<li>\u00a0\u00a0\u00a0 Design simple<\/li>\n<li>\u00a0\u00a0\u00a0 Haute fiabilit\u00e9<\/li>\n<li>\u00a0\u00a0\u00a0 Coefficient d\u2019amortissement \u00e9lev\u00e9<\/li>\n<li>\u00a0\u00a0\u00a0 Faible sensibilit\u00e9 aux variations de temp\u00e9rature<\/li>\n<\/ul>\n","protected":false},"excerpt":{"rendered":"<p>Le butoir industriel Jarret utilise des caract\u00e9ristiques de compression et de cisaillement uniques des \u00e9lastom\u00e8res de silicone sp\u00e9cialement formul\u00e9s. Ces caract\u00e9ristiques combinent les fonctions d\u2019absorption d\u2019\u00e9nergie et de ressort de retour dans un seul butoir industriel, sans la n\u00e9cessit\u00e9 d\u2019un m\u00e9canisme de retour de course de ressort m\u00e9canique ou \u00e0 gaz suppl\u00e9mentaire. Cette conception de [&hellip;]<\/p>\n","protected":false},"featured_media":6312,"comment_status":"closed","ping_status":"closed","template":"","meta":[],"product_brand":[1259],"product_cat":[1180],"product_tag":[],"class_list":{"0":"post-6765","1":"product","2":"type-product","3":"status-publish","4":"has-post-thumbnail","6":"product_brand-enidine","7":"product_cat-lindustrie-lourde-hydraulic-shock-absorbers-shock-absorption","9":"first","10":"instock","11":"shipping-taxable","12":"product-type-simple"},"yoast_head":"<!-- This site is optimized with the Yoast SEO plugin v27.5 - https:\/\/yoast.com\/product\/yoast-seo-wordpress\/ -->\n<title>JARRET - Butoir industriel pour applications lourdes - LDA Belgique<\/title>\n<meta name=\"robots\" content=\"index, follow, max-snippet:-1, max-image-preview:large, max-video-preview:-1\" \/>\n<link rel=\"canonical\" href=\"https:\/\/lda.be\/fr\/produit\/amortisseurs-jarret-viscoelastique\/\" \/>\n<meta property=\"og:locale\" content=\"fr_FR\" \/>\n<meta property=\"og:type\" content=\"article\" \/>\n<meta property=\"og:title\" content=\"JARRET - Butoir industriel pour applications lourdes - LDA Belgique\" \/>\n<meta property=\"og:description\" content=\"Le butoir industriel Jarret utilise des caract\u00e9ristiques de compression et de cisaillement uniques des \u00e9lastom\u00e8res de silicone sp\u00e9cialement formul\u00e9s. Ces caract\u00e9ristiques combinent les fonctions d\u2019absorption d\u2019\u00e9nergie et de ressort de retour dans un seul butoir industriel, sans la n\u00e9cessit\u00e9 d\u2019un m\u00e9canisme de retour de course de ressort m\u00e9canique ou \u00e0 gaz suppl\u00e9mentaire. Cette conception de [&hellip;]\" \/>\n<meta property=\"og:url\" content=\"https:\/\/lda.be\/fr\/produit\/amortisseurs-jarret-viscoelastique\/\" \/>\n<meta property=\"og:site_name\" content=\"LDA Belgique\" \/>\n<meta property=\"article:modified_time\" content=\"2025-04-15T14:38:58+00:00\" \/>\n<meta property=\"og:image\" content=\"https:\/\/lda.be\/wp-content\/uploads\/2025\/03\/Jarret-assy.webp\" \/>\n\t<meta property=\"og:image:width\" content=\"720\" \/>\n\t<meta property=\"og:image:height\" content=\"720\" \/>\n\t<meta property=\"og:image:type\" content=\"image\/webp\" \/>\n<meta name=\"twitter:card\" content=\"summary_large_image\" \/>\n<meta name=\"twitter:label1\" content=\"Dur\u00e9e de lecture estim\u00e9e\" \/>\n\t<meta name=\"twitter:data1\" content=\"1 minute\" \/>\n<script type=\"application\/ld+json\" class=\"yoast-schema-graph\">{\"@context\":\"https:\\\/\\\/schema.org\",\"@graph\":[{\"@type\":\"WebPage\",\"@id\":\"https:\\\/\\\/lda.be\\\/fr\\\/produit\\\/amortisseurs-jarret-viscoelastique\\\/\",\"url\":\"https:\\\/\\\/lda.be\\\/fr\\\/produit\\\/amortisseurs-jarret-viscoelastique\\\/\",\"name\":\"JARRET - Butoir industriel pour applications lourdes - LDA Belgique\",\"isPartOf\":{\"@id\":\"https:\\\/\\\/lda.be\\\/fr\\\/#website\"},\"primaryImageOfPage\":{\"@id\":\"https:\\\/\\\/lda.be\\\/fr\\\/produit\\\/amortisseurs-jarret-viscoelastique\\\/#primaryimage\"},\"image\":{\"@id\":\"https:\\\/\\\/lda.be\\\/fr\\\/produit\\\/amortisseurs-jarret-viscoelastique\\\/#primaryimage\"},\"thumbnailUrl\":\"https:\\\/\\\/lda.be\\\/wp-content\\\/uploads\\\/2025\\\/03\\\/Jarret-assy.webp\",\"datePublished\":\"2025-03-29T17:28:39+00:00\",\"dateModified\":\"2025-04-15T14:38:58+00:00\",\"breadcrumb\":{\"@id\":\"https:\\\/\\\/lda.be\\\/fr\\\/produit\\\/amortisseurs-jarret-viscoelastique\\\/#breadcrumb\"},\"inLanguage\":\"fr-FR\",\"potentialAction\":[{\"@type\":\"ReadAction\",\"target\":[\"https:\\\/\\\/lda.be\\\/fr\\\/produit\\\/amortisseurs-jarret-viscoelastique\\\/\"]}]},{\"@type\":\"ImageObject\",\"inLanguage\":\"fr-FR\",\"@id\":\"https:\\\/\\\/lda.be\\\/fr\\\/produit\\\/amortisseurs-jarret-viscoelastique\\\/#primaryimage\",\"url\":\"https:\\\/\\\/lda.be\\\/wp-content\\\/uploads\\\/2025\\\/03\\\/Jarret-assy.webp\",\"contentUrl\":\"https:\\\/\\\/lda.be\\\/wp-content\\\/uploads\\\/2025\\\/03\\\/Jarret-assy.webp\",\"width\":720,\"height\":720},{\"@type\":\"BreadcrumbList\",\"@id\":\"https:\\\/\\\/lda.be\\\/fr\\\/produit\\\/amortisseurs-jarret-viscoelastique\\\/#breadcrumb\",\"itemListElement\":[{\"@type\":\"ListItem\",\"position\":1,\"name\":\"Accueil\",\"item\":\"https:\\\/\\\/lda.be\\\/fr\\\/\"},{\"@type\":\"ListItem\",\"position\":2,\"name\":\"Produits\",\"item\":\"https:\\\/\\\/lda.be\\\/fr\\\/produits\\\/\"},{\"@type\":\"ListItem\",\"position\":3,\"name\":\"JARRET &#8211; Butoir industriel pour applications lourdes\"}]},{\"@type\":\"WebSite\",\"@id\":\"https:\\\/\\\/lda.be\\\/fr\\\/#website\",\"url\":\"https:\\\/\\\/lda.be\\\/fr\\\/\",\"name\":\"LDA Belgium\",\"description\":\"Solutions For Life\",\"publisher\":{\"@id\":\"https:\\\/\\\/lda.be\\\/fr\\\/#organization\"},\"potentialAction\":[{\"@type\":\"SearchAction\",\"target\":{\"@type\":\"EntryPoint\",\"urlTemplate\":\"https:\\\/\\\/lda.be\\\/fr\\\/?s={search_term_string}\"},\"query-input\":{\"@type\":\"PropertyValueSpecification\",\"valueRequired\":true,\"valueName\":\"search_term_string\"}}],\"inLanguage\":\"fr-FR\"},{\"@type\":\"Organization\",\"@id\":\"https:\\\/\\\/lda.be\\\/fr\\\/#organization\",\"name\":\"LDA Belgium\",\"url\":\"https:\\\/\\\/lda.be\\\/fr\\\/\",\"logo\":{\"@type\":\"ImageObject\",\"inLanguage\":\"fr-FR\",\"@id\":\"https:\\\/\\\/lda.be\\\/fr\\\/#\\\/schema\\\/logo\\\/image\\\/\",\"url\":\"https:\\\/\\\/lda.be\\\/wp-content\\\/uploads\\\/2022\\\/07\\\/Logo-LDA.webp\",\"contentUrl\":\"https:\\\/\\\/lda.be\\\/wp-content\\\/uploads\\\/2022\\\/07\\\/Logo-LDA.webp\",\"width\":311,\"height\":101,\"caption\":\"LDA Belgium\"},\"image\":{\"@id\":\"https:\\\/\\\/lda.be\\\/fr\\\/#\\\/schema\\\/logo\\\/image\\\/\"},\"sameAs\":[\"https:\\\/\\\/www.linkedin.com\\\/company\\\/lda-belgium-nv\"]}]}<\/script>\n<!-- \/ Yoast SEO plugin. -->","yoast_head_json":{"title":"JARRET - Butoir industriel pour applications lourdes - LDA Belgique","robots":{"index":"index","follow":"follow","max-snippet":"max-snippet:-1","max-image-preview":"max-image-preview:large","max-video-preview":"max-video-preview:-1"},"canonical":"https:\/\/lda.be\/fr\/produit\/amortisseurs-jarret-viscoelastique\/","og_locale":"fr_FR","og_type":"article","og_title":"JARRET - Butoir industriel pour applications lourdes - LDA Belgique","og_description":"Le butoir industriel Jarret utilise des caract\u00e9ristiques de compression et de cisaillement uniques des \u00e9lastom\u00e8res de silicone sp\u00e9cialement formul\u00e9s. Ces caract\u00e9ristiques combinent les fonctions d\u2019absorption d\u2019\u00e9nergie et de ressort de retour dans un seul butoir industriel, sans la n\u00e9cessit\u00e9 d\u2019un m\u00e9canisme de retour de course de ressort m\u00e9canique ou \u00e0 gaz suppl\u00e9mentaire. Cette conception de [&hellip;]","og_url":"https:\/\/lda.be\/fr\/produit\/amortisseurs-jarret-viscoelastique\/","og_site_name":"LDA Belgique","article_modified_time":"2025-04-15T14:38:58+00:00","og_image":[{"width":720,"height":720,"url":"https:\/\/lda.be\/wp-content\/uploads\/2025\/03\/Jarret-assy.webp","type":"image\/webp"}],"twitter_card":"summary_large_image","twitter_misc":{"Dur\u00e9e de lecture estim\u00e9e":"1 minute"},"schema":{"@context":"https:\/\/schema.org","@graph":[{"@type":"WebPage","@id":"https:\/\/lda.be\/fr\/produit\/amortisseurs-jarret-viscoelastique\/","url":"https:\/\/lda.be\/fr\/produit\/amortisseurs-jarret-viscoelastique\/","name":"JARRET - Butoir industriel pour applications lourdes - LDA Belgique","isPartOf":{"@id":"https:\/\/lda.be\/fr\/#website"},"primaryImageOfPage":{"@id":"https:\/\/lda.be\/fr\/produit\/amortisseurs-jarret-viscoelastique\/#primaryimage"},"image":{"@id":"https:\/\/lda.be\/fr\/produit\/amortisseurs-jarret-viscoelastique\/#primaryimage"},"thumbnailUrl":"https:\/\/lda.be\/wp-content\/uploads\/2025\/03\/Jarret-assy.webp","datePublished":"2025-03-29T17:28:39+00:00","dateModified":"2025-04-15T14:38:58+00:00","breadcrumb":{"@id":"https:\/\/lda.be\/fr\/produit\/amortisseurs-jarret-viscoelastique\/#breadcrumb"},"inLanguage":"fr-FR","potentialAction":[{"@type":"ReadAction","target":["https:\/\/lda.be\/fr\/produit\/amortisseurs-jarret-viscoelastique\/"]}]},{"@type":"ImageObject","inLanguage":"fr-FR","@id":"https:\/\/lda.be\/fr\/produit\/amortisseurs-jarret-viscoelastique\/#primaryimage","url":"https:\/\/lda.be\/wp-content\/uploads\/2025\/03\/Jarret-assy.webp","contentUrl":"https:\/\/lda.be\/wp-content\/uploads\/2025\/03\/Jarret-assy.webp","width":720,"height":720},{"@type":"BreadcrumbList","@id":"https:\/\/lda.be\/fr\/produit\/amortisseurs-jarret-viscoelastique\/#breadcrumb","itemListElement":[{"@type":"ListItem","position":1,"name":"Accueil","item":"https:\/\/lda.be\/fr\/"},{"@type":"ListItem","position":2,"name":"Produits","item":"https:\/\/lda.be\/fr\/produits\/"},{"@type":"ListItem","position":3,"name":"JARRET &#8211; Butoir industriel pour applications lourdes"}]},{"@type":"WebSite","@id":"https:\/\/lda.be\/fr\/#website","url":"https:\/\/lda.be\/fr\/","name":"LDA Belgium","description":"Solutions For Life","publisher":{"@id":"https:\/\/lda.be\/fr\/#organization"},"potentialAction":[{"@type":"SearchAction","target":{"@type":"EntryPoint","urlTemplate":"https:\/\/lda.be\/fr\/?s={search_term_string}"},"query-input":{"@type":"PropertyValueSpecification","valueRequired":true,"valueName":"search_term_string"}}],"inLanguage":"fr-FR"},{"@type":"Organization","@id":"https:\/\/lda.be\/fr\/#organization","name":"LDA Belgium","url":"https:\/\/lda.be\/fr\/","logo":{"@type":"ImageObject","inLanguage":"fr-FR","@id":"https:\/\/lda.be\/fr\/#\/schema\/logo\/image\/","url":"https:\/\/lda.be\/wp-content\/uploads\/2022\/07\/Logo-LDA.webp","contentUrl":"https:\/\/lda.be\/wp-content\/uploads\/2022\/07\/Logo-LDA.webp","width":311,"height":101,"caption":"LDA Belgium"},"image":{"@id":"https:\/\/lda.be\/fr\/#\/schema\/logo\/image\/"},"sameAs":["https:\/\/www.linkedin.com\/company\/lda-belgium-nv"]}]}},"_links":{"self":[{"href":"https:\/\/lda.be\/fr\/wp-json\/wp\/v2\/product\/6765","targetHints":{"allow":["GET"]}}],"collection":[{"href":"https:\/\/lda.be\/fr\/wp-json\/wp\/v2\/product"}],"about":[{"href":"https:\/\/lda.be\/fr\/wp-json\/wp\/v2\/types\/product"}],"replies":[{"embeddable":true,"href":"https:\/\/lda.be\/fr\/wp-json\/wp\/v2\/comments?post=6765"}],"wp:featuredmedia":[{"embeddable":true,"href":"https:\/\/lda.be\/fr\/wp-json\/wp\/v2\/media\/6312"}],"wp:attachment":[{"href":"https:\/\/lda.be\/fr\/wp-json\/wp\/v2\/media?parent=6765"}],"wp:term":[{"taxonomy":"product_brand","embeddable":true,"href":"https:\/\/lda.be\/fr\/wp-json\/wp\/v2\/product_brand?post=6765"},{"taxonomy":"product_cat","embeddable":true,"href":"https:\/\/lda.be\/fr\/wp-json\/wp\/v2\/product_cat?post=6765"},{"taxonomy":"product_tag","embeddable":true,"href":"https:\/\/lda.be\/fr\/wp-json\/wp\/v2\/product_tag?post=6765"}],"curies":[{"name":"wp","href":"https:\/\/api.w.org\/{rel}","templated":true}]}}