{"id":6767,"date":"2025-03-29T18:14:21","date_gmt":"2025-03-29T17:14:21","guid":{"rendered":"https:\/\/lda.be\/?post_type=product&#038;p=6767"},"modified":"2025-09-17T09:59:40","modified_gmt":"2025-09-17T08:59:40","slug":"serie-crs-amortisseurs-en-acier-inoxydable","status":"publish","type":"product","link":"https:\/\/lda.be\/fr\/produit\/serie-crs-amortisseurs-en-acier-inoxydable\/","title":{"rendered":"S\u00e9rie CRS, Amortisseurs en acier inoxydable r\u00e9glables"},"content":{"rendered":"<p>Enidine offre la plus large gamme de petits amortisseurs industriels r\u00e9glables et non r\u00e9glables et d\u2019accessoires de montage sur le march\u00e9 aujourd\u2019hui. Ils constituent une solution respectueuse de l\u2019environnement pour les applications industrielles dans des conditions difficiles et pour l\u2019industrie alimentaire.<br \/>\nVersions en acier inoxydable de certains Mod\u00e8les de la s\u00e9rie ECO &amp; ECO OEM<br \/>\nR\u00e9glable : CRS (LR)OEM .25M, .5M, 1.0M, 1.0MF et CRS OEM .25M, .5M, 1.0M, 1.0MF<\/p>\n<p>Caract\u00e9ristiques et sp\u00e9cifications du produit\u00a0:<\/p>\n<ul>\n<li>Corps ext\u00e9rieur (cylindre), tige de piston tremp\u00e9e enti\u00e8rement en acier inoxydable 17-4PH,<\/li>\n<li>Dimensions, caract\u00e9ristiques et performances identiques \u00e0 nos populaires s\u00e9ries ECO &amp; OEM ECO,<\/li>\n<li>Comprend des accessoires comme des contre-\u00e9crous en acier inoxydable,<\/li>\n<li>Fluide hydraulique standard inclus. Fluides de qualit\u00e9 alimentaire disponibles sur demande.<\/li>\n<\/ul>\n","protected":false},"excerpt":{"rendered":"<p>Enidine offre la plus large gamme de petits amortisseurs industriels r\u00e9glables et non r\u00e9glables et d\u2019accessoires de montage sur le march\u00e9 aujourd\u2019hui. Ils constituent une solution respectueuse de l\u2019environnement pour les applications industrielles dans des conditions difficiles et pour l\u2019industrie alimentaire. Versions en acier inoxydable de certains Mod\u00e8les de la s\u00e9rie ECO &amp; ECO OEM [&hellip;]<\/p>\n","protected":false},"featured_media":12026,"comment_status":"closed","ping_status":"closed","template":"","meta":[],"product_brand":[1259],"product_cat":[1170],"product_tag":[],"class_list":{"0":"post-6767","1":"product","2":"type-product","3":"status-publish","4":"has-post-thumbnail","6":"product_brand-enidine","7":"product_cat-reglable","9":"first","10":"instock","11":"shipping-taxable","12":"product-type-simple"},"yoast_head":"<!-- This site is optimized with the Yoast SEO plugin v27.5 - https:\/\/yoast.com\/product\/yoast-seo-wordpress\/ -->\n<title>S\u00e9rie CRS, Amortisseurs en acier inoxydable r\u00e9glables - LDA Belgique<\/title>\n<meta name=\"description\" content=\"Commandez d\u00e8s aujourd&#039;hui la s\u00e9rie CRS d&#039;Endine chez LDA Belgique. Les amortisseurs r\u00e9glables en acier inoxydable sont d\u00e9sormais disponibles avec un cylindre en acier inoxydable.\" \/>\n<meta name=\"robots\" content=\"index, follow, max-snippet:-1, max-image-preview:large, max-video-preview:-1\" \/>\n<link rel=\"canonical\" href=\"https:\/\/lda.be\/fr\/produit\/serie-crs-amortisseurs-en-acier-inoxydable\/\" \/>\n<meta property=\"og:locale\" content=\"fr_FR\" \/>\n<meta property=\"og:type\" content=\"article\" \/>\n<meta property=\"og:title\" content=\"S\u00e9rie CRS, Amortisseurs en acier inoxydable r\u00e9glables - LDA Belgique\" \/>\n<meta property=\"og:description\" content=\"Commandez d\u00e8s aujourd&#039;hui la s\u00e9rie CRS d&#039;Endine chez LDA Belgique. Les amortisseurs r\u00e9glables en acier inoxydable sont d\u00e9sormais disponibles avec un cylindre en acier inoxydable.\" \/>\n<meta property=\"og:url\" content=\"https:\/\/lda.be\/fr\/produit\/serie-crs-amortisseurs-en-acier-inoxydable\/\" \/>\n<meta property=\"og:site_name\" content=\"LDA Belgique\" \/>\n<meta property=\"article:modified_time\" content=\"2025-09-17T08:59:40+00:00\" \/>\n<meta property=\"og:image\" content=\"https:\/\/lda.be\/wp-content\/uploads\/2025\/03\/CRS-serie-1.webp\" \/>\n\t<meta property=\"og:image:width\" content=\"1080\" \/>\n\t<meta property=\"og:image:height\" content=\"1080\" \/>\n\t<meta property=\"og:image:type\" content=\"image\/webp\" \/>\n<meta name=\"twitter:card\" content=\"summary_large_image\" \/>\n<meta name=\"twitter:label1\" content=\"Dur\u00e9e de lecture estim\u00e9e\" \/>\n\t<meta name=\"twitter:data1\" content=\"1 minute\" \/>\n<script type=\"application\/ld+json\" class=\"yoast-schema-graph\">{\"@context\":\"https:\\\/\\\/schema.org\",\"@graph\":[{\"@type\":\"WebPage\",\"@id\":\"https:\\\/\\\/lda.be\\\/fr\\\/produit\\\/serie-crs-amortisseurs-en-acier-inoxydable\\\/\",\"url\":\"https:\\\/\\\/lda.be\\\/fr\\\/produit\\\/serie-crs-amortisseurs-en-acier-inoxydable\\\/\",\"name\":\"S\u00e9rie CRS, Amortisseurs en acier inoxydable r\u00e9glables - LDA Belgique\",\"isPartOf\":{\"@id\":\"https:\\\/\\\/lda.be\\\/fr\\\/#website\"},\"primaryImageOfPage\":{\"@id\":\"https:\\\/\\\/lda.be\\\/fr\\\/produit\\\/serie-crs-amortisseurs-en-acier-inoxydable\\\/#primaryimage\"},\"image\":{\"@id\":\"https:\\\/\\\/lda.be\\\/fr\\\/produit\\\/serie-crs-amortisseurs-en-acier-inoxydable\\\/#primaryimage\"},\"thumbnailUrl\":\"https:\\\/\\\/lda.be\\\/wp-content\\\/uploads\\\/2025\\\/03\\\/CRS-serie-1.webp\",\"datePublished\":\"2025-03-29T17:14:21+00:00\",\"dateModified\":\"2025-09-17T08:59:40+00:00\",\"description\":\"Commandez d\u00e8s aujourd'hui la s\u00e9rie CRS d'Endine chez LDA Belgique. Les amortisseurs r\u00e9glables en acier inoxydable sont d\u00e9sormais disponibles avec un cylindre en acier inoxydable.\",\"breadcrumb\":{\"@id\":\"https:\\\/\\\/lda.be\\\/fr\\\/produit\\\/serie-crs-amortisseurs-en-acier-inoxydable\\\/#breadcrumb\"},\"inLanguage\":\"fr-FR\",\"potentialAction\":[{\"@type\":\"ReadAction\",\"target\":[\"https:\\\/\\\/lda.be\\\/fr\\\/produit\\\/serie-crs-amortisseurs-en-acier-inoxydable\\\/\"]}]},{\"@type\":\"ImageObject\",\"inLanguage\":\"fr-FR\",\"@id\":\"https:\\\/\\\/lda.be\\\/fr\\\/produit\\\/serie-crs-amortisseurs-en-acier-inoxydable\\\/#primaryimage\",\"url\":\"https:\\\/\\\/lda.be\\\/wp-content\\\/uploads\\\/2025\\\/03\\\/CRS-serie-1.webp\",\"contentUrl\":\"https:\\\/\\\/lda.be\\\/wp-content\\\/uploads\\\/2025\\\/03\\\/CRS-serie-1.webp\",\"width\":1080,\"height\":1080,\"caption\":\"CRS verstelbare serie\"},{\"@type\":\"BreadcrumbList\",\"@id\":\"https:\\\/\\\/lda.be\\\/fr\\\/produit\\\/serie-crs-amortisseurs-en-acier-inoxydable\\\/#breadcrumb\",\"itemListElement\":[{\"@type\":\"ListItem\",\"position\":1,\"name\":\"Accueil\",\"item\":\"https:\\\/\\\/lda.be\\\/fr\\\/\"},{\"@type\":\"ListItem\",\"position\":2,\"name\":\"Produits\",\"item\":\"https:\\\/\\\/lda.be\\\/fr\\\/produits\\\/\"},{\"@type\":\"ListItem\",\"position\":3,\"name\":\"S\u00e9rie CRS, Amortisseurs en acier inoxydable r\u00e9glables\"}]},{\"@type\":\"WebSite\",\"@id\":\"https:\\\/\\\/lda.be\\\/fr\\\/#website\",\"url\":\"https:\\\/\\\/lda.be\\\/fr\\\/\",\"name\":\"LDA Belgium\",\"description\":\"Solutions For Life\",\"publisher\":{\"@id\":\"https:\\\/\\\/lda.be\\\/fr\\\/#organization\"},\"potentialAction\":[{\"@type\":\"SearchAction\",\"target\":{\"@type\":\"EntryPoint\",\"urlTemplate\":\"https:\\\/\\\/lda.be\\\/fr\\\/?s={search_term_string}\"},\"query-input\":{\"@type\":\"PropertyValueSpecification\",\"valueRequired\":true,\"valueName\":\"search_term_string\"}}],\"inLanguage\":\"fr-FR\"},{\"@type\":\"Organization\",\"@id\":\"https:\\\/\\\/lda.be\\\/fr\\\/#organization\",\"name\":\"LDA Belgium\",\"url\":\"https:\\\/\\\/lda.be\\\/fr\\\/\",\"logo\":{\"@type\":\"ImageObject\",\"inLanguage\":\"fr-FR\",\"@id\":\"https:\\\/\\\/lda.be\\\/fr\\\/#\\\/schema\\\/logo\\\/image\\\/\",\"url\":\"https:\\\/\\\/lda.be\\\/wp-content\\\/uploads\\\/2022\\\/07\\\/Logo-LDA.webp\",\"contentUrl\":\"https:\\\/\\\/lda.be\\\/wp-content\\\/uploads\\\/2022\\\/07\\\/Logo-LDA.webp\",\"width\":311,\"height\":101,\"caption\":\"LDA Belgium\"},\"image\":{\"@id\":\"https:\\\/\\\/lda.be\\\/fr\\\/#\\\/schema\\\/logo\\\/image\\\/\"},\"sameAs\":[\"https:\\\/\\\/www.linkedin.com\\\/company\\\/lda-belgium-nv\"]}]}<\/script>\n<!-- \/ Yoast SEO plugin. -->","yoast_head_json":{"title":"S\u00e9rie CRS, Amortisseurs en acier inoxydable r\u00e9glables - LDA Belgique","description":"Commandez d\u00e8s aujourd'hui la s\u00e9rie CRS d'Endine chez LDA Belgique. Les amortisseurs r\u00e9glables en acier inoxydable sont d\u00e9sormais disponibles avec un cylindre en acier inoxydable.","robots":{"index":"index","follow":"follow","max-snippet":"max-snippet:-1","max-image-preview":"max-image-preview:large","max-video-preview":"max-video-preview:-1"},"canonical":"https:\/\/lda.be\/fr\/produit\/serie-crs-amortisseurs-en-acier-inoxydable\/","og_locale":"fr_FR","og_type":"article","og_title":"S\u00e9rie CRS, Amortisseurs en acier inoxydable r\u00e9glables - LDA Belgique","og_description":"Commandez d\u00e8s aujourd'hui la s\u00e9rie CRS d'Endine chez LDA Belgique. Les amortisseurs r\u00e9glables en acier inoxydable sont d\u00e9sormais disponibles avec un cylindre en acier inoxydable.","og_url":"https:\/\/lda.be\/fr\/produit\/serie-crs-amortisseurs-en-acier-inoxydable\/","og_site_name":"LDA Belgique","article_modified_time":"2025-09-17T08:59:40+00:00","og_image":[{"width":1080,"height":1080,"url":"https:\/\/lda.be\/wp-content\/uploads\/2025\/03\/CRS-serie-1.webp","type":"image\/webp"}],"twitter_card":"summary_large_image","twitter_misc":{"Dur\u00e9e de lecture estim\u00e9e":"1 minute"},"schema":{"@context":"https:\/\/schema.org","@graph":[{"@type":"WebPage","@id":"https:\/\/lda.be\/fr\/produit\/serie-crs-amortisseurs-en-acier-inoxydable\/","url":"https:\/\/lda.be\/fr\/produit\/serie-crs-amortisseurs-en-acier-inoxydable\/","name":"S\u00e9rie CRS, Amortisseurs en acier inoxydable r\u00e9glables - LDA Belgique","isPartOf":{"@id":"https:\/\/lda.be\/fr\/#website"},"primaryImageOfPage":{"@id":"https:\/\/lda.be\/fr\/produit\/serie-crs-amortisseurs-en-acier-inoxydable\/#primaryimage"},"image":{"@id":"https:\/\/lda.be\/fr\/produit\/serie-crs-amortisseurs-en-acier-inoxydable\/#primaryimage"},"thumbnailUrl":"https:\/\/lda.be\/wp-content\/uploads\/2025\/03\/CRS-serie-1.webp","datePublished":"2025-03-29T17:14:21+00:00","dateModified":"2025-09-17T08:59:40+00:00","description":"Commandez d\u00e8s aujourd'hui la s\u00e9rie CRS d'Endine chez LDA Belgique. Les amortisseurs r\u00e9glables en acier inoxydable sont d\u00e9sormais disponibles avec un cylindre en acier inoxydable.","breadcrumb":{"@id":"https:\/\/lda.be\/fr\/produit\/serie-crs-amortisseurs-en-acier-inoxydable\/#breadcrumb"},"inLanguage":"fr-FR","potentialAction":[{"@type":"ReadAction","target":["https:\/\/lda.be\/fr\/produit\/serie-crs-amortisseurs-en-acier-inoxydable\/"]}]},{"@type":"ImageObject","inLanguage":"fr-FR","@id":"https:\/\/lda.be\/fr\/produit\/serie-crs-amortisseurs-en-acier-inoxydable\/#primaryimage","url":"https:\/\/lda.be\/wp-content\/uploads\/2025\/03\/CRS-serie-1.webp","contentUrl":"https:\/\/lda.be\/wp-content\/uploads\/2025\/03\/CRS-serie-1.webp","width":1080,"height":1080,"caption":"CRS verstelbare serie"},{"@type":"BreadcrumbList","@id":"https:\/\/lda.be\/fr\/produit\/serie-crs-amortisseurs-en-acier-inoxydable\/#breadcrumb","itemListElement":[{"@type":"ListItem","position":1,"name":"Accueil","item":"https:\/\/lda.be\/fr\/"},{"@type":"ListItem","position":2,"name":"Produits","item":"https:\/\/lda.be\/fr\/produits\/"},{"@type":"ListItem","position":3,"name":"S\u00e9rie CRS, Amortisseurs en acier inoxydable r\u00e9glables"}]},{"@type":"WebSite","@id":"https:\/\/lda.be\/fr\/#website","url":"https:\/\/lda.be\/fr\/","name":"LDA Belgium","description":"Solutions For Life","publisher":{"@id":"https:\/\/lda.be\/fr\/#organization"},"potentialAction":[{"@type":"SearchAction","target":{"@type":"EntryPoint","urlTemplate":"https:\/\/lda.be\/fr\/?s={search_term_string}"},"query-input":{"@type":"PropertyValueSpecification","valueRequired":true,"valueName":"search_term_string"}}],"inLanguage":"fr-FR"},{"@type":"Organization","@id":"https:\/\/lda.be\/fr\/#organization","name":"LDA Belgium","url":"https:\/\/lda.be\/fr\/","logo":{"@type":"ImageObject","inLanguage":"fr-FR","@id":"https:\/\/lda.be\/fr\/#\/schema\/logo\/image\/","url":"https:\/\/lda.be\/wp-content\/uploads\/2022\/07\/Logo-LDA.webp","contentUrl":"https:\/\/lda.be\/wp-content\/uploads\/2022\/07\/Logo-LDA.webp","width":311,"height":101,"caption":"LDA Belgium"},"image":{"@id":"https:\/\/lda.be\/fr\/#\/schema\/logo\/image\/"},"sameAs":["https:\/\/www.linkedin.com\/company\/lda-belgium-nv"]}]}},"_links":{"self":[{"href":"https:\/\/lda.be\/fr\/wp-json\/wp\/v2\/product\/6767","targetHints":{"allow":["GET"]}}],"collection":[{"href":"https:\/\/lda.be\/fr\/wp-json\/wp\/v2\/product"}],"about":[{"href":"https:\/\/lda.be\/fr\/wp-json\/wp\/v2\/types\/product"}],"replies":[{"embeddable":true,"href":"https:\/\/lda.be\/fr\/wp-json\/wp\/v2\/comments?post=6767"}],"wp:featuredmedia":[{"embeddable":true,"href":"https:\/\/lda.be\/fr\/wp-json\/wp\/v2\/media\/12026"}],"wp:attachment":[{"href":"https:\/\/lda.be\/fr\/wp-json\/wp\/v2\/media?parent=6767"}],"wp:term":[{"taxonomy":"product_brand","embeddable":true,"href":"https:\/\/lda.be\/fr\/wp-json\/wp\/v2\/product_brand?post=6767"},{"taxonomy":"product_cat","embeddable":true,"href":"https:\/\/lda.be\/fr\/wp-json\/wp\/v2\/product_cat?post=6767"},{"taxonomy":"product_tag","embeddable":true,"href":"https:\/\/lda.be\/fr\/wp-json\/wp\/v2\/product_tag?post=6767"}],"curies":[{"name":"wp","href":"https:\/\/api.w.org\/{rel}","templated":true}]}}