{"id":6812,"date":"2025-03-29T18:26:23","date_gmt":"2025-03-29T17:26:23","guid":{"rendered":"https:\/\/lda.be\/?post_type=product&#038;p=6812"},"modified":"2025-04-15T15:51:42","modified_gmt":"2025-04-15T14:51:42","slug":"serie-hi-de-butoirs-pour-lindustrie-lourde","status":"publish","type":"product","link":"https:\/\/lda.be\/fr\/produit\/serie-hi-de-butoirs-pour-lindustrie-lourde\/","title":{"rendered":"S\u00e9rie HI &#8211; de butoirs pour l\u2019industrie lourde"},"content":{"rendered":"<p><strong>Grands arr\u00eats de grue simplifi\u00e9s<\/strong><\/p>\n<p>Les butoirs de la s\u00e9rie Heavy Industry (HI) d\u2019Enidine prot\u00e8gent en toute s\u00e9curit\u00e9 les machines et \u00e9quipements lourds pendant le transfert des mat\u00e9riaux et le mouvement des produits.<\/p>\n<p>Ces gros amortisseurs \u00e0 grande capacit\u00e9 sont con\u00e7us individuellement pour ralentir les charges en mouvement dans diverses conditions et sont conformes aux normes de s\u00e9curit\u00e9 de l\u2019industrie. Le contr\u00f4le des grues \u00e0 pont, des plateformes de chariots, des grues, des transferts de grands conteneurs et des arr\u00eats de s\u00e9curit\u00e9 de transport sont des applications typiques. Leurs technologies de conception \u00e9prouv\u00e9es, associ\u00e9es \u00e0 l\u2019expertise acquise \u00e0 partir d\u2019une base de produits install\u00e9s partout dans le monde, assurent une performance qui d\u00e9passe les attentes des clients.<\/p>\n<p>Avant la fabrication des butoirs de la s\u00e9rie HI, des courbes de r\u00e9ponse simul\u00e9es par ordinateur sont g\u00e9n\u00e9r\u00e9es pour mod\u00e9liser les conditions r\u00e9elles, v\u00e9rifier les performances du produit, confirmer les caract\u00e9ristiques d\u2019amortissement et g\u00e9n\u00e9rer des conceptions personnalis\u00e9es qui r\u00e9pondent \u00e0 des exigences d\u2019amortissement multiples ou sp\u00e9cifiques.<\/p>\n<p>La s\u00e9rie de butoirs HI d\u2019Enidine dispose d\u2019un syst\u00e8me de retour \u00e0 l\u2019azote qui permet une d\u00e9c\u00e9l\u00e9ration douce et un retour positif dans une conception sans entretien. La surface d\u2019al\u00e9sage surdimensionn\u00e9e procure des capacit\u00e9s optimales d\u2019absorption d\u2019\u00e9nergie et des facteurs de s\u00e9curit\u00e9 internes accrus. Les installations d\u2019essai de pointe d\u2019Enidine assurent l\u2019int\u00e9grit\u00e9 de la conception et la performance du produit.<\/p>\n","protected":false},"excerpt":{"rendered":"<p>Grands arr\u00eats de grue simplifi\u00e9s Les butoirs de la s\u00e9rie Heavy Industry (HI) d\u2019Enidine prot\u00e8gent en toute s\u00e9curit\u00e9 les machines et \u00e9quipements lourds pendant le transfert des mat\u00e9riaux et le mouvement des produits. Ces gros amortisseurs \u00e0 grande capacit\u00e9 sont con\u00e7us individuellement pour ralentir les charges en mouvement dans diverses conditions et sont conformes aux [&hellip;]<\/p>\n","protected":false},"featured_media":6315,"comment_status":"closed","ping_status":"closed","template":"","meta":[],"product_brand":[1259],"product_cat":[1180],"product_tag":[],"class_list":{"0":"post-6812","1":"product","2":"type-product","3":"status-publish","4":"has-post-thumbnail","6":"product_brand-enidine","7":"product_cat-lindustrie-lourde-hydraulic-shock-absorbers-shock-absorption","9":"first","10":"instock","11":"shipping-taxable","12":"product-type-simple"},"yoast_head":"<!-- This site is optimized with the Yoast SEO plugin v27.5 - https:\/\/yoast.com\/product\/yoast-seo-wordpress\/ -->\n<title>S\u00e9rie HI - de butoirs pour l\u2019industrie lourde - LDA Belgique<\/title>\n<meta name=\"robots\" content=\"index, follow, max-snippet:-1, max-image-preview:large, max-video-preview:-1\" \/>\n<link rel=\"canonical\" href=\"https:\/\/lda.be\/fr\/produit\/serie-hi-de-butoirs-pour-lindustrie-lourde\/\" \/>\n<meta property=\"og:locale\" content=\"fr_FR\" \/>\n<meta property=\"og:type\" content=\"article\" \/>\n<meta property=\"og:title\" content=\"S\u00e9rie HI - de butoirs pour l\u2019industrie lourde - LDA Belgique\" \/>\n<meta property=\"og:description\" content=\"Grands arr\u00eats de grue simplifi\u00e9s Les butoirs de la s\u00e9rie Heavy Industry (HI) d\u2019Enidine prot\u00e8gent en toute s\u00e9curit\u00e9 les machines et \u00e9quipements lourds pendant le transfert des mat\u00e9riaux et le mouvement des produits. Ces gros amortisseurs \u00e0 grande capacit\u00e9 sont con\u00e7us individuellement pour ralentir les charges en mouvement dans diverses conditions et sont conformes aux [&hellip;]\" \/>\n<meta property=\"og:url\" content=\"https:\/\/lda.be\/fr\/produit\/serie-hi-de-butoirs-pour-lindustrie-lourde\/\" \/>\n<meta property=\"og:site_name\" content=\"LDA Belgique\" \/>\n<meta property=\"article:modified_time\" content=\"2025-04-15T14:51:42+00:00\" \/>\n<meta property=\"og:image\" content=\"https:\/\/lda.be\/wp-content\/uploads\/2025\/03\/HI.webp\" \/>\n\t<meta property=\"og:image:width\" content=\"720\" \/>\n\t<meta property=\"og:image:height\" content=\"720\" \/>\n\t<meta property=\"og:image:type\" content=\"image\/webp\" \/>\n<meta name=\"twitter:card\" content=\"summary_large_image\" \/>\n<meta name=\"twitter:label1\" content=\"Dur\u00e9e de lecture estim\u00e9e\" \/>\n\t<meta name=\"twitter:data1\" content=\"2 minutes\" \/>\n<script type=\"application\/ld+json\" class=\"yoast-schema-graph\">{\"@context\":\"https:\\\/\\\/schema.org\",\"@graph\":[{\"@type\":\"WebPage\",\"@id\":\"https:\\\/\\\/lda.be\\\/fr\\\/produit\\\/serie-hi-de-butoirs-pour-lindustrie-lourde\\\/\",\"url\":\"https:\\\/\\\/lda.be\\\/fr\\\/produit\\\/serie-hi-de-butoirs-pour-lindustrie-lourde\\\/\",\"name\":\"S\u00e9rie HI - de butoirs pour l\u2019industrie lourde - LDA Belgique\",\"isPartOf\":{\"@id\":\"https:\\\/\\\/lda.be\\\/fr\\\/#website\"},\"primaryImageOfPage\":{\"@id\":\"https:\\\/\\\/lda.be\\\/fr\\\/produit\\\/serie-hi-de-butoirs-pour-lindustrie-lourde\\\/#primaryimage\"},\"image\":{\"@id\":\"https:\\\/\\\/lda.be\\\/fr\\\/produit\\\/serie-hi-de-butoirs-pour-lindustrie-lourde\\\/#primaryimage\"},\"thumbnailUrl\":\"https:\\\/\\\/lda.be\\\/wp-content\\\/uploads\\\/2025\\\/03\\\/HI.webp\",\"datePublished\":\"2025-03-29T17:26:23+00:00\",\"dateModified\":\"2025-04-15T14:51:42+00:00\",\"breadcrumb\":{\"@id\":\"https:\\\/\\\/lda.be\\\/fr\\\/produit\\\/serie-hi-de-butoirs-pour-lindustrie-lourde\\\/#breadcrumb\"},\"inLanguage\":\"fr-FR\",\"potentialAction\":[{\"@type\":\"ReadAction\",\"target\":[\"https:\\\/\\\/lda.be\\\/fr\\\/produit\\\/serie-hi-de-butoirs-pour-lindustrie-lourde\\\/\"]}]},{\"@type\":\"ImageObject\",\"inLanguage\":\"fr-FR\",\"@id\":\"https:\\\/\\\/lda.be\\\/fr\\\/produit\\\/serie-hi-de-butoirs-pour-lindustrie-lourde\\\/#primaryimage\",\"url\":\"https:\\\/\\\/lda.be\\\/wp-content\\\/uploads\\\/2025\\\/03\\\/HI.webp\",\"contentUrl\":\"https:\\\/\\\/lda.be\\\/wp-content\\\/uploads\\\/2025\\\/03\\\/HI.webp\",\"width\":720,\"height\":720},{\"@type\":\"BreadcrumbList\",\"@id\":\"https:\\\/\\\/lda.be\\\/fr\\\/produit\\\/serie-hi-de-butoirs-pour-lindustrie-lourde\\\/#breadcrumb\",\"itemListElement\":[{\"@type\":\"ListItem\",\"position\":1,\"name\":\"Accueil\",\"item\":\"https:\\\/\\\/lda.be\\\/fr\\\/\"},{\"@type\":\"ListItem\",\"position\":2,\"name\":\"Produits\",\"item\":\"https:\\\/\\\/lda.be\\\/fr\\\/produits\\\/\"},{\"@type\":\"ListItem\",\"position\":3,\"name\":\"S\u00e9rie HI &#8211; de butoirs pour l\u2019industrie lourde\"}]},{\"@type\":\"WebSite\",\"@id\":\"https:\\\/\\\/lda.be\\\/fr\\\/#website\",\"url\":\"https:\\\/\\\/lda.be\\\/fr\\\/\",\"name\":\"LDA Belgium\",\"description\":\"Solutions For Life\",\"publisher\":{\"@id\":\"https:\\\/\\\/lda.be\\\/fr\\\/#organization\"},\"potentialAction\":[{\"@type\":\"SearchAction\",\"target\":{\"@type\":\"EntryPoint\",\"urlTemplate\":\"https:\\\/\\\/lda.be\\\/fr\\\/?s={search_term_string}\"},\"query-input\":{\"@type\":\"PropertyValueSpecification\",\"valueRequired\":true,\"valueName\":\"search_term_string\"}}],\"inLanguage\":\"fr-FR\"},{\"@type\":\"Organization\",\"@id\":\"https:\\\/\\\/lda.be\\\/fr\\\/#organization\",\"name\":\"LDA Belgium\",\"url\":\"https:\\\/\\\/lda.be\\\/fr\\\/\",\"logo\":{\"@type\":\"ImageObject\",\"inLanguage\":\"fr-FR\",\"@id\":\"https:\\\/\\\/lda.be\\\/fr\\\/#\\\/schema\\\/logo\\\/image\\\/\",\"url\":\"https:\\\/\\\/lda.be\\\/wp-content\\\/uploads\\\/2022\\\/07\\\/Logo-LDA.webp\",\"contentUrl\":\"https:\\\/\\\/lda.be\\\/wp-content\\\/uploads\\\/2022\\\/07\\\/Logo-LDA.webp\",\"width\":311,\"height\":101,\"caption\":\"LDA Belgium\"},\"image\":{\"@id\":\"https:\\\/\\\/lda.be\\\/fr\\\/#\\\/schema\\\/logo\\\/image\\\/\"},\"sameAs\":[\"https:\\\/\\\/www.linkedin.com\\\/company\\\/lda-belgium-nv\"]}]}<\/script>\n<!-- \/ Yoast SEO plugin. -->","yoast_head_json":{"title":"S\u00e9rie HI - de butoirs pour l\u2019industrie lourde - LDA Belgique","robots":{"index":"index","follow":"follow","max-snippet":"max-snippet:-1","max-image-preview":"max-image-preview:large","max-video-preview":"max-video-preview:-1"},"canonical":"https:\/\/lda.be\/fr\/produit\/serie-hi-de-butoirs-pour-lindustrie-lourde\/","og_locale":"fr_FR","og_type":"article","og_title":"S\u00e9rie HI - de butoirs pour l\u2019industrie lourde - LDA Belgique","og_description":"Grands arr\u00eats de grue simplifi\u00e9s Les butoirs de la s\u00e9rie Heavy Industry (HI) d\u2019Enidine prot\u00e8gent en toute s\u00e9curit\u00e9 les machines et \u00e9quipements lourds pendant le transfert des mat\u00e9riaux et le mouvement des produits. Ces gros amortisseurs \u00e0 grande capacit\u00e9 sont con\u00e7us individuellement pour ralentir les charges en mouvement dans diverses conditions et sont conformes aux [&hellip;]","og_url":"https:\/\/lda.be\/fr\/produit\/serie-hi-de-butoirs-pour-lindustrie-lourde\/","og_site_name":"LDA Belgique","article_modified_time":"2025-04-15T14:51:42+00:00","og_image":[{"width":720,"height":720,"url":"https:\/\/lda.be\/wp-content\/uploads\/2025\/03\/HI.webp","type":"image\/webp"}],"twitter_card":"summary_large_image","twitter_misc":{"Dur\u00e9e de lecture estim\u00e9e":"2 minutes"},"schema":{"@context":"https:\/\/schema.org","@graph":[{"@type":"WebPage","@id":"https:\/\/lda.be\/fr\/produit\/serie-hi-de-butoirs-pour-lindustrie-lourde\/","url":"https:\/\/lda.be\/fr\/produit\/serie-hi-de-butoirs-pour-lindustrie-lourde\/","name":"S\u00e9rie HI - de butoirs pour l\u2019industrie lourde - LDA Belgique","isPartOf":{"@id":"https:\/\/lda.be\/fr\/#website"},"primaryImageOfPage":{"@id":"https:\/\/lda.be\/fr\/produit\/serie-hi-de-butoirs-pour-lindustrie-lourde\/#primaryimage"},"image":{"@id":"https:\/\/lda.be\/fr\/produit\/serie-hi-de-butoirs-pour-lindustrie-lourde\/#primaryimage"},"thumbnailUrl":"https:\/\/lda.be\/wp-content\/uploads\/2025\/03\/HI.webp","datePublished":"2025-03-29T17:26:23+00:00","dateModified":"2025-04-15T14:51:42+00:00","breadcrumb":{"@id":"https:\/\/lda.be\/fr\/produit\/serie-hi-de-butoirs-pour-lindustrie-lourde\/#breadcrumb"},"inLanguage":"fr-FR","potentialAction":[{"@type":"ReadAction","target":["https:\/\/lda.be\/fr\/produit\/serie-hi-de-butoirs-pour-lindustrie-lourde\/"]}]},{"@type":"ImageObject","inLanguage":"fr-FR","@id":"https:\/\/lda.be\/fr\/produit\/serie-hi-de-butoirs-pour-lindustrie-lourde\/#primaryimage","url":"https:\/\/lda.be\/wp-content\/uploads\/2025\/03\/HI.webp","contentUrl":"https:\/\/lda.be\/wp-content\/uploads\/2025\/03\/HI.webp","width":720,"height":720},{"@type":"BreadcrumbList","@id":"https:\/\/lda.be\/fr\/produit\/serie-hi-de-butoirs-pour-lindustrie-lourde\/#breadcrumb","itemListElement":[{"@type":"ListItem","position":1,"name":"Accueil","item":"https:\/\/lda.be\/fr\/"},{"@type":"ListItem","position":2,"name":"Produits","item":"https:\/\/lda.be\/fr\/produits\/"},{"@type":"ListItem","position":3,"name":"S\u00e9rie HI &#8211; de butoirs pour l\u2019industrie lourde"}]},{"@type":"WebSite","@id":"https:\/\/lda.be\/fr\/#website","url":"https:\/\/lda.be\/fr\/","name":"LDA Belgium","description":"Solutions For Life","publisher":{"@id":"https:\/\/lda.be\/fr\/#organization"},"potentialAction":[{"@type":"SearchAction","target":{"@type":"EntryPoint","urlTemplate":"https:\/\/lda.be\/fr\/?s={search_term_string}"},"query-input":{"@type":"PropertyValueSpecification","valueRequired":true,"valueName":"search_term_string"}}],"inLanguage":"fr-FR"},{"@type":"Organization","@id":"https:\/\/lda.be\/fr\/#organization","name":"LDA Belgium","url":"https:\/\/lda.be\/fr\/","logo":{"@type":"ImageObject","inLanguage":"fr-FR","@id":"https:\/\/lda.be\/fr\/#\/schema\/logo\/image\/","url":"https:\/\/lda.be\/wp-content\/uploads\/2022\/07\/Logo-LDA.webp","contentUrl":"https:\/\/lda.be\/wp-content\/uploads\/2022\/07\/Logo-LDA.webp","width":311,"height":101,"caption":"LDA Belgium"},"image":{"@id":"https:\/\/lda.be\/fr\/#\/schema\/logo\/image\/"},"sameAs":["https:\/\/www.linkedin.com\/company\/lda-belgium-nv"]}]}},"_links":{"self":[{"href":"https:\/\/lda.be\/fr\/wp-json\/wp\/v2\/product\/6812","targetHints":{"allow":["GET"]}}],"collection":[{"href":"https:\/\/lda.be\/fr\/wp-json\/wp\/v2\/product"}],"about":[{"href":"https:\/\/lda.be\/fr\/wp-json\/wp\/v2\/types\/product"}],"replies":[{"embeddable":true,"href":"https:\/\/lda.be\/fr\/wp-json\/wp\/v2\/comments?post=6812"}],"wp:featuredmedia":[{"embeddable":true,"href":"https:\/\/lda.be\/fr\/wp-json\/wp\/v2\/media\/6315"}],"wp:attachment":[{"href":"https:\/\/lda.be\/fr\/wp-json\/wp\/v2\/media?parent=6812"}],"wp:term":[{"taxonomy":"product_brand","embeddable":true,"href":"https:\/\/lda.be\/fr\/wp-json\/wp\/v2\/product_brand?post=6812"},{"taxonomy":"product_cat","embeddable":true,"href":"https:\/\/lda.be\/fr\/wp-json\/wp\/v2\/product_cat?post=6812"},{"taxonomy":"product_tag","embeddable":true,"href":"https:\/\/lda.be\/fr\/wp-json\/wp\/v2\/product_tag?post=6812"}],"curies":[{"name":"wp","href":"https:\/\/api.w.org\/{rel}","templated":true}]}}