{"id":6832,"date":"2025-03-29T18:18:23","date_gmt":"2025-03-29T17:18:23","guid":{"rendered":"https:\/\/lda.be\/?post_type=product&#038;p=6832"},"modified":"2025-09-16T10:59:33","modified_gmt":"2025-09-16T09:59:33","slug":"serie-oemxt-petits-amortisseurs-reglables","status":"publish","type":"product","link":"https:\/\/lda.be\/fr\/produit\/serie-oemxt-petits-amortisseurs-reglables\/","title":{"rendered":"S\u00e9rie OEMXT &#8211; Grands amortisseurs r\u00e9glables"},"content":{"rendered":"<p>Enidine propose aujourd&#8217;hui la plus large gamme d&#8217;amortisseurs industriels r\u00e9glables \u00e0 grand al\u00e9sage et d&#8217;accessoires de montage sur le march\u00e9 mondial. La s\u00e9rie OEMXT d&#8217;Enidine est \u00e9quip\u00e9e d&#8217;un bouton de r\u00e9glage \u00e0 profil bas, disponible en configurations \u00e0 filetage imp\u00e9rial ou m\u00e9trique, avec des courses de 1 \u00e0 6 pouces, pour un remplacement direct et comp\u00e9titif. Les produits de la s\u00e9rie Low Range (LROEMXT) sont \u00e9galement disponibles pour contr\u00f4ler des vitesses aussi faibles que 3 pouces\/seconde et des forces de propulsion aussi \u00e9lev\u00e9es que 4 000 livres. Les amortisseurs des s\u00e9ries OEMXT et OEM Large Bore sont enti\u00e8rement r\u00e9parables sur le terrain.<\/p>\n<p>Produits industriels d&#8217;absorption d&#8217;\u00e9nergie con\u00e7us pour les applications o\u00f9 les exigences et les param\u00e8tres d&#8217;entr\u00e9e varient ou ne sont pas clairement d\u00e9finis. Il suffit de tourner le bouton de r\u00e9glage innovant pour modifier la force d&#8217;amortissement de l&#8217;amortisseur afin de l&#8217;adapter \u00e0 un large \u00e9ventail de conditions pour r\u00e9pondre aux besoins sp\u00e9cifiques de votre application.<\/p>\n","protected":false},"excerpt":{"rendered":"<p>Enidine propose aujourd&#8217;hui la plus large gamme d&#8217;amortisseurs industriels r\u00e9glables \u00e0 grand al\u00e9sage et d&#8217;accessoires de montage sur le march\u00e9 mondial. La s\u00e9rie OEMXT d&#8217;Enidine est \u00e9quip\u00e9e d&#8217;un bouton de r\u00e9glage \u00e0 profil bas, disponible en configurations \u00e0 filetage imp\u00e9rial ou m\u00e9trique, avec des courses de 1 \u00e0 6 pouces, pour un remplacement direct et [&hellip;]<\/p>\n","protected":false},"featured_media":6300,"comment_status":"closed","ping_status":"closed","template":"","meta":[],"product_brand":[1259],"product_cat":[1170],"product_tag":[],"class_list":{"0":"post-6832","1":"product","2":"type-product","3":"status-publish","4":"has-post-thumbnail","6":"product_brand-enidine","7":"product_cat-reglable","9":"first","10":"instock","11":"shipping-taxable","12":"product-type-simple"},"yoast_head":"<!-- This site is optimized with the Yoast SEO plugin v27.3 - https:\/\/yoast.com\/product\/yoast-seo-wordpress\/ -->\n<title>S\u00e9rie OEMXT - Grands amortisseurs r\u00e9glables - LDA Belgique<\/title>\n<meta name=\"robots\" content=\"index, follow, max-snippet:-1, max-image-preview:large, max-video-preview:-1\" \/>\n<link rel=\"canonical\" href=\"https:\/\/lda.be\/fr\/produit\/serie-oemxt-petits-amortisseurs-reglables\/\" \/>\n<meta property=\"og:locale\" content=\"fr_FR\" \/>\n<meta property=\"og:type\" content=\"article\" \/>\n<meta property=\"og:title\" content=\"S\u00e9rie OEMXT - Grands amortisseurs r\u00e9glables - LDA Belgique\" \/>\n<meta property=\"og:description\" content=\"Enidine propose aujourd&#8217;hui la plus large gamme d&#8217;amortisseurs industriels r\u00e9glables \u00e0 grand al\u00e9sage et d&#8217;accessoires de montage sur le march\u00e9 mondial. La s\u00e9rie OEMXT d&#8217;Enidine est \u00e9quip\u00e9e d&#8217;un bouton de r\u00e9glage \u00e0 profil bas, disponible en configurations \u00e0 filetage imp\u00e9rial ou m\u00e9trique, avec des courses de 1 \u00e0 6 pouces, pour un remplacement direct et [&hellip;]\" \/>\n<meta property=\"og:url\" content=\"https:\/\/lda.be\/fr\/produit\/serie-oemxt-petits-amortisseurs-reglables\/\" \/>\n<meta property=\"og:site_name\" content=\"LDA Belgique\" \/>\n<meta property=\"article:modified_time\" content=\"2025-09-16T09:59:33+00:00\" \/>\n<meta property=\"og:image\" content=\"https:\/\/lda.be\/wp-content\/uploads\/2025\/03\/OEMXT_adj.webp\" \/>\n\t<meta property=\"og:image:width\" content=\"795\" \/>\n\t<meta property=\"og:image:height\" content=\"720\" \/>\n\t<meta property=\"og:image:type\" content=\"image\/webp\" \/>\n<meta name=\"twitter:card\" content=\"summary_large_image\" \/>\n<meta name=\"twitter:label1\" content=\"Dur\u00e9e de lecture estim\u00e9e\" \/>\n\t<meta name=\"twitter:data1\" content=\"1 minute\" \/>\n<script type=\"application\/ld+json\" class=\"yoast-schema-graph\">{\"@context\":\"https:\\\/\\\/schema.org\",\"@graph\":[{\"@type\":\"WebPage\",\"@id\":\"https:\\\/\\\/lda.be\\\/fr\\\/produit\\\/serie-oemxt-petits-amortisseurs-reglables\\\/\",\"url\":\"https:\\\/\\\/lda.be\\\/fr\\\/produit\\\/serie-oemxt-petits-amortisseurs-reglables\\\/\",\"name\":\"S\u00e9rie OEMXT - Grands amortisseurs r\u00e9glables - LDA Belgique\",\"isPartOf\":{\"@id\":\"https:\\\/\\\/lda.be\\\/fr\\\/#website\"},\"primaryImageOfPage\":{\"@id\":\"https:\\\/\\\/lda.be\\\/fr\\\/produit\\\/serie-oemxt-petits-amortisseurs-reglables\\\/#primaryimage\"},\"image\":{\"@id\":\"https:\\\/\\\/lda.be\\\/fr\\\/produit\\\/serie-oemxt-petits-amortisseurs-reglables\\\/#primaryimage\"},\"thumbnailUrl\":\"https:\\\/\\\/lda.be\\\/wp-content\\\/uploads\\\/2025\\\/03\\\/OEMXT_adj.webp\",\"datePublished\":\"2025-03-29T17:18:23+00:00\",\"dateModified\":\"2025-09-16T09:59:33+00:00\",\"breadcrumb\":{\"@id\":\"https:\\\/\\\/lda.be\\\/fr\\\/produit\\\/serie-oemxt-petits-amortisseurs-reglables\\\/#breadcrumb\"},\"inLanguage\":\"fr-FR\",\"potentialAction\":[{\"@type\":\"ReadAction\",\"target\":[\"https:\\\/\\\/lda.be\\\/fr\\\/produit\\\/serie-oemxt-petits-amortisseurs-reglables\\\/\"]}]},{\"@type\":\"ImageObject\",\"inLanguage\":\"fr-FR\",\"@id\":\"https:\\\/\\\/lda.be\\\/fr\\\/produit\\\/serie-oemxt-petits-amortisseurs-reglables\\\/#primaryimage\",\"url\":\"https:\\\/\\\/lda.be\\\/wp-content\\\/uploads\\\/2025\\\/03\\\/OEMXT_adj.webp\",\"contentUrl\":\"https:\\\/\\\/lda.be\\\/wp-content\\\/uploads\\\/2025\\\/03\\\/OEMXT_adj.webp\",\"width\":795,\"height\":720},{\"@type\":\"BreadcrumbList\",\"@id\":\"https:\\\/\\\/lda.be\\\/fr\\\/produit\\\/serie-oemxt-petits-amortisseurs-reglables\\\/#breadcrumb\",\"itemListElement\":[{\"@type\":\"ListItem\",\"position\":1,\"name\":\"Accueil\",\"item\":\"https:\\\/\\\/lda.be\\\/fr\\\/\"},{\"@type\":\"ListItem\",\"position\":2,\"name\":\"Produits\",\"item\":\"https:\\\/\\\/lda.be\\\/fr\\\/produits\\\/\"},{\"@type\":\"ListItem\",\"position\":3,\"name\":\"S\u00e9rie OEMXT &#8211; Grands amortisseurs r\u00e9glables\"}]},{\"@type\":\"WebSite\",\"@id\":\"https:\\\/\\\/lda.be\\\/fr\\\/#website\",\"url\":\"https:\\\/\\\/lda.be\\\/fr\\\/\",\"name\":\"LDA Belgium\",\"description\":\"Solutions For Life\",\"publisher\":{\"@id\":\"https:\\\/\\\/lda.be\\\/fr\\\/#organization\"},\"potentialAction\":[{\"@type\":\"SearchAction\",\"target\":{\"@type\":\"EntryPoint\",\"urlTemplate\":\"https:\\\/\\\/lda.be\\\/fr\\\/?s={search_term_string}\"},\"query-input\":{\"@type\":\"PropertyValueSpecification\",\"valueRequired\":true,\"valueName\":\"search_term_string\"}}],\"inLanguage\":\"fr-FR\"},{\"@type\":\"Organization\",\"@id\":\"https:\\\/\\\/lda.be\\\/fr\\\/#organization\",\"name\":\"LDA Belgium\",\"url\":\"https:\\\/\\\/lda.be\\\/fr\\\/\",\"logo\":{\"@type\":\"ImageObject\",\"inLanguage\":\"fr-FR\",\"@id\":\"https:\\\/\\\/lda.be\\\/fr\\\/#\\\/schema\\\/logo\\\/image\\\/\",\"url\":\"https:\\\/\\\/lda.be\\\/wp-content\\\/uploads\\\/2022\\\/07\\\/Logo-LDA.webp\",\"contentUrl\":\"https:\\\/\\\/lda.be\\\/wp-content\\\/uploads\\\/2022\\\/07\\\/Logo-LDA.webp\",\"width\":311,\"height\":101,\"caption\":\"LDA Belgium\"},\"image\":{\"@id\":\"https:\\\/\\\/lda.be\\\/fr\\\/#\\\/schema\\\/logo\\\/image\\\/\"},\"sameAs\":[\"https:\\\/\\\/www.linkedin.com\\\/company\\\/lda-belgium-nv\"]}]}<\/script>\n<!-- \/ Yoast SEO plugin. -->","yoast_head_json":{"title":"S\u00e9rie OEMXT - Grands amortisseurs r\u00e9glables - LDA Belgique","robots":{"index":"index","follow":"follow","max-snippet":"max-snippet:-1","max-image-preview":"max-image-preview:large","max-video-preview":"max-video-preview:-1"},"canonical":"https:\/\/lda.be\/fr\/produit\/serie-oemxt-petits-amortisseurs-reglables\/","og_locale":"fr_FR","og_type":"article","og_title":"S\u00e9rie OEMXT - Grands amortisseurs r\u00e9glables - LDA Belgique","og_description":"Enidine propose aujourd&#8217;hui la plus large gamme d&#8217;amortisseurs industriels r\u00e9glables \u00e0 grand al\u00e9sage et d&#8217;accessoires de montage sur le march\u00e9 mondial. La s\u00e9rie OEMXT d&#8217;Enidine est \u00e9quip\u00e9e d&#8217;un bouton de r\u00e9glage \u00e0 profil bas, disponible en configurations \u00e0 filetage imp\u00e9rial ou m\u00e9trique, avec des courses de 1 \u00e0 6 pouces, pour un remplacement direct et [&hellip;]","og_url":"https:\/\/lda.be\/fr\/produit\/serie-oemxt-petits-amortisseurs-reglables\/","og_site_name":"LDA Belgique","article_modified_time":"2025-09-16T09:59:33+00:00","og_image":[{"width":795,"height":720,"url":"https:\/\/lda.be\/wp-content\/uploads\/2025\/03\/OEMXT_adj.webp","type":"image\/webp"}],"twitter_card":"summary_large_image","twitter_misc":{"Dur\u00e9e de lecture estim\u00e9e":"1 minute"},"schema":{"@context":"https:\/\/schema.org","@graph":[{"@type":"WebPage","@id":"https:\/\/lda.be\/fr\/produit\/serie-oemxt-petits-amortisseurs-reglables\/","url":"https:\/\/lda.be\/fr\/produit\/serie-oemxt-petits-amortisseurs-reglables\/","name":"S\u00e9rie OEMXT - Grands amortisseurs r\u00e9glables - LDA Belgique","isPartOf":{"@id":"https:\/\/lda.be\/fr\/#website"},"primaryImageOfPage":{"@id":"https:\/\/lda.be\/fr\/produit\/serie-oemxt-petits-amortisseurs-reglables\/#primaryimage"},"image":{"@id":"https:\/\/lda.be\/fr\/produit\/serie-oemxt-petits-amortisseurs-reglables\/#primaryimage"},"thumbnailUrl":"https:\/\/lda.be\/wp-content\/uploads\/2025\/03\/OEMXT_adj.webp","datePublished":"2025-03-29T17:18:23+00:00","dateModified":"2025-09-16T09:59:33+00:00","breadcrumb":{"@id":"https:\/\/lda.be\/fr\/produit\/serie-oemxt-petits-amortisseurs-reglables\/#breadcrumb"},"inLanguage":"fr-FR","potentialAction":[{"@type":"ReadAction","target":["https:\/\/lda.be\/fr\/produit\/serie-oemxt-petits-amortisseurs-reglables\/"]}]},{"@type":"ImageObject","inLanguage":"fr-FR","@id":"https:\/\/lda.be\/fr\/produit\/serie-oemxt-petits-amortisseurs-reglables\/#primaryimage","url":"https:\/\/lda.be\/wp-content\/uploads\/2025\/03\/OEMXT_adj.webp","contentUrl":"https:\/\/lda.be\/wp-content\/uploads\/2025\/03\/OEMXT_adj.webp","width":795,"height":720},{"@type":"BreadcrumbList","@id":"https:\/\/lda.be\/fr\/produit\/serie-oemxt-petits-amortisseurs-reglables\/#breadcrumb","itemListElement":[{"@type":"ListItem","position":1,"name":"Accueil","item":"https:\/\/lda.be\/fr\/"},{"@type":"ListItem","position":2,"name":"Produits","item":"https:\/\/lda.be\/fr\/produits\/"},{"@type":"ListItem","position":3,"name":"S\u00e9rie OEMXT &#8211; Grands amortisseurs r\u00e9glables"}]},{"@type":"WebSite","@id":"https:\/\/lda.be\/fr\/#website","url":"https:\/\/lda.be\/fr\/","name":"LDA Belgium","description":"Solutions For Life","publisher":{"@id":"https:\/\/lda.be\/fr\/#organization"},"potentialAction":[{"@type":"SearchAction","target":{"@type":"EntryPoint","urlTemplate":"https:\/\/lda.be\/fr\/?s={search_term_string}"},"query-input":{"@type":"PropertyValueSpecification","valueRequired":true,"valueName":"search_term_string"}}],"inLanguage":"fr-FR"},{"@type":"Organization","@id":"https:\/\/lda.be\/fr\/#organization","name":"LDA Belgium","url":"https:\/\/lda.be\/fr\/","logo":{"@type":"ImageObject","inLanguage":"fr-FR","@id":"https:\/\/lda.be\/fr\/#\/schema\/logo\/image\/","url":"https:\/\/lda.be\/wp-content\/uploads\/2022\/07\/Logo-LDA.webp","contentUrl":"https:\/\/lda.be\/wp-content\/uploads\/2022\/07\/Logo-LDA.webp","width":311,"height":101,"caption":"LDA Belgium"},"image":{"@id":"https:\/\/lda.be\/fr\/#\/schema\/logo\/image\/"},"sameAs":["https:\/\/www.linkedin.com\/company\/lda-belgium-nv"]}]}},"_links":{"self":[{"href":"https:\/\/lda.be\/fr\/wp-json\/wp\/v2\/product\/6832","targetHints":{"allow":["GET"]}}],"collection":[{"href":"https:\/\/lda.be\/fr\/wp-json\/wp\/v2\/product"}],"about":[{"href":"https:\/\/lda.be\/fr\/wp-json\/wp\/v2\/types\/product"}],"replies":[{"embeddable":true,"href":"https:\/\/lda.be\/fr\/wp-json\/wp\/v2\/comments?post=6832"}],"wp:featuredmedia":[{"embeddable":true,"href":"https:\/\/lda.be\/fr\/wp-json\/wp\/v2\/media\/6300"}],"wp:attachment":[{"href":"https:\/\/lda.be\/fr\/wp-json\/wp\/v2\/media?parent=6832"}],"wp:term":[{"taxonomy":"product_brand","embeddable":true,"href":"https:\/\/lda.be\/fr\/wp-json\/wp\/v2\/product_brand?post=6832"},{"taxonomy":"product_cat","embeddable":true,"href":"https:\/\/lda.be\/fr\/wp-json\/wp\/v2\/product_cat?post=6832"},{"taxonomy":"product_tag","embeddable":true,"href":"https:\/\/lda.be\/fr\/wp-json\/wp\/v2\/product_tag?post=6832"}],"curies":[{"name":"wp","href":"https:\/\/api.w.org\/{rel}","templated":true}]}}