{"id":6836,"date":"2025-03-28T17:41:40","date_gmt":"2025-03-28T16:41:40","guid":{"rendered":"https:\/\/lda.be\/product\/pxr-kleine-niet-instelbare-schokdempers\/"},"modified":"2025-04-15T16:53:27","modified_gmt":"2025-04-15T15:53:27","slug":"pxr-kleine-niet-instelbare-schokdempers","status":"publish","type":"product","link":"https:\/\/lda.be\/fr\/produit\/pxr-kleine-niet-instelbare-schokdempers\/","title":{"rendered":"Amortisseurs compacts non r\u00e9glables s\u00e9rie PXR"},"content":{"rendered":"<p><strong>Performances stables et fiables dans un petit format.<\/strong><\/p>\n<p>Les amortisseurs hydrauliques non r\u00e9glables \u00e0 petit al\u00e9sage de la s\u00e9rie Enidine PXR peuvent s\u2019adapter \u00e0 un large \u00e9ventail de conditions d\u2019entr\u00e9e d\u2019\u00e9nergie. Cette nouvelle vaste ligne d\u2019amortisseurs industriels inviolables offre une performance constante, cycle apr\u00e8s cycle. Les nouveaux mod\u00e8les PXR sont con\u00e7us pour absorber un maximum d\u2019\u00e9nergie maximale dans une taille d\u2019enveloppe compacte, tout en vous fournissant des performances stables pendant la dur\u00e9e de vie du produit.<\/p>\n<p>La s\u00e9rie PXR utilise une conception auto-compensatrice des amortisseurs industriels pour fournir une absorption d\u2019\u00e9nergie dans des applications \u00e0 faible vitesse et \u00e0 forte force d\u2019entra\u00eenement. La s\u00e9rie PXR comprend \u00e9galement l\u2019avantage suppl\u00e9mentaire de composants r\u00e9sistant \u00e0 la corrosion, nickel\u00e9s et disposant de capacit\u00e9s d\u2019arr\u00eat positif. Les mod\u00e8les peuvent s\u2019adapter \u00e0 une large gamme de conditions de fonctionnement avec des masses ou des forces de propulsion variables.<\/p>\n","protected":false},"excerpt":{"rendered":"<p>Performances stables et fiables dans un petit format. Les amortisseurs hydrauliques non r\u00e9glables \u00e0 petit al\u00e9sage de la s\u00e9rie Enidine PXR peuvent s\u2019adapter \u00e0 un large \u00e9ventail de conditions d\u2019entr\u00e9e d\u2019\u00e9nergie. Cette nouvelle vaste ligne d\u2019amortisseurs industriels inviolables offre une performance constante, cycle apr\u00e8s cycle. Les nouveaux mod\u00e8les PXR sont con\u00e7us pour absorber un maximum [&hellip;]<\/p>\n","protected":false},"featured_media":6288,"comment_status":"closed","ping_status":"closed","template":"","meta":[],"product_brand":[1259],"product_cat":[1188],"product_tag":[],"class_list":{"0":"post-6836","1":"product","2":"type-product","3":"status-publish","4":"has-post-thumbnail","6":"product_brand-enidine","7":"product_cat-non-reglable","9":"first","10":"instock","11":"shipping-taxable","12":"product-type-simple"},"yoast_head":"<!-- This site is optimized with the Yoast SEO plugin v27.3 - https:\/\/yoast.com\/product\/yoast-seo-wordpress\/ -->\n<title>Amortisseurs compacts non r\u00e9glables s\u00e9rie PXR - LDA Belgique<\/title>\n<meta name=\"robots\" content=\"index, follow, max-snippet:-1, max-image-preview:large, max-video-preview:-1\" \/>\n<link rel=\"canonical\" href=\"https:\/\/lda.be\/fr\/produit\/pxr-kleine-niet-instelbare-schokdempers\/\" \/>\n<meta property=\"og:locale\" content=\"fr_FR\" \/>\n<meta property=\"og:type\" content=\"article\" \/>\n<meta property=\"og:title\" content=\"Amortisseurs compacts non r\u00e9glables s\u00e9rie PXR - LDA Belgique\" \/>\n<meta property=\"og:description\" content=\"Performances stables et fiables dans un petit format. Les amortisseurs hydrauliques non r\u00e9glables \u00e0 petit al\u00e9sage de la s\u00e9rie Enidine PXR peuvent s\u2019adapter \u00e0 un large \u00e9ventail de conditions d\u2019entr\u00e9e d\u2019\u00e9nergie. Cette nouvelle vaste ligne d\u2019amortisseurs industriels inviolables offre une performance constante, cycle apr\u00e8s cycle. Les nouveaux mod\u00e8les PXR sont con\u00e7us pour absorber un maximum [&hellip;]\" \/>\n<meta property=\"og:url\" content=\"https:\/\/lda.be\/fr\/produit\/pxr-kleine-niet-instelbare-schokdempers\/\" \/>\n<meta property=\"og:site_name\" content=\"LDA Belgique\" \/>\n<meta property=\"article:modified_time\" content=\"2025-04-15T15:53:27+00:00\" \/>\n<meta property=\"og:image\" content=\"https:\/\/lda.be\/wp-content\/uploads\/2025\/03\/PXR-na.webp\" \/>\n\t<meta property=\"og:image:width\" content=\"720\" \/>\n\t<meta property=\"og:image:height\" content=\"720\" \/>\n\t<meta property=\"og:image:type\" content=\"image\/webp\" \/>\n<meta name=\"twitter:card\" content=\"summary_large_image\" \/>\n<meta name=\"twitter:label1\" content=\"Dur\u00e9e de lecture estim\u00e9e\" \/>\n\t<meta name=\"twitter:data1\" content=\"1 minute\" \/>\n<script type=\"application\/ld+json\" class=\"yoast-schema-graph\">{\"@context\":\"https:\\\/\\\/schema.org\",\"@graph\":[{\"@type\":\"WebPage\",\"@id\":\"https:\\\/\\\/lda.be\\\/fr\\\/produit\\\/pxr-kleine-niet-instelbare-schokdempers\\\/\",\"url\":\"https:\\\/\\\/lda.be\\\/fr\\\/produit\\\/pxr-kleine-niet-instelbare-schokdempers\\\/\",\"name\":\"Amortisseurs compacts non r\u00e9glables s\u00e9rie PXR - LDA Belgique\",\"isPartOf\":{\"@id\":\"https:\\\/\\\/lda.be\\\/fr\\\/#website\"},\"primaryImageOfPage\":{\"@id\":\"https:\\\/\\\/lda.be\\\/fr\\\/produit\\\/pxr-kleine-niet-instelbare-schokdempers\\\/#primaryimage\"},\"image\":{\"@id\":\"https:\\\/\\\/lda.be\\\/fr\\\/produit\\\/pxr-kleine-niet-instelbare-schokdempers\\\/#primaryimage\"},\"thumbnailUrl\":\"https:\\\/\\\/lda.be\\\/wp-content\\\/uploads\\\/2025\\\/03\\\/PXR-na.webp\",\"datePublished\":\"2025-03-28T16:41:40+00:00\",\"dateModified\":\"2025-04-15T15:53:27+00:00\",\"breadcrumb\":{\"@id\":\"https:\\\/\\\/lda.be\\\/fr\\\/produit\\\/pxr-kleine-niet-instelbare-schokdempers\\\/#breadcrumb\"},\"inLanguage\":\"fr-FR\",\"potentialAction\":[{\"@type\":\"ReadAction\",\"target\":[\"https:\\\/\\\/lda.be\\\/fr\\\/produit\\\/pxr-kleine-niet-instelbare-schokdempers\\\/\"]}]},{\"@type\":\"ImageObject\",\"inLanguage\":\"fr-FR\",\"@id\":\"https:\\\/\\\/lda.be\\\/fr\\\/produit\\\/pxr-kleine-niet-instelbare-schokdempers\\\/#primaryimage\",\"url\":\"https:\\\/\\\/lda.be\\\/wp-content\\\/uploads\\\/2025\\\/03\\\/PXR-na.webp\",\"contentUrl\":\"https:\\\/\\\/lda.be\\\/wp-content\\\/uploads\\\/2025\\\/03\\\/PXR-na.webp\",\"width\":720,\"height\":720},{\"@type\":\"BreadcrumbList\",\"@id\":\"https:\\\/\\\/lda.be\\\/fr\\\/produit\\\/pxr-kleine-niet-instelbare-schokdempers\\\/#breadcrumb\",\"itemListElement\":[{\"@type\":\"ListItem\",\"position\":1,\"name\":\"Accueil\",\"item\":\"https:\\\/\\\/lda.be\\\/fr\\\/\"},{\"@type\":\"ListItem\",\"position\":2,\"name\":\"Produits\",\"item\":\"https:\\\/\\\/lda.be\\\/fr\\\/produits\\\/\"},{\"@type\":\"ListItem\",\"position\":3,\"name\":\"Amortisseurs compacts non r\u00e9glables s\u00e9rie PXR\"}]},{\"@type\":\"WebSite\",\"@id\":\"https:\\\/\\\/lda.be\\\/fr\\\/#website\",\"url\":\"https:\\\/\\\/lda.be\\\/fr\\\/\",\"name\":\"LDA Belgium\",\"description\":\"Solutions For Life\",\"publisher\":{\"@id\":\"https:\\\/\\\/lda.be\\\/fr\\\/#organization\"},\"potentialAction\":[{\"@type\":\"SearchAction\",\"target\":{\"@type\":\"EntryPoint\",\"urlTemplate\":\"https:\\\/\\\/lda.be\\\/fr\\\/?s={search_term_string}\"},\"query-input\":{\"@type\":\"PropertyValueSpecification\",\"valueRequired\":true,\"valueName\":\"search_term_string\"}}],\"inLanguage\":\"fr-FR\"},{\"@type\":\"Organization\",\"@id\":\"https:\\\/\\\/lda.be\\\/fr\\\/#organization\",\"name\":\"LDA Belgium\",\"url\":\"https:\\\/\\\/lda.be\\\/fr\\\/\",\"logo\":{\"@type\":\"ImageObject\",\"inLanguage\":\"fr-FR\",\"@id\":\"https:\\\/\\\/lda.be\\\/fr\\\/#\\\/schema\\\/logo\\\/image\\\/\",\"url\":\"https:\\\/\\\/lda.be\\\/wp-content\\\/uploads\\\/2022\\\/07\\\/Logo-LDA.webp\",\"contentUrl\":\"https:\\\/\\\/lda.be\\\/wp-content\\\/uploads\\\/2022\\\/07\\\/Logo-LDA.webp\",\"width\":311,\"height\":101,\"caption\":\"LDA Belgium\"},\"image\":{\"@id\":\"https:\\\/\\\/lda.be\\\/fr\\\/#\\\/schema\\\/logo\\\/image\\\/\"},\"sameAs\":[\"https:\\\/\\\/www.linkedin.com\\\/company\\\/lda-belgium-nv\"]}]}<\/script>\n<!-- \/ Yoast SEO plugin. -->","yoast_head_json":{"title":"Amortisseurs compacts non r\u00e9glables s\u00e9rie PXR - LDA Belgique","robots":{"index":"index","follow":"follow","max-snippet":"max-snippet:-1","max-image-preview":"max-image-preview:large","max-video-preview":"max-video-preview:-1"},"canonical":"https:\/\/lda.be\/fr\/produit\/pxr-kleine-niet-instelbare-schokdempers\/","og_locale":"fr_FR","og_type":"article","og_title":"Amortisseurs compacts non r\u00e9glables s\u00e9rie PXR - LDA Belgique","og_description":"Performances stables et fiables dans un petit format. Les amortisseurs hydrauliques non r\u00e9glables \u00e0 petit al\u00e9sage de la s\u00e9rie Enidine PXR peuvent s\u2019adapter \u00e0 un large \u00e9ventail de conditions d\u2019entr\u00e9e d\u2019\u00e9nergie. Cette nouvelle vaste ligne d\u2019amortisseurs industriels inviolables offre une performance constante, cycle apr\u00e8s cycle. Les nouveaux mod\u00e8les PXR sont con\u00e7us pour absorber un maximum [&hellip;]","og_url":"https:\/\/lda.be\/fr\/produit\/pxr-kleine-niet-instelbare-schokdempers\/","og_site_name":"LDA Belgique","article_modified_time":"2025-04-15T15:53:27+00:00","og_image":[{"width":720,"height":720,"url":"https:\/\/lda.be\/wp-content\/uploads\/2025\/03\/PXR-na.webp","type":"image\/webp"}],"twitter_card":"summary_large_image","twitter_misc":{"Dur\u00e9e de lecture estim\u00e9e":"1 minute"},"schema":{"@context":"https:\/\/schema.org","@graph":[{"@type":"WebPage","@id":"https:\/\/lda.be\/fr\/produit\/pxr-kleine-niet-instelbare-schokdempers\/","url":"https:\/\/lda.be\/fr\/produit\/pxr-kleine-niet-instelbare-schokdempers\/","name":"Amortisseurs compacts non r\u00e9glables s\u00e9rie PXR - LDA Belgique","isPartOf":{"@id":"https:\/\/lda.be\/fr\/#website"},"primaryImageOfPage":{"@id":"https:\/\/lda.be\/fr\/produit\/pxr-kleine-niet-instelbare-schokdempers\/#primaryimage"},"image":{"@id":"https:\/\/lda.be\/fr\/produit\/pxr-kleine-niet-instelbare-schokdempers\/#primaryimage"},"thumbnailUrl":"https:\/\/lda.be\/wp-content\/uploads\/2025\/03\/PXR-na.webp","datePublished":"2025-03-28T16:41:40+00:00","dateModified":"2025-04-15T15:53:27+00:00","breadcrumb":{"@id":"https:\/\/lda.be\/fr\/produit\/pxr-kleine-niet-instelbare-schokdempers\/#breadcrumb"},"inLanguage":"fr-FR","potentialAction":[{"@type":"ReadAction","target":["https:\/\/lda.be\/fr\/produit\/pxr-kleine-niet-instelbare-schokdempers\/"]}]},{"@type":"ImageObject","inLanguage":"fr-FR","@id":"https:\/\/lda.be\/fr\/produit\/pxr-kleine-niet-instelbare-schokdempers\/#primaryimage","url":"https:\/\/lda.be\/wp-content\/uploads\/2025\/03\/PXR-na.webp","contentUrl":"https:\/\/lda.be\/wp-content\/uploads\/2025\/03\/PXR-na.webp","width":720,"height":720},{"@type":"BreadcrumbList","@id":"https:\/\/lda.be\/fr\/produit\/pxr-kleine-niet-instelbare-schokdempers\/#breadcrumb","itemListElement":[{"@type":"ListItem","position":1,"name":"Accueil","item":"https:\/\/lda.be\/fr\/"},{"@type":"ListItem","position":2,"name":"Produits","item":"https:\/\/lda.be\/fr\/produits\/"},{"@type":"ListItem","position":3,"name":"Amortisseurs compacts non r\u00e9glables s\u00e9rie PXR"}]},{"@type":"WebSite","@id":"https:\/\/lda.be\/fr\/#website","url":"https:\/\/lda.be\/fr\/","name":"LDA Belgium","description":"Solutions For Life","publisher":{"@id":"https:\/\/lda.be\/fr\/#organization"},"potentialAction":[{"@type":"SearchAction","target":{"@type":"EntryPoint","urlTemplate":"https:\/\/lda.be\/fr\/?s={search_term_string}"},"query-input":{"@type":"PropertyValueSpecification","valueRequired":true,"valueName":"search_term_string"}}],"inLanguage":"fr-FR"},{"@type":"Organization","@id":"https:\/\/lda.be\/fr\/#organization","name":"LDA Belgium","url":"https:\/\/lda.be\/fr\/","logo":{"@type":"ImageObject","inLanguage":"fr-FR","@id":"https:\/\/lda.be\/fr\/#\/schema\/logo\/image\/","url":"https:\/\/lda.be\/wp-content\/uploads\/2022\/07\/Logo-LDA.webp","contentUrl":"https:\/\/lda.be\/wp-content\/uploads\/2022\/07\/Logo-LDA.webp","width":311,"height":101,"caption":"LDA Belgium"},"image":{"@id":"https:\/\/lda.be\/fr\/#\/schema\/logo\/image\/"},"sameAs":["https:\/\/www.linkedin.com\/company\/lda-belgium-nv"]}]}},"_links":{"self":[{"href":"https:\/\/lda.be\/fr\/wp-json\/wp\/v2\/product\/6836","targetHints":{"allow":["GET"]}}],"collection":[{"href":"https:\/\/lda.be\/fr\/wp-json\/wp\/v2\/product"}],"about":[{"href":"https:\/\/lda.be\/fr\/wp-json\/wp\/v2\/types\/product"}],"replies":[{"embeddable":true,"href":"https:\/\/lda.be\/fr\/wp-json\/wp\/v2\/comments?post=6836"}],"wp:featuredmedia":[{"embeddable":true,"href":"https:\/\/lda.be\/fr\/wp-json\/wp\/v2\/media\/6288"}],"wp:attachment":[{"href":"https:\/\/lda.be\/fr\/wp-json\/wp\/v2\/media?parent=6836"}],"wp:term":[{"taxonomy":"product_brand","embeddable":true,"href":"https:\/\/lda.be\/fr\/wp-json\/wp\/v2\/product_brand?post=6836"},{"taxonomy":"product_cat","embeddable":true,"href":"https:\/\/lda.be\/fr\/wp-json\/wp\/v2\/product_cat?post=6836"},{"taxonomy":"product_tag","embeddable":true,"href":"https:\/\/lda.be\/fr\/wp-json\/wp\/v2\/product_tag?post=6836"}],"curies":[{"name":"wp","href":"https:\/\/api.w.org\/{rel}","templated":true}]}}