{"id":6850,"date":"2025-03-28T17:35:05","date_gmt":"2025-03-28T16:35:05","guid":{"rendered":"https:\/\/lda.be\/?post_type=product&#038;p=6850"},"modified":"2025-05-12T14:30:57","modified_gmt":"2025-05-12T13:30:57","slug":"eco-series-amortisseurs-de-chocs-non-reglables-respectueux-de-lenvironnement","status":"publish","type":"product","link":"https:\/\/lda.be\/fr\/produit\/eco-series-amortisseurs-de-chocs-non-reglables-respectueux-de-lenvironnement\/","title":{"rendered":"ECO s\u00e9ries &#8211; Amortisseurs de chocs non r\u00e9glables  respectueux de l\u2019environnement"},"content":{"rendered":"<p><strong>Amortisseurs hautes performances, conformes ROHS<\/strong><\/p>\n<p>Enidine a r\u00e9volutionn\u00e9 le march\u00e9 des amortisseurs industriels avec la commercialisation de la premi\u00e8re conception respectueuse de l\u2019environnement de l\u2019industrie, qui r\u00e9siste aux environnements difficiles des applications les plus critiques.<\/p>\n<p>La s\u00e9rie ECO a \u00e9t\u00e9 con\u00e7ue en utilisant des mat\u00e9riaux et des fluides qui sont s\u00e9curitaires pour l\u2019environnement. Les mod\u00e8les offrent une flexibilit\u00e9 adapt\u00e9e \u00e0 une large gamme de conditions de fonctionnement avec des masses ou des forces de propulsion variables, et couvrent une vari\u00e9t\u00e9 de param\u00e8tres d\u2019application. Que votre application ait une force d\u2019entra\u00eenement \u00e0 haute vitesse\/faible condition de force d\u2019entra\u00eenement, la nouvelle s\u00e9rie ECO fournira les performances que vous attendez.<\/p>\n<p>Id\u00e9al pour les applications alimentaires et de boissons ou d\u2019autres environnements corrosifs o\u00f9 la long\u00e9vit\u00e9 du produit est essentielle \u00e0 la dur\u00e9e de vie de la machine. Les nouveaux amortisseurs Enidine de la s\u00e9rie ECO offrent la meilleure r\u00e9sistance \u00e0 la corrosion pour la gamme de produits standard dans l\u2019industrie en endurant un test de pulv\u00e9risation de sel continue de 336 heures.<\/p>\n<p><strong>L\u2019amortisseur industriel non r\u00e9glable de la s\u00e9rie ECO remplace les mod\u00e8les Enidine PRO et PM.<\/strong><\/p>\n","protected":false},"excerpt":{"rendered":"<p>Amortisseurs hautes performances, conformes ROHS Enidine a r\u00e9volutionn\u00e9 le march\u00e9 des amortisseurs industriels avec la commercialisation de la premi\u00e8re conception respectueuse de l\u2019environnement de l\u2019industrie, qui r\u00e9siste aux environnements difficiles des applications les plus critiques. La s\u00e9rie ECO a \u00e9t\u00e9 con\u00e7ue en utilisant des mat\u00e9riaux et des fluides qui sont s\u00e9curitaires pour l\u2019environnement. Les mod\u00e8les [&hellip;]<\/p>\n","protected":false},"featured_media":6279,"comment_status":"closed","ping_status":"closed","template":"","meta":[],"product_brand":[1259],"product_cat":[1188],"product_tag":[],"class_list":{"0":"post-6850","1":"product","2":"type-product","3":"status-publish","4":"has-post-thumbnail","6":"product_brand-enidine","7":"product_cat-non-reglable","9":"first","10":"instock","11":"shipping-taxable","12":"product-type-simple"},"yoast_head":"<!-- This site is optimized with the Yoast SEO plugin v27.5 - https:\/\/yoast.com\/product\/yoast-seo-wordpress\/ -->\n<title>ECO s\u00e9ries - Amortisseurs de chocs non r\u00e9glables respectueux de l\u2019environnement - LDA Belgique<\/title>\n<meta name=\"robots\" content=\"index, follow, max-snippet:-1, max-image-preview:large, max-video-preview:-1\" \/>\n<link rel=\"canonical\" href=\"https:\/\/lda.be\/fr\/produit\/eco-series-amortisseurs-de-chocs-non-reglables-respectueux-de-lenvironnement\/\" \/>\n<meta property=\"og:locale\" content=\"fr_FR\" \/>\n<meta property=\"og:type\" content=\"article\" \/>\n<meta property=\"og:title\" content=\"ECO s\u00e9ries - Amortisseurs de chocs non r\u00e9glables respectueux de l\u2019environnement - LDA Belgique\" \/>\n<meta property=\"og:description\" content=\"Amortisseurs hautes performances, conformes ROHS Enidine a r\u00e9volutionn\u00e9 le march\u00e9 des amortisseurs industriels avec la commercialisation de la premi\u00e8re conception respectueuse de l\u2019environnement de l\u2019industrie, qui r\u00e9siste aux environnements difficiles des applications les plus critiques. La s\u00e9rie ECO a \u00e9t\u00e9 con\u00e7ue en utilisant des mat\u00e9riaux et des fluides qui sont s\u00e9curitaires pour l\u2019environnement. Les mod\u00e8les [&hellip;]\" \/>\n<meta property=\"og:url\" content=\"https:\/\/lda.be\/fr\/produit\/eco-series-amortisseurs-de-chocs-non-reglables-respectueux-de-lenvironnement\/\" \/>\n<meta property=\"og:site_name\" content=\"LDA Belgique\" \/>\n<meta property=\"article:modified_time\" content=\"2025-05-12T13:30:57+00:00\" \/>\n<meta property=\"og:image\" content=\"https:\/\/lda.be\/wp-content\/uploads\/2025\/03\/ECO-na.webp\" \/>\n\t<meta property=\"og:image:width\" content=\"720\" \/>\n\t<meta property=\"og:image:height\" content=\"720\" \/>\n\t<meta property=\"og:image:type\" content=\"image\/webp\" \/>\n<meta name=\"twitter:card\" content=\"summary_large_image\" \/>\n<meta name=\"twitter:label1\" content=\"Dur\u00e9e de lecture estim\u00e9e\" \/>\n\t<meta name=\"twitter:data1\" content=\"2 minutes\" \/>\n<script type=\"application\/ld+json\" class=\"yoast-schema-graph\">{\"@context\":\"https:\\\/\\\/schema.org\",\"@graph\":[{\"@type\":\"WebPage\",\"@id\":\"https:\\\/\\\/lda.be\\\/fr\\\/produit\\\/eco-series-amortisseurs-de-chocs-non-reglables-respectueux-de-lenvironnement\\\/\",\"url\":\"https:\\\/\\\/lda.be\\\/fr\\\/produit\\\/eco-series-amortisseurs-de-chocs-non-reglables-respectueux-de-lenvironnement\\\/\",\"name\":\"ECO s\u00e9ries - Amortisseurs de chocs non r\u00e9glables respectueux de l\u2019environnement - LDA Belgique\",\"isPartOf\":{\"@id\":\"https:\\\/\\\/lda.be\\\/fr\\\/#website\"},\"primaryImageOfPage\":{\"@id\":\"https:\\\/\\\/lda.be\\\/fr\\\/produit\\\/eco-series-amortisseurs-de-chocs-non-reglables-respectueux-de-lenvironnement\\\/#primaryimage\"},\"image\":{\"@id\":\"https:\\\/\\\/lda.be\\\/fr\\\/produit\\\/eco-series-amortisseurs-de-chocs-non-reglables-respectueux-de-lenvironnement\\\/#primaryimage\"},\"thumbnailUrl\":\"https:\\\/\\\/lda.be\\\/wp-content\\\/uploads\\\/2025\\\/03\\\/ECO-na.webp\",\"datePublished\":\"2025-03-28T16:35:05+00:00\",\"dateModified\":\"2025-05-12T13:30:57+00:00\",\"breadcrumb\":{\"@id\":\"https:\\\/\\\/lda.be\\\/fr\\\/produit\\\/eco-series-amortisseurs-de-chocs-non-reglables-respectueux-de-lenvironnement\\\/#breadcrumb\"},\"inLanguage\":\"fr-FR\",\"potentialAction\":[{\"@type\":\"ReadAction\",\"target\":[\"https:\\\/\\\/lda.be\\\/fr\\\/produit\\\/eco-series-amortisseurs-de-chocs-non-reglables-respectueux-de-lenvironnement\\\/\"]}]},{\"@type\":\"ImageObject\",\"inLanguage\":\"fr-FR\",\"@id\":\"https:\\\/\\\/lda.be\\\/fr\\\/produit\\\/eco-series-amortisseurs-de-chocs-non-reglables-respectueux-de-lenvironnement\\\/#primaryimage\",\"url\":\"https:\\\/\\\/lda.be\\\/wp-content\\\/uploads\\\/2025\\\/03\\\/ECO-na.webp\",\"contentUrl\":\"https:\\\/\\\/lda.be\\\/wp-content\\\/uploads\\\/2025\\\/03\\\/ECO-na.webp\",\"width\":720,\"height\":720},{\"@type\":\"BreadcrumbList\",\"@id\":\"https:\\\/\\\/lda.be\\\/fr\\\/produit\\\/eco-series-amortisseurs-de-chocs-non-reglables-respectueux-de-lenvironnement\\\/#breadcrumb\",\"itemListElement\":[{\"@type\":\"ListItem\",\"position\":1,\"name\":\"Accueil\",\"item\":\"https:\\\/\\\/lda.be\\\/fr\\\/\"},{\"@type\":\"ListItem\",\"position\":2,\"name\":\"Produits\",\"item\":\"https:\\\/\\\/lda.be\\\/fr\\\/produits\\\/\"},{\"@type\":\"ListItem\",\"position\":3,\"name\":\"ECO s\u00e9ries &#8211; Amortisseurs de chocs non r\u00e9glables respectueux de l\u2019environnement\"}]},{\"@type\":\"WebSite\",\"@id\":\"https:\\\/\\\/lda.be\\\/fr\\\/#website\",\"url\":\"https:\\\/\\\/lda.be\\\/fr\\\/\",\"name\":\"LDA Belgium\",\"description\":\"Solutions For Life\",\"publisher\":{\"@id\":\"https:\\\/\\\/lda.be\\\/fr\\\/#organization\"},\"potentialAction\":[{\"@type\":\"SearchAction\",\"target\":{\"@type\":\"EntryPoint\",\"urlTemplate\":\"https:\\\/\\\/lda.be\\\/fr\\\/?s={search_term_string}\"},\"query-input\":{\"@type\":\"PropertyValueSpecification\",\"valueRequired\":true,\"valueName\":\"search_term_string\"}}],\"inLanguage\":\"fr-FR\"},{\"@type\":\"Organization\",\"@id\":\"https:\\\/\\\/lda.be\\\/fr\\\/#organization\",\"name\":\"LDA Belgium\",\"url\":\"https:\\\/\\\/lda.be\\\/fr\\\/\",\"logo\":{\"@type\":\"ImageObject\",\"inLanguage\":\"fr-FR\",\"@id\":\"https:\\\/\\\/lda.be\\\/fr\\\/#\\\/schema\\\/logo\\\/image\\\/\",\"url\":\"https:\\\/\\\/lda.be\\\/wp-content\\\/uploads\\\/2022\\\/07\\\/Logo-LDA.webp\",\"contentUrl\":\"https:\\\/\\\/lda.be\\\/wp-content\\\/uploads\\\/2022\\\/07\\\/Logo-LDA.webp\",\"width\":311,\"height\":101,\"caption\":\"LDA Belgium\"},\"image\":{\"@id\":\"https:\\\/\\\/lda.be\\\/fr\\\/#\\\/schema\\\/logo\\\/image\\\/\"},\"sameAs\":[\"https:\\\/\\\/www.linkedin.com\\\/company\\\/lda-belgium-nv\"]}]}<\/script>\n<!-- \/ Yoast SEO plugin. -->","yoast_head_json":{"title":"ECO s\u00e9ries - Amortisseurs de chocs non r\u00e9glables respectueux de l\u2019environnement - LDA Belgique","robots":{"index":"index","follow":"follow","max-snippet":"max-snippet:-1","max-image-preview":"max-image-preview:large","max-video-preview":"max-video-preview:-1"},"canonical":"https:\/\/lda.be\/fr\/produit\/eco-series-amortisseurs-de-chocs-non-reglables-respectueux-de-lenvironnement\/","og_locale":"fr_FR","og_type":"article","og_title":"ECO s\u00e9ries - Amortisseurs de chocs non r\u00e9glables respectueux de l\u2019environnement - LDA Belgique","og_description":"Amortisseurs hautes performances, conformes ROHS Enidine a r\u00e9volutionn\u00e9 le march\u00e9 des amortisseurs industriels avec la commercialisation de la premi\u00e8re conception respectueuse de l\u2019environnement de l\u2019industrie, qui r\u00e9siste aux environnements difficiles des applications les plus critiques. La s\u00e9rie ECO a \u00e9t\u00e9 con\u00e7ue en utilisant des mat\u00e9riaux et des fluides qui sont s\u00e9curitaires pour l\u2019environnement. Les mod\u00e8les [&hellip;]","og_url":"https:\/\/lda.be\/fr\/produit\/eco-series-amortisseurs-de-chocs-non-reglables-respectueux-de-lenvironnement\/","og_site_name":"LDA Belgique","article_modified_time":"2025-05-12T13:30:57+00:00","og_image":[{"width":720,"height":720,"url":"https:\/\/lda.be\/wp-content\/uploads\/2025\/03\/ECO-na.webp","type":"image\/webp"}],"twitter_card":"summary_large_image","twitter_misc":{"Dur\u00e9e de lecture estim\u00e9e":"2 minutes"},"schema":{"@context":"https:\/\/schema.org","@graph":[{"@type":"WebPage","@id":"https:\/\/lda.be\/fr\/produit\/eco-series-amortisseurs-de-chocs-non-reglables-respectueux-de-lenvironnement\/","url":"https:\/\/lda.be\/fr\/produit\/eco-series-amortisseurs-de-chocs-non-reglables-respectueux-de-lenvironnement\/","name":"ECO s\u00e9ries - Amortisseurs de chocs non r\u00e9glables respectueux de l\u2019environnement - LDA Belgique","isPartOf":{"@id":"https:\/\/lda.be\/fr\/#website"},"primaryImageOfPage":{"@id":"https:\/\/lda.be\/fr\/produit\/eco-series-amortisseurs-de-chocs-non-reglables-respectueux-de-lenvironnement\/#primaryimage"},"image":{"@id":"https:\/\/lda.be\/fr\/produit\/eco-series-amortisseurs-de-chocs-non-reglables-respectueux-de-lenvironnement\/#primaryimage"},"thumbnailUrl":"https:\/\/lda.be\/wp-content\/uploads\/2025\/03\/ECO-na.webp","datePublished":"2025-03-28T16:35:05+00:00","dateModified":"2025-05-12T13:30:57+00:00","breadcrumb":{"@id":"https:\/\/lda.be\/fr\/produit\/eco-series-amortisseurs-de-chocs-non-reglables-respectueux-de-lenvironnement\/#breadcrumb"},"inLanguage":"fr-FR","potentialAction":[{"@type":"ReadAction","target":["https:\/\/lda.be\/fr\/produit\/eco-series-amortisseurs-de-chocs-non-reglables-respectueux-de-lenvironnement\/"]}]},{"@type":"ImageObject","inLanguage":"fr-FR","@id":"https:\/\/lda.be\/fr\/produit\/eco-series-amortisseurs-de-chocs-non-reglables-respectueux-de-lenvironnement\/#primaryimage","url":"https:\/\/lda.be\/wp-content\/uploads\/2025\/03\/ECO-na.webp","contentUrl":"https:\/\/lda.be\/wp-content\/uploads\/2025\/03\/ECO-na.webp","width":720,"height":720},{"@type":"BreadcrumbList","@id":"https:\/\/lda.be\/fr\/produit\/eco-series-amortisseurs-de-chocs-non-reglables-respectueux-de-lenvironnement\/#breadcrumb","itemListElement":[{"@type":"ListItem","position":1,"name":"Accueil","item":"https:\/\/lda.be\/fr\/"},{"@type":"ListItem","position":2,"name":"Produits","item":"https:\/\/lda.be\/fr\/produits\/"},{"@type":"ListItem","position":3,"name":"ECO s\u00e9ries &#8211; Amortisseurs de chocs non r\u00e9glables respectueux de l\u2019environnement"}]},{"@type":"WebSite","@id":"https:\/\/lda.be\/fr\/#website","url":"https:\/\/lda.be\/fr\/","name":"LDA Belgium","description":"Solutions For Life","publisher":{"@id":"https:\/\/lda.be\/fr\/#organization"},"potentialAction":[{"@type":"SearchAction","target":{"@type":"EntryPoint","urlTemplate":"https:\/\/lda.be\/fr\/?s={search_term_string}"},"query-input":{"@type":"PropertyValueSpecification","valueRequired":true,"valueName":"search_term_string"}}],"inLanguage":"fr-FR"},{"@type":"Organization","@id":"https:\/\/lda.be\/fr\/#organization","name":"LDA Belgium","url":"https:\/\/lda.be\/fr\/","logo":{"@type":"ImageObject","inLanguage":"fr-FR","@id":"https:\/\/lda.be\/fr\/#\/schema\/logo\/image\/","url":"https:\/\/lda.be\/wp-content\/uploads\/2022\/07\/Logo-LDA.webp","contentUrl":"https:\/\/lda.be\/wp-content\/uploads\/2022\/07\/Logo-LDA.webp","width":311,"height":101,"caption":"LDA Belgium"},"image":{"@id":"https:\/\/lda.be\/fr\/#\/schema\/logo\/image\/"},"sameAs":["https:\/\/www.linkedin.com\/company\/lda-belgium-nv"]}]}},"_links":{"self":[{"href":"https:\/\/lda.be\/fr\/wp-json\/wp\/v2\/product\/6850","targetHints":{"allow":["GET"]}}],"collection":[{"href":"https:\/\/lda.be\/fr\/wp-json\/wp\/v2\/product"}],"about":[{"href":"https:\/\/lda.be\/fr\/wp-json\/wp\/v2\/types\/product"}],"replies":[{"embeddable":true,"href":"https:\/\/lda.be\/fr\/wp-json\/wp\/v2\/comments?post=6850"}],"wp:featuredmedia":[{"embeddable":true,"href":"https:\/\/lda.be\/fr\/wp-json\/wp\/v2\/media\/6279"}],"wp:attachment":[{"href":"https:\/\/lda.be\/fr\/wp-json\/wp\/v2\/media?parent=6850"}],"wp:term":[{"taxonomy":"product_brand","embeddable":true,"href":"https:\/\/lda.be\/fr\/wp-json\/wp\/v2\/product_brand?post=6850"},{"taxonomy":"product_cat","embeddable":true,"href":"https:\/\/lda.be\/fr\/wp-json\/wp\/v2\/product_cat?post=6850"},{"taxonomy":"product_tag","embeddable":true,"href":"https:\/\/lda.be\/fr\/wp-json\/wp\/v2\/product_tag?post=6850"}],"curies":[{"name":"wp","href":"https:\/\/api.w.org\/{rel}","templated":true}]}}