{"id":6855,"date":"2025-03-28T16:50:12","date_gmt":"2025-03-28T15:50:12","guid":{"rendered":"https:\/\/lda.be\/?post_type=product&#038;p=6855"},"modified":"2025-04-16T11:18:39","modified_gmt":"2025-04-16T10:18:39","slug":"tk-sth-micro-amortisseurs-non-reglables","status":"publish","type":"product","link":"https:\/\/lda.be\/fr\/produit\/tk-sth-micro-amortisseurs-non-reglables\/","title":{"rendered":"TK&#038; STH Micro-amortisseurs non r\u00e9glables"},"content":{"rendered":"<p><strong>Micro-amortisseurs pour applications d\u2019absorption d\u2019\u00e9nergie<\/strong><\/p>\n<p>Les amortisseurs hydrauliques \u00e0 micro-al\u00e9sage non r\u00e9glables d\u2019Enidine peuvent s\u2019adapter \u00e0 des conditions d\u2019\u00e9nergie variables dans un petit format compact. Cette famille d\u2019amortisseurs industriels inviolables offre une performance constante, cycle apr\u00e8s cycle. Les mod\u00e8les non r\u00e9glables sont con\u00e7us pour absorber un maximum d\u2019\u00e9nergie tout en \u00e9conomisant de l\u2019espace et vous fournir le plus haut niveau de protection pour votre \u00e9quipement.<\/p>\n<p>La s\u00e9rie TK est un design polyvalent et miniature qui assure une d\u00e9c\u00e9l\u00e9ration efficace et fiable et un contr\u00f4le des vibrations pour les charges l\u00e9g\u00e8res. Les mod\u00e8les peuvent s\u2019adapter une large gamme de conditions de fonctionnement.<\/p>\n<p>La s\u00e9rie Enidine STH offre la plus haute capacit\u00e9 d\u2019absorption d\u2019\u00e9nergie par rapport \u00e0 sa taille. Ces amortisseurs personnalis\u00e9s sont con\u00e7us pour r\u00e9pondre \u00e0 des exigences d\u2019application exactes. Les amortisseurs de la s\u00e9rie STH sont disponibles dans des corps de v\u00e9rins enti\u00e8rement filet\u00e9s, offrant une flexibilit\u00e9 dans les configurations de montage.<\/p>\n","protected":false},"excerpt":{"rendered":"<p>Micro-amortisseurs pour applications d\u2019absorption d\u2019\u00e9nergie Les amortisseurs hydrauliques \u00e0 micro-al\u00e9sage non r\u00e9glables d\u2019Enidine peuvent s\u2019adapter \u00e0 des conditions d\u2019\u00e9nergie variables dans un petit format compact. Cette famille d\u2019amortisseurs industriels inviolables offre une performance constante, cycle apr\u00e8s cycle. Les mod\u00e8les non r\u00e9glables sont con\u00e7us pour absorber un maximum d\u2019\u00e9nergie tout en \u00e9conomisant de l\u2019espace et vous [&hellip;]<\/p>\n","protected":false},"featured_media":6285,"comment_status":"closed","ping_status":"closed","template":"","meta":[],"product_brand":[1259],"product_cat":[1188],"product_tag":[],"class_list":{"0":"post-6855","1":"product","2":"type-product","3":"status-publish","4":"has-post-thumbnail","6":"product_brand-enidine","7":"product_cat-non-reglable","9":"first","10":"instock","11":"shipping-taxable","12":"product-type-simple"},"yoast_head":"<!-- This site is optimized with the Yoast SEO plugin v27.3 - https:\/\/yoast.com\/product\/yoast-seo-wordpress\/ -->\n<title>TK&amp; STH Micro-amortisseurs non r\u00e9glables - LDA Belgique<\/title>\n<meta name=\"robots\" content=\"index, follow, max-snippet:-1, max-image-preview:large, max-video-preview:-1\" \/>\n<link rel=\"canonical\" href=\"https:\/\/lda.be\/fr\/produit\/tk-sth-micro-amortisseurs-non-reglables\/\" \/>\n<meta property=\"og:locale\" content=\"fr_FR\" \/>\n<meta property=\"og:type\" content=\"article\" \/>\n<meta property=\"og:title\" content=\"TK&amp; STH Micro-amortisseurs non r\u00e9glables - LDA Belgique\" \/>\n<meta property=\"og:description\" content=\"Micro-amortisseurs pour applications d\u2019absorption d\u2019\u00e9nergie Les amortisseurs hydrauliques \u00e0 micro-al\u00e9sage non r\u00e9glables d\u2019Enidine peuvent s\u2019adapter \u00e0 des conditions d\u2019\u00e9nergie variables dans un petit format compact. Cette famille d\u2019amortisseurs industriels inviolables offre une performance constante, cycle apr\u00e8s cycle. Les mod\u00e8les non r\u00e9glables sont con\u00e7us pour absorber un maximum d\u2019\u00e9nergie tout en \u00e9conomisant de l\u2019espace et vous [&hellip;]\" \/>\n<meta property=\"og:url\" content=\"https:\/\/lda.be\/fr\/produit\/tk-sth-micro-amortisseurs-non-reglables\/\" \/>\n<meta property=\"og:site_name\" content=\"LDA Belgique\" \/>\n<meta property=\"article:modified_time\" content=\"2025-04-16T10:18:39+00:00\" \/>\n<meta property=\"og:image\" content=\"https:\/\/lda.be\/wp-content\/uploads\/2025\/03\/TK-STH-na.webp\" \/>\n\t<meta property=\"og:image:width\" content=\"720\" \/>\n\t<meta property=\"og:image:height\" content=\"720\" \/>\n\t<meta property=\"og:image:type\" content=\"image\/webp\" \/>\n<meta name=\"twitter:card\" content=\"summary_large_image\" \/>\n<meta name=\"twitter:label1\" content=\"Dur\u00e9e de lecture estim\u00e9e\" \/>\n\t<meta name=\"twitter:data1\" content=\"1 minute\" \/>\n<script type=\"application\/ld+json\" class=\"yoast-schema-graph\">{\"@context\":\"https:\\\/\\\/schema.org\",\"@graph\":[{\"@type\":\"WebPage\",\"@id\":\"https:\\\/\\\/lda.be\\\/fr\\\/produit\\\/tk-sth-micro-amortisseurs-non-reglables\\\/\",\"url\":\"https:\\\/\\\/lda.be\\\/fr\\\/produit\\\/tk-sth-micro-amortisseurs-non-reglables\\\/\",\"name\":\"TK& STH Micro-amortisseurs non r\u00e9glables - LDA Belgique\",\"isPartOf\":{\"@id\":\"https:\\\/\\\/lda.be\\\/fr\\\/#website\"},\"primaryImageOfPage\":{\"@id\":\"https:\\\/\\\/lda.be\\\/fr\\\/produit\\\/tk-sth-micro-amortisseurs-non-reglables\\\/#primaryimage\"},\"image\":{\"@id\":\"https:\\\/\\\/lda.be\\\/fr\\\/produit\\\/tk-sth-micro-amortisseurs-non-reglables\\\/#primaryimage\"},\"thumbnailUrl\":\"https:\\\/\\\/lda.be\\\/wp-content\\\/uploads\\\/2025\\\/03\\\/TK-STH-na.webp\",\"datePublished\":\"2025-03-28T15:50:12+00:00\",\"dateModified\":\"2025-04-16T10:18:39+00:00\",\"breadcrumb\":{\"@id\":\"https:\\\/\\\/lda.be\\\/fr\\\/produit\\\/tk-sth-micro-amortisseurs-non-reglables\\\/#breadcrumb\"},\"inLanguage\":\"fr-FR\",\"potentialAction\":[{\"@type\":\"ReadAction\",\"target\":[\"https:\\\/\\\/lda.be\\\/fr\\\/produit\\\/tk-sth-micro-amortisseurs-non-reglables\\\/\"]}]},{\"@type\":\"ImageObject\",\"inLanguage\":\"fr-FR\",\"@id\":\"https:\\\/\\\/lda.be\\\/fr\\\/produit\\\/tk-sth-micro-amortisseurs-non-reglables\\\/#primaryimage\",\"url\":\"https:\\\/\\\/lda.be\\\/wp-content\\\/uploads\\\/2025\\\/03\\\/TK-STH-na.webp\",\"contentUrl\":\"https:\\\/\\\/lda.be\\\/wp-content\\\/uploads\\\/2025\\\/03\\\/TK-STH-na.webp\",\"width\":720,\"height\":720},{\"@type\":\"BreadcrumbList\",\"@id\":\"https:\\\/\\\/lda.be\\\/fr\\\/produit\\\/tk-sth-micro-amortisseurs-non-reglables\\\/#breadcrumb\",\"itemListElement\":[{\"@type\":\"ListItem\",\"position\":1,\"name\":\"Accueil\",\"item\":\"https:\\\/\\\/lda.be\\\/fr\\\/\"},{\"@type\":\"ListItem\",\"position\":2,\"name\":\"Produits\",\"item\":\"https:\\\/\\\/lda.be\\\/fr\\\/produits\\\/\"},{\"@type\":\"ListItem\",\"position\":3,\"name\":\"TK&#038; STH Micro-amortisseurs non r\u00e9glables\"}]},{\"@type\":\"WebSite\",\"@id\":\"https:\\\/\\\/lda.be\\\/fr\\\/#website\",\"url\":\"https:\\\/\\\/lda.be\\\/fr\\\/\",\"name\":\"LDA Belgium\",\"description\":\"Solutions For Life\",\"publisher\":{\"@id\":\"https:\\\/\\\/lda.be\\\/fr\\\/#organization\"},\"potentialAction\":[{\"@type\":\"SearchAction\",\"target\":{\"@type\":\"EntryPoint\",\"urlTemplate\":\"https:\\\/\\\/lda.be\\\/fr\\\/?s={search_term_string}\"},\"query-input\":{\"@type\":\"PropertyValueSpecification\",\"valueRequired\":true,\"valueName\":\"search_term_string\"}}],\"inLanguage\":\"fr-FR\"},{\"@type\":\"Organization\",\"@id\":\"https:\\\/\\\/lda.be\\\/fr\\\/#organization\",\"name\":\"LDA Belgium\",\"url\":\"https:\\\/\\\/lda.be\\\/fr\\\/\",\"logo\":{\"@type\":\"ImageObject\",\"inLanguage\":\"fr-FR\",\"@id\":\"https:\\\/\\\/lda.be\\\/fr\\\/#\\\/schema\\\/logo\\\/image\\\/\",\"url\":\"https:\\\/\\\/lda.be\\\/wp-content\\\/uploads\\\/2022\\\/07\\\/Logo-LDA.webp\",\"contentUrl\":\"https:\\\/\\\/lda.be\\\/wp-content\\\/uploads\\\/2022\\\/07\\\/Logo-LDA.webp\",\"width\":311,\"height\":101,\"caption\":\"LDA Belgium\"},\"image\":{\"@id\":\"https:\\\/\\\/lda.be\\\/fr\\\/#\\\/schema\\\/logo\\\/image\\\/\"},\"sameAs\":[\"https:\\\/\\\/www.linkedin.com\\\/company\\\/lda-belgium-nv\"]}]}<\/script>\n<!-- \/ Yoast SEO plugin. -->","yoast_head_json":{"title":"TK& STH Micro-amortisseurs non r\u00e9glables - LDA Belgique","robots":{"index":"index","follow":"follow","max-snippet":"max-snippet:-1","max-image-preview":"max-image-preview:large","max-video-preview":"max-video-preview:-1"},"canonical":"https:\/\/lda.be\/fr\/produit\/tk-sth-micro-amortisseurs-non-reglables\/","og_locale":"fr_FR","og_type":"article","og_title":"TK& STH Micro-amortisseurs non r\u00e9glables - LDA Belgique","og_description":"Micro-amortisseurs pour applications d\u2019absorption d\u2019\u00e9nergie Les amortisseurs hydrauliques \u00e0 micro-al\u00e9sage non r\u00e9glables d\u2019Enidine peuvent s\u2019adapter \u00e0 des conditions d\u2019\u00e9nergie variables dans un petit format compact. Cette famille d\u2019amortisseurs industriels inviolables offre une performance constante, cycle apr\u00e8s cycle. Les mod\u00e8les non r\u00e9glables sont con\u00e7us pour absorber un maximum d\u2019\u00e9nergie tout en \u00e9conomisant de l\u2019espace et vous [&hellip;]","og_url":"https:\/\/lda.be\/fr\/produit\/tk-sth-micro-amortisseurs-non-reglables\/","og_site_name":"LDA Belgique","article_modified_time":"2025-04-16T10:18:39+00:00","og_image":[{"width":720,"height":720,"url":"https:\/\/lda.be\/wp-content\/uploads\/2025\/03\/TK-STH-na.webp","type":"image\/webp"}],"twitter_card":"summary_large_image","twitter_misc":{"Dur\u00e9e de lecture estim\u00e9e":"1 minute"},"schema":{"@context":"https:\/\/schema.org","@graph":[{"@type":"WebPage","@id":"https:\/\/lda.be\/fr\/produit\/tk-sth-micro-amortisseurs-non-reglables\/","url":"https:\/\/lda.be\/fr\/produit\/tk-sth-micro-amortisseurs-non-reglables\/","name":"TK& STH Micro-amortisseurs non r\u00e9glables - LDA Belgique","isPartOf":{"@id":"https:\/\/lda.be\/fr\/#website"},"primaryImageOfPage":{"@id":"https:\/\/lda.be\/fr\/produit\/tk-sth-micro-amortisseurs-non-reglables\/#primaryimage"},"image":{"@id":"https:\/\/lda.be\/fr\/produit\/tk-sth-micro-amortisseurs-non-reglables\/#primaryimage"},"thumbnailUrl":"https:\/\/lda.be\/wp-content\/uploads\/2025\/03\/TK-STH-na.webp","datePublished":"2025-03-28T15:50:12+00:00","dateModified":"2025-04-16T10:18:39+00:00","breadcrumb":{"@id":"https:\/\/lda.be\/fr\/produit\/tk-sth-micro-amortisseurs-non-reglables\/#breadcrumb"},"inLanguage":"fr-FR","potentialAction":[{"@type":"ReadAction","target":["https:\/\/lda.be\/fr\/produit\/tk-sth-micro-amortisseurs-non-reglables\/"]}]},{"@type":"ImageObject","inLanguage":"fr-FR","@id":"https:\/\/lda.be\/fr\/produit\/tk-sth-micro-amortisseurs-non-reglables\/#primaryimage","url":"https:\/\/lda.be\/wp-content\/uploads\/2025\/03\/TK-STH-na.webp","contentUrl":"https:\/\/lda.be\/wp-content\/uploads\/2025\/03\/TK-STH-na.webp","width":720,"height":720},{"@type":"BreadcrumbList","@id":"https:\/\/lda.be\/fr\/produit\/tk-sth-micro-amortisseurs-non-reglables\/#breadcrumb","itemListElement":[{"@type":"ListItem","position":1,"name":"Accueil","item":"https:\/\/lda.be\/fr\/"},{"@type":"ListItem","position":2,"name":"Produits","item":"https:\/\/lda.be\/fr\/produits\/"},{"@type":"ListItem","position":3,"name":"TK&#038; STH Micro-amortisseurs non r\u00e9glables"}]},{"@type":"WebSite","@id":"https:\/\/lda.be\/fr\/#website","url":"https:\/\/lda.be\/fr\/","name":"LDA Belgium","description":"Solutions For Life","publisher":{"@id":"https:\/\/lda.be\/fr\/#organization"},"potentialAction":[{"@type":"SearchAction","target":{"@type":"EntryPoint","urlTemplate":"https:\/\/lda.be\/fr\/?s={search_term_string}"},"query-input":{"@type":"PropertyValueSpecification","valueRequired":true,"valueName":"search_term_string"}}],"inLanguage":"fr-FR"},{"@type":"Organization","@id":"https:\/\/lda.be\/fr\/#organization","name":"LDA Belgium","url":"https:\/\/lda.be\/fr\/","logo":{"@type":"ImageObject","inLanguage":"fr-FR","@id":"https:\/\/lda.be\/fr\/#\/schema\/logo\/image\/","url":"https:\/\/lda.be\/wp-content\/uploads\/2022\/07\/Logo-LDA.webp","contentUrl":"https:\/\/lda.be\/wp-content\/uploads\/2022\/07\/Logo-LDA.webp","width":311,"height":101,"caption":"LDA Belgium"},"image":{"@id":"https:\/\/lda.be\/fr\/#\/schema\/logo\/image\/"},"sameAs":["https:\/\/www.linkedin.com\/company\/lda-belgium-nv"]}]}},"_links":{"self":[{"href":"https:\/\/lda.be\/fr\/wp-json\/wp\/v2\/product\/6855","targetHints":{"allow":["GET"]}}],"collection":[{"href":"https:\/\/lda.be\/fr\/wp-json\/wp\/v2\/product"}],"about":[{"href":"https:\/\/lda.be\/fr\/wp-json\/wp\/v2\/types\/product"}],"replies":[{"embeddable":true,"href":"https:\/\/lda.be\/fr\/wp-json\/wp\/v2\/comments?post=6855"}],"wp:featuredmedia":[{"embeddable":true,"href":"https:\/\/lda.be\/fr\/wp-json\/wp\/v2\/media\/6285"}],"wp:attachment":[{"href":"https:\/\/lda.be\/fr\/wp-json\/wp\/v2\/media?parent=6855"}],"wp:term":[{"taxonomy":"product_brand","embeddable":true,"href":"https:\/\/lda.be\/fr\/wp-json\/wp\/v2\/product_brand?post=6855"},{"taxonomy":"product_cat","embeddable":true,"href":"https:\/\/lda.be\/fr\/wp-json\/wp\/v2\/product_cat?post=6855"},{"taxonomy":"product_tag","embeddable":true,"href":"https:\/\/lda.be\/fr\/wp-json\/wp\/v2\/product_tag?post=6855"}],"curies":[{"name":"wp","href":"https:\/\/api.w.org\/{rel}","templated":true}]}}