{"id":6898,"date":"2025-04-16T15:24:56","date_gmt":"2025-04-16T14:24:56","guid":{"rendered":"https:\/\/lda.be\/?post_type=product&#038;p=6898"},"modified":"2025-04-16T15:45:09","modified_gmt":"2025-04-16T14:45:09","slug":"isolateurs-a-cables-compacts","status":"publish","type":"product","link":"https:\/\/lda.be\/fr\/produit\/isolateurs-a-cables-compacts\/","title":{"rendered":"Isolateurs \u00e0 c\u00e2bles compacts"},"content":{"rendered":"<p><strong>Le petit amortisseur de choc et anti-vibration offre de grandes performances<\/strong><\/p>\n<p>Utilisez les isolateurs \u00e0 c\u00e2bles compacts Enidine pour obtenir les meilleures performances en mati\u00e8re d\u2019isolement des vibrations et de petites configurations de montage antivibratoire. Le design compact est plus petit que la plupart des isolateurs \u00e0 c\u00e2bles et peut fournir \u00e0 la fois une absorption de choc et de vibration, m\u00eame dans des situations o\u00f9 l\u2019espace et l\u2019\u00e9quilibrage sont des facteurs importants.<\/p>\n<p>L\u2019isolateur \u00e0 c\u00e2bles compact Enidine est enti\u00e8rement en m\u00e9tal, ce qui produit le meilleur amortisseur multiaxes et isolateur de vibrations dans un petit format. Fiables m\u00eame dans les environnements hostiles, les isolements miniatures des vibrations ne n\u00e9cessitent pratiquement aucun entretien et sont tr\u00e8s r\u00e9sistants au p\u00e9trole, \u00e0 l\u2019ozone, aux abrasifs et aux produits chimiques. L\u2019utilisation de produits CWRI peut r\u00e9duire les d\u00e9faillances pr\u00e9matur\u00e9es de l\u2019\u00e9quipement et les temps d\u2019arr\u00eat co\u00fbteux.<\/p>\n<p>M\u00eame si votre application n\u2019est pas standard, vous pouvez toujours utiliser des isolateurs \u00e0 c\u00e2bles standard. Ces produits standard peuvent s\u2019adapter \u00e0 presque toutes les applications. Dans des circonstances uniques, Enidine peut cr\u00e9er un isolateur personnalis\u00e9 pour vos besoins.<\/p>\n","protected":false},"excerpt":{"rendered":"<p>Le petit amortisseur de choc et anti-vibration offre de grandes performances Utilisez les isolateurs \u00e0 c\u00e2bles compacts Enidine pour obtenir les meilleures performances en mati\u00e8re d\u2019isolement des vibrations et de petites configurations de montage antivibratoire. Le design compact est plus petit que la plupart des isolateurs \u00e0 c\u00e2bles et peut fournir \u00e0 la fois une [&hellip;]<\/p>\n","protected":false},"featured_media":6862,"comment_status":"closed","ping_status":"closed","template":"","meta":[],"product_brand":[1259],"product_cat":[1202],"product_tag":[],"class_list":{"0":"post-6898","1":"product","2":"type-product","3":"status-publish","4":"has-post-thumbnail","6":"product_brand-enidine","7":"product_cat-amortisseurs-de-chocs-a-cable","9":"first","10":"instock","11":"shipping-taxable","12":"product-type-simple"},"yoast_head":"<!-- This site is optimized with the Yoast SEO plugin v27.5 - https:\/\/yoast.com\/product\/yoast-seo-wordpress\/ -->\n<title>Isolateurs \u00e0 c\u00e2bles compacts - LDA Belgique<\/title>\n<meta name=\"robots\" content=\"index, follow, max-snippet:-1, max-image-preview:large, max-video-preview:-1\" \/>\n<link rel=\"canonical\" href=\"https:\/\/lda.be\/fr\/produit\/isolateurs-a-cables-compacts\/\" \/>\n<meta property=\"og:locale\" content=\"fr_FR\" \/>\n<meta property=\"og:type\" content=\"article\" \/>\n<meta property=\"og:title\" content=\"Isolateurs \u00e0 c\u00e2bles compacts - LDA Belgique\" \/>\n<meta property=\"og:description\" content=\"Le petit amortisseur de choc et anti-vibration offre de grandes performances Utilisez les isolateurs \u00e0 c\u00e2bles compacts Enidine pour obtenir les meilleures performances en mati\u00e8re d\u2019isolement des vibrations et de petites configurations de montage antivibratoire. Le design compact est plus petit que la plupart des isolateurs \u00e0 c\u00e2bles et peut fournir \u00e0 la fois une [&hellip;]\" \/>\n<meta property=\"og:url\" content=\"https:\/\/lda.be\/fr\/produit\/isolateurs-a-cables-compacts\/\" \/>\n<meta property=\"og:site_name\" content=\"LDA Belgique\" \/>\n<meta property=\"article:modified_time\" content=\"2025-04-16T14:45:09+00:00\" \/>\n<meta property=\"og:image\" content=\"https:\/\/lda.be\/wp-content\/uploads\/2025\/04\/cr.webp\" \/>\n\t<meta property=\"og:image:width\" content=\"720\" \/>\n\t<meta property=\"og:image:height\" content=\"720\" \/>\n\t<meta property=\"og:image:type\" content=\"image\/webp\" \/>\n<meta name=\"twitter:card\" content=\"summary_large_image\" \/>\n<meta name=\"twitter:label1\" content=\"Dur\u00e9e de lecture estim\u00e9e\" \/>\n\t<meta name=\"twitter:data1\" content=\"1 minute\" \/>\n<script type=\"application\/ld+json\" class=\"yoast-schema-graph\">{\"@context\":\"https:\\\/\\\/schema.org\",\"@graph\":[{\"@type\":\"WebPage\",\"@id\":\"https:\\\/\\\/lda.be\\\/fr\\\/produit\\\/isolateurs-a-cables-compacts\\\/\",\"url\":\"https:\\\/\\\/lda.be\\\/fr\\\/produit\\\/isolateurs-a-cables-compacts\\\/\",\"name\":\"Isolateurs \u00e0 c\u00e2bles compacts - LDA Belgique\",\"isPartOf\":{\"@id\":\"https:\\\/\\\/lda.be\\\/fr\\\/#website\"},\"primaryImageOfPage\":{\"@id\":\"https:\\\/\\\/lda.be\\\/fr\\\/produit\\\/isolateurs-a-cables-compacts\\\/#primaryimage\"},\"image\":{\"@id\":\"https:\\\/\\\/lda.be\\\/fr\\\/produit\\\/isolateurs-a-cables-compacts\\\/#primaryimage\"},\"thumbnailUrl\":\"https:\\\/\\\/lda.be\\\/wp-content\\\/uploads\\\/2025\\\/04\\\/cr.webp\",\"datePublished\":\"2025-04-16T14:24:56+00:00\",\"dateModified\":\"2025-04-16T14:45:09+00:00\",\"breadcrumb\":{\"@id\":\"https:\\\/\\\/lda.be\\\/fr\\\/produit\\\/isolateurs-a-cables-compacts\\\/#breadcrumb\"},\"inLanguage\":\"fr-FR\",\"potentialAction\":[{\"@type\":\"ReadAction\",\"target\":[\"https:\\\/\\\/lda.be\\\/fr\\\/produit\\\/isolateurs-a-cables-compacts\\\/\"]}]},{\"@type\":\"ImageObject\",\"inLanguage\":\"fr-FR\",\"@id\":\"https:\\\/\\\/lda.be\\\/fr\\\/produit\\\/isolateurs-a-cables-compacts\\\/#primaryimage\",\"url\":\"https:\\\/\\\/lda.be\\\/wp-content\\\/uploads\\\/2025\\\/04\\\/cr.webp\",\"contentUrl\":\"https:\\\/\\\/lda.be\\\/wp-content\\\/uploads\\\/2025\\\/04\\\/cr.webp\",\"width\":720,\"height\":720},{\"@type\":\"BreadcrumbList\",\"@id\":\"https:\\\/\\\/lda.be\\\/fr\\\/produit\\\/isolateurs-a-cables-compacts\\\/#breadcrumb\",\"itemListElement\":[{\"@type\":\"ListItem\",\"position\":1,\"name\":\"Accueil\",\"item\":\"https:\\\/\\\/lda.be\\\/fr\\\/\"},{\"@type\":\"ListItem\",\"position\":2,\"name\":\"Produits\",\"item\":\"https:\\\/\\\/lda.be\\\/fr\\\/produits\\\/\"},{\"@type\":\"ListItem\",\"position\":3,\"name\":\"Isolateurs \u00e0 c\u00e2bles compacts\"}]},{\"@type\":\"WebSite\",\"@id\":\"https:\\\/\\\/lda.be\\\/fr\\\/#website\",\"url\":\"https:\\\/\\\/lda.be\\\/fr\\\/\",\"name\":\"LDA Belgium\",\"description\":\"Solutions For Life\",\"publisher\":{\"@id\":\"https:\\\/\\\/lda.be\\\/fr\\\/#organization\"},\"potentialAction\":[{\"@type\":\"SearchAction\",\"target\":{\"@type\":\"EntryPoint\",\"urlTemplate\":\"https:\\\/\\\/lda.be\\\/fr\\\/?s={search_term_string}\"},\"query-input\":{\"@type\":\"PropertyValueSpecification\",\"valueRequired\":true,\"valueName\":\"search_term_string\"}}],\"inLanguage\":\"fr-FR\"},{\"@type\":\"Organization\",\"@id\":\"https:\\\/\\\/lda.be\\\/fr\\\/#organization\",\"name\":\"LDA Belgium\",\"url\":\"https:\\\/\\\/lda.be\\\/fr\\\/\",\"logo\":{\"@type\":\"ImageObject\",\"inLanguage\":\"fr-FR\",\"@id\":\"https:\\\/\\\/lda.be\\\/fr\\\/#\\\/schema\\\/logo\\\/image\\\/\",\"url\":\"https:\\\/\\\/lda.be\\\/wp-content\\\/uploads\\\/2022\\\/07\\\/Logo-LDA.webp\",\"contentUrl\":\"https:\\\/\\\/lda.be\\\/wp-content\\\/uploads\\\/2022\\\/07\\\/Logo-LDA.webp\",\"width\":311,\"height\":101,\"caption\":\"LDA Belgium\"},\"image\":{\"@id\":\"https:\\\/\\\/lda.be\\\/fr\\\/#\\\/schema\\\/logo\\\/image\\\/\"},\"sameAs\":[\"https:\\\/\\\/www.linkedin.com\\\/company\\\/lda-belgium-nv\"]}]}<\/script>\n<!-- \/ Yoast SEO plugin. -->","yoast_head_json":{"title":"Isolateurs \u00e0 c\u00e2bles compacts - LDA Belgique","robots":{"index":"index","follow":"follow","max-snippet":"max-snippet:-1","max-image-preview":"max-image-preview:large","max-video-preview":"max-video-preview:-1"},"canonical":"https:\/\/lda.be\/fr\/produit\/isolateurs-a-cables-compacts\/","og_locale":"fr_FR","og_type":"article","og_title":"Isolateurs \u00e0 c\u00e2bles compacts - LDA Belgique","og_description":"Le petit amortisseur de choc et anti-vibration offre de grandes performances Utilisez les isolateurs \u00e0 c\u00e2bles compacts Enidine pour obtenir les meilleures performances en mati\u00e8re d\u2019isolement des vibrations et de petites configurations de montage antivibratoire. Le design compact est plus petit que la plupart des isolateurs \u00e0 c\u00e2bles et peut fournir \u00e0 la fois une [&hellip;]","og_url":"https:\/\/lda.be\/fr\/produit\/isolateurs-a-cables-compacts\/","og_site_name":"LDA Belgique","article_modified_time":"2025-04-16T14:45:09+00:00","og_image":[{"width":720,"height":720,"url":"https:\/\/lda.be\/wp-content\/uploads\/2025\/04\/cr.webp","type":"image\/webp"}],"twitter_card":"summary_large_image","twitter_misc":{"Dur\u00e9e de lecture estim\u00e9e":"1 minute"},"schema":{"@context":"https:\/\/schema.org","@graph":[{"@type":"WebPage","@id":"https:\/\/lda.be\/fr\/produit\/isolateurs-a-cables-compacts\/","url":"https:\/\/lda.be\/fr\/produit\/isolateurs-a-cables-compacts\/","name":"Isolateurs \u00e0 c\u00e2bles compacts - LDA Belgique","isPartOf":{"@id":"https:\/\/lda.be\/fr\/#website"},"primaryImageOfPage":{"@id":"https:\/\/lda.be\/fr\/produit\/isolateurs-a-cables-compacts\/#primaryimage"},"image":{"@id":"https:\/\/lda.be\/fr\/produit\/isolateurs-a-cables-compacts\/#primaryimage"},"thumbnailUrl":"https:\/\/lda.be\/wp-content\/uploads\/2025\/04\/cr.webp","datePublished":"2025-04-16T14:24:56+00:00","dateModified":"2025-04-16T14:45:09+00:00","breadcrumb":{"@id":"https:\/\/lda.be\/fr\/produit\/isolateurs-a-cables-compacts\/#breadcrumb"},"inLanguage":"fr-FR","potentialAction":[{"@type":"ReadAction","target":["https:\/\/lda.be\/fr\/produit\/isolateurs-a-cables-compacts\/"]}]},{"@type":"ImageObject","inLanguage":"fr-FR","@id":"https:\/\/lda.be\/fr\/produit\/isolateurs-a-cables-compacts\/#primaryimage","url":"https:\/\/lda.be\/wp-content\/uploads\/2025\/04\/cr.webp","contentUrl":"https:\/\/lda.be\/wp-content\/uploads\/2025\/04\/cr.webp","width":720,"height":720},{"@type":"BreadcrumbList","@id":"https:\/\/lda.be\/fr\/produit\/isolateurs-a-cables-compacts\/#breadcrumb","itemListElement":[{"@type":"ListItem","position":1,"name":"Accueil","item":"https:\/\/lda.be\/fr\/"},{"@type":"ListItem","position":2,"name":"Produits","item":"https:\/\/lda.be\/fr\/produits\/"},{"@type":"ListItem","position":3,"name":"Isolateurs \u00e0 c\u00e2bles compacts"}]},{"@type":"WebSite","@id":"https:\/\/lda.be\/fr\/#website","url":"https:\/\/lda.be\/fr\/","name":"LDA Belgium","description":"Solutions For Life","publisher":{"@id":"https:\/\/lda.be\/fr\/#organization"},"potentialAction":[{"@type":"SearchAction","target":{"@type":"EntryPoint","urlTemplate":"https:\/\/lda.be\/fr\/?s={search_term_string}"},"query-input":{"@type":"PropertyValueSpecification","valueRequired":true,"valueName":"search_term_string"}}],"inLanguage":"fr-FR"},{"@type":"Organization","@id":"https:\/\/lda.be\/fr\/#organization","name":"LDA Belgium","url":"https:\/\/lda.be\/fr\/","logo":{"@type":"ImageObject","inLanguage":"fr-FR","@id":"https:\/\/lda.be\/fr\/#\/schema\/logo\/image\/","url":"https:\/\/lda.be\/wp-content\/uploads\/2022\/07\/Logo-LDA.webp","contentUrl":"https:\/\/lda.be\/wp-content\/uploads\/2022\/07\/Logo-LDA.webp","width":311,"height":101,"caption":"LDA Belgium"},"image":{"@id":"https:\/\/lda.be\/fr\/#\/schema\/logo\/image\/"},"sameAs":["https:\/\/www.linkedin.com\/company\/lda-belgium-nv"]}]}},"_links":{"self":[{"href":"https:\/\/lda.be\/fr\/wp-json\/wp\/v2\/product\/6898","targetHints":{"allow":["GET"]}}],"collection":[{"href":"https:\/\/lda.be\/fr\/wp-json\/wp\/v2\/product"}],"about":[{"href":"https:\/\/lda.be\/fr\/wp-json\/wp\/v2\/types\/product"}],"replies":[{"embeddable":true,"href":"https:\/\/lda.be\/fr\/wp-json\/wp\/v2\/comments?post=6898"}],"wp:featuredmedia":[{"embeddable":true,"href":"https:\/\/lda.be\/fr\/wp-json\/wp\/v2\/media\/6862"}],"wp:attachment":[{"href":"https:\/\/lda.be\/fr\/wp-json\/wp\/v2\/media?parent=6898"}],"wp:term":[{"taxonomy":"product_brand","embeddable":true,"href":"https:\/\/lda.be\/fr\/wp-json\/wp\/v2\/product_brand?post=6898"},{"taxonomy":"product_cat","embeddable":true,"href":"https:\/\/lda.be\/fr\/wp-json\/wp\/v2\/product_cat?post=6898"},{"taxonomy":"product_tag","embeddable":true,"href":"https:\/\/lda.be\/fr\/wp-json\/wp\/v2\/product_tag?post=6898"}],"curies":[{"name":"wp","href":"https:\/\/api.w.org\/{rel}","templated":true}]}}