{"id":6901,"date":"2025-04-16T16:09:30","date_gmt":"2025-04-16T15:09:30","guid":{"rendered":"https:\/\/lda.be\/?post_type=product&#038;p=6901"},"modified":"2025-04-16T16:14:02","modified_gmt":"2025-04-16T15:14:02","slug":"ultra-herm-isolateurs-a-cables-a-haute-energie","status":"publish","type":"product","link":"https:\/\/lda.be\/fr\/produit\/ultra-herm-isolateurs-a-cables-a-haute-energie\/","title":{"rendered":"(ULTRA-)HERM Isolateurs \u00e0 c\u00e2bles \u00e0 haute \u00e9nergie"},"content":{"rendered":"<p><strong>HERM (High Energy Rope Mounts), syst\u00e8mes d\u2019isolement des vibrations et de chocs.<\/strong><\/p>\n<p>Enidine Inc. a d\u00e9velopp\u00e9 l\u2019isolateur HERM (montages sur corde \u00e0 haute \u00e9nergie) pour l\u2019isolation des armoires de la marine et les syst\u00e8mes de pont radeau. Ils ont pass\u00e9 avec succ\u00e8s les tests sur les barges et ont r\u00e9duit les chocs \u00e0 des niveaux compatibles avec les \u00e9quipements COTS.<\/p>\n<p>ULTRA-HERM (High Energy Rope Mount), syst\u00e8mes d\u2019isolement des vibrations et de chocs.<\/p>\n<p>ULTRA-HERM\u00ae (High Energy Rope Mount), en instance de brevet, int\u00e8gre un isolateur \u00e0 c\u00e2ble h\u00e9lico\u00efdal Enidine traditionnel, enrob\u00e9 d&#8217;un compos\u00e9 \u00e9lastom\u00e8re exclusif. Le c\u00e2ble en acier inoxydable du support assure une construction robuste, tandis que l&#8217;\u00e9lastom\u00e8re assure un amortissement et une rigidit\u00e9 accrus. Cette conception unique permet d&#8217;obtenir un support \u00e0 s\u00e9curit\u00e9 int\u00e9gr\u00e9e, dot\u00e9 d&#8217;une rigidit\u00e9 et d&#8217;une capacit\u00e9 d&#8217;absorption d&#8217;\u00e9nergie sup\u00e9rieures.<\/p>\n<p>Le support (ULTRA)HERM est une solution efficace d\u2019isolement des vibrations pour les armoires, plates-formes, radeaux, berceaux, bidons et conteneurs d\u2019exp\u00e9dition n\u00e9cessitant un isolateur de chocs, de vibrations et de bruit solidien.<\/p>\n","protected":false},"excerpt":{"rendered":"<p>HERM (High Energy Rope Mounts), syst\u00e8mes d\u2019isolement des vibrations et de chocs. Enidine Inc. a d\u00e9velopp\u00e9 l\u2019isolateur HERM (montages sur corde \u00e0 haute \u00e9nergie) pour l\u2019isolation des armoires de la marine et les syst\u00e8mes de pont radeau. Ils ont pass\u00e9 avec succ\u00e8s les tests sur les barges et ont r\u00e9duit les chocs \u00e0 des niveaux [&hellip;]<\/p>\n","protected":false},"featured_media":6859,"comment_status":"closed","ping_status":"closed","template":"","meta":[],"product_brand":[1259],"product_cat":[1202],"product_tag":[],"class_list":{"0":"post-6901","1":"product","2":"type-product","3":"status-publish","4":"has-post-thumbnail","6":"product_brand-enidine","7":"product_cat-amortisseurs-de-chocs-a-cable","9":"first","10":"instock","11":"shipping-taxable","12":"product-type-simple"},"yoast_head":"<!-- This site is optimized with the Yoast SEO plugin v27.3 - https:\/\/yoast.com\/product\/yoast-seo-wordpress\/ -->\n<title>(ULTRA-)HERM Isolateurs \u00e0 c\u00e2bles \u00e0 haute \u00e9nergie - LDA Belgique<\/title>\n<meta name=\"robots\" content=\"index, follow, max-snippet:-1, max-image-preview:large, max-video-preview:-1\" \/>\n<link rel=\"canonical\" href=\"https:\/\/lda.be\/fr\/produit\/ultra-herm-isolateurs-a-cables-a-haute-energie\/\" \/>\n<meta property=\"og:locale\" content=\"fr_FR\" \/>\n<meta property=\"og:type\" content=\"article\" \/>\n<meta property=\"og:title\" content=\"(ULTRA-)HERM Isolateurs \u00e0 c\u00e2bles \u00e0 haute \u00e9nergie - LDA Belgique\" \/>\n<meta property=\"og:description\" content=\"HERM (High Energy Rope Mounts), syst\u00e8mes d\u2019isolement des vibrations et de chocs. Enidine Inc. a d\u00e9velopp\u00e9 l\u2019isolateur HERM (montages sur corde \u00e0 haute \u00e9nergie) pour l\u2019isolation des armoires de la marine et les syst\u00e8mes de pont radeau. Ils ont pass\u00e9 avec succ\u00e8s les tests sur les barges et ont r\u00e9duit les chocs \u00e0 des niveaux [&hellip;]\" \/>\n<meta property=\"og:url\" content=\"https:\/\/lda.be\/fr\/produit\/ultra-herm-isolateurs-a-cables-a-haute-energie\/\" \/>\n<meta property=\"og:site_name\" content=\"LDA Belgique\" \/>\n<meta property=\"article:modified_time\" content=\"2025-04-16T15:14:02+00:00\" \/>\n<meta property=\"og:image\" content=\"https:\/\/lda.be\/wp-content\/uploads\/2025\/04\/herm.webp\" \/>\n\t<meta property=\"og:image:width\" content=\"720\" \/>\n\t<meta property=\"og:image:height\" content=\"720\" \/>\n\t<meta property=\"og:image:type\" content=\"image\/webp\" \/>\n<meta name=\"twitter:card\" content=\"summary_large_image\" \/>\n<meta name=\"twitter:label1\" content=\"Dur\u00e9e de lecture estim\u00e9e\" \/>\n\t<meta name=\"twitter:data1\" content=\"1 minute\" \/>\n<script type=\"application\/ld+json\" class=\"yoast-schema-graph\">{\"@context\":\"https:\\\/\\\/schema.org\",\"@graph\":[{\"@type\":\"WebPage\",\"@id\":\"https:\\\/\\\/lda.be\\\/fr\\\/produit\\\/ultra-herm-isolateurs-a-cables-a-haute-energie\\\/\",\"url\":\"https:\\\/\\\/lda.be\\\/fr\\\/produit\\\/ultra-herm-isolateurs-a-cables-a-haute-energie\\\/\",\"name\":\"(ULTRA-)HERM Isolateurs \u00e0 c\u00e2bles \u00e0 haute \u00e9nergie - LDA Belgique\",\"isPartOf\":{\"@id\":\"https:\\\/\\\/lda.be\\\/fr\\\/#website\"},\"primaryImageOfPage\":{\"@id\":\"https:\\\/\\\/lda.be\\\/fr\\\/produit\\\/ultra-herm-isolateurs-a-cables-a-haute-energie\\\/#primaryimage\"},\"image\":{\"@id\":\"https:\\\/\\\/lda.be\\\/fr\\\/produit\\\/ultra-herm-isolateurs-a-cables-a-haute-energie\\\/#primaryimage\"},\"thumbnailUrl\":\"https:\\\/\\\/lda.be\\\/wp-content\\\/uploads\\\/2025\\\/04\\\/herm.webp\",\"datePublished\":\"2025-04-16T15:09:30+00:00\",\"dateModified\":\"2025-04-16T15:14:02+00:00\",\"breadcrumb\":{\"@id\":\"https:\\\/\\\/lda.be\\\/fr\\\/produit\\\/ultra-herm-isolateurs-a-cables-a-haute-energie\\\/#breadcrumb\"},\"inLanguage\":\"fr-FR\",\"potentialAction\":[{\"@type\":\"ReadAction\",\"target\":[\"https:\\\/\\\/lda.be\\\/fr\\\/produit\\\/ultra-herm-isolateurs-a-cables-a-haute-energie\\\/\"]}]},{\"@type\":\"ImageObject\",\"inLanguage\":\"fr-FR\",\"@id\":\"https:\\\/\\\/lda.be\\\/fr\\\/produit\\\/ultra-herm-isolateurs-a-cables-a-haute-energie\\\/#primaryimage\",\"url\":\"https:\\\/\\\/lda.be\\\/wp-content\\\/uploads\\\/2025\\\/04\\\/herm.webp\",\"contentUrl\":\"https:\\\/\\\/lda.be\\\/wp-content\\\/uploads\\\/2025\\\/04\\\/herm.webp\",\"width\":720,\"height\":720},{\"@type\":\"BreadcrumbList\",\"@id\":\"https:\\\/\\\/lda.be\\\/fr\\\/produit\\\/ultra-herm-isolateurs-a-cables-a-haute-energie\\\/#breadcrumb\",\"itemListElement\":[{\"@type\":\"ListItem\",\"position\":1,\"name\":\"Accueil\",\"item\":\"https:\\\/\\\/lda.be\\\/fr\\\/\"},{\"@type\":\"ListItem\",\"position\":2,\"name\":\"Produits\",\"item\":\"https:\\\/\\\/lda.be\\\/fr\\\/produits\\\/\"},{\"@type\":\"ListItem\",\"position\":3,\"name\":\"(ULTRA-)HERM Isolateurs \u00e0 c\u00e2bles \u00e0 haute \u00e9nergie\"}]},{\"@type\":\"WebSite\",\"@id\":\"https:\\\/\\\/lda.be\\\/fr\\\/#website\",\"url\":\"https:\\\/\\\/lda.be\\\/fr\\\/\",\"name\":\"LDA Belgium\",\"description\":\"Solutions For Life\",\"publisher\":{\"@id\":\"https:\\\/\\\/lda.be\\\/fr\\\/#organization\"},\"potentialAction\":[{\"@type\":\"SearchAction\",\"target\":{\"@type\":\"EntryPoint\",\"urlTemplate\":\"https:\\\/\\\/lda.be\\\/fr\\\/?s={search_term_string}\"},\"query-input\":{\"@type\":\"PropertyValueSpecification\",\"valueRequired\":true,\"valueName\":\"search_term_string\"}}],\"inLanguage\":\"fr-FR\"},{\"@type\":\"Organization\",\"@id\":\"https:\\\/\\\/lda.be\\\/fr\\\/#organization\",\"name\":\"LDA Belgium\",\"url\":\"https:\\\/\\\/lda.be\\\/fr\\\/\",\"logo\":{\"@type\":\"ImageObject\",\"inLanguage\":\"fr-FR\",\"@id\":\"https:\\\/\\\/lda.be\\\/fr\\\/#\\\/schema\\\/logo\\\/image\\\/\",\"url\":\"https:\\\/\\\/lda.be\\\/wp-content\\\/uploads\\\/2022\\\/07\\\/Logo-LDA.webp\",\"contentUrl\":\"https:\\\/\\\/lda.be\\\/wp-content\\\/uploads\\\/2022\\\/07\\\/Logo-LDA.webp\",\"width\":311,\"height\":101,\"caption\":\"LDA Belgium\"},\"image\":{\"@id\":\"https:\\\/\\\/lda.be\\\/fr\\\/#\\\/schema\\\/logo\\\/image\\\/\"},\"sameAs\":[\"https:\\\/\\\/www.linkedin.com\\\/company\\\/lda-belgium-nv\"]}]}<\/script>\n<!-- \/ Yoast SEO plugin. -->","yoast_head_json":{"title":"(ULTRA-)HERM Isolateurs \u00e0 c\u00e2bles \u00e0 haute \u00e9nergie - LDA Belgique","robots":{"index":"index","follow":"follow","max-snippet":"max-snippet:-1","max-image-preview":"max-image-preview:large","max-video-preview":"max-video-preview:-1"},"canonical":"https:\/\/lda.be\/fr\/produit\/ultra-herm-isolateurs-a-cables-a-haute-energie\/","og_locale":"fr_FR","og_type":"article","og_title":"(ULTRA-)HERM Isolateurs \u00e0 c\u00e2bles \u00e0 haute \u00e9nergie - LDA Belgique","og_description":"HERM (High Energy Rope Mounts), syst\u00e8mes d\u2019isolement des vibrations et de chocs. Enidine Inc. a d\u00e9velopp\u00e9 l\u2019isolateur HERM (montages sur corde \u00e0 haute \u00e9nergie) pour l\u2019isolation des armoires de la marine et les syst\u00e8mes de pont radeau. Ils ont pass\u00e9 avec succ\u00e8s les tests sur les barges et ont r\u00e9duit les chocs \u00e0 des niveaux [&hellip;]","og_url":"https:\/\/lda.be\/fr\/produit\/ultra-herm-isolateurs-a-cables-a-haute-energie\/","og_site_name":"LDA Belgique","article_modified_time":"2025-04-16T15:14:02+00:00","og_image":[{"width":720,"height":720,"url":"https:\/\/lda.be\/wp-content\/uploads\/2025\/04\/herm.webp","type":"image\/webp"}],"twitter_card":"summary_large_image","twitter_misc":{"Dur\u00e9e de lecture estim\u00e9e":"1 minute"},"schema":{"@context":"https:\/\/schema.org","@graph":[{"@type":"WebPage","@id":"https:\/\/lda.be\/fr\/produit\/ultra-herm-isolateurs-a-cables-a-haute-energie\/","url":"https:\/\/lda.be\/fr\/produit\/ultra-herm-isolateurs-a-cables-a-haute-energie\/","name":"(ULTRA-)HERM Isolateurs \u00e0 c\u00e2bles \u00e0 haute \u00e9nergie - LDA Belgique","isPartOf":{"@id":"https:\/\/lda.be\/fr\/#website"},"primaryImageOfPage":{"@id":"https:\/\/lda.be\/fr\/produit\/ultra-herm-isolateurs-a-cables-a-haute-energie\/#primaryimage"},"image":{"@id":"https:\/\/lda.be\/fr\/produit\/ultra-herm-isolateurs-a-cables-a-haute-energie\/#primaryimage"},"thumbnailUrl":"https:\/\/lda.be\/wp-content\/uploads\/2025\/04\/herm.webp","datePublished":"2025-04-16T15:09:30+00:00","dateModified":"2025-04-16T15:14:02+00:00","breadcrumb":{"@id":"https:\/\/lda.be\/fr\/produit\/ultra-herm-isolateurs-a-cables-a-haute-energie\/#breadcrumb"},"inLanguage":"fr-FR","potentialAction":[{"@type":"ReadAction","target":["https:\/\/lda.be\/fr\/produit\/ultra-herm-isolateurs-a-cables-a-haute-energie\/"]}]},{"@type":"ImageObject","inLanguage":"fr-FR","@id":"https:\/\/lda.be\/fr\/produit\/ultra-herm-isolateurs-a-cables-a-haute-energie\/#primaryimage","url":"https:\/\/lda.be\/wp-content\/uploads\/2025\/04\/herm.webp","contentUrl":"https:\/\/lda.be\/wp-content\/uploads\/2025\/04\/herm.webp","width":720,"height":720},{"@type":"BreadcrumbList","@id":"https:\/\/lda.be\/fr\/produit\/ultra-herm-isolateurs-a-cables-a-haute-energie\/#breadcrumb","itemListElement":[{"@type":"ListItem","position":1,"name":"Accueil","item":"https:\/\/lda.be\/fr\/"},{"@type":"ListItem","position":2,"name":"Produits","item":"https:\/\/lda.be\/fr\/produits\/"},{"@type":"ListItem","position":3,"name":"(ULTRA-)HERM Isolateurs \u00e0 c\u00e2bles \u00e0 haute \u00e9nergie"}]},{"@type":"WebSite","@id":"https:\/\/lda.be\/fr\/#website","url":"https:\/\/lda.be\/fr\/","name":"LDA Belgium","description":"Solutions For Life","publisher":{"@id":"https:\/\/lda.be\/fr\/#organization"},"potentialAction":[{"@type":"SearchAction","target":{"@type":"EntryPoint","urlTemplate":"https:\/\/lda.be\/fr\/?s={search_term_string}"},"query-input":{"@type":"PropertyValueSpecification","valueRequired":true,"valueName":"search_term_string"}}],"inLanguage":"fr-FR"},{"@type":"Organization","@id":"https:\/\/lda.be\/fr\/#organization","name":"LDA Belgium","url":"https:\/\/lda.be\/fr\/","logo":{"@type":"ImageObject","inLanguage":"fr-FR","@id":"https:\/\/lda.be\/fr\/#\/schema\/logo\/image\/","url":"https:\/\/lda.be\/wp-content\/uploads\/2022\/07\/Logo-LDA.webp","contentUrl":"https:\/\/lda.be\/wp-content\/uploads\/2022\/07\/Logo-LDA.webp","width":311,"height":101,"caption":"LDA Belgium"},"image":{"@id":"https:\/\/lda.be\/fr\/#\/schema\/logo\/image\/"},"sameAs":["https:\/\/www.linkedin.com\/company\/lda-belgium-nv"]}]}},"_links":{"self":[{"href":"https:\/\/lda.be\/fr\/wp-json\/wp\/v2\/product\/6901","targetHints":{"allow":["GET"]}}],"collection":[{"href":"https:\/\/lda.be\/fr\/wp-json\/wp\/v2\/product"}],"about":[{"href":"https:\/\/lda.be\/fr\/wp-json\/wp\/v2\/types\/product"}],"replies":[{"embeddable":true,"href":"https:\/\/lda.be\/fr\/wp-json\/wp\/v2\/comments?post=6901"}],"wp:featuredmedia":[{"embeddable":true,"href":"https:\/\/lda.be\/fr\/wp-json\/wp\/v2\/media\/6859"}],"wp:attachment":[{"href":"https:\/\/lda.be\/fr\/wp-json\/wp\/v2\/media?parent=6901"}],"wp:term":[{"taxonomy":"product_brand","embeddable":true,"href":"https:\/\/lda.be\/fr\/wp-json\/wp\/v2\/product_brand?post=6901"},{"taxonomy":"product_cat","embeddable":true,"href":"https:\/\/lda.be\/fr\/wp-json\/wp\/v2\/product_cat?post=6901"},{"taxonomy":"product_tag","embeddable":true,"href":"https:\/\/lda.be\/fr\/wp-json\/wp\/v2\/product_tag?post=6901"}],"curies":[{"name":"wp","href":"https:\/\/api.w.org\/{rel}","templated":true}]}}