{"id":6973,"date":"2025-04-23T16:07:54","date_gmt":"2025-04-23T15:07:54","guid":{"rendered":"https:\/\/lda.be\/?post_type=product&#038;p=6973"},"modified":"2025-04-23T16:15:44","modified_gmt":"2025-04-23T15:15:44","slug":"wear-fixation-de-canalisations-isolateur-de-vibrations","status":"publish","type":"product","link":"https:\/\/lda.be\/fr\/produit\/wear-fixation-de-canalisations-isolateur-de-vibrations\/","title":{"rendered":"WEAR\u2122 Fixation de canalisations\/isolateur de vibrations"},"content":{"rendered":"<p>Les fixations de canalisations WEAR\u2122 (Wire Energy Absorbing Rope) sont des isolateurs \u00e0 c\u00e2bles sp\u00e9cialement con\u00e7us pour prot\u00e9ger les structures des vibrations stables et les isoler des charges sismiques et dynamiques.<\/p>\n<p>Ces amortisseurs de tuyauterie de nouvelle g\u00e9n\u00e9ration pr\u00e9sentent une construction simple. Il n\u2019y a pas d\u2019huiles, de joints ou de pi\u00e8ces mobiles complexes n\u00e9cessaires \u00e0 l\u2019ex\u00e9cution de leur fonction. La conception a \u00e9limin\u00e9 les probl\u00e8mes souvent associ\u00e9s aux contraintes hydrauliques ou m\u00e9caniques qui sont complexes et susceptibles de d\u00e9faillir.<\/p>\n<p>L\u2019isolateur \u00e0 c\u00e2ble, qui est l\u2019\u00e9l\u00e9ment de base de la technologie, a \u00e9t\u00e9 utilis\u00e9 avec succ\u00e8s par les militaires depuis plus de 25 ans. En cons\u00e9quence, il est conforme aux exigences de contr\u00f4le qualit\u00e9 du gouvernement et des militaires. Il est donc dispens\u00e9 des tests de surveillance. Un contr\u00f4le visuel sur place est tout ce qui est n\u00e9cessaire pour assurer l\u2019op\u00e9rabilit\u00e9. Le WEAR\u2122 peut \u00eatre fourni avec une large gamme d\u2019accessoires de tuyauterie et aux normes ISO 9001, Mil-Q, Mil-I, B31.1 ou ASME Section III, sous-section NF.<\/p>\n","protected":false},"excerpt":{"rendered":"<p>Les fixations de canalisations WEAR\u2122 (Wire Energy Absorbing Rope) sont des isolateurs \u00e0 c\u00e2bles sp\u00e9cialement con\u00e7us pour prot\u00e9ger les structures des vibrations stables et les isoler des charges sismiques et dynamiques. Ces amortisseurs de tuyauterie de nouvelle g\u00e9n\u00e9ration pr\u00e9sentent une construction simple. Il n\u2019y a pas d\u2019huiles, de joints ou de pi\u00e8ces mobiles complexes n\u00e9cessaires [&hellip;]<\/p>\n","protected":false},"featured_media":6967,"comment_status":"closed","ping_status":"closed","template":"","meta":[],"product_brand":[1259],"product_cat":[1250],"product_tag":[],"class_list":{"0":"post-6973","1":"product","2":"type-product","3":"status-publish","4":"has-post-thumbnail","6":"product_brand-enidine","7":"product_cat-isolateurs-de-vibrations-a-cables","9":"first","10":"instock","11":"shipping-taxable","12":"product-type-simple"},"yoast_head":"<!-- This site is optimized with the Yoast SEO plugin v27.5 - https:\/\/yoast.com\/product\/yoast-seo-wordpress\/ -->\n<title>WEAR\u2122 Fixation de canalisations\/isolateur de vibrations - LDA Belgique<\/title>\n<meta name=\"robots\" content=\"index, follow, max-snippet:-1, max-image-preview:large, max-video-preview:-1\" \/>\n<link rel=\"canonical\" href=\"https:\/\/lda.be\/fr\/produit\/wear-fixation-de-canalisations-isolateur-de-vibrations\/\" \/>\n<meta property=\"og:locale\" content=\"fr_FR\" \/>\n<meta property=\"og:type\" content=\"article\" \/>\n<meta property=\"og:title\" content=\"WEAR\u2122 Fixation de canalisations\/isolateur de vibrations - LDA Belgique\" \/>\n<meta property=\"og:description\" content=\"Les fixations de canalisations WEAR\u2122 (Wire Energy Absorbing Rope) sont des isolateurs \u00e0 c\u00e2bles sp\u00e9cialement con\u00e7us pour prot\u00e9ger les structures des vibrations stables et les isoler des charges sismiques et dynamiques. Ces amortisseurs de tuyauterie de nouvelle g\u00e9n\u00e9ration pr\u00e9sentent une construction simple. Il n\u2019y a pas d\u2019huiles, de joints ou de pi\u00e8ces mobiles complexes n\u00e9cessaires [&hellip;]\" \/>\n<meta property=\"og:url\" content=\"https:\/\/lda.be\/fr\/produit\/wear-fixation-de-canalisations-isolateur-de-vibrations\/\" \/>\n<meta property=\"og:site_name\" content=\"LDA Belgique\" \/>\n<meta property=\"article:modified_time\" content=\"2025-04-23T15:15:44+00:00\" \/>\n<meta property=\"og:image\" content=\"https:\/\/lda.be\/wp-content\/uploads\/2025\/04\/wear.webp\" \/>\n\t<meta property=\"og:image:width\" content=\"720\" \/>\n\t<meta property=\"og:image:height\" content=\"720\" \/>\n\t<meta property=\"og:image:type\" content=\"image\/webp\" \/>\n<meta name=\"twitter:card\" content=\"summary_large_image\" \/>\n<meta name=\"twitter:label1\" content=\"Dur\u00e9e de lecture estim\u00e9e\" \/>\n\t<meta name=\"twitter:data1\" content=\"1 minute\" \/>\n<script type=\"application\/ld+json\" class=\"yoast-schema-graph\">{\"@context\":\"https:\\\/\\\/schema.org\",\"@graph\":[{\"@type\":\"WebPage\",\"@id\":\"https:\\\/\\\/lda.be\\\/fr\\\/produit\\\/wear-fixation-de-canalisations-isolateur-de-vibrations\\\/\",\"url\":\"https:\\\/\\\/lda.be\\\/fr\\\/produit\\\/wear-fixation-de-canalisations-isolateur-de-vibrations\\\/\",\"name\":\"WEAR\u2122 Fixation de canalisations\\\/isolateur de vibrations - LDA Belgique\",\"isPartOf\":{\"@id\":\"https:\\\/\\\/lda.be\\\/fr\\\/#website\"},\"primaryImageOfPage\":{\"@id\":\"https:\\\/\\\/lda.be\\\/fr\\\/produit\\\/wear-fixation-de-canalisations-isolateur-de-vibrations\\\/#primaryimage\"},\"image\":{\"@id\":\"https:\\\/\\\/lda.be\\\/fr\\\/produit\\\/wear-fixation-de-canalisations-isolateur-de-vibrations\\\/#primaryimage\"},\"thumbnailUrl\":\"https:\\\/\\\/lda.be\\\/wp-content\\\/uploads\\\/2025\\\/04\\\/wear.webp\",\"datePublished\":\"2025-04-23T15:07:54+00:00\",\"dateModified\":\"2025-04-23T15:15:44+00:00\",\"breadcrumb\":{\"@id\":\"https:\\\/\\\/lda.be\\\/fr\\\/produit\\\/wear-fixation-de-canalisations-isolateur-de-vibrations\\\/#breadcrumb\"},\"inLanguage\":\"fr-FR\",\"potentialAction\":[{\"@type\":\"ReadAction\",\"target\":[\"https:\\\/\\\/lda.be\\\/fr\\\/produit\\\/wear-fixation-de-canalisations-isolateur-de-vibrations\\\/\"]}]},{\"@type\":\"ImageObject\",\"inLanguage\":\"fr-FR\",\"@id\":\"https:\\\/\\\/lda.be\\\/fr\\\/produit\\\/wear-fixation-de-canalisations-isolateur-de-vibrations\\\/#primaryimage\",\"url\":\"https:\\\/\\\/lda.be\\\/wp-content\\\/uploads\\\/2025\\\/04\\\/wear.webp\",\"contentUrl\":\"https:\\\/\\\/lda.be\\\/wp-content\\\/uploads\\\/2025\\\/04\\\/wear.webp\",\"width\":720,\"height\":720},{\"@type\":\"BreadcrumbList\",\"@id\":\"https:\\\/\\\/lda.be\\\/fr\\\/produit\\\/wear-fixation-de-canalisations-isolateur-de-vibrations\\\/#breadcrumb\",\"itemListElement\":[{\"@type\":\"ListItem\",\"position\":1,\"name\":\"Accueil\",\"item\":\"https:\\\/\\\/lda.be\\\/fr\\\/\"},{\"@type\":\"ListItem\",\"position\":2,\"name\":\"Produits\",\"item\":\"https:\\\/\\\/lda.be\\\/fr\\\/produits\\\/\"},{\"@type\":\"ListItem\",\"position\":3,\"name\":\"WEAR\u2122 Fixation de canalisations\\\/isolateur de vibrations\"}]},{\"@type\":\"WebSite\",\"@id\":\"https:\\\/\\\/lda.be\\\/fr\\\/#website\",\"url\":\"https:\\\/\\\/lda.be\\\/fr\\\/\",\"name\":\"LDA Belgium\",\"description\":\"Solutions For Life\",\"publisher\":{\"@id\":\"https:\\\/\\\/lda.be\\\/fr\\\/#organization\"},\"potentialAction\":[{\"@type\":\"SearchAction\",\"target\":{\"@type\":\"EntryPoint\",\"urlTemplate\":\"https:\\\/\\\/lda.be\\\/fr\\\/?s={search_term_string}\"},\"query-input\":{\"@type\":\"PropertyValueSpecification\",\"valueRequired\":true,\"valueName\":\"search_term_string\"}}],\"inLanguage\":\"fr-FR\"},{\"@type\":\"Organization\",\"@id\":\"https:\\\/\\\/lda.be\\\/fr\\\/#organization\",\"name\":\"LDA Belgium\",\"url\":\"https:\\\/\\\/lda.be\\\/fr\\\/\",\"logo\":{\"@type\":\"ImageObject\",\"inLanguage\":\"fr-FR\",\"@id\":\"https:\\\/\\\/lda.be\\\/fr\\\/#\\\/schema\\\/logo\\\/image\\\/\",\"url\":\"https:\\\/\\\/lda.be\\\/wp-content\\\/uploads\\\/2022\\\/07\\\/Logo-LDA.webp\",\"contentUrl\":\"https:\\\/\\\/lda.be\\\/wp-content\\\/uploads\\\/2022\\\/07\\\/Logo-LDA.webp\",\"width\":311,\"height\":101,\"caption\":\"LDA Belgium\"},\"image\":{\"@id\":\"https:\\\/\\\/lda.be\\\/fr\\\/#\\\/schema\\\/logo\\\/image\\\/\"},\"sameAs\":[\"https:\\\/\\\/www.linkedin.com\\\/company\\\/lda-belgium-nv\"]}]}<\/script>\n<!-- \/ Yoast SEO plugin. -->","yoast_head_json":{"title":"WEAR\u2122 Fixation de canalisations\/isolateur de vibrations - LDA Belgique","robots":{"index":"index","follow":"follow","max-snippet":"max-snippet:-1","max-image-preview":"max-image-preview:large","max-video-preview":"max-video-preview:-1"},"canonical":"https:\/\/lda.be\/fr\/produit\/wear-fixation-de-canalisations-isolateur-de-vibrations\/","og_locale":"fr_FR","og_type":"article","og_title":"WEAR\u2122 Fixation de canalisations\/isolateur de vibrations - LDA Belgique","og_description":"Les fixations de canalisations WEAR\u2122 (Wire Energy Absorbing Rope) sont des isolateurs \u00e0 c\u00e2bles sp\u00e9cialement con\u00e7us pour prot\u00e9ger les structures des vibrations stables et les isoler des charges sismiques et dynamiques. Ces amortisseurs de tuyauterie de nouvelle g\u00e9n\u00e9ration pr\u00e9sentent une construction simple. Il n\u2019y a pas d\u2019huiles, de joints ou de pi\u00e8ces mobiles complexes n\u00e9cessaires [&hellip;]","og_url":"https:\/\/lda.be\/fr\/produit\/wear-fixation-de-canalisations-isolateur-de-vibrations\/","og_site_name":"LDA Belgique","article_modified_time":"2025-04-23T15:15:44+00:00","og_image":[{"width":720,"height":720,"url":"https:\/\/lda.be\/wp-content\/uploads\/2025\/04\/wear.webp","type":"image\/webp"}],"twitter_card":"summary_large_image","twitter_misc":{"Dur\u00e9e de lecture estim\u00e9e":"1 minute"},"schema":{"@context":"https:\/\/schema.org","@graph":[{"@type":"WebPage","@id":"https:\/\/lda.be\/fr\/produit\/wear-fixation-de-canalisations-isolateur-de-vibrations\/","url":"https:\/\/lda.be\/fr\/produit\/wear-fixation-de-canalisations-isolateur-de-vibrations\/","name":"WEAR\u2122 Fixation de canalisations\/isolateur de vibrations - LDA Belgique","isPartOf":{"@id":"https:\/\/lda.be\/fr\/#website"},"primaryImageOfPage":{"@id":"https:\/\/lda.be\/fr\/produit\/wear-fixation-de-canalisations-isolateur-de-vibrations\/#primaryimage"},"image":{"@id":"https:\/\/lda.be\/fr\/produit\/wear-fixation-de-canalisations-isolateur-de-vibrations\/#primaryimage"},"thumbnailUrl":"https:\/\/lda.be\/wp-content\/uploads\/2025\/04\/wear.webp","datePublished":"2025-04-23T15:07:54+00:00","dateModified":"2025-04-23T15:15:44+00:00","breadcrumb":{"@id":"https:\/\/lda.be\/fr\/produit\/wear-fixation-de-canalisations-isolateur-de-vibrations\/#breadcrumb"},"inLanguage":"fr-FR","potentialAction":[{"@type":"ReadAction","target":["https:\/\/lda.be\/fr\/produit\/wear-fixation-de-canalisations-isolateur-de-vibrations\/"]}]},{"@type":"ImageObject","inLanguage":"fr-FR","@id":"https:\/\/lda.be\/fr\/produit\/wear-fixation-de-canalisations-isolateur-de-vibrations\/#primaryimage","url":"https:\/\/lda.be\/wp-content\/uploads\/2025\/04\/wear.webp","contentUrl":"https:\/\/lda.be\/wp-content\/uploads\/2025\/04\/wear.webp","width":720,"height":720},{"@type":"BreadcrumbList","@id":"https:\/\/lda.be\/fr\/produit\/wear-fixation-de-canalisations-isolateur-de-vibrations\/#breadcrumb","itemListElement":[{"@type":"ListItem","position":1,"name":"Accueil","item":"https:\/\/lda.be\/fr\/"},{"@type":"ListItem","position":2,"name":"Produits","item":"https:\/\/lda.be\/fr\/produits\/"},{"@type":"ListItem","position":3,"name":"WEAR\u2122 Fixation de canalisations\/isolateur de vibrations"}]},{"@type":"WebSite","@id":"https:\/\/lda.be\/fr\/#website","url":"https:\/\/lda.be\/fr\/","name":"LDA Belgium","description":"Solutions For Life","publisher":{"@id":"https:\/\/lda.be\/fr\/#organization"},"potentialAction":[{"@type":"SearchAction","target":{"@type":"EntryPoint","urlTemplate":"https:\/\/lda.be\/fr\/?s={search_term_string}"},"query-input":{"@type":"PropertyValueSpecification","valueRequired":true,"valueName":"search_term_string"}}],"inLanguage":"fr-FR"},{"@type":"Organization","@id":"https:\/\/lda.be\/fr\/#organization","name":"LDA Belgium","url":"https:\/\/lda.be\/fr\/","logo":{"@type":"ImageObject","inLanguage":"fr-FR","@id":"https:\/\/lda.be\/fr\/#\/schema\/logo\/image\/","url":"https:\/\/lda.be\/wp-content\/uploads\/2022\/07\/Logo-LDA.webp","contentUrl":"https:\/\/lda.be\/wp-content\/uploads\/2022\/07\/Logo-LDA.webp","width":311,"height":101,"caption":"LDA Belgium"},"image":{"@id":"https:\/\/lda.be\/fr\/#\/schema\/logo\/image\/"},"sameAs":["https:\/\/www.linkedin.com\/company\/lda-belgium-nv"]}]}},"_links":{"self":[{"href":"https:\/\/lda.be\/fr\/wp-json\/wp\/v2\/product\/6973","targetHints":{"allow":["GET"]}}],"collection":[{"href":"https:\/\/lda.be\/fr\/wp-json\/wp\/v2\/product"}],"about":[{"href":"https:\/\/lda.be\/fr\/wp-json\/wp\/v2\/types\/product"}],"replies":[{"embeddable":true,"href":"https:\/\/lda.be\/fr\/wp-json\/wp\/v2\/comments?post=6973"}],"wp:featuredmedia":[{"embeddable":true,"href":"https:\/\/lda.be\/fr\/wp-json\/wp\/v2\/media\/6967"}],"wp:attachment":[{"href":"https:\/\/lda.be\/fr\/wp-json\/wp\/v2\/media?parent=6973"}],"wp:term":[{"taxonomy":"product_brand","embeddable":true,"href":"https:\/\/lda.be\/fr\/wp-json\/wp\/v2\/product_brand?post=6973"},{"taxonomy":"product_cat","embeddable":true,"href":"https:\/\/lda.be\/fr\/wp-json\/wp\/v2\/product_cat?post=6973"},{"taxonomy":"product_tag","embeddable":true,"href":"https:\/\/lda.be\/fr\/wp-json\/wp\/v2\/product_tag?post=6973"}],"curies":[{"name":"wp","href":"https:\/\/api.w.org\/{rel}","templated":true}]}}