{"id":6979,"date":"2025-04-23T16:21:08","date_gmt":"2025-04-23T15:21:08","guid":{"rendered":"https:\/\/lda.be\/?post_type=product&#038;p=6979"},"modified":"2025-04-23T16:29:21","modified_gmt":"2025-04-23T15:29:21","slug":"marsh-mellow-isolateur-de-vibrations-en-caoutchouc-renforce","status":"publish","type":"product","link":"https:\/\/lda.be\/fr\/produit\/marsh-mellow-isolateur-de-vibrations-en-caoutchouc-renforce\/","title":{"rendered":"Marsh Mellow\u2122 &#8211; Isolateur de vibrations en caoutchouc renforc\u00e9"},"content":{"rendered":"<p>Marsh Mellow\u2122 est le nom commercial du ressort en tissu et caoutchouc d\u00e9velopp\u00e9 par Firestone Industrial Products au d\u00e9but des ann\u00e9es 1970. Les ressorts en caoutchouc suscitent depuis longtemps l&#8217;int\u00e9r\u00eat des suspensions automobiles et des applications industrielles en raison de leur fiabilit\u00e9, de leur r\u00e9sistance \u00e0 la corrosion, de leur faible co\u00fbt et de leur simplicit\u00e9. Ce concept a \u00e9t\u00e9 test\u00e9 avec plus ou moins de succ\u00e8s au fil des ans. Le principal obstacle aux ressorts en caoutchouc pleins r\u00e9sidait dans le fait que, pour r\u00e9pondre aux exigences de charge de nombreuses applications, ces ressorts \u00e9taient soit trop grands, soit instables lat\u00e9ralement lorsqu&#8217;ils \u00e9taient suffisamment longs pour assurer une bonne isolation.<\/p>\n<p>Le concept d&#8217;empilage de ressorts en caoutchouc a r\u00e9solu ce dernier probl\u00e8me, mais a n\u00e9cessit\u00e9 des syst\u00e8mes de guidage m\u00e9caniques complexes pour contr\u00f4ler le mouvement lat\u00e9ral.<\/p>\n<p>Le ressort Marsh Mellow en tissu et caoutchouc r\u00e9sout ce probl\u00e8me fondamental et offre une solution nouvelle et unique pour exploiter les nombreux avantages du caoutchouc comme isolant. La construction de base du ressort Marsh Mellow comprend un noyau en caoutchouc plein avec un centre creux et un corps renforc\u00e9 en tissu. Les variables contr\u00f4lables de cette construction sont la cl\u00e9 de l&#8217;extr\u00eame flexibilit\u00e9 de conception offerte par le ressort.<\/p>\n<p>Isolation constante des vibrations, quelles que soient les charges<\/p>\n<p>Avantages\u00a0:<\/p>\n<ul>\n<li>Capacit\u00e9 de charge \u00e9lev\u00e9e<\/li>\n<li>Excellente isolation des vibrations<\/li>\n<li>Isolation des vibrations lat\u00e9rales<\/li>\n<li>Dimensions compactes<\/li>\n<li>R\u00e9sistant \u00e0 la corrosion<\/li>\n<li>Ne s&#8217;affaisse pas<\/li>\n<li>\u00c9limine les temps d&#8217;arr\u00eat et les dommages potentiels aux machines<\/li>\n<li>R\u00e9duction efficace du bruit<\/li>\n<li>Faible co\u00fbt<\/li>\n<li>Sans entretien<\/li>\n<\/ul>\n","protected":false},"excerpt":{"rendered":"<p>Marsh Mellow\u2122 est le nom commercial du ressort en tissu et caoutchouc d\u00e9velopp\u00e9 par Firestone Industrial Products au d\u00e9but des ann\u00e9es 1970. Les ressorts en caoutchouc suscitent depuis longtemps l&#8217;int\u00e9r\u00eat des suspensions automobiles et des applications industrielles en raison de leur fiabilit\u00e9, de leur r\u00e9sistance \u00e0 la corrosion, de leur faible co\u00fbt et de leur [&hellip;]<\/p>\n","protected":false},"featured_media":13604,"comment_status":"closed","ping_status":"closed","template":"","meta":[],"product_brand":[1259],"product_cat":[1246],"product_tag":[],"class_list":{"0":"post-6979","1":"product","2":"type-product","3":"status-publish","4":"has-post-thumbnail","6":"product_brand-enidine","7":"product_cat-isolateurs-de-vibrations-en-caoutchouc","9":"first","10":"instock","11":"shipping-taxable","12":"product-type-simple"},"yoast_head":"<!-- This site is optimized with the Yoast SEO plugin v27.5 - https:\/\/yoast.com\/product\/yoast-seo-wordpress\/ -->\n<title>Marsh Mellow\u2122 - Isolateur de vibrations en caoutchouc renforc\u00e9 - LDA Belgique<\/title>\n<meta name=\"robots\" content=\"index, follow, max-snippet:-1, max-image-preview:large, max-video-preview:-1\" \/>\n<link rel=\"canonical\" href=\"https:\/\/lda.be\/fr\/produit\/marsh-mellow-isolateur-de-vibrations-en-caoutchouc-renforce\/\" \/>\n<meta property=\"og:locale\" content=\"fr_FR\" \/>\n<meta property=\"og:type\" content=\"article\" \/>\n<meta property=\"og:title\" content=\"Marsh Mellow\u2122 - Isolateur de vibrations en caoutchouc renforc\u00e9 - LDA Belgique\" \/>\n<meta property=\"og:description\" content=\"Marsh Mellow\u2122 est le nom commercial du ressort en tissu et caoutchouc d\u00e9velopp\u00e9 par Firestone Industrial Products au d\u00e9but des ann\u00e9es 1970. Les ressorts en caoutchouc suscitent depuis longtemps l&#8217;int\u00e9r\u00eat des suspensions automobiles et des applications industrielles en raison de leur fiabilit\u00e9, de leur r\u00e9sistance \u00e0 la corrosion, de leur faible co\u00fbt et de leur [&hellip;]\" \/>\n<meta property=\"og:url\" content=\"https:\/\/lda.be\/fr\/produit\/marsh-mellow-isolateur-de-vibrations-en-caoutchouc-renforce\/\" \/>\n<meta property=\"og:site_name\" content=\"LDA Belgique\" \/>\n<meta property=\"article:modified_time\" content=\"2025-04-23T15:29:21+00:00\" \/>\n<meta property=\"og:image\" content=\"https:\/\/lda.be\/wp-content\/uploads\/2025\/04\/Marsh-Mellows-product.webp\" \/>\n\t<meta property=\"og:image:width\" content=\"1080\" \/>\n\t<meta property=\"og:image:height\" content=\"1080\" \/>\n\t<meta property=\"og:image:type\" content=\"image\/webp\" \/>\n<meta name=\"twitter:card\" content=\"summary_large_image\" \/>\n<meta name=\"twitter:label1\" content=\"Dur\u00e9e de lecture estim\u00e9e\" \/>\n\t<meta name=\"twitter:data1\" content=\"2 minutes\" \/>\n<script type=\"application\/ld+json\" class=\"yoast-schema-graph\">{\"@context\":\"https:\\\/\\\/schema.org\",\"@graph\":[{\"@type\":\"WebPage\",\"@id\":\"https:\\\/\\\/lda.be\\\/fr\\\/produit\\\/marsh-mellow-isolateur-de-vibrations-en-caoutchouc-renforce\\\/\",\"url\":\"https:\\\/\\\/lda.be\\\/fr\\\/produit\\\/marsh-mellow-isolateur-de-vibrations-en-caoutchouc-renforce\\\/\",\"name\":\"Marsh Mellow\u2122 - Isolateur de vibrations en caoutchouc renforc\u00e9 - LDA Belgique\",\"isPartOf\":{\"@id\":\"https:\\\/\\\/lda.be\\\/fr\\\/#website\"},\"primaryImageOfPage\":{\"@id\":\"https:\\\/\\\/lda.be\\\/fr\\\/produit\\\/marsh-mellow-isolateur-de-vibrations-en-caoutchouc-renforce\\\/#primaryimage\"},\"image\":{\"@id\":\"https:\\\/\\\/lda.be\\\/fr\\\/produit\\\/marsh-mellow-isolateur-de-vibrations-en-caoutchouc-renforce\\\/#primaryimage\"},\"thumbnailUrl\":\"https:\\\/\\\/lda.be\\\/wp-content\\\/uploads\\\/2025\\\/04\\\/Marsh-Mellows-product.webp\",\"datePublished\":\"2025-04-23T15:21:08+00:00\",\"dateModified\":\"2025-04-23T15:29:21+00:00\",\"breadcrumb\":{\"@id\":\"https:\\\/\\\/lda.be\\\/fr\\\/produit\\\/marsh-mellow-isolateur-de-vibrations-en-caoutchouc-renforce\\\/#breadcrumb\"},\"inLanguage\":\"fr-FR\",\"potentialAction\":[{\"@type\":\"ReadAction\",\"target\":[\"https:\\\/\\\/lda.be\\\/fr\\\/produit\\\/marsh-mellow-isolateur-de-vibrations-en-caoutchouc-renforce\\\/\"]}]},{\"@type\":\"ImageObject\",\"inLanguage\":\"fr-FR\",\"@id\":\"https:\\\/\\\/lda.be\\\/fr\\\/produit\\\/marsh-mellow-isolateur-de-vibrations-en-caoutchouc-renforce\\\/#primaryimage\",\"url\":\"https:\\\/\\\/lda.be\\\/wp-content\\\/uploads\\\/2025\\\/04\\\/Marsh-Mellows-product.webp\",\"contentUrl\":\"https:\\\/\\\/lda.be\\\/wp-content\\\/uploads\\\/2025\\\/04\\\/Marsh-Mellows-product.webp\",\"width\":1080,\"height\":1080,\"caption\":\"Marsh Mellows product van Firestone\"},{\"@type\":\"BreadcrumbList\",\"@id\":\"https:\\\/\\\/lda.be\\\/fr\\\/produit\\\/marsh-mellow-isolateur-de-vibrations-en-caoutchouc-renforce\\\/#breadcrumb\",\"itemListElement\":[{\"@type\":\"ListItem\",\"position\":1,\"name\":\"Accueil\",\"item\":\"https:\\\/\\\/lda.be\\\/fr\\\/\"},{\"@type\":\"ListItem\",\"position\":2,\"name\":\"Produits\",\"item\":\"https:\\\/\\\/lda.be\\\/fr\\\/produits\\\/\"},{\"@type\":\"ListItem\",\"position\":3,\"name\":\"Marsh Mellow\u2122 &#8211; Isolateur de vibrations en caoutchouc renforc\u00e9\"}]},{\"@type\":\"WebSite\",\"@id\":\"https:\\\/\\\/lda.be\\\/fr\\\/#website\",\"url\":\"https:\\\/\\\/lda.be\\\/fr\\\/\",\"name\":\"LDA Belgium\",\"description\":\"Solutions For Life\",\"publisher\":{\"@id\":\"https:\\\/\\\/lda.be\\\/fr\\\/#organization\"},\"potentialAction\":[{\"@type\":\"SearchAction\",\"target\":{\"@type\":\"EntryPoint\",\"urlTemplate\":\"https:\\\/\\\/lda.be\\\/fr\\\/?s={search_term_string}\"},\"query-input\":{\"@type\":\"PropertyValueSpecification\",\"valueRequired\":true,\"valueName\":\"search_term_string\"}}],\"inLanguage\":\"fr-FR\"},{\"@type\":\"Organization\",\"@id\":\"https:\\\/\\\/lda.be\\\/fr\\\/#organization\",\"name\":\"LDA Belgium\",\"url\":\"https:\\\/\\\/lda.be\\\/fr\\\/\",\"logo\":{\"@type\":\"ImageObject\",\"inLanguage\":\"fr-FR\",\"@id\":\"https:\\\/\\\/lda.be\\\/fr\\\/#\\\/schema\\\/logo\\\/image\\\/\",\"url\":\"https:\\\/\\\/lda.be\\\/wp-content\\\/uploads\\\/2022\\\/07\\\/Logo-LDA.webp\",\"contentUrl\":\"https:\\\/\\\/lda.be\\\/wp-content\\\/uploads\\\/2022\\\/07\\\/Logo-LDA.webp\",\"width\":311,\"height\":101,\"caption\":\"LDA Belgium\"},\"image\":{\"@id\":\"https:\\\/\\\/lda.be\\\/fr\\\/#\\\/schema\\\/logo\\\/image\\\/\"},\"sameAs\":[\"https:\\\/\\\/www.linkedin.com\\\/company\\\/lda-belgium-nv\"]}]}<\/script>\n<!-- \/ Yoast SEO plugin. -->","yoast_head_json":{"title":"Marsh Mellow\u2122 - Isolateur de vibrations en caoutchouc renforc\u00e9 - LDA Belgique","robots":{"index":"index","follow":"follow","max-snippet":"max-snippet:-1","max-image-preview":"max-image-preview:large","max-video-preview":"max-video-preview:-1"},"canonical":"https:\/\/lda.be\/fr\/produit\/marsh-mellow-isolateur-de-vibrations-en-caoutchouc-renforce\/","og_locale":"fr_FR","og_type":"article","og_title":"Marsh Mellow\u2122 - Isolateur de vibrations en caoutchouc renforc\u00e9 - LDA Belgique","og_description":"Marsh Mellow\u2122 est le nom commercial du ressort en tissu et caoutchouc d\u00e9velopp\u00e9 par Firestone Industrial Products au d\u00e9but des ann\u00e9es 1970. Les ressorts en caoutchouc suscitent depuis longtemps l&#8217;int\u00e9r\u00eat des suspensions automobiles et des applications industrielles en raison de leur fiabilit\u00e9, de leur r\u00e9sistance \u00e0 la corrosion, de leur faible co\u00fbt et de leur [&hellip;]","og_url":"https:\/\/lda.be\/fr\/produit\/marsh-mellow-isolateur-de-vibrations-en-caoutchouc-renforce\/","og_site_name":"LDA Belgique","article_modified_time":"2025-04-23T15:29:21+00:00","og_image":[{"width":1080,"height":1080,"url":"https:\/\/lda.be\/wp-content\/uploads\/2025\/04\/Marsh-Mellows-product.webp","type":"image\/webp"}],"twitter_card":"summary_large_image","twitter_misc":{"Dur\u00e9e de lecture estim\u00e9e":"2 minutes"},"schema":{"@context":"https:\/\/schema.org","@graph":[{"@type":"WebPage","@id":"https:\/\/lda.be\/fr\/produit\/marsh-mellow-isolateur-de-vibrations-en-caoutchouc-renforce\/","url":"https:\/\/lda.be\/fr\/produit\/marsh-mellow-isolateur-de-vibrations-en-caoutchouc-renforce\/","name":"Marsh Mellow\u2122 - Isolateur de vibrations en caoutchouc renforc\u00e9 - LDA Belgique","isPartOf":{"@id":"https:\/\/lda.be\/fr\/#website"},"primaryImageOfPage":{"@id":"https:\/\/lda.be\/fr\/produit\/marsh-mellow-isolateur-de-vibrations-en-caoutchouc-renforce\/#primaryimage"},"image":{"@id":"https:\/\/lda.be\/fr\/produit\/marsh-mellow-isolateur-de-vibrations-en-caoutchouc-renforce\/#primaryimage"},"thumbnailUrl":"https:\/\/lda.be\/wp-content\/uploads\/2025\/04\/Marsh-Mellows-product.webp","datePublished":"2025-04-23T15:21:08+00:00","dateModified":"2025-04-23T15:29:21+00:00","breadcrumb":{"@id":"https:\/\/lda.be\/fr\/produit\/marsh-mellow-isolateur-de-vibrations-en-caoutchouc-renforce\/#breadcrumb"},"inLanguage":"fr-FR","potentialAction":[{"@type":"ReadAction","target":["https:\/\/lda.be\/fr\/produit\/marsh-mellow-isolateur-de-vibrations-en-caoutchouc-renforce\/"]}]},{"@type":"ImageObject","inLanguage":"fr-FR","@id":"https:\/\/lda.be\/fr\/produit\/marsh-mellow-isolateur-de-vibrations-en-caoutchouc-renforce\/#primaryimage","url":"https:\/\/lda.be\/wp-content\/uploads\/2025\/04\/Marsh-Mellows-product.webp","contentUrl":"https:\/\/lda.be\/wp-content\/uploads\/2025\/04\/Marsh-Mellows-product.webp","width":1080,"height":1080,"caption":"Marsh Mellows product van Firestone"},{"@type":"BreadcrumbList","@id":"https:\/\/lda.be\/fr\/produit\/marsh-mellow-isolateur-de-vibrations-en-caoutchouc-renforce\/#breadcrumb","itemListElement":[{"@type":"ListItem","position":1,"name":"Accueil","item":"https:\/\/lda.be\/fr\/"},{"@type":"ListItem","position":2,"name":"Produits","item":"https:\/\/lda.be\/fr\/produits\/"},{"@type":"ListItem","position":3,"name":"Marsh Mellow\u2122 &#8211; Isolateur de vibrations en caoutchouc renforc\u00e9"}]},{"@type":"WebSite","@id":"https:\/\/lda.be\/fr\/#website","url":"https:\/\/lda.be\/fr\/","name":"LDA Belgium","description":"Solutions For Life","publisher":{"@id":"https:\/\/lda.be\/fr\/#organization"},"potentialAction":[{"@type":"SearchAction","target":{"@type":"EntryPoint","urlTemplate":"https:\/\/lda.be\/fr\/?s={search_term_string}"},"query-input":{"@type":"PropertyValueSpecification","valueRequired":true,"valueName":"search_term_string"}}],"inLanguage":"fr-FR"},{"@type":"Organization","@id":"https:\/\/lda.be\/fr\/#organization","name":"LDA Belgium","url":"https:\/\/lda.be\/fr\/","logo":{"@type":"ImageObject","inLanguage":"fr-FR","@id":"https:\/\/lda.be\/fr\/#\/schema\/logo\/image\/","url":"https:\/\/lda.be\/wp-content\/uploads\/2022\/07\/Logo-LDA.webp","contentUrl":"https:\/\/lda.be\/wp-content\/uploads\/2022\/07\/Logo-LDA.webp","width":311,"height":101,"caption":"LDA Belgium"},"image":{"@id":"https:\/\/lda.be\/fr\/#\/schema\/logo\/image\/"},"sameAs":["https:\/\/www.linkedin.com\/company\/lda-belgium-nv"]}]}},"_links":{"self":[{"href":"https:\/\/lda.be\/fr\/wp-json\/wp\/v2\/product\/6979","targetHints":{"allow":["GET"]}}],"collection":[{"href":"https:\/\/lda.be\/fr\/wp-json\/wp\/v2\/product"}],"about":[{"href":"https:\/\/lda.be\/fr\/wp-json\/wp\/v2\/types\/product"}],"replies":[{"embeddable":true,"href":"https:\/\/lda.be\/fr\/wp-json\/wp\/v2\/comments?post=6979"}],"wp:featuredmedia":[{"embeddable":true,"href":"https:\/\/lda.be\/fr\/wp-json\/wp\/v2\/media\/13604"}],"wp:attachment":[{"href":"https:\/\/lda.be\/fr\/wp-json\/wp\/v2\/media?parent=6979"}],"wp:term":[{"taxonomy":"product_brand","embeddable":true,"href":"https:\/\/lda.be\/fr\/wp-json\/wp\/v2\/product_brand?post=6979"},{"taxonomy":"product_cat","embeddable":true,"href":"https:\/\/lda.be\/fr\/wp-json\/wp\/v2\/product_cat?post=6979"},{"taxonomy":"product_tag","embeddable":true,"href":"https:\/\/lda.be\/fr\/wp-json\/wp\/v2\/product_tag?post=6979"}],"curies":[{"name":"wp","href":"https:\/\/api.w.org\/{rel}","templated":true}]}}