{"id":6982,"date":"2025-04-23T16:36:12","date_gmt":"2025-04-23T15:36:12","guid":{"rendered":"https:\/\/lda.be\/?post_type=product&#038;p=6982"},"modified":"2025-10-15T09:01:02","modified_gmt":"2025-10-15T08:01:02","slug":"airmount-isolateur-de-vibrations-a-soufflet-simple","status":"publish","type":"product","link":"https:\/\/lda.be\/fr\/produit\/airmount-isolateur-de-vibrations-a-soufflet-simple\/","title":{"rendered":"Airmount\u2122 &#8211; Isolateur de vibrations \u00e0 soufflet simple"},"content":{"rendered":"<p>Firestone a d\u00e9velopp\u00e9 le ressort pneumatique \u00e0 la fin des ann\u00e9es 1930 pour optimiser l&#8217;absorption des vibrations dans les suspensions automobiles. Les coussins d&#8217;air Airide\u2122, comme on les appelait alors, permettaient de r\u00e9duire les chocs et les vibrations transmis de la route au v\u00e9hicule. Des millions de kilom\u00e8tres d&#8217;utilisation r\u00e9elle ont prouv\u00e9 la fiabilit\u00e9 et l&#8217;efficacit\u00e9 du concept de suspension pneumatique par les coussins d&#8217;air Airide\u2122 de Firestone.<\/p>\n<p>Les actionneurs Airstroke\u2122, les isolateurs Airmount\u2122 et les coussins d&#8217;air Airide\u2122 sont des marques d\u00e9pos\u00e9es de Firestone pour un seul produit\u00a0: le coussins d&#8217;air.<\/p>\n<p>L&#8217;utilisation du coussins d&#8217;air pneumatique (actionneur, isolateur industriel et isolateur de v\u00e9hicule respectivement) d\u00e9termine son nom.<\/p>\n<p>Tous les composants de ce catalogue peuvent \u00eatre utilis\u00e9s comme v\u00e9rins Airstroke (sauf 1X84D-1) ou isolateurs de vibrations Airmount, \u00e0 deux exceptions pr\u00e8s\u00a0: les le coussins d&#8217;air pneumatiques triple soufflets et r\u00e9versibles (sauf 1M1A) ne doivent pas \u00eatre utilis\u00e9s comme isolateurs de vibrations Airmount sans consulter Firestone.<\/p>\n<p>Les v\u00e9rins Airstroke et les de vibrations Airmount peuvent g\u00e9n\u00e9rer une force ou supporter une charge jusqu&#8217;\u00e0 450\u00a0kN et une course maximale de 355\u00a0mm est possible. Les caract\u00e9ristiques de fonctionnement d\u00e9taill\u00e9es de nombreux ressorts pneumatiques Firestone standard, ainsi que les d\u00e9tails techniques et les proc\u00e9dures d&#8217;utilisation de ces produits, sont fournis dans le manuel technique.<\/p>\n<p>AVANTAGES DES ISOLATEURS coussins d&#8217;air FIRESTONE AIRMOUNT\u2122\u00a0:<\/p>\n<ul>\n<li>Performances d&#8217;isolation in\u00e9gal\u00e9es<\/li>\n<li>Efficacit\u00e9 d&#8217;isolation constante<\/li>\n<li>Contr\u00f4le pr\u00e9cis de la hauteur<\/li>\n<li>Large gamme de dimensions<\/li>\n<li>Hauteur d&#8217;installation compacte<\/li>\n<li>Dur\u00e9e de vie prolong\u00e9e de l&#8217;\u00e9quipement<\/li>\n<li>R\u00e9duction efficace du bruit<\/li>\n<li>Polyvalent<\/li>\n<\/ul>\n","protected":false},"excerpt":{"rendered":"<p>Firestone a d\u00e9velopp\u00e9 le ressort pneumatique \u00e0 la fin des ann\u00e9es 1930 pour optimiser l&#8217;absorption des vibrations dans les suspensions automobiles. Les coussins d&#8217;air Airide\u2122, comme on les appelait alors, permettaient de r\u00e9duire les chocs et les vibrations transmis de la route au v\u00e9hicule. Des millions de kilom\u00e8tres d&#8217;utilisation r\u00e9elle ont prouv\u00e9 la fiabilit\u00e9 et [&hellip;]<\/p>\n","protected":false},"featured_media":6964,"comment_status":"closed","ping_status":"closed","template":"","meta":[],"product_brand":[1278],"product_cat":[1238],"product_tag":[],"class_list":{"0":"post-6982","1":"product","2":"type-product","3":"status-publish","4":"has-post-thumbnail","6":"product_brand-firestone","7":"product_cat-isolateurs-de-vibrations-a-air","9":"first","10":"instock","11":"shipping-taxable","12":"product-type-simple"},"yoast_head":"<!-- This site is optimized with the Yoast SEO plugin v27.5 - https:\/\/yoast.com\/product\/yoast-seo-wordpress\/ -->\n<title>Airmount\u2122 - Isolateur de vibrations \u00e0 soufflet simple - LDA Belgique<\/title>\n<meta name=\"description\" content=\"Les isolateurs \u00e0 ressort pneumatique \u00e0 simple convolut Firestone Airmount\u2122, comme on les appelait, permettaient \u00e0 la suspension de r\u00e9duire les chocs et les vibrations transmis au v\u00e9hicule par la route.\" \/>\n<meta name=\"robots\" content=\"index, follow, max-snippet:-1, max-image-preview:large, max-video-preview:-1\" \/>\n<link rel=\"canonical\" href=\"https:\/\/lda.be\/fr\/produit\/airmount-isolateur-de-vibrations-a-soufflet-simple\/\" \/>\n<meta property=\"og:locale\" content=\"fr_FR\" \/>\n<meta property=\"og:type\" content=\"article\" \/>\n<meta property=\"og:title\" content=\"Airmount\u2122 - Isolateur de vibrations \u00e0 soufflet simple - LDA Belgique\" \/>\n<meta property=\"og:description\" content=\"Les isolateurs \u00e0 ressort pneumatique \u00e0 simple convolut Firestone Airmount\u2122, comme on les appelait, permettaient \u00e0 la suspension de r\u00e9duire les chocs et les vibrations transmis au v\u00e9hicule par la route.\" \/>\n<meta property=\"og:url\" content=\"https:\/\/lda.be\/fr\/produit\/airmount-isolateur-de-vibrations-a-soufflet-simple\/\" \/>\n<meta property=\"og:site_name\" content=\"LDA Belgique\" \/>\n<meta property=\"article:modified_time\" content=\"2025-10-15T08:01:02+00:00\" \/>\n<meta property=\"og:image\" content=\"https:\/\/lda.be\/wp-content\/uploads\/2025\/04\/Airmount_single.webp\" \/>\n\t<meta property=\"og:image:width\" content=\"720\" \/>\n\t<meta property=\"og:image:height\" content=\"720\" \/>\n\t<meta property=\"og:image:type\" content=\"image\/webp\" \/>\n<meta name=\"twitter:card\" content=\"summary_large_image\" \/>\n<meta name=\"twitter:label1\" content=\"Dur\u00e9e de lecture estim\u00e9e\" \/>\n\t<meta name=\"twitter:data1\" content=\"2 minutes\" \/>\n<script type=\"application\/ld+json\" class=\"yoast-schema-graph\">{\"@context\":\"https:\\\/\\\/schema.org\",\"@graph\":[{\"@type\":\"WebPage\",\"@id\":\"https:\\\/\\\/lda.be\\\/fr\\\/produit\\\/airmount-isolateur-de-vibrations-a-soufflet-simple\\\/\",\"url\":\"https:\\\/\\\/lda.be\\\/fr\\\/produit\\\/airmount-isolateur-de-vibrations-a-soufflet-simple\\\/\",\"name\":\"Airmount\u2122 - Isolateur de vibrations \u00e0 soufflet simple - LDA Belgique\",\"isPartOf\":{\"@id\":\"https:\\\/\\\/lda.be\\\/fr\\\/#website\"},\"primaryImageOfPage\":{\"@id\":\"https:\\\/\\\/lda.be\\\/fr\\\/produit\\\/airmount-isolateur-de-vibrations-a-soufflet-simple\\\/#primaryimage\"},\"image\":{\"@id\":\"https:\\\/\\\/lda.be\\\/fr\\\/produit\\\/airmount-isolateur-de-vibrations-a-soufflet-simple\\\/#primaryimage\"},\"thumbnailUrl\":\"https:\\\/\\\/lda.be\\\/wp-content\\\/uploads\\\/2025\\\/04\\\/Airmount_single.webp\",\"datePublished\":\"2025-04-23T15:36:12+00:00\",\"dateModified\":\"2025-10-15T08:01:02+00:00\",\"description\":\"Les isolateurs \u00e0 ressort pneumatique \u00e0 simple convolut Firestone Airmount\u2122, comme on les appelait, permettaient \u00e0 la suspension de r\u00e9duire les chocs et les vibrations transmis au v\u00e9hicule par la route.\",\"breadcrumb\":{\"@id\":\"https:\\\/\\\/lda.be\\\/fr\\\/produit\\\/airmount-isolateur-de-vibrations-a-soufflet-simple\\\/#breadcrumb\"},\"inLanguage\":\"fr-FR\",\"potentialAction\":[{\"@type\":\"ReadAction\",\"target\":[\"https:\\\/\\\/lda.be\\\/fr\\\/produit\\\/airmount-isolateur-de-vibrations-a-soufflet-simple\\\/\"]}]},{\"@type\":\"ImageObject\",\"inLanguage\":\"fr-FR\",\"@id\":\"https:\\\/\\\/lda.be\\\/fr\\\/produit\\\/airmount-isolateur-de-vibrations-a-soufflet-simple\\\/#primaryimage\",\"url\":\"https:\\\/\\\/lda.be\\\/wp-content\\\/uploads\\\/2025\\\/04\\\/Airmount_single.webp\",\"contentUrl\":\"https:\\\/\\\/lda.be\\\/wp-content\\\/uploads\\\/2025\\\/04\\\/Airmount_single.webp\",\"width\":720,\"height\":720},{\"@type\":\"BreadcrumbList\",\"@id\":\"https:\\\/\\\/lda.be\\\/fr\\\/produit\\\/airmount-isolateur-de-vibrations-a-soufflet-simple\\\/#breadcrumb\",\"itemListElement\":[{\"@type\":\"ListItem\",\"position\":1,\"name\":\"Accueil\",\"item\":\"https:\\\/\\\/lda.be\\\/fr\\\/\"},{\"@type\":\"ListItem\",\"position\":2,\"name\":\"Produits\",\"item\":\"https:\\\/\\\/lda.be\\\/fr\\\/produits\\\/\"},{\"@type\":\"ListItem\",\"position\":3,\"name\":\"Airmount\u2122 &#8211; Isolateur de vibrations \u00e0 soufflet simple\"}]},{\"@type\":\"WebSite\",\"@id\":\"https:\\\/\\\/lda.be\\\/fr\\\/#website\",\"url\":\"https:\\\/\\\/lda.be\\\/fr\\\/\",\"name\":\"LDA Belgium\",\"description\":\"Solutions For Life\",\"publisher\":{\"@id\":\"https:\\\/\\\/lda.be\\\/fr\\\/#organization\"},\"potentialAction\":[{\"@type\":\"SearchAction\",\"target\":{\"@type\":\"EntryPoint\",\"urlTemplate\":\"https:\\\/\\\/lda.be\\\/fr\\\/?s={search_term_string}\"},\"query-input\":{\"@type\":\"PropertyValueSpecification\",\"valueRequired\":true,\"valueName\":\"search_term_string\"}}],\"inLanguage\":\"fr-FR\"},{\"@type\":\"Organization\",\"@id\":\"https:\\\/\\\/lda.be\\\/fr\\\/#organization\",\"name\":\"LDA Belgium\",\"url\":\"https:\\\/\\\/lda.be\\\/fr\\\/\",\"logo\":{\"@type\":\"ImageObject\",\"inLanguage\":\"fr-FR\",\"@id\":\"https:\\\/\\\/lda.be\\\/fr\\\/#\\\/schema\\\/logo\\\/image\\\/\",\"url\":\"https:\\\/\\\/lda.be\\\/wp-content\\\/uploads\\\/2022\\\/07\\\/Logo-LDA.webp\",\"contentUrl\":\"https:\\\/\\\/lda.be\\\/wp-content\\\/uploads\\\/2022\\\/07\\\/Logo-LDA.webp\",\"width\":311,\"height\":101,\"caption\":\"LDA Belgium\"},\"image\":{\"@id\":\"https:\\\/\\\/lda.be\\\/fr\\\/#\\\/schema\\\/logo\\\/image\\\/\"},\"sameAs\":[\"https:\\\/\\\/www.linkedin.com\\\/company\\\/lda-belgium-nv\"]}]}<\/script>\n<!-- \/ Yoast SEO plugin. -->","yoast_head_json":{"title":"Airmount\u2122 - Isolateur de vibrations \u00e0 soufflet simple - LDA Belgique","description":"Les isolateurs \u00e0 ressort pneumatique \u00e0 simple convolut Firestone Airmount\u2122, comme on les appelait, permettaient \u00e0 la suspension de r\u00e9duire les chocs et les vibrations transmis au v\u00e9hicule par la route.","robots":{"index":"index","follow":"follow","max-snippet":"max-snippet:-1","max-image-preview":"max-image-preview:large","max-video-preview":"max-video-preview:-1"},"canonical":"https:\/\/lda.be\/fr\/produit\/airmount-isolateur-de-vibrations-a-soufflet-simple\/","og_locale":"fr_FR","og_type":"article","og_title":"Airmount\u2122 - Isolateur de vibrations \u00e0 soufflet simple - LDA Belgique","og_description":"Les isolateurs \u00e0 ressort pneumatique \u00e0 simple convolut Firestone Airmount\u2122, comme on les appelait, permettaient \u00e0 la suspension de r\u00e9duire les chocs et les vibrations transmis au v\u00e9hicule par la route.","og_url":"https:\/\/lda.be\/fr\/produit\/airmount-isolateur-de-vibrations-a-soufflet-simple\/","og_site_name":"LDA Belgique","article_modified_time":"2025-10-15T08:01:02+00:00","og_image":[{"width":720,"height":720,"url":"https:\/\/lda.be\/wp-content\/uploads\/2025\/04\/Airmount_single.webp","type":"image\/webp"}],"twitter_card":"summary_large_image","twitter_misc":{"Dur\u00e9e de lecture estim\u00e9e":"2 minutes"},"schema":{"@context":"https:\/\/schema.org","@graph":[{"@type":"WebPage","@id":"https:\/\/lda.be\/fr\/produit\/airmount-isolateur-de-vibrations-a-soufflet-simple\/","url":"https:\/\/lda.be\/fr\/produit\/airmount-isolateur-de-vibrations-a-soufflet-simple\/","name":"Airmount\u2122 - Isolateur de vibrations \u00e0 soufflet simple - LDA Belgique","isPartOf":{"@id":"https:\/\/lda.be\/fr\/#website"},"primaryImageOfPage":{"@id":"https:\/\/lda.be\/fr\/produit\/airmount-isolateur-de-vibrations-a-soufflet-simple\/#primaryimage"},"image":{"@id":"https:\/\/lda.be\/fr\/produit\/airmount-isolateur-de-vibrations-a-soufflet-simple\/#primaryimage"},"thumbnailUrl":"https:\/\/lda.be\/wp-content\/uploads\/2025\/04\/Airmount_single.webp","datePublished":"2025-04-23T15:36:12+00:00","dateModified":"2025-10-15T08:01:02+00:00","description":"Les isolateurs \u00e0 ressort pneumatique \u00e0 simple convolut Firestone Airmount\u2122, comme on les appelait, permettaient \u00e0 la suspension de r\u00e9duire les chocs et les vibrations transmis au v\u00e9hicule par la route.","breadcrumb":{"@id":"https:\/\/lda.be\/fr\/produit\/airmount-isolateur-de-vibrations-a-soufflet-simple\/#breadcrumb"},"inLanguage":"fr-FR","potentialAction":[{"@type":"ReadAction","target":["https:\/\/lda.be\/fr\/produit\/airmount-isolateur-de-vibrations-a-soufflet-simple\/"]}]},{"@type":"ImageObject","inLanguage":"fr-FR","@id":"https:\/\/lda.be\/fr\/produit\/airmount-isolateur-de-vibrations-a-soufflet-simple\/#primaryimage","url":"https:\/\/lda.be\/wp-content\/uploads\/2025\/04\/Airmount_single.webp","contentUrl":"https:\/\/lda.be\/wp-content\/uploads\/2025\/04\/Airmount_single.webp","width":720,"height":720},{"@type":"BreadcrumbList","@id":"https:\/\/lda.be\/fr\/produit\/airmount-isolateur-de-vibrations-a-soufflet-simple\/#breadcrumb","itemListElement":[{"@type":"ListItem","position":1,"name":"Accueil","item":"https:\/\/lda.be\/fr\/"},{"@type":"ListItem","position":2,"name":"Produits","item":"https:\/\/lda.be\/fr\/produits\/"},{"@type":"ListItem","position":3,"name":"Airmount\u2122 &#8211; Isolateur de vibrations \u00e0 soufflet simple"}]},{"@type":"WebSite","@id":"https:\/\/lda.be\/fr\/#website","url":"https:\/\/lda.be\/fr\/","name":"LDA Belgium","description":"Solutions For Life","publisher":{"@id":"https:\/\/lda.be\/fr\/#organization"},"potentialAction":[{"@type":"SearchAction","target":{"@type":"EntryPoint","urlTemplate":"https:\/\/lda.be\/fr\/?s={search_term_string}"},"query-input":{"@type":"PropertyValueSpecification","valueRequired":true,"valueName":"search_term_string"}}],"inLanguage":"fr-FR"},{"@type":"Organization","@id":"https:\/\/lda.be\/fr\/#organization","name":"LDA Belgium","url":"https:\/\/lda.be\/fr\/","logo":{"@type":"ImageObject","inLanguage":"fr-FR","@id":"https:\/\/lda.be\/fr\/#\/schema\/logo\/image\/","url":"https:\/\/lda.be\/wp-content\/uploads\/2022\/07\/Logo-LDA.webp","contentUrl":"https:\/\/lda.be\/wp-content\/uploads\/2022\/07\/Logo-LDA.webp","width":311,"height":101,"caption":"LDA Belgium"},"image":{"@id":"https:\/\/lda.be\/fr\/#\/schema\/logo\/image\/"},"sameAs":["https:\/\/www.linkedin.com\/company\/lda-belgium-nv"]}]}},"_links":{"self":[{"href":"https:\/\/lda.be\/fr\/wp-json\/wp\/v2\/product\/6982","targetHints":{"allow":["GET"]}}],"collection":[{"href":"https:\/\/lda.be\/fr\/wp-json\/wp\/v2\/product"}],"about":[{"href":"https:\/\/lda.be\/fr\/wp-json\/wp\/v2\/types\/product"}],"replies":[{"embeddable":true,"href":"https:\/\/lda.be\/fr\/wp-json\/wp\/v2\/comments?post=6982"}],"wp:featuredmedia":[{"embeddable":true,"href":"https:\/\/lda.be\/fr\/wp-json\/wp\/v2\/media\/6964"}],"wp:attachment":[{"href":"https:\/\/lda.be\/fr\/wp-json\/wp\/v2\/media?parent=6982"}],"wp:term":[{"taxonomy":"product_brand","embeddable":true,"href":"https:\/\/lda.be\/fr\/wp-json\/wp\/v2\/product_brand?post=6982"},{"taxonomy":"product_cat","embeddable":true,"href":"https:\/\/lda.be\/fr\/wp-json\/wp\/v2\/product_cat?post=6982"},{"taxonomy":"product_tag","embeddable":true,"href":"https:\/\/lda.be\/fr\/wp-json\/wp\/v2\/product_tag?post=6982"}],"curies":[{"name":"wp","href":"https:\/\/api.w.org\/{rel}","templated":true}]}}