{"id":6988,"date":"2025-04-24T10:17:41","date_gmt":"2025-04-24T09:17:41","guid":{"rendered":"https:\/\/lda.be\/?post_type=product&#038;p=6988"},"modified":"2025-04-24T10:24:51","modified_gmt":"2025-04-24T09:24:51","slug":"isolateurs-a-cables-kopie","status":"publish","type":"product","link":"https:\/\/lda.be\/fr\/produit\/isolateurs-a-cables-kopie\/","title":{"rendered":"Isolateurs des vibrations \u00e0 c\u00e2bles"},"content":{"rendered":"<p><strong>Amortissement des vibrations haute performance<\/strong><\/p>\n<p>Faites confiance \u00e0 Enidine pour les isolateurs \u00e0 c\u00e2bles et les isolateurs \u00e0 c\u00e2bles compacts. Les isolateurs \u00e0 c\u00e2bles sont dot\u00e9s d\u2019un c\u00e2ble en acier inoxydable et de barres de retenue en aluminium conformes RoHS, ce qui offre un excellent isolement des vibrations. Les isolateurs sont r\u00e9sistants \u00e0 la corrosion, ce qui les rend environnementalement stables et performants dans diverses applications. Les isolateurs ne sont pas affect\u00e9s par l\u2019huile, les produits chimiques, les abrasifs, l\u2019ozone et les temp\u00e9ratures extr\u00eames.<\/p>\n<p>Avec de nombreuses options de montage polyvalentes, de motifs de sertissage et de dimensions disponibles, les produits isolateurs h\u00e9lico\u00efdaux peuvent aider vos syst\u00e8mes \u00e0 r\u00e9pondre \u00e0 toutes les exigences en mati\u00e8re d\u2019utilisation industrielle, de d\u00e9fense et commerciale. Enidine s\u2019engage envers la qualit\u00e9 et tous les produits r\u00e9pondent aux normes de l\u2019industrie\u00a0DEF-STND 0755, MIL-STD-810, BV43-44, MIL-STD-167, STANAG-042, MIL-S-901 et MIL-E-5400.<\/p>\n<p>Les isolateurs \u00e0 c\u00e2bles standard et compacts peuvent \u00eatre utilis\u00e9s sur des composants o\u00f9 les moteurs et les ventilateurs produisent des vibrations sur les structures environnantes. Ils peuvent \u00e9galement \u00eatre utilis\u00e9s pour contr\u00f4ler les vibrations et la dilatation thermique.<\/p>\n","protected":false},"excerpt":{"rendered":"<p>Amortissement des vibrations haute performance Faites confiance \u00e0 Enidine pour les isolateurs \u00e0 c\u00e2bles et les isolateurs \u00e0 c\u00e2bles compacts. Les isolateurs \u00e0 c\u00e2bles sont dot\u00e9s d\u2019un c\u00e2ble en acier inoxydable et de barres de retenue en aluminium conformes RoHS, ce qui offre un excellent isolement des vibrations. Les isolateurs sont r\u00e9sistants \u00e0 la corrosion, [&hellip;]<\/p>\n","protected":false},"featured_media":6856,"comment_status":"closed","ping_status":"closed","template":"","meta":[],"product_brand":[1259],"product_cat":[1202,1250],"product_tag":[],"class_list":{"0":"post-6988","1":"product","2":"type-product","3":"status-publish","4":"has-post-thumbnail","6":"product_brand-enidine","7":"product_cat-amortisseurs-de-chocs-a-cable","8":"product_cat-isolateurs-de-vibrations-a-cables","10":"first","11":"instock","12":"shipping-taxable","13":"product-type-simple"},"yoast_head":"<!-- This site is optimized with the Yoast SEO plugin v27.3 - https:\/\/yoast.com\/product\/yoast-seo-wordpress\/ -->\n<title>Isolateurs des vibrations \u00e0 c\u00e2bles - LDA Belgique<\/title>\n<meta name=\"robots\" content=\"index, follow, max-snippet:-1, max-image-preview:large, max-video-preview:-1\" \/>\n<link rel=\"canonical\" href=\"https:\/\/lda.be\/fr\/produit\/isolateurs-a-cables-kopie\/\" \/>\n<meta property=\"og:locale\" content=\"fr_FR\" \/>\n<meta property=\"og:type\" content=\"article\" \/>\n<meta property=\"og:title\" content=\"Isolateurs des vibrations \u00e0 c\u00e2bles - LDA Belgique\" \/>\n<meta property=\"og:description\" content=\"Amortissement des vibrations haute performance Faites confiance \u00e0 Enidine pour les isolateurs \u00e0 c\u00e2bles et les isolateurs \u00e0 c\u00e2bles compacts. Les isolateurs \u00e0 c\u00e2bles sont dot\u00e9s d\u2019un c\u00e2ble en acier inoxydable et de barres de retenue en aluminium conformes RoHS, ce qui offre un excellent isolement des vibrations. Les isolateurs sont r\u00e9sistants \u00e0 la corrosion, [&hellip;]\" \/>\n<meta property=\"og:url\" content=\"https:\/\/lda.be\/fr\/produit\/isolateurs-a-cables-kopie\/\" \/>\n<meta property=\"og:site_name\" content=\"LDA Belgique\" \/>\n<meta property=\"article:modified_time\" content=\"2025-04-24T09:24:51+00:00\" \/>\n<meta property=\"og:image\" content=\"https:\/\/lda.be\/wp-content\/uploads\/2025\/04\/wr.webp\" \/>\n\t<meta property=\"og:image:width\" content=\"720\" \/>\n\t<meta property=\"og:image:height\" content=\"720\" \/>\n\t<meta property=\"og:image:type\" content=\"image\/webp\" \/>\n<meta name=\"twitter:card\" content=\"summary_large_image\" \/>\n<meta name=\"twitter:label1\" content=\"Dur\u00e9e de lecture estim\u00e9e\" \/>\n\t<meta name=\"twitter:data1\" content=\"2 minutes\" \/>\n<script type=\"application\/ld+json\" class=\"yoast-schema-graph\">{\"@context\":\"https:\\\/\\\/schema.org\",\"@graph\":[{\"@type\":\"WebPage\",\"@id\":\"https:\\\/\\\/lda.be\\\/fr\\\/produit\\\/isolateurs-a-cables-kopie\\\/\",\"url\":\"https:\\\/\\\/lda.be\\\/fr\\\/produit\\\/isolateurs-a-cables-kopie\\\/\",\"name\":\"Isolateurs des vibrations \u00e0 c\u00e2bles - LDA Belgique\",\"isPartOf\":{\"@id\":\"https:\\\/\\\/lda.be\\\/fr\\\/#website\"},\"primaryImageOfPage\":{\"@id\":\"https:\\\/\\\/lda.be\\\/fr\\\/produit\\\/isolateurs-a-cables-kopie\\\/#primaryimage\"},\"image\":{\"@id\":\"https:\\\/\\\/lda.be\\\/fr\\\/produit\\\/isolateurs-a-cables-kopie\\\/#primaryimage\"},\"thumbnailUrl\":\"https:\\\/\\\/lda.be\\\/wp-content\\\/uploads\\\/2025\\\/04\\\/wr.webp\",\"datePublished\":\"2025-04-24T09:17:41+00:00\",\"dateModified\":\"2025-04-24T09:24:51+00:00\",\"breadcrumb\":{\"@id\":\"https:\\\/\\\/lda.be\\\/fr\\\/produit\\\/isolateurs-a-cables-kopie\\\/#breadcrumb\"},\"inLanguage\":\"fr-FR\",\"potentialAction\":[{\"@type\":\"ReadAction\",\"target\":[\"https:\\\/\\\/lda.be\\\/fr\\\/produit\\\/isolateurs-a-cables-kopie\\\/\"]}]},{\"@type\":\"ImageObject\",\"inLanguage\":\"fr-FR\",\"@id\":\"https:\\\/\\\/lda.be\\\/fr\\\/produit\\\/isolateurs-a-cables-kopie\\\/#primaryimage\",\"url\":\"https:\\\/\\\/lda.be\\\/wp-content\\\/uploads\\\/2025\\\/04\\\/wr.webp\",\"contentUrl\":\"https:\\\/\\\/lda.be\\\/wp-content\\\/uploads\\\/2025\\\/04\\\/wr.webp\",\"width\":720,\"height\":720},{\"@type\":\"BreadcrumbList\",\"@id\":\"https:\\\/\\\/lda.be\\\/fr\\\/produit\\\/isolateurs-a-cables-kopie\\\/#breadcrumb\",\"itemListElement\":[{\"@type\":\"ListItem\",\"position\":1,\"name\":\"Accueil\",\"item\":\"https:\\\/\\\/lda.be\\\/fr\\\/\"},{\"@type\":\"ListItem\",\"position\":2,\"name\":\"Produits\",\"item\":\"https:\\\/\\\/lda.be\\\/fr\\\/produits\\\/\"},{\"@type\":\"ListItem\",\"position\":3,\"name\":\"Isolateurs des vibrations \u00e0 c\u00e2bles\"}]},{\"@type\":\"WebSite\",\"@id\":\"https:\\\/\\\/lda.be\\\/fr\\\/#website\",\"url\":\"https:\\\/\\\/lda.be\\\/fr\\\/\",\"name\":\"LDA Belgium\",\"description\":\"Solutions For Life\",\"publisher\":{\"@id\":\"https:\\\/\\\/lda.be\\\/fr\\\/#organization\"},\"potentialAction\":[{\"@type\":\"SearchAction\",\"target\":{\"@type\":\"EntryPoint\",\"urlTemplate\":\"https:\\\/\\\/lda.be\\\/fr\\\/?s={search_term_string}\"},\"query-input\":{\"@type\":\"PropertyValueSpecification\",\"valueRequired\":true,\"valueName\":\"search_term_string\"}}],\"inLanguage\":\"fr-FR\"},{\"@type\":\"Organization\",\"@id\":\"https:\\\/\\\/lda.be\\\/fr\\\/#organization\",\"name\":\"LDA Belgium\",\"url\":\"https:\\\/\\\/lda.be\\\/fr\\\/\",\"logo\":{\"@type\":\"ImageObject\",\"inLanguage\":\"fr-FR\",\"@id\":\"https:\\\/\\\/lda.be\\\/fr\\\/#\\\/schema\\\/logo\\\/image\\\/\",\"url\":\"https:\\\/\\\/lda.be\\\/wp-content\\\/uploads\\\/2022\\\/07\\\/Logo-LDA.webp\",\"contentUrl\":\"https:\\\/\\\/lda.be\\\/wp-content\\\/uploads\\\/2022\\\/07\\\/Logo-LDA.webp\",\"width\":311,\"height\":101,\"caption\":\"LDA Belgium\"},\"image\":{\"@id\":\"https:\\\/\\\/lda.be\\\/fr\\\/#\\\/schema\\\/logo\\\/image\\\/\"},\"sameAs\":[\"https:\\\/\\\/www.linkedin.com\\\/company\\\/lda-belgium-nv\"]}]}<\/script>\n<!-- \/ Yoast SEO plugin. -->","yoast_head_json":{"title":"Isolateurs des vibrations \u00e0 c\u00e2bles - LDA Belgique","robots":{"index":"index","follow":"follow","max-snippet":"max-snippet:-1","max-image-preview":"max-image-preview:large","max-video-preview":"max-video-preview:-1"},"canonical":"https:\/\/lda.be\/fr\/produit\/isolateurs-a-cables-kopie\/","og_locale":"fr_FR","og_type":"article","og_title":"Isolateurs des vibrations \u00e0 c\u00e2bles - LDA Belgique","og_description":"Amortissement des vibrations haute performance Faites confiance \u00e0 Enidine pour les isolateurs \u00e0 c\u00e2bles et les isolateurs \u00e0 c\u00e2bles compacts. Les isolateurs \u00e0 c\u00e2bles sont dot\u00e9s d\u2019un c\u00e2ble en acier inoxydable et de barres de retenue en aluminium conformes RoHS, ce qui offre un excellent isolement des vibrations. Les isolateurs sont r\u00e9sistants \u00e0 la corrosion, [&hellip;]","og_url":"https:\/\/lda.be\/fr\/produit\/isolateurs-a-cables-kopie\/","og_site_name":"LDA Belgique","article_modified_time":"2025-04-24T09:24:51+00:00","og_image":[{"width":720,"height":720,"url":"https:\/\/lda.be\/wp-content\/uploads\/2025\/04\/wr.webp","type":"image\/webp"}],"twitter_card":"summary_large_image","twitter_misc":{"Dur\u00e9e de lecture estim\u00e9e":"2 minutes"},"schema":{"@context":"https:\/\/schema.org","@graph":[{"@type":"WebPage","@id":"https:\/\/lda.be\/fr\/produit\/isolateurs-a-cables-kopie\/","url":"https:\/\/lda.be\/fr\/produit\/isolateurs-a-cables-kopie\/","name":"Isolateurs des vibrations \u00e0 c\u00e2bles - LDA Belgique","isPartOf":{"@id":"https:\/\/lda.be\/fr\/#website"},"primaryImageOfPage":{"@id":"https:\/\/lda.be\/fr\/produit\/isolateurs-a-cables-kopie\/#primaryimage"},"image":{"@id":"https:\/\/lda.be\/fr\/produit\/isolateurs-a-cables-kopie\/#primaryimage"},"thumbnailUrl":"https:\/\/lda.be\/wp-content\/uploads\/2025\/04\/wr.webp","datePublished":"2025-04-24T09:17:41+00:00","dateModified":"2025-04-24T09:24:51+00:00","breadcrumb":{"@id":"https:\/\/lda.be\/fr\/produit\/isolateurs-a-cables-kopie\/#breadcrumb"},"inLanguage":"fr-FR","potentialAction":[{"@type":"ReadAction","target":["https:\/\/lda.be\/fr\/produit\/isolateurs-a-cables-kopie\/"]}]},{"@type":"ImageObject","inLanguage":"fr-FR","@id":"https:\/\/lda.be\/fr\/produit\/isolateurs-a-cables-kopie\/#primaryimage","url":"https:\/\/lda.be\/wp-content\/uploads\/2025\/04\/wr.webp","contentUrl":"https:\/\/lda.be\/wp-content\/uploads\/2025\/04\/wr.webp","width":720,"height":720},{"@type":"BreadcrumbList","@id":"https:\/\/lda.be\/fr\/produit\/isolateurs-a-cables-kopie\/#breadcrumb","itemListElement":[{"@type":"ListItem","position":1,"name":"Accueil","item":"https:\/\/lda.be\/fr\/"},{"@type":"ListItem","position":2,"name":"Produits","item":"https:\/\/lda.be\/fr\/produits\/"},{"@type":"ListItem","position":3,"name":"Isolateurs des vibrations \u00e0 c\u00e2bles"}]},{"@type":"WebSite","@id":"https:\/\/lda.be\/fr\/#website","url":"https:\/\/lda.be\/fr\/","name":"LDA Belgium","description":"Solutions For Life","publisher":{"@id":"https:\/\/lda.be\/fr\/#organization"},"potentialAction":[{"@type":"SearchAction","target":{"@type":"EntryPoint","urlTemplate":"https:\/\/lda.be\/fr\/?s={search_term_string}"},"query-input":{"@type":"PropertyValueSpecification","valueRequired":true,"valueName":"search_term_string"}}],"inLanguage":"fr-FR"},{"@type":"Organization","@id":"https:\/\/lda.be\/fr\/#organization","name":"LDA Belgium","url":"https:\/\/lda.be\/fr\/","logo":{"@type":"ImageObject","inLanguage":"fr-FR","@id":"https:\/\/lda.be\/fr\/#\/schema\/logo\/image\/","url":"https:\/\/lda.be\/wp-content\/uploads\/2022\/07\/Logo-LDA.webp","contentUrl":"https:\/\/lda.be\/wp-content\/uploads\/2022\/07\/Logo-LDA.webp","width":311,"height":101,"caption":"LDA Belgium"},"image":{"@id":"https:\/\/lda.be\/fr\/#\/schema\/logo\/image\/"},"sameAs":["https:\/\/www.linkedin.com\/company\/lda-belgium-nv"]}]}},"_links":{"self":[{"href":"https:\/\/lda.be\/fr\/wp-json\/wp\/v2\/product\/6988","targetHints":{"allow":["GET"]}}],"collection":[{"href":"https:\/\/lda.be\/fr\/wp-json\/wp\/v2\/product"}],"about":[{"href":"https:\/\/lda.be\/fr\/wp-json\/wp\/v2\/types\/product"}],"replies":[{"embeddable":true,"href":"https:\/\/lda.be\/fr\/wp-json\/wp\/v2\/comments?post=6988"}],"wp:featuredmedia":[{"embeddable":true,"href":"https:\/\/lda.be\/fr\/wp-json\/wp\/v2\/media\/6856"}],"wp:attachment":[{"href":"https:\/\/lda.be\/fr\/wp-json\/wp\/v2\/media?parent=6988"}],"wp:term":[{"taxonomy":"product_brand","embeddable":true,"href":"https:\/\/lda.be\/fr\/wp-json\/wp\/v2\/product_brand?post=6988"},{"taxonomy":"product_cat","embeddable":true,"href":"https:\/\/lda.be\/fr\/wp-json\/wp\/v2\/product_cat?post=6988"},{"taxonomy":"product_tag","embeddable":true,"href":"https:\/\/lda.be\/fr\/wp-json\/wp\/v2\/product_tag?post=6988"}],"curies":[{"name":"wp","href":"https:\/\/api.w.org\/{rel}","templated":true}]}}