{"id":7017,"date":"2025-04-25T14:33:29","date_gmt":"2025-04-25T13:33:29","guid":{"rendered":"https:\/\/lda.be\/?post_type=product&#038;p=7017"},"modified":"2025-05-07T14:32:12","modified_gmt":"2025-05-07T13:32:12","slug":"industrie-alimentation-catalogue","status":"publish","type":"product","link":"https:\/\/lda.be\/fr\/produit\/industrie-alimentation-catalogue\/","title":{"rendered":"Industrie alimentation catalogue"},"content":{"rendered":"<p>Nos actionneurs s\u00fbrs pour les aliments ont \u00e9t\u00e9 sp\u00e9cialement con\u00e7us pour \u00eatre utilis\u00e9s dans des environnements o\u00f9 l&#8217;hygi\u00e8ne et la s\u00e9curit\u00e9 sont d&#8217;une importance capitale. Ces actionneurs r\u00e9pondent aux normes de l&#8217;industrie alimentaire, telles que la FDA, la r\u00e9glementation europ\u00e9enne 1935\/2004 et les normes sanitaires 3A. Cela les rend id\u00e9aux pour des applications dans le traitement des aliments, l&#8217;industrie des boissons et d&#8217;autres secteurs o\u00f9 un contact avec les aliments est possible.<br \/>\nEn plus de nos actionneurs s\u00fbrs pour les aliments, nous proposons une large gamme de produits essentiels pour diverses applications industrielles telles que les vannes et les pompes. Ils sont robustes et con\u00e7us pour r\u00e9pondre aux normes les plus \u00e9lev\u00e9es en mati\u00e8re de s\u00e9curit\u00e9 et de qualit\u00e9, ce qui les rend adapt\u00e9s \u00e0 une utilisation dans l&#8217;industrie alimentaire, chimique et pharmaceutique.<\/p>\n","protected":false},"excerpt":{"rendered":"<p>Nos actionneurs s\u00fbrs pour les aliments ont \u00e9t\u00e9 sp\u00e9cialement con\u00e7us pour \u00eatre utilis\u00e9s dans des environnements o\u00f9 l&#8217;hygi\u00e8ne et la s\u00e9curit\u00e9 sont d&#8217;une importance capitale. Ces actionneurs r\u00e9pondent aux normes de l&#8217;industrie alimentaire, telles que la FDA, la r\u00e9glementation europ\u00e9enne 1935\/2004 et les normes sanitaires 3A. Cela les rend id\u00e9aux pour des applications dans le [&hellip;]<\/p>\n","protected":false},"featured_media":7009,"comment_status":"closed","ping_status":"closed","template":"","meta":[],"product_brand":[1274],"product_cat":[960],"product_tag":[528],"class_list":{"0":"post-7017","1":"product","2":"type-product","3":"status-publish","4":"has-post-thumbnail","6":"product_brand-catalogi","7":"product_cat-catalogues-lda-pdf","8":"product_tag-catalogue","10":"first","11":"instock","12":"shipping-taxable","13":"product-type-simple"},"yoast_head":"<!-- This site is optimized with the Yoast SEO plugin v27.3 - https:\/\/yoast.com\/product\/yoast-seo-wordpress\/ -->\n<title>Industrie alimentation catalogue - LDA Belgique<\/title>\n<meta name=\"robots\" content=\"index, follow, max-snippet:-1, max-image-preview:large, max-video-preview:-1\" \/>\n<link rel=\"canonical\" href=\"https:\/\/lda.be\/fr\/produit\/industrie-alimentation-catalogue\/\" \/>\n<meta property=\"og:locale\" content=\"fr_FR\" \/>\n<meta property=\"og:type\" content=\"article\" \/>\n<meta property=\"og:title\" content=\"Industrie alimentation catalogue - LDA Belgique\" \/>\n<meta property=\"og:description\" content=\"Nos actionneurs s\u00fbrs pour les aliments ont \u00e9t\u00e9 sp\u00e9cialement con\u00e7us pour \u00eatre utilis\u00e9s dans des environnements o\u00f9 l&#8217;hygi\u00e8ne et la s\u00e9curit\u00e9 sont d&#8217;une importance capitale. Ces actionneurs r\u00e9pondent aux normes de l&#8217;industrie alimentaire, telles que la FDA, la r\u00e9glementation europ\u00e9enne 1935\/2004 et les normes sanitaires 3A. Cela les rend id\u00e9aux pour des applications dans le [&hellip;]\" \/>\n<meta property=\"og:url\" content=\"https:\/\/lda.be\/fr\/produit\/industrie-alimentation-catalogue\/\" \/>\n<meta property=\"og:site_name\" content=\"LDA Belgique\" \/>\n<meta property=\"article:modified_time\" content=\"2025-05-07T13:32:12+00:00\" \/>\n<meta property=\"og:image\" content=\"https:\/\/lda.be\/wp-content\/uploads\/2025\/04\/FR_Food-grade.webp\" \/>\n\t<meta property=\"og:image:width\" content=\"720\" \/>\n\t<meta property=\"og:image:height\" content=\"720\" \/>\n\t<meta property=\"og:image:type\" content=\"image\/webp\" \/>\n<meta name=\"twitter:card\" content=\"summary_large_image\" \/>\n<meta name=\"twitter:label1\" content=\"Dur\u00e9e de lecture estim\u00e9e\" \/>\n\t<meta name=\"twitter:data1\" content=\"1 minute\" \/>\n<script type=\"application\/ld+json\" class=\"yoast-schema-graph\">{\"@context\":\"https:\\\/\\\/schema.org\",\"@graph\":[{\"@type\":\"WebPage\",\"@id\":\"https:\\\/\\\/lda.be\\\/fr\\\/produit\\\/industrie-alimentation-catalogue\\\/\",\"url\":\"https:\\\/\\\/lda.be\\\/fr\\\/produit\\\/industrie-alimentation-catalogue\\\/\",\"name\":\"Industrie alimentation catalogue - LDA Belgique\",\"isPartOf\":{\"@id\":\"https:\\\/\\\/lda.be\\\/fr\\\/#website\"},\"primaryImageOfPage\":{\"@id\":\"https:\\\/\\\/lda.be\\\/fr\\\/produit\\\/industrie-alimentation-catalogue\\\/#primaryimage\"},\"image\":{\"@id\":\"https:\\\/\\\/lda.be\\\/fr\\\/produit\\\/industrie-alimentation-catalogue\\\/#primaryimage\"},\"thumbnailUrl\":\"https:\\\/\\\/lda.be\\\/wp-content\\\/uploads\\\/2025\\\/04\\\/FR_Food-grade.webp\",\"datePublished\":\"2025-04-25T13:33:29+00:00\",\"dateModified\":\"2025-05-07T13:32:12+00:00\",\"breadcrumb\":{\"@id\":\"https:\\\/\\\/lda.be\\\/fr\\\/produit\\\/industrie-alimentation-catalogue\\\/#breadcrumb\"},\"inLanguage\":\"fr-FR\",\"potentialAction\":[{\"@type\":\"ReadAction\",\"target\":[\"https:\\\/\\\/lda.be\\\/fr\\\/produit\\\/industrie-alimentation-catalogue\\\/\"]}]},{\"@type\":\"ImageObject\",\"inLanguage\":\"fr-FR\",\"@id\":\"https:\\\/\\\/lda.be\\\/fr\\\/produit\\\/industrie-alimentation-catalogue\\\/#primaryimage\",\"url\":\"https:\\\/\\\/lda.be\\\/wp-content\\\/uploads\\\/2025\\\/04\\\/FR_Food-grade.webp\",\"contentUrl\":\"https:\\\/\\\/lda.be\\\/wp-content\\\/uploads\\\/2025\\\/04\\\/FR_Food-grade.webp\",\"width\":720,\"height\":720,\"caption\":\"industrie alimentaire\"},{\"@type\":\"BreadcrumbList\",\"@id\":\"https:\\\/\\\/lda.be\\\/fr\\\/produit\\\/industrie-alimentation-catalogue\\\/#breadcrumb\",\"itemListElement\":[{\"@type\":\"ListItem\",\"position\":1,\"name\":\"Accueil\",\"item\":\"https:\\\/\\\/lda.be\\\/fr\\\/\"},{\"@type\":\"ListItem\",\"position\":2,\"name\":\"Produits\",\"item\":\"https:\\\/\\\/lda.be\\\/fr\\\/produits\\\/\"},{\"@type\":\"ListItem\",\"position\":3,\"name\":\"Industrie alimentation catalogue\"}]},{\"@type\":\"WebSite\",\"@id\":\"https:\\\/\\\/lda.be\\\/fr\\\/#website\",\"url\":\"https:\\\/\\\/lda.be\\\/fr\\\/\",\"name\":\"LDA Belgium\",\"description\":\"Solutions For Life\",\"publisher\":{\"@id\":\"https:\\\/\\\/lda.be\\\/fr\\\/#organization\"},\"potentialAction\":[{\"@type\":\"SearchAction\",\"target\":{\"@type\":\"EntryPoint\",\"urlTemplate\":\"https:\\\/\\\/lda.be\\\/fr\\\/?s={search_term_string}\"},\"query-input\":{\"@type\":\"PropertyValueSpecification\",\"valueRequired\":true,\"valueName\":\"search_term_string\"}}],\"inLanguage\":\"fr-FR\"},{\"@type\":\"Organization\",\"@id\":\"https:\\\/\\\/lda.be\\\/fr\\\/#organization\",\"name\":\"LDA Belgium\",\"url\":\"https:\\\/\\\/lda.be\\\/fr\\\/\",\"logo\":{\"@type\":\"ImageObject\",\"inLanguage\":\"fr-FR\",\"@id\":\"https:\\\/\\\/lda.be\\\/fr\\\/#\\\/schema\\\/logo\\\/image\\\/\",\"url\":\"https:\\\/\\\/lda.be\\\/wp-content\\\/uploads\\\/2022\\\/07\\\/Logo-LDA.webp\",\"contentUrl\":\"https:\\\/\\\/lda.be\\\/wp-content\\\/uploads\\\/2022\\\/07\\\/Logo-LDA.webp\",\"width\":311,\"height\":101,\"caption\":\"LDA Belgium\"},\"image\":{\"@id\":\"https:\\\/\\\/lda.be\\\/fr\\\/#\\\/schema\\\/logo\\\/image\\\/\"},\"sameAs\":[\"https:\\\/\\\/www.linkedin.com\\\/company\\\/lda-belgium-nv\"]}]}<\/script>\n<!-- \/ Yoast SEO plugin. -->","yoast_head_json":{"title":"Industrie alimentation catalogue - LDA Belgique","robots":{"index":"index","follow":"follow","max-snippet":"max-snippet:-1","max-image-preview":"max-image-preview:large","max-video-preview":"max-video-preview:-1"},"canonical":"https:\/\/lda.be\/fr\/produit\/industrie-alimentation-catalogue\/","og_locale":"fr_FR","og_type":"article","og_title":"Industrie alimentation catalogue - LDA Belgique","og_description":"Nos actionneurs s\u00fbrs pour les aliments ont \u00e9t\u00e9 sp\u00e9cialement con\u00e7us pour \u00eatre utilis\u00e9s dans des environnements o\u00f9 l&#8217;hygi\u00e8ne et la s\u00e9curit\u00e9 sont d&#8217;une importance capitale. Ces actionneurs r\u00e9pondent aux normes de l&#8217;industrie alimentaire, telles que la FDA, la r\u00e9glementation europ\u00e9enne 1935\/2004 et les normes sanitaires 3A. Cela les rend id\u00e9aux pour des applications dans le [&hellip;]","og_url":"https:\/\/lda.be\/fr\/produit\/industrie-alimentation-catalogue\/","og_site_name":"LDA Belgique","article_modified_time":"2025-05-07T13:32:12+00:00","og_image":[{"width":720,"height":720,"url":"https:\/\/lda.be\/wp-content\/uploads\/2025\/04\/FR_Food-grade.webp","type":"image\/webp"}],"twitter_card":"summary_large_image","twitter_misc":{"Dur\u00e9e de lecture estim\u00e9e":"1 minute"},"schema":{"@context":"https:\/\/schema.org","@graph":[{"@type":"WebPage","@id":"https:\/\/lda.be\/fr\/produit\/industrie-alimentation-catalogue\/","url":"https:\/\/lda.be\/fr\/produit\/industrie-alimentation-catalogue\/","name":"Industrie alimentation catalogue - LDA Belgique","isPartOf":{"@id":"https:\/\/lda.be\/fr\/#website"},"primaryImageOfPage":{"@id":"https:\/\/lda.be\/fr\/produit\/industrie-alimentation-catalogue\/#primaryimage"},"image":{"@id":"https:\/\/lda.be\/fr\/produit\/industrie-alimentation-catalogue\/#primaryimage"},"thumbnailUrl":"https:\/\/lda.be\/wp-content\/uploads\/2025\/04\/FR_Food-grade.webp","datePublished":"2025-04-25T13:33:29+00:00","dateModified":"2025-05-07T13:32:12+00:00","breadcrumb":{"@id":"https:\/\/lda.be\/fr\/produit\/industrie-alimentation-catalogue\/#breadcrumb"},"inLanguage":"fr-FR","potentialAction":[{"@type":"ReadAction","target":["https:\/\/lda.be\/fr\/produit\/industrie-alimentation-catalogue\/"]}]},{"@type":"ImageObject","inLanguage":"fr-FR","@id":"https:\/\/lda.be\/fr\/produit\/industrie-alimentation-catalogue\/#primaryimage","url":"https:\/\/lda.be\/wp-content\/uploads\/2025\/04\/FR_Food-grade.webp","contentUrl":"https:\/\/lda.be\/wp-content\/uploads\/2025\/04\/FR_Food-grade.webp","width":720,"height":720,"caption":"industrie alimentaire"},{"@type":"BreadcrumbList","@id":"https:\/\/lda.be\/fr\/produit\/industrie-alimentation-catalogue\/#breadcrumb","itemListElement":[{"@type":"ListItem","position":1,"name":"Accueil","item":"https:\/\/lda.be\/fr\/"},{"@type":"ListItem","position":2,"name":"Produits","item":"https:\/\/lda.be\/fr\/produits\/"},{"@type":"ListItem","position":3,"name":"Industrie alimentation catalogue"}]},{"@type":"WebSite","@id":"https:\/\/lda.be\/fr\/#website","url":"https:\/\/lda.be\/fr\/","name":"LDA Belgium","description":"Solutions For Life","publisher":{"@id":"https:\/\/lda.be\/fr\/#organization"},"potentialAction":[{"@type":"SearchAction","target":{"@type":"EntryPoint","urlTemplate":"https:\/\/lda.be\/fr\/?s={search_term_string}"},"query-input":{"@type":"PropertyValueSpecification","valueRequired":true,"valueName":"search_term_string"}}],"inLanguage":"fr-FR"},{"@type":"Organization","@id":"https:\/\/lda.be\/fr\/#organization","name":"LDA Belgium","url":"https:\/\/lda.be\/fr\/","logo":{"@type":"ImageObject","inLanguage":"fr-FR","@id":"https:\/\/lda.be\/fr\/#\/schema\/logo\/image\/","url":"https:\/\/lda.be\/wp-content\/uploads\/2022\/07\/Logo-LDA.webp","contentUrl":"https:\/\/lda.be\/wp-content\/uploads\/2022\/07\/Logo-LDA.webp","width":311,"height":101,"caption":"LDA Belgium"},"image":{"@id":"https:\/\/lda.be\/fr\/#\/schema\/logo\/image\/"},"sameAs":["https:\/\/www.linkedin.com\/company\/lda-belgium-nv"]}]}},"_links":{"self":[{"href":"https:\/\/lda.be\/fr\/wp-json\/wp\/v2\/product\/7017","targetHints":{"allow":["GET"]}}],"collection":[{"href":"https:\/\/lda.be\/fr\/wp-json\/wp\/v2\/product"}],"about":[{"href":"https:\/\/lda.be\/fr\/wp-json\/wp\/v2\/types\/product"}],"replies":[{"embeddable":true,"href":"https:\/\/lda.be\/fr\/wp-json\/wp\/v2\/comments?post=7017"}],"wp:featuredmedia":[{"embeddable":true,"href":"https:\/\/lda.be\/fr\/wp-json\/wp\/v2\/media\/7009"}],"wp:attachment":[{"href":"https:\/\/lda.be\/fr\/wp-json\/wp\/v2\/media?parent=7017"}],"wp:term":[{"taxonomy":"product_brand","embeddable":true,"href":"https:\/\/lda.be\/fr\/wp-json\/wp\/v2\/product_brand?post=7017"},{"taxonomy":"product_cat","embeddable":true,"href":"https:\/\/lda.be\/fr\/wp-json\/wp\/v2\/product_cat?post=7017"},{"taxonomy":"product_tag","embeddable":true,"href":"https:\/\/lda.be\/fr\/wp-json\/wp\/v2\/product_tag?post=7017"}],"curies":[{"name":"wp","href":"https:\/\/api.w.org\/{rel}","templated":true}]}}