{"id":7327,"date":"2025-05-08T09:00:00","date_gmt":"2025-05-08T08:00:00","guid":{"rendered":"https:\/\/lda.be\/product\/producten-catalogus\/"},"modified":"2025-09-01T14:36:51","modified_gmt":"2025-09-01T13:36:51","slug":"producten-catalogus","status":"publish","type":"product","link":"https:\/\/lda.be\/fr\/produit\/producten-catalogus\/","title":{"rendered":"Catalogue de produits"},"content":{"rendered":"<p>Vous pouvez t\u00e9l\u00e9charger l&#8217;aper\u00e7u g\u00e9n\u00e9ral de nos produits en pi\u00e8ce jointe.<\/p>\n<p>Il s&#8217;agit d&#8217;une vue d&#8217;ensemble sans informations d\u00e9taill\u00e9es. Cependant, sans \u00eatre exhaustif, il donne un bon aper\u00e7u de notre offre de produits diversifi\u00e9e.<\/p>\n<p>En plus de ces produits inclus, nous proposons \u00e9galement des produits sp\u00e9cifiques hautement techniques qui ne figurent pas dans notre catalogue.<\/p>\n<p>Ces produits sp\u00e9ciaux n\u00e9cessitent des connaissances sp\u00e9cialis\u00e9es. N&#8217;h\u00e9sitez pas \u00e0 contacter notre \u00e9quipe d&#8217;assistance technique, nous serons heureux de vous aider \u00e0 r\u00e9soudre votre probl\u00e8me technique.<\/p>\n<p>Si vous avez besoin d&#8217;informations d\u00e9taill\u00e9es, vous pouvez toujours nous contacter par t\u00e9l\u00e9phone ou par e-mail.<\/p>\n<p>Des informations techniques plus d\u00e9taill\u00e9es peuvent \u00e9galement \u00eatre trouv\u00e9es sur notre site Web sous la case \u00ab\u00a0Notre gamme -&gt; produits\u00a0\u00bb.<\/p>\n","protected":false},"excerpt":{"rendered":"<p>Vous pouvez t\u00e9l\u00e9charger l&#8217;aper\u00e7u g\u00e9n\u00e9ral de nos produits en pi\u00e8ce jointe. Il s&#8217;agit d&#8217;une vue d&#8217;ensemble sans informations d\u00e9taill\u00e9es. Cependant, sans \u00eatre exhaustif, il donne un bon aper\u00e7u de notre offre de produits diversifi\u00e9e. En plus de ces produits inclus, nous proposons \u00e9galement des produits sp\u00e9cifiques hautement techniques qui ne figurent pas dans notre catalogue. [&hellip;]<\/p>\n","protected":false},"featured_media":7362,"comment_status":"closed","ping_status":"closed","template":"","meta":[],"product_brand":[1274],"product_cat":[960],"product_tag":[],"class_list":{"0":"post-7327","1":"product","2":"type-product","3":"status-publish","4":"has-post-thumbnail","6":"product_brand-catalogi","7":"product_cat-catalogues-lda-pdf","9":"first","10":"instock","11":"shipping-taxable","12":"product-type-simple"},"yoast_head":"<!-- This site is optimized with the Yoast SEO plugin v27.3 - https:\/\/yoast.com\/product\/yoast-seo-wordpress\/ -->\n<title>Catalogue de produits - LDA Belgique<\/title>\n<meta name=\"robots\" content=\"index, follow, max-snippet:-1, max-image-preview:large, max-video-preview:-1\" \/>\n<link rel=\"canonical\" href=\"https:\/\/lda.be\/fr\/produit\/producten-catalogus\/\" \/>\n<meta property=\"og:locale\" content=\"fr_FR\" \/>\n<meta property=\"og:type\" content=\"article\" \/>\n<meta property=\"og:title\" content=\"Catalogue de produits - LDA Belgique\" \/>\n<meta property=\"og:description\" content=\"Vous pouvez t\u00e9l\u00e9charger l&#8217;aper\u00e7u g\u00e9n\u00e9ral de nos produits en pi\u00e8ce jointe. Il s&#8217;agit d&#8217;une vue d&#8217;ensemble sans informations d\u00e9taill\u00e9es. Cependant, sans \u00eatre exhaustif, il donne un bon aper\u00e7u de notre offre de produits diversifi\u00e9e. En plus de ces produits inclus, nous proposons \u00e9galement des produits sp\u00e9cifiques hautement techniques qui ne figurent pas dans notre catalogue. [&hellip;]\" \/>\n<meta property=\"og:url\" content=\"https:\/\/lda.be\/fr\/produit\/producten-catalogus\/\" \/>\n<meta property=\"og:site_name\" content=\"LDA Belgique\" \/>\n<meta property=\"article:modified_time\" content=\"2025-09-01T13:36:51+00:00\" \/>\n<meta property=\"og:image\" content=\"https:\/\/lda.be\/wp-content\/uploads\/2025\/05\/FR-cat-de-produits-1.webp\" \/>\n\t<meta property=\"og:image:width\" content=\"720\" \/>\n\t<meta property=\"og:image:height\" content=\"720\" \/>\n\t<meta property=\"og:image:type\" content=\"image\/webp\" \/>\n<meta name=\"twitter:card\" content=\"summary_large_image\" \/>\n<meta name=\"twitter:label1\" content=\"Dur\u00e9e de lecture estim\u00e9e\" \/>\n\t<meta name=\"twitter:data1\" content=\"1 minute\" \/>\n<script type=\"application\/ld+json\" class=\"yoast-schema-graph\">{\"@context\":\"https:\\\/\\\/schema.org\",\"@graph\":[{\"@type\":\"WebPage\",\"@id\":\"https:\\\/\\\/lda.be\\\/fr\\\/produit\\\/producten-catalogus\\\/\",\"url\":\"https:\\\/\\\/lda.be\\\/fr\\\/produit\\\/producten-catalogus\\\/\",\"name\":\"Catalogue de produits - LDA Belgique\",\"isPartOf\":{\"@id\":\"https:\\\/\\\/lda.be\\\/fr\\\/#website\"},\"primaryImageOfPage\":{\"@id\":\"https:\\\/\\\/lda.be\\\/fr\\\/produit\\\/producten-catalogus\\\/#primaryimage\"},\"image\":{\"@id\":\"https:\\\/\\\/lda.be\\\/fr\\\/produit\\\/producten-catalogus\\\/#primaryimage\"},\"thumbnailUrl\":\"https:\\\/\\\/lda.be\\\/wp-content\\\/uploads\\\/2025\\\/05\\\/FR-cat-de-produits-1.webp\",\"datePublished\":\"2025-05-08T08:00:00+00:00\",\"dateModified\":\"2025-09-01T13:36:51+00:00\",\"breadcrumb\":{\"@id\":\"https:\\\/\\\/lda.be\\\/fr\\\/produit\\\/producten-catalogus\\\/#breadcrumb\"},\"inLanguage\":\"fr-FR\",\"potentialAction\":[{\"@type\":\"ReadAction\",\"target\":[\"https:\\\/\\\/lda.be\\\/fr\\\/produit\\\/producten-catalogus\\\/\"]}]},{\"@type\":\"ImageObject\",\"inLanguage\":\"fr-FR\",\"@id\":\"https:\\\/\\\/lda.be\\\/fr\\\/produit\\\/producten-catalogus\\\/#primaryimage\",\"url\":\"https:\\\/\\\/lda.be\\\/wp-content\\\/uploads\\\/2025\\\/05\\\/FR-cat-de-produits-1.webp\",\"contentUrl\":\"https:\\\/\\\/lda.be\\\/wp-content\\\/uploads\\\/2025\\\/05\\\/FR-cat-de-produits-1.webp\",\"width\":720,\"height\":720},{\"@type\":\"BreadcrumbList\",\"@id\":\"https:\\\/\\\/lda.be\\\/fr\\\/produit\\\/producten-catalogus\\\/#breadcrumb\",\"itemListElement\":[{\"@type\":\"ListItem\",\"position\":1,\"name\":\"Accueil\",\"item\":\"https:\\\/\\\/lda.be\\\/fr\\\/\"},{\"@type\":\"ListItem\",\"position\":2,\"name\":\"Produits\",\"item\":\"https:\\\/\\\/lda.be\\\/fr\\\/produits\\\/\"},{\"@type\":\"ListItem\",\"position\":3,\"name\":\"Catalogue de produits\"}]},{\"@type\":\"WebSite\",\"@id\":\"https:\\\/\\\/lda.be\\\/fr\\\/#website\",\"url\":\"https:\\\/\\\/lda.be\\\/fr\\\/\",\"name\":\"LDA Belgium\",\"description\":\"Solutions For Life\",\"publisher\":{\"@id\":\"https:\\\/\\\/lda.be\\\/fr\\\/#organization\"},\"potentialAction\":[{\"@type\":\"SearchAction\",\"target\":{\"@type\":\"EntryPoint\",\"urlTemplate\":\"https:\\\/\\\/lda.be\\\/fr\\\/?s={search_term_string}\"},\"query-input\":{\"@type\":\"PropertyValueSpecification\",\"valueRequired\":true,\"valueName\":\"search_term_string\"}}],\"inLanguage\":\"fr-FR\"},{\"@type\":\"Organization\",\"@id\":\"https:\\\/\\\/lda.be\\\/fr\\\/#organization\",\"name\":\"LDA Belgium\",\"url\":\"https:\\\/\\\/lda.be\\\/fr\\\/\",\"logo\":{\"@type\":\"ImageObject\",\"inLanguage\":\"fr-FR\",\"@id\":\"https:\\\/\\\/lda.be\\\/fr\\\/#\\\/schema\\\/logo\\\/image\\\/\",\"url\":\"https:\\\/\\\/lda.be\\\/wp-content\\\/uploads\\\/2022\\\/07\\\/Logo-LDA.webp\",\"contentUrl\":\"https:\\\/\\\/lda.be\\\/wp-content\\\/uploads\\\/2022\\\/07\\\/Logo-LDA.webp\",\"width\":311,\"height\":101,\"caption\":\"LDA Belgium\"},\"image\":{\"@id\":\"https:\\\/\\\/lda.be\\\/fr\\\/#\\\/schema\\\/logo\\\/image\\\/\"},\"sameAs\":[\"https:\\\/\\\/www.linkedin.com\\\/company\\\/lda-belgium-nv\"]}]}<\/script>\n<!-- \/ Yoast SEO plugin. -->","yoast_head_json":{"title":"Catalogue de produits - LDA Belgique","robots":{"index":"index","follow":"follow","max-snippet":"max-snippet:-1","max-image-preview":"max-image-preview:large","max-video-preview":"max-video-preview:-1"},"canonical":"https:\/\/lda.be\/fr\/produit\/producten-catalogus\/","og_locale":"fr_FR","og_type":"article","og_title":"Catalogue de produits - LDA Belgique","og_description":"Vous pouvez t\u00e9l\u00e9charger l&#8217;aper\u00e7u g\u00e9n\u00e9ral de nos produits en pi\u00e8ce jointe. Il s&#8217;agit d&#8217;une vue d&#8217;ensemble sans informations d\u00e9taill\u00e9es. Cependant, sans \u00eatre exhaustif, il donne un bon aper\u00e7u de notre offre de produits diversifi\u00e9e. En plus de ces produits inclus, nous proposons \u00e9galement des produits sp\u00e9cifiques hautement techniques qui ne figurent pas dans notre catalogue. [&hellip;]","og_url":"https:\/\/lda.be\/fr\/produit\/producten-catalogus\/","og_site_name":"LDA Belgique","article_modified_time":"2025-09-01T13:36:51+00:00","og_image":[{"width":720,"height":720,"url":"https:\/\/lda.be\/wp-content\/uploads\/2025\/05\/FR-cat-de-produits-1.webp","type":"image\/webp"}],"twitter_card":"summary_large_image","twitter_misc":{"Dur\u00e9e de lecture estim\u00e9e":"1 minute"},"schema":{"@context":"https:\/\/schema.org","@graph":[{"@type":"WebPage","@id":"https:\/\/lda.be\/fr\/produit\/producten-catalogus\/","url":"https:\/\/lda.be\/fr\/produit\/producten-catalogus\/","name":"Catalogue de produits - LDA Belgique","isPartOf":{"@id":"https:\/\/lda.be\/fr\/#website"},"primaryImageOfPage":{"@id":"https:\/\/lda.be\/fr\/produit\/producten-catalogus\/#primaryimage"},"image":{"@id":"https:\/\/lda.be\/fr\/produit\/producten-catalogus\/#primaryimage"},"thumbnailUrl":"https:\/\/lda.be\/wp-content\/uploads\/2025\/05\/FR-cat-de-produits-1.webp","datePublished":"2025-05-08T08:00:00+00:00","dateModified":"2025-09-01T13:36:51+00:00","breadcrumb":{"@id":"https:\/\/lda.be\/fr\/produit\/producten-catalogus\/#breadcrumb"},"inLanguage":"fr-FR","potentialAction":[{"@type":"ReadAction","target":["https:\/\/lda.be\/fr\/produit\/producten-catalogus\/"]}]},{"@type":"ImageObject","inLanguage":"fr-FR","@id":"https:\/\/lda.be\/fr\/produit\/producten-catalogus\/#primaryimage","url":"https:\/\/lda.be\/wp-content\/uploads\/2025\/05\/FR-cat-de-produits-1.webp","contentUrl":"https:\/\/lda.be\/wp-content\/uploads\/2025\/05\/FR-cat-de-produits-1.webp","width":720,"height":720},{"@type":"BreadcrumbList","@id":"https:\/\/lda.be\/fr\/produit\/producten-catalogus\/#breadcrumb","itemListElement":[{"@type":"ListItem","position":1,"name":"Accueil","item":"https:\/\/lda.be\/fr\/"},{"@type":"ListItem","position":2,"name":"Produits","item":"https:\/\/lda.be\/fr\/produits\/"},{"@type":"ListItem","position":3,"name":"Catalogue de produits"}]},{"@type":"WebSite","@id":"https:\/\/lda.be\/fr\/#website","url":"https:\/\/lda.be\/fr\/","name":"LDA Belgium","description":"Solutions For Life","publisher":{"@id":"https:\/\/lda.be\/fr\/#organization"},"potentialAction":[{"@type":"SearchAction","target":{"@type":"EntryPoint","urlTemplate":"https:\/\/lda.be\/fr\/?s={search_term_string}"},"query-input":{"@type":"PropertyValueSpecification","valueRequired":true,"valueName":"search_term_string"}}],"inLanguage":"fr-FR"},{"@type":"Organization","@id":"https:\/\/lda.be\/fr\/#organization","name":"LDA Belgium","url":"https:\/\/lda.be\/fr\/","logo":{"@type":"ImageObject","inLanguage":"fr-FR","@id":"https:\/\/lda.be\/fr\/#\/schema\/logo\/image\/","url":"https:\/\/lda.be\/wp-content\/uploads\/2022\/07\/Logo-LDA.webp","contentUrl":"https:\/\/lda.be\/wp-content\/uploads\/2022\/07\/Logo-LDA.webp","width":311,"height":101,"caption":"LDA Belgium"},"image":{"@id":"https:\/\/lda.be\/fr\/#\/schema\/logo\/image\/"},"sameAs":["https:\/\/www.linkedin.com\/company\/lda-belgium-nv"]}]}},"_links":{"self":[{"href":"https:\/\/lda.be\/fr\/wp-json\/wp\/v2\/product\/7327","targetHints":{"allow":["GET"]}}],"collection":[{"href":"https:\/\/lda.be\/fr\/wp-json\/wp\/v2\/product"}],"about":[{"href":"https:\/\/lda.be\/fr\/wp-json\/wp\/v2\/types\/product"}],"replies":[{"embeddable":true,"href":"https:\/\/lda.be\/fr\/wp-json\/wp\/v2\/comments?post=7327"}],"wp:featuredmedia":[{"embeddable":true,"href":"https:\/\/lda.be\/fr\/wp-json\/wp\/v2\/media\/7362"}],"wp:attachment":[{"href":"https:\/\/lda.be\/fr\/wp-json\/wp\/v2\/media?parent=7327"}],"wp:term":[{"taxonomy":"product_brand","embeddable":true,"href":"https:\/\/lda.be\/fr\/wp-json\/wp\/v2\/product_brand?post=7327"},{"taxonomy":"product_cat","embeddable":true,"href":"https:\/\/lda.be\/fr\/wp-json\/wp\/v2\/product_cat?post=7327"},{"taxonomy":"product_tag","embeddable":true,"href":"https:\/\/lda.be\/fr\/wp-json\/wp\/v2\/product_tag?post=7327"}],"curies":[{"name":"wp","href":"https:\/\/api.w.org\/{rel}","templated":true}]}}