{"id":7365,"date":"2025-05-09T16:59:50","date_gmt":"2025-05-09T15:59:50","guid":{"rendered":"https:\/\/lda.be\/?post_type=product&#038;p=7365"},"modified":"2025-06-10T12:37:39","modified_gmt":"2025-06-10T11:37:39","slug":"ressort-a-gaz-formulaire-de-demande","status":"publish","type":"product","link":"https:\/\/lda.be\/fr\/produit\/ressort-a-gaz-formulaire-de-demande\/","title":{"rendered":"Ressort \u00e0 gaz formulaire de demande"},"content":{"rendered":"<p>Souhaitez-vous demander un ressort \u00e0 gaz ? C&#8217;est rapide et facile via notre formulaire en ligne pratique. Que vous ayez besoin d\u2019un ressort \u00e0 gaz pour un projet industriel, la fabrication de meubles ou pour r\u00e9soudre un autre probl\u00e8me technique, notre \u00e9quipe est pr\u00eate \u00e0 vous aider. La proc\u00e9dure pour demander un ressort \u00e0 gaz est tr\u00e8s simple : il suffit de remplir le formulaire, de pr\u00e9ciser les sp\u00e9cifications requises, et nous veillerons \u00e0 ce que vous receviez le bon ressort \u00e0 gaz rapidement.<\/p>\n<p>L\u2019\u00e9quipe LDA poss\u00e8de des ann\u00e9es d\u2019exp\u00e9rience dans la fourniture de ressorts \u00e0 gaz de haute qualit\u00e9 et est toujours disponible pour vous conseiller sur le meilleur choix. Si vous avez des questions concernant les diff\u00e9rents types de ressorts \u00e0 gaz, diam\u00e8tres, charges ou longueurs, n\u2019h\u00e9sitez pas \u00e0 nous contacter. Nous sommes heureux de vous aider et veillons \u00e0 ce que vous obteniez exactement ce dont vous avez besoin, sans souci.<\/p>\n<p>Nous comprenons que le temps peut \u00eatre crucial, c\u2019est pourquoi nous simplifions au maximum le processus de demande. Nous livrerons le ressort \u00e0 gaz demand\u00e9 rapidement, afin que vous puissiez poursuivre votre projet ou votre travail sans d\u00e9lai. N\u2019h\u00e9sitez pas \u00e0 nous contacter ou \u00e0 remplir notre formulaire en ligne pour demander votre ressort \u00e0 gaz.<\/p>\n<p>En r\u00e9sum\u00e9, demander un ressort \u00e0 gaz chez nous est rapide, simple et fiable. Nous vous garantissons de recevoir le ressort adapt\u00e9 \u00e0 vos besoins et vous accompagnons tout au long du processus. Vous souhaitez demander un ressort \u00e0 gaz ? Contactez-nous d\u00e8s aujourd\u2019hui nous facilitons votre d\u00e9marche !<\/p>\n","protected":false},"excerpt":{"rendered":"<p>Souhaitez-vous demander un ressort \u00e0 gaz ? C&#8217;est rapide et facile via notre formulaire en ligne pratique. Que vous ayez besoin d\u2019un ressort \u00e0 gaz pour un projet industriel, la fabrication de meubles ou pour r\u00e9soudre un autre probl\u00e8me technique, notre \u00e9quipe est pr\u00eate \u00e0 vous aider. La proc\u00e9dure pour demander un ressort \u00e0 gaz [&hellip;]<\/p>\n","protected":false},"featured_media":7280,"comment_status":"closed","ping_status":"closed","template":"","meta":[],"product_brand":[1274],"product_cat":[960],"product_tag":[],"class_list":{"0":"post-7365","1":"product","2":"type-product","3":"status-publish","4":"has-post-thumbnail","6":"product_brand-catalogi","7":"product_cat-catalogues-lda-pdf","9":"first","10":"instock","11":"shipping-taxable","12":"product-type-simple"},"yoast_head":"<!-- This site is optimized with the Yoast SEO plugin v27.5 - https:\/\/yoast.com\/product\/yoast-seo-wordpress\/ -->\n<title>Ressort \u00e0 gaz formulaire de demande - LDA Belgique<\/title>\n<meta name=\"description\" content=\"Souhaitez-vous demander rapidement et facilement un ressort \u00e0 gaz ? Commandez-le via notre formulaire en ligne simple. L\u2019\u00e9quipe LDA est l\u00e0 pour vous aider et garantit une livraison rapide du ressort \u00e0 gaz adapt\u00e9 \u00e0 vos besoins.\" \/>\n<meta name=\"robots\" content=\"index, follow, max-snippet:-1, max-image-preview:large, max-video-preview:-1\" \/>\n<link rel=\"canonical\" href=\"https:\/\/lda.be\/fr\/produit\/ressort-a-gaz-formulaire-de-demande\/\" \/>\n<meta property=\"og:locale\" content=\"fr_FR\" \/>\n<meta property=\"og:type\" content=\"article\" \/>\n<meta property=\"og:title\" content=\"Ressort \u00e0 gaz formulaire de demande - LDA Belgique\" \/>\n<meta property=\"og:description\" content=\"Souhaitez-vous demander rapidement et facilement un ressort \u00e0 gaz ? Commandez-le via notre formulaire en ligne simple. L\u2019\u00e9quipe LDA est l\u00e0 pour vous aider et garantit une livraison rapide du ressort \u00e0 gaz adapt\u00e9 \u00e0 vos besoins.\" \/>\n<meta property=\"og:url\" content=\"https:\/\/lda.be\/fr\/produit\/ressort-a-gaz-formulaire-de-demande\/\" \/>\n<meta property=\"og:site_name\" content=\"LDA Belgique\" \/>\n<meta property=\"article:modified_time\" content=\"2025-06-10T11:37:39+00:00\" \/>\n<meta property=\"og:image\" content=\"https:\/\/lda.be\/wp-content\/uploads\/2025\/05\/FR-Ressort-a-gaz-formulaire-de-demande.webp\" \/>\n\t<meta property=\"og:image:width\" content=\"720\" \/>\n\t<meta property=\"og:image:height\" content=\"720\" \/>\n\t<meta property=\"og:image:type\" content=\"image\/webp\" \/>\n<meta name=\"twitter:card\" content=\"summary_large_image\" \/>\n<meta name=\"twitter:label1\" content=\"Dur\u00e9e de lecture estim\u00e9e\" \/>\n\t<meta name=\"twitter:data1\" content=\"2 minutes\" \/>\n<script type=\"application\/ld+json\" class=\"yoast-schema-graph\">{\"@context\":\"https:\\\/\\\/schema.org\",\"@graph\":[{\"@type\":\"WebPage\",\"@id\":\"https:\\\/\\\/lda.be\\\/fr\\\/produit\\\/ressort-a-gaz-formulaire-de-demande\\\/\",\"url\":\"https:\\\/\\\/lda.be\\\/fr\\\/produit\\\/ressort-a-gaz-formulaire-de-demande\\\/\",\"name\":\"Ressort \u00e0 gaz formulaire de demande - LDA Belgique\",\"isPartOf\":{\"@id\":\"https:\\\/\\\/lda.be\\\/fr\\\/#website\"},\"primaryImageOfPage\":{\"@id\":\"https:\\\/\\\/lda.be\\\/fr\\\/produit\\\/ressort-a-gaz-formulaire-de-demande\\\/#primaryimage\"},\"image\":{\"@id\":\"https:\\\/\\\/lda.be\\\/fr\\\/produit\\\/ressort-a-gaz-formulaire-de-demande\\\/#primaryimage\"},\"thumbnailUrl\":\"https:\\\/\\\/lda.be\\\/wp-content\\\/uploads\\\/2025\\\/05\\\/FR-Ressort-a-gaz-formulaire-de-demande.webp\",\"datePublished\":\"2025-05-09T15:59:50+00:00\",\"dateModified\":\"2025-06-10T11:37:39+00:00\",\"description\":\"Souhaitez-vous demander rapidement et facilement un ressort \u00e0 gaz ? Commandez-le via notre formulaire en ligne simple. L\u2019\u00e9quipe LDA est l\u00e0 pour vous aider et garantit une livraison rapide du ressort \u00e0 gaz adapt\u00e9 \u00e0 vos besoins.\",\"breadcrumb\":{\"@id\":\"https:\\\/\\\/lda.be\\\/fr\\\/produit\\\/ressort-a-gaz-formulaire-de-demande\\\/#breadcrumb\"},\"inLanguage\":\"fr-FR\",\"potentialAction\":[{\"@type\":\"ReadAction\",\"target\":[\"https:\\\/\\\/lda.be\\\/fr\\\/produit\\\/ressort-a-gaz-formulaire-de-demande\\\/\"]}]},{\"@type\":\"ImageObject\",\"inLanguage\":\"fr-FR\",\"@id\":\"https:\\\/\\\/lda.be\\\/fr\\\/produit\\\/ressort-a-gaz-formulaire-de-demande\\\/#primaryimage\",\"url\":\"https:\\\/\\\/lda.be\\\/wp-content\\\/uploads\\\/2025\\\/05\\\/FR-Ressort-a-gaz-formulaire-de-demande.webp\",\"contentUrl\":\"https:\\\/\\\/lda.be\\\/wp-content\\\/uploads\\\/2025\\\/05\\\/FR-Ressort-a-gaz-formulaire-de-demande.webp\",\"width\":720,\"height\":720},{\"@type\":\"BreadcrumbList\",\"@id\":\"https:\\\/\\\/lda.be\\\/fr\\\/produit\\\/ressort-a-gaz-formulaire-de-demande\\\/#breadcrumb\",\"itemListElement\":[{\"@type\":\"ListItem\",\"position\":1,\"name\":\"Accueil\",\"item\":\"https:\\\/\\\/lda.be\\\/fr\\\/\"},{\"@type\":\"ListItem\",\"position\":2,\"name\":\"Produits\",\"item\":\"https:\\\/\\\/lda.be\\\/fr\\\/produits\\\/\"},{\"@type\":\"ListItem\",\"position\":3,\"name\":\"Ressort \u00e0 gaz formulaire de demande\"}]},{\"@type\":\"WebSite\",\"@id\":\"https:\\\/\\\/lda.be\\\/fr\\\/#website\",\"url\":\"https:\\\/\\\/lda.be\\\/fr\\\/\",\"name\":\"LDA Belgium\",\"description\":\"Solutions For Life\",\"publisher\":{\"@id\":\"https:\\\/\\\/lda.be\\\/fr\\\/#organization\"},\"potentialAction\":[{\"@type\":\"SearchAction\",\"target\":{\"@type\":\"EntryPoint\",\"urlTemplate\":\"https:\\\/\\\/lda.be\\\/fr\\\/?s={search_term_string}\"},\"query-input\":{\"@type\":\"PropertyValueSpecification\",\"valueRequired\":true,\"valueName\":\"search_term_string\"}}],\"inLanguage\":\"fr-FR\"},{\"@type\":\"Organization\",\"@id\":\"https:\\\/\\\/lda.be\\\/fr\\\/#organization\",\"name\":\"LDA Belgium\",\"url\":\"https:\\\/\\\/lda.be\\\/fr\\\/\",\"logo\":{\"@type\":\"ImageObject\",\"inLanguage\":\"fr-FR\",\"@id\":\"https:\\\/\\\/lda.be\\\/fr\\\/#\\\/schema\\\/logo\\\/image\\\/\",\"url\":\"https:\\\/\\\/lda.be\\\/wp-content\\\/uploads\\\/2022\\\/07\\\/Logo-LDA.webp\",\"contentUrl\":\"https:\\\/\\\/lda.be\\\/wp-content\\\/uploads\\\/2022\\\/07\\\/Logo-LDA.webp\",\"width\":311,\"height\":101,\"caption\":\"LDA Belgium\"},\"image\":{\"@id\":\"https:\\\/\\\/lda.be\\\/fr\\\/#\\\/schema\\\/logo\\\/image\\\/\"},\"sameAs\":[\"https:\\\/\\\/www.linkedin.com\\\/company\\\/lda-belgium-nv\"]}]}<\/script>\n<!-- \/ Yoast SEO plugin. -->","yoast_head_json":{"title":"Ressort \u00e0 gaz formulaire de demande - LDA Belgique","description":"Souhaitez-vous demander rapidement et facilement un ressort \u00e0 gaz ? Commandez-le via notre formulaire en ligne simple. L\u2019\u00e9quipe LDA est l\u00e0 pour vous aider et garantit une livraison rapide du ressort \u00e0 gaz adapt\u00e9 \u00e0 vos besoins.","robots":{"index":"index","follow":"follow","max-snippet":"max-snippet:-1","max-image-preview":"max-image-preview:large","max-video-preview":"max-video-preview:-1"},"canonical":"https:\/\/lda.be\/fr\/produit\/ressort-a-gaz-formulaire-de-demande\/","og_locale":"fr_FR","og_type":"article","og_title":"Ressort \u00e0 gaz formulaire de demande - LDA Belgique","og_description":"Souhaitez-vous demander rapidement et facilement un ressort \u00e0 gaz ? Commandez-le via notre formulaire en ligne simple. L\u2019\u00e9quipe LDA est l\u00e0 pour vous aider et garantit une livraison rapide du ressort \u00e0 gaz adapt\u00e9 \u00e0 vos besoins.","og_url":"https:\/\/lda.be\/fr\/produit\/ressort-a-gaz-formulaire-de-demande\/","og_site_name":"LDA Belgique","article_modified_time":"2025-06-10T11:37:39+00:00","og_image":[{"width":720,"height":720,"url":"https:\/\/lda.be\/wp-content\/uploads\/2025\/05\/FR-Ressort-a-gaz-formulaire-de-demande.webp","type":"image\/webp"}],"twitter_card":"summary_large_image","twitter_misc":{"Dur\u00e9e de lecture estim\u00e9e":"2 minutes"},"schema":{"@context":"https:\/\/schema.org","@graph":[{"@type":"WebPage","@id":"https:\/\/lda.be\/fr\/produit\/ressort-a-gaz-formulaire-de-demande\/","url":"https:\/\/lda.be\/fr\/produit\/ressort-a-gaz-formulaire-de-demande\/","name":"Ressort \u00e0 gaz formulaire de demande - LDA Belgique","isPartOf":{"@id":"https:\/\/lda.be\/fr\/#website"},"primaryImageOfPage":{"@id":"https:\/\/lda.be\/fr\/produit\/ressort-a-gaz-formulaire-de-demande\/#primaryimage"},"image":{"@id":"https:\/\/lda.be\/fr\/produit\/ressort-a-gaz-formulaire-de-demande\/#primaryimage"},"thumbnailUrl":"https:\/\/lda.be\/wp-content\/uploads\/2025\/05\/FR-Ressort-a-gaz-formulaire-de-demande.webp","datePublished":"2025-05-09T15:59:50+00:00","dateModified":"2025-06-10T11:37:39+00:00","description":"Souhaitez-vous demander rapidement et facilement un ressort \u00e0 gaz ? Commandez-le via notre formulaire en ligne simple. L\u2019\u00e9quipe LDA est l\u00e0 pour vous aider et garantit une livraison rapide du ressort \u00e0 gaz adapt\u00e9 \u00e0 vos besoins.","breadcrumb":{"@id":"https:\/\/lda.be\/fr\/produit\/ressort-a-gaz-formulaire-de-demande\/#breadcrumb"},"inLanguage":"fr-FR","potentialAction":[{"@type":"ReadAction","target":["https:\/\/lda.be\/fr\/produit\/ressort-a-gaz-formulaire-de-demande\/"]}]},{"@type":"ImageObject","inLanguage":"fr-FR","@id":"https:\/\/lda.be\/fr\/produit\/ressort-a-gaz-formulaire-de-demande\/#primaryimage","url":"https:\/\/lda.be\/wp-content\/uploads\/2025\/05\/FR-Ressort-a-gaz-formulaire-de-demande.webp","contentUrl":"https:\/\/lda.be\/wp-content\/uploads\/2025\/05\/FR-Ressort-a-gaz-formulaire-de-demande.webp","width":720,"height":720},{"@type":"BreadcrumbList","@id":"https:\/\/lda.be\/fr\/produit\/ressort-a-gaz-formulaire-de-demande\/#breadcrumb","itemListElement":[{"@type":"ListItem","position":1,"name":"Accueil","item":"https:\/\/lda.be\/fr\/"},{"@type":"ListItem","position":2,"name":"Produits","item":"https:\/\/lda.be\/fr\/produits\/"},{"@type":"ListItem","position":3,"name":"Ressort \u00e0 gaz formulaire de demande"}]},{"@type":"WebSite","@id":"https:\/\/lda.be\/fr\/#website","url":"https:\/\/lda.be\/fr\/","name":"LDA Belgium","description":"Solutions For Life","publisher":{"@id":"https:\/\/lda.be\/fr\/#organization"},"potentialAction":[{"@type":"SearchAction","target":{"@type":"EntryPoint","urlTemplate":"https:\/\/lda.be\/fr\/?s={search_term_string}"},"query-input":{"@type":"PropertyValueSpecification","valueRequired":true,"valueName":"search_term_string"}}],"inLanguage":"fr-FR"},{"@type":"Organization","@id":"https:\/\/lda.be\/fr\/#organization","name":"LDA Belgium","url":"https:\/\/lda.be\/fr\/","logo":{"@type":"ImageObject","inLanguage":"fr-FR","@id":"https:\/\/lda.be\/fr\/#\/schema\/logo\/image\/","url":"https:\/\/lda.be\/wp-content\/uploads\/2022\/07\/Logo-LDA.webp","contentUrl":"https:\/\/lda.be\/wp-content\/uploads\/2022\/07\/Logo-LDA.webp","width":311,"height":101,"caption":"LDA Belgium"},"image":{"@id":"https:\/\/lda.be\/fr\/#\/schema\/logo\/image\/"},"sameAs":["https:\/\/www.linkedin.com\/company\/lda-belgium-nv"]}]}},"_links":{"self":[{"href":"https:\/\/lda.be\/fr\/wp-json\/wp\/v2\/product\/7365","targetHints":{"allow":["GET"]}}],"collection":[{"href":"https:\/\/lda.be\/fr\/wp-json\/wp\/v2\/product"}],"about":[{"href":"https:\/\/lda.be\/fr\/wp-json\/wp\/v2\/types\/product"}],"replies":[{"embeddable":true,"href":"https:\/\/lda.be\/fr\/wp-json\/wp\/v2\/comments?post=7365"}],"wp:featuredmedia":[{"embeddable":true,"href":"https:\/\/lda.be\/fr\/wp-json\/wp\/v2\/media\/7280"}],"wp:attachment":[{"href":"https:\/\/lda.be\/fr\/wp-json\/wp\/v2\/media?parent=7365"}],"wp:term":[{"taxonomy":"product_brand","embeddable":true,"href":"https:\/\/lda.be\/fr\/wp-json\/wp\/v2\/product_brand?post=7365"},{"taxonomy":"product_cat","embeddable":true,"href":"https:\/\/lda.be\/fr\/wp-json\/wp\/v2\/product_cat?post=7365"},{"taxonomy":"product_tag","embeddable":true,"href":"https:\/\/lda.be\/fr\/wp-json\/wp\/v2\/product_tag?post=7365"}],"curies":[{"name":"wp","href":"https:\/\/api.w.org\/{rel}","templated":true}]}}