{"id":8124,"date":"2025-05-27T13:48:51","date_gmt":"2025-05-27T12:48:51","guid":{"rendered":"https:\/\/lda.be\/?post_type=product&#038;p=8124"},"modified":"2025-08-31T14:31:04","modified_gmt":"2025-08-31T13:31:04","slug":"72-serie-electrovanne-m5-ou-m7","status":"publish","type":"product","link":"https:\/\/lda.be\/fr\/produit\/72-serie-electrovanne-m5-ou-m7\/","title":{"rendered":"MAC 72 S\u00e9rie \u00e9lectrovanne 3\/2 NF-NO, M5 \u2013 M7, 400Nl\/min"},"content":{"rendered":"<p>La vanne MAC s\u00e9rie 72 est une vanne P.O.P. (Pilot Operated Poppet) \u00e9quilibr\u00e9e \u00e0 3 voies, pilot\u00e9e par notre technologie Bullet Valve\u00ae (brevets en instance). La Bullet Valve\u00ae utilise une technologie de sol\u00e9no\u00efde \u00e0 \u00ab\u00a0levage\u00a0\u00bb. La configuration \u00ab\u00a0levage\u00a0\u00bb MAC est unique. La vanne conserve une conception \u00e9quilibr\u00e9e \u2013 une caract\u00e9ristique distinctive des vannes MAC\u00a0\u2013 gr\u00e2ce \u00e0 des forces de commutation \u00e9lev\u00e9es et constantes et des temps de r\u00e9ponse reproductibles, quelles que soient les fluctuations de la pression d&#8217;entr\u00e9e.<br \/>\nLa s\u00e9rie 72 est disponible en plusieurs configurations : en ligne, \u00e0 base individuelle ou \u00e0 barre de circuit. Toutes les versions sont non enfichables, ce qui offre une grande souplesse dans la conception et l&#8217;installation de votre syst\u00e8me.<\/p>\n<p>Qu&#8217;il s&#8217;agisse d&#8217;automatisation industrielle, d&#8217;\u00e9quipement m\u00e9dical ou d&#8217;autres applications exigeantes, la s\u00e9rie MAC 72 offre une solide combinaison de vitesse, de pr\u00e9cision et de fiabilit\u00e9 dans un format robuste.<\/p>\n","protected":false},"excerpt":{"rendered":"<p>La vanne MAC s\u00e9rie 72 est une vanne P.O.P. (Pilot Operated Poppet) \u00e9quilibr\u00e9e \u00e0 3 voies, pilot\u00e9e par notre technologie Bullet Valve\u00ae (brevets en instance). La Bullet Valve\u00ae utilise une technologie de sol\u00e9no\u00efde \u00e0 \u00ab\u00a0levage\u00a0\u00bb. La configuration \u00ab\u00a0levage\u00a0\u00bb MAC est unique. La vanne conserve une conception \u00e9quilibr\u00e9e \u2013 une caract\u00e9ristique distinctive des vannes MAC\u00a0\u2013 gr\u00e2ce [&hellip;]<\/p>\n","protected":false},"featured_media":11135,"comment_status":"closed","ping_status":"closed","template":"","meta":[],"product_brand":[1257,1649,1632],"product_cat":[996,1118,1134,1140],"product_tag":[],"class_list":{"0":"post-8124","1":"product","2":"type-product","3":"status-publish","4":"has-post-thumbnail","6":"product_brand-mac","7":"product_brand-kleine-3-weg-ventielen","8":"product_brand-traditional","9":"product_cat-pneumatique","10":"product_cat-vannes-pneumatique","11":"product_cat-distributeurs-pneumatiques","12":"product_cat-vannes-3-voies-a-faible-debit","14":"first","15":"instock","16":"shipping-taxable","17":"product-type-simple"},"yoast_head":"<!-- This site is optimized with the Yoast SEO plugin v27.3 - https:\/\/yoast.com\/product\/yoast-seo-wordpress\/ -->\n<title>MAC 72 S\u00e9rie \u00e9lectrovanne 3\/2 NF-NO, M5 \u2013 M7, 400Nl\/min - LDA Belgique<\/title>\n<meta name=\"description\" content=\"La s\u00e9rie MAC 72 est une \u00e9lectrovanne 3 voies qui excelle en vitesse et en r\u00e9p\u00e9tabilit\u00e9. Avec un Cv jusqu&#039;\u00e0 0,4 et des orifices de #10-32 UNF, M5 ou M7\" \/>\n<meta name=\"robots\" content=\"index, follow, max-snippet:-1, max-image-preview:large, max-video-preview:-1\" \/>\n<link rel=\"canonical\" href=\"https:\/\/lda.be\/fr\/produit\/72-serie-electrovanne-m5-ou-m7\/\" \/>\n<meta property=\"og:locale\" content=\"fr_FR\" \/>\n<meta property=\"og:type\" content=\"article\" \/>\n<meta property=\"og:title\" content=\"MAC 72 S\u00e9rie \u00e9lectrovanne 3\/2 NF-NO, M5 \u2013 M7, 400Nl\/min - LDA Belgique\" \/>\n<meta property=\"og:description\" content=\"La s\u00e9rie MAC 72 est une \u00e9lectrovanne 3 voies qui excelle en vitesse et en r\u00e9p\u00e9tabilit\u00e9. Avec un Cv jusqu&#039;\u00e0 0,4 et des orifices de #10-32 UNF, M5 ou M7\" \/>\n<meta property=\"og:url\" content=\"https:\/\/lda.be\/fr\/produit\/72-serie-electrovanne-m5-ou-m7\/\" \/>\n<meta property=\"og:site_name\" content=\"LDA Belgique\" \/>\n<meta property=\"article:modified_time\" content=\"2025-08-31T13:31:04+00:00\" \/>\n<meta property=\"og:image\" content=\"https:\/\/lda.be\/wp-content\/uploads\/2025\/08\/S72-Individual-\u25a01440-1.webp\" \/>\n\t<meta property=\"og:image:width\" content=\"1440\" \/>\n\t<meta property=\"og:image:height\" content=\"1440\" \/>\n\t<meta property=\"og:image:type\" content=\"image\/webp\" \/>\n<meta name=\"twitter:card\" content=\"summary_large_image\" \/>\n<meta name=\"twitter:label1\" content=\"Dur\u00e9e de lecture estim\u00e9e\" \/>\n\t<meta name=\"twitter:data1\" content=\"1 minute\" \/>\n<script type=\"application\/ld+json\" class=\"yoast-schema-graph\">{\"@context\":\"https:\\\/\\\/schema.org\",\"@graph\":[{\"@type\":\"WebPage\",\"@id\":\"https:\\\/\\\/lda.be\\\/fr\\\/produit\\\/72-serie-electrovanne-m5-ou-m7\\\/\",\"url\":\"https:\\\/\\\/lda.be\\\/fr\\\/produit\\\/72-serie-electrovanne-m5-ou-m7\\\/\",\"name\":\"MAC 72 S\u00e9rie \u00e9lectrovanne 3\\\/2 NF-NO, M5 \u2013 M7, 400Nl\\\/min - LDA Belgique\",\"isPartOf\":{\"@id\":\"https:\\\/\\\/lda.be\\\/fr\\\/#website\"},\"primaryImageOfPage\":{\"@id\":\"https:\\\/\\\/lda.be\\\/fr\\\/produit\\\/72-serie-electrovanne-m5-ou-m7\\\/#primaryimage\"},\"image\":{\"@id\":\"https:\\\/\\\/lda.be\\\/fr\\\/produit\\\/72-serie-electrovanne-m5-ou-m7\\\/#primaryimage\"},\"thumbnailUrl\":\"https:\\\/\\\/lda.be\\\/wp-content\\\/uploads\\\/2025\\\/08\\\/S72-Individual-\u25a01440-1.webp\",\"datePublished\":\"2025-05-27T12:48:51+00:00\",\"dateModified\":\"2025-08-31T13:31:04+00:00\",\"description\":\"La s\u00e9rie MAC 72 est une \u00e9lectrovanne 3 voies qui excelle en vitesse et en r\u00e9p\u00e9tabilit\u00e9. Avec un Cv jusqu'\u00e0 0,4 et des orifices de #10-32 UNF, M5 ou M7\",\"breadcrumb\":{\"@id\":\"https:\\\/\\\/lda.be\\\/fr\\\/produit\\\/72-serie-electrovanne-m5-ou-m7\\\/#breadcrumb\"},\"inLanguage\":\"fr-FR\",\"potentialAction\":[{\"@type\":\"ReadAction\",\"target\":[\"https:\\\/\\\/lda.be\\\/fr\\\/produit\\\/72-serie-electrovanne-m5-ou-m7\\\/\"]}]},{\"@type\":\"ImageObject\",\"inLanguage\":\"fr-FR\",\"@id\":\"https:\\\/\\\/lda.be\\\/fr\\\/produit\\\/72-serie-electrovanne-m5-ou-m7\\\/#primaryimage\",\"url\":\"https:\\\/\\\/lda.be\\\/wp-content\\\/uploads\\\/2025\\\/08\\\/S72-Individual-\u25a01440-1.webp\",\"contentUrl\":\"https:\\\/\\\/lda.be\\\/wp-content\\\/uploads\\\/2025\\\/08\\\/S72-Individual-\u25a01440-1.webp\",\"width\":1440,\"height\":1440},{\"@type\":\"BreadcrumbList\",\"@id\":\"https:\\\/\\\/lda.be\\\/fr\\\/produit\\\/72-serie-electrovanne-m5-ou-m7\\\/#breadcrumb\",\"itemListElement\":[{\"@type\":\"ListItem\",\"position\":1,\"name\":\"Accueil\",\"item\":\"https:\\\/\\\/lda.be\\\/fr\\\/\"},{\"@type\":\"ListItem\",\"position\":2,\"name\":\"Produits\",\"item\":\"https:\\\/\\\/lda.be\\\/fr\\\/produits\\\/\"},{\"@type\":\"ListItem\",\"position\":3,\"name\":\"MAC 72 S\u00e9rie \u00e9lectrovanne 3\\\/2 NF-NO, M5 \u2013 M7, 400Nl\\\/min\"}]},{\"@type\":\"WebSite\",\"@id\":\"https:\\\/\\\/lda.be\\\/fr\\\/#website\",\"url\":\"https:\\\/\\\/lda.be\\\/fr\\\/\",\"name\":\"LDA Belgium\",\"description\":\"Solutions For Life\",\"publisher\":{\"@id\":\"https:\\\/\\\/lda.be\\\/fr\\\/#organization\"},\"potentialAction\":[{\"@type\":\"SearchAction\",\"target\":{\"@type\":\"EntryPoint\",\"urlTemplate\":\"https:\\\/\\\/lda.be\\\/fr\\\/?s={search_term_string}\"},\"query-input\":{\"@type\":\"PropertyValueSpecification\",\"valueRequired\":true,\"valueName\":\"search_term_string\"}}],\"inLanguage\":\"fr-FR\"},{\"@type\":\"Organization\",\"@id\":\"https:\\\/\\\/lda.be\\\/fr\\\/#organization\",\"name\":\"LDA Belgium\",\"url\":\"https:\\\/\\\/lda.be\\\/fr\\\/\",\"logo\":{\"@type\":\"ImageObject\",\"inLanguage\":\"fr-FR\",\"@id\":\"https:\\\/\\\/lda.be\\\/fr\\\/#\\\/schema\\\/logo\\\/image\\\/\",\"url\":\"https:\\\/\\\/lda.be\\\/wp-content\\\/uploads\\\/2022\\\/07\\\/Logo-LDA.webp\",\"contentUrl\":\"https:\\\/\\\/lda.be\\\/wp-content\\\/uploads\\\/2022\\\/07\\\/Logo-LDA.webp\",\"width\":311,\"height\":101,\"caption\":\"LDA Belgium\"},\"image\":{\"@id\":\"https:\\\/\\\/lda.be\\\/fr\\\/#\\\/schema\\\/logo\\\/image\\\/\"},\"sameAs\":[\"https:\\\/\\\/www.linkedin.com\\\/company\\\/lda-belgium-nv\"]}]}<\/script>\n<!-- \/ Yoast SEO plugin. -->","yoast_head_json":{"title":"MAC 72 S\u00e9rie \u00e9lectrovanne 3\/2 NF-NO, M5 \u2013 M7, 400Nl\/min - LDA Belgique","description":"La s\u00e9rie MAC 72 est une \u00e9lectrovanne 3 voies qui excelle en vitesse et en r\u00e9p\u00e9tabilit\u00e9. Avec un Cv jusqu'\u00e0 0,4 et des orifices de #10-32 UNF, M5 ou M7","robots":{"index":"index","follow":"follow","max-snippet":"max-snippet:-1","max-image-preview":"max-image-preview:large","max-video-preview":"max-video-preview:-1"},"canonical":"https:\/\/lda.be\/fr\/produit\/72-serie-electrovanne-m5-ou-m7\/","og_locale":"fr_FR","og_type":"article","og_title":"MAC 72 S\u00e9rie \u00e9lectrovanne 3\/2 NF-NO, M5 \u2013 M7, 400Nl\/min - LDA Belgique","og_description":"La s\u00e9rie MAC 72 est une \u00e9lectrovanne 3 voies qui excelle en vitesse et en r\u00e9p\u00e9tabilit\u00e9. Avec un Cv jusqu'\u00e0 0,4 et des orifices de #10-32 UNF, M5 ou M7","og_url":"https:\/\/lda.be\/fr\/produit\/72-serie-electrovanne-m5-ou-m7\/","og_site_name":"LDA Belgique","article_modified_time":"2025-08-31T13:31:04+00:00","og_image":[{"width":1440,"height":1440,"url":"https:\/\/lda.be\/wp-content\/uploads\/2025\/08\/S72-Individual-\u25a01440-1.webp","type":"image\/webp"}],"twitter_card":"summary_large_image","twitter_misc":{"Dur\u00e9e de lecture estim\u00e9e":"1 minute"},"schema":{"@context":"https:\/\/schema.org","@graph":[{"@type":"WebPage","@id":"https:\/\/lda.be\/fr\/produit\/72-serie-electrovanne-m5-ou-m7\/","url":"https:\/\/lda.be\/fr\/produit\/72-serie-electrovanne-m5-ou-m7\/","name":"MAC 72 S\u00e9rie \u00e9lectrovanne 3\/2 NF-NO, M5 \u2013 M7, 400Nl\/min - LDA Belgique","isPartOf":{"@id":"https:\/\/lda.be\/fr\/#website"},"primaryImageOfPage":{"@id":"https:\/\/lda.be\/fr\/produit\/72-serie-electrovanne-m5-ou-m7\/#primaryimage"},"image":{"@id":"https:\/\/lda.be\/fr\/produit\/72-serie-electrovanne-m5-ou-m7\/#primaryimage"},"thumbnailUrl":"https:\/\/lda.be\/wp-content\/uploads\/2025\/08\/S72-Individual-\u25a01440-1.webp","datePublished":"2025-05-27T12:48:51+00:00","dateModified":"2025-08-31T13:31:04+00:00","description":"La s\u00e9rie MAC 72 est une \u00e9lectrovanne 3 voies qui excelle en vitesse et en r\u00e9p\u00e9tabilit\u00e9. Avec un Cv jusqu'\u00e0 0,4 et des orifices de #10-32 UNF, M5 ou M7","breadcrumb":{"@id":"https:\/\/lda.be\/fr\/produit\/72-serie-electrovanne-m5-ou-m7\/#breadcrumb"},"inLanguage":"fr-FR","potentialAction":[{"@type":"ReadAction","target":["https:\/\/lda.be\/fr\/produit\/72-serie-electrovanne-m5-ou-m7\/"]}]},{"@type":"ImageObject","inLanguage":"fr-FR","@id":"https:\/\/lda.be\/fr\/produit\/72-serie-electrovanne-m5-ou-m7\/#primaryimage","url":"https:\/\/lda.be\/wp-content\/uploads\/2025\/08\/S72-Individual-\u25a01440-1.webp","contentUrl":"https:\/\/lda.be\/wp-content\/uploads\/2025\/08\/S72-Individual-\u25a01440-1.webp","width":1440,"height":1440},{"@type":"BreadcrumbList","@id":"https:\/\/lda.be\/fr\/produit\/72-serie-electrovanne-m5-ou-m7\/#breadcrumb","itemListElement":[{"@type":"ListItem","position":1,"name":"Accueil","item":"https:\/\/lda.be\/fr\/"},{"@type":"ListItem","position":2,"name":"Produits","item":"https:\/\/lda.be\/fr\/produits\/"},{"@type":"ListItem","position":3,"name":"MAC 72 S\u00e9rie \u00e9lectrovanne 3\/2 NF-NO, M5 \u2013 M7, 400Nl\/min"}]},{"@type":"WebSite","@id":"https:\/\/lda.be\/fr\/#website","url":"https:\/\/lda.be\/fr\/","name":"LDA Belgium","description":"Solutions For Life","publisher":{"@id":"https:\/\/lda.be\/fr\/#organization"},"potentialAction":[{"@type":"SearchAction","target":{"@type":"EntryPoint","urlTemplate":"https:\/\/lda.be\/fr\/?s={search_term_string}"},"query-input":{"@type":"PropertyValueSpecification","valueRequired":true,"valueName":"search_term_string"}}],"inLanguage":"fr-FR"},{"@type":"Organization","@id":"https:\/\/lda.be\/fr\/#organization","name":"LDA Belgium","url":"https:\/\/lda.be\/fr\/","logo":{"@type":"ImageObject","inLanguage":"fr-FR","@id":"https:\/\/lda.be\/fr\/#\/schema\/logo\/image\/","url":"https:\/\/lda.be\/wp-content\/uploads\/2022\/07\/Logo-LDA.webp","contentUrl":"https:\/\/lda.be\/wp-content\/uploads\/2022\/07\/Logo-LDA.webp","width":311,"height":101,"caption":"LDA Belgium"},"image":{"@id":"https:\/\/lda.be\/fr\/#\/schema\/logo\/image\/"},"sameAs":["https:\/\/www.linkedin.com\/company\/lda-belgium-nv"]}]}},"_links":{"self":[{"href":"https:\/\/lda.be\/fr\/wp-json\/wp\/v2\/product\/8124","targetHints":{"allow":["GET"]}}],"collection":[{"href":"https:\/\/lda.be\/fr\/wp-json\/wp\/v2\/product"}],"about":[{"href":"https:\/\/lda.be\/fr\/wp-json\/wp\/v2\/types\/product"}],"replies":[{"embeddable":true,"href":"https:\/\/lda.be\/fr\/wp-json\/wp\/v2\/comments?post=8124"}],"wp:featuredmedia":[{"embeddable":true,"href":"https:\/\/lda.be\/fr\/wp-json\/wp\/v2\/media\/11135"}],"wp:attachment":[{"href":"https:\/\/lda.be\/fr\/wp-json\/wp\/v2\/media?parent=8124"}],"wp:term":[{"taxonomy":"product_brand","embeddable":true,"href":"https:\/\/lda.be\/fr\/wp-json\/wp\/v2\/product_brand?post=8124"},{"taxonomy":"product_cat","embeddable":true,"href":"https:\/\/lda.be\/fr\/wp-json\/wp\/v2\/product_cat?post=8124"},{"taxonomy":"product_tag","embeddable":true,"href":"https:\/\/lda.be\/fr\/wp-json\/wp\/v2\/product_tag?post=8124"}],"curies":[{"name":"wp","href":"https:\/\/api.w.org\/{rel}","templated":true}]}}