{"id":8161,"date":"2025-05-27T14:55:39","date_gmt":"2025-05-27T13:55:39","guid":{"rendered":"https:\/\/lda.be\/?post_type=product&#038;p=8161"},"modified":"2025-10-18T14:22:04","modified_gmt":"2025-10-18T13:22:04","slug":"200-serie-electrovanne-1-8-a-1-4","status":"publish","type":"product","link":"https:\/\/lda.be\/fr\/produit\/200-serie-electrovanne-1-8-a-1-4\/","title":{"rendered":"MAC 200 S\u00e9rie \u00e9lectrovanne 3\/2 NF-NO, 1\/8&#8243; \u2013 1\/4&#8243;, 500Nl\/min"},"content":{"rendered":"<p>La s\u00e9rie MAC 200 est une \u00e9lectrovanne 3 voies \u00e0 commande directe \u00e0 haut d\u00e9bit.<br \/>\nCe qui rend cette valve unique est sa puissante bobine, combin\u00e9e \u00e0 un puissant ressort de rappel. La vanne se d\u00e9place \u00e0 la vitesse de l&#8217;\u00e9clair sans compromettre la stabilit\u00e9 ou la dur\u00e9e de vie.<br \/>\nLa conception \u00e9quilibr\u00e9e du clapet garantit des performances constantes \u00e0 des pressions variables, ce qui r\u00e9duit le nombre de pannes et la maintenance.<br \/>\nLa s\u00e9rie 200 est disponible dans diff\u00e9rentes configurations, notamment : Individuel ou pour montage sur embase. Gr\u00e2ce \u00e0 sa faible consommation d&#8217;\u00e9nergie, cette vanne est particuli\u00e8rement adapt\u00e9e aux applications o\u00f9 l&#8217;espace et l&#8217;efficacit\u00e9 sont essentiels, comme dans les \u00e9quipements m\u00e9dicaux, les lignes d&#8217;emballage et l&#8217;automatisation industrielle.<\/p>\n","protected":false},"excerpt":{"rendered":"<p>La s\u00e9rie MAC 200 est une \u00e9lectrovanne 3 voies \u00e0 commande directe \u00e0 haut d\u00e9bit. Ce qui rend cette valve unique est sa puissante bobine, combin\u00e9e \u00e0 un puissant ressort de rappel. La vanne se d\u00e9place \u00e0 la vitesse de l&#8217;\u00e9clair sans compromettre la stabilit\u00e9 ou la dur\u00e9e de vie. La conception \u00e9quilibr\u00e9e du clapet [&hellip;]<\/p>\n","protected":false},"featured_media":10822,"comment_status":"closed","ping_status":"closed","template":"","meta":[],"product_brand":[1257,1649,1632],"product_cat":[996,1118,1134,1140],"product_tag":[],"class_list":{"0":"post-8161","1":"product","2":"type-product","3":"status-publish","4":"has-post-thumbnail","6":"product_brand-mac","7":"product_brand-kleine-3-weg-ventielen","8":"product_brand-traditional","9":"product_cat-pneumatique","10":"product_cat-vannes-pneumatique","11":"product_cat-distributeurs-pneumatiques","12":"product_cat-vannes-3-voies-a-faible-debit","14":"first","15":"instock","16":"shipping-taxable","17":"product-type-simple"},"yoast_head":"<!-- This site is optimized with the Yoast SEO plugin v27.3 - https:\/\/yoast.com\/product\/yoast-seo-wordpress\/ -->\n<title>MAC 200 S\u00e9rie \u00e9lectrovanne 3\/2 NF-NO, 1\/8&quot; \u2013 1\/4&quot;, 500Nl\/min - LDA Belgique<\/title>\n<meta name=\"description\" content=\"La s\u00e9rie MAC 200 est con\u00e7ue pour les professionnels qui ne veulent pas faire de compromis entre la puissance, l&#039;efficacit\u00e9 et la fiabilit\u00e9\" \/>\n<meta name=\"robots\" content=\"index, follow, max-snippet:-1, max-image-preview:large, max-video-preview:-1\" \/>\n<link rel=\"canonical\" href=\"https:\/\/lda.be\/fr\/produit\/200-serie-electrovanne-1-8-a-1-4\/\" \/>\n<meta property=\"og:locale\" content=\"fr_FR\" \/>\n<meta property=\"og:type\" content=\"article\" \/>\n<meta property=\"og:title\" content=\"MAC 200 S\u00e9rie \u00e9lectrovanne 3\/2 NF-NO, 1\/8&quot; \u2013 1\/4&quot;, 500Nl\/min - LDA Belgique\" \/>\n<meta property=\"og:description\" content=\"La s\u00e9rie MAC 200 est con\u00e7ue pour les professionnels qui ne veulent pas faire de compromis entre la puissance, l&#039;efficacit\u00e9 et la fiabilit\u00e9\" \/>\n<meta property=\"og:url\" content=\"https:\/\/lda.be\/fr\/produit\/200-serie-electrovanne-1-8-a-1-4\/\" \/>\n<meta property=\"og:site_name\" content=\"LDA Belgique\" \/>\n<meta property=\"article:modified_time\" content=\"2025-10-18T13:22:04+00:00\" \/>\n<meta property=\"og:image\" content=\"https:\/\/lda.be\/wp-content\/uploads\/2025\/08\/S200-Individual-\u25a01440.webp\" \/>\n\t<meta property=\"og:image:width\" content=\"1440\" \/>\n\t<meta property=\"og:image:height\" content=\"1440\" \/>\n\t<meta property=\"og:image:type\" content=\"image\/webp\" \/>\n<meta name=\"twitter:card\" content=\"summary_large_image\" \/>\n<meta name=\"twitter:label1\" content=\"Dur\u00e9e de lecture estim\u00e9e\" \/>\n\t<meta name=\"twitter:data1\" content=\"1 minute\" \/>\n<script type=\"application\/ld+json\" class=\"yoast-schema-graph\">{\"@context\":\"https:\\\/\\\/schema.org\",\"@graph\":[{\"@type\":\"WebPage\",\"@id\":\"https:\\\/\\\/lda.be\\\/fr\\\/produit\\\/200-serie-electrovanne-1-8-a-1-4\\\/\",\"url\":\"https:\\\/\\\/lda.be\\\/fr\\\/produit\\\/200-serie-electrovanne-1-8-a-1-4\\\/\",\"name\":\"MAC 200 S\u00e9rie \u00e9lectrovanne 3\\\/2 NF-NO, 1\\\/8\\\" \u2013 1\\\/4\\\", 500Nl\\\/min - LDA Belgique\",\"isPartOf\":{\"@id\":\"https:\\\/\\\/lda.be\\\/fr\\\/#website\"},\"primaryImageOfPage\":{\"@id\":\"https:\\\/\\\/lda.be\\\/fr\\\/produit\\\/200-serie-electrovanne-1-8-a-1-4\\\/#primaryimage\"},\"image\":{\"@id\":\"https:\\\/\\\/lda.be\\\/fr\\\/produit\\\/200-serie-electrovanne-1-8-a-1-4\\\/#primaryimage\"},\"thumbnailUrl\":\"https:\\\/\\\/lda.be\\\/wp-content\\\/uploads\\\/2025\\\/08\\\/S200-Individual-\u25a01440.webp\",\"datePublished\":\"2025-05-27T13:55:39+00:00\",\"dateModified\":\"2025-10-18T13:22:04+00:00\",\"description\":\"La s\u00e9rie MAC 200 est con\u00e7ue pour les professionnels qui ne veulent pas faire de compromis entre la puissance, l'efficacit\u00e9 et la fiabilit\u00e9\",\"breadcrumb\":{\"@id\":\"https:\\\/\\\/lda.be\\\/fr\\\/produit\\\/200-serie-electrovanne-1-8-a-1-4\\\/#breadcrumb\"},\"inLanguage\":\"fr-FR\",\"potentialAction\":[{\"@type\":\"ReadAction\",\"target\":[\"https:\\\/\\\/lda.be\\\/fr\\\/produit\\\/200-serie-electrovanne-1-8-a-1-4\\\/\"]}]},{\"@type\":\"ImageObject\",\"inLanguage\":\"fr-FR\",\"@id\":\"https:\\\/\\\/lda.be\\\/fr\\\/produit\\\/200-serie-electrovanne-1-8-a-1-4\\\/#primaryimage\",\"url\":\"https:\\\/\\\/lda.be\\\/wp-content\\\/uploads\\\/2025\\\/08\\\/S200-Individual-\u25a01440.webp\",\"contentUrl\":\"https:\\\/\\\/lda.be\\\/wp-content\\\/uploads\\\/2025\\\/08\\\/S200-Individual-\u25a01440.webp\",\"width\":1440,\"height\":1440},{\"@type\":\"BreadcrumbList\",\"@id\":\"https:\\\/\\\/lda.be\\\/fr\\\/produit\\\/200-serie-electrovanne-1-8-a-1-4\\\/#breadcrumb\",\"itemListElement\":[{\"@type\":\"ListItem\",\"position\":1,\"name\":\"Accueil\",\"item\":\"https:\\\/\\\/lda.be\\\/fr\\\/\"},{\"@type\":\"ListItem\",\"position\":2,\"name\":\"Produits\",\"item\":\"https:\\\/\\\/lda.be\\\/fr\\\/produits\\\/\"},{\"@type\":\"ListItem\",\"position\":3,\"name\":\"MAC 200 S\u00e9rie \u00e9lectrovanne 3\\\/2 NF-NO, 1\\\/8&#8243; \u2013 1\\\/4&#8243;, 500Nl\\\/min\"}]},{\"@type\":\"WebSite\",\"@id\":\"https:\\\/\\\/lda.be\\\/fr\\\/#website\",\"url\":\"https:\\\/\\\/lda.be\\\/fr\\\/\",\"name\":\"LDA Belgium\",\"description\":\"Solutions For Life\",\"publisher\":{\"@id\":\"https:\\\/\\\/lda.be\\\/fr\\\/#organization\"},\"potentialAction\":[{\"@type\":\"SearchAction\",\"target\":{\"@type\":\"EntryPoint\",\"urlTemplate\":\"https:\\\/\\\/lda.be\\\/fr\\\/?s={search_term_string}\"},\"query-input\":{\"@type\":\"PropertyValueSpecification\",\"valueRequired\":true,\"valueName\":\"search_term_string\"}}],\"inLanguage\":\"fr-FR\"},{\"@type\":\"Organization\",\"@id\":\"https:\\\/\\\/lda.be\\\/fr\\\/#organization\",\"name\":\"LDA Belgium\",\"url\":\"https:\\\/\\\/lda.be\\\/fr\\\/\",\"logo\":{\"@type\":\"ImageObject\",\"inLanguage\":\"fr-FR\",\"@id\":\"https:\\\/\\\/lda.be\\\/fr\\\/#\\\/schema\\\/logo\\\/image\\\/\",\"url\":\"https:\\\/\\\/lda.be\\\/wp-content\\\/uploads\\\/2022\\\/07\\\/Logo-LDA.webp\",\"contentUrl\":\"https:\\\/\\\/lda.be\\\/wp-content\\\/uploads\\\/2022\\\/07\\\/Logo-LDA.webp\",\"width\":311,\"height\":101,\"caption\":\"LDA Belgium\"},\"image\":{\"@id\":\"https:\\\/\\\/lda.be\\\/fr\\\/#\\\/schema\\\/logo\\\/image\\\/\"},\"sameAs\":[\"https:\\\/\\\/www.linkedin.com\\\/company\\\/lda-belgium-nv\"]}]}<\/script>\n<!-- \/ Yoast SEO plugin. -->","yoast_head_json":{"title":"MAC 200 S\u00e9rie \u00e9lectrovanne 3\/2 NF-NO, 1\/8\" \u2013 1\/4\", 500Nl\/min - LDA Belgique","description":"La s\u00e9rie MAC 200 est con\u00e7ue pour les professionnels qui ne veulent pas faire de compromis entre la puissance, l'efficacit\u00e9 et la fiabilit\u00e9","robots":{"index":"index","follow":"follow","max-snippet":"max-snippet:-1","max-image-preview":"max-image-preview:large","max-video-preview":"max-video-preview:-1"},"canonical":"https:\/\/lda.be\/fr\/produit\/200-serie-electrovanne-1-8-a-1-4\/","og_locale":"fr_FR","og_type":"article","og_title":"MAC 200 S\u00e9rie \u00e9lectrovanne 3\/2 NF-NO, 1\/8\" \u2013 1\/4\", 500Nl\/min - LDA Belgique","og_description":"La s\u00e9rie MAC 200 est con\u00e7ue pour les professionnels qui ne veulent pas faire de compromis entre la puissance, l'efficacit\u00e9 et la fiabilit\u00e9","og_url":"https:\/\/lda.be\/fr\/produit\/200-serie-electrovanne-1-8-a-1-4\/","og_site_name":"LDA Belgique","article_modified_time":"2025-10-18T13:22:04+00:00","og_image":[{"width":1440,"height":1440,"url":"https:\/\/lda.be\/wp-content\/uploads\/2025\/08\/S200-Individual-\u25a01440.webp","type":"image\/webp"}],"twitter_card":"summary_large_image","twitter_misc":{"Dur\u00e9e de lecture estim\u00e9e":"1 minute"},"schema":{"@context":"https:\/\/schema.org","@graph":[{"@type":"WebPage","@id":"https:\/\/lda.be\/fr\/produit\/200-serie-electrovanne-1-8-a-1-4\/","url":"https:\/\/lda.be\/fr\/produit\/200-serie-electrovanne-1-8-a-1-4\/","name":"MAC 200 S\u00e9rie \u00e9lectrovanne 3\/2 NF-NO, 1\/8\" \u2013 1\/4\", 500Nl\/min - LDA Belgique","isPartOf":{"@id":"https:\/\/lda.be\/fr\/#website"},"primaryImageOfPage":{"@id":"https:\/\/lda.be\/fr\/produit\/200-serie-electrovanne-1-8-a-1-4\/#primaryimage"},"image":{"@id":"https:\/\/lda.be\/fr\/produit\/200-serie-electrovanne-1-8-a-1-4\/#primaryimage"},"thumbnailUrl":"https:\/\/lda.be\/wp-content\/uploads\/2025\/08\/S200-Individual-\u25a01440.webp","datePublished":"2025-05-27T13:55:39+00:00","dateModified":"2025-10-18T13:22:04+00:00","description":"La s\u00e9rie MAC 200 est con\u00e7ue pour les professionnels qui ne veulent pas faire de compromis entre la puissance, l'efficacit\u00e9 et la fiabilit\u00e9","breadcrumb":{"@id":"https:\/\/lda.be\/fr\/produit\/200-serie-electrovanne-1-8-a-1-4\/#breadcrumb"},"inLanguage":"fr-FR","potentialAction":[{"@type":"ReadAction","target":["https:\/\/lda.be\/fr\/produit\/200-serie-electrovanne-1-8-a-1-4\/"]}]},{"@type":"ImageObject","inLanguage":"fr-FR","@id":"https:\/\/lda.be\/fr\/produit\/200-serie-electrovanne-1-8-a-1-4\/#primaryimage","url":"https:\/\/lda.be\/wp-content\/uploads\/2025\/08\/S200-Individual-\u25a01440.webp","contentUrl":"https:\/\/lda.be\/wp-content\/uploads\/2025\/08\/S200-Individual-\u25a01440.webp","width":1440,"height":1440},{"@type":"BreadcrumbList","@id":"https:\/\/lda.be\/fr\/produit\/200-serie-electrovanne-1-8-a-1-4\/#breadcrumb","itemListElement":[{"@type":"ListItem","position":1,"name":"Accueil","item":"https:\/\/lda.be\/fr\/"},{"@type":"ListItem","position":2,"name":"Produits","item":"https:\/\/lda.be\/fr\/produits\/"},{"@type":"ListItem","position":3,"name":"MAC 200 S\u00e9rie \u00e9lectrovanne 3\/2 NF-NO, 1\/8&#8243; \u2013 1\/4&#8243;, 500Nl\/min"}]},{"@type":"WebSite","@id":"https:\/\/lda.be\/fr\/#website","url":"https:\/\/lda.be\/fr\/","name":"LDA Belgium","description":"Solutions For Life","publisher":{"@id":"https:\/\/lda.be\/fr\/#organization"},"potentialAction":[{"@type":"SearchAction","target":{"@type":"EntryPoint","urlTemplate":"https:\/\/lda.be\/fr\/?s={search_term_string}"},"query-input":{"@type":"PropertyValueSpecification","valueRequired":true,"valueName":"search_term_string"}}],"inLanguage":"fr-FR"},{"@type":"Organization","@id":"https:\/\/lda.be\/fr\/#organization","name":"LDA Belgium","url":"https:\/\/lda.be\/fr\/","logo":{"@type":"ImageObject","inLanguage":"fr-FR","@id":"https:\/\/lda.be\/fr\/#\/schema\/logo\/image\/","url":"https:\/\/lda.be\/wp-content\/uploads\/2022\/07\/Logo-LDA.webp","contentUrl":"https:\/\/lda.be\/wp-content\/uploads\/2022\/07\/Logo-LDA.webp","width":311,"height":101,"caption":"LDA Belgium"},"image":{"@id":"https:\/\/lda.be\/fr\/#\/schema\/logo\/image\/"},"sameAs":["https:\/\/www.linkedin.com\/company\/lda-belgium-nv"]}]}},"_links":{"self":[{"href":"https:\/\/lda.be\/fr\/wp-json\/wp\/v2\/product\/8161","targetHints":{"allow":["GET"]}}],"collection":[{"href":"https:\/\/lda.be\/fr\/wp-json\/wp\/v2\/product"}],"about":[{"href":"https:\/\/lda.be\/fr\/wp-json\/wp\/v2\/types\/product"}],"replies":[{"embeddable":true,"href":"https:\/\/lda.be\/fr\/wp-json\/wp\/v2\/comments?post=8161"}],"wp:featuredmedia":[{"embeddable":true,"href":"https:\/\/lda.be\/fr\/wp-json\/wp\/v2\/media\/10822"}],"wp:attachment":[{"href":"https:\/\/lda.be\/fr\/wp-json\/wp\/v2\/media?parent=8161"}],"wp:term":[{"taxonomy":"product_brand","embeddable":true,"href":"https:\/\/lda.be\/fr\/wp-json\/wp\/v2\/product_brand?post=8161"},{"taxonomy":"product_cat","embeddable":true,"href":"https:\/\/lda.be\/fr\/wp-json\/wp\/v2\/product_cat?post=8161"},{"taxonomy":"product_tag","embeddable":true,"href":"https:\/\/lda.be\/fr\/wp-json\/wp\/v2\/product_tag?post=8161"}],"curies":[{"name":"wp","href":"https:\/\/api.w.org\/{rel}","templated":true}]}}