{"id":8176,"date":"2025-05-27T15:09:09","date_gmt":"2025-05-27T14:09:09","guid":{"rendered":"https:\/\/lda.be\/?post_type=product&#038;p=8176"},"modified":"2025-08-31T14:21:07","modified_gmt":"2025-08-31T13:21:07","slug":"1100-serie-vanne-a-commande-mecanique","status":"publish","type":"product","link":"https:\/\/lda.be\/fr\/produit\/1100-serie-vanne-a-commande-mecanique\/","title":{"rendered":"MAC 1100 S\u00e9rie commande manuelle ou pneumatique 3\/2 NF-NO, 1\/8&#8243; &#8211; 1\/4&#8243;, 180Nl\/min"},"content":{"rendered":"<p>La s\u00e9rie MAC 1100 est une vanne m\u00e9canique 3 voies polyvalente, con\u00e7ue pour les applications n\u00e9cessitant une commande manuelle ou pneumatique. Avec un d\u00e9bit maximale de 180 Nl\/min, cette vanne offre des performances fiables dans un format compact.<\/p>\n<p>Cette vanne est disponible avec diff\u00e9rentes op\u00e9rateurs manuels, notamment\u00a0: des leviers, boutons-poussoirs, roue \u00e0 cames et commandes pneumatiques, ce qui lui permet de s&#8217;adapter facilement \u00e0 diverses exigences de commande.<\/p>\n<p>Gr\u00e2ce \u00e0 son design compact, la s\u00e9rie MAC 1100 peut \u00eatre install\u00e9e sur embase, ce qui permet un gain de place et une int\u00e9gration facile dans vos syst\u00e8mes. Sa construction robuste rend la vanne r\u00e9sistante aux variations de pression, assurant ainsi des performances constantes dans des environnements dynamiques.<\/p>\n<p>Cette s\u00e9rie est id\u00e9ale pour l&#8217;automatisation industrielle n\u00e9cessitant une commande manuelle ou pneumatique, les lignes d&#8217;emballage demandant une flexibilit\u00e9 de contr\u00f4le, les \u00e9quipements m\u00e9dicaux exigeant des vannes robustes et fiables, ainsi que les syst\u00e8mes pneumatiques g\u00e9n\u00e9raux b\u00e9n\u00e9ficiant d&#8217;une vanne \u00e0 commande polyvalente.<\/p>\n","protected":false},"excerpt":{"rendered":"<p>La s\u00e9rie MAC 1100 est une vanne m\u00e9canique 3 voies polyvalente, con\u00e7ue pour les applications n\u00e9cessitant une commande manuelle ou pneumatique. Avec un d\u00e9bit maximale de 180 Nl\/min, cette vanne offre des performances fiables dans un format compact. Cette vanne est disponible avec diff\u00e9rentes op\u00e9rateurs manuels, notamment\u00a0: des leviers, boutons-poussoirs, roue \u00e0 cames et commandes [&hellip;]<\/p>\n","protected":false},"featured_media":10559,"comment_status":"closed","ping_status":"closed","template":"","meta":[],"product_brand":[1257,1649,1632],"product_cat":[996,1118,1134,1140],"product_tag":[],"class_list":{"0":"post-8176","1":"product","2":"type-product","3":"status-publish","4":"has-post-thumbnail","6":"product_brand-mac","7":"product_brand-kleine-3-weg-ventielen","8":"product_brand-traditional","9":"product_cat-pneumatique","10":"product_cat-vannes-pneumatique","11":"product_cat-distributeurs-pneumatiques","12":"product_cat-vannes-3-voies-a-faible-debit","14":"first","15":"instock","16":"shipping-taxable","17":"product-type-simple"},"yoast_head":"<!-- This site is optimized with the Yoast SEO plugin v27.3 - https:\/\/yoast.com\/product\/yoast-seo-wordpress\/ -->\n<title>MAC 1100 S\u00e9rie commande manuelle ou pneumatique 3\/2 NF-NO, 1\/8&quot; - 1\/4&quot;, 180Nl\/min - LDA Belgique<\/title>\n<meta name=\"description\" content=\"La s\u00e9rie MAC 1100 est une vanne m\u00e9canique 3 voies polyvalente, Avec un coefficient Cv allant jusqu&#039;\u00e0 0,18 et des tailles de raccords de 1\/8&quot; \u00e0 1\/4&quot; NPTF,\" \/>\n<meta name=\"robots\" content=\"index, follow, max-snippet:-1, max-image-preview:large, max-video-preview:-1\" \/>\n<link rel=\"canonical\" href=\"https:\/\/lda.be\/fr\/produit\/1100-serie-vanne-a-commande-mecanique\/\" \/>\n<meta property=\"og:locale\" content=\"fr_FR\" \/>\n<meta property=\"og:type\" content=\"article\" \/>\n<meta property=\"og:title\" content=\"MAC 1100 S\u00e9rie commande manuelle ou pneumatique 3\/2 NF-NO, 1\/8&quot; - 1\/4&quot;, 180Nl\/min - LDA Belgique\" \/>\n<meta property=\"og:description\" content=\"La s\u00e9rie MAC 1100 est une vanne m\u00e9canique 3 voies polyvalente, Avec un coefficient Cv allant jusqu&#039;\u00e0 0,18 et des tailles de raccords de 1\/8&quot; \u00e0 1\/4&quot; NPTF,\" \/>\n<meta property=\"og:url\" content=\"https:\/\/lda.be\/fr\/produit\/1100-serie-vanne-a-commande-mecanique\/\" \/>\n<meta property=\"og:site_name\" content=\"LDA Belgique\" \/>\n<meta property=\"article:modified_time\" content=\"2025-08-31T13:21:07+00:00\" \/>\n<meta property=\"og:image\" content=\"https:\/\/lda.be\/wp-content\/uploads\/2025\/08\/S1100-Individual-\u25a01440.webp\" \/>\n\t<meta property=\"og:image:width\" content=\"1400\" \/>\n\t<meta property=\"og:image:height\" content=\"1400\" \/>\n\t<meta property=\"og:image:type\" content=\"image\/webp\" \/>\n<meta name=\"twitter:card\" content=\"summary_large_image\" \/>\n<meta name=\"twitter:label1\" content=\"Dur\u00e9e de lecture estim\u00e9e\" \/>\n\t<meta name=\"twitter:data1\" content=\"1 minute\" \/>\n<script type=\"application\/ld+json\" class=\"yoast-schema-graph\">{\"@context\":\"https:\\\/\\\/schema.org\",\"@graph\":[{\"@type\":\"WebPage\",\"@id\":\"https:\\\/\\\/lda.be\\\/fr\\\/produit\\\/1100-serie-vanne-a-commande-mecanique\\\/\",\"url\":\"https:\\\/\\\/lda.be\\\/fr\\\/produit\\\/1100-serie-vanne-a-commande-mecanique\\\/\",\"name\":\"MAC 1100 S\u00e9rie commande manuelle ou pneumatique 3\\\/2 NF-NO, 1\\\/8\\\" - 1\\\/4\\\", 180Nl\\\/min - LDA Belgique\",\"isPartOf\":{\"@id\":\"https:\\\/\\\/lda.be\\\/fr\\\/#website\"},\"primaryImageOfPage\":{\"@id\":\"https:\\\/\\\/lda.be\\\/fr\\\/produit\\\/1100-serie-vanne-a-commande-mecanique\\\/#primaryimage\"},\"image\":{\"@id\":\"https:\\\/\\\/lda.be\\\/fr\\\/produit\\\/1100-serie-vanne-a-commande-mecanique\\\/#primaryimage\"},\"thumbnailUrl\":\"https:\\\/\\\/lda.be\\\/wp-content\\\/uploads\\\/2025\\\/08\\\/S1100-Individual-\u25a01440.webp\",\"datePublished\":\"2025-05-27T14:09:09+00:00\",\"dateModified\":\"2025-08-31T13:21:07+00:00\",\"description\":\"La s\u00e9rie MAC 1100 est une vanne m\u00e9canique 3 voies polyvalente, Avec un coefficient Cv allant jusqu'\u00e0 0,18 et des tailles de raccords de 1\\\/8\\\" \u00e0 1\\\/4\\\" NPTF,\",\"breadcrumb\":{\"@id\":\"https:\\\/\\\/lda.be\\\/fr\\\/produit\\\/1100-serie-vanne-a-commande-mecanique\\\/#breadcrumb\"},\"inLanguage\":\"fr-FR\",\"potentialAction\":[{\"@type\":\"ReadAction\",\"target\":[\"https:\\\/\\\/lda.be\\\/fr\\\/produit\\\/1100-serie-vanne-a-commande-mecanique\\\/\"]}]},{\"@type\":\"ImageObject\",\"inLanguage\":\"fr-FR\",\"@id\":\"https:\\\/\\\/lda.be\\\/fr\\\/produit\\\/1100-serie-vanne-a-commande-mecanique\\\/#primaryimage\",\"url\":\"https:\\\/\\\/lda.be\\\/wp-content\\\/uploads\\\/2025\\\/08\\\/S1100-Individual-\u25a01440.webp\",\"contentUrl\":\"https:\\\/\\\/lda.be\\\/wp-content\\\/uploads\\\/2025\\\/08\\\/S1100-Individual-\u25a01440.webp\",\"width\":1400,\"height\":1400},{\"@type\":\"BreadcrumbList\",\"@id\":\"https:\\\/\\\/lda.be\\\/fr\\\/produit\\\/1100-serie-vanne-a-commande-mecanique\\\/#breadcrumb\",\"itemListElement\":[{\"@type\":\"ListItem\",\"position\":1,\"name\":\"Accueil\",\"item\":\"https:\\\/\\\/lda.be\\\/fr\\\/\"},{\"@type\":\"ListItem\",\"position\":2,\"name\":\"Produits\",\"item\":\"https:\\\/\\\/lda.be\\\/fr\\\/produits\\\/\"},{\"@type\":\"ListItem\",\"position\":3,\"name\":\"MAC 1100 S\u00e9rie commande manuelle ou pneumatique 3\\\/2 NF-NO, 1\\\/8&#8243; &#8211; 1\\\/4&#8243;, 180Nl\\\/min\"}]},{\"@type\":\"WebSite\",\"@id\":\"https:\\\/\\\/lda.be\\\/fr\\\/#website\",\"url\":\"https:\\\/\\\/lda.be\\\/fr\\\/\",\"name\":\"LDA Belgium\",\"description\":\"Solutions For Life\",\"publisher\":{\"@id\":\"https:\\\/\\\/lda.be\\\/fr\\\/#organization\"},\"potentialAction\":[{\"@type\":\"SearchAction\",\"target\":{\"@type\":\"EntryPoint\",\"urlTemplate\":\"https:\\\/\\\/lda.be\\\/fr\\\/?s={search_term_string}\"},\"query-input\":{\"@type\":\"PropertyValueSpecification\",\"valueRequired\":true,\"valueName\":\"search_term_string\"}}],\"inLanguage\":\"fr-FR\"},{\"@type\":\"Organization\",\"@id\":\"https:\\\/\\\/lda.be\\\/fr\\\/#organization\",\"name\":\"LDA Belgium\",\"url\":\"https:\\\/\\\/lda.be\\\/fr\\\/\",\"logo\":{\"@type\":\"ImageObject\",\"inLanguage\":\"fr-FR\",\"@id\":\"https:\\\/\\\/lda.be\\\/fr\\\/#\\\/schema\\\/logo\\\/image\\\/\",\"url\":\"https:\\\/\\\/lda.be\\\/wp-content\\\/uploads\\\/2022\\\/07\\\/Logo-LDA.webp\",\"contentUrl\":\"https:\\\/\\\/lda.be\\\/wp-content\\\/uploads\\\/2022\\\/07\\\/Logo-LDA.webp\",\"width\":311,\"height\":101,\"caption\":\"LDA Belgium\"},\"image\":{\"@id\":\"https:\\\/\\\/lda.be\\\/fr\\\/#\\\/schema\\\/logo\\\/image\\\/\"},\"sameAs\":[\"https:\\\/\\\/www.linkedin.com\\\/company\\\/lda-belgium-nv\"]}]}<\/script>\n<!-- \/ Yoast SEO plugin. -->","yoast_head_json":{"title":"MAC 1100 S\u00e9rie commande manuelle ou pneumatique 3\/2 NF-NO, 1\/8\" - 1\/4\", 180Nl\/min - LDA Belgique","description":"La s\u00e9rie MAC 1100 est une vanne m\u00e9canique 3 voies polyvalente, Avec un coefficient Cv allant jusqu'\u00e0 0,18 et des tailles de raccords de 1\/8\" \u00e0 1\/4\" NPTF,","robots":{"index":"index","follow":"follow","max-snippet":"max-snippet:-1","max-image-preview":"max-image-preview:large","max-video-preview":"max-video-preview:-1"},"canonical":"https:\/\/lda.be\/fr\/produit\/1100-serie-vanne-a-commande-mecanique\/","og_locale":"fr_FR","og_type":"article","og_title":"MAC 1100 S\u00e9rie commande manuelle ou pneumatique 3\/2 NF-NO, 1\/8\" - 1\/4\", 180Nl\/min - LDA Belgique","og_description":"La s\u00e9rie MAC 1100 est une vanne m\u00e9canique 3 voies polyvalente, Avec un coefficient Cv allant jusqu'\u00e0 0,18 et des tailles de raccords de 1\/8\" \u00e0 1\/4\" NPTF,","og_url":"https:\/\/lda.be\/fr\/produit\/1100-serie-vanne-a-commande-mecanique\/","og_site_name":"LDA Belgique","article_modified_time":"2025-08-31T13:21:07+00:00","og_image":[{"width":1400,"height":1400,"url":"https:\/\/lda.be\/wp-content\/uploads\/2025\/08\/S1100-Individual-\u25a01440.webp","type":"image\/webp"}],"twitter_card":"summary_large_image","twitter_misc":{"Dur\u00e9e de lecture estim\u00e9e":"1 minute"},"schema":{"@context":"https:\/\/schema.org","@graph":[{"@type":"WebPage","@id":"https:\/\/lda.be\/fr\/produit\/1100-serie-vanne-a-commande-mecanique\/","url":"https:\/\/lda.be\/fr\/produit\/1100-serie-vanne-a-commande-mecanique\/","name":"MAC 1100 S\u00e9rie commande manuelle ou pneumatique 3\/2 NF-NO, 1\/8\" - 1\/4\", 180Nl\/min - LDA Belgique","isPartOf":{"@id":"https:\/\/lda.be\/fr\/#website"},"primaryImageOfPage":{"@id":"https:\/\/lda.be\/fr\/produit\/1100-serie-vanne-a-commande-mecanique\/#primaryimage"},"image":{"@id":"https:\/\/lda.be\/fr\/produit\/1100-serie-vanne-a-commande-mecanique\/#primaryimage"},"thumbnailUrl":"https:\/\/lda.be\/wp-content\/uploads\/2025\/08\/S1100-Individual-\u25a01440.webp","datePublished":"2025-05-27T14:09:09+00:00","dateModified":"2025-08-31T13:21:07+00:00","description":"La s\u00e9rie MAC 1100 est une vanne m\u00e9canique 3 voies polyvalente, Avec un coefficient Cv allant jusqu'\u00e0 0,18 et des tailles de raccords de 1\/8\" \u00e0 1\/4\" NPTF,","breadcrumb":{"@id":"https:\/\/lda.be\/fr\/produit\/1100-serie-vanne-a-commande-mecanique\/#breadcrumb"},"inLanguage":"fr-FR","potentialAction":[{"@type":"ReadAction","target":["https:\/\/lda.be\/fr\/produit\/1100-serie-vanne-a-commande-mecanique\/"]}]},{"@type":"ImageObject","inLanguage":"fr-FR","@id":"https:\/\/lda.be\/fr\/produit\/1100-serie-vanne-a-commande-mecanique\/#primaryimage","url":"https:\/\/lda.be\/wp-content\/uploads\/2025\/08\/S1100-Individual-\u25a01440.webp","contentUrl":"https:\/\/lda.be\/wp-content\/uploads\/2025\/08\/S1100-Individual-\u25a01440.webp","width":1400,"height":1400},{"@type":"BreadcrumbList","@id":"https:\/\/lda.be\/fr\/produit\/1100-serie-vanne-a-commande-mecanique\/#breadcrumb","itemListElement":[{"@type":"ListItem","position":1,"name":"Accueil","item":"https:\/\/lda.be\/fr\/"},{"@type":"ListItem","position":2,"name":"Produits","item":"https:\/\/lda.be\/fr\/produits\/"},{"@type":"ListItem","position":3,"name":"MAC 1100 S\u00e9rie commande manuelle ou pneumatique 3\/2 NF-NO, 1\/8&#8243; &#8211; 1\/4&#8243;, 180Nl\/min"}]},{"@type":"WebSite","@id":"https:\/\/lda.be\/fr\/#website","url":"https:\/\/lda.be\/fr\/","name":"LDA Belgium","description":"Solutions For Life","publisher":{"@id":"https:\/\/lda.be\/fr\/#organization"},"potentialAction":[{"@type":"SearchAction","target":{"@type":"EntryPoint","urlTemplate":"https:\/\/lda.be\/fr\/?s={search_term_string}"},"query-input":{"@type":"PropertyValueSpecification","valueRequired":true,"valueName":"search_term_string"}}],"inLanguage":"fr-FR"},{"@type":"Organization","@id":"https:\/\/lda.be\/fr\/#organization","name":"LDA Belgium","url":"https:\/\/lda.be\/fr\/","logo":{"@type":"ImageObject","inLanguage":"fr-FR","@id":"https:\/\/lda.be\/fr\/#\/schema\/logo\/image\/","url":"https:\/\/lda.be\/wp-content\/uploads\/2022\/07\/Logo-LDA.webp","contentUrl":"https:\/\/lda.be\/wp-content\/uploads\/2022\/07\/Logo-LDA.webp","width":311,"height":101,"caption":"LDA Belgium"},"image":{"@id":"https:\/\/lda.be\/fr\/#\/schema\/logo\/image\/"},"sameAs":["https:\/\/www.linkedin.com\/company\/lda-belgium-nv"]}]}},"_links":{"self":[{"href":"https:\/\/lda.be\/fr\/wp-json\/wp\/v2\/product\/8176","targetHints":{"allow":["GET"]}}],"collection":[{"href":"https:\/\/lda.be\/fr\/wp-json\/wp\/v2\/product"}],"about":[{"href":"https:\/\/lda.be\/fr\/wp-json\/wp\/v2\/types\/product"}],"replies":[{"embeddable":true,"href":"https:\/\/lda.be\/fr\/wp-json\/wp\/v2\/comments?post=8176"}],"wp:featuredmedia":[{"embeddable":true,"href":"https:\/\/lda.be\/fr\/wp-json\/wp\/v2\/media\/10559"}],"wp:attachment":[{"href":"https:\/\/lda.be\/fr\/wp-json\/wp\/v2\/media?parent=8176"}],"wp:term":[{"taxonomy":"product_brand","embeddable":true,"href":"https:\/\/lda.be\/fr\/wp-json\/wp\/v2\/product_brand?post=8176"},{"taxonomy":"product_cat","embeddable":true,"href":"https:\/\/lda.be\/fr\/wp-json\/wp\/v2\/product_cat?post=8176"},{"taxonomy":"product_tag","embeddable":true,"href":"https:\/\/lda.be\/fr\/wp-json\/wp\/v2\/product_tag?post=8176"}],"curies":[{"name":"wp","href":"https:\/\/api.w.org\/{rel}","templated":true}]}}